{"id":4930,"date":"2022-10-28T07:30:30","date_gmt":"2022-10-28T07:30:30","guid":{"rendered":"https:\/\/christinakosmeetika.ee\/product\/glow-oxygen-peel-hapnikukoorija-60-ml-chr902\/"},"modified":"2026-04-10T10:36:25","modified_gmt":"2026-04-10T07:36:25","slug":"glow-oxygen-peel-hapnikukoorija-60-ml-chr902","status":"publish","type":"product","link":"https:\/\/christinakosmeetika.ee\/et\/toode\/glow-oxygen-peel-hapnikukoorija-60-ml-chr902\/","title":{"rendered":"Line Repair Glow Oxygen Peel 60ml CHR902"},"content":{"rendered":"<p>\u00d5rn kooriv geel, mis sisaldab ananassi ja mooruspuu ens\u00fc\u00fcme. Koos planktoni vetikatega v\u00e4rskendab v\u00e4sinud nahka. Varustab rakud hapniku ja energiaga, aitab taastada rakuhingamist ja mikrotsirkulatsiooni. Eemaldab pinnalt surnud rakud, vabastades noored ja terved rakud. Soodustab oluliste toitainete imendumist, taastab naha eluj\u00f5u ja s\u00e4ra.<\/p>\n<p><strong>Kasutamine:<\/strong><\/p>\n<p>Kandke \u00fchtlaselt puhtale ja kuivale nahale kord n\u00e4dalas. J\u00e4tke 3-5 minutiks. Loputage hoolikalt veega.<\/p>\n<p><strong>Koostis:<\/strong><\/p>\n<p>Deionized Water (Aqua), Sd Alcohol, Glycerin, Pvp, Polysorbate 20, Hamamelis Virginiana (Witch Hazel) Extract, Phenoxyethanol, Simmondsia Chinensis (Jojoba) Seed Oil, Butylene Glycol,Salicylic Acid, Ethylhexylglycerin, Sodium Hydroxide, Menthol, Benzoic Acid, Morus Nigra Leaf Extract, Ananas Sativus (Pineapple) Fruit Extract, Camellia Sinensis Leaf Extract, Benzyl Alcohol, Plankton Extract, Arginine Ferulate, Dehydroacetic Acid, Sodium Chloride, Fd&amp;C Yellow No. 5 (Ci 19140).<\/p>\n","protected":false},"excerpt":{"rendered":"<h4>Hapnikukoorija<\/h4>\n","protected":false},"featured_media":5722,"template":"","meta":[],"product_brand":[],"product_cat":[181],"product_tag":[],"class_list":{"0":"post-4930","1":"product","2":"type-product","3":"status-publish","4":"has-post-thumbnail","6":"product_cat-koorimine","7":"product_shipping_class-smart-itella-post","8":"pa_linii-kosmetiki-line-repair-et","9":"pa_reshenie-problem-dehudratsioon","10":"pa_reshenie-problem-ebauhtlane-nahatekstuur","11":"pa_tip-kozi-koik-nahatuubid-et","12":"pa_tip-kozi-kombi-et","13":"pa_tip-kozi-kuiv-et","14":"pa_tip-kozi-normaalne-et","15":"pa_tip-kozi-rasvane-et","16":"pa_tip-preparata-koorimine","17":"pa_vremja-primenenija-oine","18":"pa_vremja-primenenija-paevane","20":"first","21":"instock","22":"taxable","23":"shipping-taxable","24":"purchasable","25":"product-type-simple"},"yoast_head":"<!-- This site is optimized with the Yoast SEO plugin v27.5 - https:\/\/yoast.com\/product\/yoast-seo-wordpress\/ -->\n<title>Line Repair Glow Oxygen Peel 60ml CHR902 - Christinakosmeetika<\/title>\n<meta name=\"description\" content=\"V\u00e4rskendab v\u00e4sinud nahka, toetab hapnikuvarustust, parandab mikrotsirkulatsiooni ja eemaldab surnud naharakud.\" \/>\n<meta name=\"robots\" content=\"index, follow, max-snippet:-1, max-image-preview:large, max-video-preview:-1\" \/>\n<link rel=\"canonical\" href=\"https:\/\/christinakosmeetika.ee\/et\/toode\/glow-oxygen-peel-hapnikukoorija-60-ml-chr902\/\" \/>\n<meta property=\"og:locale\" content=\"et_EE\" \/>\n<meta property=\"og:type\" content=\"article\" \/>\n<meta property=\"og:title\" content=\"Line Repair Glow Oxygen Peel 60ml CHR902 - Christinakosmeetika\" \/>\n<meta property=\"og:description\" content=\"V\u00e4rskendab v\u00e4sinud nahka, toetab hapnikuvarustust, parandab mikrotsirkulatsiooni ja eemaldab surnud naharakud.\" \/>\n<meta property=\"og:url\" content=\"https:\/\/christinakosmeetika.ee\/et\/toode\/glow-oxygen-peel-hapnikukoorija-60-ml-chr902\/\" \/>\n<meta property=\"og:site_name\" content=\"Christinakosmeetika\" \/>\n<meta property=\"article:modified_time\" content=\"2026-04-10T07:36:25+00:00\" \/>\n<meta property=\"og:image\" content=\"https:\/\/christinakosmeetika.ee\/wp-content\/uploads\/2022\/10\/Glow-Oxygen-Peel500.png\" \/>\n\t<meta property=\"og:image:width\" content=\"500\" \/>\n\t<meta property=\"og:image:height\" content=\"500\" \/>\n\t<meta property=\"og:image:type\" content=\"image\/png\" \/>\n<meta name=\"twitter:card\" content=\"summary_large_image\" \/>\n<meta name=\"twitter:label1\" content=\"Est. reading time\" \/>\n\t<meta name=\"twitter:data1\" content=\"1 minut\" \/>\n<script type=\"application\/ld+json\" class=\"yoast-schema-graph\">{\"@context\":\"https:\\\/\\\/schema.org\",\"@graph\":[{\"@type\":\"WebPage\",\"@id\":\"https:\\\/\\\/christinakosmeetika.ee\\\/et\\\/toode\\\/glow-oxygen-peel-hapnikukoorija-60-ml-chr902\\\/\",\"url\":\"https:\\\/\\\/christinakosmeetika.ee\\\/et\\\/toode\\\/glow-oxygen-peel-hapnikukoorija-60-ml-chr902\\\/\",\"name\":\"Line Repair Glow Oxygen Peel 60ml CHR902 - Christinakosmeetika\",\"isPartOf\":{\"@id\":\"https:\\\/\\\/christinakosmeetika.ee\\\/#website\"},\"primaryImageOfPage\":{\"@id\":\"https:\\\/\\\/christinakosmeetika.ee\\\/et\\\/toode\\\/glow-oxygen-peel-hapnikukoorija-60-ml-chr902\\\/#primaryimage\"},\"image\":{\"@id\":\"https:\\\/\\\/christinakosmeetika.ee\\\/et\\\/toode\\\/glow-oxygen-peel-hapnikukoorija-60-ml-chr902\\\/#primaryimage\"},\"thumbnailUrl\":\"https:\\\/\\\/christinakosmeetika.ee\\\/wp-content\\\/uploads\\\/2022\\\/10\\\/Glow-Oxygen-Peel500.png\",\"datePublished\":\"2022-10-28T07:30:30+00:00\",\"dateModified\":\"2026-04-10T07:36:25+00:00\",\"description\":\"V\u00e4rskendab v\u00e4sinud nahka, toetab hapnikuvarustust, parandab mikrotsirkulatsiooni ja eemaldab surnud naharakud.\",\"breadcrumb\":{\"@id\":\"https:\\\/\\\/christinakosmeetika.ee\\\/et\\\/toode\\\/glow-oxygen-peel-hapnikukoorija-60-ml-chr902\\\/#breadcrumb\"},\"inLanguage\":\"et\",\"potentialAction\":[{\"@type\":\"ReadAction\",\"target\":[\"https:\\\/\\\/christinakosmeetika.ee\\\/et\\\/toode\\\/glow-oxygen-peel-hapnikukoorija-60-ml-chr902\\\/\"]}]},{\"@type\":\"ImageObject\",\"inLanguage\":\"et\",\"@id\":\"https:\\\/\\\/christinakosmeetika.ee\\\/et\\\/toode\\\/glow-oxygen-peel-hapnikukoorija-60-ml-chr902\\\/#primaryimage\",\"url\":\"https:\\\/\\\/christinakosmeetika.ee\\\/wp-content\\\/uploads\\\/2022\\\/10\\\/Glow-Oxygen-Peel500.png\",\"contentUrl\":\"https:\\\/\\\/christinakosmeetika.ee\\\/wp-content\\\/uploads\\\/2022\\\/10\\\/Glow-Oxygen-Peel500.png\",\"width\":500,\"height\":500},{\"@type\":\"BreadcrumbList\",\"@id\":\"https:\\\/\\\/christinakosmeetika.ee\\\/et\\\/toode\\\/glow-oxygen-peel-hapnikukoorija-60-ml-chr902\\\/#breadcrumb\",\"itemListElement\":[{\"@type\":\"ListItem\",\"position\":1,\"name\":\"\u0413\u043b\u0430\u0432\u043d\u0430\u044f \u0441\u0442\u0440\u0430\u043d\u0438\u0446\u0430\",\"item\":\"https:\\\/\\\/christinakosmeetika.ee\\\/et\\\/\"},{\"@type\":\"ListItem\",\"position\":2,\"name\":\"Pood\",\"item\":\"https:\\\/\\\/christinakosmeetika.ee\\\/et\\\/shop\\\/\"},{\"@type\":\"ListItem\",\"position\":3,\"name\":\"Line Repair Glow Oxygen Peel 60ml CHR902\"}]},{\"@type\":\"WebSite\",\"@id\":\"https:\\\/\\\/christinakosmeetika.ee\\\/#website\",\"url\":\"https:\\\/\\\/christinakosmeetika.ee\\\/\",\"name\":\"Christinakosmeetika\",\"description\":\"Christina kosmeetika Eestis\",\"alternateName\":\"Christina kosmeetika Eestis\",\"potentialAction\":[{\"@type\":\"SearchAction\",\"target\":{\"@type\":\"EntryPoint\",\"urlTemplate\":\"https:\\\/\\\/christinakosmeetika.ee\\\/?s={search_term_string}\"},\"query-input\":{\"@type\":\"PropertyValueSpecification\",\"valueRequired\":true,\"valueName\":\"search_term_string\"}}],\"inLanguage\":\"et\"}]}<\/script>\n<!-- \/ Yoast SEO plugin. -->","yoast_head_json":{"title":"Line Repair Glow Oxygen Peel 60ml CHR902 - Christinakosmeetika","description":"V\u00e4rskendab v\u00e4sinud nahka, toetab hapnikuvarustust, parandab mikrotsirkulatsiooni ja eemaldab surnud naharakud.","robots":{"index":"index","follow":"follow","max-snippet":"max-snippet:-1","max-image-preview":"max-image-preview:large","max-video-preview":"max-video-preview:-1"},"canonical":"https:\/\/christinakosmeetika.ee\/et\/toode\/glow-oxygen-peel-hapnikukoorija-60-ml-chr902\/","og_locale":"et_EE","og_type":"article","og_title":"Line Repair Glow Oxygen Peel 60ml CHR902 - Christinakosmeetika","og_description":"V\u00e4rskendab v\u00e4sinud nahka, toetab hapnikuvarustust, parandab mikrotsirkulatsiooni ja eemaldab surnud naharakud.","og_url":"https:\/\/christinakosmeetika.ee\/et\/toode\/glow-oxygen-peel-hapnikukoorija-60-ml-chr902\/","og_site_name":"Christinakosmeetika","article_modified_time":"2026-04-10T07:36:25+00:00","og_image":[{"width":500,"height":500,"url":"https:\/\/christinakosmeetika.ee\/wp-content\/uploads\/2022\/10\/Glow-Oxygen-Peel500.png","type":"image\/png"}],"twitter_card":"summary_large_image","twitter_misc":{"Est. reading time":"1 minut"},"schema":{"@context":"https:\/\/schema.org","@graph":[{"@type":"WebPage","@id":"https:\/\/christinakosmeetika.ee\/et\/toode\/glow-oxygen-peel-hapnikukoorija-60-ml-chr902\/","url":"https:\/\/christinakosmeetika.ee\/et\/toode\/glow-oxygen-peel-hapnikukoorija-60-ml-chr902\/","name":"Line Repair Glow Oxygen Peel 60ml CHR902 - Christinakosmeetika","isPartOf":{"@id":"https:\/\/christinakosmeetika.ee\/#website"},"primaryImageOfPage":{"@id":"https:\/\/christinakosmeetika.ee\/et\/toode\/glow-oxygen-peel-hapnikukoorija-60-ml-chr902\/#primaryimage"},"image":{"@id":"https:\/\/christinakosmeetika.ee\/et\/toode\/glow-oxygen-peel-hapnikukoorija-60-ml-chr902\/#primaryimage"},"thumbnailUrl":"https:\/\/christinakosmeetika.ee\/wp-content\/uploads\/2022\/10\/Glow-Oxygen-Peel500.png","datePublished":"2022-10-28T07:30:30+00:00","dateModified":"2026-04-10T07:36:25+00:00","description":"V\u00e4rskendab v\u00e4sinud nahka, toetab hapnikuvarustust, parandab mikrotsirkulatsiooni ja eemaldab surnud naharakud.","breadcrumb":{"@id":"https:\/\/christinakosmeetika.ee\/et\/toode\/glow-oxygen-peel-hapnikukoorija-60-ml-chr902\/#breadcrumb"},"inLanguage":"et","potentialAction":[{"@type":"ReadAction","target":["https:\/\/christinakosmeetika.ee\/et\/toode\/glow-oxygen-peel-hapnikukoorija-60-ml-chr902\/"]}]},{"@type":"ImageObject","inLanguage":"et","@id":"https:\/\/christinakosmeetika.ee\/et\/toode\/glow-oxygen-peel-hapnikukoorija-60-ml-chr902\/#primaryimage","url":"https:\/\/christinakosmeetika.ee\/wp-content\/uploads\/2022\/10\/Glow-Oxygen-Peel500.png","contentUrl":"https:\/\/christinakosmeetika.ee\/wp-content\/uploads\/2022\/10\/Glow-Oxygen-Peel500.png","width":500,"height":500},{"@type":"BreadcrumbList","@id":"https:\/\/christinakosmeetika.ee\/et\/toode\/glow-oxygen-peel-hapnikukoorija-60-ml-chr902\/#breadcrumb","itemListElement":[{"@type":"ListItem","position":1,"name":"\u0413\u043b\u0430\u0432\u043d\u0430\u044f \u0441\u0442\u0440\u0430\u043d\u0438\u0446\u0430","item":"https:\/\/christinakosmeetika.ee\/et\/"},{"@type":"ListItem","position":2,"name":"Pood","item":"https:\/\/christinakosmeetika.ee\/et\/shop\/"},{"@type":"ListItem","position":3,"name":"Line Repair Glow Oxygen Peel 60ml CHR902"}]},{"@type":"WebSite","@id":"https:\/\/christinakosmeetika.ee\/#website","url":"https:\/\/christinakosmeetika.ee\/","name":"Christinakosmeetika","description":"Christina kosmeetika Eestis","alternateName":"Christina kosmeetika Eestis","potentialAction":[{"@type":"SearchAction","target":{"@type":"EntryPoint","urlTemplate":"https:\/\/christinakosmeetika.ee\/?s={search_term_string}"},"query-input":{"@type":"PropertyValueSpecification","valueRequired":true,"valueName":"search_term_string"}}],"inLanguage":"et"}]}},"_links":{"self":[{"href":"https:\/\/christinakosmeetika.ee\/et\/wp-json\/wp\/v2\/product\/4930","targetHints":{"allow":["GET"]}}],"collection":[{"href":"https:\/\/christinakosmeetika.ee\/et\/wp-json\/wp\/v2\/product"}],"about":[{"href":"https:\/\/christinakosmeetika.ee\/et\/wp-json\/wp\/v2\/types\/product"}],"wp:featuredmedia":[{"embeddable":true,"href":"https:\/\/christinakosmeetika.ee\/et\/wp-json\/wp\/v2\/media\/5722"}],"wp:attachment":[{"href":"https:\/\/christinakosmeetika.ee\/et\/wp-json\/wp\/v2\/media?parent=4930"}],"wp:term":[{"taxonomy":"product_brand","embeddable":true,"href":"https:\/\/christinakosmeetika.ee\/et\/wp-json\/wp\/v2\/product_brand?post=4930"},{"taxonomy":"product_cat","embeddable":true,"href":"https:\/\/christinakosmeetika.ee\/et\/wp-json\/wp\/v2\/product_cat?post=4930"},{"taxonomy":"product_tag","embeddable":true,"href":"https:\/\/christinakosmeetika.ee\/et\/wp-json\/wp\/v2\/product_tag?post=4930"}],"curies":[{"name":"wp","href":"https:\/\/api.w.org\/{rel}","templated":true}]}}