{"id":4929,"date":"2022-10-28T11:32:04","date_gmt":"2022-10-28T11:32:04","guid":{"rendered":"https:\/\/christinakosmeetika.ee\/product\/line-repair-glow-hydra-fusion-concentrate-niisutav-seerum-kontsentraat-30-ml-chr903\/"},"modified":"2026-04-10T10:34:07","modified_gmt":"2026-04-10T07:34:07","slug":"line-repair-glow-hydra-fusion-concentrate","status":"publish","type":"product","link":"https:\/\/christinakosmeetika.ee\/et\/toode\/line-repair-glow-hydra-fusion-concentrate\/","title":{"rendered":"Line Repair Glow Hydra Fusion Concentrate 30ml CHR903"},"content":{"rendered":"<p><span style=\"font-weight: 400;\">Innovatiivne siidine seerum sisaldab erinevaid vitamiine ja niisutavaid koostisosi. <\/span><span style=\"font-weight: 400;\">Stimuleerib rakkude ainevahetust, kiirendades rakkude proliferatsiooni. V\u00e4hendab p\u00f5letikku ja aeglustab vananemisprotsessi.Elustab nahka, annab s\u00e4ra, nooruse ja mugavuse.<\/span><\/p>\n<p><strong>Kasutamine: <\/strong><\/p>\n<p><span style=\"font-weight: 400;\">Kandke n\u00e4ole, kaelale ja dekolteepiirkonnale ning masseerige \u00f5rnalt kuni t\u00e4ieliku imendumiseni.<\/span><\/p>\n<p><strong>Koostis:<\/strong><\/p>\n<p>Deionized Water (Aqua), Caprylic\/Capric Triglyceride, Propanediol, Isodecyl Neopentanoate, Glycerin, Sodium Acrylate Copolymer, Panthenol, Phenoxyethanol, Niacinamide, Lecithin,Polyacrylate-13, Caprylyl Glycol, Butylene Glycol, Erythritol, Tocopheryl Acetate, Perfume, Polyisobutene, Aloe Barbadensis Leaf Extract, Ethylhexylglycerin, Evodia Rutaecarpa Fruit Extract , Sodium Phytate, Sodium Hyaluronate, Sorbitan Trioleate, Morus Nigra Leaf Extract, Polysorbate 20, Hibiscus Sabdariffa Fruit Extract, Sorbitan Isostearate, 1,2-Hexanediol, Apium Graveolens (Celery) Root\/Seed Extract, Linum Usitatissimum(Linseed) Seed Extract, Hexyl Cinnamal, Benzyl Salicylate, Linalool, Hydroxycitronellal, Benzyl Alcohol, Limonene.<\/p>\n","protected":false},"excerpt":{"rendered":"<h4>Niisutav seerum- kontsentraat<\/h4>\n","protected":false},"featured_media":5715,"template":"","meta":[],"product_brand":[],"product_cat":[182],"product_tag":[],"class_list":{"0":"post-4929","1":"product","2":"type-product","3":"status-publish","4":"has-post-thumbnail","6":"product_cat-seerum","7":"product_shipping_class-smart-itella-post","8":"pa_linii-kosmetiki-line-repair-et","9":"pa_reshenie-problem-dehudratsioon","10":"pa_reshenie-problem-ebauhtlane-nahatekstuur","11":"pa_tip-kozi-koik-nahatuubid-et","12":"pa_tip-kozi-kombi-et","13":"pa_tip-kozi-kuiv-et","14":"pa_tip-kozi-normaalne-et","15":"pa_tip-kozi-rasvane-et","16":"pa_tip-preparata-vedelik","18":"first","19":"instock","20":"taxable","21":"shipping-taxable","22":"purchasable","23":"product-type-simple"},"yoast_head":"<!-- This site is optimized with the Yoast SEO plugin v27.5 - https:\/\/yoast.com\/product\/yoast-seo-wordpress\/ -->\n<title>Line Repair Glow Hydra Fusion Concentrate 30ml CHR903 - Christinakosmeetika<\/title>\n<meta name=\"description\" content=\"Siidise tekstuuriga seerum stimuleerib rakkude ainevahetust, leevendab p\u00f5letikku, helendab ja elavdab nahka ning annab sellele s\u00e4ra, nooruslikkuse ja mugavustunde.\" \/>\n<meta name=\"robots\" content=\"index, follow, max-snippet:-1, max-image-preview:large, max-video-preview:-1\" \/>\n<link rel=\"canonical\" href=\"https:\/\/christinakosmeetika.ee\/et\/toode\/line-repair-glow-hydra-fusion-concentrate\/\" \/>\n<meta property=\"og:locale\" content=\"et_EE\" \/>\n<meta property=\"og:type\" content=\"article\" \/>\n<meta property=\"og:title\" content=\"Line Repair Glow Hydra Fusion Concentrate 30ml CHR903 - Christinakosmeetika\" \/>\n<meta property=\"og:description\" content=\"Siidise tekstuuriga seerum stimuleerib rakkude ainevahetust, leevendab p\u00f5letikku, helendab ja elavdab nahka ning annab sellele s\u00e4ra, nooruslikkuse ja mugavustunde.\" \/>\n<meta property=\"og:url\" content=\"https:\/\/christinakosmeetika.ee\/et\/toode\/line-repair-glow-hydra-fusion-concentrate\/\" \/>\n<meta property=\"og:site_name\" content=\"Christinakosmeetika\" \/>\n<meta property=\"article:modified_time\" content=\"2026-04-10T07:34:07+00:00\" \/>\n<meta property=\"og:image\" content=\"https:\/\/christinakosmeetika.ee\/wp-content\/uploads\/2022\/10\/Glow-Hydra-Fusion-Concentrate500.png\" \/>\n\t<meta property=\"og:image:width\" content=\"500\" \/>\n\t<meta property=\"og:image:height\" content=\"500\" \/>\n\t<meta property=\"og:image:type\" content=\"image\/png\" \/>\n<meta name=\"twitter:card\" content=\"summary_large_image\" \/>\n<meta name=\"twitter:label1\" content=\"Est. reading time\" \/>\n\t<meta name=\"twitter:data1\" content=\"1 minut\" \/>\n<script type=\"application\/ld+json\" class=\"yoast-schema-graph\">{\"@context\":\"https:\\\/\\\/schema.org\",\"@graph\":[{\"@type\":\"WebPage\",\"@id\":\"https:\\\/\\\/christinakosmeetika.ee\\\/et\\\/toode\\\/line-repair-glow-hydra-fusion-concentrate\\\/\",\"url\":\"https:\\\/\\\/christinakosmeetika.ee\\\/et\\\/toode\\\/line-repair-glow-hydra-fusion-concentrate\\\/\",\"name\":\"Line Repair Glow Hydra Fusion Concentrate 30ml CHR903 - Christinakosmeetika\",\"isPartOf\":{\"@id\":\"https:\\\/\\\/christinakosmeetika.ee\\\/#website\"},\"primaryImageOfPage\":{\"@id\":\"https:\\\/\\\/christinakosmeetika.ee\\\/et\\\/toode\\\/line-repair-glow-hydra-fusion-concentrate\\\/#primaryimage\"},\"image\":{\"@id\":\"https:\\\/\\\/christinakosmeetika.ee\\\/et\\\/toode\\\/line-repair-glow-hydra-fusion-concentrate\\\/#primaryimage\"},\"thumbnailUrl\":\"https:\\\/\\\/christinakosmeetika.ee\\\/wp-content\\\/uploads\\\/2022\\\/10\\\/Glow-Hydra-Fusion-Concentrate500.png\",\"datePublished\":\"2022-10-28T11:32:04+00:00\",\"dateModified\":\"2026-04-10T07:34:07+00:00\",\"description\":\"Siidise tekstuuriga seerum stimuleerib rakkude ainevahetust, leevendab p\u00f5letikku, helendab ja elavdab nahka ning annab sellele s\u00e4ra, nooruslikkuse ja mugavustunde.\",\"breadcrumb\":{\"@id\":\"https:\\\/\\\/christinakosmeetika.ee\\\/et\\\/toode\\\/line-repair-glow-hydra-fusion-concentrate\\\/#breadcrumb\"},\"inLanguage\":\"et\",\"potentialAction\":[{\"@type\":\"ReadAction\",\"target\":[\"https:\\\/\\\/christinakosmeetika.ee\\\/et\\\/toode\\\/line-repair-glow-hydra-fusion-concentrate\\\/\"]}]},{\"@type\":\"ImageObject\",\"inLanguage\":\"et\",\"@id\":\"https:\\\/\\\/christinakosmeetika.ee\\\/et\\\/toode\\\/line-repair-glow-hydra-fusion-concentrate\\\/#primaryimage\",\"url\":\"https:\\\/\\\/christinakosmeetika.ee\\\/wp-content\\\/uploads\\\/2022\\\/10\\\/Glow-Hydra-Fusion-Concentrate500.png\",\"contentUrl\":\"https:\\\/\\\/christinakosmeetika.ee\\\/wp-content\\\/uploads\\\/2022\\\/10\\\/Glow-Hydra-Fusion-Concentrate500.png\",\"width\":500,\"height\":500},{\"@type\":\"BreadcrumbList\",\"@id\":\"https:\\\/\\\/christinakosmeetika.ee\\\/et\\\/toode\\\/line-repair-glow-hydra-fusion-concentrate\\\/#breadcrumb\",\"itemListElement\":[{\"@type\":\"ListItem\",\"position\":1,\"name\":\"\u0413\u043b\u0430\u0432\u043d\u0430\u044f \u0441\u0442\u0440\u0430\u043d\u0438\u0446\u0430\",\"item\":\"https:\\\/\\\/christinakosmeetika.ee\\\/et\\\/\"},{\"@type\":\"ListItem\",\"position\":2,\"name\":\"Pood\",\"item\":\"https:\\\/\\\/christinakosmeetika.ee\\\/et\\\/shop\\\/\"},{\"@type\":\"ListItem\",\"position\":3,\"name\":\"Line Repair Glow Hydra Fusion Concentrate 30ml CHR903\"}]},{\"@type\":\"WebSite\",\"@id\":\"https:\\\/\\\/christinakosmeetika.ee\\\/#website\",\"url\":\"https:\\\/\\\/christinakosmeetika.ee\\\/\",\"name\":\"Christinakosmeetika\",\"description\":\"Christina kosmeetika Eestis\",\"alternateName\":\"Christina kosmeetika Eestis\",\"potentialAction\":[{\"@type\":\"SearchAction\",\"target\":{\"@type\":\"EntryPoint\",\"urlTemplate\":\"https:\\\/\\\/christinakosmeetika.ee\\\/?s={search_term_string}\"},\"query-input\":{\"@type\":\"PropertyValueSpecification\",\"valueRequired\":true,\"valueName\":\"search_term_string\"}}],\"inLanguage\":\"et\"}]}<\/script>\n<!-- \/ Yoast SEO plugin. -->","yoast_head_json":{"title":"Line Repair Glow Hydra Fusion Concentrate 30ml CHR903 - Christinakosmeetika","description":"Siidise tekstuuriga seerum stimuleerib rakkude ainevahetust, leevendab p\u00f5letikku, helendab ja elavdab nahka ning annab sellele s\u00e4ra, nooruslikkuse ja mugavustunde.","robots":{"index":"index","follow":"follow","max-snippet":"max-snippet:-1","max-image-preview":"max-image-preview:large","max-video-preview":"max-video-preview:-1"},"canonical":"https:\/\/christinakosmeetika.ee\/et\/toode\/line-repair-glow-hydra-fusion-concentrate\/","og_locale":"et_EE","og_type":"article","og_title":"Line Repair Glow Hydra Fusion Concentrate 30ml CHR903 - Christinakosmeetika","og_description":"Siidise tekstuuriga seerum stimuleerib rakkude ainevahetust, leevendab p\u00f5letikku, helendab ja elavdab nahka ning annab sellele s\u00e4ra, nooruslikkuse ja mugavustunde.","og_url":"https:\/\/christinakosmeetika.ee\/et\/toode\/line-repair-glow-hydra-fusion-concentrate\/","og_site_name":"Christinakosmeetika","article_modified_time":"2026-04-10T07:34:07+00:00","og_image":[{"width":500,"height":500,"url":"https:\/\/christinakosmeetika.ee\/wp-content\/uploads\/2022\/10\/Glow-Hydra-Fusion-Concentrate500.png","type":"image\/png"}],"twitter_card":"summary_large_image","twitter_misc":{"Est. reading time":"1 minut"},"schema":{"@context":"https:\/\/schema.org","@graph":[{"@type":"WebPage","@id":"https:\/\/christinakosmeetika.ee\/et\/toode\/line-repair-glow-hydra-fusion-concentrate\/","url":"https:\/\/christinakosmeetika.ee\/et\/toode\/line-repair-glow-hydra-fusion-concentrate\/","name":"Line Repair Glow Hydra Fusion Concentrate 30ml CHR903 - Christinakosmeetika","isPartOf":{"@id":"https:\/\/christinakosmeetika.ee\/#website"},"primaryImageOfPage":{"@id":"https:\/\/christinakosmeetika.ee\/et\/toode\/line-repair-glow-hydra-fusion-concentrate\/#primaryimage"},"image":{"@id":"https:\/\/christinakosmeetika.ee\/et\/toode\/line-repair-glow-hydra-fusion-concentrate\/#primaryimage"},"thumbnailUrl":"https:\/\/christinakosmeetika.ee\/wp-content\/uploads\/2022\/10\/Glow-Hydra-Fusion-Concentrate500.png","datePublished":"2022-10-28T11:32:04+00:00","dateModified":"2026-04-10T07:34:07+00:00","description":"Siidise tekstuuriga seerum stimuleerib rakkude ainevahetust, leevendab p\u00f5letikku, helendab ja elavdab nahka ning annab sellele s\u00e4ra, nooruslikkuse ja mugavustunde.","breadcrumb":{"@id":"https:\/\/christinakosmeetika.ee\/et\/toode\/line-repair-glow-hydra-fusion-concentrate\/#breadcrumb"},"inLanguage":"et","potentialAction":[{"@type":"ReadAction","target":["https:\/\/christinakosmeetika.ee\/et\/toode\/line-repair-glow-hydra-fusion-concentrate\/"]}]},{"@type":"ImageObject","inLanguage":"et","@id":"https:\/\/christinakosmeetika.ee\/et\/toode\/line-repair-glow-hydra-fusion-concentrate\/#primaryimage","url":"https:\/\/christinakosmeetika.ee\/wp-content\/uploads\/2022\/10\/Glow-Hydra-Fusion-Concentrate500.png","contentUrl":"https:\/\/christinakosmeetika.ee\/wp-content\/uploads\/2022\/10\/Glow-Hydra-Fusion-Concentrate500.png","width":500,"height":500},{"@type":"BreadcrumbList","@id":"https:\/\/christinakosmeetika.ee\/et\/toode\/line-repair-glow-hydra-fusion-concentrate\/#breadcrumb","itemListElement":[{"@type":"ListItem","position":1,"name":"\u0413\u043b\u0430\u0432\u043d\u0430\u044f \u0441\u0442\u0440\u0430\u043d\u0438\u0446\u0430","item":"https:\/\/christinakosmeetika.ee\/et\/"},{"@type":"ListItem","position":2,"name":"Pood","item":"https:\/\/christinakosmeetika.ee\/et\/shop\/"},{"@type":"ListItem","position":3,"name":"Line Repair Glow Hydra Fusion Concentrate 30ml CHR903"}]},{"@type":"WebSite","@id":"https:\/\/christinakosmeetika.ee\/#website","url":"https:\/\/christinakosmeetika.ee\/","name":"Christinakosmeetika","description":"Christina kosmeetika Eestis","alternateName":"Christina kosmeetika Eestis","potentialAction":[{"@type":"SearchAction","target":{"@type":"EntryPoint","urlTemplate":"https:\/\/christinakosmeetika.ee\/?s={search_term_string}"},"query-input":{"@type":"PropertyValueSpecification","valueRequired":true,"valueName":"search_term_string"}}],"inLanguage":"et"}]}},"_links":{"self":[{"href":"https:\/\/christinakosmeetika.ee\/et\/wp-json\/wp\/v2\/product\/4929","targetHints":{"allow":["GET"]}}],"collection":[{"href":"https:\/\/christinakosmeetika.ee\/et\/wp-json\/wp\/v2\/product"}],"about":[{"href":"https:\/\/christinakosmeetika.ee\/et\/wp-json\/wp\/v2\/types\/product"}],"wp:featuredmedia":[{"embeddable":true,"href":"https:\/\/christinakosmeetika.ee\/et\/wp-json\/wp\/v2\/media\/5715"}],"wp:attachment":[{"href":"https:\/\/christinakosmeetika.ee\/et\/wp-json\/wp\/v2\/media?parent=4929"}],"wp:term":[{"taxonomy":"product_brand","embeddable":true,"href":"https:\/\/christinakosmeetika.ee\/et\/wp-json\/wp\/v2\/product_brand?post=4929"},{"taxonomy":"product_cat","embeddable":true,"href":"https:\/\/christinakosmeetika.ee\/et\/wp-json\/wp\/v2\/product_cat?post=4929"},{"taxonomy":"product_tag","embeddable":true,"href":"https:\/\/christinakosmeetika.ee\/et\/wp-json\/wp\/v2\/product_tag?post=4929"}],"curies":[{"name":"wp","href":"https:\/\/api.w.org\/{rel}","templated":true}]}}