{"id":4928,"date":"2022-10-28T11:38:36","date_gmt":"2022-10-28T11:38:36","guid":{"rendered":"https:\/\/christinakosmeetika.ee\/product\/nutrient-depuff-vitamin-eye-mask-taastav-ja-tursevastane-silmamask-60-ml-chr869\/"},"modified":"2026-04-15T15:23:44","modified_gmt":"2026-04-15T12:23:44","slug":"nutrient-depuff-vitamin-eye-mask-et","status":"publish","type":"product","link":"https:\/\/christinakosmeetika.ee\/et\/toode\/nutrient-depuff-vitamin-eye-mask-et\/","title":{"rendered":"Line Repair Nutrient Depuff Vitamin Eye Mask 60ml CHR869"},"content":{"rendered":"<p>Noorendav silma\u00fcmbruse mask. Rikas vitamiinide poolest, leevendab turseid, silub kortsud ja peened jooned, muutes naha siledaks, elastseks ja s\u00e4delevaks.<\/p>\n<p>Sisaldab 3 t\u00fc\u00fcpi h\u00fcaluroonhapet: k\u00f5rge molekulmassiga &#8211; niisutamiseks ja barj\u00e4\u00e4ri taastamiseks, keskmise molekulmassiga &#8211; niiskuse pikaajaliseks s\u00e4ilitamiseks epidermises, madala molekulmassiga &#8211; &#8220;t\u00e4iteainena&#8221; \u00fclemistes nahakihtides asuvatele kortsudele. V\u00e4hendab tumedaid silmaaluseid ringe.<\/p>\n<p>Musta siidipuu ekstrakt aitab heledamaks muuta ja niisutada. Kupua\u00e7u \u00f5li niisutab, pehmendab, muudab naha siledaks ja t\u00f5stab toonust. Kofeiin v\u00e4hendab tursed efektiivselt.<\/p>\n<p><strong>Kasutamine:<\/strong><\/p>\n<p>Kandke \u00fchtlane kiht silmade \u00fcmbrusele. J\u00e4tke 10 minutiks m\u00f5juma. Eemaldage niiske salvr\u00e4tikuga.<\/p>\n<p><strong>Koostis:<\/strong><\/p>\n<p>Deionized Water (Aqua), Glycerin, Isocetyl Alcohol, Hydrogenated Polyisobutene, Cetyl Alcohol, Glyceryl Stearate, Polyglyceryl-6 Palmitate\/Succinate,Squalane, Titanium Dioxide, Theobroma Grandiflorum Seed Butter, Cetearyl Alcohol, Pentylene Glycol, Caprylyl Glycol, Hamamelis Virginiana (Witch Hazel) Extract, Panthenol, Caffeine, Glycine Soja (Soybean) Oil, Sodium Hyaluronate, Xanthan Gum, Honokiol, Magnolol, Butylene Glycol, 1,2-Hexanediol, Morus Nigra Leaf Extract, Phenoxyethanol, Benzyl Alcohol,Tocopherol, Tocopheryl Acetate, Retinyl Palmitate,Ascorbyl Isostearate, Dehydroacetic Acid.<\/p>\n","protected":false},"excerpt":{"rendered":"<h4>Taastav ja tursevastane silmamask<\/h4>\n","protected":false},"featured_media":5746,"template":"","meta":[],"product_brand":[],"product_cat":[150],"product_tag":[],"class_list":{"0":"post-4928","1":"product","2":"type-product","3":"status-publish","4":"has-post-thumbnail","6":"product_cat-mask-et","7":"product_shipping_class-smart-itella-post","8":"pa_akcii-skidki-allahindlused","9":"pa_linii-kosmetiki-line-repair-et","10":"pa_reshenie-problem-suhost","11":"pa_reshenie-problem-tumedad-ringid","12":"pa_reshenie-problem-turse-silmade-all","13":"pa_reshenie-problem-vananemise-margid","14":"pa_tip-kozi-koik-nahatuubid-et","15":"pa_tip-kozi-kombi-et","16":"pa_tip-kozi-kuiv-et","17":"pa_tip-kozi-normaalne-et","18":"pa_tip-kozi-rasvane-et","19":"pa_tip-preparata-mask-et","21":"first","22":"instock","23":"sale","24":"taxable","25":"shipping-taxable","26":"purchasable","27":"product-type-simple"},"yoast_head":"<!-- This site is optimized with the Yoast SEO plugin v27.5 - https:\/\/yoast.com\/product\/yoast-seo-wordpress\/ -->\n<title>Line Repair Nutrient Depuff Vitamin Eye Mask 60ml CHR869 - Christinakosmeetika<\/title>\n<meta name=\"description\" content=\"Noorendav silma\u00fcmbruse mask. Rikas vitamiinide poolest, v\u00e4hendab turseid, silub kortsukesi ja peeneid jooni, muutes naha siledaks, elastseks ja s\u00e4ravaks.\" \/>\n<meta name=\"robots\" content=\"index, follow, max-snippet:-1, max-image-preview:large, max-video-preview:-1\" \/>\n<link rel=\"canonical\" href=\"https:\/\/christinakosmeetika.ee\/product\/nutrient-depuff-vitamin-eye-mask\/\" \/>\n<meta property=\"og:locale\" content=\"et_EE\" \/>\n<meta property=\"og:type\" content=\"article\" \/>\n<meta property=\"og:title\" content=\"Line Repair Nutrient Depuff Vitamin Eye Mask 60ml CHR869 - Christinakosmeetika\" \/>\n<meta property=\"og:description\" content=\"Noorendav silma\u00fcmbruse mask. Rikas vitamiinide poolest, v\u00e4hendab turseid, silub kortsukesi ja peeneid jooni, muutes naha siledaks, elastseks ja s\u00e4ravaks.\" \/>\n<meta property=\"og:url\" content=\"https:\/\/christinakosmeetika.ee\/product\/nutrient-depuff-vitamin-eye-mask\/\" \/>\n<meta property=\"og:site_name\" content=\"Christinakosmeetika\" \/>\n<meta property=\"article:modified_time\" content=\"2026-04-15T12:23:44+00:00\" \/>\n<meta property=\"og:image\" content=\"https:\/\/christinakosmeetika.ee\/wp-content\/uploads\/2022\/10\/Nutrient-Depuff-Vitamin-Eye-Mask500.png\" \/>\n\t<meta property=\"og:image:width\" content=\"500\" \/>\n\t<meta property=\"og:image:height\" content=\"500\" \/>\n\t<meta property=\"og:image:type\" content=\"image\/png\" \/>\n<meta name=\"twitter:card\" content=\"summary_large_image\" \/>\n<meta name=\"twitter:label1\" content=\"Est. reading time\" \/>\n\t<meta name=\"twitter:data1\" content=\"1 minut\" \/>\n<script type=\"application\/ld+json\" class=\"yoast-schema-graph\">{\"@context\":\"https:\\\/\\\/schema.org\",\"@graph\":[{\"@type\":\"WebPage\",\"@id\":\"https:\\\/\\\/christinakosmeetika.ee\\\/product\\\/nutrient-depuff-vitamin-eye-mask\\\/\",\"url\":\"https:\\\/\\\/christinakosmeetika.ee\\\/product\\\/nutrient-depuff-vitamin-eye-mask\\\/\",\"name\":\"Line Repair Nutrient Depuff Vitamin Eye Mask 60ml CHR869 - Christinakosmeetika\",\"isPartOf\":{\"@id\":\"https:\\\/\\\/christinakosmeetika.ee\\\/#website\"},\"primaryImageOfPage\":{\"@id\":\"https:\\\/\\\/christinakosmeetika.ee\\\/product\\\/nutrient-depuff-vitamin-eye-mask\\\/#primaryimage\"},\"image\":{\"@id\":\"https:\\\/\\\/christinakosmeetika.ee\\\/product\\\/nutrient-depuff-vitamin-eye-mask\\\/#primaryimage\"},\"thumbnailUrl\":\"https:\\\/\\\/christinakosmeetika.ee\\\/wp-content\\\/uploads\\\/2022\\\/10\\\/Nutrient-Depuff-Vitamin-Eye-Mask500.png\",\"datePublished\":\"2022-10-28T11:38:36+00:00\",\"dateModified\":\"2026-04-15T12:23:44+00:00\",\"description\":\"Noorendav silma\u00fcmbruse mask. Rikas vitamiinide poolest, v\u00e4hendab turseid, silub kortsukesi ja peeneid jooni, muutes naha siledaks, elastseks ja s\u00e4ravaks.\",\"breadcrumb\":{\"@id\":\"https:\\\/\\\/christinakosmeetika.ee\\\/product\\\/nutrient-depuff-vitamin-eye-mask\\\/#breadcrumb\"},\"inLanguage\":\"et\",\"potentialAction\":[{\"@type\":\"ReadAction\",\"target\":[\"https:\\\/\\\/christinakosmeetika.ee\\\/product\\\/nutrient-depuff-vitamin-eye-mask\\\/\"]}]},{\"@type\":\"ImageObject\",\"inLanguage\":\"et\",\"@id\":\"https:\\\/\\\/christinakosmeetika.ee\\\/product\\\/nutrient-depuff-vitamin-eye-mask\\\/#primaryimage\",\"url\":\"https:\\\/\\\/christinakosmeetika.ee\\\/wp-content\\\/uploads\\\/2022\\\/10\\\/Nutrient-Depuff-Vitamin-Eye-Mask500.png\",\"contentUrl\":\"https:\\\/\\\/christinakosmeetika.ee\\\/wp-content\\\/uploads\\\/2022\\\/10\\\/Nutrient-Depuff-Vitamin-Eye-Mask500.png\",\"width\":500,\"height\":500},{\"@type\":\"BreadcrumbList\",\"@id\":\"https:\\\/\\\/christinakosmeetika.ee\\\/product\\\/nutrient-depuff-vitamin-eye-mask\\\/#breadcrumb\",\"itemListElement\":[{\"@type\":\"ListItem\",\"position\":1,\"name\":\"\u0413\u043b\u0430\u0432\u043d\u0430\u044f \u0441\u0442\u0440\u0430\u043d\u0438\u0446\u0430\",\"item\":\"https:\\\/\\\/christinakosmeetika.ee\\\/et\\\/\"},{\"@type\":\"ListItem\",\"position\":2,\"name\":\"Pood\",\"item\":\"https:\\\/\\\/christinakosmeetika.ee\\\/et\\\/shop\\\/\"},{\"@type\":\"ListItem\",\"position\":3,\"name\":\"Line Repair Nutrient Depuff Vitamin Eye Mask 60ml CHR869\"}]},{\"@type\":\"WebSite\",\"@id\":\"https:\\\/\\\/christinakosmeetika.ee\\\/#website\",\"url\":\"https:\\\/\\\/christinakosmeetika.ee\\\/\",\"name\":\"Christinakosmeetika\",\"description\":\"Christina kosmeetika Eestis\",\"alternateName\":\"Christina kosmeetika Eestis\",\"potentialAction\":[{\"@type\":\"SearchAction\",\"target\":{\"@type\":\"EntryPoint\",\"urlTemplate\":\"https:\\\/\\\/christinakosmeetika.ee\\\/?s={search_term_string}\"},\"query-input\":{\"@type\":\"PropertyValueSpecification\",\"valueRequired\":true,\"valueName\":\"search_term_string\"}}],\"inLanguage\":\"et\"}]}<\/script>\n<!-- \/ Yoast SEO plugin. -->","yoast_head_json":{"title":"Line Repair Nutrient Depuff Vitamin Eye Mask 60ml CHR869 - Christinakosmeetika","description":"Noorendav silma\u00fcmbruse mask. Rikas vitamiinide poolest, v\u00e4hendab turseid, silub kortsukesi ja peeneid jooni, muutes naha siledaks, elastseks ja s\u00e4ravaks.","robots":{"index":"index","follow":"follow","max-snippet":"max-snippet:-1","max-image-preview":"max-image-preview:large","max-video-preview":"max-video-preview:-1"},"canonical":"https:\/\/christinakosmeetika.ee\/product\/nutrient-depuff-vitamin-eye-mask\/","og_locale":"et_EE","og_type":"article","og_title":"Line Repair Nutrient Depuff Vitamin Eye Mask 60ml CHR869 - Christinakosmeetika","og_description":"Noorendav silma\u00fcmbruse mask. Rikas vitamiinide poolest, v\u00e4hendab turseid, silub kortsukesi ja peeneid jooni, muutes naha siledaks, elastseks ja s\u00e4ravaks.","og_url":"https:\/\/christinakosmeetika.ee\/product\/nutrient-depuff-vitamin-eye-mask\/","og_site_name":"Christinakosmeetika","article_modified_time":"2026-04-15T12:23:44+00:00","og_image":[{"width":500,"height":500,"url":"https:\/\/christinakosmeetika.ee\/wp-content\/uploads\/2022\/10\/Nutrient-Depuff-Vitamin-Eye-Mask500.png","type":"image\/png"}],"twitter_card":"summary_large_image","twitter_misc":{"Est. reading time":"1 minut"},"schema":{"@context":"https:\/\/schema.org","@graph":[{"@type":"WebPage","@id":"https:\/\/christinakosmeetika.ee\/product\/nutrient-depuff-vitamin-eye-mask\/","url":"https:\/\/christinakosmeetika.ee\/product\/nutrient-depuff-vitamin-eye-mask\/","name":"Line Repair Nutrient Depuff Vitamin Eye Mask 60ml CHR869 - Christinakosmeetika","isPartOf":{"@id":"https:\/\/christinakosmeetika.ee\/#website"},"primaryImageOfPage":{"@id":"https:\/\/christinakosmeetika.ee\/product\/nutrient-depuff-vitamin-eye-mask\/#primaryimage"},"image":{"@id":"https:\/\/christinakosmeetika.ee\/product\/nutrient-depuff-vitamin-eye-mask\/#primaryimage"},"thumbnailUrl":"https:\/\/christinakosmeetika.ee\/wp-content\/uploads\/2022\/10\/Nutrient-Depuff-Vitamin-Eye-Mask500.png","datePublished":"2022-10-28T11:38:36+00:00","dateModified":"2026-04-15T12:23:44+00:00","description":"Noorendav silma\u00fcmbruse mask. Rikas vitamiinide poolest, v\u00e4hendab turseid, silub kortsukesi ja peeneid jooni, muutes naha siledaks, elastseks ja s\u00e4ravaks.","breadcrumb":{"@id":"https:\/\/christinakosmeetika.ee\/product\/nutrient-depuff-vitamin-eye-mask\/#breadcrumb"},"inLanguage":"et","potentialAction":[{"@type":"ReadAction","target":["https:\/\/christinakosmeetika.ee\/product\/nutrient-depuff-vitamin-eye-mask\/"]}]},{"@type":"ImageObject","inLanguage":"et","@id":"https:\/\/christinakosmeetika.ee\/product\/nutrient-depuff-vitamin-eye-mask\/#primaryimage","url":"https:\/\/christinakosmeetika.ee\/wp-content\/uploads\/2022\/10\/Nutrient-Depuff-Vitamin-Eye-Mask500.png","contentUrl":"https:\/\/christinakosmeetika.ee\/wp-content\/uploads\/2022\/10\/Nutrient-Depuff-Vitamin-Eye-Mask500.png","width":500,"height":500},{"@type":"BreadcrumbList","@id":"https:\/\/christinakosmeetika.ee\/product\/nutrient-depuff-vitamin-eye-mask\/#breadcrumb","itemListElement":[{"@type":"ListItem","position":1,"name":"\u0413\u043b\u0430\u0432\u043d\u0430\u044f \u0441\u0442\u0440\u0430\u043d\u0438\u0446\u0430","item":"https:\/\/christinakosmeetika.ee\/et\/"},{"@type":"ListItem","position":2,"name":"Pood","item":"https:\/\/christinakosmeetika.ee\/et\/shop\/"},{"@type":"ListItem","position":3,"name":"Line Repair Nutrient Depuff Vitamin Eye Mask 60ml CHR869"}]},{"@type":"WebSite","@id":"https:\/\/christinakosmeetika.ee\/#website","url":"https:\/\/christinakosmeetika.ee\/","name":"Christinakosmeetika","description":"Christina kosmeetika Eestis","alternateName":"Christina kosmeetika Eestis","potentialAction":[{"@type":"SearchAction","target":{"@type":"EntryPoint","urlTemplate":"https:\/\/christinakosmeetika.ee\/?s={search_term_string}"},"query-input":{"@type":"PropertyValueSpecification","valueRequired":true,"valueName":"search_term_string"}}],"inLanguage":"et"}]}},"_links":{"self":[{"href":"https:\/\/christinakosmeetika.ee\/et\/wp-json\/wp\/v2\/product\/4928","targetHints":{"allow":["GET"]}}],"collection":[{"href":"https:\/\/christinakosmeetika.ee\/et\/wp-json\/wp\/v2\/product"}],"about":[{"href":"https:\/\/christinakosmeetika.ee\/et\/wp-json\/wp\/v2\/types\/product"}],"wp:featuredmedia":[{"embeddable":true,"href":"https:\/\/christinakosmeetika.ee\/et\/wp-json\/wp\/v2\/media\/5746"}],"wp:attachment":[{"href":"https:\/\/christinakosmeetika.ee\/et\/wp-json\/wp\/v2\/media?parent=4928"}],"wp:term":[{"taxonomy":"product_brand","embeddable":true,"href":"https:\/\/christinakosmeetika.ee\/et\/wp-json\/wp\/v2\/product_brand?post=4928"},{"taxonomy":"product_cat","embeddable":true,"href":"https:\/\/christinakosmeetika.ee\/et\/wp-json\/wp\/v2\/product_cat?post=4928"},{"taxonomy":"product_tag","embeddable":true,"href":"https:\/\/christinakosmeetika.ee\/et\/wp-json\/wp\/v2\/product_tag?post=4928"}],"curies":[{"name":"wp","href":"https:\/\/api.w.org\/{rel}","templated":true}]}}