{"id":4927,"date":"2022-10-28T11:43:11","date_gmt":"2022-10-28T11:43:11","guid":{"rendered":"https:\/\/christinakosmeetika.ee\/product\/hydra-ginseng-cream-niisutav-ja-toitev-kreem-ginseng-50ml-chr935\/"},"modified":"2026-04-15T15:24:39","modified_gmt":"2026-04-15T12:24:39","slug":"hydra-ginseng-cream-niisutav-ja-toitev-kreem-ginseng-50ml-chr935","status":"publish","type":"product","link":"https:\/\/christinakosmeetika.ee\/et\/toode\/hydra-ginseng-cream-niisutav-ja-toitev-kreem-ginseng-50ml-chr935\/","title":{"rendered":"Line Repair Hydra Ginseng Cream 50ml CHR935"},"content":{"rendered":"<p style=\"text-align: left;\">Toitev kreem, mis on rikas oluliste lipiidide, antioks\u00fcdantide, vitamiinide ja muude toitainetega. V\u00f5itleb vabade radikaalidega ja silub tekstuuri. Suurendab elastsust ja niisutust, muudab naha t\u00e4idlaseks, terveks ja s\u00e4ravaks. Stimuleerib regeneratsiooni, takistab kortsude teket. Skvalaan (oliivi\u00f5li ekstraktist) aitab taastada lipiidbarj\u00e4\u00e4ri, kaitseb deh\u00fcdratsiooni eest, parandab toonust.<\/p>\n<p style=\"text-align: left;\"><strong>Kasutamine:<\/strong><\/p>\n<p style=\"text-align: left;\">Kandke \u00fchtlaselt n\u00e4ole, kaelale ja dekolteepiirkonnale. Masseerida kuni t\u00e4ieliku imendumiseni.<\/p>\n<p style=\"text-align: left;\">NB! Sobib talvel kasutamiseks.<\/p>\n<p><strong>Koostis:<\/strong><\/p>\n<p>Deionized Water (Aqua), Isocetyl Alcohol, Propanediol, Glyceryl Stearate, Cetyl Alcohol, Glycerin, Squalane, Peg-40 Stearate, Isodecyl Neopentanoate, Phenoxyethanol, Butyrospermum Parkii Butter, Sorbitan Tristearate, Caprylyl Glycol, Tocopheryl Acetate, Butylene Glycol, Sodium Acrylate Copolymer, Retinyl Palmitate, Sodium Phytate, Perfume, Ascorbyl Glucoside, Helianthus Annuus (Sunflower) Seedoil, Ethylhexylglycerin, Sodium Hyaluronate, Lecithin, Panax Ginseng Root Extract, 1,2-Hexanediol, Boswellia Serrata Gum Extract, Glycine Soja (Soybean) Protein,Disodium Cocoamphodiacetate, Glycine, Valine, Potassium Sorbate, Sodium Benzoate, Sodium Dextran Sulfate, Glucose, Ascorbic Acid, Hexyl Cinnamal, Benzyl Salicylate, Linalool, Alpha-Isomethyl Ionone, Citronnellol, Geraniol.<\/p>\n","protected":false},"excerpt":{"rendered":"<h4>Niisutav ja toitev kreem &#8220;Ginseng&#8221;<\/h4>\n","protected":false},"featured_media":5734,"template":"","meta":[],"product_brand":[],"product_cat":[149],"product_tag":[],"class_list":{"0":"post-4927","1":"product","2":"type-product","3":"status-publish","4":"has-post-thumbnail","6":"product_cat-kreem","7":"product_shipping_class-smart-itella-post","8":"pa_linii-kosmetiki-line-repair-et","9":"pa_reshenie-problem-dehudratsioon","10":"pa_reshenie-problem-ebauhtlane-nahatoon","11":"pa_reshenie-problem-suhost","12":"pa_reshenie-problem-vananemise-margid","13":"pa_tip-kozi-kuiv-et","14":"pa_tip-kozi-normaalne-et","15":"pa_tip-preparata-kreem","17":"first","18":"outofstock","19":"taxable","20":"shipping-taxable","21":"purchasable","22":"product-type-simple"},"yoast_head":"<!-- This site is optimized with the Yoast SEO plugin v27.5 - https:\/\/yoast.com\/product\/yoast-seo-wordpress\/ -->\n<title>Line Repair Hydra Ginseng Cream 50ml CHR935 - Christinakosmeetika<\/title>\n<meta name=\"description\" content=\"Suurendab naha elastsust ja niisutatust, muudab naha pringiks, terveks ja s\u00e4ravaks. Stimuleerib regeneratsiooni ja aitab ennetada kortsude teket.\" \/>\n<meta name=\"robots\" content=\"index, follow, max-snippet:-1, max-image-preview:large, max-video-preview:-1\" \/>\n<link rel=\"canonical\" href=\"https:\/\/christinakosmeetika.ee\/product\/hydra-ginseng-cream\/\" \/>\n<meta property=\"og:locale\" content=\"et_EE\" \/>\n<meta property=\"og:type\" content=\"article\" \/>\n<meta property=\"og:title\" content=\"Line Repair Hydra Ginseng Cream 50ml CHR935 - Christinakosmeetika\" \/>\n<meta property=\"og:description\" content=\"Suurendab naha elastsust ja niisutatust, muudab naha pringiks, terveks ja s\u00e4ravaks. Stimuleerib regeneratsiooni ja aitab ennetada kortsude teket.\" \/>\n<meta property=\"og:url\" content=\"https:\/\/christinakosmeetika.ee\/product\/hydra-ginseng-cream\/\" \/>\n<meta property=\"og:site_name\" content=\"Christinakosmeetika\" \/>\n<meta property=\"article:modified_time\" content=\"2026-04-15T12:24:39+00:00\" \/>\n<meta property=\"og:image\" content=\"https:\/\/christinakosmeetika.ee\/wp-content\/uploads\/2022\/10\/Ginseng-Cream500.png\" \/>\n\t<meta property=\"og:image:width\" content=\"500\" \/>\n\t<meta property=\"og:image:height\" content=\"500\" \/>\n\t<meta property=\"og:image:type\" content=\"image\/png\" \/>\n<meta name=\"twitter:card\" content=\"summary_large_image\" \/>\n<meta name=\"twitter:label1\" content=\"Est. reading time\" \/>\n\t<meta name=\"twitter:data1\" content=\"1 minut\" \/>\n<script type=\"application\/ld+json\" class=\"yoast-schema-graph\">{\"@context\":\"https:\\\/\\\/schema.org\",\"@graph\":[{\"@type\":\"WebPage\",\"@id\":\"https:\\\/\\\/christinakosmeetika.ee\\\/product\\\/hydra-ginseng-cream\\\/\",\"url\":\"https:\\\/\\\/christinakosmeetika.ee\\\/product\\\/hydra-ginseng-cream\\\/\",\"name\":\"Line Repair Hydra Ginseng Cream 50ml CHR935 - Christinakosmeetika\",\"isPartOf\":{\"@id\":\"https:\\\/\\\/christinakosmeetika.ee\\\/#website\"},\"primaryImageOfPage\":{\"@id\":\"https:\\\/\\\/christinakosmeetika.ee\\\/product\\\/hydra-ginseng-cream\\\/#primaryimage\"},\"image\":{\"@id\":\"https:\\\/\\\/christinakosmeetika.ee\\\/product\\\/hydra-ginseng-cream\\\/#primaryimage\"},\"thumbnailUrl\":\"https:\\\/\\\/christinakosmeetika.ee\\\/wp-content\\\/uploads\\\/2022\\\/10\\\/Ginseng-Cream500.png\",\"datePublished\":\"2022-10-28T11:43:11+00:00\",\"dateModified\":\"2026-04-15T12:24:39+00:00\",\"description\":\"Suurendab naha elastsust ja niisutatust, muudab naha pringiks, terveks ja s\u00e4ravaks. Stimuleerib regeneratsiooni ja aitab ennetada kortsude teket.\",\"breadcrumb\":{\"@id\":\"https:\\\/\\\/christinakosmeetika.ee\\\/product\\\/hydra-ginseng-cream\\\/#breadcrumb\"},\"inLanguage\":\"et\",\"potentialAction\":[{\"@type\":\"ReadAction\",\"target\":[\"https:\\\/\\\/christinakosmeetika.ee\\\/product\\\/hydra-ginseng-cream\\\/\"]}]},{\"@type\":\"ImageObject\",\"inLanguage\":\"et\",\"@id\":\"https:\\\/\\\/christinakosmeetika.ee\\\/product\\\/hydra-ginseng-cream\\\/#primaryimage\",\"url\":\"https:\\\/\\\/christinakosmeetika.ee\\\/wp-content\\\/uploads\\\/2022\\\/10\\\/Ginseng-Cream500.png\",\"contentUrl\":\"https:\\\/\\\/christinakosmeetika.ee\\\/wp-content\\\/uploads\\\/2022\\\/10\\\/Ginseng-Cream500.png\",\"width\":500,\"height\":500},{\"@type\":\"BreadcrumbList\",\"@id\":\"https:\\\/\\\/christinakosmeetika.ee\\\/product\\\/hydra-ginseng-cream\\\/#breadcrumb\",\"itemListElement\":[{\"@type\":\"ListItem\",\"position\":1,\"name\":\"\u0413\u043b\u0430\u0432\u043d\u0430\u044f \u0441\u0442\u0440\u0430\u043d\u0438\u0446\u0430\",\"item\":\"https:\\\/\\\/christinakosmeetika.ee\\\/et\\\/\"},{\"@type\":\"ListItem\",\"position\":2,\"name\":\"Pood\",\"item\":\"https:\\\/\\\/christinakosmeetika.ee\\\/et\\\/shop\\\/\"},{\"@type\":\"ListItem\",\"position\":3,\"name\":\"Line Repair Hydra Ginseng Cream 50ml CHR935\"}]},{\"@type\":\"WebSite\",\"@id\":\"https:\\\/\\\/christinakosmeetika.ee\\\/#website\",\"url\":\"https:\\\/\\\/christinakosmeetika.ee\\\/\",\"name\":\"Christinakosmeetika\",\"description\":\"Christina kosmeetika Eestis\",\"alternateName\":\"Christina kosmeetika Eestis\",\"potentialAction\":[{\"@type\":\"SearchAction\",\"target\":{\"@type\":\"EntryPoint\",\"urlTemplate\":\"https:\\\/\\\/christinakosmeetika.ee\\\/?s={search_term_string}\"},\"query-input\":{\"@type\":\"PropertyValueSpecification\",\"valueRequired\":true,\"valueName\":\"search_term_string\"}}],\"inLanguage\":\"et\"}]}<\/script>\n<!-- \/ Yoast SEO plugin. -->","yoast_head_json":{"title":"Line Repair Hydra Ginseng Cream 50ml CHR935 - Christinakosmeetika","description":"Suurendab naha elastsust ja niisutatust, muudab naha pringiks, terveks ja s\u00e4ravaks. Stimuleerib regeneratsiooni ja aitab ennetada kortsude teket.","robots":{"index":"index","follow":"follow","max-snippet":"max-snippet:-1","max-image-preview":"max-image-preview:large","max-video-preview":"max-video-preview:-1"},"canonical":"https:\/\/christinakosmeetika.ee\/product\/hydra-ginseng-cream\/","og_locale":"et_EE","og_type":"article","og_title":"Line Repair Hydra Ginseng Cream 50ml CHR935 - Christinakosmeetika","og_description":"Suurendab naha elastsust ja niisutatust, muudab naha pringiks, terveks ja s\u00e4ravaks. Stimuleerib regeneratsiooni ja aitab ennetada kortsude teket.","og_url":"https:\/\/christinakosmeetika.ee\/product\/hydra-ginseng-cream\/","og_site_name":"Christinakosmeetika","article_modified_time":"2026-04-15T12:24:39+00:00","og_image":[{"width":500,"height":500,"url":"https:\/\/christinakosmeetika.ee\/wp-content\/uploads\/2022\/10\/Ginseng-Cream500.png","type":"image\/png"}],"twitter_card":"summary_large_image","twitter_misc":{"Est. reading time":"1 minut"},"schema":{"@context":"https:\/\/schema.org","@graph":[{"@type":"WebPage","@id":"https:\/\/christinakosmeetika.ee\/product\/hydra-ginseng-cream\/","url":"https:\/\/christinakosmeetika.ee\/product\/hydra-ginseng-cream\/","name":"Line Repair Hydra Ginseng Cream 50ml CHR935 - Christinakosmeetika","isPartOf":{"@id":"https:\/\/christinakosmeetika.ee\/#website"},"primaryImageOfPage":{"@id":"https:\/\/christinakosmeetika.ee\/product\/hydra-ginseng-cream\/#primaryimage"},"image":{"@id":"https:\/\/christinakosmeetika.ee\/product\/hydra-ginseng-cream\/#primaryimage"},"thumbnailUrl":"https:\/\/christinakosmeetika.ee\/wp-content\/uploads\/2022\/10\/Ginseng-Cream500.png","datePublished":"2022-10-28T11:43:11+00:00","dateModified":"2026-04-15T12:24:39+00:00","description":"Suurendab naha elastsust ja niisutatust, muudab naha pringiks, terveks ja s\u00e4ravaks. Stimuleerib regeneratsiooni ja aitab ennetada kortsude teket.","breadcrumb":{"@id":"https:\/\/christinakosmeetika.ee\/product\/hydra-ginseng-cream\/#breadcrumb"},"inLanguage":"et","potentialAction":[{"@type":"ReadAction","target":["https:\/\/christinakosmeetika.ee\/product\/hydra-ginseng-cream\/"]}]},{"@type":"ImageObject","inLanguage":"et","@id":"https:\/\/christinakosmeetika.ee\/product\/hydra-ginseng-cream\/#primaryimage","url":"https:\/\/christinakosmeetika.ee\/wp-content\/uploads\/2022\/10\/Ginseng-Cream500.png","contentUrl":"https:\/\/christinakosmeetika.ee\/wp-content\/uploads\/2022\/10\/Ginseng-Cream500.png","width":500,"height":500},{"@type":"BreadcrumbList","@id":"https:\/\/christinakosmeetika.ee\/product\/hydra-ginseng-cream\/#breadcrumb","itemListElement":[{"@type":"ListItem","position":1,"name":"\u0413\u043b\u0430\u0432\u043d\u0430\u044f \u0441\u0442\u0440\u0430\u043d\u0438\u0446\u0430","item":"https:\/\/christinakosmeetika.ee\/et\/"},{"@type":"ListItem","position":2,"name":"Pood","item":"https:\/\/christinakosmeetika.ee\/et\/shop\/"},{"@type":"ListItem","position":3,"name":"Line Repair Hydra Ginseng Cream 50ml CHR935"}]},{"@type":"WebSite","@id":"https:\/\/christinakosmeetika.ee\/#website","url":"https:\/\/christinakosmeetika.ee\/","name":"Christinakosmeetika","description":"Christina kosmeetika Eestis","alternateName":"Christina kosmeetika Eestis","potentialAction":[{"@type":"SearchAction","target":{"@type":"EntryPoint","urlTemplate":"https:\/\/christinakosmeetika.ee\/?s={search_term_string}"},"query-input":{"@type":"PropertyValueSpecification","valueRequired":true,"valueName":"search_term_string"}}],"inLanguage":"et"}]}},"_links":{"self":[{"href":"https:\/\/christinakosmeetika.ee\/et\/wp-json\/wp\/v2\/product\/4927","targetHints":{"allow":["GET"]}}],"collection":[{"href":"https:\/\/christinakosmeetika.ee\/et\/wp-json\/wp\/v2\/product"}],"about":[{"href":"https:\/\/christinakosmeetika.ee\/et\/wp-json\/wp\/v2\/types\/product"}],"wp:featuredmedia":[{"embeddable":true,"href":"https:\/\/christinakosmeetika.ee\/et\/wp-json\/wp\/v2\/media\/5734"}],"wp:attachment":[{"href":"https:\/\/christinakosmeetika.ee\/et\/wp-json\/wp\/v2\/media?parent=4927"}],"wp:term":[{"taxonomy":"product_brand","embeddable":true,"href":"https:\/\/christinakosmeetika.ee\/et\/wp-json\/wp\/v2\/product_brand?post=4927"},{"taxonomy":"product_cat","embeddable":true,"href":"https:\/\/christinakosmeetika.ee\/et\/wp-json\/wp\/v2\/product_cat?post=4927"},{"taxonomy":"product_tag","embeddable":true,"href":"https:\/\/christinakosmeetika.ee\/et\/wp-json\/wp\/v2\/product_tag?post=4927"}],"curies":[{"name":"wp","href":"https:\/\/api.w.org\/{rel}","templated":true}]}}