{"id":4926,"date":"2022-10-28T11:50:23","date_gmt":"2022-10-28T11:50:23","guid":{"rendered":"https:\/\/christinakosmeetika.ee\/product\/hydra-elastin-collagen-elastin-collagen-niisutav-kreem-60-ml-chr937\/"},"modified":"2026-04-10T10:32:39","modified_gmt":"2026-04-10T07:32:39","slug":"hydra-elastin-collagen-et","status":"publish","type":"product","link":"https:\/\/christinakosmeetika.ee\/et\/toode\/hydra-elastin-collagen-et\/","title":{"rendered":"Line Repair Hydra Elastin Collagen 60ml CHR937"},"content":{"rendered":"<section>Kerge niisutav kreem mereaktiivsete koostisosadega ja taimsete ekstraktide kombinatsiooniga v\u00e4hendab kortsude ja voltide n\u00e4htavust. Muudab naha pehmemaks ja siledamaks, j\u00e4tmata rasvast l\u00e4iget.Vananemisvastane taastav kompleks Marine restore complex suurendab nahaelastsust ja pehmust t\u00e4nu k\u00f5rgele aminohapete sisaldusele. Marine barrier reset kompleks stimuleerib lipiidide ja valkude tootmist, tugevdades naha kaitsebarj\u00e4\u00e4ri. Sisaldab kolme t\u00fc\u00fcpi h\u00fcaluroonhapet: k\u00f5rgemolekulaarne &#8211; niisutamiseks ja barj\u00e4\u00e4ri taastamiseks, keskmolekulaarne &#8211; niiskuse pikaajaliseks s\u00e4ilitamiseks epidermises, madalmolekulaarne &#8211; &#8220;t\u00e4iteainena&#8221; kortsude jaoks.<\/p>\n<p><strong>Kasutusjuhend:<\/strong><\/p>\n<p>Kandke toode n\u00e4ole, kaelale ja dekolteele \u00fchtlase kihina. Masseerige t\u00e4ieliku imendumiseni.<\/p>\n<p><strong>Koostis:<\/strong><\/p>\n<\/section>\n<section>\n<p style=\"text-align: left;\">Deionized Water (Aqua), Isocetyl Alcohol, Caprylic\/Capric Triglyceride, Glycerin, Chamomilla Recutita (Matricaria) Flower, Phenoxyethanol, Acrylates\/C10-30 Alkyl Acrylate Crosspolymer,Triethanolamine, Peg-7 Glyceryl Cocoate, Caprylyl Glycol, Tocopheryl Acetate, Panthenol, Sodium Acrylate Copolymer, Sd Alcohol 40, Collagen, Perfume, Glycine Soja (Soybean) Oil, Butylene Glycol, Arctostaphylos Uva Ursi Leaf Extract, Ethylhexylglycerin, Propylene Glycol, Lecithin, Sodium Hyaluronate, Honey Extract, Sodium Pca, 1,2-Hexanediol, Hydrolyzed Elastin,Retinyl Palmitate, Ascorbyl Isostearate, Serine, Sorbic Acid, Glycogen, Fd&amp;C Blue No. 1 (Ci 42090), Bacillus Ferment, Linalool, Alpha-Isomethyl Ionone, Citronnellol.<\/p>\n<\/section>\n","protected":false},"excerpt":{"rendered":"<h4>Niisutav kreem &#8216;Elastiin kollageen&#8217;<\/h4>\n","protected":false},"featured_media":5732,"template":"","meta":[],"product_brand":[],"product_cat":[149],"product_tag":[],"class_list":{"0":"post-4926","1":"product","2":"type-product","3":"status-publish","4":"has-post-thumbnail","6":"product_cat-kreem","7":"product_shipping_class-smart-itella-post","8":"pa_linii-kosmetiki-line-repair-et","9":"pa_reshenie-problem-dehudratsioon","10":"pa_reshenie-problem-vahenenud-elastsus","11":"pa_reshenie-problem-suhost","12":"pa_tip-kozi-kombi-et","13":"pa_tip-kozi-normaalne-et","14":"pa_tip-kozi-rasvane-et","15":"pa_tip-preparata-kreem","16":"pa_vremja-primenenija-oine","17":"pa_vremja-primenenija-paevane","19":"first","20":"instock","21":"taxable","22":"shipping-taxable","23":"purchasable","24":"product-type-simple"},"yoast_head":"<!-- This site is optimized with the Yoast SEO plugin v27.5 - https:\/\/yoast.com\/product\/yoast-seo-wordpress\/ -->\n<title>Line Repair Hydra Elastin Collagen 60ml CHR937 - Christinakosmeetika<\/title>\n<meta name=\"description\" content=\"Kerge niisutav kreem v\u00e4hendab peente joonte ja kortsude n\u00e4htavust. Muudab naha pehmeks ja siledaks ega j\u00e4ta rasvast l\u00e4iget.\" \/>\n<meta name=\"robots\" content=\"index, follow, max-snippet:-1, max-image-preview:large, max-video-preview:-1\" \/>\n<link rel=\"canonical\" href=\"https:\/\/christinakosmeetika.ee\/product\/hydra-elastin-collagen\/\" \/>\n<meta property=\"og:locale\" content=\"et_EE\" \/>\n<meta property=\"og:type\" content=\"article\" \/>\n<meta property=\"og:title\" content=\"Line Repair Hydra Elastin Collagen 60ml CHR937 - Christinakosmeetika\" \/>\n<meta property=\"og:description\" content=\"Kerge niisutav kreem v\u00e4hendab peente joonte ja kortsude n\u00e4htavust. Muudab naha pehmeks ja siledaks ega j\u00e4ta rasvast l\u00e4iget.\" \/>\n<meta property=\"og:url\" content=\"https:\/\/christinakosmeetika.ee\/product\/hydra-elastin-collagen\/\" \/>\n<meta property=\"og:site_name\" content=\"Christinakosmeetika\" \/>\n<meta property=\"article:modified_time\" content=\"2026-04-10T07:32:39+00:00\" \/>\n<meta property=\"og:image\" content=\"https:\/\/christinakosmeetika.ee\/wp-content\/uploads\/2022\/10\/Elastin-collagen500.png\" \/>\n\t<meta property=\"og:image:width\" content=\"500\" \/>\n\t<meta property=\"og:image:height\" content=\"500\" \/>\n\t<meta property=\"og:image:type\" content=\"image\/png\" \/>\n<meta name=\"twitter:card\" content=\"summary_large_image\" \/>\n<meta name=\"twitter:label1\" content=\"Est. reading time\" \/>\n\t<meta name=\"twitter:data1\" content=\"1 minut\" \/>\n<script type=\"application\/ld+json\" class=\"yoast-schema-graph\">{\"@context\":\"https:\\\/\\\/schema.org\",\"@graph\":[{\"@type\":\"WebPage\",\"@id\":\"https:\\\/\\\/christinakosmeetika.ee\\\/product\\\/hydra-elastin-collagen\\\/\",\"url\":\"https:\\\/\\\/christinakosmeetika.ee\\\/product\\\/hydra-elastin-collagen\\\/\",\"name\":\"Line Repair Hydra Elastin Collagen 60ml CHR937 - Christinakosmeetika\",\"isPartOf\":{\"@id\":\"https:\\\/\\\/christinakosmeetika.ee\\\/#website\"},\"primaryImageOfPage\":{\"@id\":\"https:\\\/\\\/christinakosmeetika.ee\\\/product\\\/hydra-elastin-collagen\\\/#primaryimage\"},\"image\":{\"@id\":\"https:\\\/\\\/christinakosmeetika.ee\\\/product\\\/hydra-elastin-collagen\\\/#primaryimage\"},\"thumbnailUrl\":\"https:\\\/\\\/christinakosmeetika.ee\\\/wp-content\\\/uploads\\\/2022\\\/10\\\/Elastin-collagen500.png\",\"datePublished\":\"2022-10-28T11:50:23+00:00\",\"dateModified\":\"2026-04-10T07:32:39+00:00\",\"description\":\"Kerge niisutav kreem v\u00e4hendab peente joonte ja kortsude n\u00e4htavust. Muudab naha pehmeks ja siledaks ega j\u00e4ta rasvast l\u00e4iget.\",\"breadcrumb\":{\"@id\":\"https:\\\/\\\/christinakosmeetika.ee\\\/product\\\/hydra-elastin-collagen\\\/#breadcrumb\"},\"inLanguage\":\"et\",\"potentialAction\":[{\"@type\":\"ReadAction\",\"target\":[\"https:\\\/\\\/christinakosmeetika.ee\\\/product\\\/hydra-elastin-collagen\\\/\"]}]},{\"@type\":\"ImageObject\",\"inLanguage\":\"et\",\"@id\":\"https:\\\/\\\/christinakosmeetika.ee\\\/product\\\/hydra-elastin-collagen\\\/#primaryimage\",\"url\":\"https:\\\/\\\/christinakosmeetika.ee\\\/wp-content\\\/uploads\\\/2022\\\/10\\\/Elastin-collagen500.png\",\"contentUrl\":\"https:\\\/\\\/christinakosmeetika.ee\\\/wp-content\\\/uploads\\\/2022\\\/10\\\/Elastin-collagen500.png\",\"width\":500,\"height\":500},{\"@type\":\"BreadcrumbList\",\"@id\":\"https:\\\/\\\/christinakosmeetika.ee\\\/product\\\/hydra-elastin-collagen\\\/#breadcrumb\",\"itemListElement\":[{\"@type\":\"ListItem\",\"position\":1,\"name\":\"\u0413\u043b\u0430\u0432\u043d\u0430\u044f \u0441\u0442\u0440\u0430\u043d\u0438\u0446\u0430\",\"item\":\"https:\\\/\\\/christinakosmeetika.ee\\\/et\\\/\"},{\"@type\":\"ListItem\",\"position\":2,\"name\":\"Pood\",\"item\":\"https:\\\/\\\/christinakosmeetika.ee\\\/et\\\/shop\\\/\"},{\"@type\":\"ListItem\",\"position\":3,\"name\":\"Line Repair Hydra Elastin Collagen 60ml CHR937\"}]},{\"@type\":\"WebSite\",\"@id\":\"https:\\\/\\\/christinakosmeetika.ee\\\/#website\",\"url\":\"https:\\\/\\\/christinakosmeetika.ee\\\/\",\"name\":\"Christinakosmeetika\",\"description\":\"Christina kosmeetika Eestis\",\"alternateName\":\"Christina kosmeetika Eestis\",\"potentialAction\":[{\"@type\":\"SearchAction\",\"target\":{\"@type\":\"EntryPoint\",\"urlTemplate\":\"https:\\\/\\\/christinakosmeetika.ee\\\/?s={search_term_string}\"},\"query-input\":{\"@type\":\"PropertyValueSpecification\",\"valueRequired\":true,\"valueName\":\"search_term_string\"}}],\"inLanguage\":\"et\"}]}<\/script>\n<!-- \/ Yoast SEO plugin. -->","yoast_head_json":{"title":"Line Repair Hydra Elastin Collagen 60ml CHR937 - Christinakosmeetika","description":"Kerge niisutav kreem v\u00e4hendab peente joonte ja kortsude n\u00e4htavust. Muudab naha pehmeks ja siledaks ega j\u00e4ta rasvast l\u00e4iget.","robots":{"index":"index","follow":"follow","max-snippet":"max-snippet:-1","max-image-preview":"max-image-preview:large","max-video-preview":"max-video-preview:-1"},"canonical":"https:\/\/christinakosmeetika.ee\/product\/hydra-elastin-collagen\/","og_locale":"et_EE","og_type":"article","og_title":"Line Repair Hydra Elastin Collagen 60ml CHR937 - Christinakosmeetika","og_description":"Kerge niisutav kreem v\u00e4hendab peente joonte ja kortsude n\u00e4htavust. Muudab naha pehmeks ja siledaks ega j\u00e4ta rasvast l\u00e4iget.","og_url":"https:\/\/christinakosmeetika.ee\/product\/hydra-elastin-collagen\/","og_site_name":"Christinakosmeetika","article_modified_time":"2026-04-10T07:32:39+00:00","og_image":[{"width":500,"height":500,"url":"https:\/\/christinakosmeetika.ee\/wp-content\/uploads\/2022\/10\/Elastin-collagen500.png","type":"image\/png"}],"twitter_card":"summary_large_image","twitter_misc":{"Est. reading time":"1 minut"},"schema":{"@context":"https:\/\/schema.org","@graph":[{"@type":"WebPage","@id":"https:\/\/christinakosmeetika.ee\/product\/hydra-elastin-collagen\/","url":"https:\/\/christinakosmeetika.ee\/product\/hydra-elastin-collagen\/","name":"Line Repair Hydra Elastin Collagen 60ml CHR937 - Christinakosmeetika","isPartOf":{"@id":"https:\/\/christinakosmeetika.ee\/#website"},"primaryImageOfPage":{"@id":"https:\/\/christinakosmeetika.ee\/product\/hydra-elastin-collagen\/#primaryimage"},"image":{"@id":"https:\/\/christinakosmeetika.ee\/product\/hydra-elastin-collagen\/#primaryimage"},"thumbnailUrl":"https:\/\/christinakosmeetika.ee\/wp-content\/uploads\/2022\/10\/Elastin-collagen500.png","datePublished":"2022-10-28T11:50:23+00:00","dateModified":"2026-04-10T07:32:39+00:00","description":"Kerge niisutav kreem v\u00e4hendab peente joonte ja kortsude n\u00e4htavust. Muudab naha pehmeks ja siledaks ega j\u00e4ta rasvast l\u00e4iget.","breadcrumb":{"@id":"https:\/\/christinakosmeetika.ee\/product\/hydra-elastin-collagen\/#breadcrumb"},"inLanguage":"et","potentialAction":[{"@type":"ReadAction","target":["https:\/\/christinakosmeetika.ee\/product\/hydra-elastin-collagen\/"]}]},{"@type":"ImageObject","inLanguage":"et","@id":"https:\/\/christinakosmeetika.ee\/product\/hydra-elastin-collagen\/#primaryimage","url":"https:\/\/christinakosmeetika.ee\/wp-content\/uploads\/2022\/10\/Elastin-collagen500.png","contentUrl":"https:\/\/christinakosmeetika.ee\/wp-content\/uploads\/2022\/10\/Elastin-collagen500.png","width":500,"height":500},{"@type":"BreadcrumbList","@id":"https:\/\/christinakosmeetika.ee\/product\/hydra-elastin-collagen\/#breadcrumb","itemListElement":[{"@type":"ListItem","position":1,"name":"\u0413\u043b\u0430\u0432\u043d\u0430\u044f \u0441\u0442\u0440\u0430\u043d\u0438\u0446\u0430","item":"https:\/\/christinakosmeetika.ee\/et\/"},{"@type":"ListItem","position":2,"name":"Pood","item":"https:\/\/christinakosmeetika.ee\/et\/shop\/"},{"@type":"ListItem","position":3,"name":"Line Repair Hydra Elastin Collagen 60ml CHR937"}]},{"@type":"WebSite","@id":"https:\/\/christinakosmeetika.ee\/#website","url":"https:\/\/christinakosmeetika.ee\/","name":"Christinakosmeetika","description":"Christina kosmeetika Eestis","alternateName":"Christina kosmeetika Eestis","potentialAction":[{"@type":"SearchAction","target":{"@type":"EntryPoint","urlTemplate":"https:\/\/christinakosmeetika.ee\/?s={search_term_string}"},"query-input":{"@type":"PropertyValueSpecification","valueRequired":true,"valueName":"search_term_string"}}],"inLanguage":"et"}]}},"_links":{"self":[{"href":"https:\/\/christinakosmeetika.ee\/et\/wp-json\/wp\/v2\/product\/4926","targetHints":{"allow":["GET"]}}],"collection":[{"href":"https:\/\/christinakosmeetika.ee\/et\/wp-json\/wp\/v2\/product"}],"about":[{"href":"https:\/\/christinakosmeetika.ee\/et\/wp-json\/wp\/v2\/types\/product"}],"wp:featuredmedia":[{"embeddable":true,"href":"https:\/\/christinakosmeetika.ee\/et\/wp-json\/wp\/v2\/media\/5732"}],"wp:attachment":[{"href":"https:\/\/christinakosmeetika.ee\/et\/wp-json\/wp\/v2\/media?parent=4926"}],"wp:term":[{"taxonomy":"product_brand","embeddable":true,"href":"https:\/\/christinakosmeetika.ee\/et\/wp-json\/wp\/v2\/product_brand?post=4926"},{"taxonomy":"product_cat","embeddable":true,"href":"https:\/\/christinakosmeetika.ee\/et\/wp-json\/wp\/v2\/product_cat?post=4926"},{"taxonomy":"product_tag","embeddable":true,"href":"https:\/\/christinakosmeetika.ee\/et\/wp-json\/wp\/v2\/product_tag?post=4926"}],"curies":[{"name":"wp","href":"https:\/\/api.w.org\/{rel}","templated":true}]}}