{"id":4925,"date":"2022-10-28T11:53:46","date_gmt":"2022-10-28T11:53:46","guid":{"rendered":"https:\/\/christinakosmeetika.ee\/product\/hydra-lactic-night-repair-taastav-ookreem-piimhappega-60-ml-chr934\/"},"modified":"2026-04-15T15:26:39","modified_gmt":"2026-04-15T12:26:39","slug":"hydra-lactic-night-repair-et","status":"publish","type":"product","link":"https:\/\/christinakosmeetika.ee\/et\/toode\/hydra-lactic-night-repair-et\/","title":{"rendered":"Line Repair Hydra Lactic Night Repair 60ml CHR934"},"content":{"rendered":"<p>\u00d6\u00f6kreem piimhappe ja niisutavate komponentidega silub nahka, \u00fchtlustab nahatooni, parandab elastsust ja taastab s\u00e4ra.<\/p>\n<p>Piimhape stimuleerib rakkude uuenemist ja omab noorendavat toimet, v\u00e4hendades kortsude n\u00e4htavust. Hydraviton kompleks &#8211; niisutav segu looduslikest niisutavatest faktoritest, sealhulgas naatriumlaktaadist. Cupua\u00e7u \u00f5li reguleerib niiskuse s\u00e4ilitamist ja lipiidide aktiivsust. Lagritsaekstrakt v\u00e4hendab h\u00fcperpigmentatsiooni, muutes n\u00e4onaha tooni \u00fchtlasemaks.<\/p>\n<p>Kasutusjuhend: Kandke kreem \u00fchtlase kihina n\u00e4ole, kaelale ja dekolteele. Masseerige kuni t\u00e4ieliku imendumiseni.<\/p>\n<p>Koostis:<\/p>\n<p>Deionized Water (Aqua), Lactic Acid, Glyceryl Stearate, Hydrogenated Polyisobutene, Cetyl Alcohol, Glycerin, Sodium Hydroxide, Peg-40 Stearate, Squalane, Theobroma Grandiflorum Seed Butter, Phenoxyethanol, Polyacrylate Crosspolymer-6, Sorbitan Tristearate, Caprylyl Glycol, Tocopheryl Acetate, Perfume, Butylene Glycol, Ethylhexylglycerin, Sodium Phytate, Glycyrrhiza Glabra (Licorice) Root Extract, Tea-Lactate, Sorbitol, Urea, Sodium Lactate, Serine, T-Butyl Alcohol, Sodium Chloride, Alcohol, Tocopherol, Allantoin, Alpha-Isomethyl Ionone, Citronnellol, Linalool , Limonene.<\/p>\n","protected":false},"excerpt":{"rendered":"<h4>Taastav \u00f6\u00f6kreem piimhappega<\/h4>\n","protected":false},"featured_media":5741,"template":"","meta":[],"product_brand":[],"product_cat":[149],"product_tag":[],"class_list":{"0":"post-4925","1":"product","2":"type-product","3":"status-publish","4":"has-post-thumbnail","6":"product_cat-kreem","7":"product_shipping_class-smart-itella-post","8":"pa_linii-kosmetiki-line-repair-et","9":"pa_reshenie-problem-ebauhtlane-nahatekstuur","10":"pa_reshenie-problem-ebauhtlane-nahatoon","11":"pa_reshenie-problem-vananemise-margid","12":"pa_tip-kozi-kuiv-et","13":"pa_tip-kozi-normaalne-et","14":"pa_tip-preparata-kreem","15":"pa_vremja-primenenija-oine","17":"first","18":"instock","19":"taxable","20":"shipping-taxable","21":"purchasable","22":"product-type-simple"},"yoast_head":"<!-- This site is optimized with the Yoast SEO plugin v27.5 - https:\/\/yoast.com\/product\/yoast-seo-wordpress\/ -->\n<title>Line Repair Hydra Lactic Night Repair 60ml CHR934 - Christinakosmeetika<\/title>\n<meta name=\"description\" content=\"Piimhappega \u00f6\u00f6kreem taastab naha tekstuuri ja tooni, suurendab elastsust ja siledust ning muudab jume s\u00e4ravaks.\" \/>\n<meta name=\"robots\" content=\"index, follow, max-snippet:-1, max-image-preview:large, max-video-preview:-1\" \/>\n<link rel=\"canonical\" href=\"https:\/\/christinakosmeetika.ee\/et\/toode\/hydra-lactic-night-repair-et\/\" \/>\n<meta property=\"og:locale\" content=\"et_EE\" \/>\n<meta property=\"og:type\" content=\"article\" \/>\n<meta property=\"og:title\" content=\"Line Repair Hydra Lactic Night Repair 60ml CHR934 - Christinakosmeetika\" \/>\n<meta property=\"og:description\" content=\"Piimhappega \u00f6\u00f6kreem taastab naha tekstuuri ja tooni, suurendab elastsust ja siledust ning muudab jume s\u00e4ravaks.\" \/>\n<meta property=\"og:url\" content=\"https:\/\/christinakosmeetika.ee\/et\/toode\/hydra-lactic-night-repair-et\/\" \/>\n<meta property=\"og:site_name\" content=\"Christinakosmeetika\" \/>\n<meta property=\"article:modified_time\" content=\"2026-04-15T12:26:39+00:00\" \/>\n<meta property=\"og:image\" content=\"https:\/\/christinakosmeetika.ee\/wp-content\/uploads\/2022\/10\/Lactic-Night-Repair500.png\" \/>\n\t<meta property=\"og:image:width\" content=\"500\" \/>\n\t<meta property=\"og:image:height\" content=\"500\" \/>\n\t<meta property=\"og:image:type\" content=\"image\/png\" \/>\n<meta name=\"twitter:card\" content=\"summary_large_image\" \/>\n<meta name=\"twitter:label1\" content=\"Est. reading time\" \/>\n\t<meta name=\"twitter:data1\" content=\"1 minut\" \/>\n<script type=\"application\/ld+json\" class=\"yoast-schema-graph\">{\"@context\":\"https:\\\/\\\/schema.org\",\"@graph\":[{\"@type\":\"WebPage\",\"@id\":\"https:\\\/\\\/christinakosmeetika.ee\\\/et\\\/toode\\\/hydra-lactic-night-repair-et\\\/\",\"url\":\"https:\\\/\\\/christinakosmeetika.ee\\\/et\\\/toode\\\/hydra-lactic-night-repair-et\\\/\",\"name\":\"Line Repair Hydra Lactic Night Repair 60ml CHR934 - Christinakosmeetika\",\"isPartOf\":{\"@id\":\"https:\\\/\\\/christinakosmeetika.ee\\\/#website\"},\"primaryImageOfPage\":{\"@id\":\"https:\\\/\\\/christinakosmeetika.ee\\\/et\\\/toode\\\/hydra-lactic-night-repair-et\\\/#primaryimage\"},\"image\":{\"@id\":\"https:\\\/\\\/christinakosmeetika.ee\\\/et\\\/toode\\\/hydra-lactic-night-repair-et\\\/#primaryimage\"},\"thumbnailUrl\":\"https:\\\/\\\/christinakosmeetika.ee\\\/wp-content\\\/uploads\\\/2022\\\/10\\\/Lactic-Night-Repair500.png\",\"datePublished\":\"2022-10-28T11:53:46+00:00\",\"dateModified\":\"2026-04-15T12:26:39+00:00\",\"description\":\"Piimhappega \u00f6\u00f6kreem taastab naha tekstuuri ja tooni, suurendab elastsust ja siledust ning muudab jume s\u00e4ravaks.\",\"breadcrumb\":{\"@id\":\"https:\\\/\\\/christinakosmeetika.ee\\\/et\\\/toode\\\/hydra-lactic-night-repair-et\\\/#breadcrumb\"},\"inLanguage\":\"et\",\"potentialAction\":[{\"@type\":\"ReadAction\",\"target\":[\"https:\\\/\\\/christinakosmeetika.ee\\\/et\\\/toode\\\/hydra-lactic-night-repair-et\\\/\"]}]},{\"@type\":\"ImageObject\",\"inLanguage\":\"et\",\"@id\":\"https:\\\/\\\/christinakosmeetika.ee\\\/et\\\/toode\\\/hydra-lactic-night-repair-et\\\/#primaryimage\",\"url\":\"https:\\\/\\\/christinakosmeetika.ee\\\/wp-content\\\/uploads\\\/2022\\\/10\\\/Lactic-Night-Repair500.png\",\"contentUrl\":\"https:\\\/\\\/christinakosmeetika.ee\\\/wp-content\\\/uploads\\\/2022\\\/10\\\/Lactic-Night-Repair500.png\",\"width\":500,\"height\":500},{\"@type\":\"BreadcrumbList\",\"@id\":\"https:\\\/\\\/christinakosmeetika.ee\\\/et\\\/toode\\\/hydra-lactic-night-repair-et\\\/#breadcrumb\",\"itemListElement\":[{\"@type\":\"ListItem\",\"position\":1,\"name\":\"\u0413\u043b\u0430\u0432\u043d\u0430\u044f \u0441\u0442\u0440\u0430\u043d\u0438\u0446\u0430\",\"item\":\"https:\\\/\\\/christinakosmeetika.ee\\\/et\\\/\"},{\"@type\":\"ListItem\",\"position\":2,\"name\":\"Pood\",\"item\":\"https:\\\/\\\/christinakosmeetika.ee\\\/et\\\/shop\\\/\"},{\"@type\":\"ListItem\",\"position\":3,\"name\":\"Line Repair Hydra Lactic Night Repair 60ml CHR934\"}]},{\"@type\":\"WebSite\",\"@id\":\"https:\\\/\\\/christinakosmeetika.ee\\\/#website\",\"url\":\"https:\\\/\\\/christinakosmeetika.ee\\\/\",\"name\":\"Christinakosmeetika\",\"description\":\"Christina kosmeetika Eestis\",\"alternateName\":\"Christina kosmeetika Eestis\",\"potentialAction\":[{\"@type\":\"SearchAction\",\"target\":{\"@type\":\"EntryPoint\",\"urlTemplate\":\"https:\\\/\\\/christinakosmeetika.ee\\\/?s={search_term_string}\"},\"query-input\":{\"@type\":\"PropertyValueSpecification\",\"valueRequired\":true,\"valueName\":\"search_term_string\"}}],\"inLanguage\":\"et\"}]}<\/script>\n<!-- \/ Yoast SEO plugin. -->","yoast_head_json":{"title":"Line Repair Hydra Lactic Night Repair 60ml CHR934 - Christinakosmeetika","description":"Piimhappega \u00f6\u00f6kreem taastab naha tekstuuri ja tooni, suurendab elastsust ja siledust ning muudab jume s\u00e4ravaks.","robots":{"index":"index","follow":"follow","max-snippet":"max-snippet:-1","max-image-preview":"max-image-preview:large","max-video-preview":"max-video-preview:-1"},"canonical":"https:\/\/christinakosmeetika.ee\/et\/toode\/hydra-lactic-night-repair-et\/","og_locale":"et_EE","og_type":"article","og_title":"Line Repair Hydra Lactic Night Repair 60ml CHR934 - Christinakosmeetika","og_description":"Piimhappega \u00f6\u00f6kreem taastab naha tekstuuri ja tooni, suurendab elastsust ja siledust ning muudab jume s\u00e4ravaks.","og_url":"https:\/\/christinakosmeetika.ee\/et\/toode\/hydra-lactic-night-repair-et\/","og_site_name":"Christinakosmeetika","article_modified_time":"2026-04-15T12:26:39+00:00","og_image":[{"width":500,"height":500,"url":"https:\/\/christinakosmeetika.ee\/wp-content\/uploads\/2022\/10\/Lactic-Night-Repair500.png","type":"image\/png"}],"twitter_card":"summary_large_image","twitter_misc":{"Est. reading time":"1 minut"},"schema":{"@context":"https:\/\/schema.org","@graph":[{"@type":"WebPage","@id":"https:\/\/christinakosmeetika.ee\/et\/toode\/hydra-lactic-night-repair-et\/","url":"https:\/\/christinakosmeetika.ee\/et\/toode\/hydra-lactic-night-repair-et\/","name":"Line Repair Hydra Lactic Night Repair 60ml CHR934 - Christinakosmeetika","isPartOf":{"@id":"https:\/\/christinakosmeetika.ee\/#website"},"primaryImageOfPage":{"@id":"https:\/\/christinakosmeetika.ee\/et\/toode\/hydra-lactic-night-repair-et\/#primaryimage"},"image":{"@id":"https:\/\/christinakosmeetika.ee\/et\/toode\/hydra-lactic-night-repair-et\/#primaryimage"},"thumbnailUrl":"https:\/\/christinakosmeetika.ee\/wp-content\/uploads\/2022\/10\/Lactic-Night-Repair500.png","datePublished":"2022-10-28T11:53:46+00:00","dateModified":"2026-04-15T12:26:39+00:00","description":"Piimhappega \u00f6\u00f6kreem taastab naha tekstuuri ja tooni, suurendab elastsust ja siledust ning muudab jume s\u00e4ravaks.","breadcrumb":{"@id":"https:\/\/christinakosmeetika.ee\/et\/toode\/hydra-lactic-night-repair-et\/#breadcrumb"},"inLanguage":"et","potentialAction":[{"@type":"ReadAction","target":["https:\/\/christinakosmeetika.ee\/et\/toode\/hydra-lactic-night-repair-et\/"]}]},{"@type":"ImageObject","inLanguage":"et","@id":"https:\/\/christinakosmeetika.ee\/et\/toode\/hydra-lactic-night-repair-et\/#primaryimage","url":"https:\/\/christinakosmeetika.ee\/wp-content\/uploads\/2022\/10\/Lactic-Night-Repair500.png","contentUrl":"https:\/\/christinakosmeetika.ee\/wp-content\/uploads\/2022\/10\/Lactic-Night-Repair500.png","width":500,"height":500},{"@type":"BreadcrumbList","@id":"https:\/\/christinakosmeetika.ee\/et\/toode\/hydra-lactic-night-repair-et\/#breadcrumb","itemListElement":[{"@type":"ListItem","position":1,"name":"\u0413\u043b\u0430\u0432\u043d\u0430\u044f \u0441\u0442\u0440\u0430\u043d\u0438\u0446\u0430","item":"https:\/\/christinakosmeetika.ee\/et\/"},{"@type":"ListItem","position":2,"name":"Pood","item":"https:\/\/christinakosmeetika.ee\/et\/shop\/"},{"@type":"ListItem","position":3,"name":"Line Repair Hydra Lactic Night Repair 60ml CHR934"}]},{"@type":"WebSite","@id":"https:\/\/christinakosmeetika.ee\/#website","url":"https:\/\/christinakosmeetika.ee\/","name":"Christinakosmeetika","description":"Christina kosmeetika Eestis","alternateName":"Christina kosmeetika Eestis","potentialAction":[{"@type":"SearchAction","target":{"@type":"EntryPoint","urlTemplate":"https:\/\/christinakosmeetika.ee\/?s={search_term_string}"},"query-input":{"@type":"PropertyValueSpecification","valueRequired":true,"valueName":"search_term_string"}}],"inLanguage":"et"}]}},"_links":{"self":[{"href":"https:\/\/christinakosmeetika.ee\/et\/wp-json\/wp\/v2\/product\/4925","targetHints":{"allow":["GET"]}}],"collection":[{"href":"https:\/\/christinakosmeetika.ee\/et\/wp-json\/wp\/v2\/product"}],"about":[{"href":"https:\/\/christinakosmeetika.ee\/et\/wp-json\/wp\/v2\/types\/product"}],"wp:featuredmedia":[{"embeddable":true,"href":"https:\/\/christinakosmeetika.ee\/et\/wp-json\/wp\/v2\/media\/5741"}],"wp:attachment":[{"href":"https:\/\/christinakosmeetika.ee\/et\/wp-json\/wp\/v2\/media?parent=4925"}],"wp:term":[{"taxonomy":"product_brand","embeddable":true,"href":"https:\/\/christinakosmeetika.ee\/et\/wp-json\/wp\/v2\/product_brand?post=4925"},{"taxonomy":"product_cat","embeddable":true,"href":"https:\/\/christinakosmeetika.ee\/et\/wp-json\/wp\/v2\/product_cat?post=4925"},{"taxonomy":"product_tag","embeddable":true,"href":"https:\/\/christinakosmeetika.ee\/et\/wp-json\/wp\/v2\/product_tag?post=4925"}],"curies":[{"name":"wp","href":"https:\/\/api.w.org\/{rel}","templated":true}]}}