{"id":4924,"date":"2022-10-28T12:38:35","date_gmt":"2022-10-28T12:38:35","guid":{"rendered":"https:\/\/christinakosmeetika.ee\/product\/hydra-lactic-active-toner-aktiivne-toonik-piimhappega-300-ml-chr931\/"},"modified":"2026-04-15T15:28:48","modified_gmt":"2026-04-15T12:28:48","slug":"hydra-lactic-active-toner-et","status":"publish","type":"product","link":"https:\/\/christinakosmeetika.ee\/et\/toode\/hydra-lactic-active-toner-et\/","title":{"rendered":"Line Repair Hydra Lactic Active Toner 300ml CHR931"},"content":{"rendered":"<p>Niisutavate koostisosade ja piimhappe kombinatsioon puhastab, niisutab ja \u00fchtlustab n\u00e4onahka. Taimedest saadud aktiivkomponendid rahustavad nahka, andes sellele v\u00e4rske ja tervisliku v\u00e4ljan\u00e4gemise.<\/p>\n<p>Taimedest saadud aktiivkomponendid rahustavad ja leevendavad p\u00f5letikku. Piimhape ergutab rakkude uuenemist ja omab noorendavat toimet, v\u00e4hendades kortsude n\u00e4htavust. Aquaderm kompleks suurendab naha niiskustaseme ja s\u00e4ilitab selle sileduse. Chlorella vulgaris ekstrakt &#8211; mikrovetikate kontsentraat, millel on v\u00f5imsad antioks\u00fcdant- ja vananemisvastased omadused, neutraliseerib vabu radikaale, tugevdades naha kaitsebarj\u00e4\u00e4ri.<\/p>\n<p><strong>Kasutusjuhend:<\/strong><\/p>\n<p>Kandke m\u00f5ned tilgad vatipadjale ja puhastage hoolikalt n\u00e4o- ja kaelanahk.<\/p>\n<p><strong>Koostis:<\/strong><\/p>\n<p>Deionized Water (Aqua), Lactic Acid, Glycerin, Sodium Hydroxide, Peg-7 Glyceryl Cocoate, Polysorbate 20, Hamamelis Virginiana (Witch Hazel) Extract, Phenoxyethanol, Panthenol, Sodium Pca,Sodium Lactate, Caprylyl Glycol, Butylene Glycol, Perfume, Ethylhexylglycerin, Sodium Phytate, Chlorella Vulgaris Extract, Sodium Hyaluronate, Plankton Extract, Arnica Montana Flower Extract, Benzyl Alcohol, Niacinamide, 1,2-Hexanediol, Glycine, Urea, Fructose, Sodium Benzoate, Arginine Ferulate, Potassium Sorbate, Alcohol, Inositol, Dehydroacetic Acid, Citric Acid,Alpha-Isomethyl Ionone, Citronnellol, Linalool, Limonene.<\/p>\n","protected":false},"excerpt":{"rendered":"<h4>Aktiivne toonik piimhappega<\/h4>\n","protected":false},"featured_media":5736,"template":"","meta":[],"product_brand":[],"product_cat":[185],"product_tag":[],"class_list":{"0":"post-4924","1":"product","2":"type-product","3":"status-publish","4":"has-post-thumbnail","6":"product_cat-toonik","7":"product_shipping_class-smart-itella-post","8":"pa_linii-kosmetiki-line-repair-et","9":"pa_reshenie-problem-dehudratsioon","10":"pa_reshenie-problem-ebauhtlane-nahatekstuur","11":"pa_reshenie-problem-ebauhtlane-nahatoon","12":"pa_tip-kozi-kombi-et","13":"pa_tip-kozi-normaalne-et","14":"pa_tip-kozi-rasvane-et","15":"pa_tip-preparata-toonik","16":"pa_vremja-primenenija-oine","17":"pa_vremja-primenenija-paevane","19":"first","20":"instock","21":"taxable","22":"shipping-taxable","23":"purchasable","24":"product-type-simple"},"yoast_head":"<!-- This site is optimized with the Yoast SEO plugin v27.5 - https:\/\/yoast.com\/product\/yoast-seo-wordpress\/ -->\n<title>Line Repair Hydra Lactic Active Toner 300ml CHR931 - Christinakosmeetika<\/title>\n<meta name=\"description\" content=\"Puhastab t\u00f5husalt, niisutab ja \u00fchtlustab jumet. Taimsed aktiivsed koostisosad rahustavad nahka, andes sellele v\u00e4rske ja terve v\u00e4limuse.\" \/>\n<meta name=\"robots\" content=\"index, follow, max-snippet:-1, max-image-preview:large, max-video-preview:-1\" \/>\n<link rel=\"canonical\" href=\"https:\/\/christinakosmeetika.ee\/et\/toode\/hydra-lactic-active-toner-et\/\" \/>\n<meta property=\"og:locale\" content=\"et_EE\" \/>\n<meta property=\"og:type\" content=\"article\" \/>\n<meta property=\"og:title\" content=\"Line Repair Hydra Lactic Active Toner 300ml CHR931 - Christinakosmeetika\" \/>\n<meta property=\"og:description\" content=\"Puhastab t\u00f5husalt, niisutab ja \u00fchtlustab jumet. Taimsed aktiivsed koostisosad rahustavad nahka, andes sellele v\u00e4rske ja terve v\u00e4limuse.\" \/>\n<meta property=\"og:url\" content=\"https:\/\/christinakosmeetika.ee\/et\/toode\/hydra-lactic-active-toner-et\/\" \/>\n<meta property=\"og:site_name\" content=\"Christinakosmeetika\" \/>\n<meta property=\"article:modified_time\" content=\"2026-04-15T12:28:48+00:00\" \/>\n<meta property=\"og:image\" content=\"https:\/\/christinakosmeetika.ee\/wp-content\/uploads\/2022\/10\/Hydra-Lactic-Active-Toner500.png\" \/>\n\t<meta property=\"og:image:width\" content=\"500\" \/>\n\t<meta property=\"og:image:height\" content=\"500\" \/>\n\t<meta property=\"og:image:type\" content=\"image\/png\" \/>\n<meta name=\"twitter:card\" content=\"summary_large_image\" \/>\n<meta name=\"twitter:label1\" content=\"Est. reading time\" \/>\n\t<meta name=\"twitter:data1\" content=\"1 minut\" \/>\n<script type=\"application\/ld+json\" class=\"yoast-schema-graph\">{\"@context\":\"https:\\\/\\\/schema.org\",\"@graph\":[{\"@type\":\"WebPage\",\"@id\":\"https:\\\/\\\/christinakosmeetika.ee\\\/et\\\/toode\\\/hydra-lactic-active-toner-et\\\/\",\"url\":\"https:\\\/\\\/christinakosmeetika.ee\\\/et\\\/toode\\\/hydra-lactic-active-toner-et\\\/\",\"name\":\"Line Repair Hydra Lactic Active Toner 300ml CHR931 - Christinakosmeetika\",\"isPartOf\":{\"@id\":\"https:\\\/\\\/christinakosmeetika.ee\\\/#website\"},\"primaryImageOfPage\":{\"@id\":\"https:\\\/\\\/christinakosmeetika.ee\\\/et\\\/toode\\\/hydra-lactic-active-toner-et\\\/#primaryimage\"},\"image\":{\"@id\":\"https:\\\/\\\/christinakosmeetika.ee\\\/et\\\/toode\\\/hydra-lactic-active-toner-et\\\/#primaryimage\"},\"thumbnailUrl\":\"https:\\\/\\\/christinakosmeetika.ee\\\/wp-content\\\/uploads\\\/2022\\\/10\\\/Hydra-Lactic-Active-Toner500.png\",\"datePublished\":\"2022-10-28T12:38:35+00:00\",\"dateModified\":\"2026-04-15T12:28:48+00:00\",\"description\":\"Puhastab t\u00f5husalt, niisutab ja \u00fchtlustab jumet. Taimsed aktiivsed koostisosad rahustavad nahka, andes sellele v\u00e4rske ja terve v\u00e4limuse.\",\"breadcrumb\":{\"@id\":\"https:\\\/\\\/christinakosmeetika.ee\\\/et\\\/toode\\\/hydra-lactic-active-toner-et\\\/#breadcrumb\"},\"inLanguage\":\"et\",\"potentialAction\":[{\"@type\":\"ReadAction\",\"target\":[\"https:\\\/\\\/christinakosmeetika.ee\\\/et\\\/toode\\\/hydra-lactic-active-toner-et\\\/\"]}]},{\"@type\":\"ImageObject\",\"inLanguage\":\"et\",\"@id\":\"https:\\\/\\\/christinakosmeetika.ee\\\/et\\\/toode\\\/hydra-lactic-active-toner-et\\\/#primaryimage\",\"url\":\"https:\\\/\\\/christinakosmeetika.ee\\\/wp-content\\\/uploads\\\/2022\\\/10\\\/Hydra-Lactic-Active-Toner500.png\",\"contentUrl\":\"https:\\\/\\\/christinakosmeetika.ee\\\/wp-content\\\/uploads\\\/2022\\\/10\\\/Hydra-Lactic-Active-Toner500.png\",\"width\":500,\"height\":500},{\"@type\":\"BreadcrumbList\",\"@id\":\"https:\\\/\\\/christinakosmeetika.ee\\\/et\\\/toode\\\/hydra-lactic-active-toner-et\\\/#breadcrumb\",\"itemListElement\":[{\"@type\":\"ListItem\",\"position\":1,\"name\":\"\u0413\u043b\u0430\u0432\u043d\u0430\u044f \u0441\u0442\u0440\u0430\u043d\u0438\u0446\u0430\",\"item\":\"https:\\\/\\\/christinakosmeetika.ee\\\/et\\\/\"},{\"@type\":\"ListItem\",\"position\":2,\"name\":\"Pood\",\"item\":\"https:\\\/\\\/christinakosmeetika.ee\\\/et\\\/shop\\\/\"},{\"@type\":\"ListItem\",\"position\":3,\"name\":\"Line Repair Hydra Lactic Active Toner 300ml CHR931\"}]},{\"@type\":\"WebSite\",\"@id\":\"https:\\\/\\\/christinakosmeetika.ee\\\/#website\",\"url\":\"https:\\\/\\\/christinakosmeetika.ee\\\/\",\"name\":\"Christinakosmeetika\",\"description\":\"Christina kosmeetika Eestis\",\"alternateName\":\"Christina kosmeetika Eestis\",\"potentialAction\":[{\"@type\":\"SearchAction\",\"target\":{\"@type\":\"EntryPoint\",\"urlTemplate\":\"https:\\\/\\\/christinakosmeetika.ee\\\/?s={search_term_string}\"},\"query-input\":{\"@type\":\"PropertyValueSpecification\",\"valueRequired\":true,\"valueName\":\"search_term_string\"}}],\"inLanguage\":\"et\"}]}<\/script>\n<!-- \/ Yoast SEO plugin. -->","yoast_head_json":{"title":"Line Repair Hydra Lactic Active Toner 300ml CHR931 - Christinakosmeetika","description":"Puhastab t\u00f5husalt, niisutab ja \u00fchtlustab jumet. Taimsed aktiivsed koostisosad rahustavad nahka, andes sellele v\u00e4rske ja terve v\u00e4limuse.","robots":{"index":"index","follow":"follow","max-snippet":"max-snippet:-1","max-image-preview":"max-image-preview:large","max-video-preview":"max-video-preview:-1"},"canonical":"https:\/\/christinakosmeetika.ee\/et\/toode\/hydra-lactic-active-toner-et\/","og_locale":"et_EE","og_type":"article","og_title":"Line Repair Hydra Lactic Active Toner 300ml CHR931 - Christinakosmeetika","og_description":"Puhastab t\u00f5husalt, niisutab ja \u00fchtlustab jumet. Taimsed aktiivsed koostisosad rahustavad nahka, andes sellele v\u00e4rske ja terve v\u00e4limuse.","og_url":"https:\/\/christinakosmeetika.ee\/et\/toode\/hydra-lactic-active-toner-et\/","og_site_name":"Christinakosmeetika","article_modified_time":"2026-04-15T12:28:48+00:00","og_image":[{"width":500,"height":500,"url":"https:\/\/christinakosmeetika.ee\/wp-content\/uploads\/2022\/10\/Hydra-Lactic-Active-Toner500.png","type":"image\/png"}],"twitter_card":"summary_large_image","twitter_misc":{"Est. reading time":"1 minut"},"schema":{"@context":"https:\/\/schema.org","@graph":[{"@type":"WebPage","@id":"https:\/\/christinakosmeetika.ee\/et\/toode\/hydra-lactic-active-toner-et\/","url":"https:\/\/christinakosmeetika.ee\/et\/toode\/hydra-lactic-active-toner-et\/","name":"Line Repair Hydra Lactic Active Toner 300ml CHR931 - Christinakosmeetika","isPartOf":{"@id":"https:\/\/christinakosmeetika.ee\/#website"},"primaryImageOfPage":{"@id":"https:\/\/christinakosmeetika.ee\/et\/toode\/hydra-lactic-active-toner-et\/#primaryimage"},"image":{"@id":"https:\/\/christinakosmeetika.ee\/et\/toode\/hydra-lactic-active-toner-et\/#primaryimage"},"thumbnailUrl":"https:\/\/christinakosmeetika.ee\/wp-content\/uploads\/2022\/10\/Hydra-Lactic-Active-Toner500.png","datePublished":"2022-10-28T12:38:35+00:00","dateModified":"2026-04-15T12:28:48+00:00","description":"Puhastab t\u00f5husalt, niisutab ja \u00fchtlustab jumet. Taimsed aktiivsed koostisosad rahustavad nahka, andes sellele v\u00e4rske ja terve v\u00e4limuse.","breadcrumb":{"@id":"https:\/\/christinakosmeetika.ee\/et\/toode\/hydra-lactic-active-toner-et\/#breadcrumb"},"inLanguage":"et","potentialAction":[{"@type":"ReadAction","target":["https:\/\/christinakosmeetika.ee\/et\/toode\/hydra-lactic-active-toner-et\/"]}]},{"@type":"ImageObject","inLanguage":"et","@id":"https:\/\/christinakosmeetika.ee\/et\/toode\/hydra-lactic-active-toner-et\/#primaryimage","url":"https:\/\/christinakosmeetika.ee\/wp-content\/uploads\/2022\/10\/Hydra-Lactic-Active-Toner500.png","contentUrl":"https:\/\/christinakosmeetika.ee\/wp-content\/uploads\/2022\/10\/Hydra-Lactic-Active-Toner500.png","width":500,"height":500},{"@type":"BreadcrumbList","@id":"https:\/\/christinakosmeetika.ee\/et\/toode\/hydra-lactic-active-toner-et\/#breadcrumb","itemListElement":[{"@type":"ListItem","position":1,"name":"\u0413\u043b\u0430\u0432\u043d\u0430\u044f \u0441\u0442\u0440\u0430\u043d\u0438\u0446\u0430","item":"https:\/\/christinakosmeetika.ee\/et\/"},{"@type":"ListItem","position":2,"name":"Pood","item":"https:\/\/christinakosmeetika.ee\/et\/shop\/"},{"@type":"ListItem","position":3,"name":"Line Repair Hydra Lactic Active Toner 300ml CHR931"}]},{"@type":"WebSite","@id":"https:\/\/christinakosmeetika.ee\/#website","url":"https:\/\/christinakosmeetika.ee\/","name":"Christinakosmeetika","description":"Christina kosmeetika Eestis","alternateName":"Christina kosmeetika Eestis","potentialAction":[{"@type":"SearchAction","target":{"@type":"EntryPoint","urlTemplate":"https:\/\/christinakosmeetika.ee\/?s={search_term_string}"},"query-input":{"@type":"PropertyValueSpecification","valueRequired":true,"valueName":"search_term_string"}}],"inLanguage":"et"}]}},"_links":{"self":[{"href":"https:\/\/christinakosmeetika.ee\/et\/wp-json\/wp\/v2\/product\/4924","targetHints":{"allow":["GET"]}}],"collection":[{"href":"https:\/\/christinakosmeetika.ee\/et\/wp-json\/wp\/v2\/product"}],"about":[{"href":"https:\/\/christinakosmeetika.ee\/et\/wp-json\/wp\/v2\/types\/product"}],"wp:featuredmedia":[{"embeddable":true,"href":"https:\/\/christinakosmeetika.ee\/et\/wp-json\/wp\/v2\/media\/5736"}],"wp:attachment":[{"href":"https:\/\/christinakosmeetika.ee\/et\/wp-json\/wp\/v2\/media?parent=4924"}],"wp:term":[{"taxonomy":"product_brand","embeddable":true,"href":"https:\/\/christinakosmeetika.ee\/et\/wp-json\/wp\/v2\/product_brand?post=4924"},{"taxonomy":"product_cat","embeddable":true,"href":"https:\/\/christinakosmeetika.ee\/et\/wp-json\/wp\/v2\/product_cat?post=4924"},{"taxonomy":"product_tag","embeddable":true,"href":"https:\/\/christinakosmeetika.ee\/et\/wp-json\/wp\/v2\/product_tag?post=4924"}],"curies":[{"name":"wp","href":"https:\/\/api.w.org\/{rel}","templated":true}]}}