{"id":4923,"date":"2022-10-28T12:42:28","date_gmt":"2022-10-28T12:42:28","guid":{"rendered":"https:\/\/christinakosmeetika.ee\/product\/hydra-orchid-hydration-mask-ultraniisutav-mask-orchid-60ml-chr923\/"},"modified":"2026-04-15T15:29:58","modified_gmt":"2026-04-15T12:29:58","slug":"hydra-orchid-hydration-mask-%d1%83%d0%b5","status":"publish","type":"product","link":"https:\/\/christinakosmeetika.ee\/et\/toode\/hydra-orchid-hydration-mask-%d1%83%d0%b5\/","title":{"rendered":"Line Repair Hydra Orchid Hydration Mask 60ml CHR923"},"content":{"rendered":"<p style=\"text-align: left;\">Ultra-niisutav mask silub ja niisutab nahka. H\u00fcaluroonhape, elastiini parandav, orhidee ja magnoolia ekstraktid s\u00e4ilitavad elastiini, et parandada elastsust. Cupuacu ja n\u00f5iapuu rahustavad punetust ja p\u00f5letikku, et parandada jumet.<\/p>\n<p style=\"text-align: left;\"><strong>Kasutamine:<\/strong><\/p>\n<p style=\"text-align: left;\">Kandke \u00fchtlaselt n\u00e4ole, kaelale ja dekolteepiirkonnale.\u00a0J\u00e4tke 10 minutiks. Eemaldage hoolikalt veega.<\/p>\n<p style=\"text-align: left;\"><strong>Koostis:<\/strong><\/p>\n<p style=\"text-align: left;\">Deionized Water (Aqua), Glycerin, Isodecyl Neopentanoate, Cetearyl Alcohol, Propanediol, Theobroma Grandiflorum Seed Butter, Sodium Acrylate Copolymer, Phenoxyethanol, Cetearyl Glucoside, Panthenol, Caprylic\/Capric Triglyceride, Lecithin, Caprylyl Glycol, Acrylates\/C10-30 Alkyl Acrylate Crosspolymer, Tocopheryl Acetate, Triethanolamine, Sodium Phytate, Perfume Ethylhexylglycerin, Sodium Hyaluronate, Orchid Extract, Glucose, Lactic Acid, Sorbitol, Tea-Lactate, Sodium Lactate, Urea, Serine, Magnolia Officinalis Bark Extract, 1,2-Hexanediol, Glycine Soja (Soybean) Protein, Sodium Chloride, Citric Acid, Polyglyceryl-10 Oleate, Apricot Kernel Oil Polyglyceryl-6 Esters, Allantoin, Potassium Sorbate, Glycine, Sodium Benzoate, Disodium Cocoamphodiacetate, Hydrolyzed Hyaluronic Acid, Sodium Dextran Sulfate, Valine, Tocopherol, Polyglyceryl-6 Oleate, Sorbitan Palmitate, Dicetyl Phosphate, Ci 14700, Magnolol\/Honokiol (Magnolia Oficinalis Bark Extract), Fd&amp;C Yellow No. 6 (Ci 15985), Benzyl Salicylate, Alpha-Isomethyl Ionone, Citronnellol, Limonene.<\/p>\n","protected":false},"excerpt":{"rendered":"<h4>Ultraniisutav mask &#8220;Orchid&#8221;<\/h4>\n","protected":false},"featured_media":5744,"template":"","meta":[],"product_brand":[],"product_cat":[150],"product_tag":[],"class_list":{"0":"post-4923","1":"product","2":"type-product","3":"status-publish","4":"has-post-thumbnail","6":"product_cat-mask-et","7":"product_shipping_class-smart-itella-post","8":"pa_linii-kosmetiki-line-repair-et","9":"pa_reshenie-problem-dehudratsioon","10":"pa_reshenie-problem-ebauhtlane-nahatekstuur","11":"pa_reshenie-problem-vahenenud-elastsus","12":"pa_reshenie-problem-suhost","13":"pa_tip-kozi-koik-nahatuubid-et","14":"pa_tip-kozi-kombi-et","15":"pa_tip-kozi-kuiv-et","16":"pa_tip-kozi-normaalne-et","17":"pa_tip-kozi-rasvane-et","18":"pa_tip-preparata-mask-et","19":"pa_vremja-primenenija-oine","20":"pa_vremja-primenenija-paevane","22":"first","23":"instock","24":"taxable","25":"shipping-taxable","26":"purchasable","27":"product-type-simple"},"yoast_head":"<!-- This site is optimized with the Yoast SEO plugin v27.5 - https:\/\/yoast.com\/product\/yoast-seo-wordpress\/ -->\n<title>Line Repair Hydra Orchid Hydration Mask 60ml CHR923 - Christinakosmeetika<\/title>\n<meta name=\"description\" content=\"Niisutav mask silub ja niisutab nahka. H\u00fcaluroonhape niisutab, samas kui Elastin Repair ning orhidee- ja magnooliaekstraktid aitavad s\u00e4ilitada elastiini.\" \/>\n<meta name=\"robots\" content=\"index, follow, max-snippet:-1, max-image-preview:large, max-video-preview:-1\" \/>\n<link rel=\"canonical\" href=\"https:\/\/christinakosmeetika.ee\/et\/toode\/hydra-orchid-hydration-mask-\u0443\u0435\/\" \/>\n<meta property=\"og:locale\" content=\"et_EE\" \/>\n<meta property=\"og:type\" content=\"article\" \/>\n<meta property=\"og:title\" content=\"Line Repair Hydra Orchid Hydration Mask 60ml CHR923 - Christinakosmeetika\" \/>\n<meta property=\"og:description\" content=\"Niisutav mask silub ja niisutab nahka. H\u00fcaluroonhape niisutab, samas kui Elastin Repair ning orhidee- ja magnooliaekstraktid aitavad s\u00e4ilitada elastiini.\" \/>\n<meta property=\"og:url\" content=\"https:\/\/christinakosmeetika.ee\/et\/toode\/hydra-orchid-hydration-mask-\u0443\u0435\/\" \/>\n<meta property=\"og:site_name\" content=\"Christinakosmeetika\" \/>\n<meta property=\"article:modified_time\" content=\"2026-04-15T12:29:58+00:00\" \/>\n<meta property=\"og:image\" content=\"https:\/\/christinakosmeetika.ee\/wp-content\/uploads\/2022\/10\/Hydra-Orchid-Hydration-Mask500.png\" \/>\n\t<meta property=\"og:image:width\" content=\"500\" \/>\n\t<meta property=\"og:image:height\" content=\"500\" \/>\n\t<meta property=\"og:image:type\" content=\"image\/png\" \/>\n<meta name=\"twitter:card\" content=\"summary_large_image\" \/>\n<meta name=\"twitter:label1\" content=\"Est. reading time\" \/>\n\t<meta name=\"twitter:data1\" content=\"1 minut\" \/>\n<script type=\"application\/ld+json\" class=\"yoast-schema-graph\">{\"@context\":\"https:\\\/\\\/schema.org\",\"@graph\":[{\"@type\":\"WebPage\",\"@id\":\"https:\\\/\\\/christinakosmeetika.ee\\\/et\\\/toode\\\/hydra-orchid-hydration-mask-%d1%83%d0%b5\\\/\",\"url\":\"https:\\\/\\\/christinakosmeetika.ee\\\/et\\\/toode\\\/hydra-orchid-hydration-mask-%d1%83%d0%b5\\\/\",\"name\":\"Line Repair Hydra Orchid Hydration Mask 60ml CHR923 - Christinakosmeetika\",\"isPartOf\":{\"@id\":\"https:\\\/\\\/christinakosmeetika.ee\\\/#website\"},\"primaryImageOfPage\":{\"@id\":\"https:\\\/\\\/christinakosmeetika.ee\\\/et\\\/toode\\\/hydra-orchid-hydration-mask-%d1%83%d0%b5\\\/#primaryimage\"},\"image\":{\"@id\":\"https:\\\/\\\/christinakosmeetika.ee\\\/et\\\/toode\\\/hydra-orchid-hydration-mask-%d1%83%d0%b5\\\/#primaryimage\"},\"thumbnailUrl\":\"https:\\\/\\\/christinakosmeetika.ee\\\/wp-content\\\/uploads\\\/2022\\\/10\\\/Hydra-Orchid-Hydration-Mask500.png\",\"datePublished\":\"2022-10-28T12:42:28+00:00\",\"dateModified\":\"2026-04-15T12:29:58+00:00\",\"description\":\"Niisutav mask silub ja niisutab nahka. H\u00fcaluroonhape niisutab, samas kui Elastin Repair ning orhidee- ja magnooliaekstraktid aitavad s\u00e4ilitada elastiini.\",\"breadcrumb\":{\"@id\":\"https:\\\/\\\/christinakosmeetika.ee\\\/et\\\/toode\\\/hydra-orchid-hydration-mask-%d1%83%d0%b5\\\/#breadcrumb\"},\"inLanguage\":\"et\",\"potentialAction\":[{\"@type\":\"ReadAction\",\"target\":[\"https:\\\/\\\/christinakosmeetika.ee\\\/et\\\/toode\\\/hydra-orchid-hydration-mask-%d1%83%d0%b5\\\/\"]}]},{\"@type\":\"ImageObject\",\"inLanguage\":\"et\",\"@id\":\"https:\\\/\\\/christinakosmeetika.ee\\\/et\\\/toode\\\/hydra-orchid-hydration-mask-%d1%83%d0%b5\\\/#primaryimage\",\"url\":\"https:\\\/\\\/christinakosmeetika.ee\\\/wp-content\\\/uploads\\\/2022\\\/10\\\/Hydra-Orchid-Hydration-Mask500.png\",\"contentUrl\":\"https:\\\/\\\/christinakosmeetika.ee\\\/wp-content\\\/uploads\\\/2022\\\/10\\\/Hydra-Orchid-Hydration-Mask500.png\",\"width\":500,\"height\":500},{\"@type\":\"BreadcrumbList\",\"@id\":\"https:\\\/\\\/christinakosmeetika.ee\\\/et\\\/toode\\\/hydra-orchid-hydration-mask-%d1%83%d0%b5\\\/#breadcrumb\",\"itemListElement\":[{\"@type\":\"ListItem\",\"position\":1,\"name\":\"\u0413\u043b\u0430\u0432\u043d\u0430\u044f \u0441\u0442\u0440\u0430\u043d\u0438\u0446\u0430\",\"item\":\"https:\\\/\\\/christinakosmeetika.ee\\\/et\\\/\"},{\"@type\":\"ListItem\",\"position\":2,\"name\":\"Pood\",\"item\":\"https:\\\/\\\/christinakosmeetika.ee\\\/et\\\/shop\\\/\"},{\"@type\":\"ListItem\",\"position\":3,\"name\":\"Line Repair Hydra Orchid Hydration Mask 60ml CHR923\"}]},{\"@type\":\"WebSite\",\"@id\":\"https:\\\/\\\/christinakosmeetika.ee\\\/#website\",\"url\":\"https:\\\/\\\/christinakosmeetika.ee\\\/\",\"name\":\"Christinakosmeetika\",\"description\":\"Christina kosmeetika Eestis\",\"alternateName\":\"Christina kosmeetika Eestis\",\"potentialAction\":[{\"@type\":\"SearchAction\",\"target\":{\"@type\":\"EntryPoint\",\"urlTemplate\":\"https:\\\/\\\/christinakosmeetika.ee\\\/?s={search_term_string}\"},\"query-input\":{\"@type\":\"PropertyValueSpecification\",\"valueRequired\":true,\"valueName\":\"search_term_string\"}}],\"inLanguage\":\"et\"}]}<\/script>\n<!-- \/ Yoast SEO plugin. -->","yoast_head_json":{"title":"Line Repair Hydra Orchid Hydration Mask 60ml CHR923 - Christinakosmeetika","description":"Niisutav mask silub ja niisutab nahka. H\u00fcaluroonhape niisutab, samas kui Elastin Repair ning orhidee- ja magnooliaekstraktid aitavad s\u00e4ilitada elastiini.","robots":{"index":"index","follow":"follow","max-snippet":"max-snippet:-1","max-image-preview":"max-image-preview:large","max-video-preview":"max-video-preview:-1"},"canonical":"https:\/\/christinakosmeetika.ee\/et\/toode\/hydra-orchid-hydration-mask-\u0443\u0435\/","og_locale":"et_EE","og_type":"article","og_title":"Line Repair Hydra Orchid Hydration Mask 60ml CHR923 - Christinakosmeetika","og_description":"Niisutav mask silub ja niisutab nahka. H\u00fcaluroonhape niisutab, samas kui Elastin Repair ning orhidee- ja magnooliaekstraktid aitavad s\u00e4ilitada elastiini.","og_url":"https:\/\/christinakosmeetika.ee\/et\/toode\/hydra-orchid-hydration-mask-\u0443\u0435\/","og_site_name":"Christinakosmeetika","article_modified_time":"2026-04-15T12:29:58+00:00","og_image":[{"width":500,"height":500,"url":"https:\/\/christinakosmeetika.ee\/wp-content\/uploads\/2022\/10\/Hydra-Orchid-Hydration-Mask500.png","type":"image\/png"}],"twitter_card":"summary_large_image","twitter_misc":{"Est. reading time":"1 minut"},"schema":{"@context":"https:\/\/schema.org","@graph":[{"@type":"WebPage","@id":"https:\/\/christinakosmeetika.ee\/et\/toode\/hydra-orchid-hydration-mask-%d1%83%d0%b5\/","url":"https:\/\/christinakosmeetika.ee\/et\/toode\/hydra-orchid-hydration-mask-%d1%83%d0%b5\/","name":"Line Repair Hydra Orchid Hydration Mask 60ml CHR923 - Christinakosmeetika","isPartOf":{"@id":"https:\/\/christinakosmeetika.ee\/#website"},"primaryImageOfPage":{"@id":"https:\/\/christinakosmeetika.ee\/et\/toode\/hydra-orchid-hydration-mask-%d1%83%d0%b5\/#primaryimage"},"image":{"@id":"https:\/\/christinakosmeetika.ee\/et\/toode\/hydra-orchid-hydration-mask-%d1%83%d0%b5\/#primaryimage"},"thumbnailUrl":"https:\/\/christinakosmeetika.ee\/wp-content\/uploads\/2022\/10\/Hydra-Orchid-Hydration-Mask500.png","datePublished":"2022-10-28T12:42:28+00:00","dateModified":"2026-04-15T12:29:58+00:00","description":"Niisutav mask silub ja niisutab nahka. H\u00fcaluroonhape niisutab, samas kui Elastin Repair ning orhidee- ja magnooliaekstraktid aitavad s\u00e4ilitada elastiini.","breadcrumb":{"@id":"https:\/\/christinakosmeetika.ee\/et\/toode\/hydra-orchid-hydration-mask-%d1%83%d0%b5\/#breadcrumb"},"inLanguage":"et","potentialAction":[{"@type":"ReadAction","target":["https:\/\/christinakosmeetika.ee\/et\/toode\/hydra-orchid-hydration-mask-%d1%83%d0%b5\/"]}]},{"@type":"ImageObject","inLanguage":"et","@id":"https:\/\/christinakosmeetika.ee\/et\/toode\/hydra-orchid-hydration-mask-%d1%83%d0%b5\/#primaryimage","url":"https:\/\/christinakosmeetika.ee\/wp-content\/uploads\/2022\/10\/Hydra-Orchid-Hydration-Mask500.png","contentUrl":"https:\/\/christinakosmeetika.ee\/wp-content\/uploads\/2022\/10\/Hydra-Orchid-Hydration-Mask500.png","width":500,"height":500},{"@type":"BreadcrumbList","@id":"https:\/\/christinakosmeetika.ee\/et\/toode\/hydra-orchid-hydration-mask-%d1%83%d0%b5\/#breadcrumb","itemListElement":[{"@type":"ListItem","position":1,"name":"\u0413\u043b\u0430\u0432\u043d\u0430\u044f \u0441\u0442\u0440\u0430\u043d\u0438\u0446\u0430","item":"https:\/\/christinakosmeetika.ee\/et\/"},{"@type":"ListItem","position":2,"name":"Pood","item":"https:\/\/christinakosmeetika.ee\/et\/shop\/"},{"@type":"ListItem","position":3,"name":"Line Repair Hydra Orchid Hydration Mask 60ml CHR923"}]},{"@type":"WebSite","@id":"https:\/\/christinakosmeetika.ee\/#website","url":"https:\/\/christinakosmeetika.ee\/","name":"Christinakosmeetika","description":"Christina kosmeetika Eestis","alternateName":"Christina kosmeetika Eestis","potentialAction":[{"@type":"SearchAction","target":{"@type":"EntryPoint","urlTemplate":"https:\/\/christinakosmeetika.ee\/?s={search_term_string}"},"query-input":{"@type":"PropertyValueSpecification","valueRequired":true,"valueName":"search_term_string"}}],"inLanguage":"et"}]}},"_links":{"self":[{"href":"https:\/\/christinakosmeetika.ee\/et\/wp-json\/wp\/v2\/product\/4923","targetHints":{"allow":["GET"]}}],"collection":[{"href":"https:\/\/christinakosmeetika.ee\/et\/wp-json\/wp\/v2\/product"}],"about":[{"href":"https:\/\/christinakosmeetika.ee\/et\/wp-json\/wp\/v2\/types\/product"}],"wp:featuredmedia":[{"embeddable":true,"href":"https:\/\/christinakosmeetika.ee\/et\/wp-json\/wp\/v2\/media\/5744"}],"wp:attachment":[{"href":"https:\/\/christinakosmeetika.ee\/et\/wp-json\/wp\/v2\/media?parent=4923"}],"wp:term":[{"taxonomy":"product_brand","embeddable":true,"href":"https:\/\/christinakosmeetika.ee\/et\/wp-json\/wp\/v2\/product_brand?post=4923"},{"taxonomy":"product_cat","embeddable":true,"href":"https:\/\/christinakosmeetika.ee\/et\/wp-json\/wp\/v2\/product_cat?post=4923"},{"taxonomy":"product_tag","embeddable":true,"href":"https:\/\/christinakosmeetika.ee\/et\/wp-json\/wp\/v2\/product_tag?post=4923"}],"curies":[{"name":"wp","href":"https:\/\/api.w.org\/{rel}","templated":true}]}}