{"id":4922,"date":"2022-10-28T12:59:58","date_gmt":"2022-10-28T12:59:58","guid":{"rendered":"https:\/\/christinakosmeetika.ee\/product\/hydra-ha-eye-neck-serum-seerum-silmaumbruse-ja-kaela-nahale-hualuroonhappega-30ml-chr938\/"},"modified":"2026-04-15T15:31:31","modified_gmt":"2026-04-15T12:31:31","slug":"hydra-ha-eye-neck-serum-seerum-et","status":"publish","type":"product","link":"https:\/\/christinakosmeetika.ee\/et\/toode\/hydra-ha-eye-neck-serum-seerum-et\/","title":{"rendered":"Line Repair Hydra HA Eye &#038; Neck Serum 30ml CHR938"},"content":{"rendered":"<p>H\u00fcaluroonhappega silmaseerum igap\u00e4evaseks kasutamiseks. Leevendab magamata \u00f6\u00f6de j\u00e4ljed ja v\u00f5itleb vananemise m\u00e4rkidega. Sisaldab puhast h\u00fcaluroonhapet ja aktiivset silma\u00fcmbruse kompleksi, mis t\u00f5mbab ligi ja hoiab vett, et siluda peeneid jooni ja kortse. Leesika ekstrakt stimuleerib kollageeni s\u00fcnteesi, antioks\u00fcdandid kaitsevad \u00f5rna silmanahka vabade radikaalide negatiivse m\u00f5ju eest.<\/p>\n<p><strong>Kasutamine:<\/strong><\/p>\n<p>Kandke \u00f5huke kiht silmade, kaela ja dekolteepiirkonna nahale. Kasutada hommikul ja \u00f5htul.<\/p>\n<p><strong>Koostis:<\/strong><\/p>\n<p>Deionized Water (Aqua), Glycerin, Hamamelis Virginiana (Witch Hazel) Extract, Phenoxyethanol, Polysorbate 20, Acrylates\/C10-30 Alkyl Acrylate Crosspolymer, Triethanolamine, Caprylyl Glycol , Butylene Glycol, Sodium Hyaluronate, Sodium Phytate,Arctostaphylos Uva Ursi Leaf Extract, Ethylhexylglycerin, Lactose, Hydrolyzed Rice Bran Protein, Centella Asiatica Extract, 1,2-Hexanediol,Cellulose, Benzyl Alcohol, Superoxide Dismutase, Sodium Benzoate, Glycine Soja (Soybean) Protein, Tocopheryl Acetate, Hydroxypropyl Methylcellulose, Ci 77492, Sodium Dextran Sulfate, Chromium Hydroxide Green (Ci 77289), Ultramarines (Ci 77007), Potassium Sorbate, Iron Oxides, Retinyl Palmitate, Dehydroacetic Acid, Fd&amp;C Blue No. 1 (Ci 42090).<\/p>\n","protected":false},"excerpt":{"rendered":"<h4>Seerum silma\u00fcmbruse ja kaela nahale h\u00fcaluroonhappega<\/h4>\n","protected":false},"featured_media":5424,"template":"","meta":[],"product_brand":[],"product_cat":[182],"product_tag":[],"class_list":{"0":"post-4922","1":"product","2":"type-product","3":"status-publish","4":"has-post-thumbnail","6":"product_cat-seerum","7":"product_shipping_class-smart-itella-post","8":"pa_linii-kosmetiki-line-repair-et","9":"pa_reshenie-problem-dehudratsioon","10":"pa_reshenie-problem-tumedad-ringid","11":"pa_reshenie-problem-turse-silmade-all","12":"pa_reshenie-problem-vananemise-margid","13":"pa_tip-kozi-koik-nahatuubid-et","14":"pa_tip-kozi-kombi-et","15":"pa_tip-kozi-kuiv-et","16":"pa_tip-kozi-normaalne-et","17":"pa_tip-kozi-rasvane-et","18":"pa_tip-preparata-seerum","19":"pa_vremja-primenenija-oine","20":"pa_vremja-primenenija-paevane","22":"first","23":"instock","24":"taxable","25":"shipping-taxable","26":"purchasable","27":"product-type-simple"},"yoast_head":"<!-- This site is optimized with the Yoast SEO plugin v27.5 - https:\/\/yoast.com\/product\/yoast-seo-wordpress\/ -->\n<title>Line Repair Hydra HA Eye &amp; Neck Serum 30ml CHR938 - Christinakosmeetika<\/title>\n<meta name=\"description\" content=\"Sisaldab puhast h\u00fcaluroonhapet ja silma\u00fcmbruse jaoks m\u00f5eldud aktiivset kompleksi, mis seob ja hoiab vett, siludes nii s\u00fcgavaid kui ka pindmisi kortse.\" \/>\n<meta name=\"robots\" content=\"index, follow, max-snippet:-1, max-image-preview:large, max-video-preview:-1\" \/>\n<link rel=\"canonical\" href=\"https:\/\/christinakosmeetika.ee\/product\/hydra-ha-eye-neck-serum\/\" \/>\n<meta property=\"og:locale\" content=\"et_EE\" \/>\n<meta property=\"og:type\" content=\"article\" \/>\n<meta property=\"og:title\" content=\"Line Repair Hydra HA Eye &amp; Neck Serum 30ml CHR938 - Christinakosmeetika\" \/>\n<meta property=\"og:description\" content=\"Sisaldab puhast h\u00fcaluroonhapet ja silma\u00fcmbruse jaoks m\u00f5eldud aktiivset kompleksi, mis seob ja hoiab vett, siludes nii s\u00fcgavaid kui ka pindmisi kortse.\" \/>\n<meta property=\"og:url\" content=\"https:\/\/christinakosmeetika.ee\/product\/hydra-ha-eye-neck-serum\/\" \/>\n<meta property=\"og:site_name\" content=\"Christinakosmeetika\" \/>\n<meta property=\"article:modified_time\" content=\"2026-04-15T12:31:31+00:00\" \/>\n<meta property=\"og:image\" content=\"https:\/\/christinakosmeetika.ee\/wp-content\/uploads\/2022\/10\/HA-Eye-Neck-Serum450.jpg\" \/>\n\t<meta property=\"og:image:width\" content=\"450\" \/>\n\t<meta property=\"og:image:height\" content=\"450\" \/>\n\t<meta property=\"og:image:type\" content=\"image\/jpeg\" \/>\n<meta name=\"twitter:card\" content=\"summary_large_image\" \/>\n<meta name=\"twitter:label1\" content=\"Est. reading time\" \/>\n\t<meta name=\"twitter:data1\" content=\"1 minut\" \/>\n<script type=\"application\/ld+json\" class=\"yoast-schema-graph\">{\"@context\":\"https:\\\/\\\/schema.org\",\"@graph\":[{\"@type\":\"WebPage\",\"@id\":\"https:\\\/\\\/christinakosmeetika.ee\\\/product\\\/hydra-ha-eye-neck-serum\\\/\",\"url\":\"https:\\\/\\\/christinakosmeetika.ee\\\/product\\\/hydra-ha-eye-neck-serum\\\/\",\"name\":\"Line Repair Hydra HA Eye & Neck Serum 30ml CHR938 - Christinakosmeetika\",\"isPartOf\":{\"@id\":\"https:\\\/\\\/christinakosmeetika.ee\\\/#website\"},\"primaryImageOfPage\":{\"@id\":\"https:\\\/\\\/christinakosmeetika.ee\\\/product\\\/hydra-ha-eye-neck-serum\\\/#primaryimage\"},\"image\":{\"@id\":\"https:\\\/\\\/christinakosmeetika.ee\\\/product\\\/hydra-ha-eye-neck-serum\\\/#primaryimage\"},\"thumbnailUrl\":\"https:\\\/\\\/christinakosmeetika.ee\\\/wp-content\\\/uploads\\\/2022\\\/10\\\/HA-Eye-Neck-Serum450.jpg\",\"datePublished\":\"2022-10-28T12:59:58+00:00\",\"dateModified\":\"2026-04-15T12:31:31+00:00\",\"description\":\"Sisaldab puhast h\u00fcaluroonhapet ja silma\u00fcmbruse jaoks m\u00f5eldud aktiivset kompleksi, mis seob ja hoiab vett, siludes nii s\u00fcgavaid kui ka pindmisi kortse.\",\"breadcrumb\":{\"@id\":\"https:\\\/\\\/christinakosmeetika.ee\\\/product\\\/hydra-ha-eye-neck-serum\\\/#breadcrumb\"},\"inLanguage\":\"et\",\"potentialAction\":[{\"@type\":\"ReadAction\",\"target\":[\"https:\\\/\\\/christinakosmeetika.ee\\\/product\\\/hydra-ha-eye-neck-serum\\\/\"]}]},{\"@type\":\"ImageObject\",\"inLanguage\":\"et\",\"@id\":\"https:\\\/\\\/christinakosmeetika.ee\\\/product\\\/hydra-ha-eye-neck-serum\\\/#primaryimage\",\"url\":\"https:\\\/\\\/christinakosmeetika.ee\\\/wp-content\\\/uploads\\\/2022\\\/10\\\/HA-Eye-Neck-Serum450.jpg\",\"contentUrl\":\"https:\\\/\\\/christinakosmeetika.ee\\\/wp-content\\\/uploads\\\/2022\\\/10\\\/HA-Eye-Neck-Serum450.jpg\",\"width\":450,\"height\":450},{\"@type\":\"BreadcrumbList\",\"@id\":\"https:\\\/\\\/christinakosmeetika.ee\\\/product\\\/hydra-ha-eye-neck-serum\\\/#breadcrumb\",\"itemListElement\":[{\"@type\":\"ListItem\",\"position\":1,\"name\":\"\u0413\u043b\u0430\u0432\u043d\u0430\u044f \u0441\u0442\u0440\u0430\u043d\u0438\u0446\u0430\",\"item\":\"https:\\\/\\\/christinakosmeetika.ee\\\/et\\\/\"},{\"@type\":\"ListItem\",\"position\":2,\"name\":\"Pood\",\"item\":\"https:\\\/\\\/christinakosmeetika.ee\\\/et\\\/shop\\\/\"},{\"@type\":\"ListItem\",\"position\":3,\"name\":\"Line Repair Hydra HA Eye &#038; Neck Serum 30ml CHR938\"}]},{\"@type\":\"WebSite\",\"@id\":\"https:\\\/\\\/christinakosmeetika.ee\\\/#website\",\"url\":\"https:\\\/\\\/christinakosmeetika.ee\\\/\",\"name\":\"Christinakosmeetika\",\"description\":\"Christina kosmeetika Eestis\",\"alternateName\":\"Christina kosmeetika Eestis\",\"potentialAction\":[{\"@type\":\"SearchAction\",\"target\":{\"@type\":\"EntryPoint\",\"urlTemplate\":\"https:\\\/\\\/christinakosmeetika.ee\\\/?s={search_term_string}\"},\"query-input\":{\"@type\":\"PropertyValueSpecification\",\"valueRequired\":true,\"valueName\":\"search_term_string\"}}],\"inLanguage\":\"et\"}]}<\/script>\n<!-- \/ Yoast SEO plugin. -->","yoast_head_json":{"title":"Line Repair Hydra HA Eye & Neck Serum 30ml CHR938 - Christinakosmeetika","description":"Sisaldab puhast h\u00fcaluroonhapet ja silma\u00fcmbruse jaoks m\u00f5eldud aktiivset kompleksi, mis seob ja hoiab vett, siludes nii s\u00fcgavaid kui ka pindmisi kortse.","robots":{"index":"index","follow":"follow","max-snippet":"max-snippet:-1","max-image-preview":"max-image-preview:large","max-video-preview":"max-video-preview:-1"},"canonical":"https:\/\/christinakosmeetika.ee\/product\/hydra-ha-eye-neck-serum\/","og_locale":"et_EE","og_type":"article","og_title":"Line Repair Hydra HA Eye & Neck Serum 30ml CHR938 - Christinakosmeetika","og_description":"Sisaldab puhast h\u00fcaluroonhapet ja silma\u00fcmbruse jaoks m\u00f5eldud aktiivset kompleksi, mis seob ja hoiab vett, siludes nii s\u00fcgavaid kui ka pindmisi kortse.","og_url":"https:\/\/christinakosmeetika.ee\/product\/hydra-ha-eye-neck-serum\/","og_site_name":"Christinakosmeetika","article_modified_time":"2026-04-15T12:31:31+00:00","og_image":[{"width":450,"height":450,"url":"https:\/\/christinakosmeetika.ee\/wp-content\/uploads\/2022\/10\/HA-Eye-Neck-Serum450.jpg","type":"image\/jpeg"}],"twitter_card":"summary_large_image","twitter_misc":{"Est. reading time":"1 minut"},"schema":{"@context":"https:\/\/schema.org","@graph":[{"@type":"WebPage","@id":"https:\/\/christinakosmeetika.ee\/product\/hydra-ha-eye-neck-serum\/","url":"https:\/\/christinakosmeetika.ee\/product\/hydra-ha-eye-neck-serum\/","name":"Line Repair Hydra HA Eye & Neck Serum 30ml CHR938 - Christinakosmeetika","isPartOf":{"@id":"https:\/\/christinakosmeetika.ee\/#website"},"primaryImageOfPage":{"@id":"https:\/\/christinakosmeetika.ee\/product\/hydra-ha-eye-neck-serum\/#primaryimage"},"image":{"@id":"https:\/\/christinakosmeetika.ee\/product\/hydra-ha-eye-neck-serum\/#primaryimage"},"thumbnailUrl":"https:\/\/christinakosmeetika.ee\/wp-content\/uploads\/2022\/10\/HA-Eye-Neck-Serum450.jpg","datePublished":"2022-10-28T12:59:58+00:00","dateModified":"2026-04-15T12:31:31+00:00","description":"Sisaldab puhast h\u00fcaluroonhapet ja silma\u00fcmbruse jaoks m\u00f5eldud aktiivset kompleksi, mis seob ja hoiab vett, siludes nii s\u00fcgavaid kui ka pindmisi kortse.","breadcrumb":{"@id":"https:\/\/christinakosmeetika.ee\/product\/hydra-ha-eye-neck-serum\/#breadcrumb"},"inLanguage":"et","potentialAction":[{"@type":"ReadAction","target":["https:\/\/christinakosmeetika.ee\/product\/hydra-ha-eye-neck-serum\/"]}]},{"@type":"ImageObject","inLanguage":"et","@id":"https:\/\/christinakosmeetika.ee\/product\/hydra-ha-eye-neck-serum\/#primaryimage","url":"https:\/\/christinakosmeetika.ee\/wp-content\/uploads\/2022\/10\/HA-Eye-Neck-Serum450.jpg","contentUrl":"https:\/\/christinakosmeetika.ee\/wp-content\/uploads\/2022\/10\/HA-Eye-Neck-Serum450.jpg","width":450,"height":450},{"@type":"BreadcrumbList","@id":"https:\/\/christinakosmeetika.ee\/product\/hydra-ha-eye-neck-serum\/#breadcrumb","itemListElement":[{"@type":"ListItem","position":1,"name":"\u0413\u043b\u0430\u0432\u043d\u0430\u044f \u0441\u0442\u0440\u0430\u043d\u0438\u0446\u0430","item":"https:\/\/christinakosmeetika.ee\/et\/"},{"@type":"ListItem","position":2,"name":"Pood","item":"https:\/\/christinakosmeetika.ee\/et\/shop\/"},{"@type":"ListItem","position":3,"name":"Line Repair Hydra HA Eye &#038; Neck Serum 30ml CHR938"}]},{"@type":"WebSite","@id":"https:\/\/christinakosmeetika.ee\/#website","url":"https:\/\/christinakosmeetika.ee\/","name":"Christinakosmeetika","description":"Christina kosmeetika Eestis","alternateName":"Christina kosmeetika Eestis","potentialAction":[{"@type":"SearchAction","target":{"@type":"EntryPoint","urlTemplate":"https:\/\/christinakosmeetika.ee\/?s={search_term_string}"},"query-input":{"@type":"PropertyValueSpecification","valueRequired":true,"valueName":"search_term_string"}}],"inLanguage":"et"}]}},"_links":{"self":[{"href":"https:\/\/christinakosmeetika.ee\/et\/wp-json\/wp\/v2\/product\/4922","targetHints":{"allow":["GET"]}}],"collection":[{"href":"https:\/\/christinakosmeetika.ee\/et\/wp-json\/wp\/v2\/product"}],"about":[{"href":"https:\/\/christinakosmeetika.ee\/et\/wp-json\/wp\/v2\/types\/product"}],"wp:featuredmedia":[{"embeddable":true,"href":"https:\/\/christinakosmeetika.ee\/et\/wp-json\/wp\/v2\/media\/5424"}],"wp:attachment":[{"href":"https:\/\/christinakosmeetika.ee\/et\/wp-json\/wp\/v2\/media?parent=4922"}],"wp:term":[{"taxonomy":"product_brand","embeddable":true,"href":"https:\/\/christinakosmeetika.ee\/et\/wp-json\/wp\/v2\/product_brand?post=4922"},{"taxonomy":"product_cat","embeddable":true,"href":"https:\/\/christinakosmeetika.ee\/et\/wp-json\/wp\/v2\/product_cat?post=4922"},{"taxonomy":"product_tag","embeddable":true,"href":"https:\/\/christinakosmeetika.ee\/et\/wp-json\/wp\/v2\/product_tag?post=4922"}],"curies":[{"name":"wp","href":"https:\/\/api.w.org\/{rel}","templated":true}]}}