{"id":4921,"date":"2022-10-28T13:13:14","date_gmt":"2022-10-28T13:13:14","guid":{"rendered":"https:\/\/christinakosmeetika.ee\/product\/hydra-aha-bha-active-cleanser-puhastav-aktiivne-geel-aha-bha-hapetega-250-ml-chr930\/"},"modified":"2026-04-10T10:30:00","modified_gmt":"2026-04-10T07:30:00","slug":"hydra-aha-bha-active-cleanser","status":"publish","type":"product","link":"https:\/\/christinakosmeetika.ee\/et\/toode\/hydra-aha-bha-active-cleanser\/","title":{"rendered":"Line Repair Hydra AHA-BHA Active Cleanser 250ml CHR930"},"content":{"rendered":"<p><span style=\"font-weight: 400;\">AHA-BHA hapetega geel on m\u00f5eldud sarvkihi surnud rakkude p\u00f5hjalikuks puhastamiseks ja koorimiseks. Parandab tekstuuri ja eemaldab pooridest liigse rasu.<\/span><\/p>\n<p>P\u00f5letikuvastased ekstraktid rahustavad nahka, samas kui roheline tee eemaldab toksiine ja kaitseb.<\/p>\n<p>Gl\u00fckool-, sidrun- ja salits\u00fc\u00fclhape soodustavad rakkude uuendamist. Need v\u00e4hendavad kortsude n\u00e4htavust ja tasandavad tekstuuri. Rohelise tee ekstrakt on v\u00f5imas antioks\u00fcdant. Sellel on pinguldav ja p\u00f5letikuvastane toime, samuti eemaldab see toksiine. Taimsetel ekstraktidel on \u00e4rritust leevendav, antimikroobne toime ning need niisutavad, kaitsevad ja rahustavad nahka.<\/p>\n<p><span style=\"font-weight: 400;\"><strong>Kasutamine:<\/strong> <\/span><\/p>\n<p><span style=\"font-weight: 400;\">Kandke v\u00e4ike kogus n\u00e4ole ja kaelale ning masseerige \u00f5rnalt. Pesta maha sooja veega.<\/span><\/p>\n<p><strong>Koostis:<\/strong><\/p>\n<p>Deionized Water (Aqua), Sodium Coceth Sulfate, Glycerin, Decyl Glucoside, Sodium Chloride, Glycolic Acid, Polysorbate 20, Cocamidopropyl Betaine, Phenoxyethanol, Sd Alcohol 40, Sodium Hydroxide, Alcohol, Perfume, Caprylyl Glycol, Citric Acid, Salicylic Acid, Ethylhexylglycerin, Butylene Glycol, Sodium Phytate, Cucumis Sativus (Cucumber) Fruit Extract, Cocamidopropyl Dimethylamine, Coconut Acid, Sodium Benzoate, Camellia Sinensis Leaf Extract, Acetic Acid, Benzyl Salicylate, Alpha-Isomethyl Ionone, Citronnellol, Limonene.<\/p>\n","protected":false},"excerpt":{"rendered":"<h4>Puhastav aktiivne geel AHA-BHA hapetega<\/h4>\n","protected":false},"featured_media":5730,"template":"","meta":[],"product_brand":[],"product_cat":[147,485],"product_tag":[],"class_list":{"0":"post-4921","1":"product","2":"type-product","3":"status-publish","4":"has-post-thumbnail","6":"product_cat-geel-et","7":"product_cat-line-repair-et","8":"product_shipping_class-smart-itella-post","9":"pa_linii-kosmetiki-line-repair-et","10":"pa_reshenie-problem-ebauhtlane-nahatekstuur","11":"pa_reshenie-problem-saastunud-nahk","12":"pa_reshenie-problem-oline-laige","13":"pa_tip-kozi-kombi-et","14":"pa_tip-kozi-normaalne-et","15":"pa_tip-kozi-rasvane-et","16":"pa_tip-preparata-geel","17":"pa_vremja-primenenija-oine","18":"pa_vremja-primenenija-paevane","20":"first","21":"instock","22":"taxable","23":"shipping-taxable","24":"purchasable","25":"product-type-simple"},"yoast_head":"<!-- This site is optimized with the Yoast SEO plugin v27.5 - https:\/\/yoast.com\/product\/yoast-seo-wordpress\/ -->\n<title>Line Repair Hydra AHA-BHA Active Cleanser 250ml CHR930 - Christinakosmeetika<\/title>\n<meta name=\"description\" content=\"M\u00f5eldud naha p\u00f5hjalikuks puhastamiseks ja sarvkihi surnud rakkude koorimiseks. Parandab naha tekstuuri ja eemaldab pooridest liigse rasu.\" \/>\n<meta name=\"robots\" content=\"index, follow, max-snippet:-1, max-image-preview:large, max-video-preview:-1\" \/>\n<link rel=\"canonical\" href=\"https:\/\/christinakosmeetika.ee\/et\/toode\/hydra-aha-bha-active-cleanser\/\" \/>\n<meta property=\"og:locale\" content=\"et_EE\" \/>\n<meta property=\"og:type\" content=\"article\" \/>\n<meta property=\"og:title\" content=\"Line Repair Hydra AHA-BHA Active Cleanser 250ml CHR930 - Christinakosmeetika\" \/>\n<meta property=\"og:description\" content=\"M\u00f5eldud naha p\u00f5hjalikuks puhastamiseks ja sarvkihi surnud rakkude koorimiseks. Parandab naha tekstuuri ja eemaldab pooridest liigse rasu.\" \/>\n<meta property=\"og:url\" content=\"https:\/\/christinakosmeetika.ee\/et\/toode\/hydra-aha-bha-active-cleanser\/\" \/>\n<meta property=\"og:site_name\" content=\"Christinakosmeetika\" \/>\n<meta property=\"article:modified_time\" content=\"2026-04-10T07:30:00+00:00\" \/>\n<meta property=\"og:image\" content=\"https:\/\/christinakosmeetika.ee\/wp-content\/uploads\/2022\/10\/Hydra-AHA-BHA-Active-Cleanser500.png\" \/>\n\t<meta property=\"og:image:width\" content=\"500\" \/>\n\t<meta property=\"og:image:height\" content=\"500\" \/>\n\t<meta property=\"og:image:type\" content=\"image\/png\" \/>\n<meta name=\"twitter:card\" content=\"summary_large_image\" \/>\n<meta name=\"twitter:label1\" content=\"Est. reading time\" \/>\n\t<meta name=\"twitter:data1\" content=\"1 minut\" \/>\n<script type=\"application\/ld+json\" class=\"yoast-schema-graph\">{\"@context\":\"https:\\\/\\\/schema.org\",\"@graph\":[{\"@type\":\"WebPage\",\"@id\":\"https:\\\/\\\/christinakosmeetika.ee\\\/et\\\/toode\\\/hydra-aha-bha-active-cleanser\\\/\",\"url\":\"https:\\\/\\\/christinakosmeetika.ee\\\/et\\\/toode\\\/hydra-aha-bha-active-cleanser\\\/\",\"name\":\"Line Repair Hydra AHA-BHA Active Cleanser 250ml CHR930 - Christinakosmeetika\",\"isPartOf\":{\"@id\":\"https:\\\/\\\/christinakosmeetika.ee\\\/#website\"},\"primaryImageOfPage\":{\"@id\":\"https:\\\/\\\/christinakosmeetika.ee\\\/et\\\/toode\\\/hydra-aha-bha-active-cleanser\\\/#primaryimage\"},\"image\":{\"@id\":\"https:\\\/\\\/christinakosmeetika.ee\\\/et\\\/toode\\\/hydra-aha-bha-active-cleanser\\\/#primaryimage\"},\"thumbnailUrl\":\"https:\\\/\\\/christinakosmeetika.ee\\\/wp-content\\\/uploads\\\/2022\\\/10\\\/Hydra-AHA-BHA-Active-Cleanser500.png\",\"datePublished\":\"2022-10-28T13:13:14+00:00\",\"dateModified\":\"2026-04-10T07:30:00+00:00\",\"description\":\"M\u00f5eldud naha p\u00f5hjalikuks puhastamiseks ja sarvkihi surnud rakkude koorimiseks. Parandab naha tekstuuri ja eemaldab pooridest liigse rasu.\",\"breadcrumb\":{\"@id\":\"https:\\\/\\\/christinakosmeetika.ee\\\/et\\\/toode\\\/hydra-aha-bha-active-cleanser\\\/#breadcrumb\"},\"inLanguage\":\"et\",\"potentialAction\":[{\"@type\":\"ReadAction\",\"target\":[\"https:\\\/\\\/christinakosmeetika.ee\\\/et\\\/toode\\\/hydra-aha-bha-active-cleanser\\\/\"]}]},{\"@type\":\"ImageObject\",\"inLanguage\":\"et\",\"@id\":\"https:\\\/\\\/christinakosmeetika.ee\\\/et\\\/toode\\\/hydra-aha-bha-active-cleanser\\\/#primaryimage\",\"url\":\"https:\\\/\\\/christinakosmeetika.ee\\\/wp-content\\\/uploads\\\/2022\\\/10\\\/Hydra-AHA-BHA-Active-Cleanser500.png\",\"contentUrl\":\"https:\\\/\\\/christinakosmeetika.ee\\\/wp-content\\\/uploads\\\/2022\\\/10\\\/Hydra-AHA-BHA-Active-Cleanser500.png\",\"width\":500,\"height\":500},{\"@type\":\"BreadcrumbList\",\"@id\":\"https:\\\/\\\/christinakosmeetika.ee\\\/et\\\/toode\\\/hydra-aha-bha-active-cleanser\\\/#breadcrumb\",\"itemListElement\":[{\"@type\":\"ListItem\",\"position\":1,\"name\":\"\u0413\u043b\u0430\u0432\u043d\u0430\u044f \u0441\u0442\u0440\u0430\u043d\u0438\u0446\u0430\",\"item\":\"https:\\\/\\\/christinakosmeetika.ee\\\/et\\\/\"},{\"@type\":\"ListItem\",\"position\":2,\"name\":\"Pood\",\"item\":\"https:\\\/\\\/christinakosmeetika.ee\\\/et\\\/shop\\\/\"},{\"@type\":\"ListItem\",\"position\":3,\"name\":\"Line Repair Hydra AHA-BHA Active Cleanser 250ml CHR930\"}]},{\"@type\":\"WebSite\",\"@id\":\"https:\\\/\\\/christinakosmeetika.ee\\\/#website\",\"url\":\"https:\\\/\\\/christinakosmeetika.ee\\\/\",\"name\":\"Christinakosmeetika\",\"description\":\"Christina kosmeetika Eestis\",\"alternateName\":\"Christina kosmeetika Eestis\",\"potentialAction\":[{\"@type\":\"SearchAction\",\"target\":{\"@type\":\"EntryPoint\",\"urlTemplate\":\"https:\\\/\\\/christinakosmeetika.ee\\\/?s={search_term_string}\"},\"query-input\":{\"@type\":\"PropertyValueSpecification\",\"valueRequired\":true,\"valueName\":\"search_term_string\"}}],\"inLanguage\":\"et\"}]}<\/script>\n<!-- \/ Yoast SEO plugin. -->","yoast_head_json":{"title":"Line Repair Hydra AHA-BHA Active Cleanser 250ml CHR930 - Christinakosmeetika","description":"M\u00f5eldud naha p\u00f5hjalikuks puhastamiseks ja sarvkihi surnud rakkude koorimiseks. Parandab naha tekstuuri ja eemaldab pooridest liigse rasu.","robots":{"index":"index","follow":"follow","max-snippet":"max-snippet:-1","max-image-preview":"max-image-preview:large","max-video-preview":"max-video-preview:-1"},"canonical":"https:\/\/christinakosmeetika.ee\/et\/toode\/hydra-aha-bha-active-cleanser\/","og_locale":"et_EE","og_type":"article","og_title":"Line Repair Hydra AHA-BHA Active Cleanser 250ml CHR930 - Christinakosmeetika","og_description":"M\u00f5eldud naha p\u00f5hjalikuks puhastamiseks ja sarvkihi surnud rakkude koorimiseks. Parandab naha tekstuuri ja eemaldab pooridest liigse rasu.","og_url":"https:\/\/christinakosmeetika.ee\/et\/toode\/hydra-aha-bha-active-cleanser\/","og_site_name":"Christinakosmeetika","article_modified_time":"2026-04-10T07:30:00+00:00","og_image":[{"width":500,"height":500,"url":"https:\/\/christinakosmeetika.ee\/wp-content\/uploads\/2022\/10\/Hydra-AHA-BHA-Active-Cleanser500.png","type":"image\/png"}],"twitter_card":"summary_large_image","twitter_misc":{"Est. reading time":"1 minut"},"schema":{"@context":"https:\/\/schema.org","@graph":[{"@type":"WebPage","@id":"https:\/\/christinakosmeetika.ee\/et\/toode\/hydra-aha-bha-active-cleanser\/","url":"https:\/\/christinakosmeetika.ee\/et\/toode\/hydra-aha-bha-active-cleanser\/","name":"Line Repair Hydra AHA-BHA Active Cleanser 250ml CHR930 - Christinakosmeetika","isPartOf":{"@id":"https:\/\/christinakosmeetika.ee\/#website"},"primaryImageOfPage":{"@id":"https:\/\/christinakosmeetika.ee\/et\/toode\/hydra-aha-bha-active-cleanser\/#primaryimage"},"image":{"@id":"https:\/\/christinakosmeetika.ee\/et\/toode\/hydra-aha-bha-active-cleanser\/#primaryimage"},"thumbnailUrl":"https:\/\/christinakosmeetika.ee\/wp-content\/uploads\/2022\/10\/Hydra-AHA-BHA-Active-Cleanser500.png","datePublished":"2022-10-28T13:13:14+00:00","dateModified":"2026-04-10T07:30:00+00:00","description":"M\u00f5eldud naha p\u00f5hjalikuks puhastamiseks ja sarvkihi surnud rakkude koorimiseks. Parandab naha tekstuuri ja eemaldab pooridest liigse rasu.","breadcrumb":{"@id":"https:\/\/christinakosmeetika.ee\/et\/toode\/hydra-aha-bha-active-cleanser\/#breadcrumb"},"inLanguage":"et","potentialAction":[{"@type":"ReadAction","target":["https:\/\/christinakosmeetika.ee\/et\/toode\/hydra-aha-bha-active-cleanser\/"]}]},{"@type":"ImageObject","inLanguage":"et","@id":"https:\/\/christinakosmeetika.ee\/et\/toode\/hydra-aha-bha-active-cleanser\/#primaryimage","url":"https:\/\/christinakosmeetika.ee\/wp-content\/uploads\/2022\/10\/Hydra-AHA-BHA-Active-Cleanser500.png","contentUrl":"https:\/\/christinakosmeetika.ee\/wp-content\/uploads\/2022\/10\/Hydra-AHA-BHA-Active-Cleanser500.png","width":500,"height":500},{"@type":"BreadcrumbList","@id":"https:\/\/christinakosmeetika.ee\/et\/toode\/hydra-aha-bha-active-cleanser\/#breadcrumb","itemListElement":[{"@type":"ListItem","position":1,"name":"\u0413\u043b\u0430\u0432\u043d\u0430\u044f \u0441\u0442\u0440\u0430\u043d\u0438\u0446\u0430","item":"https:\/\/christinakosmeetika.ee\/et\/"},{"@type":"ListItem","position":2,"name":"Pood","item":"https:\/\/christinakosmeetika.ee\/et\/shop\/"},{"@type":"ListItem","position":3,"name":"Line Repair Hydra AHA-BHA Active Cleanser 250ml CHR930"}]},{"@type":"WebSite","@id":"https:\/\/christinakosmeetika.ee\/#website","url":"https:\/\/christinakosmeetika.ee\/","name":"Christinakosmeetika","description":"Christina kosmeetika Eestis","alternateName":"Christina kosmeetika Eestis","potentialAction":[{"@type":"SearchAction","target":{"@type":"EntryPoint","urlTemplate":"https:\/\/christinakosmeetika.ee\/?s={search_term_string}"},"query-input":{"@type":"PropertyValueSpecification","valueRequired":true,"valueName":"search_term_string"}}],"inLanguage":"et"}]}},"_links":{"self":[{"href":"https:\/\/christinakosmeetika.ee\/et\/wp-json\/wp\/v2\/product\/4921","targetHints":{"allow":["GET"]}}],"collection":[{"href":"https:\/\/christinakosmeetika.ee\/et\/wp-json\/wp\/v2\/product"}],"about":[{"href":"https:\/\/christinakosmeetika.ee\/et\/wp-json\/wp\/v2\/types\/product"}],"wp:featuredmedia":[{"embeddable":true,"href":"https:\/\/christinakosmeetika.ee\/et\/wp-json\/wp\/v2\/media\/5730"}],"wp:attachment":[{"href":"https:\/\/christinakosmeetika.ee\/et\/wp-json\/wp\/v2\/media?parent=4921"}],"wp:term":[{"taxonomy":"product_brand","embeddable":true,"href":"https:\/\/christinakosmeetika.ee\/et\/wp-json\/wp\/v2\/product_brand?post=4921"},{"taxonomy":"product_cat","embeddable":true,"href":"https:\/\/christinakosmeetika.ee\/et\/wp-json\/wp\/v2\/product_cat?post=4921"},{"taxonomy":"product_tag","embeddable":true,"href":"https:\/\/christinakosmeetika.ee\/et\/wp-json\/wp\/v2\/product_tag?post=4921"}],"curies":[{"name":"wp","href":"https:\/\/api.w.org\/{rel}","templated":true}]}}