{"id":4920,"date":"2022-10-28T13:19:44","date_gmt":"2022-10-28T13:19:44","guid":{"rendered":"https:\/\/christinakosmeetika.ee\/product\/hydra-theraskin-ha-concentrate-taastavad-niisutavad-tilgad-hualuroonhappega-theraskin-30-ml-chr288\/"},"modified":"2026-04-15T15:33:03","modified_gmt":"2026-04-15T12:33:03","slug":"hydra-theraskin-ha-concentrate-et","status":"publish","type":"product","link":"https:\/\/christinakosmeetika.ee\/et\/toode\/hydra-theraskin-ha-concentrate-et\/","title":{"rendered":"Line Repair Hydra THERASKIN + HA CONCENTRATE 30ml CHR288"},"content":{"rendered":"<p>V\u00f5imas vananemisvastane seerum h\u00fcaluroonhappe ja loodusliku niisutava faktori koostisosade baasil k\u00fcllastab nahka niiskusega, silub nahka ja taastab selle elastsuse.<\/p>\n<p>Sisaldab ainulaadset Hygroplex kompleksi &#8211; f\u00fcsioloogilist niisutusainet, mis on sarnane epidermise niiskuses\u00e4ilituss\u00fcsteemiga, samuti Wrinkle Smoother kompleksi, mis v\u00e4hendab kortsude n\u00e4htavust ja ennetab uute teket.<\/p>\n<p><strong>Kasutusjuhend:<\/strong><\/p>\n<p>Kandke m\u00f5ned tilgad n\u00e4ole, kaelale ja dekolteele. Masseerige, kuni t\u00e4ielikult imendub.<\/p>\n<p><strong>Koostis:<\/strong><\/p>\n<p>Deionized Water (Aqua), Propylene Glycol, Methyl Gluceth-20, Peg-20, Phenoxyethanol, Peg-12, Polysorbate 20, Hydroxyethylcellulose, Hexylene Glycol, Caprylyl Glycol, Ethoxydiglycol, Sodium Hyaluronate, Glucose, Chlorphenesin, Disodium Edta, Fructose, Butylene Glycol, Propanediol, Albizia Julibrissin Bark Extract, Glycerin,Sodium Acetate, Lactic Acid, Chamomilla Recutita (Matricaria) Flower, D&amp;C Red No. 33 (Ci 17200), Isopropyl Alcohol, Cellulose, Spilanthes Acmella Extract, Caramel, Sodium Benzoate, Sucrose, Urea, Dextrin, Potassium Sorbate, Alanine,Aspartic Acid, Bisabolol, Hexyl Nicotinate, Glutamic Acid, Fomes Officinais (Mushroom) Extract, Peg-40 Hydrogenated Castor Oil.<\/p>\n","protected":false},"excerpt":{"rendered":"<h4>Taastavad niisutavad tilgad h\u00fcaluroonhappega &#8220;Theraskin&#8221;<\/h4>\n","protected":false},"featured_media":5422,"template":"","meta":[],"product_brand":[],"product_cat":[182],"product_tag":[],"class_list":{"0":"post-4920","1":"product","2":"type-product","3":"status-publish","4":"has-post-thumbnail","6":"product_cat-seerum","7":"product_shipping_class-smart-itella-post","8":"pa_linii-kosmetiki-line-repair-et","9":"pa_reshenie-problem-dehudratsioon","10":"pa_reshenie-problem-vahenenud-elastsus","11":"pa_reshenie-problem-suhost","12":"pa_reshenie-problem-vananemise-margid","13":"pa_tip-kozi-koik-nahatuubid-et","14":"pa_tip-kozi-kombi-et","15":"pa_tip-kozi-kuiv-et","16":"pa_tip-kozi-normaalne-et","17":"pa_tip-kozi-rasvane-et","18":"pa_tip-preparata-seerum","20":"first","21":"instock","22":"taxable","23":"shipping-taxable","24":"purchasable","25":"product-type-simple"},"yoast_head":"<!-- This site is optimized with the Yoast SEO plugin v27.5 - https:\/\/yoast.com\/product\/yoast-seo-wordpress\/ -->\n<title>Line Repair Hydra THERASKIN + HA CONCENTRATE 30ml CHR288 - Christinakosmeetika<\/title>\n<meta name=\"description\" content=\"Vananemisvastane seerum h\u00fcaluroonhappe ja loodusliku niisutusteguri komponentide baasil niisutab intensiivselt, silub nahka ja taastab selle elastsuse.\" \/>\n<meta name=\"robots\" content=\"index, follow, max-snippet:-1, max-image-preview:large, max-video-preview:-1\" \/>\n<link rel=\"canonical\" href=\"https:\/\/christinakosmeetika.ee\/product\/hydra-theraskin-ha-concentrate\/\" \/>\n<meta property=\"og:locale\" content=\"et_EE\" \/>\n<meta property=\"og:type\" content=\"article\" \/>\n<meta property=\"og:title\" content=\"Line Repair Hydra THERASKIN + HA CONCENTRATE 30ml CHR288 - Christinakosmeetika\" \/>\n<meta property=\"og:description\" content=\"Vananemisvastane seerum h\u00fcaluroonhappe ja loodusliku niisutusteguri komponentide baasil niisutab intensiivselt, silub nahka ja taastab selle elastsuse.\" \/>\n<meta property=\"og:url\" content=\"https:\/\/christinakosmeetika.ee\/product\/hydra-theraskin-ha-concentrate\/\" \/>\n<meta property=\"og:site_name\" content=\"Christinakosmeetika\" \/>\n<meta property=\"article:modified_time\" content=\"2026-04-15T12:33:03+00:00\" \/>\n<meta property=\"og:image\" content=\"https:\/\/christinakosmeetika.ee\/wp-content\/uploads\/2022\/10\/Theraskinha.450.jpg\" \/>\n\t<meta property=\"og:image:width\" content=\"450\" \/>\n\t<meta property=\"og:image:height\" content=\"450\" \/>\n\t<meta property=\"og:image:type\" content=\"image\/jpeg\" \/>\n<meta name=\"twitter:card\" content=\"summary_large_image\" \/>\n<meta name=\"twitter:label1\" content=\"Est. reading time\" \/>\n\t<meta name=\"twitter:data1\" content=\"1 minut\" \/>\n<script type=\"application\/ld+json\" class=\"yoast-schema-graph\">{\"@context\":\"https:\\\/\\\/schema.org\",\"@graph\":[{\"@type\":\"WebPage\",\"@id\":\"https:\\\/\\\/christinakosmeetika.ee\\\/product\\\/hydra-theraskin-ha-concentrate\\\/\",\"url\":\"https:\\\/\\\/christinakosmeetika.ee\\\/product\\\/hydra-theraskin-ha-concentrate\\\/\",\"name\":\"Line Repair Hydra THERASKIN + HA CONCENTRATE 30ml CHR288 - Christinakosmeetika\",\"isPartOf\":{\"@id\":\"https:\\\/\\\/christinakosmeetika.ee\\\/#website\"},\"primaryImageOfPage\":{\"@id\":\"https:\\\/\\\/christinakosmeetika.ee\\\/product\\\/hydra-theraskin-ha-concentrate\\\/#primaryimage\"},\"image\":{\"@id\":\"https:\\\/\\\/christinakosmeetika.ee\\\/product\\\/hydra-theraskin-ha-concentrate\\\/#primaryimage\"},\"thumbnailUrl\":\"https:\\\/\\\/christinakosmeetika.ee\\\/wp-content\\\/uploads\\\/2022\\\/10\\\/Theraskinha.450.jpg\",\"datePublished\":\"2022-10-28T13:19:44+00:00\",\"dateModified\":\"2026-04-15T12:33:03+00:00\",\"description\":\"Vananemisvastane seerum h\u00fcaluroonhappe ja loodusliku niisutusteguri komponentide baasil niisutab intensiivselt, silub nahka ja taastab selle elastsuse.\",\"breadcrumb\":{\"@id\":\"https:\\\/\\\/christinakosmeetika.ee\\\/product\\\/hydra-theraskin-ha-concentrate\\\/#breadcrumb\"},\"inLanguage\":\"et\",\"potentialAction\":[{\"@type\":\"ReadAction\",\"target\":[\"https:\\\/\\\/christinakosmeetika.ee\\\/product\\\/hydra-theraskin-ha-concentrate\\\/\"]}]},{\"@type\":\"ImageObject\",\"inLanguage\":\"et\",\"@id\":\"https:\\\/\\\/christinakosmeetika.ee\\\/product\\\/hydra-theraskin-ha-concentrate\\\/#primaryimage\",\"url\":\"https:\\\/\\\/christinakosmeetika.ee\\\/wp-content\\\/uploads\\\/2022\\\/10\\\/Theraskinha.450.jpg\",\"contentUrl\":\"https:\\\/\\\/christinakosmeetika.ee\\\/wp-content\\\/uploads\\\/2022\\\/10\\\/Theraskinha.450.jpg\",\"width\":450,\"height\":450},{\"@type\":\"BreadcrumbList\",\"@id\":\"https:\\\/\\\/christinakosmeetika.ee\\\/product\\\/hydra-theraskin-ha-concentrate\\\/#breadcrumb\",\"itemListElement\":[{\"@type\":\"ListItem\",\"position\":1,\"name\":\"\u0413\u043b\u0430\u0432\u043d\u0430\u044f \u0441\u0442\u0440\u0430\u043d\u0438\u0446\u0430\",\"item\":\"https:\\\/\\\/christinakosmeetika.ee\\\/et\\\/\"},{\"@type\":\"ListItem\",\"position\":2,\"name\":\"Pood\",\"item\":\"https:\\\/\\\/christinakosmeetika.ee\\\/et\\\/shop\\\/\"},{\"@type\":\"ListItem\",\"position\":3,\"name\":\"Line Repair Hydra THERASKIN + HA CONCENTRATE 30ml CHR288\"}]},{\"@type\":\"WebSite\",\"@id\":\"https:\\\/\\\/christinakosmeetika.ee\\\/#website\",\"url\":\"https:\\\/\\\/christinakosmeetika.ee\\\/\",\"name\":\"Christinakosmeetika\",\"description\":\"Christina kosmeetika Eestis\",\"alternateName\":\"Christina kosmeetika Eestis\",\"potentialAction\":[{\"@type\":\"SearchAction\",\"target\":{\"@type\":\"EntryPoint\",\"urlTemplate\":\"https:\\\/\\\/christinakosmeetika.ee\\\/?s={search_term_string}\"},\"query-input\":{\"@type\":\"PropertyValueSpecification\",\"valueRequired\":true,\"valueName\":\"search_term_string\"}}],\"inLanguage\":\"et\"}]}<\/script>\n<!-- \/ Yoast SEO plugin. -->","yoast_head_json":{"title":"Line Repair Hydra THERASKIN + HA CONCENTRATE 30ml CHR288 - Christinakosmeetika","description":"Vananemisvastane seerum h\u00fcaluroonhappe ja loodusliku niisutusteguri komponentide baasil niisutab intensiivselt, silub nahka ja taastab selle elastsuse.","robots":{"index":"index","follow":"follow","max-snippet":"max-snippet:-1","max-image-preview":"max-image-preview:large","max-video-preview":"max-video-preview:-1"},"canonical":"https:\/\/christinakosmeetika.ee\/product\/hydra-theraskin-ha-concentrate\/","og_locale":"et_EE","og_type":"article","og_title":"Line Repair Hydra THERASKIN + HA CONCENTRATE 30ml CHR288 - Christinakosmeetika","og_description":"Vananemisvastane seerum h\u00fcaluroonhappe ja loodusliku niisutusteguri komponentide baasil niisutab intensiivselt, silub nahka ja taastab selle elastsuse.","og_url":"https:\/\/christinakosmeetika.ee\/product\/hydra-theraskin-ha-concentrate\/","og_site_name":"Christinakosmeetika","article_modified_time":"2026-04-15T12:33:03+00:00","og_image":[{"width":450,"height":450,"url":"https:\/\/christinakosmeetika.ee\/wp-content\/uploads\/2022\/10\/Theraskinha.450.jpg","type":"image\/jpeg"}],"twitter_card":"summary_large_image","twitter_misc":{"Est. reading time":"1 minut"},"schema":{"@context":"https:\/\/schema.org","@graph":[{"@type":"WebPage","@id":"https:\/\/christinakosmeetika.ee\/product\/hydra-theraskin-ha-concentrate\/","url":"https:\/\/christinakosmeetika.ee\/product\/hydra-theraskin-ha-concentrate\/","name":"Line Repair Hydra THERASKIN + HA CONCENTRATE 30ml CHR288 - Christinakosmeetika","isPartOf":{"@id":"https:\/\/christinakosmeetika.ee\/#website"},"primaryImageOfPage":{"@id":"https:\/\/christinakosmeetika.ee\/product\/hydra-theraskin-ha-concentrate\/#primaryimage"},"image":{"@id":"https:\/\/christinakosmeetika.ee\/product\/hydra-theraskin-ha-concentrate\/#primaryimage"},"thumbnailUrl":"https:\/\/christinakosmeetika.ee\/wp-content\/uploads\/2022\/10\/Theraskinha.450.jpg","datePublished":"2022-10-28T13:19:44+00:00","dateModified":"2026-04-15T12:33:03+00:00","description":"Vananemisvastane seerum h\u00fcaluroonhappe ja loodusliku niisutusteguri komponentide baasil niisutab intensiivselt, silub nahka ja taastab selle elastsuse.","breadcrumb":{"@id":"https:\/\/christinakosmeetika.ee\/product\/hydra-theraskin-ha-concentrate\/#breadcrumb"},"inLanguage":"et","potentialAction":[{"@type":"ReadAction","target":["https:\/\/christinakosmeetika.ee\/product\/hydra-theraskin-ha-concentrate\/"]}]},{"@type":"ImageObject","inLanguage":"et","@id":"https:\/\/christinakosmeetika.ee\/product\/hydra-theraskin-ha-concentrate\/#primaryimage","url":"https:\/\/christinakosmeetika.ee\/wp-content\/uploads\/2022\/10\/Theraskinha.450.jpg","contentUrl":"https:\/\/christinakosmeetika.ee\/wp-content\/uploads\/2022\/10\/Theraskinha.450.jpg","width":450,"height":450},{"@type":"BreadcrumbList","@id":"https:\/\/christinakosmeetika.ee\/product\/hydra-theraskin-ha-concentrate\/#breadcrumb","itemListElement":[{"@type":"ListItem","position":1,"name":"\u0413\u043b\u0430\u0432\u043d\u0430\u044f \u0441\u0442\u0440\u0430\u043d\u0438\u0446\u0430","item":"https:\/\/christinakosmeetika.ee\/et\/"},{"@type":"ListItem","position":2,"name":"Pood","item":"https:\/\/christinakosmeetika.ee\/et\/shop\/"},{"@type":"ListItem","position":3,"name":"Line Repair Hydra THERASKIN + HA CONCENTRATE 30ml CHR288"}]},{"@type":"WebSite","@id":"https:\/\/christinakosmeetika.ee\/#website","url":"https:\/\/christinakosmeetika.ee\/","name":"Christinakosmeetika","description":"Christina kosmeetika Eestis","alternateName":"Christina kosmeetika Eestis","potentialAction":[{"@type":"SearchAction","target":{"@type":"EntryPoint","urlTemplate":"https:\/\/christinakosmeetika.ee\/?s={search_term_string}"},"query-input":{"@type":"PropertyValueSpecification","valueRequired":true,"valueName":"search_term_string"}}],"inLanguage":"et"}]}},"_links":{"self":[{"href":"https:\/\/christinakosmeetika.ee\/et\/wp-json\/wp\/v2\/product\/4920","targetHints":{"allow":["GET"]}}],"collection":[{"href":"https:\/\/christinakosmeetika.ee\/et\/wp-json\/wp\/v2\/product"}],"about":[{"href":"https:\/\/christinakosmeetika.ee\/et\/wp-json\/wp\/v2\/types\/product"}],"wp:featuredmedia":[{"embeddable":true,"href":"https:\/\/christinakosmeetika.ee\/et\/wp-json\/wp\/v2\/media\/5422"}],"wp:attachment":[{"href":"https:\/\/christinakosmeetika.ee\/et\/wp-json\/wp\/v2\/media?parent=4920"}],"wp:term":[{"taxonomy":"product_brand","embeddable":true,"href":"https:\/\/christinakosmeetika.ee\/et\/wp-json\/wp\/v2\/product_brand?post=4920"},{"taxonomy":"product_cat","embeddable":true,"href":"https:\/\/christinakosmeetika.ee\/et\/wp-json\/wp\/v2\/product_cat?post=4920"},{"taxonomy":"product_tag","embeddable":true,"href":"https:\/\/christinakosmeetika.ee\/et\/wp-json\/wp\/v2\/product_tag?post=4920"}],"curies":[{"name":"wp","href":"https:\/\/api.w.org\/{rel}","templated":true}]}}