{"id":4917,"date":"2022-10-28T13:30:17","date_gmt":"2022-10-28T13:30:17","guid":{"rendered":"https:\/\/christinakosmeetika.ee\/product\/firm-always-on-mist-niisutav-ja-vananemisvastane-sprei-100-ml-chr876\/"},"modified":"2026-04-15T15:35:44","modified_gmt":"2026-04-15T12:35:44","slug":"firm-always-on-mist-et","status":"publish","type":"product","link":"https:\/\/christinakosmeetika.ee\/et\/toode\/firm-always-on-mist-et\/","title":{"rendered":"Line Repair Firm Always On Mist 100ml CHR876"},"content":{"rendered":"<p>Noorendav pihusti, mis t\u00f5husalt leevendab naha \u00e4rritust ja punetust.<\/p>\n<p>Punase ristiku ekstrakt omab hormoonitaolist aktiivsust, taastades naha toonust ja mahtu. See sisaldab taimseid ekstrakte, millel on jahutav toime, leevendades \u00e4rritusi ja punetust ning taastades ja v\u00e4rskendades nahka.<\/p>\n<p>Punase ristiku ekstrakt aitab vastu hormonaalsetele vanusega seotud nahamuutustele: k\u00f5rvaldab kuivuse, parandab koe toonust ja mahtu.<\/p>\n<p>Aquaderm kompleks, mis p\u00f5hineb looduslikul niisutaval faktoril, t\u00f5stab naha niisutustaset ja s\u00e4ilitab selle sileduse.<\/p>\n<p>Toode sisaldab ka sinise kummeli ekstrakti, mis k\u00f5rvaldab ebamugavustunde, rahustab ja v\u00e4hendab tundlikkust.<\/p>\n<p>Soothing plant blend kompleks leevendab punetust ja \u00e4rritusi, ennetades UV-kiirgusest tingitud stressi.<\/p>\n<p><strong>Kasutusjuhend: <\/strong><\/p>\n<p>Pihustage puhtale n\u00e4o, kaela ja dekoltee nahale 20 cm kauguselt. \u00c4rge avage silmi ega suud. Masseerige s\u00f5rmeotstega t\u00e4ieliku imendumiseni.<\/p>\n<p>Mitte maha loputada!<\/p>\n<p><strong>Koostis:<\/strong><\/p>\n<p>Deionized Water (Aqua), Propanediol, Sd Alcohol 40, Polysorbate 20, Phenoxyethanol, Glycerin, Sodium Lactate, Sodium Pca, Trifolium Pratense (Clover) Flower Extract, Caprylyl Glycol,Butylene Glycol, Perfume, Sodium Phytate, Ethylhexylglycerin, Menthol, Globularia Alypum Leaf Extract, Lecithin, Melissa Officinalis Leaf Extract, Magnolia Biondii Bud\/Flower Extract, Sodium Hyaluronate, Glycine, Fructose, Urea, Niacinamide, Sodium Benzoate, 1,2-Hexanediol, Inositol, Hexyl Cinnamal, Limonene, Linalool, Citral.<\/p>\n","protected":false},"excerpt":{"rendered":"<h4>Niisutav ja vananemisvastane sprei<\/h4>\n","protected":false},"featured_media":5693,"template":"","meta":[],"product_brand":[],"product_cat":[184],"product_tag":[],"class_list":{"0":"post-4917","1":"product","2":"type-product","3":"status-publish","4":"has-post-thumbnail","6":"product_cat-pihustada","7":"product_shipping_class-smart-itella-post","8":"pa_linii-kosmetiki-line-repair-et","9":"pa_reshenie-problem-dehudratsioon","10":"pa_reshenie-problem-vahenenud-elastsus","11":"pa_reshenie-problem-kuperoz","12":"pa_reshenie-problem-chuvstvitelnaja-koza","13":"pa_tip-kozi-koik-nahatuubid-et","14":"pa_tip-kozi-kombi-et","15":"pa_tip-kozi-kuiv-et","16":"pa_tip-kozi-normaalne-et","17":"pa_tip-kozi-rasvane-et","18":"pa_tip-preparata-pihusta","19":"pa_vremja-primenenija-oine","20":"pa_vremja-primenenija-paevane","22":"first","23":"instock","24":"taxable","25":"shipping-taxable","26":"purchasable","27":"product-type-simple"},"yoast_head":"<!-- This site is optimized with the Yoast SEO plugin v27.5 - https:\/\/yoast.com\/product\/yoast-seo-wordpress\/ -->\n<title>Line Repair Firm Always On Mist 100ml CHR876 - Christinakosmeetika<\/title>\n<meta name=\"description\" content=\"Niisutav sprei, mis leevendab t\u00f5husalt naha\u00e4rritust ja punetust.\" \/>\n<meta name=\"robots\" content=\"index, follow, max-snippet:-1, max-image-preview:large, max-video-preview:-1\" \/>\n<link rel=\"canonical\" href=\"https:\/\/christinakosmeetika.ee\/product\/firm-always-on-mist\/\" \/>\n<meta property=\"og:locale\" content=\"et_EE\" \/>\n<meta property=\"og:type\" content=\"article\" \/>\n<meta property=\"og:title\" content=\"Line Repair Firm Always On Mist 100ml CHR876 - Christinakosmeetika\" \/>\n<meta property=\"og:description\" content=\"Niisutav sprei, mis leevendab t\u00f5husalt naha\u00e4rritust ja punetust.\" \/>\n<meta property=\"og:url\" content=\"https:\/\/christinakosmeetika.ee\/product\/firm-always-on-mist\/\" \/>\n<meta property=\"og:site_name\" content=\"Christinakosmeetika\" \/>\n<meta property=\"article:modified_time\" content=\"2026-04-15T12:35:44+00:00\" \/>\n<meta property=\"og:image\" content=\"https:\/\/christinakosmeetika.ee\/wp-content\/uploads\/2022\/10\/LR_FIRM_ALWAYS-ON-MIST-500-_100ml_1.jpg\" \/>\n\t<meta property=\"og:image:width\" content=\"500\" \/>\n\t<meta property=\"og:image:height\" content=\"500\" \/>\n\t<meta property=\"og:image:type\" content=\"image\/jpeg\" \/>\n<meta name=\"twitter:card\" content=\"summary_large_image\" \/>\n<meta name=\"twitter:label1\" content=\"Est. reading time\" \/>\n\t<meta name=\"twitter:data1\" content=\"1 minut\" \/>\n<script type=\"application\/ld+json\" class=\"yoast-schema-graph\">{\"@context\":\"https:\\\/\\\/schema.org\",\"@graph\":[{\"@type\":\"WebPage\",\"@id\":\"https:\\\/\\\/christinakosmeetika.ee\\\/product\\\/firm-always-on-mist\\\/\",\"url\":\"https:\\\/\\\/christinakosmeetika.ee\\\/product\\\/firm-always-on-mist\\\/\",\"name\":\"Line Repair Firm Always On Mist 100ml CHR876 - Christinakosmeetika\",\"isPartOf\":{\"@id\":\"https:\\\/\\\/christinakosmeetika.ee\\\/#website\"},\"primaryImageOfPage\":{\"@id\":\"https:\\\/\\\/christinakosmeetika.ee\\\/product\\\/firm-always-on-mist\\\/#primaryimage\"},\"image\":{\"@id\":\"https:\\\/\\\/christinakosmeetika.ee\\\/product\\\/firm-always-on-mist\\\/#primaryimage\"},\"thumbnailUrl\":\"https:\\\/\\\/christinakosmeetika.ee\\\/wp-content\\\/uploads\\\/2022\\\/10\\\/LR_FIRM_ALWAYS-ON-MIST-500-_100ml_1.jpg\",\"datePublished\":\"2022-10-28T13:30:17+00:00\",\"dateModified\":\"2026-04-15T12:35:44+00:00\",\"description\":\"Niisutav sprei, mis leevendab t\u00f5husalt naha\u00e4rritust ja punetust.\",\"breadcrumb\":{\"@id\":\"https:\\\/\\\/christinakosmeetika.ee\\\/product\\\/firm-always-on-mist\\\/#breadcrumb\"},\"inLanguage\":\"et\",\"potentialAction\":[{\"@type\":\"ReadAction\",\"target\":[\"https:\\\/\\\/christinakosmeetika.ee\\\/product\\\/firm-always-on-mist\\\/\"]}]},{\"@type\":\"ImageObject\",\"inLanguage\":\"et\",\"@id\":\"https:\\\/\\\/christinakosmeetika.ee\\\/product\\\/firm-always-on-mist\\\/#primaryimage\",\"url\":\"https:\\\/\\\/christinakosmeetika.ee\\\/wp-content\\\/uploads\\\/2022\\\/10\\\/LR_FIRM_ALWAYS-ON-MIST-500-_100ml_1.jpg\",\"contentUrl\":\"https:\\\/\\\/christinakosmeetika.ee\\\/wp-content\\\/uploads\\\/2022\\\/10\\\/LR_FIRM_ALWAYS-ON-MIST-500-_100ml_1.jpg\",\"width\":500,\"height\":500},{\"@type\":\"BreadcrumbList\",\"@id\":\"https:\\\/\\\/christinakosmeetika.ee\\\/product\\\/firm-always-on-mist\\\/#breadcrumb\",\"itemListElement\":[{\"@type\":\"ListItem\",\"position\":1,\"name\":\"\u0413\u043b\u0430\u0432\u043d\u0430\u044f \u0441\u0442\u0440\u0430\u043d\u0438\u0446\u0430\",\"item\":\"https:\\\/\\\/christinakosmeetika.ee\\\/et\\\/\"},{\"@type\":\"ListItem\",\"position\":2,\"name\":\"Pood\",\"item\":\"https:\\\/\\\/christinakosmeetika.ee\\\/et\\\/shop\\\/\"},{\"@type\":\"ListItem\",\"position\":3,\"name\":\"Line Repair Firm Always On Mist 100ml CHR876\"}]},{\"@type\":\"WebSite\",\"@id\":\"https:\\\/\\\/christinakosmeetika.ee\\\/#website\",\"url\":\"https:\\\/\\\/christinakosmeetika.ee\\\/\",\"name\":\"Christinakosmeetika\",\"description\":\"Christina kosmeetika Eestis\",\"alternateName\":\"Christina kosmeetika Eestis\",\"potentialAction\":[{\"@type\":\"SearchAction\",\"target\":{\"@type\":\"EntryPoint\",\"urlTemplate\":\"https:\\\/\\\/christinakosmeetika.ee\\\/?s={search_term_string}\"},\"query-input\":{\"@type\":\"PropertyValueSpecification\",\"valueRequired\":true,\"valueName\":\"search_term_string\"}}],\"inLanguage\":\"et\"}]}<\/script>\n<!-- \/ Yoast SEO plugin. -->","yoast_head_json":{"title":"Line Repair Firm Always On Mist 100ml CHR876 - Christinakosmeetika","description":"Niisutav sprei, mis leevendab t\u00f5husalt naha\u00e4rritust ja punetust.","robots":{"index":"index","follow":"follow","max-snippet":"max-snippet:-1","max-image-preview":"max-image-preview:large","max-video-preview":"max-video-preview:-1"},"canonical":"https:\/\/christinakosmeetika.ee\/product\/firm-always-on-mist\/","og_locale":"et_EE","og_type":"article","og_title":"Line Repair Firm Always On Mist 100ml CHR876 - Christinakosmeetika","og_description":"Niisutav sprei, mis leevendab t\u00f5husalt naha\u00e4rritust ja punetust.","og_url":"https:\/\/christinakosmeetika.ee\/product\/firm-always-on-mist\/","og_site_name":"Christinakosmeetika","article_modified_time":"2026-04-15T12:35:44+00:00","og_image":[{"width":500,"height":500,"url":"https:\/\/christinakosmeetika.ee\/wp-content\/uploads\/2022\/10\/LR_FIRM_ALWAYS-ON-MIST-500-_100ml_1.jpg","type":"image\/jpeg"}],"twitter_card":"summary_large_image","twitter_misc":{"Est. reading time":"1 minut"},"schema":{"@context":"https:\/\/schema.org","@graph":[{"@type":"WebPage","@id":"https:\/\/christinakosmeetika.ee\/product\/firm-always-on-mist\/","url":"https:\/\/christinakosmeetika.ee\/product\/firm-always-on-mist\/","name":"Line Repair Firm Always On Mist 100ml CHR876 - Christinakosmeetika","isPartOf":{"@id":"https:\/\/christinakosmeetika.ee\/#website"},"primaryImageOfPage":{"@id":"https:\/\/christinakosmeetika.ee\/product\/firm-always-on-mist\/#primaryimage"},"image":{"@id":"https:\/\/christinakosmeetika.ee\/product\/firm-always-on-mist\/#primaryimage"},"thumbnailUrl":"https:\/\/christinakosmeetika.ee\/wp-content\/uploads\/2022\/10\/LR_FIRM_ALWAYS-ON-MIST-500-_100ml_1.jpg","datePublished":"2022-10-28T13:30:17+00:00","dateModified":"2026-04-15T12:35:44+00:00","description":"Niisutav sprei, mis leevendab t\u00f5husalt naha\u00e4rritust ja punetust.","breadcrumb":{"@id":"https:\/\/christinakosmeetika.ee\/product\/firm-always-on-mist\/#breadcrumb"},"inLanguage":"et","potentialAction":[{"@type":"ReadAction","target":["https:\/\/christinakosmeetika.ee\/product\/firm-always-on-mist\/"]}]},{"@type":"ImageObject","inLanguage":"et","@id":"https:\/\/christinakosmeetika.ee\/product\/firm-always-on-mist\/#primaryimage","url":"https:\/\/christinakosmeetika.ee\/wp-content\/uploads\/2022\/10\/LR_FIRM_ALWAYS-ON-MIST-500-_100ml_1.jpg","contentUrl":"https:\/\/christinakosmeetika.ee\/wp-content\/uploads\/2022\/10\/LR_FIRM_ALWAYS-ON-MIST-500-_100ml_1.jpg","width":500,"height":500},{"@type":"BreadcrumbList","@id":"https:\/\/christinakosmeetika.ee\/product\/firm-always-on-mist\/#breadcrumb","itemListElement":[{"@type":"ListItem","position":1,"name":"\u0413\u043b\u0430\u0432\u043d\u0430\u044f \u0441\u0442\u0440\u0430\u043d\u0438\u0446\u0430","item":"https:\/\/christinakosmeetika.ee\/et\/"},{"@type":"ListItem","position":2,"name":"Pood","item":"https:\/\/christinakosmeetika.ee\/et\/shop\/"},{"@type":"ListItem","position":3,"name":"Line Repair Firm Always On Mist 100ml CHR876"}]},{"@type":"WebSite","@id":"https:\/\/christinakosmeetika.ee\/#website","url":"https:\/\/christinakosmeetika.ee\/","name":"Christinakosmeetika","description":"Christina kosmeetika Eestis","alternateName":"Christina kosmeetika Eestis","potentialAction":[{"@type":"SearchAction","target":{"@type":"EntryPoint","urlTemplate":"https:\/\/christinakosmeetika.ee\/?s={search_term_string}"},"query-input":{"@type":"PropertyValueSpecification","valueRequired":true,"valueName":"search_term_string"}}],"inLanguage":"et"}]}},"_links":{"self":[{"href":"https:\/\/christinakosmeetika.ee\/et\/wp-json\/wp\/v2\/product\/4917","targetHints":{"allow":["GET"]}}],"collection":[{"href":"https:\/\/christinakosmeetika.ee\/et\/wp-json\/wp\/v2\/product"}],"about":[{"href":"https:\/\/christinakosmeetika.ee\/et\/wp-json\/wp\/v2\/types\/product"}],"wp:featuredmedia":[{"embeddable":true,"href":"https:\/\/christinakosmeetika.ee\/et\/wp-json\/wp\/v2\/media\/5693"}],"wp:attachment":[{"href":"https:\/\/christinakosmeetika.ee\/et\/wp-json\/wp\/v2\/media?parent=4917"}],"wp:term":[{"taxonomy":"product_brand","embeddable":true,"href":"https:\/\/christinakosmeetika.ee\/et\/wp-json\/wp\/v2\/product_brand?post=4917"},{"taxonomy":"product_cat","embeddable":true,"href":"https:\/\/christinakosmeetika.ee\/et\/wp-json\/wp\/v2\/product_cat?post=4917"},{"taxonomy":"product_tag","embeddable":true,"href":"https:\/\/christinakosmeetika.ee\/et\/wp-json\/wp\/v2\/product_tag?post=4917"}],"curies":[{"name":"wp","href":"https:\/\/api.w.org\/{rel}","templated":true}]}}