{"id":4914,"date":"2022-10-28T13:44:45","date_gmt":"2022-10-28T13:44:45","guid":{"rendered":"https:\/\/christinakosmeetika.ee\/product\/firm-allday-eye-rescue-pinguldav-silmakreem-30-ml-chr882\/"},"modified":"2026-04-15T15:37:12","modified_gmt":"2026-04-15T12:37:12","slug":"firm-allday-eye-rescue-et","status":"publish","type":"product","link":"https:\/\/christinakosmeetika.ee\/et\/toode\/firm-allday-eye-rescue-et\/","title":{"rendered":"Line Repair Firm Allday Eye Rescue 30 ml CHR882"},"content":{"rendered":"<p>Firm Allday Eye Rescue rahustab ja kaitseb \u00f5rna silma\u00fcmbruse nahka. Tagab niisutuse, antioks\u00fcdantse kaitse, v\u00e4hendab turset ja tumedaid silmaaluseid ringe. Silub olemasolevaid kortsukesi ja takistab uute teket.<\/p>\n<p>H\u00fcaluroonhape suurendab niisutust ja taastab naha elastsuse. Eye beautifier kompleks stimuleerib vereringet, parandab toitumist ja v\u00e4hendab turset. Retin\u00fc\u00fclpalmitaat soodustab rakkude uuenemist, aktiveerib kollageeni tootmist ja parandab toonust. Soothing plant blend kompleks leevendab punetust ja \u00e4rritust, ennetab UV-kiirgusest tingitud stressi.<\/p>\n<p>Nahk n\u00e4eb v\u00e4lja noorem, v\u00e4rske ja s\u00e4delev.<\/p>\n<p><strong>Kasutusjuhend:<\/strong><\/p>\n<p>Kandke \u00fchtlaselt silmade \u00fcmbrusesse ja masseerige, kuni imendub t\u00e4ielikult.<\/p>\n<p>V\u00e4ltige silma sattumist! V\u00f5ib kasutada \u00f5htuse nahahoolduse ajal.<\/p>\n<p><strong>Koostis:<\/strong><\/p>\n<p>Deionized Water (Aqua), Cetearyl Ethylhexanoate, Hydrogenated Polyisobutene, Polyglyceryl-3 Diisostearate, Glycerin, Panthenol, Hydrogenated Castor Oil, Microcrystalline Wax, Phenoxyethanol, Magnesium Sulfate, Dimethicone, Caprylyl Glycol, Tocopheryl Acetate, Butylene Glycol, Retinyl Palmitate, Bht, Helianthus Annuus (Sunflower) Seed Oil, Ethylhexylglycerin, Sodium Hyaluronate, Lecithin, Magnolia Biondii Bud\/Flower Extract, Melissa Officinalis Leaf Extract, Hydrolyzed Rice Bran Protein, 1,2-Hexanediol, Glycine Soja (Soybean) Protein, Sodium Benzoate, Superoxide Dismutase, Potassium Sorbate, Sodium Dextran Sulfate.<\/p>\n","protected":false},"excerpt":{"rendered":"<h4>Pinguldav silmakreem<\/h4>\n","protected":false},"featured_media":5689,"template":"","meta":[],"product_brand":[],"product_cat":[149],"product_tag":[],"class_list":{"0":"post-4914","1":"product","2":"type-product","3":"status-publish","4":"has-post-thumbnail","6":"product_cat-kreem","7":"product_shipping_class-smart-itella-post","8":"pa_akcii-skidki-allahindlused","9":"pa_linii-kosmetiki-line-repair-et","10":"pa_reshenie-problem-suhost","11":"pa_reshenie-problem-tumedad-ringid","12":"pa_reshenie-problem-turse-silmade-all","13":"pa_reshenie-problem-vananemise-margid","14":"pa_tip-kozi-koik-nahatuubid-et","15":"pa_tip-kozi-kombi-et","16":"pa_tip-kozi-kuiv-et","17":"pa_tip-kozi-normaalne-et","18":"pa_tip-kozi-rasvane-et","19":"pa_tip-preparata-kreem","21":"first","22":"instock","23":"sale","24":"taxable","25":"shipping-taxable","26":"purchasable","27":"product-type-simple"},"yoast_head":"<!-- This site is optimized with the Yoast SEO plugin v27.5 - https:\/\/yoast.com\/product\/yoast-seo-wordpress\/ -->\n<title>Line Repair Firm Allday Eye Rescue 30 ml CHR882 - Christinakosmeetika<\/title>\n<meta name=\"description\" content=\"Firm Allday Eye Rescue tagab niisutuse, v\u00e4hendab turseid ja tumedaid silmaaluseid. Silub olemasolevaid kortsukesi.\" \/>\n<meta name=\"robots\" content=\"index, follow, max-snippet:-1, max-image-preview:large, max-video-preview:-1\" \/>\n<link rel=\"canonical\" href=\"https:\/\/christinakosmeetika.ee\/product\/firm-allday-eye-rescue\/\" \/>\n<meta property=\"og:locale\" content=\"et_EE\" \/>\n<meta property=\"og:type\" content=\"article\" \/>\n<meta property=\"og:title\" content=\"Line Repair Firm Allday Eye Rescue 30 ml CHR882 - Christinakosmeetika\" \/>\n<meta property=\"og:description\" content=\"Firm Allday Eye Rescue tagab niisutuse, v\u00e4hendab turseid ja tumedaid silmaaluseid. Silub olemasolevaid kortsukesi.\" \/>\n<meta property=\"og:url\" content=\"https:\/\/christinakosmeetika.ee\/product\/firm-allday-eye-rescue\/\" \/>\n<meta property=\"og:site_name\" content=\"Christinakosmeetika\" \/>\n<meta property=\"article:modified_time\" content=\"2026-04-15T12:37:12+00:00\" \/>\n<meta property=\"og:image\" content=\"https:\/\/christinakosmeetika.ee\/wp-content\/uploads\/2022\/10\/Firm-Allday-Eye-Rescue500.png\" \/>\n\t<meta property=\"og:image:width\" content=\"500\" \/>\n\t<meta property=\"og:image:height\" content=\"500\" \/>\n\t<meta property=\"og:image:type\" content=\"image\/png\" \/>\n<meta name=\"twitter:card\" content=\"summary_large_image\" \/>\n<meta name=\"twitter:label1\" content=\"Est. reading time\" \/>\n\t<meta name=\"twitter:data1\" content=\"1 minut\" \/>\n<script type=\"application\/ld+json\" class=\"yoast-schema-graph\">{\"@context\":\"https:\\\/\\\/schema.org\",\"@graph\":[{\"@type\":\"WebPage\",\"@id\":\"https:\\\/\\\/christinakosmeetika.ee\\\/product\\\/firm-allday-eye-rescue\\\/\",\"url\":\"https:\\\/\\\/christinakosmeetika.ee\\\/product\\\/firm-allday-eye-rescue\\\/\",\"name\":\"Line Repair Firm Allday Eye Rescue 30 ml CHR882 - Christinakosmeetika\",\"isPartOf\":{\"@id\":\"https:\\\/\\\/christinakosmeetika.ee\\\/#website\"},\"primaryImageOfPage\":{\"@id\":\"https:\\\/\\\/christinakosmeetika.ee\\\/product\\\/firm-allday-eye-rescue\\\/#primaryimage\"},\"image\":{\"@id\":\"https:\\\/\\\/christinakosmeetika.ee\\\/product\\\/firm-allday-eye-rescue\\\/#primaryimage\"},\"thumbnailUrl\":\"https:\\\/\\\/christinakosmeetika.ee\\\/wp-content\\\/uploads\\\/2022\\\/10\\\/Firm-Allday-Eye-Rescue500.png\",\"datePublished\":\"2022-10-28T13:44:45+00:00\",\"dateModified\":\"2026-04-15T12:37:12+00:00\",\"description\":\"Firm Allday Eye Rescue tagab niisutuse, v\u00e4hendab turseid ja tumedaid silmaaluseid. Silub olemasolevaid kortsukesi.\",\"breadcrumb\":{\"@id\":\"https:\\\/\\\/christinakosmeetika.ee\\\/product\\\/firm-allday-eye-rescue\\\/#breadcrumb\"},\"inLanguage\":\"et\",\"potentialAction\":[{\"@type\":\"ReadAction\",\"target\":[\"https:\\\/\\\/christinakosmeetika.ee\\\/product\\\/firm-allday-eye-rescue\\\/\"]}]},{\"@type\":\"ImageObject\",\"inLanguage\":\"et\",\"@id\":\"https:\\\/\\\/christinakosmeetika.ee\\\/product\\\/firm-allday-eye-rescue\\\/#primaryimage\",\"url\":\"https:\\\/\\\/christinakosmeetika.ee\\\/wp-content\\\/uploads\\\/2022\\\/10\\\/Firm-Allday-Eye-Rescue500.png\",\"contentUrl\":\"https:\\\/\\\/christinakosmeetika.ee\\\/wp-content\\\/uploads\\\/2022\\\/10\\\/Firm-Allday-Eye-Rescue500.png\",\"width\":500,\"height\":500},{\"@type\":\"BreadcrumbList\",\"@id\":\"https:\\\/\\\/christinakosmeetika.ee\\\/product\\\/firm-allday-eye-rescue\\\/#breadcrumb\",\"itemListElement\":[{\"@type\":\"ListItem\",\"position\":1,\"name\":\"\u0413\u043b\u0430\u0432\u043d\u0430\u044f \u0441\u0442\u0440\u0430\u043d\u0438\u0446\u0430\",\"item\":\"https:\\\/\\\/christinakosmeetika.ee\\\/et\\\/\"},{\"@type\":\"ListItem\",\"position\":2,\"name\":\"Pood\",\"item\":\"https:\\\/\\\/christinakosmeetika.ee\\\/et\\\/shop\\\/\"},{\"@type\":\"ListItem\",\"position\":3,\"name\":\"Line Repair Firm Allday Eye Rescue 30 ml CHR882\"}]},{\"@type\":\"WebSite\",\"@id\":\"https:\\\/\\\/christinakosmeetika.ee\\\/#website\",\"url\":\"https:\\\/\\\/christinakosmeetika.ee\\\/\",\"name\":\"Christinakosmeetika\",\"description\":\"Christina kosmeetika Eestis\",\"alternateName\":\"Christina kosmeetika Eestis\",\"potentialAction\":[{\"@type\":\"SearchAction\",\"target\":{\"@type\":\"EntryPoint\",\"urlTemplate\":\"https:\\\/\\\/christinakosmeetika.ee\\\/?s={search_term_string}\"},\"query-input\":{\"@type\":\"PropertyValueSpecification\",\"valueRequired\":true,\"valueName\":\"search_term_string\"}}],\"inLanguage\":\"et\"}]}<\/script>\n<!-- \/ Yoast SEO plugin. -->","yoast_head_json":{"title":"Line Repair Firm Allday Eye Rescue 30 ml CHR882 - Christinakosmeetika","description":"Firm Allday Eye Rescue tagab niisutuse, v\u00e4hendab turseid ja tumedaid silmaaluseid. Silub olemasolevaid kortsukesi.","robots":{"index":"index","follow":"follow","max-snippet":"max-snippet:-1","max-image-preview":"max-image-preview:large","max-video-preview":"max-video-preview:-1"},"canonical":"https:\/\/christinakosmeetika.ee\/product\/firm-allday-eye-rescue\/","og_locale":"et_EE","og_type":"article","og_title":"Line Repair Firm Allday Eye Rescue 30 ml CHR882 - Christinakosmeetika","og_description":"Firm Allday Eye Rescue tagab niisutuse, v\u00e4hendab turseid ja tumedaid silmaaluseid. Silub olemasolevaid kortsukesi.","og_url":"https:\/\/christinakosmeetika.ee\/product\/firm-allday-eye-rescue\/","og_site_name":"Christinakosmeetika","article_modified_time":"2026-04-15T12:37:12+00:00","og_image":[{"width":500,"height":500,"url":"https:\/\/christinakosmeetika.ee\/wp-content\/uploads\/2022\/10\/Firm-Allday-Eye-Rescue500.png","type":"image\/png"}],"twitter_card":"summary_large_image","twitter_misc":{"Est. reading time":"1 minut"},"schema":{"@context":"https:\/\/schema.org","@graph":[{"@type":"WebPage","@id":"https:\/\/christinakosmeetika.ee\/product\/firm-allday-eye-rescue\/","url":"https:\/\/christinakosmeetika.ee\/product\/firm-allday-eye-rescue\/","name":"Line Repair Firm Allday Eye Rescue 30 ml CHR882 - Christinakosmeetika","isPartOf":{"@id":"https:\/\/christinakosmeetika.ee\/#website"},"primaryImageOfPage":{"@id":"https:\/\/christinakosmeetika.ee\/product\/firm-allday-eye-rescue\/#primaryimage"},"image":{"@id":"https:\/\/christinakosmeetika.ee\/product\/firm-allday-eye-rescue\/#primaryimage"},"thumbnailUrl":"https:\/\/christinakosmeetika.ee\/wp-content\/uploads\/2022\/10\/Firm-Allday-Eye-Rescue500.png","datePublished":"2022-10-28T13:44:45+00:00","dateModified":"2026-04-15T12:37:12+00:00","description":"Firm Allday Eye Rescue tagab niisutuse, v\u00e4hendab turseid ja tumedaid silmaaluseid. Silub olemasolevaid kortsukesi.","breadcrumb":{"@id":"https:\/\/christinakosmeetika.ee\/product\/firm-allday-eye-rescue\/#breadcrumb"},"inLanguage":"et","potentialAction":[{"@type":"ReadAction","target":["https:\/\/christinakosmeetika.ee\/product\/firm-allday-eye-rescue\/"]}]},{"@type":"ImageObject","inLanguage":"et","@id":"https:\/\/christinakosmeetika.ee\/product\/firm-allday-eye-rescue\/#primaryimage","url":"https:\/\/christinakosmeetika.ee\/wp-content\/uploads\/2022\/10\/Firm-Allday-Eye-Rescue500.png","contentUrl":"https:\/\/christinakosmeetika.ee\/wp-content\/uploads\/2022\/10\/Firm-Allday-Eye-Rescue500.png","width":500,"height":500},{"@type":"BreadcrumbList","@id":"https:\/\/christinakosmeetika.ee\/product\/firm-allday-eye-rescue\/#breadcrumb","itemListElement":[{"@type":"ListItem","position":1,"name":"\u0413\u043b\u0430\u0432\u043d\u0430\u044f \u0441\u0442\u0440\u0430\u043d\u0438\u0446\u0430","item":"https:\/\/christinakosmeetika.ee\/et\/"},{"@type":"ListItem","position":2,"name":"Pood","item":"https:\/\/christinakosmeetika.ee\/et\/shop\/"},{"@type":"ListItem","position":3,"name":"Line Repair Firm Allday Eye Rescue 30 ml CHR882"}]},{"@type":"WebSite","@id":"https:\/\/christinakosmeetika.ee\/#website","url":"https:\/\/christinakosmeetika.ee\/","name":"Christinakosmeetika","description":"Christina kosmeetika Eestis","alternateName":"Christina kosmeetika Eestis","potentialAction":[{"@type":"SearchAction","target":{"@type":"EntryPoint","urlTemplate":"https:\/\/christinakosmeetika.ee\/?s={search_term_string}"},"query-input":{"@type":"PropertyValueSpecification","valueRequired":true,"valueName":"search_term_string"}}],"inLanguage":"et"}]}},"_links":{"self":[{"href":"https:\/\/christinakosmeetika.ee\/et\/wp-json\/wp\/v2\/product\/4914","targetHints":{"allow":["GET"]}}],"collection":[{"href":"https:\/\/christinakosmeetika.ee\/et\/wp-json\/wp\/v2\/product"}],"about":[{"href":"https:\/\/christinakosmeetika.ee\/et\/wp-json\/wp\/v2\/types\/product"}],"wp:featuredmedia":[{"embeddable":true,"href":"https:\/\/christinakosmeetika.ee\/et\/wp-json\/wp\/v2\/media\/5689"}],"wp:attachment":[{"href":"https:\/\/christinakosmeetika.ee\/et\/wp-json\/wp\/v2\/media?parent=4914"}],"wp:term":[{"taxonomy":"product_brand","embeddable":true,"href":"https:\/\/christinakosmeetika.ee\/et\/wp-json\/wp\/v2\/product_brand?post=4914"},{"taxonomy":"product_cat","embeddable":true,"href":"https:\/\/christinakosmeetika.ee\/et\/wp-json\/wp\/v2\/product_cat?post=4914"},{"taxonomy":"product_tag","embeddable":true,"href":"https:\/\/christinakosmeetika.ee\/et\/wp-json\/wp\/v2\/product_tag?post=4914"}],"curies":[{"name":"wp","href":"https:\/\/api.w.org\/{rel}","templated":true}]}}