{"id":4908,"date":"2022-10-28T14:08:05","date_gmt":"2022-10-28T14:08:05","guid":{"rendered":"https:\/\/christinakosmeetika.ee\/product\/firm-nighttime-rehab-taastav-ookreem-50ml-chr880\/"},"modified":"2026-04-15T15:38:02","modified_gmt":"2026-04-15T12:38:02","slug":"firm-nighttime-rehab","status":"publish","type":"product","link":"https:\/\/christinakosmeetika.ee\/et\/toode\/firm-nighttime-rehab\/","title":{"rendered":"Line Repair Firm Nighttime Rehab 50ml CHR880"},"content":{"rendered":"<p>\u00d6ine kreem uuendava ja regenereeriva toimega. Silub ja t\u00f5stab naha elastsust. Rahustab \u00f5rnalt \u00e4rritunud nahka ja tagastab mugavustunde. Elastsuse ja s\u00e4ra saavutamiseks annab nahale v\u00e4rske v\u00e4limuse. Skin resilience kompleks v\u00f5itleb l\u00f5tvuse ja elastsuse kaotusega, suurendades kudede elastsust.<\/p>\n<p>Punase ristikheina ekstrakt takistab hormonaalseid vanusega seotud muutusi nahas: k\u00f5rvaldab kuivuse, suurendab kudede toonust ja mahtu.<\/p>\n<p>Kreemi koostises on kombinatsioon 3 t\u00fc\u00fcpi h\u00fcaluroonhappe (HH) kompleksist. K\u00f5rge molekulmassiga h\u00fcaluroonhape &#8211; niisutamiseks ja barj\u00e4\u00e4ri taastamiseks, keskmise molekulmassiga h\u00fcaluroonhape &#8211; pikaajalise niiskuse s\u00e4ilitamiseks epidermises, madala molekulmassiga h\u00fcaluroonhape &#8211; &#8220;t\u00e4iteaine&#8221; \u00fclemistes dermise kihtides esinevatele kortsudele.<\/p>\n<p><strong>Kasutusviis:<\/strong><\/p>\n<p>Kandke puhastatud n\u00e4o-, kaela- ja dekoltee nahale ning masseerige kuni t\u00e4ieliku imendumiseni.<\/p>\n<p><strong>Koostis:<\/strong><\/p>\n<p>Deionized Water (Aqua), Glycerin, Cetyl Alcohol, Isocetyl Alcohol, Glyceryl Stearate, Peg-40 Stearate, Squalane, Propanediol, Caprylic\/Capric Triglyceride, Phenoxyethanol, Trifolium Pratense (Clover) Flower Extract, Hamamelis Virginiana (Witch Hazel) Extract, Menthyl Lactate, Caprylyl Glycol, Tocopheryl Acetate, Acrylates\/C10-30 Alkyl Acrylate Crosspolymer, Ascorbyl Glucoside, Collagen, Sodium Acrylate Copolymer, Butylene Glycol, Perfume, Triethanolamine, Ethylhexylglycerin, Propylene Glycol, Lecithin, Sodium Phytate, Honey Extract, Sodium Pca, Sodium Hyaluronate, Sorbitan Trioleate, Hydrolyzed Elastin, Benzyl Alcohol, Glycogen,Serine, Sorbic Acid, Apium Graveolens (Celery) Root\/Seed Extract, Linum Usitatissimum(Linseed) Seed Extract, Dehydroacetic Acid, Glucose, Ascorbic Acid, Linalool, Engelhardtia Chrysolepsis Leaf Extract, Limonene, Hydroxycitronellal.<\/p>\n","protected":false},"excerpt":{"rendered":"<h4>Taastav \u00f6\u00f6kreem<\/h4>\n","protected":false},"featured_media":5696,"template":"","meta":[],"product_brand":[],"product_cat":[149,485],"product_tag":[],"class_list":{"0":"post-4908","1":"product","2":"type-product","3":"status-publish","4":"has-post-thumbnail","6":"product_cat-kreem","7":"product_cat-line-repair-et","8":"product_shipping_class-smart-itella-post","9":"pa_linii-kosmetiki-line-repair-et","10":"pa_reshenie-problem-dehudratsioon","11":"pa_reshenie-problem-vahenenud-elastsus","12":"pa_reshenie-problem-suhost","13":"pa_reshenie-problem-vananemise-margid","14":"pa_tip-kozi-kuiv-et","15":"pa_tip-kozi-normaalne-et","16":"pa_tip-preparata-kreem","17":"pa_vremja-primenenija-oine","19":"first","20":"instock","21":"taxable","22":"shipping-taxable","23":"purchasable","24":"product-type-simple"},"yoast_head":"<!-- This site is optimized with the Yoast SEO plugin v27.5 - https:\/\/yoast.com\/product\/yoast-seo-wordpress\/ -->\n<title>Line Repair Firm Nighttime Rehab 50ml CHR880 - Christinakosmeetika<\/title>\n<meta name=\"description\" content=\"\u00d6\u00f6kreem uuendava ja taastava toimega. Silub nahka ja suurendab selle elastsust. Rahustab \u00e4rritunud nahka ning taastab mugavustunde.\" \/>\n<meta name=\"robots\" content=\"index, follow, max-snippet:-1, max-image-preview:large, max-video-preview:-1\" \/>\n<link rel=\"canonical\" href=\"https:\/\/christinakosmeetika.ee\/product\/firm-nighttime-rehab\/\" \/>\n<meta property=\"og:locale\" content=\"et_EE\" \/>\n<meta property=\"og:type\" content=\"article\" \/>\n<meta property=\"og:title\" content=\"Line Repair Firm Nighttime Rehab 50ml CHR880 - Christinakosmeetika\" \/>\n<meta property=\"og:description\" content=\"\u00d6\u00f6kreem uuendava ja taastava toimega. Silub nahka ja suurendab selle elastsust. Rahustab \u00e4rritunud nahka ning taastab mugavustunde.\" \/>\n<meta property=\"og:url\" content=\"https:\/\/christinakosmeetika.ee\/product\/firm-nighttime-rehab\/\" \/>\n<meta property=\"og:site_name\" content=\"Christinakosmeetika\" \/>\n<meta property=\"article:modified_time\" content=\"2026-04-15T12:38:02+00:00\" \/>\n<meta property=\"og:image\" content=\"https:\/\/christinakosmeetika.ee\/wp-content\/uploads\/2022\/10\/LR_FIRM-NIHGTTIME-REHAB-500.jpg\" \/>\n\t<meta property=\"og:image:width\" content=\"500\" \/>\n\t<meta property=\"og:image:height\" content=\"500\" \/>\n\t<meta property=\"og:image:type\" content=\"image\/jpeg\" \/>\n<meta name=\"twitter:card\" content=\"summary_large_image\" \/>\n<meta name=\"twitter:label1\" content=\"Est. reading time\" \/>\n\t<meta name=\"twitter:data1\" content=\"1 minut\" \/>\n<script type=\"application\/ld+json\" class=\"yoast-schema-graph\">{\"@context\":\"https:\\\/\\\/schema.org\",\"@graph\":[{\"@type\":\"WebPage\",\"@id\":\"https:\\\/\\\/christinakosmeetika.ee\\\/product\\\/firm-nighttime-rehab\\\/\",\"url\":\"https:\\\/\\\/christinakosmeetika.ee\\\/product\\\/firm-nighttime-rehab\\\/\",\"name\":\"Line Repair Firm Nighttime Rehab 50ml CHR880 - Christinakosmeetika\",\"isPartOf\":{\"@id\":\"https:\\\/\\\/christinakosmeetika.ee\\\/#website\"},\"primaryImageOfPage\":{\"@id\":\"https:\\\/\\\/christinakosmeetika.ee\\\/product\\\/firm-nighttime-rehab\\\/#primaryimage\"},\"image\":{\"@id\":\"https:\\\/\\\/christinakosmeetika.ee\\\/product\\\/firm-nighttime-rehab\\\/#primaryimage\"},\"thumbnailUrl\":\"https:\\\/\\\/christinakosmeetika.ee\\\/wp-content\\\/uploads\\\/2022\\\/10\\\/LR_FIRM-NIHGTTIME-REHAB-500.jpg\",\"datePublished\":\"2022-10-28T14:08:05+00:00\",\"dateModified\":\"2026-04-15T12:38:02+00:00\",\"description\":\"\u00d6\u00f6kreem uuendava ja taastava toimega. Silub nahka ja suurendab selle elastsust. Rahustab \u00e4rritunud nahka ning taastab mugavustunde.\",\"breadcrumb\":{\"@id\":\"https:\\\/\\\/christinakosmeetika.ee\\\/product\\\/firm-nighttime-rehab\\\/#breadcrumb\"},\"inLanguage\":\"et\",\"potentialAction\":[{\"@type\":\"ReadAction\",\"target\":[\"https:\\\/\\\/christinakosmeetika.ee\\\/product\\\/firm-nighttime-rehab\\\/\"]}]},{\"@type\":\"ImageObject\",\"inLanguage\":\"et\",\"@id\":\"https:\\\/\\\/christinakosmeetika.ee\\\/product\\\/firm-nighttime-rehab\\\/#primaryimage\",\"url\":\"https:\\\/\\\/christinakosmeetika.ee\\\/wp-content\\\/uploads\\\/2022\\\/10\\\/LR_FIRM-NIHGTTIME-REHAB-500.jpg\",\"contentUrl\":\"https:\\\/\\\/christinakosmeetika.ee\\\/wp-content\\\/uploads\\\/2022\\\/10\\\/LR_FIRM-NIHGTTIME-REHAB-500.jpg\",\"width\":500,\"height\":500},{\"@type\":\"BreadcrumbList\",\"@id\":\"https:\\\/\\\/christinakosmeetika.ee\\\/product\\\/firm-nighttime-rehab\\\/#breadcrumb\",\"itemListElement\":[{\"@type\":\"ListItem\",\"position\":1,\"name\":\"\u0413\u043b\u0430\u0432\u043d\u0430\u044f \u0441\u0442\u0440\u0430\u043d\u0438\u0446\u0430\",\"item\":\"https:\\\/\\\/christinakosmeetika.ee\\\/et\\\/\"},{\"@type\":\"ListItem\",\"position\":2,\"name\":\"Pood\",\"item\":\"https:\\\/\\\/christinakosmeetika.ee\\\/et\\\/shop\\\/\"},{\"@type\":\"ListItem\",\"position\":3,\"name\":\"Line Repair Firm Nighttime Rehab 50ml CHR880\"}]},{\"@type\":\"WebSite\",\"@id\":\"https:\\\/\\\/christinakosmeetika.ee\\\/#website\",\"url\":\"https:\\\/\\\/christinakosmeetika.ee\\\/\",\"name\":\"Christinakosmeetika\",\"description\":\"Christina kosmeetika Eestis\",\"alternateName\":\"Christina kosmeetika Eestis\",\"potentialAction\":[{\"@type\":\"SearchAction\",\"target\":{\"@type\":\"EntryPoint\",\"urlTemplate\":\"https:\\\/\\\/christinakosmeetika.ee\\\/?s={search_term_string}\"},\"query-input\":{\"@type\":\"PropertyValueSpecification\",\"valueRequired\":true,\"valueName\":\"search_term_string\"}}],\"inLanguage\":\"et\"}]}<\/script>\n<!-- \/ Yoast SEO plugin. -->","yoast_head_json":{"title":"Line Repair Firm Nighttime Rehab 50ml CHR880 - Christinakosmeetika","description":"\u00d6\u00f6kreem uuendava ja taastava toimega. Silub nahka ja suurendab selle elastsust. Rahustab \u00e4rritunud nahka ning taastab mugavustunde.","robots":{"index":"index","follow":"follow","max-snippet":"max-snippet:-1","max-image-preview":"max-image-preview:large","max-video-preview":"max-video-preview:-1"},"canonical":"https:\/\/christinakosmeetika.ee\/product\/firm-nighttime-rehab\/","og_locale":"et_EE","og_type":"article","og_title":"Line Repair Firm Nighttime Rehab 50ml CHR880 - Christinakosmeetika","og_description":"\u00d6\u00f6kreem uuendava ja taastava toimega. Silub nahka ja suurendab selle elastsust. Rahustab \u00e4rritunud nahka ning taastab mugavustunde.","og_url":"https:\/\/christinakosmeetika.ee\/product\/firm-nighttime-rehab\/","og_site_name":"Christinakosmeetika","article_modified_time":"2026-04-15T12:38:02+00:00","og_image":[{"width":500,"height":500,"url":"https:\/\/christinakosmeetika.ee\/wp-content\/uploads\/2022\/10\/LR_FIRM-NIHGTTIME-REHAB-500.jpg","type":"image\/jpeg"}],"twitter_card":"summary_large_image","twitter_misc":{"Est. reading time":"1 minut"},"schema":{"@context":"https:\/\/schema.org","@graph":[{"@type":"WebPage","@id":"https:\/\/christinakosmeetika.ee\/product\/firm-nighttime-rehab\/","url":"https:\/\/christinakosmeetika.ee\/product\/firm-nighttime-rehab\/","name":"Line Repair Firm Nighttime Rehab 50ml CHR880 - Christinakosmeetika","isPartOf":{"@id":"https:\/\/christinakosmeetika.ee\/#website"},"primaryImageOfPage":{"@id":"https:\/\/christinakosmeetika.ee\/product\/firm-nighttime-rehab\/#primaryimage"},"image":{"@id":"https:\/\/christinakosmeetika.ee\/product\/firm-nighttime-rehab\/#primaryimage"},"thumbnailUrl":"https:\/\/christinakosmeetika.ee\/wp-content\/uploads\/2022\/10\/LR_FIRM-NIHGTTIME-REHAB-500.jpg","datePublished":"2022-10-28T14:08:05+00:00","dateModified":"2026-04-15T12:38:02+00:00","description":"\u00d6\u00f6kreem uuendava ja taastava toimega. Silub nahka ja suurendab selle elastsust. Rahustab \u00e4rritunud nahka ning taastab mugavustunde.","breadcrumb":{"@id":"https:\/\/christinakosmeetika.ee\/product\/firm-nighttime-rehab\/#breadcrumb"},"inLanguage":"et","potentialAction":[{"@type":"ReadAction","target":["https:\/\/christinakosmeetika.ee\/product\/firm-nighttime-rehab\/"]}]},{"@type":"ImageObject","inLanguage":"et","@id":"https:\/\/christinakosmeetika.ee\/product\/firm-nighttime-rehab\/#primaryimage","url":"https:\/\/christinakosmeetika.ee\/wp-content\/uploads\/2022\/10\/LR_FIRM-NIHGTTIME-REHAB-500.jpg","contentUrl":"https:\/\/christinakosmeetika.ee\/wp-content\/uploads\/2022\/10\/LR_FIRM-NIHGTTIME-REHAB-500.jpg","width":500,"height":500},{"@type":"BreadcrumbList","@id":"https:\/\/christinakosmeetika.ee\/product\/firm-nighttime-rehab\/#breadcrumb","itemListElement":[{"@type":"ListItem","position":1,"name":"\u0413\u043b\u0430\u0432\u043d\u0430\u044f \u0441\u0442\u0440\u0430\u043d\u0438\u0446\u0430","item":"https:\/\/christinakosmeetika.ee\/et\/"},{"@type":"ListItem","position":2,"name":"Pood","item":"https:\/\/christinakosmeetika.ee\/et\/shop\/"},{"@type":"ListItem","position":3,"name":"Line Repair Firm Nighttime Rehab 50ml CHR880"}]},{"@type":"WebSite","@id":"https:\/\/christinakosmeetika.ee\/#website","url":"https:\/\/christinakosmeetika.ee\/","name":"Christinakosmeetika","description":"Christina kosmeetika Eestis","alternateName":"Christina kosmeetika Eestis","potentialAction":[{"@type":"SearchAction","target":{"@type":"EntryPoint","urlTemplate":"https:\/\/christinakosmeetika.ee\/?s={search_term_string}"},"query-input":{"@type":"PropertyValueSpecification","valueRequired":true,"valueName":"search_term_string"}}],"inLanguage":"et"}]}},"_links":{"self":[{"href":"https:\/\/christinakosmeetika.ee\/et\/wp-json\/wp\/v2\/product\/4908","targetHints":{"allow":["GET"]}}],"collection":[{"href":"https:\/\/christinakosmeetika.ee\/et\/wp-json\/wp\/v2\/product"}],"about":[{"href":"https:\/\/christinakosmeetika.ee\/et\/wp-json\/wp\/v2\/types\/product"}],"wp:featuredmedia":[{"embeddable":true,"href":"https:\/\/christinakosmeetika.ee\/et\/wp-json\/wp\/v2\/media\/5696"}],"wp:attachment":[{"href":"https:\/\/christinakosmeetika.ee\/et\/wp-json\/wp\/v2\/media?parent=4908"}],"wp:term":[{"taxonomy":"product_brand","embeddable":true,"href":"https:\/\/christinakosmeetika.ee\/et\/wp-json\/wp\/v2\/product_brand?post=4908"},{"taxonomy":"product_cat","embeddable":true,"href":"https:\/\/christinakosmeetika.ee\/et\/wp-json\/wp\/v2\/product_cat?post=4908"},{"taxonomy":"product_tag","embeddable":true,"href":"https:\/\/christinakosmeetika.ee\/et\/wp-json\/wp\/v2\/product_tag?post=4908"}],"curies":[{"name":"wp","href":"https:\/\/api.w.org\/{rel}","templated":true}]}}