{"id":4907,"date":"2023-03-05T22:40:58","date_gmt":"2023-03-05T22:40:58","guid":{"rendered":"https:\/\/christinakosmeetika.ee\/product\/christina-illustrious-toner\/"},"modified":"2026-04-15T15:39:16","modified_gmt":"2026-04-15T12:39:16","slug":"christina-illustrious-toner-et","status":"publish","type":"product","link":"https:\/\/christinakosmeetika.ee\/et\/toode\/christina-illustrious-toner-et\/","title":{"rendered":"CHRISTINA ILLUSTRIOUS Toner 300ml CHR541"},"content":{"rendered":"<p>CHRISTINA ILLUSTRIOUS Toner 300ml &#8211; see rahustav ja niisutav toonik, mis tasakaalustab \u00f5rnalt naha pH taset piimhappe abil. See efektiivselt helendab nahka, parandab selle tekstuuri ja \u00fchtlustab jumet. Toonik omab ka p\u00f5letikuvastaseid omadusi, muutes selle sobivaks tundlikule nahale.<\/p>\n<p>Tooniku \u00f5rn koostis aitab taastada naha loomulikku tasakaalu, andes sellele sametise tunde ja meeldiva enesetunde p\u00e4rast puhastamist.<\/p>\n<p>pH 4,0-4,5<\/p>\n<p><strong>Kasutamine:<\/strong><\/p>\n<p>Niisutage vatipadjakesi toonikuga, p\u00fchkige \u00f5rnalt n\u00e4o- ja kaelanahka. \u00c4rge loputage.<\/p>\n<p><strong>Koostis:<\/strong><\/p>\n<p>Deionized water (Aqua), Glycerin, Polysorbate 20, Hamamelis Virginiana (Witch Hazel) Extract, Phenoxyethanol, Niacinamide, Lactic Acid, Triethanolamine, Sodium PCA, Sodium Lactate, Caprylyl Glycol, Butylene Glycol, Perfume, Phytic Acid, Disodium EDTA, Glycyrrhiza Glabra (Licorice) Root Extract, Ethylhexylglycerin, Benzyl Alcohol, Glycine, Fructose, Urea, Sodium Benzoate, Inositol, Dehydroacetic acid, Limonene, Linalool, Benzyl Salicylate, Citral<\/p>\n","protected":false},"excerpt":{"rendered":"<h4>Elustav toonik<\/h4>\n","protected":false},"featured_media":4692,"template":"","meta":[],"product_brand":[],"product_cat":[484,185],"product_tag":[],"class_list":{"0":"post-4907","1":"product","2":"type-product","3":"status-publish","4":"has-post-thumbnail","6":"product_cat-illustrious-et","7":"product_cat-toonik","8":"product_shipping_class-smart-itella-post","9":"pa_linii-kosmetiki-illustrious-et","10":"pa_reshenie-problem-ebauhtlane-nahatekstuur","11":"pa_reshenie-problem-ebauhtlane-nahatoon","12":"pa_reshenie-problem-pigmentatsioon","13":"pa_reshenie-problem-vananemise-margid","14":"pa_tip-kozi-kombi-et","15":"pa_tip-kozi-rasvane-et","16":"pa_tip-preparata-toonik","18":"first","19":"instock","20":"taxable","21":"shipping-taxable","22":"purchasable","23":"product-type-simple"},"yoast_head":"<!-- This site is optimized with the Yoast SEO plugin v27.5 - https:\/\/yoast.com\/product\/yoast-seo-wordpress\/ -->\n<title>CHRISTINA ILLUSTRIOUS Toner 300ml CHR541 - Christinakosmeetika<\/title>\n<meta name=\"description\" content=\"See on rahustav ja niisutav toonik, mis tasakaalustab \u00f5rnalt naha pH-taset piimhappe abil. See helendab nahka t\u00f5husalt.\" \/>\n<meta name=\"robots\" content=\"index, follow, max-snippet:-1, max-image-preview:large, max-video-preview:-1\" \/>\n<link rel=\"canonical\" href=\"https:\/\/christinakosmeetika.ee\/et\/toode\/christina-illustrious-toner-et\/\" \/>\n<meta property=\"og:locale\" content=\"et_EE\" \/>\n<meta property=\"og:type\" content=\"article\" \/>\n<meta property=\"og:title\" content=\"CHRISTINA ILLUSTRIOUS Toner 300ml CHR541 - Christinakosmeetika\" \/>\n<meta property=\"og:description\" content=\"See on rahustav ja niisutav toonik, mis tasakaalustab \u00f5rnalt naha pH-taset piimhappe abil. See helendab nahka t\u00f5husalt.\" \/>\n<meta property=\"og:url\" content=\"https:\/\/christinakosmeetika.ee\/et\/toode\/christina-illustrious-toner-et\/\" \/>\n<meta property=\"og:site_name\" content=\"Christinakosmeetika\" \/>\n<meta property=\"article:modified_time\" content=\"2026-04-15T12:39:16+00:00\" \/>\n<meta property=\"og:image\" content=\"https:\/\/christinakosmeetika.ee\/wp-content\/uploads\/2021\/04\/Toner450.jpg\" \/>\n\t<meta property=\"og:image:width\" content=\"450\" \/>\n\t<meta property=\"og:image:height\" content=\"450\" \/>\n\t<meta property=\"og:image:type\" content=\"image\/jpeg\" \/>\n<meta name=\"twitter:card\" content=\"summary_large_image\" \/>\n<meta name=\"twitter:label1\" content=\"Est. reading time\" \/>\n\t<meta name=\"twitter:data1\" content=\"1 minut\" \/>\n<script type=\"application\/ld+json\" class=\"yoast-schema-graph\">{\"@context\":\"https:\\\/\\\/schema.org\",\"@graph\":[{\"@type\":\"WebPage\",\"@id\":\"https:\\\/\\\/christinakosmeetika.ee\\\/et\\\/toode\\\/christina-illustrious-toner-et\\\/\",\"url\":\"https:\\\/\\\/christinakosmeetika.ee\\\/et\\\/toode\\\/christina-illustrious-toner-et\\\/\",\"name\":\"CHRISTINA ILLUSTRIOUS Toner 300ml CHR541 - Christinakosmeetika\",\"isPartOf\":{\"@id\":\"https:\\\/\\\/christinakosmeetika.ee\\\/#website\"},\"primaryImageOfPage\":{\"@id\":\"https:\\\/\\\/christinakosmeetika.ee\\\/et\\\/toode\\\/christina-illustrious-toner-et\\\/#primaryimage\"},\"image\":{\"@id\":\"https:\\\/\\\/christinakosmeetika.ee\\\/et\\\/toode\\\/christina-illustrious-toner-et\\\/#primaryimage\"},\"thumbnailUrl\":\"https:\\\/\\\/christinakosmeetika.ee\\\/wp-content\\\/uploads\\\/2021\\\/04\\\/Toner450.jpg\",\"datePublished\":\"2023-03-05T22:40:58+00:00\",\"dateModified\":\"2026-04-15T12:39:16+00:00\",\"description\":\"See on rahustav ja niisutav toonik, mis tasakaalustab \u00f5rnalt naha pH-taset piimhappe abil. See helendab nahka t\u00f5husalt.\",\"breadcrumb\":{\"@id\":\"https:\\\/\\\/christinakosmeetika.ee\\\/et\\\/toode\\\/christina-illustrious-toner-et\\\/#breadcrumb\"},\"inLanguage\":\"et\",\"potentialAction\":[{\"@type\":\"ReadAction\",\"target\":[\"https:\\\/\\\/christinakosmeetika.ee\\\/et\\\/toode\\\/christina-illustrious-toner-et\\\/\"]}]},{\"@type\":\"ImageObject\",\"inLanguage\":\"et\",\"@id\":\"https:\\\/\\\/christinakosmeetika.ee\\\/et\\\/toode\\\/christina-illustrious-toner-et\\\/#primaryimage\",\"url\":\"https:\\\/\\\/christinakosmeetika.ee\\\/wp-content\\\/uploads\\\/2021\\\/04\\\/Toner450.jpg\",\"contentUrl\":\"https:\\\/\\\/christinakosmeetika.ee\\\/wp-content\\\/uploads\\\/2021\\\/04\\\/Toner450.jpg\",\"width\":450,\"height\":450},{\"@type\":\"BreadcrumbList\",\"@id\":\"https:\\\/\\\/christinakosmeetika.ee\\\/et\\\/toode\\\/christina-illustrious-toner-et\\\/#breadcrumb\",\"itemListElement\":[{\"@type\":\"ListItem\",\"position\":1,\"name\":\"\u0413\u043b\u0430\u0432\u043d\u0430\u044f \u0441\u0442\u0440\u0430\u043d\u0438\u0446\u0430\",\"item\":\"https:\\\/\\\/christinakosmeetika.ee\\\/et\\\/\"},{\"@type\":\"ListItem\",\"position\":2,\"name\":\"Pood\",\"item\":\"https:\\\/\\\/christinakosmeetika.ee\\\/et\\\/shop\\\/\"},{\"@type\":\"ListItem\",\"position\":3,\"name\":\"CHRISTINA ILLUSTRIOUS Toner 300ml CHR541\"}]},{\"@type\":\"WebSite\",\"@id\":\"https:\\\/\\\/christinakosmeetika.ee\\\/#website\",\"url\":\"https:\\\/\\\/christinakosmeetika.ee\\\/\",\"name\":\"Christinakosmeetika\",\"description\":\"Christina kosmeetika Eestis\",\"alternateName\":\"Christina kosmeetika Eestis\",\"potentialAction\":[{\"@type\":\"SearchAction\",\"target\":{\"@type\":\"EntryPoint\",\"urlTemplate\":\"https:\\\/\\\/christinakosmeetika.ee\\\/?s={search_term_string}\"},\"query-input\":{\"@type\":\"PropertyValueSpecification\",\"valueRequired\":true,\"valueName\":\"search_term_string\"}}],\"inLanguage\":\"et\"}]}<\/script>\n<!-- \/ Yoast SEO plugin. -->","yoast_head_json":{"title":"CHRISTINA ILLUSTRIOUS Toner 300ml CHR541 - Christinakosmeetika","description":"See on rahustav ja niisutav toonik, mis tasakaalustab \u00f5rnalt naha pH-taset piimhappe abil. See helendab nahka t\u00f5husalt.","robots":{"index":"index","follow":"follow","max-snippet":"max-snippet:-1","max-image-preview":"max-image-preview:large","max-video-preview":"max-video-preview:-1"},"canonical":"https:\/\/christinakosmeetika.ee\/et\/toode\/christina-illustrious-toner-et\/","og_locale":"et_EE","og_type":"article","og_title":"CHRISTINA ILLUSTRIOUS Toner 300ml CHR541 - Christinakosmeetika","og_description":"See on rahustav ja niisutav toonik, mis tasakaalustab \u00f5rnalt naha pH-taset piimhappe abil. See helendab nahka t\u00f5husalt.","og_url":"https:\/\/christinakosmeetika.ee\/et\/toode\/christina-illustrious-toner-et\/","og_site_name":"Christinakosmeetika","article_modified_time":"2026-04-15T12:39:16+00:00","og_image":[{"width":450,"height":450,"url":"https:\/\/christinakosmeetika.ee\/wp-content\/uploads\/2021\/04\/Toner450.jpg","type":"image\/jpeg"}],"twitter_card":"summary_large_image","twitter_misc":{"Est. reading time":"1 minut"},"schema":{"@context":"https:\/\/schema.org","@graph":[{"@type":"WebPage","@id":"https:\/\/christinakosmeetika.ee\/et\/toode\/christina-illustrious-toner-et\/","url":"https:\/\/christinakosmeetika.ee\/et\/toode\/christina-illustrious-toner-et\/","name":"CHRISTINA ILLUSTRIOUS Toner 300ml CHR541 - Christinakosmeetika","isPartOf":{"@id":"https:\/\/christinakosmeetika.ee\/#website"},"primaryImageOfPage":{"@id":"https:\/\/christinakosmeetika.ee\/et\/toode\/christina-illustrious-toner-et\/#primaryimage"},"image":{"@id":"https:\/\/christinakosmeetika.ee\/et\/toode\/christina-illustrious-toner-et\/#primaryimage"},"thumbnailUrl":"https:\/\/christinakosmeetika.ee\/wp-content\/uploads\/2021\/04\/Toner450.jpg","datePublished":"2023-03-05T22:40:58+00:00","dateModified":"2026-04-15T12:39:16+00:00","description":"See on rahustav ja niisutav toonik, mis tasakaalustab \u00f5rnalt naha pH-taset piimhappe abil. See helendab nahka t\u00f5husalt.","breadcrumb":{"@id":"https:\/\/christinakosmeetika.ee\/et\/toode\/christina-illustrious-toner-et\/#breadcrumb"},"inLanguage":"et","potentialAction":[{"@type":"ReadAction","target":["https:\/\/christinakosmeetika.ee\/et\/toode\/christina-illustrious-toner-et\/"]}]},{"@type":"ImageObject","inLanguage":"et","@id":"https:\/\/christinakosmeetika.ee\/et\/toode\/christina-illustrious-toner-et\/#primaryimage","url":"https:\/\/christinakosmeetika.ee\/wp-content\/uploads\/2021\/04\/Toner450.jpg","contentUrl":"https:\/\/christinakosmeetika.ee\/wp-content\/uploads\/2021\/04\/Toner450.jpg","width":450,"height":450},{"@type":"BreadcrumbList","@id":"https:\/\/christinakosmeetika.ee\/et\/toode\/christina-illustrious-toner-et\/#breadcrumb","itemListElement":[{"@type":"ListItem","position":1,"name":"\u0413\u043b\u0430\u0432\u043d\u0430\u044f \u0441\u0442\u0440\u0430\u043d\u0438\u0446\u0430","item":"https:\/\/christinakosmeetika.ee\/et\/"},{"@type":"ListItem","position":2,"name":"Pood","item":"https:\/\/christinakosmeetika.ee\/et\/shop\/"},{"@type":"ListItem","position":3,"name":"CHRISTINA ILLUSTRIOUS Toner 300ml CHR541"}]},{"@type":"WebSite","@id":"https:\/\/christinakosmeetika.ee\/#website","url":"https:\/\/christinakosmeetika.ee\/","name":"Christinakosmeetika","description":"Christina kosmeetika Eestis","alternateName":"Christina kosmeetika Eestis","potentialAction":[{"@type":"SearchAction","target":{"@type":"EntryPoint","urlTemplate":"https:\/\/christinakosmeetika.ee\/?s={search_term_string}"},"query-input":{"@type":"PropertyValueSpecification","valueRequired":true,"valueName":"search_term_string"}}],"inLanguage":"et"}]}},"_links":{"self":[{"href":"https:\/\/christinakosmeetika.ee\/et\/wp-json\/wp\/v2\/product\/4907","targetHints":{"allow":["GET"]}}],"collection":[{"href":"https:\/\/christinakosmeetika.ee\/et\/wp-json\/wp\/v2\/product"}],"about":[{"href":"https:\/\/christinakosmeetika.ee\/et\/wp-json\/wp\/v2\/types\/product"}],"wp:featuredmedia":[{"embeddable":true,"href":"https:\/\/christinakosmeetika.ee\/et\/wp-json\/wp\/v2\/media\/4692"}],"wp:attachment":[{"href":"https:\/\/christinakosmeetika.ee\/et\/wp-json\/wp\/v2\/media?parent=4907"}],"wp:term":[{"taxonomy":"product_brand","embeddable":true,"href":"https:\/\/christinakosmeetika.ee\/et\/wp-json\/wp\/v2\/product_brand?post=4907"},{"taxonomy":"product_cat","embeddable":true,"href":"https:\/\/christinakosmeetika.ee\/et\/wp-json\/wp\/v2\/product_cat?post=4907"},{"taxonomy":"product_tag","embeddable":true,"href":"https:\/\/christinakosmeetika.ee\/et\/wp-json\/wp\/v2\/product_tag?post=4907"}],"curies":[{"name":"wp","href":"https:\/\/api.w.org\/{rel}","templated":true}]}}