{"id":4658,"date":"2023-01-09T10:07:38","date_gmt":"2023-01-09T10:07:38","guid":{"rendered":"https:\/\/christinakosmeetika.ee\/product\/rose-de-mer-pro-cover-cream\/"},"modified":"2026-04-25T19:28:25","modified_gmt":"2026-04-25T16:28:25","slug":"rose-de-mer-pro-cover-cream-et","status":"publish","type":"product","link":"https:\/\/christinakosmeetika.ee\/et\/toode\/rose-de-mer-pro-cover-cream-et\/","title":{"rendered":"ROSE de MER Post Peeling Cover Cream 20ml CHR050"},"content":{"rendered":"<div class=\"av-special-heading av-7o3xlu-0834bf6574df8cc86110ab95edee50de av-special-heading-h4 avia-builder-el-7 el_after_av_heading el_before_av_textblock \">\n<div class=\"av-special-heading av-av_heading-e2906dfd403237537c20b82665a2de65 av-special-heading-h4 avia-builder-el-7 el_after_av_heading el_before_av_textblock \">\n<p>3-\u00fches toonikreem: peidab puudused, kaitseb ja hoolitseb nahahoolduse eest p\u00e4rast koorimist, puhastamist ja teisi invasiivseid protseduure. Tagab 100% f\u00fc\u00fcsilise kaitse UV-kiirguse eest, kohandub naha tooniga, tasandades selle tekstuuri ja v\u00e4rvi.<\/p>\n<p>\u00d5lid, A-, C- ja E-vitamiinid, pruunvetikaekstrakt pehmendavad, niisutavad, siluvad ja rahustavad nahka ning tagavad antioks\u00fcdantse kaitse.<\/p>\n<p>Sobib igap\u00e4evaseks kasutamiseks dekoratiivkosmeetikana. Kandub kergesti, imendub h\u00e4sti, ei j\u00e4ta n\u00e4ole &#8220;maski&#8221; tunnet ega tilgu.<\/p>\n<p><strong>Kasutusviis:<\/strong> Soovitatav on kanda eelnevalt niisutatud seerumi v\u00f5i kreemiga nahale. Soovitud kogus toodet soojendage s\u00f5rmeotstel ja seej\u00e4rel kandke patsutavate liigutustega n\u00e4ole. Mida rohkem toodet v\u00f5tate, seda k\u00fclluslikum on v\u00e4rv ja v\u00e4ljendunud kamuflaa\u017eiefekt. \u00c4rge h\u00f5\u00f5ruge! Vajadusel kandke t\u00e4iendavalt patsutades kohalikult.<\/p>\n<p><strong>Koostis:<\/strong><\/p>\n<p>Caprylic\/Capric Triglyceride, Cyclopentasiloxane, Isopropyl Myristate, Aluminum Starch Octenylsuccinate, CI 77891, Zinc Oxide, Butyrospermum Parkii Butter, Talc, Ozokerite, Helianthus Annus Seed Cera, Mica, Deionized water (Aqua), Butylene Glycol Cocoate, Cetyl Alcohol, Stearyl Alcohol, Silica, CI 77492, CI 77491, Tocopheryl Acetate, Helianthus Annuus (Sunflower) Seed Oil, Phenoxyethanol, Rhus Verniciflua Peel Cera, Shorea Robusta Resin, Caprylyl Glycol, CI 77499, Rosa Canina Fruit Oil, Simmondsia Chinensis (Jojoba) Seed Oil, BHT, Glycine Soja (Soybean) Oil, Glycine Soja (Soybean) Oil, Calendula Officinalis Flower Extract, Alaria Esculenta Extract, Ascorbyl Palmitate, Tocopherol, Retinyl Palmitate, Ascorbyl Isostearate, Bisabolol<\/p>\n<\/div>\n<\/div>\n","protected":false},"excerpt":{"rendered":"<h4>P\u00e4rastkoorimise kaitsekreem<\/h4>\n","protected":false},"featured_media":8947,"template":"","meta":[],"product_brand":[],"product_cat":[149,487],"product_tag":[],"class_list":{"0":"post-4658","1":"product","2":"type-product","3":"status-publish","4":"has-post-thumbnail","6":"product_cat-kreem","7":"product_cat-rose-de-mer-et","8":"product_shipping_class-smart-itella-post","9":"pa_linii-kosmetiki-rose-de-mer-et","10":"pa_reshenie-problem-suhost","11":"pa_reshenie-problem-naha-taastamine","12":"pa_reshenie-problem-chuvstvitelnaja-koza","13":"pa_tip-kozi-koik-nahatuubid-et","14":"pa_tip-preparata-kreem","16":"first","17":"instock","18":"taxable","19":"shipping-taxable","20":"purchasable","21":"product-type-simple"},"yoast_head":"<!-- This site is optimized with the Yoast SEO plugin v27.5 - https:\/\/yoast.com\/product\/yoast-seo-wordpress\/ -->\n<title>ROSE de MER Post Peeling Cover Cream 20ml CHR050 - Christinakosmeetika<\/title>\n<meta name=\"description\" content=\"Tooniva toimega kreem kaitseb nahka ultraviolettkiirguse eest, rahustab nahka ja aitab rikastada seda antioks\u00fcdantidega.\" \/>\n<meta name=\"robots\" content=\"index, follow, max-snippet:-1, max-image-preview:large, max-video-preview:-1\" \/>\n<link rel=\"canonical\" href=\"https:\/\/christinakosmeetika.ee\/et\/toode\/rose-de-mer-pro-cover-cream-et\/\" \/>\n<meta property=\"og:locale\" content=\"et_EE\" \/>\n<meta property=\"og:type\" content=\"article\" \/>\n<meta property=\"og:title\" content=\"ROSE de MER Post Peeling Cover Cream 20ml CHR050 - Christinakosmeetika\" \/>\n<meta property=\"og:description\" content=\"Tooniva toimega kreem kaitseb nahka ultraviolettkiirguse eest, rahustab nahka ja aitab rikastada seda antioks\u00fcdantidega.\" \/>\n<meta property=\"og:url\" content=\"https:\/\/christinakosmeetika.ee\/et\/toode\/rose-de-mer-pro-cover-cream-et\/\" \/>\n<meta property=\"og:site_name\" content=\"Christinakosmeetika\" \/>\n<meta property=\"article:modified_time\" content=\"2026-04-25T16:28:25+00:00\" \/>\n<meta property=\"og:image\" content=\"https:\/\/christinakosmeetika.ee\/wp-content\/uploads\/2023\/01\/cover-cream-1030x1030-1.png\" \/>\n\t<meta property=\"og:image:width\" content=\"1030\" \/>\n\t<meta property=\"og:image:height\" content=\"1030\" \/>\n\t<meta property=\"og:image:type\" content=\"image\/png\" \/>\n<meta name=\"twitter:card\" content=\"summary_large_image\" \/>\n<meta name=\"twitter:label1\" content=\"Est. reading time\" \/>\n\t<meta name=\"twitter:data1\" content=\"2 minutit\" \/>\n<script type=\"application\/ld+json\" class=\"yoast-schema-graph\">{\"@context\":\"https:\\\/\\\/schema.org\",\"@graph\":[{\"@type\":\"WebPage\",\"@id\":\"https:\\\/\\\/christinakosmeetika.ee\\\/et\\\/toode\\\/rose-de-mer-pro-cover-cream-et\\\/\",\"url\":\"https:\\\/\\\/christinakosmeetika.ee\\\/et\\\/toode\\\/rose-de-mer-pro-cover-cream-et\\\/\",\"name\":\"ROSE de MER Post Peeling Cover Cream 20ml CHR050 - Christinakosmeetika\",\"isPartOf\":{\"@id\":\"https:\\\/\\\/christinakosmeetika.ee\\\/#website\"},\"primaryImageOfPage\":{\"@id\":\"https:\\\/\\\/christinakosmeetika.ee\\\/et\\\/toode\\\/rose-de-mer-pro-cover-cream-et\\\/#primaryimage\"},\"image\":{\"@id\":\"https:\\\/\\\/christinakosmeetika.ee\\\/et\\\/toode\\\/rose-de-mer-pro-cover-cream-et\\\/#primaryimage\"},\"thumbnailUrl\":\"https:\\\/\\\/christinakosmeetika.ee\\\/wp-content\\\/uploads\\\/2023\\\/01\\\/cover-cream-1030x1030-1.png\",\"datePublished\":\"2023-01-09T10:07:38+00:00\",\"dateModified\":\"2026-04-25T16:28:25+00:00\",\"description\":\"Tooniva toimega kreem kaitseb nahka ultraviolettkiirguse eest, rahustab nahka ja aitab rikastada seda antioks\u00fcdantidega.\",\"breadcrumb\":{\"@id\":\"https:\\\/\\\/christinakosmeetika.ee\\\/et\\\/toode\\\/rose-de-mer-pro-cover-cream-et\\\/#breadcrumb\"},\"inLanguage\":\"et\",\"potentialAction\":[{\"@type\":\"ReadAction\",\"target\":[\"https:\\\/\\\/christinakosmeetika.ee\\\/et\\\/toode\\\/rose-de-mer-pro-cover-cream-et\\\/\"]}]},{\"@type\":\"ImageObject\",\"inLanguage\":\"et\",\"@id\":\"https:\\\/\\\/christinakosmeetika.ee\\\/et\\\/toode\\\/rose-de-mer-pro-cover-cream-et\\\/#primaryimage\",\"url\":\"https:\\\/\\\/christinakosmeetika.ee\\\/wp-content\\\/uploads\\\/2023\\\/01\\\/cover-cream-1030x1030-1.png\",\"contentUrl\":\"https:\\\/\\\/christinakosmeetika.ee\\\/wp-content\\\/uploads\\\/2023\\\/01\\\/cover-cream-1030x1030-1.png\",\"width\":1030,\"height\":1030},{\"@type\":\"BreadcrumbList\",\"@id\":\"https:\\\/\\\/christinakosmeetika.ee\\\/et\\\/toode\\\/rose-de-mer-pro-cover-cream-et\\\/#breadcrumb\",\"itemListElement\":[{\"@type\":\"ListItem\",\"position\":1,\"name\":\"\u0413\u043b\u0430\u0432\u043d\u0430\u044f \u0441\u0442\u0440\u0430\u043d\u0438\u0446\u0430\",\"item\":\"https:\\\/\\\/christinakosmeetika.ee\\\/et\\\/\"},{\"@type\":\"ListItem\",\"position\":2,\"name\":\"Pood\",\"item\":\"https:\\\/\\\/christinakosmeetika.ee\\\/et\\\/shop\\\/\"},{\"@type\":\"ListItem\",\"position\":3,\"name\":\"ROSE de MER Post Peeling Cover Cream 20ml CHR050\"}]},{\"@type\":\"WebSite\",\"@id\":\"https:\\\/\\\/christinakosmeetika.ee\\\/#website\",\"url\":\"https:\\\/\\\/christinakosmeetika.ee\\\/\",\"name\":\"Christinakosmeetika\",\"description\":\"Christina kosmeetika Eestis\",\"alternateName\":\"Christina kosmeetika Eestis\",\"potentialAction\":[{\"@type\":\"SearchAction\",\"target\":{\"@type\":\"EntryPoint\",\"urlTemplate\":\"https:\\\/\\\/christinakosmeetika.ee\\\/?s={search_term_string}\"},\"query-input\":{\"@type\":\"PropertyValueSpecification\",\"valueRequired\":true,\"valueName\":\"search_term_string\"}}],\"inLanguage\":\"et\"}]}<\/script>\n<!-- \/ Yoast SEO plugin. -->","yoast_head_json":{"title":"ROSE de MER Post Peeling Cover Cream 20ml CHR050 - Christinakosmeetika","description":"Tooniva toimega kreem kaitseb nahka ultraviolettkiirguse eest, rahustab nahka ja aitab rikastada seda antioks\u00fcdantidega.","robots":{"index":"index","follow":"follow","max-snippet":"max-snippet:-1","max-image-preview":"max-image-preview:large","max-video-preview":"max-video-preview:-1"},"canonical":"https:\/\/christinakosmeetika.ee\/et\/toode\/rose-de-mer-pro-cover-cream-et\/","og_locale":"et_EE","og_type":"article","og_title":"ROSE de MER Post Peeling Cover Cream 20ml CHR050 - Christinakosmeetika","og_description":"Tooniva toimega kreem kaitseb nahka ultraviolettkiirguse eest, rahustab nahka ja aitab rikastada seda antioks\u00fcdantidega.","og_url":"https:\/\/christinakosmeetika.ee\/et\/toode\/rose-de-mer-pro-cover-cream-et\/","og_site_name":"Christinakosmeetika","article_modified_time":"2026-04-25T16:28:25+00:00","og_image":[{"width":1030,"height":1030,"url":"https:\/\/christinakosmeetika.ee\/wp-content\/uploads\/2023\/01\/cover-cream-1030x1030-1.png","type":"image\/png"}],"twitter_card":"summary_large_image","twitter_misc":{"Est. reading time":"2 minutit"},"schema":{"@context":"https:\/\/schema.org","@graph":[{"@type":"WebPage","@id":"https:\/\/christinakosmeetika.ee\/et\/toode\/rose-de-mer-pro-cover-cream-et\/","url":"https:\/\/christinakosmeetika.ee\/et\/toode\/rose-de-mer-pro-cover-cream-et\/","name":"ROSE de MER Post Peeling Cover Cream 20ml CHR050 - Christinakosmeetika","isPartOf":{"@id":"https:\/\/christinakosmeetika.ee\/#website"},"primaryImageOfPage":{"@id":"https:\/\/christinakosmeetika.ee\/et\/toode\/rose-de-mer-pro-cover-cream-et\/#primaryimage"},"image":{"@id":"https:\/\/christinakosmeetika.ee\/et\/toode\/rose-de-mer-pro-cover-cream-et\/#primaryimage"},"thumbnailUrl":"https:\/\/christinakosmeetika.ee\/wp-content\/uploads\/2023\/01\/cover-cream-1030x1030-1.png","datePublished":"2023-01-09T10:07:38+00:00","dateModified":"2026-04-25T16:28:25+00:00","description":"Tooniva toimega kreem kaitseb nahka ultraviolettkiirguse eest, rahustab nahka ja aitab rikastada seda antioks\u00fcdantidega.","breadcrumb":{"@id":"https:\/\/christinakosmeetika.ee\/et\/toode\/rose-de-mer-pro-cover-cream-et\/#breadcrumb"},"inLanguage":"et","potentialAction":[{"@type":"ReadAction","target":["https:\/\/christinakosmeetika.ee\/et\/toode\/rose-de-mer-pro-cover-cream-et\/"]}]},{"@type":"ImageObject","inLanguage":"et","@id":"https:\/\/christinakosmeetika.ee\/et\/toode\/rose-de-mer-pro-cover-cream-et\/#primaryimage","url":"https:\/\/christinakosmeetika.ee\/wp-content\/uploads\/2023\/01\/cover-cream-1030x1030-1.png","contentUrl":"https:\/\/christinakosmeetika.ee\/wp-content\/uploads\/2023\/01\/cover-cream-1030x1030-1.png","width":1030,"height":1030},{"@type":"BreadcrumbList","@id":"https:\/\/christinakosmeetika.ee\/et\/toode\/rose-de-mer-pro-cover-cream-et\/#breadcrumb","itemListElement":[{"@type":"ListItem","position":1,"name":"\u0413\u043b\u0430\u0432\u043d\u0430\u044f \u0441\u0442\u0440\u0430\u043d\u0438\u0446\u0430","item":"https:\/\/christinakosmeetika.ee\/et\/"},{"@type":"ListItem","position":2,"name":"Pood","item":"https:\/\/christinakosmeetika.ee\/et\/shop\/"},{"@type":"ListItem","position":3,"name":"ROSE de MER Post Peeling Cover Cream 20ml CHR050"}]},{"@type":"WebSite","@id":"https:\/\/christinakosmeetika.ee\/#website","url":"https:\/\/christinakosmeetika.ee\/","name":"Christinakosmeetika","description":"Christina kosmeetika Eestis","alternateName":"Christina kosmeetika Eestis","potentialAction":[{"@type":"SearchAction","target":{"@type":"EntryPoint","urlTemplate":"https:\/\/christinakosmeetika.ee\/?s={search_term_string}"},"query-input":{"@type":"PropertyValueSpecification","valueRequired":true,"valueName":"search_term_string"}}],"inLanguage":"et"}]}},"_links":{"self":[{"href":"https:\/\/christinakosmeetika.ee\/et\/wp-json\/wp\/v2\/product\/4658","targetHints":{"allow":["GET"]}}],"collection":[{"href":"https:\/\/christinakosmeetika.ee\/et\/wp-json\/wp\/v2\/product"}],"about":[{"href":"https:\/\/christinakosmeetika.ee\/et\/wp-json\/wp\/v2\/types\/product"}],"wp:featuredmedia":[{"embeddable":true,"href":"https:\/\/christinakosmeetika.ee\/et\/wp-json\/wp\/v2\/media\/8947"}],"wp:attachment":[{"href":"https:\/\/christinakosmeetika.ee\/et\/wp-json\/wp\/v2\/media?parent=4658"}],"wp:term":[{"taxonomy":"product_brand","embeddable":true,"href":"https:\/\/christinakosmeetika.ee\/et\/wp-json\/wp\/v2\/product_brand?post=4658"},{"taxonomy":"product_cat","embeddable":true,"href":"https:\/\/christinakosmeetika.ee\/et\/wp-json\/wp\/v2\/product_cat?post=4658"},{"taxonomy":"product_tag","embeddable":true,"href":"https:\/\/christinakosmeetika.ee\/et\/wp-json\/wp\/v2\/product_tag?post=4658"}],"curies":[{"name":"wp","href":"https:\/\/api.w.org\/{rel}","templated":true}]}}