{"id":2162,"date":"2021-04-28T19:50:30","date_gmt":"2021-04-28T19:50:30","guid":{"rendered":"http:\/\/christinakosmeetika.ee\/product\/christina-comodex-extract-refine-peel-off-mask-%d0%bc%d0%b0%d1%81%d0%ba%d0%b0-%d0%b4%d0%bb%d1%8f-%d0%bb%d0%b8%d1%86%d0%b0-%d0%bf%d1%80%d0%be%d1%82%d0%b8%d0%b2-%d1%87%d0%b5%d1%80%d0%bd%d1%8b%d1%85\/"},"modified":"2026-04-10T11:36:14","modified_gmt":"2026-04-10T08:36:14","slug":"christina-comodex-extract-refine-peel-off-mask-mustade-punktide-vastu-moeldud-kilemask-et","status":"publish","type":"product","link":"https:\/\/christinakosmeetika.ee\/et\/toode\/christina-comodex-extract-refine-peel-off-mask-mustade-punktide-vastu-moeldud-kilemask-et\/","title":{"rendered":"Christina Comodex Extract &#038; Refine Peel-off mask 75ml CHR638"},"content":{"rendered":"<section class=\"av_textblock_section \">\n<div class=\"avia_textblock \">\n<section class=\"av_textblock_section \">\n<div class=\"avia_textblock \">\n<p>Mustade punktide vastu m\u00f5eldud kilemask Christina Comodex Extract Refine Peel-off Mask puhastab nahka t\u00f5husalt, soodustab koorimist, eemaldades surnud naharakud. See neelab \u00fcleliigse rasu, eemaldab mustad punktid ja annab nahale puhtuse. Maski koostises sisalduvad koostisosad nagu sidrunhape ja salits\u00fc\u00fclhape ning taimsete ekstraktide kompleks. Need v\u00e4hendavad liigset rasusust, leevendavad p\u00f5letikku ja \u00e4rritust. V\u00f5itlevad akne ja pigmendilaikude vastu. Need stimuleerivad kollageeni ja elastiini s\u00fcnteesi, suurendades naha elastsust ja tugevust.<\/p>\n<p>Kooriv mask CHRISTINA COMODEX Extract &amp; Refine Peel-off tagab p\u00f5hjaliku naha puhastamise, muutes selle siledamaks ja s\u00e4delevamaks. See protsess aitab parandada naha tekstuuri ja annab sellele v\u00e4rskuse ja nooruslikkuse tunde.<\/p>\n<p>CHRISTINA COMODEX Extract &amp; Refine Peel-off maski regulaarne kasutamine aitab saavutada puhtama ja tasakaalustatuma n\u00e4onaha tooni. See on suurep\u00e4rane lisand teie nahahooldusrutiinile, pakkudes suunatud hooldust ummistunud pooride, mustade punktide ja liigse rasu vastu.<\/p>\n<\/div>\n<\/section>\n<section class=\"av_textblock_section \">\n<div class=\"avia_textblock \">\n<p><strong><b>Kasutamine:<\/b><\/strong><\/p>\n<p>Kanda eelnevalt puhastatud nahale \u00fchtlase kihina. J\u00e4tta 10-15 minutiks, kuni t\u00e4ieliku kuivamiseni. Mask eemaldada hoolikalt, j\u00e4\u00e4gid pesta maha sooja veega.<\/p>\n<\/div>\n<\/section>\n<section class=\"av_textblock_section \">\n<div class=\"avia_textblock \">\n<p><img loading=\"lazy\" decoding=\"async\" class=\"alignnone size-medium wp-image-12858\" src=\"https:\/\/christinakosmeetika.ee\/wp-content\/uploads\/2021\/04\/Christina-Comodex-Extract-Refine-Peel-off-mask-200x300.png\" alt=\"\" width=\"200\" height=\"300\" \/><\/p>\n<h3 data-start=\"65\" data-end=\"117\"><a href=\"https:\/\/christinakosmeetika.ee\/et\/kooritav-mask-mustade-tappide-vastu\/\"><strong data-start=\"65\" data-end=\"117\">Christina Comodex Extract &amp; Refine Peel-off Mask<\/strong><\/a><\/h3>\n<p data-start=\"119\" data-end=\"293\">On naha seisundeid, kus tavaline puhastus ei anna enam soovitud tulemust.<br data-start=\"192\" data-end=\"195\" \/>Nahk tundub ummistunud, poorid t\u00e4ituvad kiiremini, jume muutub tuhmiks ja tekib \u00fclekoormuse tunne.<\/p>\n<p data-start=\"295\" data-end=\"411\">Sellistel juhtudel ei vaja nahk agressiivset koorimist,<br data-start=\"350\" data-end=\"353\" \/>vaid s\u00fcgavamat t\u00f6\u00f6d mustuse ja liigse rasuga pooride sees.<\/p>\n<p data-start=\"413\" data-end=\"489\">\ud83d\udc49 Just sellega t\u00f6\u00f6tab <strong data-start=\"436\" data-end=\"488\">Christina Comodex Extract &amp; Refine Peel-off Mask<\/strong>.<\/p>\n<p data-start=\"491\" data-end=\"506\" data-is-last-node=\"\" data-is-only-node=\"\"><a href=\"https:\/\/christinakosmeetika.ee\/et\/kooritav-mask-mustade-tappide-vastu\/\"><strong data-start=\"491\" data-end=\"506\" data-is-last-node=\"\">loe edasi\u2026\u203a<\/strong><\/a><\/p>\n<p><strong>Koostis:<\/strong><\/p>\n<p>Deionized water (Aqua), SD Alcohol 40, Polyvinyl Alcohol, Propanediol, Citric Acid&amp;, Deionized water (Aqua)&amp;, Glycerin&amp;, Potassium Sorbate&amp;, Sodium Benzoate&amp;, Solanum Lycopersicum (Tomato) Fruit\/Leaf\/Stem Extract, Polysorbate 20, Allantoin&amp;, Biotin&amp;, Butylene Glycol&amp;, Deionized water (Aqua)&amp;, Fomes Officinais (MUSHROOM) Extract&amp;, Hydrolyzed Yeast Protein&amp;, Niacinamide&amp;, Panthenol&amp;, Pyridoxine&amp;, Threonine, Sodium Caproyl\/Lauroyl Lactylate&amp;, Triethyl citrate, Salicylic Acid&amp;, Hydroxypropyl Cyclodextrin, Salicylic Acid, Camellia Sinensis Leaf Extract&amp;, Centella Asiatica Extract&amp;, Chamomilla Recutita (Matricaria) Flower&amp;, Deionized water (Aqua)&amp;, Glycyrrhiza Glabra (Licorice) Root Extract&amp;, Propanediol&amp;, Rosmarinus Officinalis (Rosemary) Leaf Extract&amp;, Scutellaria Baicalensis Root Extract&amp;, Polygonum Cuspidatum Root Extract, Fragrance, Citral, D-Limonene\/Dipentene\/I-Limonene, Tetrasodium EDTA, Magnesium Ascorbyl Phosphate, Dibutyl Lauroyl Glutamide<\/p>\n<p>&nbsp;<\/p>\n<\/div>\n<\/section>\n<\/div>\n<\/section>\n","protected":false},"excerpt":{"rendered":"<h2>Kilemask mustade t\u00e4pite vastu<\/h2>\n","protected":false},"featured_media":6174,"template":"","meta":[],"product_brand":[],"product_cat":[150],"product_tag":[],"class_list":{"0":"post-2162","1":"product","2":"type-product","3":"status-publish","4":"has-post-thumbnail","6":"product_cat-mask-et","7":"product_shipping_class-smart-itella-post","8":"pa_linii-kosmetiki-comodex-et","9":"pa_reshenie-problem-ebauhtlane-nahatekstuur","10":"pa_reshenie-problem-laienenud-poorid","11":"pa_reshenie-problem-chernye-tochki","12":"pa_reshenie-problem-oline-laige","13":"pa_tip-kozi-koik-nahatuubid-et","14":"pa_tip-kozi-kombi-et","15":"pa_tip-kozi-kuiv-et","16":"pa_tip-kozi-normaalne-et","17":"pa_tip-kozi-rasvane-et","18":"pa_tip-preparata-mask-et","19":"pa_vremja-primenenija-paev-oo","21":"first","22":"outofstock","23":"taxable","24":"shipping-taxable","25":"purchasable","26":"product-type-simple"},"yoast_head":"<!-- This site is optimized with the Yoast SEO plugin v27.5 - https:\/\/yoast.com\/product\/yoast-seo-wordpress\/ -->\n<title>Christina Comodex Extract &amp; Refine Peel-off mask 75ml CHR638 - Christinakosmeetika<\/title>\n<meta name=\"description\" content=\"9\" \/>\n<meta name=\"robots\" content=\"index, follow, max-snippet:-1, max-image-preview:large, max-video-preview:-1\" \/>\n<link rel=\"canonical\" href=\"https:\/\/christinakosmeetika.ee\/et\/toode\/christina-comodex-extract-refine-peel-off-mask-mustade-punktide-vastu-moeldud-kilemask-et\/\" \/>\n<meta property=\"og:locale\" content=\"et_EE\" \/>\n<meta property=\"og:type\" content=\"article\" \/>\n<meta property=\"og:title\" content=\"Christina Comodex Extract &amp; Refine Peel-off mask 75ml CHR638 - Christinakosmeetika\" \/>\n<meta property=\"og:description\" content=\"9\" \/>\n<meta property=\"og:url\" content=\"https:\/\/christinakosmeetika.ee\/et\/toode\/christina-comodex-extract-refine-peel-off-mask-mustade-punktide-vastu-moeldud-kilemask-et\/\" \/>\n<meta property=\"og:site_name\" content=\"Christinakosmeetika\" \/>\n<meta property=\"article:modified_time\" content=\"2026-04-10T08:36:14+00:00\" \/>\n<meta property=\"og:image\" content=\"https:\/\/christinakosmeetika.ee\/wp-content\/uploads\/2021\/04\/ExtractRefine-Peel-off-mask-450-1.jpg\" \/>\n\t<meta property=\"og:image:width\" content=\"450\" \/>\n\t<meta property=\"og:image:height\" content=\"450\" \/>\n\t<meta property=\"og:image:type\" content=\"image\/jpeg\" \/>\n<meta name=\"twitter:card\" content=\"summary_large_image\" \/>\n<meta name=\"twitter:label1\" content=\"Est. reading time\" \/>\n\t<meta name=\"twitter:data1\" content=\"2 minutit\" \/>\n<script type=\"application\/ld+json\" class=\"yoast-schema-graph\">{\"@context\":\"https:\\\/\\\/schema.org\",\"@graph\":[{\"@type\":\"WebPage\",\"@id\":\"https:\\\/\\\/christinakosmeetika.ee\\\/et\\\/toode\\\/christina-comodex-extract-refine-peel-off-mask-mustade-punktide-vastu-moeldud-kilemask-et\\\/\",\"url\":\"https:\\\/\\\/christinakosmeetika.ee\\\/et\\\/toode\\\/christina-comodex-extract-refine-peel-off-mask-mustade-punktide-vastu-moeldud-kilemask-et\\\/\",\"name\":\"Christina Comodex Extract & Refine Peel-off mask 75ml CHR638 - Christinakosmeetika\",\"isPartOf\":{\"@id\":\"https:\\\/\\\/christinakosmeetika.ee\\\/#website\"},\"primaryImageOfPage\":{\"@id\":\"https:\\\/\\\/christinakosmeetika.ee\\\/et\\\/toode\\\/christina-comodex-extract-refine-peel-off-mask-mustade-punktide-vastu-moeldud-kilemask-et\\\/#primaryimage\"},\"image\":{\"@id\":\"https:\\\/\\\/christinakosmeetika.ee\\\/et\\\/toode\\\/christina-comodex-extract-refine-peel-off-mask-mustade-punktide-vastu-moeldud-kilemask-et\\\/#primaryimage\"},\"thumbnailUrl\":\"https:\\\/\\\/christinakosmeetika.ee\\\/wp-content\\\/uploads\\\/2021\\\/04\\\/ExtractRefine-Peel-off-mask-450-1.jpg\",\"datePublished\":\"2021-04-28T19:50:30+00:00\",\"dateModified\":\"2026-04-10T08:36:14+00:00\",\"description\":\"9\",\"breadcrumb\":{\"@id\":\"https:\\\/\\\/christinakosmeetika.ee\\\/et\\\/toode\\\/christina-comodex-extract-refine-peel-off-mask-mustade-punktide-vastu-moeldud-kilemask-et\\\/#breadcrumb\"},\"inLanguage\":\"et\",\"potentialAction\":[{\"@type\":\"ReadAction\",\"target\":[\"https:\\\/\\\/christinakosmeetika.ee\\\/et\\\/toode\\\/christina-comodex-extract-refine-peel-off-mask-mustade-punktide-vastu-moeldud-kilemask-et\\\/\"]}]},{\"@type\":\"ImageObject\",\"inLanguage\":\"et\",\"@id\":\"https:\\\/\\\/christinakosmeetika.ee\\\/et\\\/toode\\\/christina-comodex-extract-refine-peel-off-mask-mustade-punktide-vastu-moeldud-kilemask-et\\\/#primaryimage\",\"url\":\"https:\\\/\\\/christinakosmeetika.ee\\\/wp-content\\\/uploads\\\/2021\\\/04\\\/ExtractRefine-Peel-off-mask-450-1.jpg\",\"contentUrl\":\"https:\\\/\\\/christinakosmeetika.ee\\\/wp-content\\\/uploads\\\/2021\\\/04\\\/ExtractRefine-Peel-off-mask-450-1.jpg\",\"width\":450,\"height\":450},{\"@type\":\"BreadcrumbList\",\"@id\":\"https:\\\/\\\/christinakosmeetika.ee\\\/et\\\/toode\\\/christina-comodex-extract-refine-peel-off-mask-mustade-punktide-vastu-moeldud-kilemask-et\\\/#breadcrumb\",\"itemListElement\":[{\"@type\":\"ListItem\",\"position\":1,\"name\":\"\u0413\u043b\u0430\u0432\u043d\u0430\u044f \u0441\u0442\u0440\u0430\u043d\u0438\u0446\u0430\",\"item\":\"https:\\\/\\\/christinakosmeetika.ee\\\/et\\\/\"},{\"@type\":\"ListItem\",\"position\":2,\"name\":\"Pood\",\"item\":\"https:\\\/\\\/christinakosmeetika.ee\\\/et\\\/shop\\\/\"},{\"@type\":\"ListItem\",\"position\":3,\"name\":\"Christina Comodex Extract &#038; Refine Peel-off mask 75ml CHR638\"}]},{\"@type\":\"WebSite\",\"@id\":\"https:\\\/\\\/christinakosmeetika.ee\\\/#website\",\"url\":\"https:\\\/\\\/christinakosmeetika.ee\\\/\",\"name\":\"Christinakosmeetika\",\"description\":\"Christina kosmeetika Eestis\",\"alternateName\":\"Christina kosmeetika Eestis\",\"potentialAction\":[{\"@type\":\"SearchAction\",\"target\":{\"@type\":\"EntryPoint\",\"urlTemplate\":\"https:\\\/\\\/christinakosmeetika.ee\\\/?s={search_term_string}\"},\"query-input\":{\"@type\":\"PropertyValueSpecification\",\"valueRequired\":true,\"valueName\":\"search_term_string\"}}],\"inLanguage\":\"et\"}]}<\/script>\n<!-- \/ Yoast SEO plugin. -->","yoast_head_json":{"title":"Christina Comodex Extract & Refine Peel-off mask 75ml CHR638 - Christinakosmeetika","description":"9","robots":{"index":"index","follow":"follow","max-snippet":"max-snippet:-1","max-image-preview":"max-image-preview:large","max-video-preview":"max-video-preview:-1"},"canonical":"https:\/\/christinakosmeetika.ee\/et\/toode\/christina-comodex-extract-refine-peel-off-mask-mustade-punktide-vastu-moeldud-kilemask-et\/","og_locale":"et_EE","og_type":"article","og_title":"Christina Comodex Extract & Refine Peel-off mask 75ml CHR638 - Christinakosmeetika","og_description":"9","og_url":"https:\/\/christinakosmeetika.ee\/et\/toode\/christina-comodex-extract-refine-peel-off-mask-mustade-punktide-vastu-moeldud-kilemask-et\/","og_site_name":"Christinakosmeetika","article_modified_time":"2026-04-10T08:36:14+00:00","og_image":[{"width":450,"height":450,"url":"https:\/\/christinakosmeetika.ee\/wp-content\/uploads\/2021\/04\/ExtractRefine-Peel-off-mask-450-1.jpg","type":"image\/jpeg"}],"twitter_card":"summary_large_image","twitter_misc":{"Est. reading time":"2 minutit"},"schema":{"@context":"https:\/\/schema.org","@graph":[{"@type":"WebPage","@id":"https:\/\/christinakosmeetika.ee\/et\/toode\/christina-comodex-extract-refine-peel-off-mask-mustade-punktide-vastu-moeldud-kilemask-et\/","url":"https:\/\/christinakosmeetika.ee\/et\/toode\/christina-comodex-extract-refine-peel-off-mask-mustade-punktide-vastu-moeldud-kilemask-et\/","name":"Christina Comodex Extract & Refine Peel-off mask 75ml CHR638 - Christinakosmeetika","isPartOf":{"@id":"https:\/\/christinakosmeetika.ee\/#website"},"primaryImageOfPage":{"@id":"https:\/\/christinakosmeetika.ee\/et\/toode\/christina-comodex-extract-refine-peel-off-mask-mustade-punktide-vastu-moeldud-kilemask-et\/#primaryimage"},"image":{"@id":"https:\/\/christinakosmeetika.ee\/et\/toode\/christina-comodex-extract-refine-peel-off-mask-mustade-punktide-vastu-moeldud-kilemask-et\/#primaryimage"},"thumbnailUrl":"https:\/\/christinakosmeetika.ee\/wp-content\/uploads\/2021\/04\/ExtractRefine-Peel-off-mask-450-1.jpg","datePublished":"2021-04-28T19:50:30+00:00","dateModified":"2026-04-10T08:36:14+00:00","description":"9","breadcrumb":{"@id":"https:\/\/christinakosmeetika.ee\/et\/toode\/christina-comodex-extract-refine-peel-off-mask-mustade-punktide-vastu-moeldud-kilemask-et\/#breadcrumb"},"inLanguage":"et","potentialAction":[{"@type":"ReadAction","target":["https:\/\/christinakosmeetika.ee\/et\/toode\/christina-comodex-extract-refine-peel-off-mask-mustade-punktide-vastu-moeldud-kilemask-et\/"]}]},{"@type":"ImageObject","inLanguage":"et","@id":"https:\/\/christinakosmeetika.ee\/et\/toode\/christina-comodex-extract-refine-peel-off-mask-mustade-punktide-vastu-moeldud-kilemask-et\/#primaryimage","url":"https:\/\/christinakosmeetika.ee\/wp-content\/uploads\/2021\/04\/ExtractRefine-Peel-off-mask-450-1.jpg","contentUrl":"https:\/\/christinakosmeetika.ee\/wp-content\/uploads\/2021\/04\/ExtractRefine-Peel-off-mask-450-1.jpg","width":450,"height":450},{"@type":"BreadcrumbList","@id":"https:\/\/christinakosmeetika.ee\/et\/toode\/christina-comodex-extract-refine-peel-off-mask-mustade-punktide-vastu-moeldud-kilemask-et\/#breadcrumb","itemListElement":[{"@type":"ListItem","position":1,"name":"\u0413\u043b\u0430\u0432\u043d\u0430\u044f \u0441\u0442\u0440\u0430\u043d\u0438\u0446\u0430","item":"https:\/\/christinakosmeetika.ee\/et\/"},{"@type":"ListItem","position":2,"name":"Pood","item":"https:\/\/christinakosmeetika.ee\/et\/shop\/"},{"@type":"ListItem","position":3,"name":"Christina Comodex Extract &#038; Refine Peel-off mask 75ml CHR638"}]},{"@type":"WebSite","@id":"https:\/\/christinakosmeetika.ee\/#website","url":"https:\/\/christinakosmeetika.ee\/","name":"Christinakosmeetika","description":"Christina kosmeetika Eestis","alternateName":"Christina kosmeetika Eestis","potentialAction":[{"@type":"SearchAction","target":{"@type":"EntryPoint","urlTemplate":"https:\/\/christinakosmeetika.ee\/?s={search_term_string}"},"query-input":{"@type":"PropertyValueSpecification","valueRequired":true,"valueName":"search_term_string"}}],"inLanguage":"et"}]}},"_links":{"self":[{"href":"https:\/\/christinakosmeetika.ee\/et\/wp-json\/wp\/v2\/product\/2162","targetHints":{"allow":["GET"]}}],"collection":[{"href":"https:\/\/christinakosmeetika.ee\/et\/wp-json\/wp\/v2\/product"}],"about":[{"href":"https:\/\/christinakosmeetika.ee\/et\/wp-json\/wp\/v2\/types\/product"}],"wp:featuredmedia":[{"embeddable":true,"href":"https:\/\/christinakosmeetika.ee\/et\/wp-json\/wp\/v2\/media\/6174"}],"wp:attachment":[{"href":"https:\/\/christinakosmeetika.ee\/et\/wp-json\/wp\/v2\/media?parent=2162"}],"wp:term":[{"taxonomy":"product_brand","embeddable":true,"href":"https:\/\/christinakosmeetika.ee\/et\/wp-json\/wp\/v2\/product_brand?post=2162"},{"taxonomy":"product_cat","embeddable":true,"href":"https:\/\/christinakosmeetika.ee\/et\/wp-json\/wp\/v2\/product_cat?post=2162"},{"taxonomy":"product_tag","embeddable":true,"href":"https:\/\/christinakosmeetika.ee\/et\/wp-json\/wp\/v2\/product_tag?post=2162"}],"curies":[{"name":"wp","href":"https:\/\/api.w.org\/{rel}","templated":true}]}}