{"id":2161,"date":"2021-04-28T20:01:16","date_gmt":"2021-04-28T20:01:16","guid":{"rendered":"http:\/\/christinakosmeetika.ee\/product\/christina-comodex-soothe-regulate-mask\/"},"modified":"2026-04-15T21:32:30","modified_gmt":"2026-04-15T18:32:30","slug":"christina-comodex-soothe-regula-rahustav-reguleeriv-mask-et","status":"publish","type":"product","link":"https:\/\/christinakosmeetika.ee\/et\/toode\/christina-comodex-soothe-regula-rahustav-reguleeriv-mask-et\/","title":{"rendered":"Christina Comodex Soothe Regulate Mask 75ml CHR631"},"content":{"rendered":"<section class=\"av_textblock_section \">\n<div class=\"avia_textblock \">\n<section class=\"av_textblock_section \">\n<div class=\"avia_textblock \">\n<p>Comodex Soothe &amp; Regulate Mask &#8211; see on v\u00f5imas nahahooldustoode, mis imab \u00fcleliigset naharasu. Mask reguleerib naha rasu tootmist, ahendab poore, leevendab \u00e4rritust ja v\u00e4hendab punetust. See v\u00f5itleb t\u00f5husalt rasuse l\u00e4ike vastu, ennetab l\u00f6\u00f6beid ja omab antibakteriaalseid omadusi. Mask rahustab nahka, silub tekstuuri, muutes selle siledaks ja matiks. N\u00e4htav tulemus on m\u00e4rgatav juba p\u00e4rast \u00fchekordset kasutamist. Mask aitab ka minimaliseerida vistrike ja vinnide teket, pakkudes samal ajal antibakteriaalseid omadusi vistrike tekitavate bakterite vastu v\u00f5itlemiseks. Lisaks aitab see kuivatada p\u00f5letikulisi elemente ning v\u00e4hendada \u00e4rritust ja punetust.<\/p>\n<\/div>\n<\/section>\n<section class=\"av_textblock_section \">\n<div class=\"avia_textblock \">\n<p><strong>Kasutamine:<\/strong><\/p>\n<p>Kanda 3-4 ml maski kogu n\u00e4ole, kaelale (v\u00e4ltides orbitaalset tsooni), j\u00e4tta 15 minutiks, seej\u00e4rel loputada sooja veega.<\/p>\n<\/div>\n<\/section>\n<section class=\"av_textblock_section \">\n<div class=\"avia_textblock \">\n<p><strong>Koostis:<\/strong><\/p>\n<p>Deionized water (Aqua), Kaolin, Cetyl Alcohol, Glyceryl Stearate, Zinc Oxide, SD Alcohol 40, Glycerin, Titanium Dioxide, Ethylhexyl Palmitate, PEG-40 Stearate, Camellia Sinensis Leaf Extract&amp;, Centella Asiatica Extract&amp;, Chamomilla Recutita (Matricaria) Flower&amp;, Deionized water (Aqua)&amp;, Glycyrrhiza Glabra (Licorice) Root Extract&amp;, Propanediol&amp;, Rosmarinus Officinalis (Rosemary) Leaf Extract&amp;, Scutellaria Baicalensis Root Extract&amp;, Polygonum Cuspidatum Root Extract, Ethylhexylglycerin&amp;, Phenoxyethanol, Sodium Myristyl Sulfate, PVP, Polysorbate 80&amp;, Sulfur, Camphor, Allantoin&amp;, Biotin&amp;, Butylene Glycol&amp;, Deionized water (Aqua)&amp;, Fomes Officinais (Mushroom) Extract&amp;, Hydrolyzed Yeast Protein7, Niacinamide&amp;, Panthenol&amp;, Pyridoxine&amp;, Threonine, Cinnamomum Zeylanicum Bark Extract&amp;, Citric Acid&amp;, Deionized water (Aqua)&amp;, Ethylhexylglycerin&amp;, Glycerin&amp;, Phenoxyethanol&amp;, Potassium Sorbate, Salicylic Acid&amp;, Hydroxypropyl Cyclodextrin, Sorbitan Tristearate, Rosin, Chlorphenesin, Sodium Caproyl\/Lauroyl Lactylate&amp;, Triethyl citrate, Salicylic Acid, Deionized water (Aqua)&amp;, Glycerin&amp;, Tasmannia Lanceolata Fruit Extract&amp;, Allantoin<\/p>\n<p><img loading=\"lazy\" decoding=\"async\" class=\"alignnone size-medium wp-image-13210\" src=\"https:\/\/christinakosmeetika.ee\/wp-content\/uploads\/2021\/04\/soothe-200x300.webp\" alt=\"\" width=\"200\" height=\"300\" \/><\/p>\n<h3 data-start=\"221\" data-end=\"263\"><a href=\"https:\/\/christinakosmeetika.ee\/et\/comodex-soothe-regulate-mask\/\"><strong data-start=\"221\" data-end=\"263\">Christina Comodex Soothe Regulate Mask<\/strong><\/a><\/h3>\n<p data-start=\"265\" data-end=\"402\">Kui nahk kipub kiiresti l\u00e4ikima, poorid tunduvad ummistunud ja punetus ilmub kergesti,<br data-start=\"351\" data-end=\"354\" \/>vajab nahk rahustamist \u2014 mitte liigset koormust.<\/p>\n<p data-start=\"404\" data-end=\"598\">See rahustav ja rasu reguleeriv mask aitab imada liigset rasu, muuta poorid visuaalselt puhtamaks ning toetada naha tasakaalustatumat v\u00e4limust. Nahk j\u00e4\u00e4b rahulikum, siledam ja m\u00e4rgatavalt matim.<\/p>\n<p data-start=\"600\" data-end=\"738\">\ud83d\udc49 Christina Comodex Soothe Regulate Mask \u2014<br data-start=\"643\" data-end=\"646\" \/>kontrolli, mugavuse ja tasakaalu jaoks, n\u00e4htava tulemusega juba p\u00e4rast esimest kasutuskorda.<\/p>\n<p data-start=\"740\" data-end=\"756\"><a href=\"https:\/\/christinakosmeetika.ee\/et\/comodex-soothe-regulate-mask\/\"><strong data-start=\"740\" data-end=\"756\">loe edasi\u2026 \u203a<\/strong><\/a><\/p>\n<\/div>\n<\/section>\n<\/div>\n<\/section>\n","protected":false},"excerpt":{"rendered":"<h4>Rahustav rasureguleeritav n\u00e4omask<\/h4>\n","protected":false},"featured_media":5248,"template":"","meta":[],"product_brand":[],"product_cat":[482,150],"product_tag":[],"class_list":{"0":"post-2161","1":"product","2":"type-product","3":"status-publish","4":"has-post-thumbnail","6":"product_cat-comodex-et","7":"product_cat-mask-et","8":"product_shipping_class-smart-itella-post","9":"pa_linii-kosmetiki-comodex-et","10":"pa_reshenie-problem-akne","11":"pa_reshenie-problem-ebauhtlane-nahatekstuur","12":"pa_reshenie-problem-laienenud-poorid","13":"pa_reshenie-problem-oline-laige","14":"pa_tip-kozi-kombi-et","15":"pa_tip-kozi-rasvane-et","16":"pa_tip-preparata-mask-et","18":"first","19":"instock","20":"taxable","21":"shipping-taxable","22":"purchasable","23":"product-type-simple"},"yoast_head":"<!-- This site is optimized with the Yoast SEO plugin v27.5 - https:\/\/yoast.com\/product\/yoast-seo-wordpress\/ -->\n<title>Christina Comodex Soothe Regulate Mask 75ml CHR631 - Christinakosmeetika<\/title>\n<meta name=\"description\" content=\"Imab liigse rasu, reguleerib rasun\u00e4\u00e4rmete t\u00f6\u00f6d, ahendab poore, rahustab nahka ja v\u00e4hendab h\u00fcpereemiat ning omab antibakteriaalset toimet.\" \/>\n<meta name=\"robots\" content=\"index, follow, max-snippet:-1, max-image-preview:large, max-video-preview:-1\" \/>\n<link rel=\"canonical\" href=\"https:\/\/christinakosmeetika.ee\/et\/toode\/christina-comodex-soothe-regula-rahustav-reguleeriv-mask-et\/\" \/>\n<meta property=\"og:locale\" content=\"et_EE\" \/>\n<meta property=\"og:type\" content=\"article\" \/>\n<meta property=\"og:title\" content=\"Christina Comodex Soothe Regulate Mask 75ml CHR631 - Christinakosmeetika\" \/>\n<meta property=\"og:description\" content=\"Imab liigse rasu, reguleerib rasun\u00e4\u00e4rmete t\u00f6\u00f6d, ahendab poore, rahustab nahka ja v\u00e4hendab h\u00fcpereemiat ning omab antibakteriaalset toimet.\" \/>\n<meta property=\"og:url\" content=\"https:\/\/christinakosmeetika.ee\/et\/toode\/christina-comodex-soothe-regula-rahustav-reguleeriv-mask-et\/\" \/>\n<meta property=\"og:site_name\" content=\"Christinakosmeetika\" \/>\n<meta property=\"article:modified_time\" content=\"2026-04-15T18:32:30+00:00\" \/>\n<meta property=\"og:image\" content=\"https:\/\/christinakosmeetika.ee\/wp-content\/uploads\/2021\/04\/SootheRegulate-Mask-450-1.jpg\" \/>\n\t<meta property=\"og:image:width\" content=\"450\" \/>\n\t<meta property=\"og:image:height\" content=\"450\" \/>\n\t<meta property=\"og:image:type\" content=\"image\/jpeg\" \/>\n<meta name=\"twitter:card\" content=\"summary_large_image\" \/>\n<meta name=\"twitter:label1\" content=\"Est. reading time\" \/>\n\t<meta name=\"twitter:data1\" content=\"2 minutit\" \/>\n<script type=\"application\/ld+json\" class=\"yoast-schema-graph\">{\"@context\":\"https:\\\/\\\/schema.org\",\"@graph\":[{\"@type\":\"WebPage\",\"@id\":\"https:\\\/\\\/christinakosmeetika.ee\\\/et\\\/toode\\\/christina-comodex-soothe-regula-rahustav-reguleeriv-mask-et\\\/\",\"url\":\"https:\\\/\\\/christinakosmeetika.ee\\\/et\\\/toode\\\/christina-comodex-soothe-regula-rahustav-reguleeriv-mask-et\\\/\",\"name\":\"Christina Comodex Soothe Regulate Mask 75ml CHR631 - Christinakosmeetika\",\"isPartOf\":{\"@id\":\"https:\\\/\\\/christinakosmeetika.ee\\\/#website\"},\"primaryImageOfPage\":{\"@id\":\"https:\\\/\\\/christinakosmeetika.ee\\\/et\\\/toode\\\/christina-comodex-soothe-regula-rahustav-reguleeriv-mask-et\\\/#primaryimage\"},\"image\":{\"@id\":\"https:\\\/\\\/christinakosmeetika.ee\\\/et\\\/toode\\\/christina-comodex-soothe-regula-rahustav-reguleeriv-mask-et\\\/#primaryimage\"},\"thumbnailUrl\":\"https:\\\/\\\/christinakosmeetika.ee\\\/wp-content\\\/uploads\\\/2021\\\/04\\\/SootheRegulate-Mask-450-1.jpg\",\"datePublished\":\"2021-04-28T20:01:16+00:00\",\"dateModified\":\"2026-04-15T18:32:30+00:00\",\"description\":\"Imab liigse rasu, reguleerib rasun\u00e4\u00e4rmete t\u00f6\u00f6d, ahendab poore, rahustab nahka ja v\u00e4hendab h\u00fcpereemiat ning omab antibakteriaalset toimet.\",\"breadcrumb\":{\"@id\":\"https:\\\/\\\/christinakosmeetika.ee\\\/et\\\/toode\\\/christina-comodex-soothe-regula-rahustav-reguleeriv-mask-et\\\/#breadcrumb\"},\"inLanguage\":\"et\",\"potentialAction\":[{\"@type\":\"ReadAction\",\"target\":[\"https:\\\/\\\/christinakosmeetika.ee\\\/et\\\/toode\\\/christina-comodex-soothe-regula-rahustav-reguleeriv-mask-et\\\/\"]}]},{\"@type\":\"ImageObject\",\"inLanguage\":\"et\",\"@id\":\"https:\\\/\\\/christinakosmeetika.ee\\\/et\\\/toode\\\/christina-comodex-soothe-regula-rahustav-reguleeriv-mask-et\\\/#primaryimage\",\"url\":\"https:\\\/\\\/christinakosmeetika.ee\\\/wp-content\\\/uploads\\\/2021\\\/04\\\/SootheRegulate-Mask-450-1.jpg\",\"contentUrl\":\"https:\\\/\\\/christinakosmeetika.ee\\\/wp-content\\\/uploads\\\/2021\\\/04\\\/SootheRegulate-Mask-450-1.jpg\",\"width\":450,\"height\":450},{\"@type\":\"BreadcrumbList\",\"@id\":\"https:\\\/\\\/christinakosmeetika.ee\\\/et\\\/toode\\\/christina-comodex-soothe-regula-rahustav-reguleeriv-mask-et\\\/#breadcrumb\",\"itemListElement\":[{\"@type\":\"ListItem\",\"position\":1,\"name\":\"\u0413\u043b\u0430\u0432\u043d\u0430\u044f \u0441\u0442\u0440\u0430\u043d\u0438\u0446\u0430\",\"item\":\"https:\\\/\\\/christinakosmeetika.ee\\\/et\\\/\"},{\"@type\":\"ListItem\",\"position\":2,\"name\":\"Pood\",\"item\":\"https:\\\/\\\/christinakosmeetika.ee\\\/et\\\/shop\\\/\"},{\"@type\":\"ListItem\",\"position\":3,\"name\":\"Christina Comodex Soothe Regulate Mask 75ml CHR631\"}]},{\"@type\":\"WebSite\",\"@id\":\"https:\\\/\\\/christinakosmeetika.ee\\\/#website\",\"url\":\"https:\\\/\\\/christinakosmeetika.ee\\\/\",\"name\":\"Christinakosmeetika\",\"description\":\"Christina kosmeetika Eestis\",\"alternateName\":\"Christina kosmeetika Eestis\",\"potentialAction\":[{\"@type\":\"SearchAction\",\"target\":{\"@type\":\"EntryPoint\",\"urlTemplate\":\"https:\\\/\\\/christinakosmeetika.ee\\\/?s={search_term_string}\"},\"query-input\":{\"@type\":\"PropertyValueSpecification\",\"valueRequired\":true,\"valueName\":\"search_term_string\"}}],\"inLanguage\":\"et\"}]}<\/script>\n<!-- \/ Yoast SEO plugin. -->","yoast_head_json":{"title":"Christina Comodex Soothe Regulate Mask 75ml CHR631 - Christinakosmeetika","description":"Imab liigse rasu, reguleerib rasun\u00e4\u00e4rmete t\u00f6\u00f6d, ahendab poore, rahustab nahka ja v\u00e4hendab h\u00fcpereemiat ning omab antibakteriaalset toimet.","robots":{"index":"index","follow":"follow","max-snippet":"max-snippet:-1","max-image-preview":"max-image-preview:large","max-video-preview":"max-video-preview:-1"},"canonical":"https:\/\/christinakosmeetika.ee\/et\/toode\/christina-comodex-soothe-regula-rahustav-reguleeriv-mask-et\/","og_locale":"et_EE","og_type":"article","og_title":"Christina Comodex Soothe Regulate Mask 75ml CHR631 - Christinakosmeetika","og_description":"Imab liigse rasu, reguleerib rasun\u00e4\u00e4rmete t\u00f6\u00f6d, ahendab poore, rahustab nahka ja v\u00e4hendab h\u00fcpereemiat ning omab antibakteriaalset toimet.","og_url":"https:\/\/christinakosmeetika.ee\/et\/toode\/christina-comodex-soothe-regula-rahustav-reguleeriv-mask-et\/","og_site_name":"Christinakosmeetika","article_modified_time":"2026-04-15T18:32:30+00:00","og_image":[{"width":450,"height":450,"url":"https:\/\/christinakosmeetika.ee\/wp-content\/uploads\/2021\/04\/SootheRegulate-Mask-450-1.jpg","type":"image\/jpeg"}],"twitter_card":"summary_large_image","twitter_misc":{"Est. reading time":"2 minutit"},"schema":{"@context":"https:\/\/schema.org","@graph":[{"@type":"WebPage","@id":"https:\/\/christinakosmeetika.ee\/et\/toode\/christina-comodex-soothe-regula-rahustav-reguleeriv-mask-et\/","url":"https:\/\/christinakosmeetika.ee\/et\/toode\/christina-comodex-soothe-regula-rahustav-reguleeriv-mask-et\/","name":"Christina Comodex Soothe Regulate Mask 75ml CHR631 - Christinakosmeetika","isPartOf":{"@id":"https:\/\/christinakosmeetika.ee\/#website"},"primaryImageOfPage":{"@id":"https:\/\/christinakosmeetika.ee\/et\/toode\/christina-comodex-soothe-regula-rahustav-reguleeriv-mask-et\/#primaryimage"},"image":{"@id":"https:\/\/christinakosmeetika.ee\/et\/toode\/christina-comodex-soothe-regula-rahustav-reguleeriv-mask-et\/#primaryimage"},"thumbnailUrl":"https:\/\/christinakosmeetika.ee\/wp-content\/uploads\/2021\/04\/SootheRegulate-Mask-450-1.jpg","datePublished":"2021-04-28T20:01:16+00:00","dateModified":"2026-04-15T18:32:30+00:00","description":"Imab liigse rasu, reguleerib rasun\u00e4\u00e4rmete t\u00f6\u00f6d, ahendab poore, rahustab nahka ja v\u00e4hendab h\u00fcpereemiat ning omab antibakteriaalset toimet.","breadcrumb":{"@id":"https:\/\/christinakosmeetika.ee\/et\/toode\/christina-comodex-soothe-regula-rahustav-reguleeriv-mask-et\/#breadcrumb"},"inLanguage":"et","potentialAction":[{"@type":"ReadAction","target":["https:\/\/christinakosmeetika.ee\/et\/toode\/christina-comodex-soothe-regula-rahustav-reguleeriv-mask-et\/"]}]},{"@type":"ImageObject","inLanguage":"et","@id":"https:\/\/christinakosmeetika.ee\/et\/toode\/christina-comodex-soothe-regula-rahustav-reguleeriv-mask-et\/#primaryimage","url":"https:\/\/christinakosmeetika.ee\/wp-content\/uploads\/2021\/04\/SootheRegulate-Mask-450-1.jpg","contentUrl":"https:\/\/christinakosmeetika.ee\/wp-content\/uploads\/2021\/04\/SootheRegulate-Mask-450-1.jpg","width":450,"height":450},{"@type":"BreadcrumbList","@id":"https:\/\/christinakosmeetika.ee\/et\/toode\/christina-comodex-soothe-regula-rahustav-reguleeriv-mask-et\/#breadcrumb","itemListElement":[{"@type":"ListItem","position":1,"name":"\u0413\u043b\u0430\u0432\u043d\u0430\u044f \u0441\u0442\u0440\u0430\u043d\u0438\u0446\u0430","item":"https:\/\/christinakosmeetika.ee\/et\/"},{"@type":"ListItem","position":2,"name":"Pood","item":"https:\/\/christinakosmeetika.ee\/et\/shop\/"},{"@type":"ListItem","position":3,"name":"Christina Comodex Soothe Regulate Mask 75ml CHR631"}]},{"@type":"WebSite","@id":"https:\/\/christinakosmeetika.ee\/#website","url":"https:\/\/christinakosmeetika.ee\/","name":"Christinakosmeetika","description":"Christina kosmeetika Eestis","alternateName":"Christina kosmeetika Eestis","potentialAction":[{"@type":"SearchAction","target":{"@type":"EntryPoint","urlTemplate":"https:\/\/christinakosmeetika.ee\/?s={search_term_string}"},"query-input":{"@type":"PropertyValueSpecification","valueRequired":true,"valueName":"search_term_string"}}],"inLanguage":"et"}]}},"_links":{"self":[{"href":"https:\/\/christinakosmeetika.ee\/et\/wp-json\/wp\/v2\/product\/2161","targetHints":{"allow":["GET"]}}],"collection":[{"href":"https:\/\/christinakosmeetika.ee\/et\/wp-json\/wp\/v2\/product"}],"about":[{"href":"https:\/\/christinakosmeetika.ee\/et\/wp-json\/wp\/v2\/types\/product"}],"wp:featuredmedia":[{"embeddable":true,"href":"https:\/\/christinakosmeetika.ee\/et\/wp-json\/wp\/v2\/media\/5248"}],"wp:attachment":[{"href":"https:\/\/christinakosmeetika.ee\/et\/wp-json\/wp\/v2\/media?parent=2161"}],"wp:term":[{"taxonomy":"product_brand","embeddable":true,"href":"https:\/\/christinakosmeetika.ee\/et\/wp-json\/wp\/v2\/product_brand?post=2161"},{"taxonomy":"product_cat","embeddable":true,"href":"https:\/\/christinakosmeetika.ee\/et\/wp-json\/wp\/v2\/product_cat?post=2161"},{"taxonomy":"product_tag","embeddable":true,"href":"https:\/\/christinakosmeetika.ee\/et\/wp-json\/wp\/v2\/product_tag?post=2161"}],"curies":[{"name":"wp","href":"https:\/\/api.w.org\/{rel}","templated":true}]}}