{"id":2160,"date":"2021-05-02T05:01:02","date_gmt":"2021-05-02T05:01:02","guid":{"rendered":"http:\/\/christinakosmeetika.ee\/product\/christina-comodex-scrubsmooth-exfoliator-%d1%81%d0%ba%d1%80%d0%b0%d0%b1-%d1%8d%d0%ba%d1%81%d1%84%d0%be%d0%bb%d0%b8%d0%b0%d1%82%d0%be%d1%80-%d0%b4%d0%bb%d1%8f-%d0%bb%d0%b8%d1%86%d0%b0-75-m-2\/"},"modified":"2026-04-15T16:05:09","modified_gmt":"2026-04-15T13:05:09","slug":"christina-comodex-scrubsmooth-exfoliator-et-2","status":"publish","type":"product","link":"https:\/\/christinakosmeetika.ee\/et\/toode\/christina-comodex-scrubsmooth-exfoliator-et-2\/","title":{"rendered":"Christina Comodex Scrub Smooth exfoliator 75ml CHR626"},"content":{"rendered":"<section class=\"av_textblock_section \">\n<div class=\"avia_textblock \">\n<section class=\"av_textblock_section \">\n<div class=\"avia_textblock \">\n<p>Tasandav koorija-eksfoliant Christina Comodex Scrub Smooth Exfoliator eemaldab k\u00f5ik saasteained, surnud naharakud ning aitab v\u00f5idelda h\u00fcperkeratoosiga. See s\u00fcgavalt puhastab poorid ja imab liigse naha rasu. Reguleerib rasun\u00e4\u00e4rmete t\u00f6\u00f6d.<\/p>\n<p>See on tihke koorija rikkaliku tekstuuriga, mille eesm\u00e4rk on s\u00fcgav puhastus. See sisaldab peeneks jahvatatud aprikoosikivi &#8211; v\u00f5imsat abrasiivset ainet. See muudab selle ideaalseks paksule, rasusele ja kombineeritud nahale. T\u00e4nu vitamiinile E, sidrunhappele ja taimsetele ekstraktidele puhastab, toidab ja heledab nahka efektiivselt.<\/p>\n<p>Comodex Scrub &amp; Smooth Exfoliatori saab kasutada nii koorijana kui ka kooriva maskina (gommage).<\/p>\n<p>Koostisse kuuluvad sellised koostisosad nagu E-vitamiin, sidrunhape ja taimeekstraktid. T\u00e4nu sellele puhastab eksfoliant nahka efektiivselt, rikastab seda antioks\u00fcdantidega ja aitab muuta n\u00e4onaha jumet heledamaks<\/p>\n<\/div>\n<\/section>\n<section class=\"av_textblock_section \">\n<div class=\"avia_textblock \">\n<p><strong><b>Kasutamine:<\/b><\/strong><\/p>\n<p>Kanda 1,5 ml ravimit m\u00e4rjale nahale, 1-2-minuti jooksul kergelt masseerida, seej\u00e4rel loputada hoolikalt sooja veega. Aktiivsema naha puhastamise vajadusel, anda maskil kuivada, ringsete liigutustega eemaldada maski n\u00e4olt, seej\u00e4rel loputada.<\/p>\n<\/div>\n<\/section>\n<section class=\"av_textblock_section \">\n<div class=\"avia_textblock \">\n<p><strong>Koostis:<\/strong><\/p>\n<p>Deionized water (Aqua), Paraffin, Stearic Acid, Cellulose Acetate, Sand, Butylene Glycol&amp;, Cucumis Sativus (Cucumber) Fruit Extract&amp;, Deionized water (Aqua)&amp;, Glycerin, Butylene Glycol&amp;, Deionized water (Aqua)&amp;, Glycerin&amp;, Glycyrrhiza Glabra (Licorice) Root Extract, Butylene Glycol&amp;, Deionized water (Aqua)&amp;, Citrus Unshiu Peel Extract&amp;, Citrus Junos Peel Extract&amp;, Citrus Aurantium Amara Peel Extract, Triethanolamine, Ethylhexylglycerin&amp;, Phenoxyethanol, Tocopheryl Acetate, Citric Acid&amp;, Deionized water (Aqua)&amp;, Glycerin&amp;, Potassium Sorbate&amp;, Sodium Benzoate&amp;, Solanum Lycopersicum (Tomato) Fruit\/Leaf\/Stem Extract, Deionized water (Aqua)&amp;, Laureth-7&amp;, C13-14 Isoparaffin&amp;, Polyacrylamide, Perfume, Alpha-Isomethyl Ionone, Anise Alcohol, Benzyl Alcohol, Butylphenyl Methylpropional, Citronnellol, Hexyl Cinnamal, Hydroxycitronellal, Linalool, Chlorphenesin, Caprylyl Glycol<\/p>\n<p><img loading=\"lazy\" decoding=\"async\" class=\"alignnone size-medium wp-image-12935\" src=\"https:\/\/christinakosmeetika.ee\/wp-content\/uploads\/2021\/05\/scrub-200x300.webp\" alt=\"\" width=\"200\" height=\"300\" srcset=\"https:\/\/christinakosmeetika.ee\/wp-content\/uploads\/2021\/05\/scrub-200x300.webp 200w, https:\/\/christinakosmeetika.ee\/wp-content\/uploads\/2021\/05\/scrub-687x1030.webp 687w, https:\/\/christinakosmeetika.ee\/wp-content\/uploads\/2021\/05\/scrub-768x1152.webp 768w, https:\/\/christinakosmeetika.ee\/wp-content\/uploads\/2021\/05\/scrub-1000x1500.webp 1000w, https:\/\/christinakosmeetika.ee\/wp-content\/uploads\/2021\/05\/scrub-470x705.webp 470w, https:\/\/christinakosmeetika.ee\/wp-content\/uploads\/2021\/05\/scrub-450x675.webp 450w, https:\/\/christinakosmeetika.ee\/wp-content\/uploads\/2021\/05\/scrub-600x900.webp 600w, https:\/\/christinakosmeetika.ee\/wp-content\/uploads\/2021\/05\/scrub.webp 1024w\" sizes=\"auto, (max-width: 200px) 100vw, 200px\" \/><\/p>\n<h3 data-start=\"76\" data-end=\"121\"><a href=\"https:\/\/christinakosmeetika.ee\/et\/sugavpuhastav-naokoorija-rasusele-nahale\/\"><strong data-start=\"76\" data-end=\"121\">Christina Comodex Scrub Smooth Exfoliator<\/strong><\/a><\/h3>\n<p data-start=\"123\" data-end=\"261\">On hetki, kui tavap\u00e4rane puhastus ei ole enam piisav.<br data-start=\"176\" data-end=\"179\" \/>Poorid ummistuvad, nahk muutub paksemaks ja eba\u00fchtlaseks ning rasueritus suureneb.<\/p>\n<p data-start=\"263\" data-end=\"428\">Sellistes olukordades vajab nahk enamat kui \u00f5rna koorimist \u2014<br data-start=\"323\" data-end=\"326\" \/>see vajab s\u00fcgavpuhastust, mis eemaldab kogunenud kihid<br data-start=\"380\" data-end=\"383\" \/>ja aitab taastada siledama ning puhtama naha.<\/p>\n<p data-start=\"430\" data-end=\"499\">\ud83d\udc49 Just sellega t\u00f6\u00f6tab <strong data-start=\"453\" data-end=\"498\">Christina Comodex Scrub Smooth Exfoliator<\/strong>.<\/p>\n<p data-start=\"501\" data-end=\"516\" data-is-last-node=\"\" data-is-only-node=\"\"><a href=\"https:\/\/christinakosmeetika.ee\/et\/sugavpuhastav-naokoorija-rasusele-nahale\/\"><strong data-start=\"501\" data-end=\"516\" data-is-last-node=\"\">loe edasi\u2026\u203a<\/strong><\/a><\/p>\n<\/div>\n<\/section>\n<\/div>\n<\/section>\n","protected":false},"excerpt":{"rendered":"<h4><\/h4>\n<h4>Koorija- exfoliator n\u00e4ole<\/h4>\n","protected":false},"featured_media":1452,"template":"","meta":[],"product_brand":[],"product_cat":[193],"product_tag":[],"class_list":{"0":"post-2160","1":"product","2":"type-product","3":"status-publish","4":"has-post-thumbnail","6":"product_cat-koorija-et","7":"product_shipping_class-smart-itella-post","8":"pa_akcii-skidki-allahindlused","9":"pa_linii-kosmetiki-comodex-et","10":"pa_reshenie-problem-ebauhtlane-nahatekstuur","11":"pa_reshenie-problem-laienenud-poorid","12":"pa_reshenie-problem-oline-laige","13":"pa_tip-kozi-kombi-et","14":"pa_tip-kozi-rasvane-et","15":"pa_tip-preparata-koorija-et","17":"first","18":"instock","19":"sale","20":"taxable","21":"shipping-taxable","22":"purchasable","23":"product-type-simple"},"yoast_head":"<!-- This site is optimized with the Yoast SEO plugin v27.5 - https:\/\/yoast.com\/product\/yoast-seo-wordpress\/ -->\n<title>Christina Comodex Scrub Smooth exfoliator 75ml CHR626 - Christinakosmeetika<\/title>\n<meta name=\"description\" content=\"Scrub Smooth Exfoliator removes dead skin cells, helping to combat hyperkeratosis, deeply cleanses pores, and absorbs excess sebum.\" \/>\n<meta name=\"robots\" content=\"index, follow, max-snippet:-1, max-image-preview:large, max-video-preview:-1\" \/>\n<link rel=\"canonical\" href=\"https:\/\/christinakosmeetika.ee\/et\/toode\/christina-comodex-scrubsmooth-exfoliator-et-2\/\" \/>\n<meta property=\"og:locale\" content=\"et_EE\" \/>\n<meta property=\"og:type\" content=\"article\" \/>\n<meta property=\"og:title\" content=\"Christina Comodex Scrub Smooth exfoliator 75ml CHR626 - Christinakosmeetika\" \/>\n<meta property=\"og:description\" content=\"Scrub Smooth Exfoliator removes dead skin cells, helping to combat hyperkeratosis, deeply cleanses pores, and absorbs excess sebum.\" \/>\n<meta property=\"og:url\" content=\"https:\/\/christinakosmeetika.ee\/et\/toode\/christina-comodex-scrubsmooth-exfoliator-et-2\/\" \/>\n<meta property=\"og:site_name\" content=\"Christinakosmeetika\" \/>\n<meta property=\"article:modified_time\" content=\"2026-04-15T13:05:09+00:00\" \/>\n<meta property=\"og:image\" content=\"https:\/\/christinakosmeetika.ee\/wp-content\/uploads\/2021\/05\/ScrubSmooth-exfoliator-450-2.jpg\" \/>\n\t<meta property=\"og:image:width\" content=\"450\" \/>\n\t<meta property=\"og:image:height\" content=\"450\" \/>\n\t<meta property=\"og:image:type\" content=\"image\/jpeg\" \/>\n<meta name=\"twitter:card\" content=\"summary_large_image\" \/>\n<meta name=\"twitter:label1\" content=\"Est. reading time\" \/>\n\t<meta name=\"twitter:data1\" content=\"2 minutit\" \/>\n<script type=\"application\/ld+json\" class=\"yoast-schema-graph\">{\"@context\":\"https:\\\/\\\/schema.org\",\"@graph\":[{\"@type\":\"WebPage\",\"@id\":\"https:\\\/\\\/christinakosmeetika.ee\\\/et\\\/toode\\\/christina-comodex-scrubsmooth-exfoliator-et-2\\\/\",\"url\":\"https:\\\/\\\/christinakosmeetika.ee\\\/et\\\/toode\\\/christina-comodex-scrubsmooth-exfoliator-et-2\\\/\",\"name\":\"Christina Comodex Scrub Smooth exfoliator 75ml CHR626 - Christinakosmeetika\",\"isPartOf\":{\"@id\":\"https:\\\/\\\/christinakosmeetika.ee\\\/#website\"},\"primaryImageOfPage\":{\"@id\":\"https:\\\/\\\/christinakosmeetika.ee\\\/et\\\/toode\\\/christina-comodex-scrubsmooth-exfoliator-et-2\\\/#primaryimage\"},\"image\":{\"@id\":\"https:\\\/\\\/christinakosmeetika.ee\\\/et\\\/toode\\\/christina-comodex-scrubsmooth-exfoliator-et-2\\\/#primaryimage\"},\"thumbnailUrl\":\"https:\\\/\\\/christinakosmeetika.ee\\\/wp-content\\\/uploads\\\/2021\\\/05\\\/ScrubSmooth-exfoliator-450-2.jpg\",\"datePublished\":\"2021-05-02T05:01:02+00:00\",\"dateModified\":\"2026-04-15T13:05:09+00:00\",\"description\":\"Scrub Smooth Exfoliator removes dead skin cells, helping to combat hyperkeratosis, deeply cleanses pores, and absorbs excess sebum.\",\"breadcrumb\":{\"@id\":\"https:\\\/\\\/christinakosmeetika.ee\\\/et\\\/toode\\\/christina-comodex-scrubsmooth-exfoliator-et-2\\\/#breadcrumb\"},\"inLanguage\":\"et\",\"potentialAction\":[{\"@type\":\"ReadAction\",\"target\":[\"https:\\\/\\\/christinakosmeetika.ee\\\/et\\\/toode\\\/christina-comodex-scrubsmooth-exfoliator-et-2\\\/\"]}]},{\"@type\":\"ImageObject\",\"inLanguage\":\"et\",\"@id\":\"https:\\\/\\\/christinakosmeetika.ee\\\/et\\\/toode\\\/christina-comodex-scrubsmooth-exfoliator-et-2\\\/#primaryimage\",\"url\":\"https:\\\/\\\/christinakosmeetika.ee\\\/wp-content\\\/uploads\\\/2021\\\/05\\\/ScrubSmooth-exfoliator-450-2.jpg\",\"contentUrl\":\"https:\\\/\\\/christinakosmeetika.ee\\\/wp-content\\\/uploads\\\/2021\\\/05\\\/ScrubSmooth-exfoliator-450-2.jpg\",\"width\":450,\"height\":450},{\"@type\":\"BreadcrumbList\",\"@id\":\"https:\\\/\\\/christinakosmeetika.ee\\\/et\\\/toode\\\/christina-comodex-scrubsmooth-exfoliator-et-2\\\/#breadcrumb\",\"itemListElement\":[{\"@type\":\"ListItem\",\"position\":1,\"name\":\"\u0413\u043b\u0430\u0432\u043d\u0430\u044f \u0441\u0442\u0440\u0430\u043d\u0438\u0446\u0430\",\"item\":\"https:\\\/\\\/christinakosmeetika.ee\\\/et\\\/\"},{\"@type\":\"ListItem\",\"position\":2,\"name\":\"Pood\",\"item\":\"https:\\\/\\\/christinakosmeetika.ee\\\/et\\\/shop\\\/\"},{\"@type\":\"ListItem\",\"position\":3,\"name\":\"Christina Comodex Scrub Smooth exfoliator 75ml CHR626\"}]},{\"@type\":\"WebSite\",\"@id\":\"https:\\\/\\\/christinakosmeetika.ee\\\/#website\",\"url\":\"https:\\\/\\\/christinakosmeetika.ee\\\/\",\"name\":\"Christinakosmeetika\",\"description\":\"Christina kosmeetika Eestis\",\"alternateName\":\"Christina kosmeetika Eestis\",\"potentialAction\":[{\"@type\":\"SearchAction\",\"target\":{\"@type\":\"EntryPoint\",\"urlTemplate\":\"https:\\\/\\\/christinakosmeetika.ee\\\/?s={search_term_string}\"},\"query-input\":{\"@type\":\"PropertyValueSpecification\",\"valueRequired\":true,\"valueName\":\"search_term_string\"}}],\"inLanguage\":\"et\"}]}<\/script>\n<!-- \/ Yoast SEO plugin. -->","yoast_head_json":{"title":"Christina Comodex Scrub Smooth exfoliator 75ml CHR626 - Christinakosmeetika","description":"Scrub Smooth Exfoliator removes dead skin cells, helping to combat hyperkeratosis, deeply cleanses pores, and absorbs excess sebum.","robots":{"index":"index","follow":"follow","max-snippet":"max-snippet:-1","max-image-preview":"max-image-preview:large","max-video-preview":"max-video-preview:-1"},"canonical":"https:\/\/christinakosmeetika.ee\/et\/toode\/christina-comodex-scrubsmooth-exfoliator-et-2\/","og_locale":"et_EE","og_type":"article","og_title":"Christina Comodex Scrub Smooth exfoliator 75ml CHR626 - Christinakosmeetika","og_description":"Scrub Smooth Exfoliator removes dead skin cells, helping to combat hyperkeratosis, deeply cleanses pores, and absorbs excess sebum.","og_url":"https:\/\/christinakosmeetika.ee\/et\/toode\/christina-comodex-scrubsmooth-exfoliator-et-2\/","og_site_name":"Christinakosmeetika","article_modified_time":"2026-04-15T13:05:09+00:00","og_image":[{"width":450,"height":450,"url":"https:\/\/christinakosmeetika.ee\/wp-content\/uploads\/2021\/05\/ScrubSmooth-exfoliator-450-2.jpg","type":"image\/jpeg"}],"twitter_card":"summary_large_image","twitter_misc":{"Est. reading time":"2 minutit"},"schema":{"@context":"https:\/\/schema.org","@graph":[{"@type":"WebPage","@id":"https:\/\/christinakosmeetika.ee\/et\/toode\/christina-comodex-scrubsmooth-exfoliator-et-2\/","url":"https:\/\/christinakosmeetika.ee\/et\/toode\/christina-comodex-scrubsmooth-exfoliator-et-2\/","name":"Christina Comodex Scrub Smooth exfoliator 75ml CHR626 - Christinakosmeetika","isPartOf":{"@id":"https:\/\/christinakosmeetika.ee\/#website"},"primaryImageOfPage":{"@id":"https:\/\/christinakosmeetika.ee\/et\/toode\/christina-comodex-scrubsmooth-exfoliator-et-2\/#primaryimage"},"image":{"@id":"https:\/\/christinakosmeetika.ee\/et\/toode\/christina-comodex-scrubsmooth-exfoliator-et-2\/#primaryimage"},"thumbnailUrl":"https:\/\/christinakosmeetika.ee\/wp-content\/uploads\/2021\/05\/ScrubSmooth-exfoliator-450-2.jpg","datePublished":"2021-05-02T05:01:02+00:00","dateModified":"2026-04-15T13:05:09+00:00","description":"Scrub Smooth Exfoliator removes dead skin cells, helping to combat hyperkeratosis, deeply cleanses pores, and absorbs excess sebum.","breadcrumb":{"@id":"https:\/\/christinakosmeetika.ee\/et\/toode\/christina-comodex-scrubsmooth-exfoliator-et-2\/#breadcrumb"},"inLanguage":"et","potentialAction":[{"@type":"ReadAction","target":["https:\/\/christinakosmeetika.ee\/et\/toode\/christina-comodex-scrubsmooth-exfoliator-et-2\/"]}]},{"@type":"ImageObject","inLanguage":"et","@id":"https:\/\/christinakosmeetika.ee\/et\/toode\/christina-comodex-scrubsmooth-exfoliator-et-2\/#primaryimage","url":"https:\/\/christinakosmeetika.ee\/wp-content\/uploads\/2021\/05\/ScrubSmooth-exfoliator-450-2.jpg","contentUrl":"https:\/\/christinakosmeetika.ee\/wp-content\/uploads\/2021\/05\/ScrubSmooth-exfoliator-450-2.jpg","width":450,"height":450},{"@type":"BreadcrumbList","@id":"https:\/\/christinakosmeetika.ee\/et\/toode\/christina-comodex-scrubsmooth-exfoliator-et-2\/#breadcrumb","itemListElement":[{"@type":"ListItem","position":1,"name":"\u0413\u043b\u0430\u0432\u043d\u0430\u044f \u0441\u0442\u0440\u0430\u043d\u0438\u0446\u0430","item":"https:\/\/christinakosmeetika.ee\/et\/"},{"@type":"ListItem","position":2,"name":"Pood","item":"https:\/\/christinakosmeetika.ee\/et\/shop\/"},{"@type":"ListItem","position":3,"name":"Christina Comodex Scrub Smooth exfoliator 75ml CHR626"}]},{"@type":"WebSite","@id":"https:\/\/christinakosmeetika.ee\/#website","url":"https:\/\/christinakosmeetika.ee\/","name":"Christinakosmeetika","description":"Christina kosmeetika Eestis","alternateName":"Christina kosmeetika Eestis","potentialAction":[{"@type":"SearchAction","target":{"@type":"EntryPoint","urlTemplate":"https:\/\/christinakosmeetika.ee\/?s={search_term_string}"},"query-input":{"@type":"PropertyValueSpecification","valueRequired":true,"valueName":"search_term_string"}}],"inLanguage":"et"}]}},"_links":{"self":[{"href":"https:\/\/christinakosmeetika.ee\/et\/wp-json\/wp\/v2\/product\/2160","targetHints":{"allow":["GET"]}}],"collection":[{"href":"https:\/\/christinakosmeetika.ee\/et\/wp-json\/wp\/v2\/product"}],"about":[{"href":"https:\/\/christinakosmeetika.ee\/et\/wp-json\/wp\/v2\/types\/product"}],"wp:featuredmedia":[{"embeddable":true,"href":"https:\/\/christinakosmeetika.ee\/et\/wp-json\/wp\/v2\/media\/1452"}],"wp:attachment":[{"href":"https:\/\/christinakosmeetika.ee\/et\/wp-json\/wp\/v2\/media?parent=2160"}],"wp:term":[{"taxonomy":"product_brand","embeddable":true,"href":"https:\/\/christinakosmeetika.ee\/et\/wp-json\/wp\/v2\/product_brand?post=2160"},{"taxonomy":"product_cat","embeddable":true,"href":"https:\/\/christinakosmeetika.ee\/et\/wp-json\/wp\/v2\/product_cat?post=2160"},{"taxonomy":"product_tag","embeddable":true,"href":"https:\/\/christinakosmeetika.ee\/et\/wp-json\/wp\/v2\/product_tag?post=2160"}],"curies":[{"name":"wp","href":"https:\/\/api.w.org\/{rel}","templated":true}]}}