{"id":2158,"date":"2021-05-02T04:48:27","date_gmt":"2021-05-02T04:48:27","guid":{"rendered":"http:\/\/christinakosmeetika.ee\/product\/christina-comodex-scrubsmooth-exfoliator-%d1%81%d0%ba%d1%80%d0%b0%d0%b1-%d1%8d%d0%ba%d1%81%d1%84%d0%be%d0%bb%d0%b8%d0%b0%d1%82%d0%be%d1%80-%d0%b4%d0%bb%d1%8f-%d0%bb%d0%b8%d1%86%d0%b0-75-m\/"},"modified":"2026-04-15T21:29:50","modified_gmt":"2026-04-15T18:29:50","slug":"nochnoy-gel-christina-comodex-scrubsmooth-exfoliator-et","status":"publish","type":"product","link":"https:\/\/christinakosmeetika.ee\/et\/toode\/nochnoy-gel-christina-comodex-scrubsmooth-exfoliator-et\/","title":{"rendered":"Christina Comodex Renew Repair Night Treatment 50ml CHR629"},"content":{"rendered":"<section class=\"av_textblock_section \">\n<div class=\"avia_textblock \">\n<section class=\"av_textblock_section \">\n<div class=\"avia_textblock \">\n<p>Christina Comodex Renew Repair Night Treatment: V\u00f5imas \u00f6ine geel naha taastamiseks<\/p>\n<p>Christina Comodex Renew Repair Night Treatment on innovaatiline nahahooldustooted, mida kasutatakse \u00f6\u00f6sel. See toode on loodud naha rasuerituse reguleerimiseks ja p\u00f5letike vastu v\u00f5itlemiseks.<\/p>\n<p>Peamised eelised:<\/p>\n<ol>\n<li>Rasueritust reguleeriv toime &#8211; Geel aitab reguleerida naha rasueritust, mis on eriti oluline rasuse v\u00f5i probleemse nahaga inimestele. See aitab v\u00e4hendada nahal\u00e4iget ja ennetada vistrike ja akne teket.<\/li>\n<li>P\u00f5letikuvastane toime &#8211; Christina Comodex Renew Repair Night Treatment v\u00e4hendab nahap\u00f5letikke ja \u00e4rritusi.<\/li>\n<li>Antioks\u00fcdantne m\u00f5ju &#8211; Geel sisaldab antioks\u00fcdante, mis aitavad kaitsta nahka vabade radikaalide kahjuliku m\u00f5ju eest ja ennetavad enneaegset vananemist.<\/li>\n<li>Pigmentatsiooni korrigeerimine &#8211; See toode aitab t\u00f5husalt korrigeerida pigmenteerumist ja nahal ebakorrap\u00e4rasusi p\u00e4rast aknet, muutes naha tooni \u00fchtlasemaks.<\/li>\n<li>Naharakkude uuendamine ja taastamine &#8211; Christina Comodex Renew Repair Night Treatment eemaldab surnud naharakud, stimuleerib naharakkude uuendamise protsesse ja aitab v\u00e4hendada kortse, parandades naha elastsust ja pinguldatust.<\/li>\n<li>Retinool &#8211; Peamine toimeaine on retinool, mis on tuntud oma nahka uuendavate omaduste ja p\u00f5letikuvastase toime poolest.<\/li>\n<li>Kiire toime &#8211; Christina Comodex Renew Repair Night Treatment lubab m\u00e4rgatavaid tulemusi juba j\u00e4rgmisel hommikul p\u00e4rast kasutamist.<\/li>\n<\/ol>\n<p>Parimate tulemuste saavutamiseks soovitame p\u00e4rast selle \u00f6ise geeli kasutamist kasutada niisutavat kreemi. Christina Comodex Renew Repair Night Treatment on innovaatiline toode, mis aitab teie nahal n\u00e4ida parem ja olla tervem.<\/p>\n<p><b><strong>Kasutamine:\u00a0<\/strong><\/b><\/p>\n<\/div>\n<\/section>\n<section class=\"av_textblock_section \">\n<div class=\"avia_textblock \">\n<p>Kanda\u00a0 puhastatud nahale 1-2 korda n\u00e4dalas \u00f5htuti, v\u00e4ltides silma\u00fcmbritsevat piirkonda.\u00a0<b><\/b><\/p>\n<\/div>\n<\/section>\n<section class=\"av_textblock_section \">\n<div class=\"avia_textblock \">\n<p><b> <strong>Koostis:<\/strong><\/b><\/p>\n<p>Deionized water (Aqua), SD Alcohol 40, Propanediol, Ethoxydiglycol, Salicylic Acid, PEG-12 Dimethicone Ethoxydiglycol, Cellulose&amp;, Deionized water (Aqua)&amp;, Hydroxyethylcellulose&amp;, Isopropyl Alcohol&amp;, Sodium acetate, Deionized water (Aqua)&amp;, Glycerin&amp;, Glycogen&amp;, Glycosaminoglycans&amp;, Potassium Sorbate&amp;, Sodium Benzoate, Citric Acid&amp;, Deionized water (Aqua)&amp;, Glycerin&amp;, Potassium Sorbate&amp;, Sodium Benzoate&amp;, Solanum Lycopersicum (Tomato) Fruit\/Leaf\/Stem Extract,Kojic Acid, Ethylhexylglycerin&amp;, Phenoxyethanol, Triethanolamine, Camellia Sinensis Leaf Extract&amp;, Centella Asiatica Extract&amp;, Chamomilla Recutita (Matricaria) Flower&amp;, Deionized water (Aqua)&amp;, Glycyrrhiza Glabra (Licorice) Root Extract&amp;, Propanediol&amp;, Rosmarinus Officinalis (Rosemary) Leaf Extract&amp;, Scutellaria Baicalensis Root Extract&amp;, Polygonum Cuspidatum Root Extract, Salicylic Acid&amp;, Hydroxypropyl Cyclodextrin, Chlorphenesin, Butylene Glycol&amp;, Polysorbate 20&amp;, Micrococcus Lysate, Deionized water (Aqua)&amp;, Phytic Acid, Deionized water (Aqua)&amp;, Glycerin&amp;, Phenoxyethanol&amp;, Lecithin&amp;, Hexanoyl Dipeptide-3 Norleucine Acetate, Lactic Acid, Retinol, Dimethyl Isosorbide&amp;, Hydroxypinacolone Retinoate<\/p>\n<p><img loading=\"lazy\" decoding=\"async\" class=\"alignnone size-medium wp-image-12892\" src=\"https:\/\/christinakosmeetika.ee\/wp-content\/uploads\/2021\/05\/Repair-200x300.png\" alt=\"\" width=\"200\" height=\"300\" \/><\/p>\n<h3 data-start=\"86\" data-end=\"136\"><a href=\"https:\/\/christinakosmeetika.ee\/et\/oine-geel-probleemsele-nahale\/\"><strong data-start=\"86\" data-end=\"136\">Christina Comodex Renew Repair Night Treatment<\/strong><\/a><\/h3>\n<p data-start=\"138\" data-end=\"256\">On nahaseisundeid, kus p\u00e4eval tundub nahk tihke ja probleemne,<br data-start=\"200\" data-end=\"203\" \/>kuid \u00f6\u00f6sel ei j\u00f5ua see piisavalt taastuda ja uueneda.<\/p>\n<p data-start=\"258\" data-end=\"434\">Sellistel perioodidel ei vaja nahk lihtsalt \u201emidagi akne vastu\u201c,<br data-start=\"322\" data-end=\"325\" \/>vaid \u00f6ist hooldust, mis reguleerib rasueritust, v\u00e4hendab p\u00f5letikke<br data-start=\"391\" data-end=\"394\" \/>ja k\u00e4ivitab uuenemisprotsessid une ajal.<\/p>\n<p data-start=\"436\" data-end=\"510\">\ud83d\udc49 Just sellega t\u00f6\u00f6tab <strong data-start=\"459\" data-end=\"509\">Christina Comodex Renew Repair Night Treatment<\/strong>.<\/p>\n<p data-start=\"512\" data-end=\"523\"><a href=\"https:\/\/christinakosmeetika.ee\/et\/oine-geel-probleemsele-nahale\/\"><strong>loe edasi\u2026\u203a<\/strong><\/a><\/p>\n<\/div>\n<\/section>\n<\/div>\n<\/section>\n","protected":false},"excerpt":{"rendered":"<h3>\u00d6ine geel &#8220;Uuendamine ja taastamine&#8221;<\/h3>\n","protected":false},"featured_media":5245,"template":"","meta":[],"product_brand":[],"product_cat":[147],"product_tag":[],"class_list":{"0":"post-2158","1":"product","2":"type-product","3":"status-publish","4":"has-post-thumbnail","6":"product_cat-geel-et","7":"product_shipping_class-smart-itella-post","8":"pa_linii-kosmetiki-comodex-et","9":"pa_reshenie-problem-akne","10":"pa_reshenie-problem-ebauhtlane-nahatekstuur","11":"pa_reshenie-problem-laienenud-poorid","12":"pa_reshenie-problem-oline-laige","13":"pa_tip-kozi-kombi-et","14":"pa_tip-kozi-rasvane-et","15":"pa_tip-preparata-seerum-et","16":"pa_vremja-primenenija-oine","18":"first","19":"instock","20":"taxable","21":"shipping-taxable","22":"purchasable","23":"product-type-simple"},"yoast_head":"<!-- This site is optimized with the Yoast SEO plugin v27.5 - https:\/\/yoast.com\/product\/yoast-seo-wordpress\/ -->\n<title>Christina Comodex Renew Repair Night Treatment 50ml CHR629 - Christinakosmeetika<\/title>\n<meta name=\"description\" content=\"Avaldab tugevat rasueritust reguleerivat, p\u00f5letikuvastast ja antioks\u00fcdantset toimet, korrigeerib postakne pigmentatsiooni ning \u00fchtlustab naha reljeefi.\" \/>\n<meta name=\"robots\" content=\"index, follow, max-snippet:-1, max-image-preview:large, max-video-preview:-1\" \/>\n<link rel=\"canonical\" href=\"https:\/\/christinakosmeetika.ee\/et\/toode\/nochnoy-gel-christina-comodex-scrubsmooth-exfoliator-et\/\" \/>\n<meta property=\"og:locale\" content=\"et_EE\" \/>\n<meta property=\"og:type\" content=\"article\" \/>\n<meta property=\"og:title\" content=\"Christina Comodex Renew Repair Night Treatment 50ml CHR629 - Christinakosmeetika\" \/>\n<meta property=\"og:description\" content=\"Avaldab tugevat rasueritust reguleerivat, p\u00f5letikuvastast ja antioks\u00fcdantset toimet, korrigeerib postakne pigmentatsiooni ning \u00fchtlustab naha reljeefi.\" \/>\n<meta property=\"og:url\" content=\"https:\/\/christinakosmeetika.ee\/et\/toode\/nochnoy-gel-christina-comodex-scrubsmooth-exfoliator-et\/\" \/>\n<meta property=\"og:site_name\" content=\"Christinakosmeetika\" \/>\n<meta property=\"article:modified_time\" content=\"2026-04-15T18:29:50+00:00\" \/>\n<meta property=\"og:image\" content=\"https:\/\/christinakosmeetika.ee\/wp-content\/uploads\/2021\/05\/RenewRepair-Night-treatment450-2.jpg\" \/>\n\t<meta property=\"og:image:width\" content=\"450\" \/>\n\t<meta property=\"og:image:height\" content=\"450\" \/>\n\t<meta property=\"og:image:type\" content=\"image\/jpeg\" \/>\n<meta name=\"twitter:card\" content=\"summary_large_image\" \/>\n<meta name=\"twitter:label1\" content=\"Est. reading time\" \/>\n\t<meta name=\"twitter:data1\" content=\"3 minutit\" \/>\n<script type=\"application\/ld+json\" class=\"yoast-schema-graph\">{\"@context\":\"https:\\\/\\\/schema.org\",\"@graph\":[{\"@type\":\"WebPage\",\"@id\":\"https:\\\/\\\/christinakosmeetika.ee\\\/et\\\/toode\\\/nochnoy-gel-christina-comodex-scrubsmooth-exfoliator-et\\\/\",\"url\":\"https:\\\/\\\/christinakosmeetika.ee\\\/et\\\/toode\\\/nochnoy-gel-christina-comodex-scrubsmooth-exfoliator-et\\\/\",\"name\":\"Christina Comodex Renew Repair Night Treatment 50ml CHR629 - Christinakosmeetika\",\"isPartOf\":{\"@id\":\"https:\\\/\\\/christinakosmeetika.ee\\\/#website\"},\"primaryImageOfPage\":{\"@id\":\"https:\\\/\\\/christinakosmeetika.ee\\\/et\\\/toode\\\/nochnoy-gel-christina-comodex-scrubsmooth-exfoliator-et\\\/#primaryimage\"},\"image\":{\"@id\":\"https:\\\/\\\/christinakosmeetika.ee\\\/et\\\/toode\\\/nochnoy-gel-christina-comodex-scrubsmooth-exfoliator-et\\\/#primaryimage\"},\"thumbnailUrl\":\"https:\\\/\\\/christinakosmeetika.ee\\\/wp-content\\\/uploads\\\/2021\\\/05\\\/RenewRepair-Night-treatment450-2.jpg\",\"datePublished\":\"2021-05-02T04:48:27+00:00\",\"dateModified\":\"2026-04-15T18:29:50+00:00\",\"description\":\"Avaldab tugevat rasueritust reguleerivat, p\u00f5letikuvastast ja antioks\u00fcdantset toimet, korrigeerib postakne pigmentatsiooni ning \u00fchtlustab naha reljeefi.\",\"breadcrumb\":{\"@id\":\"https:\\\/\\\/christinakosmeetika.ee\\\/et\\\/toode\\\/nochnoy-gel-christina-comodex-scrubsmooth-exfoliator-et\\\/#breadcrumb\"},\"inLanguage\":\"et\",\"potentialAction\":[{\"@type\":\"ReadAction\",\"target\":[\"https:\\\/\\\/christinakosmeetika.ee\\\/et\\\/toode\\\/nochnoy-gel-christina-comodex-scrubsmooth-exfoliator-et\\\/\"]}]},{\"@type\":\"ImageObject\",\"inLanguage\":\"et\",\"@id\":\"https:\\\/\\\/christinakosmeetika.ee\\\/et\\\/toode\\\/nochnoy-gel-christina-comodex-scrubsmooth-exfoliator-et\\\/#primaryimage\",\"url\":\"https:\\\/\\\/christinakosmeetika.ee\\\/wp-content\\\/uploads\\\/2021\\\/05\\\/RenewRepair-Night-treatment450-2.jpg\",\"contentUrl\":\"https:\\\/\\\/christinakosmeetika.ee\\\/wp-content\\\/uploads\\\/2021\\\/05\\\/RenewRepair-Night-treatment450-2.jpg\",\"width\":450,\"height\":450},{\"@type\":\"BreadcrumbList\",\"@id\":\"https:\\\/\\\/christinakosmeetika.ee\\\/et\\\/toode\\\/nochnoy-gel-christina-comodex-scrubsmooth-exfoliator-et\\\/#breadcrumb\",\"itemListElement\":[{\"@type\":\"ListItem\",\"position\":1,\"name\":\"\u0413\u043b\u0430\u0432\u043d\u0430\u044f \u0441\u0442\u0440\u0430\u043d\u0438\u0446\u0430\",\"item\":\"https:\\\/\\\/christinakosmeetika.ee\\\/et\\\/\"},{\"@type\":\"ListItem\",\"position\":2,\"name\":\"Pood\",\"item\":\"https:\\\/\\\/christinakosmeetika.ee\\\/et\\\/shop\\\/\"},{\"@type\":\"ListItem\",\"position\":3,\"name\":\"Christina Comodex Renew Repair Night Treatment 50ml CHR629\"}]},{\"@type\":\"WebSite\",\"@id\":\"https:\\\/\\\/christinakosmeetika.ee\\\/#website\",\"url\":\"https:\\\/\\\/christinakosmeetika.ee\\\/\",\"name\":\"Christinakosmeetika\",\"description\":\"Christina kosmeetika Eestis\",\"alternateName\":\"Christina kosmeetika Eestis\",\"potentialAction\":[{\"@type\":\"SearchAction\",\"target\":{\"@type\":\"EntryPoint\",\"urlTemplate\":\"https:\\\/\\\/christinakosmeetika.ee\\\/?s={search_term_string}\"},\"query-input\":{\"@type\":\"PropertyValueSpecification\",\"valueRequired\":true,\"valueName\":\"search_term_string\"}}],\"inLanguage\":\"et\"}]}<\/script>\n<!-- \/ Yoast SEO plugin. -->","yoast_head_json":{"title":"Christina Comodex Renew Repair Night Treatment 50ml CHR629 - Christinakosmeetika","description":"Avaldab tugevat rasueritust reguleerivat, p\u00f5letikuvastast ja antioks\u00fcdantset toimet, korrigeerib postakne pigmentatsiooni ning \u00fchtlustab naha reljeefi.","robots":{"index":"index","follow":"follow","max-snippet":"max-snippet:-1","max-image-preview":"max-image-preview:large","max-video-preview":"max-video-preview:-1"},"canonical":"https:\/\/christinakosmeetika.ee\/et\/toode\/nochnoy-gel-christina-comodex-scrubsmooth-exfoliator-et\/","og_locale":"et_EE","og_type":"article","og_title":"Christina Comodex Renew Repair Night Treatment 50ml CHR629 - Christinakosmeetika","og_description":"Avaldab tugevat rasueritust reguleerivat, p\u00f5letikuvastast ja antioks\u00fcdantset toimet, korrigeerib postakne pigmentatsiooni ning \u00fchtlustab naha reljeefi.","og_url":"https:\/\/christinakosmeetika.ee\/et\/toode\/nochnoy-gel-christina-comodex-scrubsmooth-exfoliator-et\/","og_site_name":"Christinakosmeetika","article_modified_time":"2026-04-15T18:29:50+00:00","og_image":[{"width":450,"height":450,"url":"https:\/\/christinakosmeetika.ee\/wp-content\/uploads\/2021\/05\/RenewRepair-Night-treatment450-2.jpg","type":"image\/jpeg"}],"twitter_card":"summary_large_image","twitter_misc":{"Est. reading time":"3 minutit"},"schema":{"@context":"https:\/\/schema.org","@graph":[{"@type":"WebPage","@id":"https:\/\/christinakosmeetika.ee\/et\/toode\/nochnoy-gel-christina-comodex-scrubsmooth-exfoliator-et\/","url":"https:\/\/christinakosmeetika.ee\/et\/toode\/nochnoy-gel-christina-comodex-scrubsmooth-exfoliator-et\/","name":"Christina Comodex Renew Repair Night Treatment 50ml CHR629 - Christinakosmeetika","isPartOf":{"@id":"https:\/\/christinakosmeetika.ee\/#website"},"primaryImageOfPage":{"@id":"https:\/\/christinakosmeetika.ee\/et\/toode\/nochnoy-gel-christina-comodex-scrubsmooth-exfoliator-et\/#primaryimage"},"image":{"@id":"https:\/\/christinakosmeetika.ee\/et\/toode\/nochnoy-gel-christina-comodex-scrubsmooth-exfoliator-et\/#primaryimage"},"thumbnailUrl":"https:\/\/christinakosmeetika.ee\/wp-content\/uploads\/2021\/05\/RenewRepair-Night-treatment450-2.jpg","datePublished":"2021-05-02T04:48:27+00:00","dateModified":"2026-04-15T18:29:50+00:00","description":"Avaldab tugevat rasueritust reguleerivat, p\u00f5letikuvastast ja antioks\u00fcdantset toimet, korrigeerib postakne pigmentatsiooni ning \u00fchtlustab naha reljeefi.","breadcrumb":{"@id":"https:\/\/christinakosmeetika.ee\/et\/toode\/nochnoy-gel-christina-comodex-scrubsmooth-exfoliator-et\/#breadcrumb"},"inLanguage":"et","potentialAction":[{"@type":"ReadAction","target":["https:\/\/christinakosmeetika.ee\/et\/toode\/nochnoy-gel-christina-comodex-scrubsmooth-exfoliator-et\/"]}]},{"@type":"ImageObject","inLanguage":"et","@id":"https:\/\/christinakosmeetika.ee\/et\/toode\/nochnoy-gel-christina-comodex-scrubsmooth-exfoliator-et\/#primaryimage","url":"https:\/\/christinakosmeetika.ee\/wp-content\/uploads\/2021\/05\/RenewRepair-Night-treatment450-2.jpg","contentUrl":"https:\/\/christinakosmeetika.ee\/wp-content\/uploads\/2021\/05\/RenewRepair-Night-treatment450-2.jpg","width":450,"height":450},{"@type":"BreadcrumbList","@id":"https:\/\/christinakosmeetika.ee\/et\/toode\/nochnoy-gel-christina-comodex-scrubsmooth-exfoliator-et\/#breadcrumb","itemListElement":[{"@type":"ListItem","position":1,"name":"\u0413\u043b\u0430\u0432\u043d\u0430\u044f \u0441\u0442\u0440\u0430\u043d\u0438\u0446\u0430","item":"https:\/\/christinakosmeetika.ee\/et\/"},{"@type":"ListItem","position":2,"name":"Pood","item":"https:\/\/christinakosmeetika.ee\/et\/shop\/"},{"@type":"ListItem","position":3,"name":"Christina Comodex Renew Repair Night Treatment 50ml CHR629"}]},{"@type":"WebSite","@id":"https:\/\/christinakosmeetika.ee\/#website","url":"https:\/\/christinakosmeetika.ee\/","name":"Christinakosmeetika","description":"Christina kosmeetika Eestis","alternateName":"Christina kosmeetika Eestis","potentialAction":[{"@type":"SearchAction","target":{"@type":"EntryPoint","urlTemplate":"https:\/\/christinakosmeetika.ee\/?s={search_term_string}"},"query-input":{"@type":"PropertyValueSpecification","valueRequired":true,"valueName":"search_term_string"}}],"inLanguage":"et"}]}},"_links":{"self":[{"href":"https:\/\/christinakosmeetika.ee\/et\/wp-json\/wp\/v2\/product\/2158","targetHints":{"allow":["GET"]}}],"collection":[{"href":"https:\/\/christinakosmeetika.ee\/et\/wp-json\/wp\/v2\/product"}],"about":[{"href":"https:\/\/christinakosmeetika.ee\/et\/wp-json\/wp\/v2\/types\/product"}],"wp:featuredmedia":[{"embeddable":true,"href":"https:\/\/christinakosmeetika.ee\/et\/wp-json\/wp\/v2\/media\/5245"}],"wp:attachment":[{"href":"https:\/\/christinakosmeetika.ee\/et\/wp-json\/wp\/v2\/media?parent=2158"}],"wp:term":[{"taxonomy":"product_brand","embeddable":true,"href":"https:\/\/christinakosmeetika.ee\/et\/wp-json\/wp\/v2\/product_brand?post=2158"},{"taxonomy":"product_cat","embeddable":true,"href":"https:\/\/christinakosmeetika.ee\/et\/wp-json\/wp\/v2\/product_cat?post=2158"},{"taxonomy":"product_tag","embeddable":true,"href":"https:\/\/christinakosmeetika.ee\/et\/wp-json\/wp\/v2\/product_tag?post=2158"}],"curies":[{"name":"wp","href":"https:\/\/api.w.org\/{rel}","templated":true}]}}