{"id":2156,"date":"2021-05-02T06:19:05","date_gmt":"2021-05-02T06:19:05","guid":{"rendered":"http:\/\/christinakosmeetika.ee\/product\/christina-comodex-purifybalance-toner-%d0%be%d1%87%d0%b8%d1%89%d0%b0%d1%8e%d1%89%d0%b8%d0%b9-%d0%b1%d0%b0%d0%bb%d0%b0%d0%bd%d1%81%d0%b8%d1%80%d1%83%d1%8e%d1%89%d0%b8%d0%b9-%d1%82%d0%be%d0%bd%d0%b8\/"},"modified":"2026-04-15T16:06:02","modified_gmt":"2026-04-15T13:06:02","slug":"tasakaalustav-puhastav-toonik-christina-comodex-purifybalance-toner-et","status":"publish","type":"product","link":"https:\/\/christinakosmeetika.ee\/et\/toode\/tasakaalustav-puhastav-toonik-christina-comodex-purifybalance-toner-et\/","title":{"rendered":"Christina Comodex Purify Balance Toner 300ml CHR627"},"content":{"rendered":"<section class=\"av_textblock_section \">\n<div class=\"avia_textblock \">\n<section class=\"av_textblock_section \">\n<div class=\"avia_textblock \">\n<p>Christina COMODEX Purify Balance Toner (Tasakaalustav puhastav toonik) l\u00f5petab puhastamisprotsessi p\u00e4rast geeli kasutamist, eemaldades liigse naha rasu. Sellel on antibakteriaalne ja p\u00f5letikuvastane toime, rahustades ja jahutades \u00e4rritunud nahka.<\/p>\n<p>Tasakaalustav puhastav toonik on m\u00f5eldud puhastamisprotsessi l\u00f5petamiseks p\u00e4rast meigi eemaldamist v\u00f5i naha puhastamist <a href=\"https:\/\/christinakosmeetika.ee\/toode\/gel-ochishchaushchiy-christina-comodex-cleanclear-cleanser-et\/?lang=et\">Clean Clear Cleanser geeliga<\/a>. See toonik eemaldab efektiivselt \u00fcleliigse naha rasu ja rasuse l\u00e4ike, minimeerides pooride n\u00e4htavust. T\u00e4nu oma antibakteriaalsetele omadustele mitte ainult ei kuivata see nahal olemasolevaid p\u00f5letikke, vaid aitab ka ennetada tulevasi vistrikke.<\/p>\n<p>Rikastatud eukal\u00fcpti ekstrakti ja mentooliga avaldab see toonik kiiret rahustavat ja jahutavat toimet \u00e4rritunud nahale, j\u00e4ttes tunde puhtusest ja v\u00e4rskusest, ilma pingulduse tundeta. Selle valem sobib eriti noortele nahale, lahendades levinud probleeme nagu liigne rasusus ja vistrikud.<\/p>\n<\/div>\n<\/section>\n<section class=\"av_textblock_section \">\n<div class=\"avia_textblock \">\n<p><strong>Kasutamine:<\/strong><\/p>\n<p>Kanda 1-1,5 ml toonikut\u00a0 vatipadjakese abil puhastatud nahale\u00a0 v\u00e4ltides silma\u00fcmbritseva piirkonda. Mitte loputada.<\/p>\n<\/div>\n<\/section>\n<section class=\"av_textblock_section \">\n<div class=\"avia_textblock \">\n<p><strong>Koostis:<\/strong><\/p>\n<p>Deionized water (Aqua), SD Alcohol 40, Glycerin, PEG-7 Glyceryl Cocoate, Polysorbate 20, Caprylyl Glycol&amp;, Phenoxyethanol, Camphor, Citric Acid&amp;, Deionized water (Aqua)&amp;, Glycerin&amp;, Potassium Sorbate&amp;, Sodium Benzoate&amp;, Eucalyptus Globulus Leaf Extract, Chlorphenesin, Deionized water (Aqua)&amp;, Glycerin&amp;, SD Alcohol 40&amp;, Tasmannia Lanceolata Fruit Extract, Menthol<\/p>\n<p><img loading=\"lazy\" decoding=\"async\" class=\"alignnone size-medium wp-image-13185\" src=\"https:\/\/christinakosmeetika.ee\/wp-content\/uploads\/2021\/05\/purrify-200x300.webp\" alt=\"\" width=\"200\" height=\"300\" srcset=\"https:\/\/christinakosmeetika.ee\/wp-content\/uploads\/2021\/05\/purrify-200x300.webp 200w, https:\/\/christinakosmeetika.ee\/wp-content\/uploads\/2021\/05\/purrify-687x1030.webp 687w, https:\/\/christinakosmeetika.ee\/wp-content\/uploads\/2021\/05\/purrify-768x1152.webp 768w, https:\/\/christinakosmeetika.ee\/wp-content\/uploads\/2021\/05\/purrify-1000x1500.webp 1000w, https:\/\/christinakosmeetika.ee\/wp-content\/uploads\/2021\/05\/purrify-470x705.webp 470w, https:\/\/christinakosmeetika.ee\/wp-content\/uploads\/2021\/05\/purrify-450x675.webp 450w, https:\/\/christinakosmeetika.ee\/wp-content\/uploads\/2021\/05\/purrify-600x900.webp 600w, https:\/\/christinakosmeetika.ee\/wp-content\/uploads\/2021\/05\/purrify.webp 1024w\" sizes=\"auto, (max-width: 200px) 100vw, 200px\" \/><\/p>\n<h3 data-start=\"106\" data-end=\"150\"><a href=\"https:\/\/christinakosmeetika.ee\/et\/comodex-purify-balance-tooner\/\"><strong data-start=\"106\" data-end=\"150\">Christina Comodex Purify &amp; Balance Toner<\/strong><\/a><\/h3>\n<p data-start=\"152\" data-end=\"322\">Kui nahk tundub tuhm, poorid n\u00e4ivad ummistunud ja tavaline puhastamine ei anna enam puhta naha tunnet,<br data-start=\"254\" data-end=\"257\" \/>on aeg liikuda samm s\u00fcgavama ja tasakaalustavama hoolduse suunas.<\/p>\n<p data-start=\"324\" data-end=\"495\">N\u00e4otoonik ei eemalda ainult mustuse ja meigij\u00e4\u00e4ke \u2014<br data-start=\"375\" data-end=\"378\" \/>see aitab tasakaalustada nahka, muuta poorid visuaalselt puhtamaks ja valmistada naha ette j\u00e4rgmiseks hooldusetapiks.<\/p>\n<p data-start=\"497\" data-end=\"646\">\ud83d\udc49 Just seda teeb Christina Comodex Purify &amp; Balance Toner \u2014<br data-start=\"557\" data-end=\"560\" \/>v\u00e4rskema, tasakaalustatuma ja hoolitsetud naha heaks juba p\u00e4rast esimest kasutuskorda.<\/p>\n<p data-start=\"648\" data-end=\"664\"><a href=\"https:\/\/christinakosmeetika.ee\/et\/comodex-purify-balance-tooner\/\"><strong data-start=\"648\" data-end=\"664\">loe edasi\u2026 \u203a<\/strong><\/a><\/p>\n<\/div>\n<\/section>\n<\/div>\n<\/section>\n","protected":false},"excerpt":{"rendered":"<h4>Puhastav, tasakaalustav n\u00e4otoonik<\/h4>\n","protected":false},"featured_media":1454,"template":"","meta":[],"product_brand":[],"product_cat":[185],"product_tag":[],"class_list":{"0":"post-2156","1":"product","2":"type-product","3":"status-publish","4":"has-post-thumbnail","6":"product_cat-toonik","7":"product_shipping_class-smart-itella-post","8":"pa_linii-kosmetiki-comodex-et","9":"pa_reshenie-problem-akne","10":"pa_reshenie-problem-ebauhtlane-nahatekstuur","11":"pa_reshenie-problem-laienenud-poorid","12":"pa_reshenie-problem-saastunud-nahk","13":"pa_reshenie-problem-oline-laige","14":"pa_tip-kozi-kombi-et","15":"pa_tip-kozi-rasvane-et","16":"pa_tip-preparata-toonik","17":"pa_vremja-primenenija-paev-oo","19":"first","20":"instock","21":"taxable","22":"shipping-taxable","23":"purchasable","24":"product-type-simple"},"yoast_head":"<!-- This site is optimized with the Yoast SEO plugin v27.5 - https:\/\/yoast.com\/product\/yoast-seo-wordpress\/ -->\n<title>Christina Comodex Purify Balance Toner 300ml CHR627 - Christinakosmeetika<\/title>\n<meta name=\"description\" content=\"COMODEX Purify Balance Toner on m\u00f5eldud puhastusprotseduuri l\u00f5petamiseks p\u00e4rast meigi eemaldamist v\u00f5i naha puhastamist. Sellel on antibakteriaalne ja\" \/>\n<meta name=\"robots\" content=\"index, follow, max-snippet:-1, max-image-preview:large, max-video-preview:-1\" \/>\n<link rel=\"canonical\" href=\"https:\/\/christinakosmeetika.ee\/et\/toode\/tasakaalustav-puhastav-toonik-christina-comodex-purifybalance-toner-et\/\" \/>\n<meta property=\"og:locale\" content=\"et_EE\" \/>\n<meta property=\"og:type\" content=\"article\" \/>\n<meta property=\"og:title\" content=\"Christina Comodex Purify Balance Toner 300ml CHR627 - Christinakosmeetika\" \/>\n<meta property=\"og:description\" content=\"COMODEX Purify Balance Toner on m\u00f5eldud puhastusprotseduuri l\u00f5petamiseks p\u00e4rast meigi eemaldamist v\u00f5i naha puhastamist. Sellel on antibakteriaalne ja\" \/>\n<meta property=\"og:url\" content=\"https:\/\/christinakosmeetika.ee\/et\/toode\/tasakaalustav-puhastav-toonik-christina-comodex-purifybalance-toner-et\/\" \/>\n<meta property=\"og:site_name\" content=\"Christinakosmeetika\" \/>\n<meta property=\"article:modified_time\" content=\"2026-04-15T13:06:02+00:00\" \/>\n<meta property=\"og:image\" content=\"https:\/\/christinakosmeetika.ee\/wp-content\/uploads\/2021\/05\/PurifyBalance-Toner450.jpg\" \/>\n\t<meta property=\"og:image:width\" content=\"450\" \/>\n\t<meta property=\"og:image:height\" content=\"450\" \/>\n\t<meta property=\"og:image:type\" content=\"image\/jpeg\" \/>\n<meta name=\"twitter:card\" content=\"summary_large_image\" \/>\n<meta name=\"twitter:label1\" content=\"Est. reading time\" \/>\n\t<meta name=\"twitter:data1\" content=\"2 minutit\" \/>\n<script type=\"application\/ld+json\" class=\"yoast-schema-graph\">{\"@context\":\"https:\\\/\\\/schema.org\",\"@graph\":[{\"@type\":\"WebPage\",\"@id\":\"https:\\\/\\\/christinakosmeetika.ee\\\/et\\\/toode\\\/tasakaalustav-puhastav-toonik-christina-comodex-purifybalance-toner-et\\\/\",\"url\":\"https:\\\/\\\/christinakosmeetika.ee\\\/et\\\/toode\\\/tasakaalustav-puhastav-toonik-christina-comodex-purifybalance-toner-et\\\/\",\"name\":\"Christina Comodex Purify Balance Toner 300ml CHR627 - Christinakosmeetika\",\"isPartOf\":{\"@id\":\"https:\\\/\\\/christinakosmeetika.ee\\\/#website\"},\"primaryImageOfPage\":{\"@id\":\"https:\\\/\\\/christinakosmeetika.ee\\\/et\\\/toode\\\/tasakaalustav-puhastav-toonik-christina-comodex-purifybalance-toner-et\\\/#primaryimage\"},\"image\":{\"@id\":\"https:\\\/\\\/christinakosmeetika.ee\\\/et\\\/toode\\\/tasakaalustav-puhastav-toonik-christina-comodex-purifybalance-toner-et\\\/#primaryimage\"},\"thumbnailUrl\":\"https:\\\/\\\/christinakosmeetika.ee\\\/wp-content\\\/uploads\\\/2021\\\/05\\\/PurifyBalance-Toner450.jpg\",\"datePublished\":\"2021-05-02T06:19:05+00:00\",\"dateModified\":\"2026-04-15T13:06:02+00:00\",\"description\":\"COMODEX Purify Balance Toner on m\u00f5eldud puhastusprotseduuri l\u00f5petamiseks p\u00e4rast meigi eemaldamist v\u00f5i naha puhastamist. Sellel on antibakteriaalne ja\",\"breadcrumb\":{\"@id\":\"https:\\\/\\\/christinakosmeetika.ee\\\/et\\\/toode\\\/tasakaalustav-puhastav-toonik-christina-comodex-purifybalance-toner-et\\\/#breadcrumb\"},\"inLanguage\":\"et\",\"potentialAction\":[{\"@type\":\"ReadAction\",\"target\":[\"https:\\\/\\\/christinakosmeetika.ee\\\/et\\\/toode\\\/tasakaalustav-puhastav-toonik-christina-comodex-purifybalance-toner-et\\\/\"]}]},{\"@type\":\"ImageObject\",\"inLanguage\":\"et\",\"@id\":\"https:\\\/\\\/christinakosmeetika.ee\\\/et\\\/toode\\\/tasakaalustav-puhastav-toonik-christina-comodex-purifybalance-toner-et\\\/#primaryimage\",\"url\":\"https:\\\/\\\/christinakosmeetika.ee\\\/wp-content\\\/uploads\\\/2021\\\/05\\\/PurifyBalance-Toner450.jpg\",\"contentUrl\":\"https:\\\/\\\/christinakosmeetika.ee\\\/wp-content\\\/uploads\\\/2021\\\/05\\\/PurifyBalance-Toner450.jpg\",\"width\":450,\"height\":450},{\"@type\":\"BreadcrumbList\",\"@id\":\"https:\\\/\\\/christinakosmeetika.ee\\\/et\\\/toode\\\/tasakaalustav-puhastav-toonik-christina-comodex-purifybalance-toner-et\\\/#breadcrumb\",\"itemListElement\":[{\"@type\":\"ListItem\",\"position\":1,\"name\":\"\u0413\u043b\u0430\u0432\u043d\u0430\u044f \u0441\u0442\u0440\u0430\u043d\u0438\u0446\u0430\",\"item\":\"https:\\\/\\\/christinakosmeetika.ee\\\/et\\\/\"},{\"@type\":\"ListItem\",\"position\":2,\"name\":\"Pood\",\"item\":\"https:\\\/\\\/christinakosmeetika.ee\\\/et\\\/shop\\\/\"},{\"@type\":\"ListItem\",\"position\":3,\"name\":\"Christina Comodex Purify Balance Toner 300ml CHR627\"}]},{\"@type\":\"WebSite\",\"@id\":\"https:\\\/\\\/christinakosmeetika.ee\\\/#website\",\"url\":\"https:\\\/\\\/christinakosmeetika.ee\\\/\",\"name\":\"Christinakosmeetika\",\"description\":\"Christina kosmeetika Eestis\",\"alternateName\":\"Christina kosmeetika Eestis\",\"potentialAction\":[{\"@type\":\"SearchAction\",\"target\":{\"@type\":\"EntryPoint\",\"urlTemplate\":\"https:\\\/\\\/christinakosmeetika.ee\\\/?s={search_term_string}\"},\"query-input\":{\"@type\":\"PropertyValueSpecification\",\"valueRequired\":true,\"valueName\":\"search_term_string\"}}],\"inLanguage\":\"et\"}]}<\/script>\n<!-- \/ Yoast SEO plugin. -->","yoast_head_json":{"title":"Christina Comodex Purify Balance Toner 300ml CHR627 - Christinakosmeetika","description":"COMODEX Purify Balance Toner on m\u00f5eldud puhastusprotseduuri l\u00f5petamiseks p\u00e4rast meigi eemaldamist v\u00f5i naha puhastamist. Sellel on antibakteriaalne ja","robots":{"index":"index","follow":"follow","max-snippet":"max-snippet:-1","max-image-preview":"max-image-preview:large","max-video-preview":"max-video-preview:-1"},"canonical":"https:\/\/christinakosmeetika.ee\/et\/toode\/tasakaalustav-puhastav-toonik-christina-comodex-purifybalance-toner-et\/","og_locale":"et_EE","og_type":"article","og_title":"Christina Comodex Purify Balance Toner 300ml CHR627 - Christinakosmeetika","og_description":"COMODEX Purify Balance Toner on m\u00f5eldud puhastusprotseduuri l\u00f5petamiseks p\u00e4rast meigi eemaldamist v\u00f5i naha puhastamist. Sellel on antibakteriaalne ja","og_url":"https:\/\/christinakosmeetika.ee\/et\/toode\/tasakaalustav-puhastav-toonik-christina-comodex-purifybalance-toner-et\/","og_site_name":"Christinakosmeetika","article_modified_time":"2026-04-15T13:06:02+00:00","og_image":[{"width":450,"height":450,"url":"https:\/\/christinakosmeetika.ee\/wp-content\/uploads\/2021\/05\/PurifyBalance-Toner450.jpg","type":"image\/jpeg"}],"twitter_card":"summary_large_image","twitter_misc":{"Est. reading time":"2 minutit"},"schema":{"@context":"https:\/\/schema.org","@graph":[{"@type":"WebPage","@id":"https:\/\/christinakosmeetika.ee\/et\/toode\/tasakaalustav-puhastav-toonik-christina-comodex-purifybalance-toner-et\/","url":"https:\/\/christinakosmeetika.ee\/et\/toode\/tasakaalustav-puhastav-toonik-christina-comodex-purifybalance-toner-et\/","name":"Christina Comodex Purify Balance Toner 300ml CHR627 - Christinakosmeetika","isPartOf":{"@id":"https:\/\/christinakosmeetika.ee\/#website"},"primaryImageOfPage":{"@id":"https:\/\/christinakosmeetika.ee\/et\/toode\/tasakaalustav-puhastav-toonik-christina-comodex-purifybalance-toner-et\/#primaryimage"},"image":{"@id":"https:\/\/christinakosmeetika.ee\/et\/toode\/tasakaalustav-puhastav-toonik-christina-comodex-purifybalance-toner-et\/#primaryimage"},"thumbnailUrl":"https:\/\/christinakosmeetika.ee\/wp-content\/uploads\/2021\/05\/PurifyBalance-Toner450.jpg","datePublished":"2021-05-02T06:19:05+00:00","dateModified":"2026-04-15T13:06:02+00:00","description":"COMODEX Purify Balance Toner on m\u00f5eldud puhastusprotseduuri l\u00f5petamiseks p\u00e4rast meigi eemaldamist v\u00f5i naha puhastamist. Sellel on antibakteriaalne ja","breadcrumb":{"@id":"https:\/\/christinakosmeetika.ee\/et\/toode\/tasakaalustav-puhastav-toonik-christina-comodex-purifybalance-toner-et\/#breadcrumb"},"inLanguage":"et","potentialAction":[{"@type":"ReadAction","target":["https:\/\/christinakosmeetika.ee\/et\/toode\/tasakaalustav-puhastav-toonik-christina-comodex-purifybalance-toner-et\/"]}]},{"@type":"ImageObject","inLanguage":"et","@id":"https:\/\/christinakosmeetika.ee\/et\/toode\/tasakaalustav-puhastav-toonik-christina-comodex-purifybalance-toner-et\/#primaryimage","url":"https:\/\/christinakosmeetika.ee\/wp-content\/uploads\/2021\/05\/PurifyBalance-Toner450.jpg","contentUrl":"https:\/\/christinakosmeetika.ee\/wp-content\/uploads\/2021\/05\/PurifyBalance-Toner450.jpg","width":450,"height":450},{"@type":"BreadcrumbList","@id":"https:\/\/christinakosmeetika.ee\/et\/toode\/tasakaalustav-puhastav-toonik-christina-comodex-purifybalance-toner-et\/#breadcrumb","itemListElement":[{"@type":"ListItem","position":1,"name":"\u0413\u043b\u0430\u0432\u043d\u0430\u044f \u0441\u0442\u0440\u0430\u043d\u0438\u0446\u0430","item":"https:\/\/christinakosmeetika.ee\/et\/"},{"@type":"ListItem","position":2,"name":"Pood","item":"https:\/\/christinakosmeetika.ee\/et\/shop\/"},{"@type":"ListItem","position":3,"name":"Christina Comodex Purify Balance Toner 300ml CHR627"}]},{"@type":"WebSite","@id":"https:\/\/christinakosmeetika.ee\/#website","url":"https:\/\/christinakosmeetika.ee\/","name":"Christinakosmeetika","description":"Christina kosmeetika Eestis","alternateName":"Christina kosmeetika Eestis","potentialAction":[{"@type":"SearchAction","target":{"@type":"EntryPoint","urlTemplate":"https:\/\/christinakosmeetika.ee\/?s={search_term_string}"},"query-input":{"@type":"PropertyValueSpecification","valueRequired":true,"valueName":"search_term_string"}}],"inLanguage":"et"}]}},"_links":{"self":[{"href":"https:\/\/christinakosmeetika.ee\/et\/wp-json\/wp\/v2\/product\/2156","targetHints":{"allow":["GET"]}}],"collection":[{"href":"https:\/\/christinakosmeetika.ee\/et\/wp-json\/wp\/v2\/product"}],"about":[{"href":"https:\/\/christinakosmeetika.ee\/et\/wp-json\/wp\/v2\/types\/product"}],"wp:featuredmedia":[{"embeddable":true,"href":"https:\/\/christinakosmeetika.ee\/et\/wp-json\/wp\/v2\/media\/1454"}],"wp:attachment":[{"href":"https:\/\/christinakosmeetika.ee\/et\/wp-json\/wp\/v2\/media?parent=2156"}],"wp:term":[{"taxonomy":"product_brand","embeddable":true,"href":"https:\/\/christinakosmeetika.ee\/et\/wp-json\/wp\/v2\/product_brand?post=2156"},{"taxonomy":"product_cat","embeddable":true,"href":"https:\/\/christinakosmeetika.ee\/et\/wp-json\/wp\/v2\/product_cat?post=2156"},{"taxonomy":"product_tag","embeddable":true,"href":"https:\/\/christinakosmeetika.ee\/et\/wp-json\/wp\/v2\/product_tag?post=2156"}],"curies":[{"name":"wp","href":"https:\/\/api.w.org\/{rel}","templated":true}]}}