{"id":2155,"date":"2021-05-02T06:28:24","date_gmt":"2021-05-02T06:28:24","guid":{"rendered":"http:\/\/christinakosmeetika.ee\/product\/christina-comodex-moist-and-illuminate-eye-treatment-%d1%83%d0%b2%d0%bb%d0%b0%d0%b6%d0%bd%d1%8f%d1%8e%d1%89%d0%b8%d0%b9-%d0%ba%d1%80%d0%b5%d0%bc-%d0%b4%d0%bb%d1%8f-%d0%b3%d0%bb%d0%b0%d0%b7\/"},"modified":"2026-04-15T21:21:16","modified_gmt":"2026-04-15T18:21:16","slug":"christina-comodex-moist-and-illuminate-eye-treatment-uvlazhnyaushchiy-krem-dlya-zony-vokrug-glaz-et","status":"publish","type":"product","link":"https:\/\/christinakosmeetika.ee\/et\/toode\/christina-comodex-moist-and-illuminate-eye-treatment-uvlazhnyaushchiy-krem-dlya-zony-vokrug-glaz-et\/","title":{"rendered":"Christina Comdex Moist and Illuminate Eye Treatment 30ml CHR640"},"content":{"rendered":"<section class=\"av_textblock_section \">\n<div class=\"avia_textblock \">\n<section class=\"av_textblock_section \">\n<div class=\"avia_textblock \">\n<p>Moist Illuminate Eye Treatment &#8211; see on t\u00f5hus silma\u00fcmbruse nahahoolduskreem. See tagab niisutuse ja pehmenduse ning silub naerukurde.<\/p>\n<p>Geel parandab silmade \u00fcmbruse naha seisundit. See v\u00e4hendab kortse ja v\u00f5itleb tumedate ringidega. Niisutab nahka ja v\u00e4hendab turset. T\u00f5stab naha, suurendades selle elastsust ja pinguldust.<\/p>\n<p>Selle kreemi koostises on puuviljahapete kompleks, mis eemaldab t\u00f5husalt surnud naharakud ja uuendab naha pinda. See k\u00f5rvaldab soovimatu pigmendi ja parandab silmade \u00fcmbruse naha v\u00e4rvi.<\/p>\n<p>H\u00fcaluroonhape seob ja s\u00e4ilitab veemolekule, niisutades nahka intensiivselt ja optimeerides selle niiskustasakaalu. See aktiveerib ka omaenda kollageeni tootmise, mis pikendab naha noorust ja silub peeneid kortse.<\/p>\n<p>Niisutav kompleks ja h\u00fcaluroonhape hoiavad silmade \u00fcmbruse tundliku naha niiskustaseme optimaalsena. See aitab v\u00e4hendada turset ja minimeerida peenikeste joonte ja kortsude teket. Samuti v\u00f5itleb see tumedate ringidega t\u00e4nu kapillaaride toonuse parandamisele ja valgendavate komponentide lisamisele. See protseduur stimuleerib kollageeni s\u00fcnteesi ja omab p\u00f5letikuvastast toimet.<\/p>\n<p>Seda kreemi soovitatakse kasutada nii hommikul kui ka \u00f5htul ning see toimib enneaegse vananemise ennetusena silma\u00fcmbruse nahale. Spetsialiseeritud ja ennetav hooldus aitab s\u00e4ilitada tervisliku ja s\u00e4rava naha silmade \u00fcmbruses.<\/p>\n<p><strong>Kasutamine:<\/strong><\/p>\n<\/div>\n<\/section>\n<section class=\"av_textblock_section \">\n<div class=\"avia_textblock \">\n<p>Kanda silmade \u00fcmbritseva nahale natuke geeli, kergelt masseerida seda n\u00e4ha sisse kuni t\u00e4ieliku imendumiseni. Kasutage 1-2 korda p\u00e4evas.<\/p>\n<\/div>\n<\/section>\n<section class=\"av_textblock_section \">\n<div class=\"avia_textblock \">\n<p><strong>Koostis:<\/strong><\/p>\n<p>Deionized water (Aqua), Glycerin, Rosa Gallica Flower Extract&amp;, Deionized water (Aqua)&amp;, SD Alcohol 40&amp;, Glycerin, Solanum Lycopersicum (Tomato) Fruit\/Leaf\/Stem Extract&amp;, Deionized water (Aqua)&amp;, Glycerin&amp;, Potassium Sorbate&amp;, Sodium Benzoate&amp;, Citric Acid, Deionized water (Aqua)&amp;, Fructose&amp;, Glycine&amp;, Inositol&amp;, Niacinamide&amp;, Sodium Lactate&amp;, Sodium PCA&amp;, Urea, Albizia Julibrissin Bark Extract&amp;, Darutoside&amp;, Glycerin, Carbomer, Caprylyl Glycol&amp;, Phenoxyethanol, Triethanolamine, Centella Asiatica Extract&amp;, Deionized water (Aqua)&amp;, Propanediol, 1,2-Hexanediol&amp;, Caprylyl Glycol&amp;, Deionized water (Aqua)&amp;, Sodium hyaluronate, Urea, Chlorphenesin, Allantoin<\/p>\n<p><img loading=\"lazy\" decoding=\"async\" class=\"alignnone size-medium wp-image-13159\" src=\"https:\/\/christinakosmeetika.ee\/wp-content\/uploads\/2026\/02\/moist-illuminate-1-200x300.webp\" alt=\"\" width=\"200\" height=\"300\" \/><\/p>\n<h3 data-start=\"89\" data-end=\"143\"><strong data-start=\"89\" data-end=\"143\">Christina Comodex Moist &amp; Illuminate Eye Treatment<\/strong><\/h3>\n<p data-start=\"145\" data-end=\"285\">Silmade \u00fcmbruse nahk reageerib esimesena v\u00e4simusele ja stressile.<br data-start=\"210\" data-end=\"213\" \/>See kaotab kiiremini niiskust ning n\u00e4eb kergemini kuiv ja v\u00e4sinud v\u00e4lja.<\/p>\n<p data-start=\"287\" data-end=\"454\">Sellistel hetkedel ei piisa tavalisest n\u00e4okreemist \u2014<br data-start=\"339\" data-end=\"342\" \/>nahk vajab spetsiaalset hooldust, mis aitab s\u00e4ilitada niiskust,<br data-start=\"405\" data-end=\"408\" \/>tagab mugavustunde ja muudab pilgu v\u00e4rskemaks.<\/p>\n<p data-start=\"456\" data-end=\"534\">\ud83d\udc49 Just sellega t\u00f6\u00f6tab <strong data-start=\"479\" data-end=\"533\">Christina Comodex Moist &amp; Illuminate Eye Treatment<\/strong>.<\/p>\n<p data-start=\"536\" data-end=\"551\" data-is-last-node=\"\" data-is-only-node=\"\"><strong data-start=\"536\" data-end=\"551\" data-is-last-node=\"\">loe edasi\u2026\u203a<\/strong><\/p>\n<\/div>\n<\/section>\n<\/div>\n<\/section>\n","protected":false},"excerpt":{"rendered":"<h4>Silma\u00fcmbruse niisutav kreem &#8220;S\u00e4ra&#8221;&#8221;<\/h4>\n","protected":false},"featured_media":1455,"template":"","meta":[],"product_brand":[],"product_cat":[147],"product_tag":[],"class_list":{"0":"post-2155","1":"product","2":"type-product","3":"status-publish","4":"has-post-thumbnail","6":"product_cat-geel-et","7":"product_shipping_class-smart-itella-post","8":"pa_linii-kosmetiki-comodex-et","9":"pa_reshenie-problem-suhost","10":"pa_reshenie-problem-tumedad-ringid","11":"pa_reshenie-problem-vananemise-margid","12":"pa_tip-kozi-koik-nahatuubid-et","13":"pa_tip-kozi-kombi-et","14":"pa_tip-kozi-kuiv-et","15":"pa_tip-kozi-normaalne-et","16":"pa_tip-kozi-rasvane-et","17":"pa_tip-preparata-geel","18":"pa_vremja-primenenija-paev-oo","20":"first","21":"outofstock","22":"taxable","23":"shipping-taxable","24":"purchasable","25":"product-type-simple"},"yoast_head":"<!-- This site is optimized with the Yoast SEO plugin v27.5 - https:\/\/yoast.com\/product\/yoast-seo-wordpress\/ -->\n<title>Christina Comdex Moist and Illuminate Eye Treatment 30ml CHR640 - Christinakosmeetika<\/title>\n<meta name=\"description\" content=\"Pinguldab silma\u00fcmbruse nahka, v\u00e4hendab kortsude v\u00e4ljendatust, aitab v\u00f5idelda tumedate silmaaluste ringidega, niisutab nahka ja v\u00e4hendab turseid.\" \/>\n<meta name=\"robots\" content=\"index, follow, max-snippet:-1, max-image-preview:large, max-video-preview:-1\" \/>\n<link rel=\"canonical\" href=\"https:\/\/christinakosmeetika.ee\/product\/christina-comodex-moist-and-illuminate-eye-treatment-uvlazhnyaushchiy-krem-dlya-zony-vokrug-glaz\/\" \/>\n<meta property=\"og:locale\" content=\"et_EE\" \/>\n<meta property=\"og:type\" content=\"article\" \/>\n<meta property=\"og:title\" content=\"Christina Comdex Moist and Illuminate Eye Treatment 30ml CHR640 - Christinakosmeetika\" \/>\n<meta property=\"og:description\" content=\"Pinguldab silma\u00fcmbruse nahka, v\u00e4hendab kortsude v\u00e4ljendatust, aitab v\u00f5idelda tumedate silmaaluste ringidega, niisutab nahka ja v\u00e4hendab turseid.\" \/>\n<meta property=\"og:url\" content=\"https:\/\/christinakosmeetika.ee\/product\/christina-comodex-moist-and-illuminate-eye-treatment-uvlazhnyaushchiy-krem-dlya-zony-vokrug-glaz\/\" \/>\n<meta property=\"og:site_name\" content=\"Christinakosmeetika\" \/>\n<meta property=\"article:modified_time\" content=\"2026-04-15T18:21:16+00:00\" \/>\n<meta property=\"og:image\" content=\"https:\/\/christinakosmeetika.ee\/wp-content\/uploads\/2021\/05\/Moist-and-Illuminate-Eye-Treatment450.jpg\" \/>\n\t<meta property=\"og:image:width\" content=\"450\" \/>\n\t<meta property=\"og:image:height\" content=\"450\" \/>\n\t<meta property=\"og:image:type\" content=\"image\/jpeg\" \/>\n<meta name=\"twitter:card\" content=\"summary_large_image\" \/>\n<meta name=\"twitter:label1\" content=\"Est. reading time\" \/>\n\t<meta name=\"twitter:data1\" content=\"2 minutit\" \/>\n<script type=\"application\/ld+json\" class=\"yoast-schema-graph\">{\"@context\":\"https:\\\/\\\/schema.org\",\"@graph\":[{\"@type\":\"WebPage\",\"@id\":\"https:\\\/\\\/christinakosmeetika.ee\\\/product\\\/christina-comodex-moist-and-illuminate-eye-treatment-uvlazhnyaushchiy-krem-dlya-zony-vokrug-glaz\\\/\",\"url\":\"https:\\\/\\\/christinakosmeetika.ee\\\/product\\\/christina-comodex-moist-and-illuminate-eye-treatment-uvlazhnyaushchiy-krem-dlya-zony-vokrug-glaz\\\/\",\"name\":\"Christina Comdex Moist and Illuminate Eye Treatment 30ml CHR640 - Christinakosmeetika\",\"isPartOf\":{\"@id\":\"https:\\\/\\\/christinakosmeetika.ee\\\/#website\"},\"primaryImageOfPage\":{\"@id\":\"https:\\\/\\\/christinakosmeetika.ee\\\/product\\\/christina-comodex-moist-and-illuminate-eye-treatment-uvlazhnyaushchiy-krem-dlya-zony-vokrug-glaz\\\/#primaryimage\"},\"image\":{\"@id\":\"https:\\\/\\\/christinakosmeetika.ee\\\/product\\\/christina-comodex-moist-and-illuminate-eye-treatment-uvlazhnyaushchiy-krem-dlya-zony-vokrug-glaz\\\/#primaryimage\"},\"thumbnailUrl\":\"https:\\\/\\\/christinakosmeetika.ee\\\/wp-content\\\/uploads\\\/2021\\\/05\\\/Moist-and-Illuminate-Eye-Treatment450.jpg\",\"datePublished\":\"2021-05-02T06:28:24+00:00\",\"dateModified\":\"2026-04-15T18:21:16+00:00\",\"description\":\"Pinguldab silma\u00fcmbruse nahka, v\u00e4hendab kortsude v\u00e4ljendatust, aitab v\u00f5idelda tumedate silmaaluste ringidega, niisutab nahka ja v\u00e4hendab turseid.\",\"breadcrumb\":{\"@id\":\"https:\\\/\\\/christinakosmeetika.ee\\\/product\\\/christina-comodex-moist-and-illuminate-eye-treatment-uvlazhnyaushchiy-krem-dlya-zony-vokrug-glaz\\\/#breadcrumb\"},\"inLanguage\":\"et\",\"potentialAction\":[{\"@type\":\"ReadAction\",\"target\":[\"https:\\\/\\\/christinakosmeetika.ee\\\/product\\\/christina-comodex-moist-and-illuminate-eye-treatment-uvlazhnyaushchiy-krem-dlya-zony-vokrug-glaz\\\/\"]}]},{\"@type\":\"ImageObject\",\"inLanguage\":\"et\",\"@id\":\"https:\\\/\\\/christinakosmeetika.ee\\\/product\\\/christina-comodex-moist-and-illuminate-eye-treatment-uvlazhnyaushchiy-krem-dlya-zony-vokrug-glaz\\\/#primaryimage\",\"url\":\"https:\\\/\\\/christinakosmeetika.ee\\\/wp-content\\\/uploads\\\/2021\\\/05\\\/Moist-and-Illuminate-Eye-Treatment450.jpg\",\"contentUrl\":\"https:\\\/\\\/christinakosmeetika.ee\\\/wp-content\\\/uploads\\\/2021\\\/05\\\/Moist-and-Illuminate-Eye-Treatment450.jpg\",\"width\":450,\"height\":450},{\"@type\":\"BreadcrumbList\",\"@id\":\"https:\\\/\\\/christinakosmeetika.ee\\\/product\\\/christina-comodex-moist-and-illuminate-eye-treatment-uvlazhnyaushchiy-krem-dlya-zony-vokrug-glaz\\\/#breadcrumb\",\"itemListElement\":[{\"@type\":\"ListItem\",\"position\":1,\"name\":\"\u0413\u043b\u0430\u0432\u043d\u0430\u044f \u0441\u0442\u0440\u0430\u043d\u0438\u0446\u0430\",\"item\":\"https:\\\/\\\/christinakosmeetika.ee\\\/et\\\/\"},{\"@type\":\"ListItem\",\"position\":2,\"name\":\"Pood\",\"item\":\"https:\\\/\\\/christinakosmeetika.ee\\\/et\\\/shop\\\/\"},{\"@type\":\"ListItem\",\"position\":3,\"name\":\"Christina Comdex Moist and Illuminate Eye Treatment 30ml CHR640\"}]},{\"@type\":\"WebSite\",\"@id\":\"https:\\\/\\\/christinakosmeetika.ee\\\/#website\",\"url\":\"https:\\\/\\\/christinakosmeetika.ee\\\/\",\"name\":\"Christinakosmeetika\",\"description\":\"Christina kosmeetika Eestis\",\"alternateName\":\"Christina kosmeetika Eestis\",\"potentialAction\":[{\"@type\":\"SearchAction\",\"target\":{\"@type\":\"EntryPoint\",\"urlTemplate\":\"https:\\\/\\\/christinakosmeetika.ee\\\/?s={search_term_string}\"},\"query-input\":{\"@type\":\"PropertyValueSpecification\",\"valueRequired\":true,\"valueName\":\"search_term_string\"}}],\"inLanguage\":\"et\"}]}<\/script>\n<!-- \/ Yoast SEO plugin. -->","yoast_head_json":{"title":"Christina Comdex Moist and Illuminate Eye Treatment 30ml CHR640 - Christinakosmeetika","description":"Pinguldab silma\u00fcmbruse nahka, v\u00e4hendab kortsude v\u00e4ljendatust, aitab v\u00f5idelda tumedate silmaaluste ringidega, niisutab nahka ja v\u00e4hendab turseid.","robots":{"index":"index","follow":"follow","max-snippet":"max-snippet:-1","max-image-preview":"max-image-preview:large","max-video-preview":"max-video-preview:-1"},"canonical":"https:\/\/christinakosmeetika.ee\/product\/christina-comodex-moist-and-illuminate-eye-treatment-uvlazhnyaushchiy-krem-dlya-zony-vokrug-glaz\/","og_locale":"et_EE","og_type":"article","og_title":"Christina Comdex Moist and Illuminate Eye Treatment 30ml CHR640 - Christinakosmeetika","og_description":"Pinguldab silma\u00fcmbruse nahka, v\u00e4hendab kortsude v\u00e4ljendatust, aitab v\u00f5idelda tumedate silmaaluste ringidega, niisutab nahka ja v\u00e4hendab turseid.","og_url":"https:\/\/christinakosmeetika.ee\/product\/christina-comodex-moist-and-illuminate-eye-treatment-uvlazhnyaushchiy-krem-dlya-zony-vokrug-glaz\/","og_site_name":"Christinakosmeetika","article_modified_time":"2026-04-15T18:21:16+00:00","og_image":[{"width":450,"height":450,"url":"https:\/\/christinakosmeetika.ee\/wp-content\/uploads\/2021\/05\/Moist-and-Illuminate-Eye-Treatment450.jpg","type":"image\/jpeg"}],"twitter_card":"summary_large_image","twitter_misc":{"Est. reading time":"2 minutit"},"schema":{"@context":"https:\/\/schema.org","@graph":[{"@type":"WebPage","@id":"https:\/\/christinakosmeetika.ee\/product\/christina-comodex-moist-and-illuminate-eye-treatment-uvlazhnyaushchiy-krem-dlya-zony-vokrug-glaz\/","url":"https:\/\/christinakosmeetika.ee\/product\/christina-comodex-moist-and-illuminate-eye-treatment-uvlazhnyaushchiy-krem-dlya-zony-vokrug-glaz\/","name":"Christina Comdex Moist and Illuminate Eye Treatment 30ml CHR640 - Christinakosmeetika","isPartOf":{"@id":"https:\/\/christinakosmeetika.ee\/#website"},"primaryImageOfPage":{"@id":"https:\/\/christinakosmeetika.ee\/product\/christina-comodex-moist-and-illuminate-eye-treatment-uvlazhnyaushchiy-krem-dlya-zony-vokrug-glaz\/#primaryimage"},"image":{"@id":"https:\/\/christinakosmeetika.ee\/product\/christina-comodex-moist-and-illuminate-eye-treatment-uvlazhnyaushchiy-krem-dlya-zony-vokrug-glaz\/#primaryimage"},"thumbnailUrl":"https:\/\/christinakosmeetika.ee\/wp-content\/uploads\/2021\/05\/Moist-and-Illuminate-Eye-Treatment450.jpg","datePublished":"2021-05-02T06:28:24+00:00","dateModified":"2026-04-15T18:21:16+00:00","description":"Pinguldab silma\u00fcmbruse nahka, v\u00e4hendab kortsude v\u00e4ljendatust, aitab v\u00f5idelda tumedate silmaaluste ringidega, niisutab nahka ja v\u00e4hendab turseid.","breadcrumb":{"@id":"https:\/\/christinakosmeetika.ee\/product\/christina-comodex-moist-and-illuminate-eye-treatment-uvlazhnyaushchiy-krem-dlya-zony-vokrug-glaz\/#breadcrumb"},"inLanguage":"et","potentialAction":[{"@type":"ReadAction","target":["https:\/\/christinakosmeetika.ee\/product\/christina-comodex-moist-and-illuminate-eye-treatment-uvlazhnyaushchiy-krem-dlya-zony-vokrug-glaz\/"]}]},{"@type":"ImageObject","inLanguage":"et","@id":"https:\/\/christinakosmeetika.ee\/product\/christina-comodex-moist-and-illuminate-eye-treatment-uvlazhnyaushchiy-krem-dlya-zony-vokrug-glaz\/#primaryimage","url":"https:\/\/christinakosmeetika.ee\/wp-content\/uploads\/2021\/05\/Moist-and-Illuminate-Eye-Treatment450.jpg","contentUrl":"https:\/\/christinakosmeetika.ee\/wp-content\/uploads\/2021\/05\/Moist-and-Illuminate-Eye-Treatment450.jpg","width":450,"height":450},{"@type":"BreadcrumbList","@id":"https:\/\/christinakosmeetika.ee\/product\/christina-comodex-moist-and-illuminate-eye-treatment-uvlazhnyaushchiy-krem-dlya-zony-vokrug-glaz\/#breadcrumb","itemListElement":[{"@type":"ListItem","position":1,"name":"\u0413\u043b\u0430\u0432\u043d\u0430\u044f \u0441\u0442\u0440\u0430\u043d\u0438\u0446\u0430","item":"https:\/\/christinakosmeetika.ee\/et\/"},{"@type":"ListItem","position":2,"name":"Pood","item":"https:\/\/christinakosmeetika.ee\/et\/shop\/"},{"@type":"ListItem","position":3,"name":"Christina Comdex Moist and Illuminate Eye Treatment 30ml CHR640"}]},{"@type":"WebSite","@id":"https:\/\/christinakosmeetika.ee\/#website","url":"https:\/\/christinakosmeetika.ee\/","name":"Christinakosmeetika","description":"Christina kosmeetika Eestis","alternateName":"Christina kosmeetika Eestis","potentialAction":[{"@type":"SearchAction","target":{"@type":"EntryPoint","urlTemplate":"https:\/\/christinakosmeetika.ee\/?s={search_term_string}"},"query-input":{"@type":"PropertyValueSpecification","valueRequired":true,"valueName":"search_term_string"}}],"inLanguage":"et"}]}},"_links":{"self":[{"href":"https:\/\/christinakosmeetika.ee\/et\/wp-json\/wp\/v2\/product\/2155","targetHints":{"allow":["GET"]}}],"collection":[{"href":"https:\/\/christinakosmeetika.ee\/et\/wp-json\/wp\/v2\/product"}],"about":[{"href":"https:\/\/christinakosmeetika.ee\/et\/wp-json\/wp\/v2\/types\/product"}],"wp:featuredmedia":[{"embeddable":true,"href":"https:\/\/christinakosmeetika.ee\/et\/wp-json\/wp\/v2\/media\/1455"}],"wp:attachment":[{"href":"https:\/\/christinakosmeetika.ee\/et\/wp-json\/wp\/v2\/media?parent=2155"}],"wp:term":[{"taxonomy":"product_brand","embeddable":true,"href":"https:\/\/christinakosmeetika.ee\/et\/wp-json\/wp\/v2\/product_brand?post=2155"},{"taxonomy":"product_cat","embeddable":true,"href":"https:\/\/christinakosmeetika.ee\/et\/wp-json\/wp\/v2\/product_cat?post=2155"},{"taxonomy":"product_tag","embeddable":true,"href":"https:\/\/christinakosmeetika.ee\/et\/wp-json\/wp\/v2\/product_tag?post=2155"}],"curies":[{"name":"wp","href":"https:\/\/api.w.org\/{rel}","templated":true}]}}