{"id":2154,"date":"2021-05-02T06:39:57","date_gmt":"2021-05-02T06:39:57","guid":{"rendered":"http:\/\/christinakosmeetika.ee\/product\/christina-comodex-mattifyprotect-cream-spf-15\/"},"modified":"2026-04-16T23:48:03","modified_gmt":"2026-04-16T20:48:03","slug":"christina-comodex-mattifyprotect-cream-spf-15","status":"publish","type":"product","link":"https:\/\/christinakosmeetika.ee\/et\/toode\/christina-comodex-mattifyprotect-cream-spf-15\/","title":{"rendered":"CHRISTINA COMODEX Mattify Protect Cream SPF 15 75ml CHR634"},"content":{"rendered":"<section class=\"av_textblock_section \">\n<div class=\"avia_textblock \">\n<section class=\"av_textblock_section \">\n<div class=\"avia_textblock \">\n<p>Kreem pakub terviklikku lahendust naha niisutamiseks, matistamiseks ja kaitsmiseks. COMODEX Mattify Protect Cream pehmendab, toidab ja niisutab nahka. Rikastab seda vitamiinidega ja kaitseb ebasoodsate v\u00e4liste tegurite eest. Neutraliseerib liigse rasususe, optimeerib mikrofloora, inaktiveerib patogeensed bakterid, leevendab p\u00f5letikku ja rahustab \u00e4rritusi.<\/p>\n<p>Kreem \u00fchendab endas erinevate nahaprobleemide lahendamiseks m\u00f5eldud koostisained. See sisaldab biomimeetilist peptiidi, mis j\u00e4lgib naha noorust, soodustades selle uuendamist ja taastumist. Samuti sisaldab see pantenooli, mis kiiresti leevendab \u00e4rritust ja rahustab nahka. Lisaks p\u00e4ikesekaitsefiltritele tagatakse naha kaitse ultraviolettkiirte eest.<\/p>\n<p>Mattify Protect Creami soovitatakse kasutada koos seerumiga Comodex Hydrate Restore Serum, mis tagab naha topelt niisutamise. Kreemi matistav toime kestab terve p\u00e4eva, aidates kontrollida liigset s\u00e4ra ja s\u00e4ilitada matt v\u00e4limus.<\/p>\n<p>Sellel on meeldiv l\u00f5hn ja kerge tekstuur, mis muudab selle kergesti pealekandmiseks. See imendub kiiresti nahka, j\u00e4ttes tunde mugavusest ja rasvavabast.<\/p>\n<\/div>\n<\/section>\n<section class=\"av_textblock_section \">\n<div class=\"avia_textblock \">\n<p><strong>Kasutamine:<\/strong><\/p>\n<p>Kanda v\u00e4ikest kogust kreemi puhastatud n\u00e4ole igal hommikul, masseerida t\u00e4ielikku imendumiseni.<\/p>\n<\/div>\n<\/section>\n<section class=\"av_textblock_section \">\n<div class=\"avia_textblock \">\n<p><strong>Koostis:<\/strong><\/p>\n<p>Deionized water (Aqua), Glycerin, Ethylhexyl Methoxycinnamate, Cetyl Alcohol, Butyl Methoxydibenzoylmethane, Cetyl Palmitate, Citric Acid&amp;, Deionized water (Aqua)&amp;, Saccharide Isomerate&amp;, Sodium Citrate, Bis-Ethylhexyloxyphenol Methoxyphenyl Triazine, Aluminum Starch Octenylsuccinate&amp;, Deionized water (Aqua), Allantoin&amp;, Biotin&amp;, Butylene Glycol&amp;, Deionized water (Aqua)&amp;, Fomes Officinais (Mushroom) Extract&amp;, Hydrolyzed Yeast Protein&amp;, Niacinamide&amp;, Panthenol&amp;, Pyridoxine&amp;, Threonine, Deionized water (Aqua)&amp;, Isohexadecane&amp;, Polysorbate 80&amp;, Sodium Acrylate\/Sodium Acryloyldimethyl Taurate Copolymer&amp;, Sorbitan Oleate, Ethylhexylglycerin&amp;, Phenoxyethanol, Dimethicone, Butylene Glycol&amp;, Dextran&amp;, Tripeptide-1&amp;, Deionized water (Aqua), Polysorbate 80, Carbomer, Chlorphenesin, Butylene Glycol&amp;, Polysorbate 20&amp;, Micrococcus Lysate, Sorbitan Tristearate, Tocopheryl Acetate, Triethanolamine, Fragrance, Benzyl Alcohol, Benzyl Benzoate, Benzyl Salicylate, Butylphenyl Methylpropional<\/p>\n<p><img loading=\"lazy\" decoding=\"async\" class=\"alignnone size-medium wp-image-13121\" src=\"https:\/\/christinakosmeetika.ee\/wp-content\/uploads\/2021\/05\/mattify-200x300.webp\" alt=\"\" width=\"200\" height=\"300\" srcset=\"https:\/\/christinakosmeetika.ee\/wp-content\/uploads\/2021\/05\/mattify-200x300.webp 200w, https:\/\/christinakosmeetika.ee\/wp-content\/uploads\/2021\/05\/mattify-687x1030.webp 687w, https:\/\/christinakosmeetika.ee\/wp-content\/uploads\/2021\/05\/mattify-768x1152.webp 768w, https:\/\/christinakosmeetika.ee\/wp-content\/uploads\/2021\/05\/mattify-1000x1500.webp 1000w, https:\/\/christinakosmeetika.ee\/wp-content\/uploads\/2021\/05\/mattify-470x705.webp 470w, https:\/\/christinakosmeetika.ee\/wp-content\/uploads\/2021\/05\/mattify-450x675.webp 450w, https:\/\/christinakosmeetika.ee\/wp-content\/uploads\/2021\/05\/mattify-600x900.webp 600w, https:\/\/christinakosmeetika.ee\/wp-content\/uploads\/2021\/05\/mattify.webp 1024w\" sizes=\"auto, (max-width: 200px) 100vw, 200px\" \/><\/p>\n<h3 data-start=\"199\" data-end=\"241\"><a href=\"https:\/\/christinakosmeetika.ee\/et\/matistav-kreem-rasusele-nahale\/\"><strong data-start=\"199\" data-end=\"241\">Comodex Mattify &amp; Protect Cream SPF 15<\/strong><\/a><\/h3>\n<p data-start=\"243\" data-end=\"392\">Rasune l\u00e4ige, ebamugav tunne ja \u201eraske\u201c nahk tekivad sageli just p\u00e4eva jooksul. Paljud matistavad tooted kuivatavad nahka v\u00f5i ei p\u00fcsi piisavalt kaua.<\/p>\n<p data-start=\"394\" data-end=\"543\">Nahk vajab <strong data-start=\"405\" data-end=\"498\">p\u00e4evakreemi, mis aitab hoida mati v\u00e4limuse, toetab naha tasakaalu ja kaitseb p\u00e4ikese eest<\/strong>, ilma poore ummistamata ja nahka koormamata.<\/p>\n<p data-start=\"545\" data-end=\"614\">\ud83d\udc49 Just selleks on loodud <strong data-start=\"571\" data-end=\"613\">Comodex Mattify &amp; Protect Cream SPF 15<\/strong>.<\/p>\n<p data-start=\"616\" data-end=\"628\"><a href=\"https:\/\/christinakosmeetika.ee\/et\/matistav-kreem-rasusele-nahale\/\"><strong>loe edasi\u2026 \u203a<\/strong><\/a><\/p>\n<\/div>\n<\/section>\n<\/div>\n<\/section>\n","protected":false},"excerpt":{"rendered":"<h4>Matistav kaitsekreem SPF 15<\/h4>\n","protected":false},"featured_media":1456,"template":"","meta":[],"product_brand":[],"product_cat":[482,149],"product_tag":[],"class_list":{"0":"post-2154","1":"product","2":"type-product","3":"status-publish","4":"has-post-thumbnail","6":"product_cat-comodex-et","7":"product_cat-kreem","8":"product_shipping_class-smart-itella-post","9":"pa_krem-spf-spf-kreemid","10":"pa_linii-kosmetiki-comodex-et","11":"pa_reshenie-problem-akne","12":"pa_reshenie-problem-ebauhtlane-nahatekstuur","13":"pa_reshenie-problem-laienenud-poorid","14":"pa_reshenie-problem-oline-laige","15":"pa_tip-kozi-kombi-et","16":"pa_tip-kozi-rasvane-et","17":"pa_tip-preparata-kreem","18":"pa_vremja-primenenija-paevane","20":"first","21":"instock","22":"taxable","23":"shipping-taxable","24":"purchasable","25":"product-type-simple"},"yoast_head":"<!-- This site is optimized with the Yoast SEO plugin v27.5 - https:\/\/yoast.com\/product\/yoast-seo-wordpress\/ -->\n<title>CHRISTINA COMODEX Mattify Protect Cream SPF 15 75ml CHR634 - Christinakosmeetika<\/title>\n<meta name=\"description\" content=\"Mattify Protect Cream on \u043a\u043e\u043c\u043f\u043b\u0435\u043a\u0441ne lahendus naha niisutamiseks, matistamiseks ja kaitsmiseks. See sisaldab biomimeetilist peptiidi, mis aitab s\u00e4ilitada naha nooruslikkust.\" \/>\n<meta name=\"robots\" content=\"index, follow, max-snippet:-1, max-image-preview:large, max-video-preview:-1\" \/>\n<link rel=\"canonical\" href=\"https:\/\/christinakosmeetika.ee\/et\/toode\/christina-comodex-mattifyprotect-cream-spf-15\/\" \/>\n<meta property=\"og:locale\" content=\"et_EE\" \/>\n<meta property=\"og:type\" content=\"article\" \/>\n<meta property=\"og:title\" content=\"CHRISTINA COMODEX Mattify Protect Cream SPF 15 75ml CHR634 - Christinakosmeetika\" \/>\n<meta property=\"og:description\" content=\"Mattify Protect Cream on \u043a\u043e\u043c\u043f\u043b\u0435\u043a\u0441ne lahendus naha niisutamiseks, matistamiseks ja kaitsmiseks. See sisaldab biomimeetilist peptiidi, mis aitab s\u00e4ilitada naha nooruslikkust.\" \/>\n<meta property=\"og:url\" content=\"https:\/\/christinakosmeetika.ee\/et\/toode\/christina-comodex-mattifyprotect-cream-spf-15\/\" \/>\n<meta property=\"og:site_name\" content=\"Christinakosmeetika\" \/>\n<meta property=\"article:modified_time\" content=\"2026-04-16T20:48:03+00:00\" \/>\n<meta property=\"og:image\" content=\"https:\/\/christinakosmeetika.ee\/wp-content\/uploads\/2021\/05\/MattifyProtect-Cream-SPF-15-450.jpg\" \/>\n\t<meta property=\"og:image:width\" content=\"450\" \/>\n\t<meta property=\"og:image:height\" content=\"450\" \/>\n\t<meta property=\"og:image:type\" content=\"image\/jpeg\" \/>\n<meta name=\"twitter:card\" content=\"summary_large_image\" \/>\n<meta name=\"twitter:label1\" content=\"Est. reading time\" \/>\n\t<meta name=\"twitter:data1\" content=\"2 minutit\" \/>\n<script type=\"application\/ld+json\" class=\"yoast-schema-graph\">{\"@context\":\"https:\\\/\\\/schema.org\",\"@graph\":[{\"@type\":\"WebPage\",\"@id\":\"https:\\\/\\\/christinakosmeetika.ee\\\/et\\\/toode\\\/christina-comodex-mattifyprotect-cream-spf-15\\\/\",\"url\":\"https:\\\/\\\/christinakosmeetika.ee\\\/et\\\/toode\\\/christina-comodex-mattifyprotect-cream-spf-15\\\/\",\"name\":\"CHRISTINA COMODEX Mattify Protect Cream SPF 15 75ml CHR634 - Christinakosmeetika\",\"isPartOf\":{\"@id\":\"https:\\\/\\\/christinakosmeetika.ee\\\/#website\"},\"primaryImageOfPage\":{\"@id\":\"https:\\\/\\\/christinakosmeetika.ee\\\/et\\\/toode\\\/christina-comodex-mattifyprotect-cream-spf-15\\\/#primaryimage\"},\"image\":{\"@id\":\"https:\\\/\\\/christinakosmeetika.ee\\\/et\\\/toode\\\/christina-comodex-mattifyprotect-cream-spf-15\\\/#primaryimage\"},\"thumbnailUrl\":\"https:\\\/\\\/christinakosmeetika.ee\\\/wp-content\\\/uploads\\\/2021\\\/05\\\/MattifyProtect-Cream-SPF-15-450.jpg\",\"datePublished\":\"2021-05-02T06:39:57+00:00\",\"dateModified\":\"2026-04-16T20:48:03+00:00\",\"description\":\"Mattify Protect Cream on \u043a\u043e\u043c\u043f\u043b\u0435\u043a\u0441ne lahendus naha niisutamiseks, matistamiseks ja kaitsmiseks. See sisaldab biomimeetilist peptiidi, mis aitab s\u00e4ilitada naha nooruslikkust.\",\"breadcrumb\":{\"@id\":\"https:\\\/\\\/christinakosmeetika.ee\\\/et\\\/toode\\\/christina-comodex-mattifyprotect-cream-spf-15\\\/#breadcrumb\"},\"inLanguage\":\"et\",\"potentialAction\":[{\"@type\":\"ReadAction\",\"target\":[\"https:\\\/\\\/christinakosmeetika.ee\\\/et\\\/toode\\\/christina-comodex-mattifyprotect-cream-spf-15\\\/\"]}]},{\"@type\":\"ImageObject\",\"inLanguage\":\"et\",\"@id\":\"https:\\\/\\\/christinakosmeetika.ee\\\/et\\\/toode\\\/christina-comodex-mattifyprotect-cream-spf-15\\\/#primaryimage\",\"url\":\"https:\\\/\\\/christinakosmeetika.ee\\\/wp-content\\\/uploads\\\/2021\\\/05\\\/MattifyProtect-Cream-SPF-15-450.jpg\",\"contentUrl\":\"https:\\\/\\\/christinakosmeetika.ee\\\/wp-content\\\/uploads\\\/2021\\\/05\\\/MattifyProtect-Cream-SPF-15-450.jpg\",\"width\":450,\"height\":450},{\"@type\":\"BreadcrumbList\",\"@id\":\"https:\\\/\\\/christinakosmeetika.ee\\\/et\\\/toode\\\/christina-comodex-mattifyprotect-cream-spf-15\\\/#breadcrumb\",\"itemListElement\":[{\"@type\":\"ListItem\",\"position\":1,\"name\":\"\u0413\u043b\u0430\u0432\u043d\u0430\u044f \u0441\u0442\u0440\u0430\u043d\u0438\u0446\u0430\",\"item\":\"https:\\\/\\\/christinakosmeetika.ee\\\/et\\\/\"},{\"@type\":\"ListItem\",\"position\":2,\"name\":\"Pood\",\"item\":\"https:\\\/\\\/christinakosmeetika.ee\\\/et\\\/shop\\\/\"},{\"@type\":\"ListItem\",\"position\":3,\"name\":\"CHRISTINA COMODEX Mattify Protect Cream SPF 15 75ml CHR634\"}]},{\"@type\":\"WebSite\",\"@id\":\"https:\\\/\\\/christinakosmeetika.ee\\\/#website\",\"url\":\"https:\\\/\\\/christinakosmeetika.ee\\\/\",\"name\":\"Christinakosmeetika\",\"description\":\"Christina kosmeetika Eestis\",\"alternateName\":\"Christina kosmeetika Eestis\",\"potentialAction\":[{\"@type\":\"SearchAction\",\"target\":{\"@type\":\"EntryPoint\",\"urlTemplate\":\"https:\\\/\\\/christinakosmeetika.ee\\\/?s={search_term_string}\"},\"query-input\":{\"@type\":\"PropertyValueSpecification\",\"valueRequired\":true,\"valueName\":\"search_term_string\"}}],\"inLanguage\":\"et\"}]}<\/script>\n<!-- \/ Yoast SEO plugin. -->","yoast_head_json":{"title":"CHRISTINA COMODEX Mattify Protect Cream SPF 15 75ml CHR634 - Christinakosmeetika","description":"Mattify Protect Cream on \u043a\u043e\u043c\u043f\u043b\u0435\u043a\u0441ne lahendus naha niisutamiseks, matistamiseks ja kaitsmiseks. See sisaldab biomimeetilist peptiidi, mis aitab s\u00e4ilitada naha nooruslikkust.","robots":{"index":"index","follow":"follow","max-snippet":"max-snippet:-1","max-image-preview":"max-image-preview:large","max-video-preview":"max-video-preview:-1"},"canonical":"https:\/\/christinakosmeetika.ee\/et\/toode\/christina-comodex-mattifyprotect-cream-spf-15\/","og_locale":"et_EE","og_type":"article","og_title":"CHRISTINA COMODEX Mattify Protect Cream SPF 15 75ml CHR634 - Christinakosmeetika","og_description":"Mattify Protect Cream on \u043a\u043e\u043c\u043f\u043b\u0435\u043a\u0441ne lahendus naha niisutamiseks, matistamiseks ja kaitsmiseks. See sisaldab biomimeetilist peptiidi, mis aitab s\u00e4ilitada naha nooruslikkust.","og_url":"https:\/\/christinakosmeetika.ee\/et\/toode\/christina-comodex-mattifyprotect-cream-spf-15\/","og_site_name":"Christinakosmeetika","article_modified_time":"2026-04-16T20:48:03+00:00","og_image":[{"width":450,"height":450,"url":"https:\/\/christinakosmeetika.ee\/wp-content\/uploads\/2021\/05\/MattifyProtect-Cream-SPF-15-450.jpg","type":"image\/jpeg"}],"twitter_card":"summary_large_image","twitter_misc":{"Est. reading time":"2 minutit"},"schema":{"@context":"https:\/\/schema.org","@graph":[{"@type":"WebPage","@id":"https:\/\/christinakosmeetika.ee\/et\/toode\/christina-comodex-mattifyprotect-cream-spf-15\/","url":"https:\/\/christinakosmeetika.ee\/et\/toode\/christina-comodex-mattifyprotect-cream-spf-15\/","name":"CHRISTINA COMODEX Mattify Protect Cream SPF 15 75ml CHR634 - Christinakosmeetika","isPartOf":{"@id":"https:\/\/christinakosmeetika.ee\/#website"},"primaryImageOfPage":{"@id":"https:\/\/christinakosmeetika.ee\/et\/toode\/christina-comodex-mattifyprotect-cream-spf-15\/#primaryimage"},"image":{"@id":"https:\/\/christinakosmeetika.ee\/et\/toode\/christina-comodex-mattifyprotect-cream-spf-15\/#primaryimage"},"thumbnailUrl":"https:\/\/christinakosmeetika.ee\/wp-content\/uploads\/2021\/05\/MattifyProtect-Cream-SPF-15-450.jpg","datePublished":"2021-05-02T06:39:57+00:00","dateModified":"2026-04-16T20:48:03+00:00","description":"Mattify Protect Cream on \u043a\u043e\u043c\u043f\u043b\u0435\u043a\u0441ne lahendus naha niisutamiseks, matistamiseks ja kaitsmiseks. See sisaldab biomimeetilist peptiidi, mis aitab s\u00e4ilitada naha nooruslikkust.","breadcrumb":{"@id":"https:\/\/christinakosmeetika.ee\/et\/toode\/christina-comodex-mattifyprotect-cream-spf-15\/#breadcrumb"},"inLanguage":"et","potentialAction":[{"@type":"ReadAction","target":["https:\/\/christinakosmeetika.ee\/et\/toode\/christina-comodex-mattifyprotect-cream-spf-15\/"]}]},{"@type":"ImageObject","inLanguage":"et","@id":"https:\/\/christinakosmeetika.ee\/et\/toode\/christina-comodex-mattifyprotect-cream-spf-15\/#primaryimage","url":"https:\/\/christinakosmeetika.ee\/wp-content\/uploads\/2021\/05\/MattifyProtect-Cream-SPF-15-450.jpg","contentUrl":"https:\/\/christinakosmeetika.ee\/wp-content\/uploads\/2021\/05\/MattifyProtect-Cream-SPF-15-450.jpg","width":450,"height":450},{"@type":"BreadcrumbList","@id":"https:\/\/christinakosmeetika.ee\/et\/toode\/christina-comodex-mattifyprotect-cream-spf-15\/#breadcrumb","itemListElement":[{"@type":"ListItem","position":1,"name":"\u0413\u043b\u0430\u0432\u043d\u0430\u044f \u0441\u0442\u0440\u0430\u043d\u0438\u0446\u0430","item":"https:\/\/christinakosmeetika.ee\/et\/"},{"@type":"ListItem","position":2,"name":"Pood","item":"https:\/\/christinakosmeetika.ee\/et\/shop\/"},{"@type":"ListItem","position":3,"name":"CHRISTINA COMODEX Mattify Protect Cream SPF 15 75ml CHR634"}]},{"@type":"WebSite","@id":"https:\/\/christinakosmeetika.ee\/#website","url":"https:\/\/christinakosmeetika.ee\/","name":"Christinakosmeetika","description":"Christina kosmeetika Eestis","alternateName":"Christina kosmeetika Eestis","potentialAction":[{"@type":"SearchAction","target":{"@type":"EntryPoint","urlTemplate":"https:\/\/christinakosmeetika.ee\/?s={search_term_string}"},"query-input":{"@type":"PropertyValueSpecification","valueRequired":true,"valueName":"search_term_string"}}],"inLanguage":"et"}]}},"_links":{"self":[{"href":"https:\/\/christinakosmeetika.ee\/et\/wp-json\/wp\/v2\/product\/2154","targetHints":{"allow":["GET"]}}],"collection":[{"href":"https:\/\/christinakosmeetika.ee\/et\/wp-json\/wp\/v2\/product"}],"about":[{"href":"https:\/\/christinakosmeetika.ee\/et\/wp-json\/wp\/v2\/types\/product"}],"wp:featuredmedia":[{"embeddable":true,"href":"https:\/\/christinakosmeetika.ee\/et\/wp-json\/wp\/v2\/media\/1456"}],"wp:attachment":[{"href":"https:\/\/christinakosmeetika.ee\/et\/wp-json\/wp\/v2\/media?parent=2154"}],"wp:term":[{"taxonomy":"product_brand","embeddable":true,"href":"https:\/\/christinakosmeetika.ee\/et\/wp-json\/wp\/v2\/product_brand?post=2154"},{"taxonomy":"product_cat","embeddable":true,"href":"https:\/\/christinakosmeetika.ee\/et\/wp-json\/wp\/v2\/product_cat?post=2154"},{"taxonomy":"product_tag","embeddable":true,"href":"https:\/\/christinakosmeetika.ee\/et\/wp-json\/wp\/v2\/product_tag?post=2154"}],"curies":[{"name":"wp","href":"https:\/\/api.w.org\/{rel}","templated":true}]}}