{"id":2153,"date":"2021-05-02T06:49:57","date_gmt":"2021-05-02T06:49:57","guid":{"rendered":"http:\/\/christinakosmeetika.ee\/product\/christina-comodex-hydraterestore-serum\/"},"modified":"2026-04-15T21:11:33","modified_gmt":"2026-04-15T18:11:33","slug":"christina-comodex-hydraterestore-serum-et","status":"publish","type":"product","link":"https:\/\/christinakosmeetika.ee\/et\/toode\/christina-comodex-hydraterestore-serum-et\/","title":{"rendered":"Christina Comodex Hydrate Restore Serum 30ml CHR632"},"content":{"rendered":"<section class=\"av_textblock_section \">\n<div class=\"avia_textblock \">\n<section class=\"av_textblock_section \">\n<div class=\"avia_textblock \">\n<p>Hydrate Restore Serum &#8211; niisutav seerum, mis tugevdab ja rikastab nahka C-vitamiiniga. V\u00f5itleb koorimise ja \u00e4rrituse vastu, mis on p\u00f5hjustatud agressiivsetest v\u00e4listest teguritest v\u00f5i akne raviks kasutatavatest s\u00fcsteemsetest ravimitest, nagu retinoidid. Aitab taastada naha niiskustasakaalu ja soodustab paranemisprotsessi. Tagab kahekordse niisutamise koos kreemiga Comodex Mattify &amp; Protect Cream SPF 15. Seerum imendub kiiresti, j\u00e4tmata j\u00e4lgi.<\/p>\n<p>CHRISTINA COMODEX Hydrate Restore Serum sisaldab h\u00fcaluroonhapet, mis tagab pikaajalise ja intensiivse naha niisutamise. Kaitseb deh\u00fcdratsiooni ja enneaegsete kortsude teket, stimuleerib rakkude uuenemist. Paraneb haavad ja l\u00f5hed. Sobib koorimise ja laserkorrektsiooni j\u00e4rel taastumiseks.<\/p>\n<p><strong>Kasutusviis:<\/strong><\/p>\n<p>Kandke hommikul ja \u00f5htul 1 ml toodet kergelt niiskele puhastatud n\u00e4onahale. Masseerige kuni t\u00e4ieliku imendumiseni. Kandke peale vastav kreem.<\/p>\n<\/div>\n<\/section>\n<section class=\"av_textblock_section \">\n<div class=\"avia_textblock \">\n<p><strong>Koostis:<\/strong><\/p>\n<p>Deionized water (Aqua), 1,2-Hexanediol&amp;, Caprylyl Glycol&amp;, Deionized water (Aqua)&amp;, Sodium hyaluronate, Propanediol, PEG-20, Methyl Gluceth-20, Alanine&amp;, Caprylyl Glycol&amp;, Deionized water (Aqua)&amp;, Ethylhexylglycerin&amp;, Glycerin&amp;, Serine&amp;, Xanthan Gum&amp;, Pseudoalteromonas Ferment Extract&amp;, Sodium Hydroxide&amp;, Proline&amp;, Sodium Phosphate, Chamomilla Recutita (Matricaria) Flower&amp;, SD Alcohol 40, Alanine&amp;, Aspartic Acid&amp;, Deionized water (Aqua)&amp;, Dextrin&amp;, Fructose&amp;, Glucose&amp;, Glutamic Acid&amp;, Hexyl Nicotinate&amp;, Hexylene Glycol&amp;, Sucrose&amp;, Urea, Polysorbate 20, Butylene Glycol&amp;, Deionized water (Aqua)&amp;, Fomes Officinais (MUSHROOM) Extract, Ethylhexylglycerin&amp;, Phenoxyethanol, Cellulose&amp;, Deionized water (Aqua)&amp;, Hydroxyethylcellulose&amp;, Isopropyl Alcohol&amp;, Sodium acetate, PEG-12 Dimethicone, Ascorbic Acid, Chlorphenesin, Albizia Julibrissin Bark Extract&amp;, Glycerin&amp;, Sodium Benzoate, Triethanolamine, Deionized water (Aqua)&amp;, Glycerin&amp;, Phenoxyethanol&amp;, Lecithin&amp;, Hexanoyl Dipeptide-3 Norleucine Acetate<\/p>\n<p><img loading=\"lazy\" decoding=\"async\" class=\"alignnone size-medium wp-image-13084\" src=\"https:\/\/christinakosmeetika.ee\/wp-content\/uploads\/2026\/02\/hydrate-restore-serum-200x300.webp\" alt=\"\" width=\"200\" height=\"300\" srcset=\"https:\/\/christinakosmeetika.ee\/wp-content\/uploads\/2026\/02\/hydrate-restore-serum-200x300.webp 200w, https:\/\/christinakosmeetika.ee\/wp-content\/uploads\/2026\/02\/hydrate-restore-serum-687x1030.webp 687w, https:\/\/christinakosmeetika.ee\/wp-content\/uploads\/2026\/02\/hydrate-restore-serum-768x1152.webp 768w, https:\/\/christinakosmeetika.ee\/wp-content\/uploads\/2026\/02\/hydrate-restore-serum-1000x1500.webp 1000w, https:\/\/christinakosmeetika.ee\/wp-content\/uploads\/2026\/02\/hydrate-restore-serum-470x705.webp 470w, https:\/\/christinakosmeetika.ee\/wp-content\/uploads\/2026\/02\/hydrate-restore-serum-450x675.webp 450w, https:\/\/christinakosmeetika.ee\/wp-content\/uploads\/2026\/02\/hydrate-restore-serum-600x900.webp 600w, https:\/\/christinakosmeetika.ee\/wp-content\/uploads\/2026\/02\/hydrate-restore-serum.webp 1024w\" sizes=\"auto, (max-width: 200px) 100vw, 200px\" \/><\/p>\n<hr data-start=\"155\" data-end=\"158\" \/>\n<h3 data-start=\"160\" data-end=\"193\"><a href=\"https:\/\/christinakosmeetika.ee\/et\/uvlazhnyayushchaya-syvorotka-dlya-lica\/\"><strong data-start=\"160\" data-end=\"193\">Comodex Hydrate Restore Serum<\/strong><\/a><\/h3>\n<p data-start=\"195\" data-end=\"351\">On hetki, kui nahk tundub kuiv, kiskuv ja kaotab oma mugavustunde. Tavaline kreem ei anna alati piisavat niisutust, eriti kui nahk vajab kergemat tekstuuri.<\/p>\n<p data-start=\"353\" data-end=\"488\">Sel juhul on abiks <strong data-start=\"372\" data-end=\"391\">niisutav seerum<\/strong>, mis imendub kiiresti, aitab taastada naha niiskustasakaalu ja j\u00e4tab naha pehmeks ning mugavaks.<\/p>\n<p data-start=\"490\" data-end=\"550\">\ud83d\udc49 Just selleks on loodud <strong data-start=\"516\" data-end=\"549\">Comodex Hydrate Restore Serum<\/strong>.<\/p>\n<p data-start=\"552\" data-end=\"564\"><a href=\"https:\/\/christinakosmeetika.ee\/et\/uvlazhnyayushchaya-syvorotka-dlya-lica\/\"><strong>loe edasi\u2026 \u203a<\/strong><\/a><\/p>\n<\/div>\n<\/section>\n<\/div>\n<\/section>\n","protected":false},"excerpt":{"rendered":"<h4>Niisutav ja taastav seerum n\u00e4ole<\/h4>\n","protected":false},"featured_media":1457,"template":"","meta":[],"product_brand":[],"product_cat":[482,182],"product_tag":[],"class_list":{"0":"post-2153","1":"product","2":"type-product","3":"status-publish","4":"has-post-thumbnail","6":"product_cat-comodex-et","7":"product_cat-seerum","8":"product_shipping_class-smart-itella-post","9":"pa_linii-kosmetiki-comodex-et","10":"pa_reshenie-problem-akne","11":"pa_reshenie-problem-ebauhtlane-nahatekstuur","12":"pa_reshenie-problem-laienenud-poorid","13":"pa_reshenie-problem-oline-laige","14":"pa_tip-kozi-kombi-et","15":"pa_tip-kozi-rasvane-et","16":"pa_tip-preparata-seerum","17":"pa_vremja-primenenija-paev-oo","19":"first","20":"instock","21":"taxable","22":"shipping-taxable","23":"purchasable","24":"product-type-simple"},"yoast_head":"<!-- This site is optimized with the Yoast SEO plugin v27.5 - https:\/\/yoast.com\/product\/yoast-seo-wordpress\/ -->\n<title>Christina Comodex Hydrate Restore Serum 30ml CHR632 - Christinakosmeetika<\/title>\n<meta name=\"description\" content=\"Hydrate Restore Serum on niisutav seerum, mis tugevdab nahka, rahustab \u00e4rritusi, aitab v\u00e4hendada ketendust ning rikastab nahka C-vitamiiniga.\" \/>\n<meta name=\"robots\" content=\"index, follow, max-snippet:-1, max-image-preview:large, max-video-preview:-1\" \/>\n<link rel=\"canonical\" href=\"https:\/\/christinakosmeetika.ee\/et\/toode\/christina-comodex-hydraterestore-serum-et\/\" \/>\n<meta property=\"og:locale\" content=\"et_EE\" \/>\n<meta property=\"og:type\" content=\"article\" \/>\n<meta property=\"og:title\" content=\"Christina Comodex Hydrate Restore Serum 30ml CHR632 - Christinakosmeetika\" \/>\n<meta property=\"og:description\" content=\"Hydrate Restore Serum on niisutav seerum, mis tugevdab nahka, rahustab \u00e4rritusi, aitab v\u00e4hendada ketendust ning rikastab nahka C-vitamiiniga.\" \/>\n<meta property=\"og:url\" content=\"https:\/\/christinakosmeetika.ee\/et\/toode\/christina-comodex-hydraterestore-serum-et\/\" \/>\n<meta property=\"og:site_name\" content=\"Christinakosmeetika\" \/>\n<meta property=\"article:modified_time\" content=\"2026-04-15T18:11:33+00:00\" \/>\n<meta property=\"og:image\" content=\"https:\/\/christinakosmeetika.ee\/wp-content\/uploads\/2021\/05\/HydrateRestore-Serum450.jpg\" \/>\n\t<meta property=\"og:image:width\" content=\"450\" \/>\n\t<meta property=\"og:image:height\" content=\"450\" \/>\n\t<meta property=\"og:image:type\" content=\"image\/jpeg\" \/>\n<meta name=\"twitter:card\" content=\"summary_large_image\" \/>\n<meta name=\"twitter:label1\" content=\"Est. reading time\" \/>\n\t<meta name=\"twitter:data1\" content=\"2 minutit\" \/>\n<script type=\"application\/ld+json\" class=\"yoast-schema-graph\">{\"@context\":\"https:\\\/\\\/schema.org\",\"@graph\":[{\"@type\":\"WebPage\",\"@id\":\"https:\\\/\\\/christinakosmeetika.ee\\\/et\\\/toode\\\/christina-comodex-hydraterestore-serum-et\\\/\",\"url\":\"https:\\\/\\\/christinakosmeetika.ee\\\/et\\\/toode\\\/christina-comodex-hydraterestore-serum-et\\\/\",\"name\":\"Christina Comodex Hydrate Restore Serum 30ml CHR632 - Christinakosmeetika\",\"isPartOf\":{\"@id\":\"https:\\\/\\\/christinakosmeetika.ee\\\/#website\"},\"primaryImageOfPage\":{\"@id\":\"https:\\\/\\\/christinakosmeetika.ee\\\/et\\\/toode\\\/christina-comodex-hydraterestore-serum-et\\\/#primaryimage\"},\"image\":{\"@id\":\"https:\\\/\\\/christinakosmeetika.ee\\\/et\\\/toode\\\/christina-comodex-hydraterestore-serum-et\\\/#primaryimage\"},\"thumbnailUrl\":\"https:\\\/\\\/christinakosmeetika.ee\\\/wp-content\\\/uploads\\\/2021\\\/05\\\/HydrateRestore-Serum450.jpg\",\"datePublished\":\"2021-05-02T06:49:57+00:00\",\"dateModified\":\"2026-04-15T18:11:33+00:00\",\"description\":\"Hydrate Restore Serum on niisutav seerum, mis tugevdab nahka, rahustab \u00e4rritusi, aitab v\u00e4hendada ketendust ning rikastab nahka C-vitamiiniga.\",\"breadcrumb\":{\"@id\":\"https:\\\/\\\/christinakosmeetika.ee\\\/et\\\/toode\\\/christina-comodex-hydraterestore-serum-et\\\/#breadcrumb\"},\"inLanguage\":\"et\",\"potentialAction\":[{\"@type\":\"ReadAction\",\"target\":[\"https:\\\/\\\/christinakosmeetika.ee\\\/et\\\/toode\\\/christina-comodex-hydraterestore-serum-et\\\/\"]}]},{\"@type\":\"ImageObject\",\"inLanguage\":\"et\",\"@id\":\"https:\\\/\\\/christinakosmeetika.ee\\\/et\\\/toode\\\/christina-comodex-hydraterestore-serum-et\\\/#primaryimage\",\"url\":\"https:\\\/\\\/christinakosmeetika.ee\\\/wp-content\\\/uploads\\\/2021\\\/05\\\/HydrateRestore-Serum450.jpg\",\"contentUrl\":\"https:\\\/\\\/christinakosmeetika.ee\\\/wp-content\\\/uploads\\\/2021\\\/05\\\/HydrateRestore-Serum450.jpg\",\"width\":450,\"height\":450},{\"@type\":\"BreadcrumbList\",\"@id\":\"https:\\\/\\\/christinakosmeetika.ee\\\/et\\\/toode\\\/christina-comodex-hydraterestore-serum-et\\\/#breadcrumb\",\"itemListElement\":[{\"@type\":\"ListItem\",\"position\":1,\"name\":\"\u0413\u043b\u0430\u0432\u043d\u0430\u044f \u0441\u0442\u0440\u0430\u043d\u0438\u0446\u0430\",\"item\":\"https:\\\/\\\/christinakosmeetika.ee\\\/et\\\/\"},{\"@type\":\"ListItem\",\"position\":2,\"name\":\"Pood\",\"item\":\"https:\\\/\\\/christinakosmeetika.ee\\\/et\\\/shop\\\/\"},{\"@type\":\"ListItem\",\"position\":3,\"name\":\"Christina Comodex Hydrate Restore Serum 30ml CHR632\"}]},{\"@type\":\"WebSite\",\"@id\":\"https:\\\/\\\/christinakosmeetika.ee\\\/#website\",\"url\":\"https:\\\/\\\/christinakosmeetika.ee\\\/\",\"name\":\"Christinakosmeetika\",\"description\":\"Christina kosmeetika Eestis\",\"alternateName\":\"Christina kosmeetika Eestis\",\"potentialAction\":[{\"@type\":\"SearchAction\",\"target\":{\"@type\":\"EntryPoint\",\"urlTemplate\":\"https:\\\/\\\/christinakosmeetika.ee\\\/?s={search_term_string}\"},\"query-input\":{\"@type\":\"PropertyValueSpecification\",\"valueRequired\":true,\"valueName\":\"search_term_string\"}}],\"inLanguage\":\"et\"}]}<\/script>\n<!-- \/ Yoast SEO plugin. -->","yoast_head_json":{"title":"Christina Comodex Hydrate Restore Serum 30ml CHR632 - Christinakosmeetika","description":"Hydrate Restore Serum on niisutav seerum, mis tugevdab nahka, rahustab \u00e4rritusi, aitab v\u00e4hendada ketendust ning rikastab nahka C-vitamiiniga.","robots":{"index":"index","follow":"follow","max-snippet":"max-snippet:-1","max-image-preview":"max-image-preview:large","max-video-preview":"max-video-preview:-1"},"canonical":"https:\/\/christinakosmeetika.ee\/et\/toode\/christina-comodex-hydraterestore-serum-et\/","og_locale":"et_EE","og_type":"article","og_title":"Christina Comodex Hydrate Restore Serum 30ml CHR632 - Christinakosmeetika","og_description":"Hydrate Restore Serum on niisutav seerum, mis tugevdab nahka, rahustab \u00e4rritusi, aitab v\u00e4hendada ketendust ning rikastab nahka C-vitamiiniga.","og_url":"https:\/\/christinakosmeetika.ee\/et\/toode\/christina-comodex-hydraterestore-serum-et\/","og_site_name":"Christinakosmeetika","article_modified_time":"2026-04-15T18:11:33+00:00","og_image":[{"width":450,"height":450,"url":"https:\/\/christinakosmeetika.ee\/wp-content\/uploads\/2021\/05\/HydrateRestore-Serum450.jpg","type":"image\/jpeg"}],"twitter_card":"summary_large_image","twitter_misc":{"Est. reading time":"2 minutit"},"schema":{"@context":"https:\/\/schema.org","@graph":[{"@type":"WebPage","@id":"https:\/\/christinakosmeetika.ee\/et\/toode\/christina-comodex-hydraterestore-serum-et\/","url":"https:\/\/christinakosmeetika.ee\/et\/toode\/christina-comodex-hydraterestore-serum-et\/","name":"Christina Comodex Hydrate Restore Serum 30ml CHR632 - Christinakosmeetika","isPartOf":{"@id":"https:\/\/christinakosmeetika.ee\/#website"},"primaryImageOfPage":{"@id":"https:\/\/christinakosmeetika.ee\/et\/toode\/christina-comodex-hydraterestore-serum-et\/#primaryimage"},"image":{"@id":"https:\/\/christinakosmeetika.ee\/et\/toode\/christina-comodex-hydraterestore-serum-et\/#primaryimage"},"thumbnailUrl":"https:\/\/christinakosmeetika.ee\/wp-content\/uploads\/2021\/05\/HydrateRestore-Serum450.jpg","datePublished":"2021-05-02T06:49:57+00:00","dateModified":"2026-04-15T18:11:33+00:00","description":"Hydrate Restore Serum on niisutav seerum, mis tugevdab nahka, rahustab \u00e4rritusi, aitab v\u00e4hendada ketendust ning rikastab nahka C-vitamiiniga.","breadcrumb":{"@id":"https:\/\/christinakosmeetika.ee\/et\/toode\/christina-comodex-hydraterestore-serum-et\/#breadcrumb"},"inLanguage":"et","potentialAction":[{"@type":"ReadAction","target":["https:\/\/christinakosmeetika.ee\/et\/toode\/christina-comodex-hydraterestore-serum-et\/"]}]},{"@type":"ImageObject","inLanguage":"et","@id":"https:\/\/christinakosmeetika.ee\/et\/toode\/christina-comodex-hydraterestore-serum-et\/#primaryimage","url":"https:\/\/christinakosmeetika.ee\/wp-content\/uploads\/2021\/05\/HydrateRestore-Serum450.jpg","contentUrl":"https:\/\/christinakosmeetika.ee\/wp-content\/uploads\/2021\/05\/HydrateRestore-Serum450.jpg","width":450,"height":450},{"@type":"BreadcrumbList","@id":"https:\/\/christinakosmeetika.ee\/et\/toode\/christina-comodex-hydraterestore-serum-et\/#breadcrumb","itemListElement":[{"@type":"ListItem","position":1,"name":"\u0413\u043b\u0430\u0432\u043d\u0430\u044f \u0441\u0442\u0440\u0430\u043d\u0438\u0446\u0430","item":"https:\/\/christinakosmeetika.ee\/et\/"},{"@type":"ListItem","position":2,"name":"Pood","item":"https:\/\/christinakosmeetika.ee\/et\/shop\/"},{"@type":"ListItem","position":3,"name":"Christina Comodex Hydrate Restore Serum 30ml CHR632"}]},{"@type":"WebSite","@id":"https:\/\/christinakosmeetika.ee\/#website","url":"https:\/\/christinakosmeetika.ee\/","name":"Christinakosmeetika","description":"Christina kosmeetika Eestis","alternateName":"Christina kosmeetika Eestis","potentialAction":[{"@type":"SearchAction","target":{"@type":"EntryPoint","urlTemplate":"https:\/\/christinakosmeetika.ee\/?s={search_term_string}"},"query-input":{"@type":"PropertyValueSpecification","valueRequired":true,"valueName":"search_term_string"}}],"inLanguage":"et"}]}},"_links":{"self":[{"href":"https:\/\/christinakosmeetika.ee\/et\/wp-json\/wp\/v2\/product\/2153","targetHints":{"allow":["GET"]}}],"collection":[{"href":"https:\/\/christinakosmeetika.ee\/et\/wp-json\/wp\/v2\/product"}],"about":[{"href":"https:\/\/christinakosmeetika.ee\/et\/wp-json\/wp\/v2\/types\/product"}],"wp:featuredmedia":[{"embeddable":true,"href":"https:\/\/christinakosmeetika.ee\/et\/wp-json\/wp\/v2\/media\/1457"}],"wp:attachment":[{"href":"https:\/\/christinakosmeetika.ee\/et\/wp-json\/wp\/v2\/media?parent=2153"}],"wp:term":[{"taxonomy":"product_brand","embeddable":true,"href":"https:\/\/christinakosmeetika.ee\/et\/wp-json\/wp\/v2\/product_brand?post=2153"},{"taxonomy":"product_cat","embeddable":true,"href":"https:\/\/christinakosmeetika.ee\/et\/wp-json\/wp\/v2\/product_cat?post=2153"},{"taxonomy":"product_tag","embeddable":true,"href":"https:\/\/christinakosmeetika.ee\/et\/wp-json\/wp\/v2\/product_tag?post=2153"}],"curies":[{"name":"wp","href":"https:\/\/api.w.org\/{rel}","templated":true}]}}