{"id":2152,"date":"2021-05-02T07:03:10","date_gmt":"2021-05-02T07:03:10","guid":{"rendered":"http:\/\/christinakosmeetika.ee\/product\/christina-comodex-covershield-cream-spf-20\/"},"modified":"2026-04-15T20:58:59","modified_gmt":"2026-04-15T17:58:59","slug":"christina-comodex-cover-shield-cream-spf-20-et","status":"publish","type":"product","link":"https:\/\/christinakosmeetika.ee\/et\/toode\/christina-comodex-cover-shield-cream-spf-20-et\/","title":{"rendered":"Comodex Cover Shield Cream SPF-20 30ml CHR635"},"content":{"rendered":"<section class=\"av_textblock_section \">\n<div class=\"avia_textblock \">\n<section class=\"av_textblock_section \">\n<div class=\"avia_textblock \">\n<p>Comodex Cover Shield Cream &#8211; mitmek\u00fclgne tooniv kreem, mis kohandub kergesti igat t\u00fc\u00fcpi nahaga. Tagab usaldusv\u00e4\u00e4rse katvuse ebat\u00e4iususte, pigmendimuutuste, vistrike ja aknej\u00e4rgsete m\u00e4rkide vastu, peites need t\u00f5husalt. See kreem parandab n\u00e4onaha tooni, aidates saavutada \u00fchtlasema ja \u00fchtlasema nahatooni. Lisaks pakub see SPF-20 valemiga kaitset kahjulike ultraviolettkiirte eest. Erinevalt paljudest teistest meigitoodetest ei ummista see poore, v\u00f5imaldades nahal vabalt hingata.<\/p>\n<p>See kreem on rikastatud antioks\u00fcdantide, mineraalide ja p\u00f5letikuvastaste koostisosadega. See v\u00e4hendab t\u00f5husalt p\u00f5letikku, punetust ja \u00e4rritust, rahustades kiiresti nahka. Lisaks sisalduv C-vitamiiniga seerum suurendab naha elastsust, v\u00e4hendab ja ennetab tumedate laikude teket, tugevdab kapillaare ja suurendab naha kohalikku immuunsust.<\/p>\n<p><strong>Kasutusjuhend:<\/strong><\/p>\n<p>Kandke \u00f5hukese kihina puhtale n\u00e4onahale, jaotades selle aluskatte saamiseks ja masseerides t\u00e4ieliku imendumiseni. See v\u00f5ib tekitada kerge kipitustunde. Kandke seej\u00e4rel kerge patsutava liigutusega kohapealselt nahavigadele nende varjamiseks, peale aluskreemi vastavalt p\u00e4evaajale.<\/p>\n<\/div>\n<\/section>\n<section class=\"av_textblock_section \">\n<div class=\"avia_textblock \">\n<p><strong>Koostis:<\/strong><\/p>\n<p>Caprylic\/Capric Triglyceride, Ethylhexyl Palmitate, Cyclopentasiloxane, CI 77891, Aluminum Starch Octenylsuccinate&amp;, Deionized water (Aqua), Dibutyl Lauroyl Glutamide, Zinc Oxide, Talc, Cetyl Alcohol, Cera Microcristallina&amp;, Synthetic Wax, Mica, Silica, Butyrospermum Parkii (Shea) Butter, CI 77492&amp;, CI 77491&amp;, CI 77499, Calendula Officinalis Flower Extract&amp;, Helianthus Annuus (Sunflower) Seed Oil, Alaria Esculenta Extract&amp;, Caprylic\/Capric Triglyceride, Tocopheryl Acetate, Ethylhexylglycerin&amp;, Phenoxyethanol, Rosa Canina Fruit Oil, CI 77492, CI 77491, Caprylyl Glycol, BHT, Simmondsia Chinensis (Jojoba) Seed Extract, Ascorbyl Isostearate&amp;, Glycine Soja (Soybean) Oil&amp;, Retinyl Palmitate&amp;, Tocopheryl Acetate, CI 77499, Bisabolol<\/p>\n<p><img loading=\"lazy\" decoding=\"async\" class=\"alignnone size-medium wp-image-13038\" src=\"https:\/\/christinakosmeetika.ee\/wp-content\/uploads\/2021\/05\/cover-1-200x300.webp\" alt=\"\" width=\"200\" height=\"300\" \/><\/p>\n<h3 data-start=\"122\" data-end=\"159\"><strong data-start=\"122\" data-end=\"159\">Comodex Cover Shield Cream SPF 20<\/strong><\/h3>\n<p data-start=\"161\" data-end=\"354\">On p\u00e4evi, mil nahk vajab \u00fchtlast ja hoolitsetud v\u00e4limust, kuid samal ajal on see tundlik, punetav v\u00f5i vistrikele kalduv. Tavaline jumestuskreem v\u00f5ib sellistes olukordades nahka hoopis koormata.<\/p>\n<p data-start=\"356\" data-end=\"487\">Nahk vajab kreemi, mis <strong data-start=\"379\" data-end=\"440\">katab eba\u00fchtlused, rahustab nahka ja kaitseb p\u00e4ikese eest<\/strong>, ilma poore ummistamata ja raskust tekitamata.<\/p>\n<p data-start=\"489\" data-end=\"553\">\ud83d\udc49 Just selleks on loodud <strong data-start=\"515\" data-end=\"552\">Comodex Cover Shield Cream SPF 20<\/strong>.<\/p>\n<p data-start=\"555\" data-end=\"567\">loe edasi\u2026 \u203a<\/p>\n<\/div>\n<\/section>\n<\/div>\n<\/section>\n","protected":false},"excerpt":{"rendered":"<h4>Tooniv p\u00e4ikesekreem SPF 20<\/h4>\n","protected":false},"featured_media":1458,"template":"","meta":[],"product_brand":[],"product_cat":[149],"product_tag":[],"class_list":{"0":"post-2152","1":"product","2":"type-product","3":"status-publish","4":"has-post-thumbnail","6":"product_cat-kreem","7":"product_shipping_class-smart-itella-post","8":"pa_krem-spf-spf-kreemid","9":"pa_linii-kosmetiki-comodex-et","10":"pa_reshenie-problem-akne","11":"pa_reshenie-problem-ebauhtlane-nahatekstuur","12":"pa_reshenie-problem-laienenud-poorid","13":"pa_reshenie-problem-oline-laige","14":"pa_tip-kozi-koik-nahatuubid-et","15":"pa_tip-kozi-kombi-et","16":"pa_tip-kozi-kuiv-et","17":"pa_tip-kozi-normaalne-et","18":"pa_tip-kozi-rasvane-et","19":"pa_tip-preparata-kreem","20":"pa_vremja-primenenija-paevane","22":"first","23":"instock","24":"taxable","25":"shipping-taxable","26":"purchasable","27":"product-type-simple"},"yoast_head":"<!-- This site is optimized with the Yoast SEO plugin v27.5 - https:\/\/yoast.com\/product\/yoast-seo-wordpress\/ -->\n<title>Comodex Cover Shield Cream SPF-20 30ml CHR635 - Christinakosmeetika<\/title>\n<meta name=\"description\" content=\"Comodex Cover Shield Cream \u2013 universaalne jumestuskreem, mis tagab usaldusv\u00e4\u00e4rse katvuse naha ebatasasustele, pigmentatsiooniprobleemidele, vistrikele ja aknej\u00e4rgsetele j\u00e4lgedele.\" \/>\n<meta name=\"robots\" content=\"index, follow, max-snippet:-1, max-image-preview:large, max-video-preview:-1\" \/>\n<link rel=\"canonical\" href=\"https:\/\/christinakosmeetika.ee\/et\/toode\/christina-comodex-cover-shield-cream-spf-20-et\/\" \/>\n<meta property=\"og:locale\" content=\"et_EE\" \/>\n<meta property=\"og:type\" content=\"article\" \/>\n<meta property=\"og:title\" content=\"Comodex Cover Shield Cream SPF-20 30ml CHR635 - Christinakosmeetika\" \/>\n<meta property=\"og:description\" content=\"Comodex Cover Shield Cream \u2013 universaalne jumestuskreem, mis tagab usaldusv\u00e4\u00e4rse katvuse naha ebatasasustele, pigmentatsiooniprobleemidele, vistrikele ja aknej\u00e4rgsetele j\u00e4lgedele.\" \/>\n<meta property=\"og:url\" content=\"https:\/\/christinakosmeetika.ee\/et\/toode\/christina-comodex-cover-shield-cream-spf-20-et\/\" \/>\n<meta property=\"og:site_name\" content=\"Christinakosmeetika\" \/>\n<meta property=\"article:modified_time\" content=\"2026-04-15T17:58:59+00:00\" \/>\n<meta property=\"og:image\" content=\"https:\/\/christinakosmeetika.ee\/wp-content\/uploads\/2021\/05\/CoverShield-Cream-SPF-20450.jpg\" \/>\n\t<meta property=\"og:image:width\" content=\"450\" \/>\n\t<meta property=\"og:image:height\" content=\"450\" \/>\n\t<meta property=\"og:image:type\" content=\"image\/jpeg\" \/>\n<meta name=\"twitter:card\" content=\"summary_large_image\" \/>\n<meta name=\"twitter:label1\" content=\"Est. reading time\" \/>\n\t<meta name=\"twitter:data1\" content=\"2 minutit\" \/>\n<script type=\"application\/ld+json\" class=\"yoast-schema-graph\">{\"@context\":\"https:\\\/\\\/schema.org\",\"@graph\":[{\"@type\":\"WebPage\",\"@id\":\"https:\\\/\\\/christinakosmeetika.ee\\\/et\\\/toode\\\/christina-comodex-cover-shield-cream-spf-20-et\\\/\",\"url\":\"https:\\\/\\\/christinakosmeetika.ee\\\/et\\\/toode\\\/christina-comodex-cover-shield-cream-spf-20-et\\\/\",\"name\":\"Comodex Cover Shield Cream SPF-20 30ml CHR635 - Christinakosmeetika\",\"isPartOf\":{\"@id\":\"https:\\\/\\\/christinakosmeetika.ee\\\/#website\"},\"primaryImageOfPage\":{\"@id\":\"https:\\\/\\\/christinakosmeetika.ee\\\/et\\\/toode\\\/christina-comodex-cover-shield-cream-spf-20-et\\\/#primaryimage\"},\"image\":{\"@id\":\"https:\\\/\\\/christinakosmeetika.ee\\\/et\\\/toode\\\/christina-comodex-cover-shield-cream-spf-20-et\\\/#primaryimage\"},\"thumbnailUrl\":\"https:\\\/\\\/christinakosmeetika.ee\\\/wp-content\\\/uploads\\\/2021\\\/05\\\/CoverShield-Cream-SPF-20450.jpg\",\"datePublished\":\"2021-05-02T07:03:10+00:00\",\"dateModified\":\"2026-04-15T17:58:59+00:00\",\"description\":\"Comodex Cover Shield Cream \u2013 universaalne jumestuskreem, mis tagab usaldusv\u00e4\u00e4rse katvuse naha ebatasasustele, pigmentatsiooniprobleemidele, vistrikele ja aknej\u00e4rgsetele j\u00e4lgedele.\",\"breadcrumb\":{\"@id\":\"https:\\\/\\\/christinakosmeetika.ee\\\/et\\\/toode\\\/christina-comodex-cover-shield-cream-spf-20-et\\\/#breadcrumb\"},\"inLanguage\":\"et\",\"potentialAction\":[{\"@type\":\"ReadAction\",\"target\":[\"https:\\\/\\\/christinakosmeetika.ee\\\/et\\\/toode\\\/christina-comodex-cover-shield-cream-spf-20-et\\\/\"]}]},{\"@type\":\"ImageObject\",\"inLanguage\":\"et\",\"@id\":\"https:\\\/\\\/christinakosmeetika.ee\\\/et\\\/toode\\\/christina-comodex-cover-shield-cream-spf-20-et\\\/#primaryimage\",\"url\":\"https:\\\/\\\/christinakosmeetika.ee\\\/wp-content\\\/uploads\\\/2021\\\/05\\\/CoverShield-Cream-SPF-20450.jpg\",\"contentUrl\":\"https:\\\/\\\/christinakosmeetika.ee\\\/wp-content\\\/uploads\\\/2021\\\/05\\\/CoverShield-Cream-SPF-20450.jpg\",\"width\":450,\"height\":450},{\"@type\":\"BreadcrumbList\",\"@id\":\"https:\\\/\\\/christinakosmeetika.ee\\\/et\\\/toode\\\/christina-comodex-cover-shield-cream-spf-20-et\\\/#breadcrumb\",\"itemListElement\":[{\"@type\":\"ListItem\",\"position\":1,\"name\":\"\u0413\u043b\u0430\u0432\u043d\u0430\u044f \u0441\u0442\u0440\u0430\u043d\u0438\u0446\u0430\",\"item\":\"https:\\\/\\\/christinakosmeetika.ee\\\/et\\\/\"},{\"@type\":\"ListItem\",\"position\":2,\"name\":\"Pood\",\"item\":\"https:\\\/\\\/christinakosmeetika.ee\\\/et\\\/shop\\\/\"},{\"@type\":\"ListItem\",\"position\":3,\"name\":\"Comodex Cover Shield Cream SPF-20 30ml CHR635\"}]},{\"@type\":\"WebSite\",\"@id\":\"https:\\\/\\\/christinakosmeetika.ee\\\/#website\",\"url\":\"https:\\\/\\\/christinakosmeetika.ee\\\/\",\"name\":\"Christinakosmeetika\",\"description\":\"Christina kosmeetika Eestis\",\"alternateName\":\"Christina kosmeetika Eestis\",\"potentialAction\":[{\"@type\":\"SearchAction\",\"target\":{\"@type\":\"EntryPoint\",\"urlTemplate\":\"https:\\\/\\\/christinakosmeetika.ee\\\/?s={search_term_string}\"},\"query-input\":{\"@type\":\"PropertyValueSpecification\",\"valueRequired\":true,\"valueName\":\"search_term_string\"}}],\"inLanguage\":\"et\"}]}<\/script>\n<!-- \/ Yoast SEO plugin. -->","yoast_head_json":{"title":"Comodex Cover Shield Cream SPF-20 30ml CHR635 - Christinakosmeetika","description":"Comodex Cover Shield Cream \u2013 universaalne jumestuskreem, mis tagab usaldusv\u00e4\u00e4rse katvuse naha ebatasasustele, pigmentatsiooniprobleemidele, vistrikele ja aknej\u00e4rgsetele j\u00e4lgedele.","robots":{"index":"index","follow":"follow","max-snippet":"max-snippet:-1","max-image-preview":"max-image-preview:large","max-video-preview":"max-video-preview:-1"},"canonical":"https:\/\/christinakosmeetika.ee\/et\/toode\/christina-comodex-cover-shield-cream-spf-20-et\/","og_locale":"et_EE","og_type":"article","og_title":"Comodex Cover Shield Cream SPF-20 30ml CHR635 - Christinakosmeetika","og_description":"Comodex Cover Shield Cream \u2013 universaalne jumestuskreem, mis tagab usaldusv\u00e4\u00e4rse katvuse naha ebatasasustele, pigmentatsiooniprobleemidele, vistrikele ja aknej\u00e4rgsetele j\u00e4lgedele.","og_url":"https:\/\/christinakosmeetika.ee\/et\/toode\/christina-comodex-cover-shield-cream-spf-20-et\/","og_site_name":"Christinakosmeetika","article_modified_time":"2026-04-15T17:58:59+00:00","og_image":[{"width":450,"height":450,"url":"https:\/\/christinakosmeetika.ee\/wp-content\/uploads\/2021\/05\/CoverShield-Cream-SPF-20450.jpg","type":"image\/jpeg"}],"twitter_card":"summary_large_image","twitter_misc":{"Est. reading time":"2 minutit"},"schema":{"@context":"https:\/\/schema.org","@graph":[{"@type":"WebPage","@id":"https:\/\/christinakosmeetika.ee\/et\/toode\/christina-comodex-cover-shield-cream-spf-20-et\/","url":"https:\/\/christinakosmeetika.ee\/et\/toode\/christina-comodex-cover-shield-cream-spf-20-et\/","name":"Comodex Cover Shield Cream SPF-20 30ml CHR635 - Christinakosmeetika","isPartOf":{"@id":"https:\/\/christinakosmeetika.ee\/#website"},"primaryImageOfPage":{"@id":"https:\/\/christinakosmeetika.ee\/et\/toode\/christina-comodex-cover-shield-cream-spf-20-et\/#primaryimage"},"image":{"@id":"https:\/\/christinakosmeetika.ee\/et\/toode\/christina-comodex-cover-shield-cream-spf-20-et\/#primaryimage"},"thumbnailUrl":"https:\/\/christinakosmeetika.ee\/wp-content\/uploads\/2021\/05\/CoverShield-Cream-SPF-20450.jpg","datePublished":"2021-05-02T07:03:10+00:00","dateModified":"2026-04-15T17:58:59+00:00","description":"Comodex Cover Shield Cream \u2013 universaalne jumestuskreem, mis tagab usaldusv\u00e4\u00e4rse katvuse naha ebatasasustele, pigmentatsiooniprobleemidele, vistrikele ja aknej\u00e4rgsetele j\u00e4lgedele.","breadcrumb":{"@id":"https:\/\/christinakosmeetika.ee\/et\/toode\/christina-comodex-cover-shield-cream-spf-20-et\/#breadcrumb"},"inLanguage":"et","potentialAction":[{"@type":"ReadAction","target":["https:\/\/christinakosmeetika.ee\/et\/toode\/christina-comodex-cover-shield-cream-spf-20-et\/"]}]},{"@type":"ImageObject","inLanguage":"et","@id":"https:\/\/christinakosmeetika.ee\/et\/toode\/christina-comodex-cover-shield-cream-spf-20-et\/#primaryimage","url":"https:\/\/christinakosmeetika.ee\/wp-content\/uploads\/2021\/05\/CoverShield-Cream-SPF-20450.jpg","contentUrl":"https:\/\/christinakosmeetika.ee\/wp-content\/uploads\/2021\/05\/CoverShield-Cream-SPF-20450.jpg","width":450,"height":450},{"@type":"BreadcrumbList","@id":"https:\/\/christinakosmeetika.ee\/et\/toode\/christina-comodex-cover-shield-cream-spf-20-et\/#breadcrumb","itemListElement":[{"@type":"ListItem","position":1,"name":"\u0413\u043b\u0430\u0432\u043d\u0430\u044f \u0441\u0442\u0440\u0430\u043d\u0438\u0446\u0430","item":"https:\/\/christinakosmeetika.ee\/et\/"},{"@type":"ListItem","position":2,"name":"Pood","item":"https:\/\/christinakosmeetika.ee\/et\/shop\/"},{"@type":"ListItem","position":3,"name":"Comodex Cover Shield Cream SPF-20 30ml CHR635"}]},{"@type":"WebSite","@id":"https:\/\/christinakosmeetika.ee\/#website","url":"https:\/\/christinakosmeetika.ee\/","name":"Christinakosmeetika","description":"Christina kosmeetika Eestis","alternateName":"Christina kosmeetika Eestis","potentialAction":[{"@type":"SearchAction","target":{"@type":"EntryPoint","urlTemplate":"https:\/\/christinakosmeetika.ee\/?s={search_term_string}"},"query-input":{"@type":"PropertyValueSpecification","valueRequired":true,"valueName":"search_term_string"}}],"inLanguage":"et"}]}},"_links":{"self":[{"href":"https:\/\/christinakosmeetika.ee\/et\/wp-json\/wp\/v2\/product\/2152","targetHints":{"allow":["GET"]}}],"collection":[{"href":"https:\/\/christinakosmeetika.ee\/et\/wp-json\/wp\/v2\/product"}],"about":[{"href":"https:\/\/christinakosmeetika.ee\/et\/wp-json\/wp\/v2\/types\/product"}],"wp:featuredmedia":[{"embeddable":true,"href":"https:\/\/christinakosmeetika.ee\/et\/wp-json\/wp\/v2\/media\/1458"}],"wp:attachment":[{"href":"https:\/\/christinakosmeetika.ee\/et\/wp-json\/wp\/v2\/media?parent=2152"}],"wp:term":[{"taxonomy":"product_brand","embeddable":true,"href":"https:\/\/christinakosmeetika.ee\/et\/wp-json\/wp\/v2\/product_brand?post=2152"},{"taxonomy":"product_cat","embeddable":true,"href":"https:\/\/christinakosmeetika.ee\/et\/wp-json\/wp\/v2\/product_cat?post=2152"},{"taxonomy":"product_tag","embeddable":true,"href":"https:\/\/christinakosmeetika.ee\/et\/wp-json\/wp\/v2\/product_tag?post=2152"}],"curies":[{"name":"wp","href":"https:\/\/api.w.org\/{rel}","templated":true}]}}