{"id":2151,"date":"2021-05-03T13:27:26","date_gmt":"2021-05-03T13:27:26","guid":{"rendered":"http:\/\/christinakosmeetika.ee\/product\/christina-comodex-correctprevent-gel\/"},"modified":"2026-04-15T20:22:49","modified_gmt":"2026-04-15T17:22:49","slug":"christina-comodex-correctprevent-gel-et","status":"publish","type":"product","link":"https:\/\/christinakosmeetika.ee\/et\/toode\/christina-comodex-correctprevent-gel-et\/","title":{"rendered":"COMODEX Correct Prevent Gel 30ml CHR630"},"content":{"rendered":"<section class=\"av_textblock_section \">\n<div class=\"avia_textblock \">\n<section class=\"av_textblock_section \">\n<div class=\"avia_textblock \">\n<p>Christina Comodex Correct\u00a0 Prevent Gel on v\u00e4ga efektiivne geel, mis toimib esmaabivahendina erinevatele nahaprobleemidele.<\/p>\n<p>See geel kiiresti leevendab kohalikku p\u00f5letikku, v\u00e4hendab punetust ja kiirendab paranemist. See avaldab nahale rahustavat toimet. Geeli ainulaadne koostis aitab kuivatada pustuleid, kergendab koorimist, silub naha tooni ja k\u00f5rvaldab v\u00e4ikesed puudused. Lisaks omab see tugevat antibakteriaalset ja p\u00f5letikuvastast toimet, mis suurendab selle \u00fcldist efektiivsust.<\/p>\n<p><strong>Kasutamine:<\/strong><\/p>\n<\/div>\n<\/section>\n<section class=\"av_textblock_section \">\n<div class=\"avia_textblock \">\n<p>Kanda mitu korda p\u00e4evas lokaalselt p\u00f5letikuelementidega piirkonnale<\/p>\n<\/div>\n<\/section>\n<section class=\"av_textblock_section \">\n<div class=\"avia_textblock \">\n<p>&nbsp;<\/p>\n<p><img loading=\"lazy\" decoding=\"async\" class=\"alignnone size-medium wp-image-13004\" src=\"https:\/\/christinakosmeetika.ee\/wp-content\/uploads\/2021\/05\/Comodex-Correct-Prevent-Gel-200x300.webp\" alt=\"\" width=\"200\" height=\"300\" srcset=\"https:\/\/christinakosmeetika.ee\/wp-content\/uploads\/2021\/05\/Comodex-Correct-Prevent-Gel-200x300.webp 200w, https:\/\/christinakosmeetika.ee\/wp-content\/uploads\/2021\/05\/Comodex-Correct-Prevent-Gel-687x1030.webp 687w, https:\/\/christinakosmeetika.ee\/wp-content\/uploads\/2021\/05\/Comodex-Correct-Prevent-Gel-768x1152.webp 768w, https:\/\/christinakosmeetika.ee\/wp-content\/uploads\/2021\/05\/Comodex-Correct-Prevent-Gel-1000x1500.webp 1000w, https:\/\/christinakosmeetika.ee\/wp-content\/uploads\/2021\/05\/Comodex-Correct-Prevent-Gel-470x705.webp 470w, https:\/\/christinakosmeetika.ee\/wp-content\/uploads\/2021\/05\/Comodex-Correct-Prevent-Gel-450x675.webp 450w, https:\/\/christinakosmeetika.ee\/wp-content\/uploads\/2021\/05\/Comodex-Correct-Prevent-Gel-600x900.webp 600w, https:\/\/christinakosmeetika.ee\/wp-content\/uploads\/2021\/05\/Comodex-Correct-Prevent-Gel.webp 1024w\" sizes=\"auto, (max-width: 200px) 100vw, 200px\" \/><\/p>\n<hr data-start=\"145\" data-end=\"148\" \/>\n<p data-start=\"150\" data-end=\"183\"><a href=\"https:\/\/christinakosmeetika.ee\/et\/vistrik-naol\/\"><strong data-start=\"150\" data-end=\"183\">Comodex Correct &amp; Prevent Gel<\/strong><\/a><\/p>\n<p data-start=\"185\" data-end=\"339\">On hetki, kui nahale ilmub ootamatult vistrik v\u00f5i p\u00f5letikuline kolle. Punetus muutub m\u00e4rgatavaks, nahk on tundlik ja tavaline kreem ei anna enam tulemust.<\/p>\n<p data-start=\"341\" data-end=\"498\">Sellistes olukordades vajab nahk <strong data-start=\"374\" data-end=\"396\">lokaalset hooldust<\/strong>, mis aitab kiiresti v\u00e4hendada p\u00f5letikku, rahustada nahka ja toetada paranemist just probleemsel alal.<\/p>\n<p data-start=\"500\" data-end=\"560\">\ud83d\udc49 Just selleks on loodud <strong data-start=\"526\" data-end=\"559\">Comodex Correct &amp; Prevent Gel<\/strong>.<\/p>\n<p data-start=\"562\" data-end=\"574\"><a href=\"https:\/\/christinakosmeetika.ee\/et\/vistrik-naol\/\"><strong>loe edasi\u2026 \u203a<\/strong><\/a><\/p>\n<\/div>\n<\/section>\n<\/div>\n<\/section>\n<p><strong>Koostis:<\/strong><\/p>\n<p>Deionized water (Aqua), SD Alcohol 40, Propanediol, Citric Acid&amp;, Deionized water (Aqua)&amp;, Glycerin&amp;, Potassium Sorbate&amp;, Sodium Benzoate&amp;, Solanum Lycopersicum (Tomato) Fruit\/Leaf\/Stem Extract, Salicylic Acid, Cellulose&amp;, Deionized water (Aqua)&amp;, Hydroxyethylcellulose&amp;, Isopropyl Alcohol&amp;, Sodium acetate, Polysorbate 80&amp;, Sulfur, PEG-12 Dimethicone, Acrylates\/C10-30 Alkyl Acrylate Crosspolymer, Ethylhexylglycerin&amp;, Phenoxyethanol, Triethanolamine, Butylene Glycol&amp;, Polysorbate 20&amp;, Micrococcus Lysate, Sodium Caproyl\/Lauroyl Lactylate&amp;, Triethyl citrate, Salicylic Acid&amp;, Hydroxypropyl Cyclodextrin, Benzoic Acid, Chlorphenesin, Allantoin, Tocopheryl Acetate<\/p>\n","protected":false},"excerpt":{"rendered":"<h4>Lokaalseks korrektsiooniks geel<\/h4>\n","protected":false},"featured_media":1459,"template":"","meta":[],"product_brand":[],"product_cat":[147],"product_tag":[],"class_list":{"0":"post-2151","1":"product","2":"type-product","3":"status-publish","4":"has-post-thumbnail","6":"product_cat-geel-et","7":"product_shipping_class-smart-itella-post","8":"pa_linii-kosmetiki-comodex-et","9":"pa_reshenie-problem-akne","10":"pa_reshenie-problem-laienenud-poorid","11":"pa_reshenie-problem-oline-laige","12":"pa_tip-kozi-kombi-et","13":"pa_tip-kozi-rasvane-et","14":"pa_tip-preparata-geel","15":"pa_vremja-primenenija-paev-oo","17":"first","18":"instock","19":"taxable","20":"shipping-taxable","21":"purchasable","22":"product-type-simple"},"yoast_head":"<!-- This site is optimized with the Yoast SEO plugin v27.5 - https:\/\/yoast.com\/product\/yoast-seo-wordpress\/ -->\n<title>COMODEX Correct Prevent Gel 30ml CHR630 - Christinakosmeetika<\/title>\n<meta name=\"description\" content=\"COMODEX Correct Prevent Gel leevendab kiiresti lokaalseid p\u00f5letikke, v\u00e4hendab punetust ja kiirendab paranemist. Omab nahka rahustavat toimet.\" \/>\n<meta name=\"robots\" content=\"index, follow, max-snippet:-1, max-image-preview:large, max-video-preview:-1\" \/>\n<link rel=\"canonical\" href=\"https:\/\/christinakosmeetika.ee\/product\/christina-comodex-correctprevent-gel\/\" \/>\n<meta property=\"og:locale\" content=\"et_EE\" \/>\n<meta property=\"og:type\" content=\"article\" \/>\n<meta property=\"og:title\" content=\"COMODEX Correct Prevent Gel 30ml CHR630 - Christinakosmeetika\" \/>\n<meta property=\"og:description\" content=\"COMODEX Correct Prevent Gel leevendab kiiresti lokaalseid p\u00f5letikke, v\u00e4hendab punetust ja kiirendab paranemist. Omab nahka rahustavat toimet.\" \/>\n<meta property=\"og:url\" content=\"https:\/\/christinakosmeetika.ee\/product\/christina-comodex-correctprevent-gel\/\" \/>\n<meta property=\"og:site_name\" content=\"Christinakosmeetika\" \/>\n<meta property=\"article:modified_time\" content=\"2026-04-15T17:22:49+00:00\" \/>\n<meta property=\"og:image\" content=\"https:\/\/christinakosmeetika.ee\/wp-content\/uploads\/2021\/05\/CorrectPrevent-Gel450.jpg\" \/>\n\t<meta property=\"og:image:width\" content=\"450\" \/>\n\t<meta property=\"og:image:height\" content=\"450\" \/>\n\t<meta property=\"og:image:type\" content=\"image\/jpeg\" \/>\n<meta name=\"twitter:card\" content=\"summary_large_image\" \/>\n<meta name=\"twitter:label1\" content=\"Est. reading time\" \/>\n\t<meta name=\"twitter:data1\" content=\"2 minutit\" \/>\n<script type=\"application\/ld+json\" class=\"yoast-schema-graph\">{\"@context\":\"https:\\\/\\\/schema.org\",\"@graph\":[{\"@type\":\"WebPage\",\"@id\":\"https:\\\/\\\/christinakosmeetika.ee\\\/product\\\/christina-comodex-correctprevent-gel\\\/\",\"url\":\"https:\\\/\\\/christinakosmeetika.ee\\\/product\\\/christina-comodex-correctprevent-gel\\\/\",\"name\":\"COMODEX Correct Prevent Gel 30ml CHR630 - Christinakosmeetika\",\"isPartOf\":{\"@id\":\"https:\\\/\\\/christinakosmeetika.ee\\\/#website\"},\"primaryImageOfPage\":{\"@id\":\"https:\\\/\\\/christinakosmeetika.ee\\\/product\\\/christina-comodex-correctprevent-gel\\\/#primaryimage\"},\"image\":{\"@id\":\"https:\\\/\\\/christinakosmeetika.ee\\\/product\\\/christina-comodex-correctprevent-gel\\\/#primaryimage\"},\"thumbnailUrl\":\"https:\\\/\\\/christinakosmeetika.ee\\\/wp-content\\\/uploads\\\/2021\\\/05\\\/CorrectPrevent-Gel450.jpg\",\"datePublished\":\"2021-05-03T13:27:26+00:00\",\"dateModified\":\"2026-04-15T17:22:49+00:00\",\"description\":\"COMODEX Correct Prevent Gel leevendab kiiresti lokaalseid p\u00f5letikke, v\u00e4hendab punetust ja kiirendab paranemist. Omab nahka rahustavat toimet.\",\"breadcrumb\":{\"@id\":\"https:\\\/\\\/christinakosmeetika.ee\\\/product\\\/christina-comodex-correctprevent-gel\\\/#breadcrumb\"},\"inLanguage\":\"et\",\"potentialAction\":[{\"@type\":\"ReadAction\",\"target\":[\"https:\\\/\\\/christinakosmeetika.ee\\\/product\\\/christina-comodex-correctprevent-gel\\\/\"]}]},{\"@type\":\"ImageObject\",\"inLanguage\":\"et\",\"@id\":\"https:\\\/\\\/christinakosmeetika.ee\\\/product\\\/christina-comodex-correctprevent-gel\\\/#primaryimage\",\"url\":\"https:\\\/\\\/christinakosmeetika.ee\\\/wp-content\\\/uploads\\\/2021\\\/05\\\/CorrectPrevent-Gel450.jpg\",\"contentUrl\":\"https:\\\/\\\/christinakosmeetika.ee\\\/wp-content\\\/uploads\\\/2021\\\/05\\\/CorrectPrevent-Gel450.jpg\",\"width\":450,\"height\":450},{\"@type\":\"BreadcrumbList\",\"@id\":\"https:\\\/\\\/christinakosmeetika.ee\\\/product\\\/christina-comodex-correctprevent-gel\\\/#breadcrumb\",\"itemListElement\":[{\"@type\":\"ListItem\",\"position\":1,\"name\":\"\u0413\u043b\u0430\u0432\u043d\u0430\u044f \u0441\u0442\u0440\u0430\u043d\u0438\u0446\u0430\",\"item\":\"https:\\\/\\\/christinakosmeetika.ee\\\/et\\\/\"},{\"@type\":\"ListItem\",\"position\":2,\"name\":\"Pood\",\"item\":\"https:\\\/\\\/christinakosmeetika.ee\\\/et\\\/shop\\\/\"},{\"@type\":\"ListItem\",\"position\":3,\"name\":\"COMODEX Correct Prevent Gel 30ml CHR630\"}]},{\"@type\":\"WebSite\",\"@id\":\"https:\\\/\\\/christinakosmeetika.ee\\\/#website\",\"url\":\"https:\\\/\\\/christinakosmeetika.ee\\\/\",\"name\":\"Christinakosmeetika\",\"description\":\"Christina kosmeetika Eestis\",\"alternateName\":\"Christina kosmeetika Eestis\",\"potentialAction\":[{\"@type\":\"SearchAction\",\"target\":{\"@type\":\"EntryPoint\",\"urlTemplate\":\"https:\\\/\\\/christinakosmeetika.ee\\\/?s={search_term_string}\"},\"query-input\":{\"@type\":\"PropertyValueSpecification\",\"valueRequired\":true,\"valueName\":\"search_term_string\"}}],\"inLanguage\":\"et\"}]}<\/script>\n<!-- \/ Yoast SEO plugin. -->","yoast_head_json":{"title":"COMODEX Correct Prevent Gel 30ml CHR630 - Christinakosmeetika","description":"COMODEX Correct Prevent Gel leevendab kiiresti lokaalseid p\u00f5letikke, v\u00e4hendab punetust ja kiirendab paranemist. Omab nahka rahustavat toimet.","robots":{"index":"index","follow":"follow","max-snippet":"max-snippet:-1","max-image-preview":"max-image-preview:large","max-video-preview":"max-video-preview:-1"},"canonical":"https:\/\/christinakosmeetika.ee\/product\/christina-comodex-correctprevent-gel\/","og_locale":"et_EE","og_type":"article","og_title":"COMODEX Correct Prevent Gel 30ml CHR630 - Christinakosmeetika","og_description":"COMODEX Correct Prevent Gel leevendab kiiresti lokaalseid p\u00f5letikke, v\u00e4hendab punetust ja kiirendab paranemist. Omab nahka rahustavat toimet.","og_url":"https:\/\/christinakosmeetika.ee\/product\/christina-comodex-correctprevent-gel\/","og_site_name":"Christinakosmeetika","article_modified_time":"2026-04-15T17:22:49+00:00","og_image":[{"width":450,"height":450,"url":"https:\/\/christinakosmeetika.ee\/wp-content\/uploads\/2021\/05\/CorrectPrevent-Gel450.jpg","type":"image\/jpeg"}],"twitter_card":"summary_large_image","twitter_misc":{"Est. reading time":"2 minutit"},"schema":{"@context":"https:\/\/schema.org","@graph":[{"@type":"WebPage","@id":"https:\/\/christinakosmeetika.ee\/product\/christina-comodex-correctprevent-gel\/","url":"https:\/\/christinakosmeetika.ee\/product\/christina-comodex-correctprevent-gel\/","name":"COMODEX Correct Prevent Gel 30ml CHR630 - Christinakosmeetika","isPartOf":{"@id":"https:\/\/christinakosmeetika.ee\/#website"},"primaryImageOfPage":{"@id":"https:\/\/christinakosmeetika.ee\/product\/christina-comodex-correctprevent-gel\/#primaryimage"},"image":{"@id":"https:\/\/christinakosmeetika.ee\/product\/christina-comodex-correctprevent-gel\/#primaryimage"},"thumbnailUrl":"https:\/\/christinakosmeetika.ee\/wp-content\/uploads\/2021\/05\/CorrectPrevent-Gel450.jpg","datePublished":"2021-05-03T13:27:26+00:00","dateModified":"2026-04-15T17:22:49+00:00","description":"COMODEX Correct Prevent Gel leevendab kiiresti lokaalseid p\u00f5letikke, v\u00e4hendab punetust ja kiirendab paranemist. Omab nahka rahustavat toimet.","breadcrumb":{"@id":"https:\/\/christinakosmeetika.ee\/product\/christina-comodex-correctprevent-gel\/#breadcrumb"},"inLanguage":"et","potentialAction":[{"@type":"ReadAction","target":["https:\/\/christinakosmeetika.ee\/product\/christina-comodex-correctprevent-gel\/"]}]},{"@type":"ImageObject","inLanguage":"et","@id":"https:\/\/christinakosmeetika.ee\/product\/christina-comodex-correctprevent-gel\/#primaryimage","url":"https:\/\/christinakosmeetika.ee\/wp-content\/uploads\/2021\/05\/CorrectPrevent-Gel450.jpg","contentUrl":"https:\/\/christinakosmeetika.ee\/wp-content\/uploads\/2021\/05\/CorrectPrevent-Gel450.jpg","width":450,"height":450},{"@type":"BreadcrumbList","@id":"https:\/\/christinakosmeetika.ee\/product\/christina-comodex-correctprevent-gel\/#breadcrumb","itemListElement":[{"@type":"ListItem","position":1,"name":"\u0413\u043b\u0430\u0432\u043d\u0430\u044f \u0441\u0442\u0440\u0430\u043d\u0438\u0446\u0430","item":"https:\/\/christinakosmeetika.ee\/et\/"},{"@type":"ListItem","position":2,"name":"Pood","item":"https:\/\/christinakosmeetika.ee\/et\/shop\/"},{"@type":"ListItem","position":3,"name":"COMODEX Correct Prevent Gel 30ml CHR630"}]},{"@type":"WebSite","@id":"https:\/\/christinakosmeetika.ee\/#website","url":"https:\/\/christinakosmeetika.ee\/","name":"Christinakosmeetika","description":"Christina kosmeetika Eestis","alternateName":"Christina kosmeetika Eestis","potentialAction":[{"@type":"SearchAction","target":{"@type":"EntryPoint","urlTemplate":"https:\/\/christinakosmeetika.ee\/?s={search_term_string}"},"query-input":{"@type":"PropertyValueSpecification","valueRequired":true,"valueName":"search_term_string"}}],"inLanguage":"et"}]}},"_links":{"self":[{"href":"https:\/\/christinakosmeetika.ee\/et\/wp-json\/wp\/v2\/product\/2151","targetHints":{"allow":["GET"]}}],"collection":[{"href":"https:\/\/christinakosmeetika.ee\/et\/wp-json\/wp\/v2\/product"}],"about":[{"href":"https:\/\/christinakosmeetika.ee\/et\/wp-json\/wp\/v2\/types\/product"}],"wp:featuredmedia":[{"embeddable":true,"href":"https:\/\/christinakosmeetika.ee\/et\/wp-json\/wp\/v2\/media\/1459"}],"wp:attachment":[{"href":"https:\/\/christinakosmeetika.ee\/et\/wp-json\/wp\/v2\/media?parent=2151"}],"wp:term":[{"taxonomy":"product_brand","embeddable":true,"href":"https:\/\/christinakosmeetika.ee\/et\/wp-json\/wp\/v2\/product_brand?post=2151"},{"taxonomy":"product_cat","embeddable":true,"href":"https:\/\/christinakosmeetika.ee\/et\/wp-json\/wp\/v2\/product_cat?post=2151"},{"taxonomy":"product_tag","embeddable":true,"href":"https:\/\/christinakosmeetika.ee\/et\/wp-json\/wp\/v2\/product_tag?post=2151"}],"curies":[{"name":"wp","href":"https:\/\/api.w.org\/{rel}","templated":true}]}}