{"id":2150,"date":"2021-05-03T14:54:08","date_gmt":"2021-05-03T14:54:08","guid":{"rendered":"http:\/\/christinakosmeetika.ee\/product\/christina-comodex-controlregulate-day-treatment\/"},"modified":"2026-04-15T20:19:37","modified_gmt":"2026-04-15T17:19:37","slug":"christina-comodex-control-regulate-day-treatment-et","status":"publish","type":"product","link":"https:\/\/christinakosmeetika.ee\/et\/toode\/christina-comodex-control-regulate-day-treatment-et\/","title":{"rendered":"COMODEX Control Regulate Day Treatment 50ml CHR628"},"content":{"rendered":"<section class=\"av_textblock_section \">\n<div class=\"avia_textblock \">\n<section class=\"av_textblock_section \">\n<div class=\"avia_textblock \">\n<p>P\u00e4evane geel &#8220;Kontroll ja Stabiliseerimine&#8221; (Christina Comodex Control &amp; Regulate Day Treatment) on loodud naha rasuerituse efektiivseks reguleerimiseks. See omab pooride ahendamise ja p\u00f5letikuvastase toime. Moodustab nahale \u00f5hukese kaitsekihi, mis annab matistava efekti.<\/p>\n<p>Lisaks sellele normaliseerib see geel naha niiskustasakaalu, k\u00f5rvaldab t\u00f5mbe- ja s\u00fcgelustunde.<\/p>\n<p>Aitab leevendada p\u00f5letikku ja \u00e4rritust, v\u00e4hendada punetust ja heledamaks pigmentatsiooni.<\/p>\n<p>Sellel on p\u00f5letikuvastased, \u00f5rnad koorivad ja pooride ahendavad omadused. Sobib regulaarseks kasutamiseks <a href=\"https:\/\/christinakosmeetika.ee\/toode\/bio-phyto-ultimate-defense-tinted-day-cream-spf-20-et\/?lang=et\">niisutava kreemiga<\/a>. all. Geeli saab ka kohalikult kanda T-tsooni, et v\u00e4ltida liigse l\u00e4ike teket.<\/p>\n<p>Comodex Control Regulate Day Treatment parandab ka naha tekstuuri ja v\u00e4limust.<\/p>\n<p>See geel sobib ideaalselt regulaarseks kasutamiseks koos niisutava kreemiga. See geel parandab teie naha tekstuuri ja v\u00e4limust, tagades sellele ideaalse tasakaalu.<\/p>\n<p>&nbsp;<\/p>\n<\/div>\n<\/section>\n<section class=\"av_textblock_section \">\n<div class=\"avia_textblock \">\n<p><strong>Kasutamine:<\/strong><\/p>\n<p>Kanda 1 ml seerumit puhtale nahale, v\u00e4ltides silmade \u00fcmbrust, masseerida kuni t\u00e4ieliku imendumiseni. Peale kanda p\u00e4eva p\u00e4ikesekaitsekreem.<\/p>\n<\/div>\n<\/section>\n<section class=\"av_textblock_section \">\n<div class=\"avia_textblock \">\n<p><strong>Koostis:<\/strong><\/p>\n<p>Deionized water (Aqua), SD Alcohol 40, 1,2-Hexanediol&amp;, Caprylyl Glycol&amp;, Deionized water (Aqua)&amp;, Sodium hyaluronate, Ethoxydiglycol, Capryloyl Glycine&amp;, Cinnamomum Zeylanicum Bark Extract&amp;, Deionized water (Aqua)&amp;, Hexylene Glycol&amp;, Sarcosine, PEG-12 Dimethicone, Cellulose&amp;, Deionized water (Aqua)&amp;, Hydroxyethylcellulose&amp;, Isopropyl Alcohol&amp;, Sodium acetate, Butylene Glycol&amp;, Camellia Sinensis Leaf Extract&amp;, Glycerin&amp;, Deionized water (Aqua), Polyglyceryl-6 Oleate&amp;, Deionized water (Aqua)&amp;, Sorbitan Oleate&amp;, Magnolol\/honokiol (Magnolia Oficinalis Bark Extract)&amp;, Oleanolic Acid&amp;, Polyglyceryl-10 Dilaurate&amp;, Citrus Reticulata Peel Extract&amp;, Serenoa Serrulata Fruit Extract, Caprylyl Glycol&amp;, Phenoxyethanol, Citric Acid&amp;, Deionized water (Aqua)&amp;, Glycerin&amp;, Potassium Sorbate&amp;, Sodium Benzoate&amp;, Solanum Lycopersicum (Tomato) Fruit\/Leaf\/Stem Extract, Butylene Glycol&amp;, Deionized water (Aqua)&amp;, Fomes Officinais (MUSHROOM) Extract, Sodium Caproyl\/Lauroyl Lactylate&amp;, Triethyl citrate, Chlorphenesin, Lactic Acid<\/p>\n<p><img loading=\"lazy\" decoding=\"async\" class=\"alignnone size-medium wp-image-12974\" src=\"https:\/\/christinakosmeetika.ee\/wp-content\/uploads\/2021\/05\/Comodex-CleanClear-Cleanser--200x300.webp\" alt=\"\" width=\"200\" height=\"300\" srcset=\"https:\/\/christinakosmeetika.ee\/wp-content\/uploads\/2021\/05\/Comodex-CleanClear-Cleanser--200x300.webp 200w, https:\/\/christinakosmeetika.ee\/wp-content\/uploads\/2021\/05\/Comodex-CleanClear-Cleanser--687x1030.webp 687w, https:\/\/christinakosmeetika.ee\/wp-content\/uploads\/2021\/05\/Comodex-CleanClear-Cleanser--768x1152.webp 768w, https:\/\/christinakosmeetika.ee\/wp-content\/uploads\/2021\/05\/Comodex-CleanClear-Cleanser--1000x1500.webp 1000w, https:\/\/christinakosmeetika.ee\/wp-content\/uploads\/2021\/05\/Comodex-CleanClear-Cleanser--470x705.webp 470w, https:\/\/christinakosmeetika.ee\/wp-content\/uploads\/2021\/05\/Comodex-CleanClear-Cleanser--450x675.webp 450w, https:\/\/christinakosmeetika.ee\/wp-content\/uploads\/2021\/05\/Comodex-CleanClear-Cleanser--600x900.webp 600w, https:\/\/christinakosmeetika.ee\/wp-content\/uploads\/2021\/05\/Comodex-CleanClear-Cleanser-.webp 1024w\" sizes=\"auto, (max-width: 200px) 100vw, 200px\" \/><\/p>\n<h3 data-start=\"142\" data-end=\"186\"><a href=\"https:\/\/christinakosmeetika.ee\/et\/sredstvo-ot-zhirnogo-bleska-i-rasshirennyh-por\/\"><strong data-start=\"142\" data-end=\"186\">Comodex Control &amp; Regulate Day Treatment<\/strong><\/a><\/h3>\n<p data-start=\"188\" data-end=\"366\">On p\u00e4evi, mil nahk muutub kiiresti rasuseks, poorid paistavad silma ning punetust ja p\u00f5letikke on keerulisem kontrolli all hoida. Sellistel hetkedel ei piisa tavalisest kreemist.<\/p>\n<p data-start=\"368\" data-end=\"522\">Nahk vajab p\u00e4evast hooldust, mis aitab reguleerida rasueritust, hoida naha mati ja mugavana kogu p\u00e4eva v\u00e4ltel, ilma seda kuivatamata v\u00f5i raskeks muutmata.<\/p>\n<p data-start=\"524\" data-end=\"595\">\ud83d\udc49 Just selleks on loodud <strong data-start=\"550\" data-end=\"594\">Comodex Control &amp; Regulate Day Treatment<\/strong>.<\/p>\n<p data-start=\"597\" data-end=\"609\"><a href=\"https:\/\/christinakosmeetika.ee\/et\/sredstvo-ot-zhirnogo-bleska-i-rasshirennyh-por\/\"><strong>loe edasi\u2026 \u203a<\/strong><\/a><\/p>\n<h1 class=\"post-title entry-title \"><\/h1>\n<\/div>\n<\/section>\n<\/div>\n<\/section>\n<p>&nbsp;<\/p>\n","protected":false},"excerpt":{"rendered":"<h4>P\u00e4evane geel &#8220;Kontroll ja Stabiliseerimine&#8221;<\/h4>\n","protected":false},"featured_media":1460,"template":"","meta":[],"product_brand":[],"product_cat":[147],"product_tag":[],"class_list":{"0":"post-2150","1":"product","2":"type-product","3":"status-publish","4":"has-post-thumbnail","6":"product_cat-geel-et","7":"product_shipping_class-smart-itella-post","8":"pa_linii-kosmetiki-comodex-et","9":"pa_reshenie-problem-akne","10":"pa_reshenie-problem-ebauhtlane-nahatekstuur","11":"pa_reshenie-problem-laienenud-poorid","12":"pa_reshenie-problem-oline-laige","13":"pa_tip-kozi-kombi-et","14":"pa_tip-kozi-rasvane-et","15":"pa_vremja-primenenija-paevane","17":"first","18":"instock","19":"taxable","20":"shipping-taxable","21":"purchasable","22":"product-type-simple"},"yoast_head":"<!-- This site is optimized with the Yoast SEO plugin v27.5 - https:\/\/yoast.com\/product\/yoast-seo-wordpress\/ -->\n<title>COMODEX Control Regulate Day Treatment 50ml CHR628 - Christinakosmeetika<\/title>\n<meta name=\"description\" content=\"Comodex Control Regulate Day reguleerib t\u00f5husalt rasu tootmist, v\u00e4hendab p\u00f5letikku, koorib \u00f5rnalt ja ahendab poore.\" \/>\n<meta name=\"robots\" content=\"index, follow, max-snippet:-1, max-image-preview:large, max-video-preview:-1\" \/>\n<link rel=\"canonical\" href=\"https:\/\/christinakosmeetika.ee\/et\/toode\/christina-comodex-control-regulate-day-treatment-et\/\" \/>\n<meta property=\"og:locale\" content=\"et_EE\" \/>\n<meta property=\"og:type\" content=\"article\" \/>\n<meta property=\"og:title\" content=\"COMODEX Control Regulate Day Treatment 50ml CHR628 - Christinakosmeetika\" \/>\n<meta property=\"og:description\" content=\"Comodex Control Regulate Day reguleerib t\u00f5husalt rasu tootmist, v\u00e4hendab p\u00f5letikku, koorib \u00f5rnalt ja ahendab poore.\" \/>\n<meta property=\"og:url\" content=\"https:\/\/christinakosmeetika.ee\/et\/toode\/christina-comodex-control-regulate-day-treatment-et\/\" \/>\n<meta property=\"og:site_name\" content=\"Christinakosmeetika\" \/>\n<meta property=\"article:modified_time\" content=\"2026-04-15T17:19:37+00:00\" \/>\n<meta property=\"og:image\" content=\"https:\/\/christinakosmeetika.ee\/wp-content\/uploads\/2021\/05\/Control-regulate-day-treatment450.jpg\" \/>\n\t<meta property=\"og:image:width\" content=\"450\" \/>\n\t<meta property=\"og:image:height\" content=\"450\" \/>\n\t<meta property=\"og:image:type\" content=\"image\/jpeg\" \/>\n<meta name=\"twitter:card\" content=\"summary_large_image\" \/>\n<meta name=\"twitter:label1\" content=\"Est. reading time\" \/>\n\t<meta name=\"twitter:data1\" content=\"2 minutit\" \/>\n<script type=\"application\/ld+json\" class=\"yoast-schema-graph\">{\"@context\":\"https:\\\/\\\/schema.org\",\"@graph\":[{\"@type\":\"WebPage\",\"@id\":\"https:\\\/\\\/christinakosmeetika.ee\\\/et\\\/toode\\\/christina-comodex-control-regulate-day-treatment-et\\\/\",\"url\":\"https:\\\/\\\/christinakosmeetika.ee\\\/et\\\/toode\\\/christina-comodex-control-regulate-day-treatment-et\\\/\",\"name\":\"COMODEX Control Regulate Day Treatment 50ml CHR628 - Christinakosmeetika\",\"isPartOf\":{\"@id\":\"https:\\\/\\\/christinakosmeetika.ee\\\/#website\"},\"primaryImageOfPage\":{\"@id\":\"https:\\\/\\\/christinakosmeetika.ee\\\/et\\\/toode\\\/christina-comodex-control-regulate-day-treatment-et\\\/#primaryimage\"},\"image\":{\"@id\":\"https:\\\/\\\/christinakosmeetika.ee\\\/et\\\/toode\\\/christina-comodex-control-regulate-day-treatment-et\\\/#primaryimage\"},\"thumbnailUrl\":\"https:\\\/\\\/christinakosmeetika.ee\\\/wp-content\\\/uploads\\\/2021\\\/05\\\/Control-regulate-day-treatment450.jpg\",\"datePublished\":\"2021-05-03T14:54:08+00:00\",\"dateModified\":\"2026-04-15T17:19:37+00:00\",\"description\":\"Comodex Control Regulate Day reguleerib t\u00f5husalt rasu tootmist, v\u00e4hendab p\u00f5letikku, koorib \u00f5rnalt ja ahendab poore.\",\"breadcrumb\":{\"@id\":\"https:\\\/\\\/christinakosmeetika.ee\\\/et\\\/toode\\\/christina-comodex-control-regulate-day-treatment-et\\\/#breadcrumb\"},\"inLanguage\":\"et\",\"potentialAction\":[{\"@type\":\"ReadAction\",\"target\":[\"https:\\\/\\\/christinakosmeetika.ee\\\/et\\\/toode\\\/christina-comodex-control-regulate-day-treatment-et\\\/\"]}]},{\"@type\":\"ImageObject\",\"inLanguage\":\"et\",\"@id\":\"https:\\\/\\\/christinakosmeetika.ee\\\/et\\\/toode\\\/christina-comodex-control-regulate-day-treatment-et\\\/#primaryimage\",\"url\":\"https:\\\/\\\/christinakosmeetika.ee\\\/wp-content\\\/uploads\\\/2021\\\/05\\\/Control-regulate-day-treatment450.jpg\",\"contentUrl\":\"https:\\\/\\\/christinakosmeetika.ee\\\/wp-content\\\/uploads\\\/2021\\\/05\\\/Control-regulate-day-treatment450.jpg\",\"width\":450,\"height\":450},{\"@type\":\"BreadcrumbList\",\"@id\":\"https:\\\/\\\/christinakosmeetika.ee\\\/et\\\/toode\\\/christina-comodex-control-regulate-day-treatment-et\\\/#breadcrumb\",\"itemListElement\":[{\"@type\":\"ListItem\",\"position\":1,\"name\":\"\u0413\u043b\u0430\u0432\u043d\u0430\u044f \u0441\u0442\u0440\u0430\u043d\u0438\u0446\u0430\",\"item\":\"https:\\\/\\\/christinakosmeetika.ee\\\/et\\\/\"},{\"@type\":\"ListItem\",\"position\":2,\"name\":\"Pood\",\"item\":\"https:\\\/\\\/christinakosmeetika.ee\\\/et\\\/shop\\\/\"},{\"@type\":\"ListItem\",\"position\":3,\"name\":\"COMODEX Control Regulate Day Treatment 50ml CHR628\"}]},{\"@type\":\"WebSite\",\"@id\":\"https:\\\/\\\/christinakosmeetika.ee\\\/#website\",\"url\":\"https:\\\/\\\/christinakosmeetika.ee\\\/\",\"name\":\"Christinakosmeetika\",\"description\":\"Christina kosmeetika Eestis\",\"alternateName\":\"Christina kosmeetika Eestis\",\"potentialAction\":[{\"@type\":\"SearchAction\",\"target\":{\"@type\":\"EntryPoint\",\"urlTemplate\":\"https:\\\/\\\/christinakosmeetika.ee\\\/?s={search_term_string}\"},\"query-input\":{\"@type\":\"PropertyValueSpecification\",\"valueRequired\":true,\"valueName\":\"search_term_string\"}}],\"inLanguage\":\"et\"}]}<\/script>\n<!-- \/ Yoast SEO plugin. -->","yoast_head_json":{"title":"COMODEX Control Regulate Day Treatment 50ml CHR628 - Christinakosmeetika","description":"Comodex Control Regulate Day reguleerib t\u00f5husalt rasu tootmist, v\u00e4hendab p\u00f5letikku, koorib \u00f5rnalt ja ahendab poore.","robots":{"index":"index","follow":"follow","max-snippet":"max-snippet:-1","max-image-preview":"max-image-preview:large","max-video-preview":"max-video-preview:-1"},"canonical":"https:\/\/christinakosmeetika.ee\/et\/toode\/christina-comodex-control-regulate-day-treatment-et\/","og_locale":"et_EE","og_type":"article","og_title":"COMODEX Control Regulate Day Treatment 50ml CHR628 - Christinakosmeetika","og_description":"Comodex Control Regulate Day reguleerib t\u00f5husalt rasu tootmist, v\u00e4hendab p\u00f5letikku, koorib \u00f5rnalt ja ahendab poore.","og_url":"https:\/\/christinakosmeetika.ee\/et\/toode\/christina-comodex-control-regulate-day-treatment-et\/","og_site_name":"Christinakosmeetika","article_modified_time":"2026-04-15T17:19:37+00:00","og_image":[{"width":450,"height":450,"url":"https:\/\/christinakosmeetika.ee\/wp-content\/uploads\/2021\/05\/Control-regulate-day-treatment450.jpg","type":"image\/jpeg"}],"twitter_card":"summary_large_image","twitter_misc":{"Est. reading time":"2 minutit"},"schema":{"@context":"https:\/\/schema.org","@graph":[{"@type":"WebPage","@id":"https:\/\/christinakosmeetika.ee\/et\/toode\/christina-comodex-control-regulate-day-treatment-et\/","url":"https:\/\/christinakosmeetika.ee\/et\/toode\/christina-comodex-control-regulate-day-treatment-et\/","name":"COMODEX Control Regulate Day Treatment 50ml CHR628 - Christinakosmeetika","isPartOf":{"@id":"https:\/\/christinakosmeetika.ee\/#website"},"primaryImageOfPage":{"@id":"https:\/\/christinakosmeetika.ee\/et\/toode\/christina-comodex-control-regulate-day-treatment-et\/#primaryimage"},"image":{"@id":"https:\/\/christinakosmeetika.ee\/et\/toode\/christina-comodex-control-regulate-day-treatment-et\/#primaryimage"},"thumbnailUrl":"https:\/\/christinakosmeetika.ee\/wp-content\/uploads\/2021\/05\/Control-regulate-day-treatment450.jpg","datePublished":"2021-05-03T14:54:08+00:00","dateModified":"2026-04-15T17:19:37+00:00","description":"Comodex Control Regulate Day reguleerib t\u00f5husalt rasu tootmist, v\u00e4hendab p\u00f5letikku, koorib \u00f5rnalt ja ahendab poore.","breadcrumb":{"@id":"https:\/\/christinakosmeetika.ee\/et\/toode\/christina-comodex-control-regulate-day-treatment-et\/#breadcrumb"},"inLanguage":"et","potentialAction":[{"@type":"ReadAction","target":["https:\/\/christinakosmeetika.ee\/et\/toode\/christina-comodex-control-regulate-day-treatment-et\/"]}]},{"@type":"ImageObject","inLanguage":"et","@id":"https:\/\/christinakosmeetika.ee\/et\/toode\/christina-comodex-control-regulate-day-treatment-et\/#primaryimage","url":"https:\/\/christinakosmeetika.ee\/wp-content\/uploads\/2021\/05\/Control-regulate-day-treatment450.jpg","contentUrl":"https:\/\/christinakosmeetika.ee\/wp-content\/uploads\/2021\/05\/Control-regulate-day-treatment450.jpg","width":450,"height":450},{"@type":"BreadcrumbList","@id":"https:\/\/christinakosmeetika.ee\/et\/toode\/christina-comodex-control-regulate-day-treatment-et\/#breadcrumb","itemListElement":[{"@type":"ListItem","position":1,"name":"\u0413\u043b\u0430\u0432\u043d\u0430\u044f \u0441\u0442\u0440\u0430\u043d\u0438\u0446\u0430","item":"https:\/\/christinakosmeetika.ee\/et\/"},{"@type":"ListItem","position":2,"name":"Pood","item":"https:\/\/christinakosmeetika.ee\/et\/shop\/"},{"@type":"ListItem","position":3,"name":"COMODEX Control Regulate Day Treatment 50ml CHR628"}]},{"@type":"WebSite","@id":"https:\/\/christinakosmeetika.ee\/#website","url":"https:\/\/christinakosmeetika.ee\/","name":"Christinakosmeetika","description":"Christina kosmeetika Eestis","alternateName":"Christina kosmeetika Eestis","potentialAction":[{"@type":"SearchAction","target":{"@type":"EntryPoint","urlTemplate":"https:\/\/christinakosmeetika.ee\/?s={search_term_string}"},"query-input":{"@type":"PropertyValueSpecification","valueRequired":true,"valueName":"search_term_string"}}],"inLanguage":"et"}]}},"_links":{"self":[{"href":"https:\/\/christinakosmeetika.ee\/et\/wp-json\/wp\/v2\/product\/2150","targetHints":{"allow":["GET"]}}],"collection":[{"href":"https:\/\/christinakosmeetika.ee\/et\/wp-json\/wp\/v2\/product"}],"about":[{"href":"https:\/\/christinakosmeetika.ee\/et\/wp-json\/wp\/v2\/types\/product"}],"wp:featuredmedia":[{"embeddable":true,"href":"https:\/\/christinakosmeetika.ee\/et\/wp-json\/wp\/v2\/media\/1460"}],"wp:attachment":[{"href":"https:\/\/christinakosmeetika.ee\/et\/wp-json\/wp\/v2\/media?parent=2150"}],"wp:term":[{"taxonomy":"product_brand","embeddable":true,"href":"https:\/\/christinakosmeetika.ee\/et\/wp-json\/wp\/v2\/product_brand?post=2150"},{"taxonomy":"product_cat","embeddable":true,"href":"https:\/\/christinakosmeetika.ee\/et\/wp-json\/wp\/v2\/product_cat?post=2150"},{"taxonomy":"product_tag","embeddable":true,"href":"https:\/\/christinakosmeetika.ee\/et\/wp-json\/wp\/v2\/product_tag?post=2150"}],"curies":[{"name":"wp","href":"https:\/\/api.w.org\/{rel}","templated":true}]}}