{"id":2149,"date":"2021-05-03T15:09:01","date_gmt":"2021-05-03T15:09:01","guid":{"rendered":"http:\/\/christinakosmeetika.ee\/product\/christina-comodex-cleanclear-cleanser\/"},"modified":"2026-04-10T11:31:17","modified_gmt":"2026-04-10T08:31:17","slug":"gel-ochishchaushchiy-christina-comodex-cleanclear-cleanser-et","status":"publish","type":"product","link":"https:\/\/christinakosmeetika.ee\/et\/toode\/gel-ochishchaushchiy-christina-comodex-cleanclear-cleanser-et\/","title":{"rendered":"Christina Comodex Clean&#038;Clear Cleanser 250ml CHR625"},"content":{"rendered":"<section class=\"av_textblock_section \">\n<div class=\"avia_textblock \">\n<section class=\"av_textblock_section \">\n<div class=\"avia_textblock \">\n<p>Christina Comodex Clean &amp; Clear Cleanser &#8211; t\u00f5husalt eemaldab k\u00f5ik saasteained, imab liigset rasu, normaliseerib rasun\u00e4\u00e4rmete sekretsiooni ja aitab pooridel aheneda. Sellel on antibakteriaalne ja p\u00f5letikuvastane toime. See l\u00f5dvestab epidermise sarvkihi, parandades aktiivsete komponentide imendumist. Lisaks normaliseerib geel naha niiskustaset ja loob optimaalse mikrofloora, parandab vereringet, neutraliseerib patogeensed bakterid, rahustab p\u00f5letikke ja \u00e4rritusi.<\/p>\n<\/div>\n<\/section>\n<section class=\"av_textblock_section \">\n<div class=\"avia_textblock \">\n<p><strong>Kasutamine:<\/strong><\/p>\n<p>Kanda 1 ml geeli niiskete s\u00f5rmeotstega, puhastada nahka, loputada sooja veega.<\/p>\n<\/div>\n<\/section>\n<section class=\"av_textblock_section \">\n<div class=\"avia_textblock \">\n<p>&nbsp;<\/p>\n<p><img loading=\"lazy\" decoding=\"async\" class=\"alignnone size-medium wp-image-12954\" src=\"https:\/\/christinakosmeetika.ee\/wp-content\/uploads\/2021\/05\/clean-clear-cleancing-200x300.webp\" alt=\"\" width=\"200\" height=\"300\" srcset=\"https:\/\/christinakosmeetika.ee\/wp-content\/uploads\/2021\/05\/clean-clear-cleancing-200x300.webp 200w, https:\/\/christinakosmeetika.ee\/wp-content\/uploads\/2021\/05\/clean-clear-cleancing-687x1030.webp 687w, https:\/\/christinakosmeetika.ee\/wp-content\/uploads\/2021\/05\/clean-clear-cleancing-768x1152.webp 768w, https:\/\/christinakosmeetika.ee\/wp-content\/uploads\/2021\/05\/clean-clear-cleancing-1000x1500.webp 1000w, https:\/\/christinakosmeetika.ee\/wp-content\/uploads\/2021\/05\/clean-clear-cleancing-470x705.webp 470w, https:\/\/christinakosmeetika.ee\/wp-content\/uploads\/2021\/05\/clean-clear-cleancing-450x675.webp 450w, https:\/\/christinakosmeetika.ee\/wp-content\/uploads\/2021\/05\/clean-clear-cleancing-600x900.webp 600w, https:\/\/christinakosmeetika.ee\/wp-content\/uploads\/2021\/05\/clean-clear-cleancing.webp 1024w\" sizes=\"auto, (max-width: 200px) 100vw, 200px\" \/><\/p>\n<h3 data-start=\"74\" data-end=\"116\"><a href=\"https:\/\/christinakosmeetika.ee\/et\/puhastusgeel-rasusele-ja-probleemsele-nahale\/\"><strong data-start=\"74\" data-end=\"116\">Christina Comodex Clean Clear Cleanser<\/strong><\/a><\/h3>\n<p data-start=\"118\" data-end=\"249\">On hetki, kui tavaline n\u00e4opesu ei anna enam puhtuse tunnet.<br data-start=\"177\" data-end=\"180\" \/>Nahk muutub kiiresti rasuseks, poorid ummistuvad ja tekib ebamugavus.<\/p>\n<p data-start=\"251\" data-end=\"417\">Sellistel juhtudel vajab nahk enamat kui lihtsat puhastust \u2014<br data-start=\"311\" data-end=\"314\" \/>see vajab geeli, mis eemaldab liigse rasu ja mustuse<br data-start=\"366\" data-end=\"369\" \/>ning aitab s\u00e4ilitada naha tasakaalu ja v\u00e4rskuse.<\/p>\n<p data-start=\"419\" data-end=\"485\">\ud83d\udc49 Just sellega t\u00f6\u00f6tab <strong data-start=\"442\" data-end=\"484\">Christina Comodex Clean Clear Cleanser<\/strong>.<\/p>\n<p data-start=\"487\" data-end=\"502\" data-is-last-node=\"\" data-is-only-node=\"\"><a href=\"https:\/\/christinakosmeetika.ee\/et\/puhastusgeel-rasusele-ja-probleemsele-nahale\/\"><strong data-start=\"487\" data-end=\"502\" data-is-last-node=\"\">loe edasi\u2026\u203a<\/strong><\/a><\/p>\n<p><strong>Koostis:<\/strong><\/p>\n<p>Deionized water (Aqua), Deionized water (Aqua)&amp;, Sodium Coceth Sulfate, Glycerin, Citric Acid&amp;, Deionized water (Aqua)&amp;, Glycerin&amp;, Potassium Sorbate&amp;, Sodium Benzoate&amp;, Solanum Lycopersicum (Tomato) Fruit\/Leaf\/Stem Extract, Hydroxyethylcellulose, Polysorbate 20, Sodium Caproyl\/Lauroyl Lactylate&amp;, Triethyl citrate, Caprylyl Glycol&amp;, Phenoxyethanol, Citric Acid, Citric Acid&amp;, Deionized water (Aqua)&amp;, Glycerin&amp;, Potassium Sorbate&amp;, Saponaria Officinalis Leaf\/Root Extract&amp;, Sodium Benzoate, Citric Acid&amp;, Deionized water (Aqua)&amp;, Glycerin&amp;, Potassium Sorbate&amp;, Sodium Benzoate&amp;, Eucalyptus Globulus Leaf Extract, Butylene Glycol&amp;, Water&amp;, Citrus Unshiu Peel Extract&amp;, Citrus Junos Peel Extract&amp;, Citrus Aurantium Amara Peel Extract, Fragrance, Citral, D-Limonene\/Dipentene\/I-Limonene, Triethanolamine, Chlorphenesin<\/p>\n<\/div>\n<\/section>\n<\/div>\n<\/section>\n","protected":false},"excerpt":{"rendered":"<h4>Puhastav n\u00e4ogeel<\/h4>\n","protected":false},"featured_media":1462,"template":"","meta":[],"product_brand":[],"product_cat":[482,147],"product_tag":[],"class_list":{"0":"post-2149","1":"product","2":"type-product","3":"status-publish","4":"has-post-thumbnail","6":"product_cat-comodex-et","7":"product_cat-geel-et","8":"product_shipping_class-smart-itella-post","9":"pa_linii-kosmetiki-comodex-et","10":"pa_reshenie-problem-akne","11":"pa_reshenie-problem-ebauhtlane-nahatekstuur","12":"pa_reshenie-problem-laienenud-poorid","13":"pa_reshenie-problem-chernye-tochki","14":"pa_reshenie-problem-saastunud-nahk","15":"pa_reshenie-problem-oline-laige","16":"pa_tip-kozi-kombi-et","17":"pa_tip-kozi-rasvane-et","18":"pa_tip-preparata-geel","19":"pa_vremja-primenenija-paev-oo","21":"first","22":"outofstock","23":"taxable","24":"shipping-taxable","25":"purchasable","26":"product-type-simple"},"yoast_head":"<!-- This site is optimized with the Yoast SEO plugin v27.5 - https:\/\/yoast.com\/product\/yoast-seo-wordpress\/ -->\n<title>Christina Comodex Clean&amp;Clear Cleanser 250ml CHR625 - Christinakosmeetika<\/title>\n<meta name=\"description\" content=\"Clean Clear Cleanser on puuviljahapetega geel. See puhastab nahka t\u00f5husalt, omab antibakteriaalset toimet ja pehmendab sarvkihti.\" \/>\n<meta name=\"robots\" content=\"index, follow, max-snippet:-1, max-image-preview:large, max-video-preview:-1\" \/>\n<link rel=\"canonical\" href=\"https:\/\/christinakosmeetika.ee\/et\/toode\/gel-ochishchaushchiy-christina-comodex-cleanclear-cleanser-et\/\" \/>\n<meta property=\"og:locale\" content=\"et_EE\" \/>\n<meta property=\"og:type\" content=\"article\" \/>\n<meta property=\"og:title\" content=\"Christina Comodex Clean&amp;Clear Cleanser 250ml CHR625 - Christinakosmeetika\" \/>\n<meta property=\"og:description\" content=\"Clean Clear Cleanser on puuviljahapetega geel. See puhastab nahka t\u00f5husalt, omab antibakteriaalset toimet ja pehmendab sarvkihti.\" \/>\n<meta property=\"og:url\" content=\"https:\/\/christinakosmeetika.ee\/et\/toode\/gel-ochishchaushchiy-christina-comodex-cleanclear-cleanser-et\/\" \/>\n<meta property=\"og:site_name\" content=\"Christinakosmeetika\" \/>\n<meta property=\"article:modified_time\" content=\"2026-04-10T08:31:17+00:00\" \/>\n<meta property=\"og:image\" content=\"https:\/\/christinakosmeetika.ee\/wp-content\/uploads\/2021\/05\/CleanClear-Cleanser-450-1.jpg\" \/>\n\t<meta property=\"og:image:width\" content=\"450\" \/>\n\t<meta property=\"og:image:height\" content=\"450\" \/>\n\t<meta property=\"og:image:type\" content=\"image\/jpeg\" \/>\n<meta name=\"twitter:card\" content=\"summary_large_image\" \/>\n<meta name=\"twitter:label1\" content=\"Est. reading time\" \/>\n\t<meta name=\"twitter:data1\" content=\"2 minutit\" \/>\n<script type=\"application\/ld+json\" class=\"yoast-schema-graph\">{\"@context\":\"https:\\\/\\\/schema.org\",\"@graph\":[{\"@type\":\"WebPage\",\"@id\":\"https:\\\/\\\/christinakosmeetika.ee\\\/et\\\/toode\\\/gel-ochishchaushchiy-christina-comodex-cleanclear-cleanser-et\\\/\",\"url\":\"https:\\\/\\\/christinakosmeetika.ee\\\/et\\\/toode\\\/gel-ochishchaushchiy-christina-comodex-cleanclear-cleanser-et\\\/\",\"name\":\"Christina Comodex Clean&Clear Cleanser 250ml CHR625 - Christinakosmeetika\",\"isPartOf\":{\"@id\":\"https:\\\/\\\/christinakosmeetika.ee\\\/#website\"},\"primaryImageOfPage\":{\"@id\":\"https:\\\/\\\/christinakosmeetika.ee\\\/et\\\/toode\\\/gel-ochishchaushchiy-christina-comodex-cleanclear-cleanser-et\\\/#primaryimage\"},\"image\":{\"@id\":\"https:\\\/\\\/christinakosmeetika.ee\\\/et\\\/toode\\\/gel-ochishchaushchiy-christina-comodex-cleanclear-cleanser-et\\\/#primaryimage\"},\"thumbnailUrl\":\"https:\\\/\\\/christinakosmeetika.ee\\\/wp-content\\\/uploads\\\/2021\\\/05\\\/CleanClear-Cleanser-450-1.jpg\",\"datePublished\":\"2021-05-03T15:09:01+00:00\",\"dateModified\":\"2026-04-10T08:31:17+00:00\",\"description\":\"Clean Clear Cleanser on puuviljahapetega geel. See puhastab nahka t\u00f5husalt, omab antibakteriaalset toimet ja pehmendab sarvkihti.\",\"breadcrumb\":{\"@id\":\"https:\\\/\\\/christinakosmeetika.ee\\\/et\\\/toode\\\/gel-ochishchaushchiy-christina-comodex-cleanclear-cleanser-et\\\/#breadcrumb\"},\"inLanguage\":\"et\",\"potentialAction\":[{\"@type\":\"ReadAction\",\"target\":[\"https:\\\/\\\/christinakosmeetika.ee\\\/et\\\/toode\\\/gel-ochishchaushchiy-christina-comodex-cleanclear-cleanser-et\\\/\"]}]},{\"@type\":\"ImageObject\",\"inLanguage\":\"et\",\"@id\":\"https:\\\/\\\/christinakosmeetika.ee\\\/et\\\/toode\\\/gel-ochishchaushchiy-christina-comodex-cleanclear-cleanser-et\\\/#primaryimage\",\"url\":\"https:\\\/\\\/christinakosmeetika.ee\\\/wp-content\\\/uploads\\\/2021\\\/05\\\/CleanClear-Cleanser-450-1.jpg\",\"contentUrl\":\"https:\\\/\\\/christinakosmeetika.ee\\\/wp-content\\\/uploads\\\/2021\\\/05\\\/CleanClear-Cleanser-450-1.jpg\",\"width\":450,\"height\":450,\"caption\":\"Clean Clear Cleanser\"},{\"@type\":\"BreadcrumbList\",\"@id\":\"https:\\\/\\\/christinakosmeetika.ee\\\/et\\\/toode\\\/gel-ochishchaushchiy-christina-comodex-cleanclear-cleanser-et\\\/#breadcrumb\",\"itemListElement\":[{\"@type\":\"ListItem\",\"position\":1,\"name\":\"\u0413\u043b\u0430\u0432\u043d\u0430\u044f \u0441\u0442\u0440\u0430\u043d\u0438\u0446\u0430\",\"item\":\"https:\\\/\\\/christinakosmeetika.ee\\\/et\\\/\"},{\"@type\":\"ListItem\",\"position\":2,\"name\":\"Pood\",\"item\":\"https:\\\/\\\/christinakosmeetika.ee\\\/et\\\/shop\\\/\"},{\"@type\":\"ListItem\",\"position\":3,\"name\":\"Christina Comodex Clean&#038;Clear Cleanser 250ml CHR625\"}]},{\"@type\":\"WebSite\",\"@id\":\"https:\\\/\\\/christinakosmeetika.ee\\\/#website\",\"url\":\"https:\\\/\\\/christinakosmeetika.ee\\\/\",\"name\":\"Christinakosmeetika\",\"description\":\"Christina kosmeetika Eestis\",\"alternateName\":\"Christina kosmeetika Eestis\",\"potentialAction\":[{\"@type\":\"SearchAction\",\"target\":{\"@type\":\"EntryPoint\",\"urlTemplate\":\"https:\\\/\\\/christinakosmeetika.ee\\\/?s={search_term_string}\"},\"query-input\":{\"@type\":\"PropertyValueSpecification\",\"valueRequired\":true,\"valueName\":\"search_term_string\"}}],\"inLanguage\":\"et\"}]}<\/script>\n<!-- \/ Yoast SEO plugin. -->","yoast_head_json":{"title":"Christina Comodex Clean&Clear Cleanser 250ml CHR625 - Christinakosmeetika","description":"Clean Clear Cleanser on puuviljahapetega geel. See puhastab nahka t\u00f5husalt, omab antibakteriaalset toimet ja pehmendab sarvkihti.","robots":{"index":"index","follow":"follow","max-snippet":"max-snippet:-1","max-image-preview":"max-image-preview:large","max-video-preview":"max-video-preview:-1"},"canonical":"https:\/\/christinakosmeetika.ee\/et\/toode\/gel-ochishchaushchiy-christina-comodex-cleanclear-cleanser-et\/","og_locale":"et_EE","og_type":"article","og_title":"Christina Comodex Clean&Clear Cleanser 250ml CHR625 - Christinakosmeetika","og_description":"Clean Clear Cleanser on puuviljahapetega geel. See puhastab nahka t\u00f5husalt, omab antibakteriaalset toimet ja pehmendab sarvkihti.","og_url":"https:\/\/christinakosmeetika.ee\/et\/toode\/gel-ochishchaushchiy-christina-comodex-cleanclear-cleanser-et\/","og_site_name":"Christinakosmeetika","article_modified_time":"2026-04-10T08:31:17+00:00","og_image":[{"width":450,"height":450,"url":"https:\/\/christinakosmeetika.ee\/wp-content\/uploads\/2021\/05\/CleanClear-Cleanser-450-1.jpg","type":"image\/jpeg"}],"twitter_card":"summary_large_image","twitter_misc":{"Est. reading time":"2 minutit"},"schema":{"@context":"https:\/\/schema.org","@graph":[{"@type":"WebPage","@id":"https:\/\/christinakosmeetika.ee\/et\/toode\/gel-ochishchaushchiy-christina-comodex-cleanclear-cleanser-et\/","url":"https:\/\/christinakosmeetika.ee\/et\/toode\/gel-ochishchaushchiy-christina-comodex-cleanclear-cleanser-et\/","name":"Christina Comodex Clean&Clear Cleanser 250ml CHR625 - Christinakosmeetika","isPartOf":{"@id":"https:\/\/christinakosmeetika.ee\/#website"},"primaryImageOfPage":{"@id":"https:\/\/christinakosmeetika.ee\/et\/toode\/gel-ochishchaushchiy-christina-comodex-cleanclear-cleanser-et\/#primaryimage"},"image":{"@id":"https:\/\/christinakosmeetika.ee\/et\/toode\/gel-ochishchaushchiy-christina-comodex-cleanclear-cleanser-et\/#primaryimage"},"thumbnailUrl":"https:\/\/christinakosmeetika.ee\/wp-content\/uploads\/2021\/05\/CleanClear-Cleanser-450-1.jpg","datePublished":"2021-05-03T15:09:01+00:00","dateModified":"2026-04-10T08:31:17+00:00","description":"Clean Clear Cleanser on puuviljahapetega geel. See puhastab nahka t\u00f5husalt, omab antibakteriaalset toimet ja pehmendab sarvkihti.","breadcrumb":{"@id":"https:\/\/christinakosmeetika.ee\/et\/toode\/gel-ochishchaushchiy-christina-comodex-cleanclear-cleanser-et\/#breadcrumb"},"inLanguage":"et","potentialAction":[{"@type":"ReadAction","target":["https:\/\/christinakosmeetika.ee\/et\/toode\/gel-ochishchaushchiy-christina-comodex-cleanclear-cleanser-et\/"]}]},{"@type":"ImageObject","inLanguage":"et","@id":"https:\/\/christinakosmeetika.ee\/et\/toode\/gel-ochishchaushchiy-christina-comodex-cleanclear-cleanser-et\/#primaryimage","url":"https:\/\/christinakosmeetika.ee\/wp-content\/uploads\/2021\/05\/CleanClear-Cleanser-450-1.jpg","contentUrl":"https:\/\/christinakosmeetika.ee\/wp-content\/uploads\/2021\/05\/CleanClear-Cleanser-450-1.jpg","width":450,"height":450,"caption":"Clean Clear Cleanser"},{"@type":"BreadcrumbList","@id":"https:\/\/christinakosmeetika.ee\/et\/toode\/gel-ochishchaushchiy-christina-comodex-cleanclear-cleanser-et\/#breadcrumb","itemListElement":[{"@type":"ListItem","position":1,"name":"\u0413\u043b\u0430\u0432\u043d\u0430\u044f \u0441\u0442\u0440\u0430\u043d\u0438\u0446\u0430","item":"https:\/\/christinakosmeetika.ee\/et\/"},{"@type":"ListItem","position":2,"name":"Pood","item":"https:\/\/christinakosmeetika.ee\/et\/shop\/"},{"@type":"ListItem","position":3,"name":"Christina Comodex Clean&#038;Clear Cleanser 250ml CHR625"}]},{"@type":"WebSite","@id":"https:\/\/christinakosmeetika.ee\/#website","url":"https:\/\/christinakosmeetika.ee\/","name":"Christinakosmeetika","description":"Christina kosmeetika Eestis","alternateName":"Christina kosmeetika Eestis","potentialAction":[{"@type":"SearchAction","target":{"@type":"EntryPoint","urlTemplate":"https:\/\/christinakosmeetika.ee\/?s={search_term_string}"},"query-input":{"@type":"PropertyValueSpecification","valueRequired":true,"valueName":"search_term_string"}}],"inLanguage":"et"}]}},"_links":{"self":[{"href":"https:\/\/christinakosmeetika.ee\/et\/wp-json\/wp\/v2\/product\/2149","targetHints":{"allow":["GET"]}}],"collection":[{"href":"https:\/\/christinakosmeetika.ee\/et\/wp-json\/wp\/v2\/product"}],"about":[{"href":"https:\/\/christinakosmeetika.ee\/et\/wp-json\/wp\/v2\/types\/product"}],"wp:featuredmedia":[{"embeddable":true,"href":"https:\/\/christinakosmeetika.ee\/et\/wp-json\/wp\/v2\/media\/1462"}],"wp:attachment":[{"href":"https:\/\/christinakosmeetika.ee\/et\/wp-json\/wp\/v2\/media?parent=2149"}],"wp:term":[{"taxonomy":"product_brand","embeddable":true,"href":"https:\/\/christinakosmeetika.ee\/et\/wp-json\/wp\/v2\/product_brand?post=2149"},{"taxonomy":"product_cat","embeddable":true,"href":"https:\/\/christinakosmeetika.ee\/et\/wp-json\/wp\/v2\/product_cat?post=2149"},{"taxonomy":"product_tag","embeddable":true,"href":"https:\/\/christinakosmeetika.ee\/et\/wp-json\/wp\/v2\/product_tag?post=2149"}],"curies":[{"name":"wp","href":"https:\/\/api.w.org\/{rel}","templated":true}]}}