{"id":2103,"date":"2021-05-04T04:23:56","date_gmt":"2021-05-04T04:23:56","guid":{"rendered":"http:\/\/christinakosmeetika.ee\/product\/christina-wish-day-eye-cream-spf-8\/"},"modified":"2026-04-15T20:08:10","modified_gmt":"2026-04-15T17:08:10","slug":"christina-wish-day-eye-cream-spf-8-et","status":"publish","type":"product","link":"https:\/\/christinakosmeetika.ee\/et\/toode\/christina-wish-day-eye-cream-spf-8-et\/","title":{"rendered":"WISH Day Eye Cream SPF-8 30ml CHR452"},"content":{"rendered":"<section class=\"av_textblock_section \">\n<div class=\"avia_textblock \">\n<section class=\"av_textblock_section \">\n<div class=\"avia_textblock \">\n<p>&#8220;Sooduskreem. M\u00fc\u00fcgikuup\u00e4ev 02\/2024&#8221;<\/p>\n<p>P\u00e4evane silmakreem Christina Wish Day Eye Cream SPF 8 niisutab, tihendab ja noorendab silma\u00fcmbruse \u00f5rna nahka, v\u00e4hendades kortsude n\u00e4htavust. Kreem kaitseb t\u00f5husalt silma\u00fcmbruse \u00f5rna nahka ebasoodsate v\u00e4liste tegurite eest ning lahendab edukalt vananeva naha probleemid silmade \u00fcmber, nagu kortsud ja elastsuse v\u00e4henemine. See ennetab vabade radikaalide m\u00f5ju ja tagab kaitse ultraviolettkiirguse eest. Selle noorendavad koostisosad aitavad tugevdada naha barj\u00e4\u00e4ri, v\u00e4hendada kortsude n\u00e4htavust ja s\u00e4ilitada nooruslik v\u00e4limus.<\/p>\n<p>Kreem aitab v\u00e4hendada turseid, k\u00f5rvaldada tumedad ringid ja eemaldada silmaaluste pigmendilaikude. Kreemi t\u00e4iustatud koostis tagab tervikliku hoolduse silma\u00fcmbruse \u00f5rnale nahale, aidates saavutada heledama ja \u00fchtlasema naha tooni.<\/p>\n<p><strong>Kasutusjuhend:<\/strong><\/p>\n<p>Kandke kreem igap\u00e4evaselt puhastatud silma\u00fcmbruse nahale, j\u00e4ttes 0,5-1 cm silmalaugude servast kaugemale.<\/p>\n<\/div>\n<\/section>\n<section class=\"av_textblock_section \">\n<div class=\"avia_textblock \"><\/div>\n<\/section>\n<section class=\"av_textblock_section \">\n<div class=\"avia_textblock \">\n<p><b> <strong>Koostis:<\/strong><\/b><\/p>\n<p>Deionized Water (Aqua), Ethylhexyl Methoxycinnamate, Cetyl Alcohol&amp;, Glyceryl Stearate&amp;, PEG-75 Stearate&amp;, Ceteth -20&amp;, Steareth-20, Propylene Glycol, Cyclopentasiloxane, Butyrospermum Parkii (Shea Butter), Cetearyl Ethylhexanoate, Butylene glycol&amp;, Sorbitan laurate&amp;, Hydroxyethylcellulose&amp;, Acetyl dipeptide-1 cetyl ester, Squalane, Cyclopentasiloxane&amp;, Dimethiconol, Persea Gratissima (Avocado) Oil Unsaponifiables, Bis-Ethylhexyloxyphenol Methoxyphenyl Triazine, Methyl Methacrylate Crosspolymer, Thioctic Acid, Phenoxyethanol&amp;, Caprylyl Glycol, Phytic Acid, Ferulic Acid, Kojic Acid, Stearyl Heptanoate&amp;, Stearyl Caprylate, 1, 2-Hexanediol, Chlorphenesin, Allantoin, Tocopheryl Acetate, Fragrance, Citric Acid, Polyacrylamide&amp;, C13-14 Isoparaffin&amp;, Laureth-7, Ammonium Acryloyldimethyltaurate\/Vinyl Formamide Copolymer<\/p>\n<\/div>\n<\/section>\n<\/div>\n<\/section>\n","protected":false},"excerpt":{"rendered":"<h4>Silma \u00fcmbritsevale piirkonnale p\u00e4evakreem SPF-8<\/h4>\n","protected":false},"featured_media":5436,"template":"","meta":[],"product_brand":[],"product_cat":[149],"product_tag":[],"class_list":{"0":"post-2103","1":"product","2":"type-product","3":"status-publish","4":"has-post-thumbnail","6":"product_cat-kreem","7":"product_shipping_class-smart-itella-post","8":"pa_akcii-skidki-allahindlused","9":"pa_krem-spf-spf-kreemid","10":"pa_linii-kosmetiki-wish-et","11":"pa_reshenie-problem-vahenenud-elastsus","12":"pa_reshenie-problem-suhost","13":"pa_reshenie-problem-tumedad-ringid","14":"pa_reshenie-problem-turse-silmade-all","15":"pa_reshenie-problem-vananemise-margid","16":"pa_tip-kozi-koik-nahatuubid-et","17":"pa_tip-kozi-kombi-et","18":"pa_tip-kozi-kuiv-et","19":"pa_tip-kozi-normaalne-et","20":"pa_tip-kozi-rasvane-et","21":"pa_tip-preparata-kreem","23":"first","24":"instock","25":"sale","26":"taxable","27":"shipping-taxable","28":"purchasable","29":"product-type-simple"},"yoast_head":"<!-- This site is optimized with the Yoast SEO plugin v27.5 - https:\/\/yoast.com\/product\/yoast-seo-wordpress\/ -->\n<title>WISH Day Eye Cream SPF-8 30ml CHR452 - Christinakosmeetika<\/title>\n<meta name=\"description\" content=\"P\u00e4evakreem silma\u00fcmbrusele kaitseb nahka t\u00f5husalt ebasoodsate v\u00e4listegurite eest ja tagab UV-kaitse.\" \/>\n<meta name=\"robots\" content=\"index, follow, max-snippet:-1, max-image-preview:large, max-video-preview:-1\" \/>\n<link rel=\"canonical\" href=\"https:\/\/christinakosmeetika.ee\/product\/christina-wish-day-eye-cream-spf-8\/\" \/>\n<meta property=\"og:locale\" content=\"et_EE\" \/>\n<meta property=\"og:type\" content=\"article\" \/>\n<meta property=\"og:title\" content=\"WISH Day Eye Cream SPF-8 30ml CHR452 - Christinakosmeetika\" \/>\n<meta property=\"og:description\" content=\"P\u00e4evakreem silma\u00fcmbrusele kaitseb nahka t\u00f5husalt ebasoodsate v\u00e4listegurite eest ja tagab UV-kaitse.\" \/>\n<meta property=\"og:url\" content=\"https:\/\/christinakosmeetika.ee\/product\/christina-wish-day-eye-cream-spf-8\/\" \/>\n<meta property=\"og:site_name\" content=\"Christinakosmeetika\" \/>\n<meta property=\"article:modified_time\" content=\"2026-04-15T17:08:10+00:00\" \/>\n<meta property=\"og:image\" content=\"https:\/\/christinakosmeetika.ee\/wp-content\/uploads\/2021\/05\/day-eye-cream-spf-8-450.jpg\" \/>\n\t<meta property=\"og:image:width\" content=\"450\" \/>\n\t<meta property=\"og:image:height\" content=\"450\" \/>\n\t<meta property=\"og:image:type\" content=\"image\/jpeg\" \/>\n<meta name=\"twitter:card\" content=\"summary_large_image\" \/>\n<meta name=\"twitter:label1\" content=\"Est. reading time\" \/>\n\t<meta name=\"twitter:data1\" content=\"2 minutit\" \/>\n<script type=\"application\/ld+json\" class=\"yoast-schema-graph\">{\"@context\":\"https:\\\/\\\/schema.org\",\"@graph\":[{\"@type\":\"WebPage\",\"@id\":\"https:\\\/\\\/christinakosmeetika.ee\\\/product\\\/christina-wish-day-eye-cream-spf-8\\\/\",\"url\":\"https:\\\/\\\/christinakosmeetika.ee\\\/product\\\/christina-wish-day-eye-cream-spf-8\\\/\",\"name\":\"WISH Day Eye Cream SPF-8 30ml CHR452 - Christinakosmeetika\",\"isPartOf\":{\"@id\":\"https:\\\/\\\/christinakosmeetika.ee\\\/#website\"},\"primaryImageOfPage\":{\"@id\":\"https:\\\/\\\/christinakosmeetika.ee\\\/product\\\/christina-wish-day-eye-cream-spf-8\\\/#primaryimage\"},\"image\":{\"@id\":\"https:\\\/\\\/christinakosmeetika.ee\\\/product\\\/christina-wish-day-eye-cream-spf-8\\\/#primaryimage\"},\"thumbnailUrl\":\"https:\\\/\\\/christinakosmeetika.ee\\\/wp-content\\\/uploads\\\/2021\\\/05\\\/day-eye-cream-spf-8-450.jpg\",\"datePublished\":\"2021-05-04T04:23:56+00:00\",\"dateModified\":\"2026-04-15T17:08:10+00:00\",\"description\":\"P\u00e4evakreem silma\u00fcmbrusele kaitseb nahka t\u00f5husalt ebasoodsate v\u00e4listegurite eest ja tagab UV-kaitse.\",\"breadcrumb\":{\"@id\":\"https:\\\/\\\/christinakosmeetika.ee\\\/product\\\/christina-wish-day-eye-cream-spf-8\\\/#breadcrumb\"},\"inLanguage\":\"et\",\"potentialAction\":[{\"@type\":\"ReadAction\",\"target\":[\"https:\\\/\\\/christinakosmeetika.ee\\\/product\\\/christina-wish-day-eye-cream-spf-8\\\/\"]}]},{\"@type\":\"ImageObject\",\"inLanguage\":\"et\",\"@id\":\"https:\\\/\\\/christinakosmeetika.ee\\\/product\\\/christina-wish-day-eye-cream-spf-8\\\/#primaryimage\",\"url\":\"https:\\\/\\\/christinakosmeetika.ee\\\/wp-content\\\/uploads\\\/2021\\\/05\\\/day-eye-cream-spf-8-450.jpg\",\"contentUrl\":\"https:\\\/\\\/christinakosmeetika.ee\\\/wp-content\\\/uploads\\\/2021\\\/05\\\/day-eye-cream-spf-8-450.jpg\",\"width\":450,\"height\":450},{\"@type\":\"BreadcrumbList\",\"@id\":\"https:\\\/\\\/christinakosmeetika.ee\\\/product\\\/christina-wish-day-eye-cream-spf-8\\\/#breadcrumb\",\"itemListElement\":[{\"@type\":\"ListItem\",\"position\":1,\"name\":\"\u0413\u043b\u0430\u0432\u043d\u0430\u044f \u0441\u0442\u0440\u0430\u043d\u0438\u0446\u0430\",\"item\":\"https:\\\/\\\/christinakosmeetika.ee\\\/et\\\/\"},{\"@type\":\"ListItem\",\"position\":2,\"name\":\"Pood\",\"item\":\"https:\\\/\\\/christinakosmeetika.ee\\\/et\\\/shop\\\/\"},{\"@type\":\"ListItem\",\"position\":3,\"name\":\"WISH Day Eye Cream SPF-8 30ml CHR452\"}]},{\"@type\":\"WebSite\",\"@id\":\"https:\\\/\\\/christinakosmeetika.ee\\\/#website\",\"url\":\"https:\\\/\\\/christinakosmeetika.ee\\\/\",\"name\":\"Christinakosmeetika\",\"description\":\"Christina kosmeetika Eestis\",\"alternateName\":\"Christina kosmeetika Eestis\",\"potentialAction\":[{\"@type\":\"SearchAction\",\"target\":{\"@type\":\"EntryPoint\",\"urlTemplate\":\"https:\\\/\\\/christinakosmeetika.ee\\\/?s={search_term_string}\"},\"query-input\":{\"@type\":\"PropertyValueSpecification\",\"valueRequired\":true,\"valueName\":\"search_term_string\"}}],\"inLanguage\":\"et\"}]}<\/script>\n<!-- \/ Yoast SEO plugin. -->","yoast_head_json":{"title":"WISH Day Eye Cream SPF-8 30ml CHR452 - Christinakosmeetika","description":"P\u00e4evakreem silma\u00fcmbrusele kaitseb nahka t\u00f5husalt ebasoodsate v\u00e4listegurite eest ja tagab UV-kaitse.","robots":{"index":"index","follow":"follow","max-snippet":"max-snippet:-1","max-image-preview":"max-image-preview:large","max-video-preview":"max-video-preview:-1"},"canonical":"https:\/\/christinakosmeetika.ee\/product\/christina-wish-day-eye-cream-spf-8\/","og_locale":"et_EE","og_type":"article","og_title":"WISH Day Eye Cream SPF-8 30ml CHR452 - Christinakosmeetika","og_description":"P\u00e4evakreem silma\u00fcmbrusele kaitseb nahka t\u00f5husalt ebasoodsate v\u00e4listegurite eest ja tagab UV-kaitse.","og_url":"https:\/\/christinakosmeetika.ee\/product\/christina-wish-day-eye-cream-spf-8\/","og_site_name":"Christinakosmeetika","article_modified_time":"2026-04-15T17:08:10+00:00","og_image":[{"width":450,"height":450,"url":"https:\/\/christinakosmeetika.ee\/wp-content\/uploads\/2021\/05\/day-eye-cream-spf-8-450.jpg","type":"image\/jpeg"}],"twitter_card":"summary_large_image","twitter_misc":{"Est. reading time":"2 minutit"},"schema":{"@context":"https:\/\/schema.org","@graph":[{"@type":"WebPage","@id":"https:\/\/christinakosmeetika.ee\/product\/christina-wish-day-eye-cream-spf-8\/","url":"https:\/\/christinakosmeetika.ee\/product\/christina-wish-day-eye-cream-spf-8\/","name":"WISH Day Eye Cream SPF-8 30ml CHR452 - Christinakosmeetika","isPartOf":{"@id":"https:\/\/christinakosmeetika.ee\/#website"},"primaryImageOfPage":{"@id":"https:\/\/christinakosmeetika.ee\/product\/christina-wish-day-eye-cream-spf-8\/#primaryimage"},"image":{"@id":"https:\/\/christinakosmeetika.ee\/product\/christina-wish-day-eye-cream-spf-8\/#primaryimage"},"thumbnailUrl":"https:\/\/christinakosmeetika.ee\/wp-content\/uploads\/2021\/05\/day-eye-cream-spf-8-450.jpg","datePublished":"2021-05-04T04:23:56+00:00","dateModified":"2026-04-15T17:08:10+00:00","description":"P\u00e4evakreem silma\u00fcmbrusele kaitseb nahka t\u00f5husalt ebasoodsate v\u00e4listegurite eest ja tagab UV-kaitse.","breadcrumb":{"@id":"https:\/\/christinakosmeetika.ee\/product\/christina-wish-day-eye-cream-spf-8\/#breadcrumb"},"inLanguage":"et","potentialAction":[{"@type":"ReadAction","target":["https:\/\/christinakosmeetika.ee\/product\/christina-wish-day-eye-cream-spf-8\/"]}]},{"@type":"ImageObject","inLanguage":"et","@id":"https:\/\/christinakosmeetika.ee\/product\/christina-wish-day-eye-cream-spf-8\/#primaryimage","url":"https:\/\/christinakosmeetika.ee\/wp-content\/uploads\/2021\/05\/day-eye-cream-spf-8-450.jpg","contentUrl":"https:\/\/christinakosmeetika.ee\/wp-content\/uploads\/2021\/05\/day-eye-cream-spf-8-450.jpg","width":450,"height":450},{"@type":"BreadcrumbList","@id":"https:\/\/christinakosmeetika.ee\/product\/christina-wish-day-eye-cream-spf-8\/#breadcrumb","itemListElement":[{"@type":"ListItem","position":1,"name":"\u0413\u043b\u0430\u0432\u043d\u0430\u044f \u0441\u0442\u0440\u0430\u043d\u0438\u0446\u0430","item":"https:\/\/christinakosmeetika.ee\/et\/"},{"@type":"ListItem","position":2,"name":"Pood","item":"https:\/\/christinakosmeetika.ee\/et\/shop\/"},{"@type":"ListItem","position":3,"name":"WISH Day Eye Cream SPF-8 30ml CHR452"}]},{"@type":"WebSite","@id":"https:\/\/christinakosmeetika.ee\/#website","url":"https:\/\/christinakosmeetika.ee\/","name":"Christinakosmeetika","description":"Christina kosmeetika Eestis","alternateName":"Christina kosmeetika Eestis","potentialAction":[{"@type":"SearchAction","target":{"@type":"EntryPoint","urlTemplate":"https:\/\/christinakosmeetika.ee\/?s={search_term_string}"},"query-input":{"@type":"PropertyValueSpecification","valueRequired":true,"valueName":"search_term_string"}}],"inLanguage":"et"}]}},"_links":{"self":[{"href":"https:\/\/christinakosmeetika.ee\/et\/wp-json\/wp\/v2\/product\/2103","targetHints":{"allow":["GET"]}}],"collection":[{"href":"https:\/\/christinakosmeetika.ee\/et\/wp-json\/wp\/v2\/product"}],"about":[{"href":"https:\/\/christinakosmeetika.ee\/et\/wp-json\/wp\/v2\/types\/product"}],"wp:featuredmedia":[{"embeddable":true,"href":"https:\/\/christinakosmeetika.ee\/et\/wp-json\/wp\/v2\/media\/5436"}],"wp:attachment":[{"href":"https:\/\/christinakosmeetika.ee\/et\/wp-json\/wp\/v2\/media?parent=2103"}],"wp:term":[{"taxonomy":"product_brand","embeddable":true,"href":"https:\/\/christinakosmeetika.ee\/et\/wp-json\/wp\/v2\/product_brand?post=2103"},{"taxonomy":"product_cat","embeddable":true,"href":"https:\/\/christinakosmeetika.ee\/et\/wp-json\/wp\/v2\/product_cat?post=2103"},{"taxonomy":"product_tag","embeddable":true,"href":"https:\/\/christinakosmeetika.ee\/et\/wp-json\/wp\/v2\/product_tag?post=2103"}],"curies":[{"name":"wp","href":"https:\/\/api.w.org\/{rel}","templated":true}]}}