{"id":2093,"date":"2021-05-04T05:24:15","date_gmt":"2021-05-04T05:24:15","guid":{"rendered":"http:\/\/christinakosmeetika.ee\/product\/christina-silk-upgrade-cream\/"},"modified":"2026-04-15T19:52:34","modified_gmt":"2026-04-15T16:52:34","slug":"christina-silk-upgrade-cream-et","status":"publish","type":"product","link":"https:\/\/christinakosmeetika.ee\/et\/toode\/christina-silk-upgrade-cream-et\/","title":{"rendered":"CHRISTINA SILK Upgrade Cream 50ml CHR731"},"content":{"rendered":"<section class=\"av_textblock_section \">\n<div class=\"avia_textblock \">\n<section class=\"av_textblock_section \">\n<div class=\"avia_textblock \">\n<p>SILK Upgrade Cream toidab, kaitseb ja parandab naha kvaliteeti. See keskmise tihedusega kreem on rikastatud antioks\u00fcdantide, taimsete ekstraktide, mooruspuu siidilipiidide ja niisutavate komponentidega. See pakub niisutavat, pehmendavat, p\u00f5letikuvastast ja haavu parandavat toimet. See leevendab \u00e4rritust, muutes naha \u00f5rnaks, siledaks, elastseks ja tervislikuks. Kreem ei sisalda p\u00e4ikesekaitsefiltreid ning seda v\u00f5ib kasutada nii hommikul kui ka \u00f5htul.<\/p>\n<p>V\u00e4\u00e4rtuslike \u00f5lide ja rasvhapete, nagu linoleenhape ja linoolhape, segu loob nahale usaldusv\u00e4\u00e4rse kaitsebarj\u00e4\u00e4ri.<\/p>\n<p><strong>Kasutusjuhised:<\/strong><\/p>\n<p>Kandke \u00f5hukese kihina kogu n\u00e4ole ja kaelale. V\u00f5ib kasutada igal \u00f5htul ning ka hommikul meigialusena.<\/p>\n<\/div>\n<\/section>\n<section class=\"av_textblock_section \">\n<div class=\"avia_textblock \"><\/div>\n<\/section>\n<section class=\"av_textblock_section \">\n<div class=\"avia_textblock \">\n<p><strong>Koostis:<\/strong><\/p>\n<p>Deionized Water (Aqua), Propylene Glycol, Hexylene Glycol, Glucose, Fructose, Sucrose, Carbomer, Glyceryl stearate,Isostearyl Isostearate, Ethoxydiglycol, Squalane, Phenoxyethanol&amp;, Caprylyl Glycol, Cetyl Alcohol, Aloe Barbadensis Leaf Extarct, Mimosa Tenuiflora Bark Extract, Butyrospermum Parkii (Shea Butter), Phenyl Trimethicone, Calendula Officinalis Flower Extract, Sodium Hydroxide, Chlorphenesin, Phospholipids, Tocopheryl Acetate, Hyaluronic Acid, Retinyl Palmitate, Linoleic Acid&amp;, Linolenic acid, Allantoin, Hydrolyzed silk<\/p>\n<\/div>\n<\/section>\n<\/div>\n<\/section>\n","protected":false},"excerpt":{"rendered":"<h4>N\u00e4onaha rakkude uuendamise kreem<\/h4>\n","protected":false},"featured_media":5371,"template":"","meta":[],"product_brand":[],"product_cat":[149,488],"product_tag":[],"class_list":{"0":"post-2093","1":"product","2":"type-product","3":"status-publish","4":"has-post-thumbnail","6":"product_cat-kreem","7":"product_cat-silk-et","8":"product_shipping_class-smart-itella-post","9":"pa_linii-kosmetiki-silk-et","10":"pa_reshenie-problem-ebauhtlane-nahatekstuur","11":"pa_reshenie-problem-vahenenud-elastsus","12":"pa_reshenie-problem-suhost","13":"pa_reshenie-problem-vananemise-margid","14":"pa_tip-kozi-kuiv-et","15":"pa_tip-kozi-normaalne-et","16":"pa_tip-preparata-kreem","17":"pa_vremja-primenenija-oine","18":"pa_vremja-primenenija-paevane","20":"first","21":"instock","22":"taxable","23":"shipping-taxable","24":"purchasable","25":"product-type-simple"},"yoast_head":"<!-- This site is optimized with the Yoast SEO plugin v27.5 - https:\/\/yoast.com\/product\/yoast-seo-wordpress\/ -->\n<title>CHRISTINA SILK Upgrade Cream 50ml CHR731 - Christinakosmeetika<\/title>\n<meta name=\"description\" content=\"Niisutab, pehmendab ning omab p\u00f5letikuvastast ja tervendavat toimet. Leevendab \u00e4rritust, muutes naha \u00f5rnaks, siledaks ja elastseks ning andes sellele terve v\u00e4ljan\u00e4gemise.\" \/>\n<meta name=\"robots\" content=\"index, follow, max-snippet:-1, max-image-preview:large, max-video-preview:-1\" \/>\n<link rel=\"canonical\" href=\"https:\/\/christinakosmeetika.ee\/et\/toode\/christina-silk-upgrade-cream-et\/\" \/>\n<meta property=\"og:locale\" content=\"et_EE\" \/>\n<meta property=\"og:type\" content=\"article\" \/>\n<meta property=\"og:title\" content=\"CHRISTINA SILK Upgrade Cream 50ml CHR731 - Christinakosmeetika\" \/>\n<meta property=\"og:description\" content=\"Niisutab, pehmendab ning omab p\u00f5letikuvastast ja tervendavat toimet. Leevendab \u00e4rritust, muutes naha \u00f5rnaks, siledaks ja elastseks ning andes sellele terve v\u00e4ljan\u00e4gemise.\" \/>\n<meta property=\"og:url\" content=\"https:\/\/christinakosmeetika.ee\/et\/toode\/christina-silk-upgrade-cream-et\/\" \/>\n<meta property=\"og:site_name\" content=\"Christinakosmeetika\" \/>\n<meta property=\"article:modified_time\" content=\"2026-04-15T16:52:34+00:00\" \/>\n<meta property=\"og:image\" content=\"https:\/\/christinakosmeetika.ee\/wp-content\/uploads\/2021\/05\/Upgrade-450-2.jpg\" \/>\n\t<meta property=\"og:image:width\" content=\"450\" \/>\n\t<meta property=\"og:image:height\" content=\"450\" \/>\n\t<meta property=\"og:image:type\" content=\"image\/jpeg\" \/>\n<meta name=\"twitter:card\" content=\"summary_large_image\" \/>\n<meta name=\"twitter:label1\" content=\"Est. reading time\" \/>\n\t<meta name=\"twitter:data1\" content=\"1 minut\" \/>\n<script type=\"application\/ld+json\" class=\"yoast-schema-graph\">{\"@context\":\"https:\\\/\\\/schema.org\",\"@graph\":[{\"@type\":\"WebPage\",\"@id\":\"https:\\\/\\\/christinakosmeetika.ee\\\/et\\\/toode\\\/christina-silk-upgrade-cream-et\\\/\",\"url\":\"https:\\\/\\\/christinakosmeetika.ee\\\/et\\\/toode\\\/christina-silk-upgrade-cream-et\\\/\",\"name\":\"CHRISTINA SILK Upgrade Cream 50ml CHR731 - Christinakosmeetika\",\"isPartOf\":{\"@id\":\"https:\\\/\\\/christinakosmeetika.ee\\\/#website\"},\"primaryImageOfPage\":{\"@id\":\"https:\\\/\\\/christinakosmeetika.ee\\\/et\\\/toode\\\/christina-silk-upgrade-cream-et\\\/#primaryimage\"},\"image\":{\"@id\":\"https:\\\/\\\/christinakosmeetika.ee\\\/et\\\/toode\\\/christina-silk-upgrade-cream-et\\\/#primaryimage\"},\"thumbnailUrl\":\"https:\\\/\\\/christinakosmeetika.ee\\\/wp-content\\\/uploads\\\/2021\\\/05\\\/Upgrade-450-2.jpg\",\"datePublished\":\"2021-05-04T05:24:15+00:00\",\"dateModified\":\"2026-04-15T16:52:34+00:00\",\"description\":\"Niisutab, pehmendab ning omab p\u00f5letikuvastast ja tervendavat toimet. Leevendab \u00e4rritust, muutes naha \u00f5rnaks, siledaks ja elastseks ning andes sellele terve v\u00e4ljan\u00e4gemise.\",\"breadcrumb\":{\"@id\":\"https:\\\/\\\/christinakosmeetika.ee\\\/et\\\/toode\\\/christina-silk-upgrade-cream-et\\\/#breadcrumb\"},\"inLanguage\":\"et\",\"potentialAction\":[{\"@type\":\"ReadAction\",\"target\":[\"https:\\\/\\\/christinakosmeetika.ee\\\/et\\\/toode\\\/christina-silk-upgrade-cream-et\\\/\"]}]},{\"@type\":\"ImageObject\",\"inLanguage\":\"et\",\"@id\":\"https:\\\/\\\/christinakosmeetika.ee\\\/et\\\/toode\\\/christina-silk-upgrade-cream-et\\\/#primaryimage\",\"url\":\"https:\\\/\\\/christinakosmeetika.ee\\\/wp-content\\\/uploads\\\/2021\\\/05\\\/Upgrade-450-2.jpg\",\"contentUrl\":\"https:\\\/\\\/christinakosmeetika.ee\\\/wp-content\\\/uploads\\\/2021\\\/05\\\/Upgrade-450-2.jpg\",\"width\":450,\"height\":450},{\"@type\":\"BreadcrumbList\",\"@id\":\"https:\\\/\\\/christinakosmeetika.ee\\\/et\\\/toode\\\/christina-silk-upgrade-cream-et\\\/#breadcrumb\",\"itemListElement\":[{\"@type\":\"ListItem\",\"position\":1,\"name\":\"\u0413\u043b\u0430\u0432\u043d\u0430\u044f \u0441\u0442\u0440\u0430\u043d\u0438\u0446\u0430\",\"item\":\"https:\\\/\\\/christinakosmeetika.ee\\\/et\\\/\"},{\"@type\":\"ListItem\",\"position\":2,\"name\":\"Pood\",\"item\":\"https:\\\/\\\/christinakosmeetika.ee\\\/et\\\/shop\\\/\"},{\"@type\":\"ListItem\",\"position\":3,\"name\":\"CHRISTINA SILK Upgrade Cream 50ml CHR731\"}]},{\"@type\":\"WebSite\",\"@id\":\"https:\\\/\\\/christinakosmeetika.ee\\\/#website\",\"url\":\"https:\\\/\\\/christinakosmeetika.ee\\\/\",\"name\":\"Christinakosmeetika\",\"description\":\"Christina kosmeetika Eestis\",\"alternateName\":\"Christina kosmeetika Eestis\",\"potentialAction\":[{\"@type\":\"SearchAction\",\"target\":{\"@type\":\"EntryPoint\",\"urlTemplate\":\"https:\\\/\\\/christinakosmeetika.ee\\\/?s={search_term_string}\"},\"query-input\":{\"@type\":\"PropertyValueSpecification\",\"valueRequired\":true,\"valueName\":\"search_term_string\"}}],\"inLanguage\":\"et\"}]}<\/script>\n<!-- \/ Yoast SEO plugin. -->","yoast_head_json":{"title":"CHRISTINA SILK Upgrade Cream 50ml CHR731 - Christinakosmeetika","description":"Niisutab, pehmendab ning omab p\u00f5letikuvastast ja tervendavat toimet. Leevendab \u00e4rritust, muutes naha \u00f5rnaks, siledaks ja elastseks ning andes sellele terve v\u00e4ljan\u00e4gemise.","robots":{"index":"index","follow":"follow","max-snippet":"max-snippet:-1","max-image-preview":"max-image-preview:large","max-video-preview":"max-video-preview:-1"},"canonical":"https:\/\/christinakosmeetika.ee\/et\/toode\/christina-silk-upgrade-cream-et\/","og_locale":"et_EE","og_type":"article","og_title":"CHRISTINA SILK Upgrade Cream 50ml CHR731 - Christinakosmeetika","og_description":"Niisutab, pehmendab ning omab p\u00f5letikuvastast ja tervendavat toimet. Leevendab \u00e4rritust, muutes naha \u00f5rnaks, siledaks ja elastseks ning andes sellele terve v\u00e4ljan\u00e4gemise.","og_url":"https:\/\/christinakosmeetika.ee\/et\/toode\/christina-silk-upgrade-cream-et\/","og_site_name":"Christinakosmeetika","article_modified_time":"2026-04-15T16:52:34+00:00","og_image":[{"width":450,"height":450,"url":"https:\/\/christinakosmeetika.ee\/wp-content\/uploads\/2021\/05\/Upgrade-450-2.jpg","type":"image\/jpeg"}],"twitter_card":"summary_large_image","twitter_misc":{"Est. reading time":"1 minut"},"schema":{"@context":"https:\/\/schema.org","@graph":[{"@type":"WebPage","@id":"https:\/\/christinakosmeetika.ee\/et\/toode\/christina-silk-upgrade-cream-et\/","url":"https:\/\/christinakosmeetika.ee\/et\/toode\/christina-silk-upgrade-cream-et\/","name":"CHRISTINA SILK Upgrade Cream 50ml CHR731 - Christinakosmeetika","isPartOf":{"@id":"https:\/\/christinakosmeetika.ee\/#website"},"primaryImageOfPage":{"@id":"https:\/\/christinakosmeetika.ee\/et\/toode\/christina-silk-upgrade-cream-et\/#primaryimage"},"image":{"@id":"https:\/\/christinakosmeetika.ee\/et\/toode\/christina-silk-upgrade-cream-et\/#primaryimage"},"thumbnailUrl":"https:\/\/christinakosmeetika.ee\/wp-content\/uploads\/2021\/05\/Upgrade-450-2.jpg","datePublished":"2021-05-04T05:24:15+00:00","dateModified":"2026-04-15T16:52:34+00:00","description":"Niisutab, pehmendab ning omab p\u00f5letikuvastast ja tervendavat toimet. Leevendab \u00e4rritust, muutes naha \u00f5rnaks, siledaks ja elastseks ning andes sellele terve v\u00e4ljan\u00e4gemise.","breadcrumb":{"@id":"https:\/\/christinakosmeetika.ee\/et\/toode\/christina-silk-upgrade-cream-et\/#breadcrumb"},"inLanguage":"et","potentialAction":[{"@type":"ReadAction","target":["https:\/\/christinakosmeetika.ee\/et\/toode\/christina-silk-upgrade-cream-et\/"]}]},{"@type":"ImageObject","inLanguage":"et","@id":"https:\/\/christinakosmeetika.ee\/et\/toode\/christina-silk-upgrade-cream-et\/#primaryimage","url":"https:\/\/christinakosmeetika.ee\/wp-content\/uploads\/2021\/05\/Upgrade-450-2.jpg","contentUrl":"https:\/\/christinakosmeetika.ee\/wp-content\/uploads\/2021\/05\/Upgrade-450-2.jpg","width":450,"height":450},{"@type":"BreadcrumbList","@id":"https:\/\/christinakosmeetika.ee\/et\/toode\/christina-silk-upgrade-cream-et\/#breadcrumb","itemListElement":[{"@type":"ListItem","position":1,"name":"\u0413\u043b\u0430\u0432\u043d\u0430\u044f \u0441\u0442\u0440\u0430\u043d\u0438\u0446\u0430","item":"https:\/\/christinakosmeetika.ee\/et\/"},{"@type":"ListItem","position":2,"name":"Pood","item":"https:\/\/christinakosmeetika.ee\/et\/shop\/"},{"@type":"ListItem","position":3,"name":"CHRISTINA SILK Upgrade Cream 50ml CHR731"}]},{"@type":"WebSite","@id":"https:\/\/christinakosmeetika.ee\/#website","url":"https:\/\/christinakosmeetika.ee\/","name":"Christinakosmeetika","description":"Christina kosmeetika Eestis","alternateName":"Christina kosmeetika Eestis","potentialAction":[{"@type":"SearchAction","target":{"@type":"EntryPoint","urlTemplate":"https:\/\/christinakosmeetika.ee\/?s={search_term_string}"},"query-input":{"@type":"PropertyValueSpecification","valueRequired":true,"valueName":"search_term_string"}}],"inLanguage":"et"}]}},"_links":{"self":[{"href":"https:\/\/christinakosmeetika.ee\/et\/wp-json\/wp\/v2\/product\/2093","targetHints":{"allow":["GET"]}}],"collection":[{"href":"https:\/\/christinakosmeetika.ee\/et\/wp-json\/wp\/v2\/product"}],"about":[{"href":"https:\/\/christinakosmeetika.ee\/et\/wp-json\/wp\/v2\/types\/product"}],"wp:featuredmedia":[{"embeddable":true,"href":"https:\/\/christinakosmeetika.ee\/et\/wp-json\/wp\/v2\/media\/5371"}],"wp:attachment":[{"href":"https:\/\/christinakosmeetika.ee\/et\/wp-json\/wp\/v2\/media?parent=2093"}],"wp:term":[{"taxonomy":"product_brand","embeddable":true,"href":"https:\/\/christinakosmeetika.ee\/et\/wp-json\/wp\/v2\/product_brand?post=2093"},{"taxonomy":"product_cat","embeddable":true,"href":"https:\/\/christinakosmeetika.ee\/et\/wp-json\/wp\/v2\/product_cat?post=2093"},{"taxonomy":"product_tag","embeddable":true,"href":"https:\/\/christinakosmeetika.ee\/et\/wp-json\/wp\/v2\/product_tag?post=2093"}],"curies":[{"name":"wp","href":"https:\/\/api.w.org\/{rel}","templated":true}]}}