{"id":2090,"date":"2021-05-05T11:29:57","date_gmt":"2021-05-05T11:29:57","guid":{"rendered":"http:\/\/christinakosmeetika.ee\/product\/christina-silk-eye-lift\/"},"modified":"2026-04-15T19:49:38","modified_gmt":"2026-04-15T16:49:38","slug":"christina-silk-eye-lift-et","status":"publish","type":"product","link":"https:\/\/christinakosmeetika.ee\/et\/toode\/christina-silk-eye-lift-et\/","title":{"rendered":"CHRISTINA SILK Eye lift 30ml CHR733"},"content":{"rendered":"<section class=\"av_textblock_section \">\n<div class=\"avia_textblock \">\n<section class=\"av_textblock_section \">\n<div class=\"avia_textblock \">\n<p>CHRISTINA SILK Eye Lift Cream &#8211; toitev kreem, mis t\u00e4idab, noorendab ja silub silma\u00fcmbruse \u00f5rna nahka. Muudab selle pehmeks ja siidiseks.<\/p>\n<p>Valmistatud ainulaadse segu h\u00fcdrol\u00fc\u00fcsitud seesami proteiinidest ja oks\u00fcdoreduktaasist, parandab see mikrotsirkulatsiooni ja ainevahetusprotsesse silma\u00fcmbruse piirkonnas. Selle tulemusena v\u00e4hendab see turseid, v\u00e4hendab tumedaid ringe ja minimeerib peente joonte ilmnemist.<\/p>\n<p>See kreem, mille eesm\u00e4rk on enneaegse vananemise ennetamine, ei sisalda p\u00e4ikesekaitsekreeme, mis v\u00f5imaldab seda kasutada nii hommikul kui ka \u00f5htul. See v\u00f5itleb t\u00f5husalt tursete vastu, korrigeerib tumedaid ringe ja v\u00e4hendab kortsude ilmnemist, aidates teil s\u00e4ilitada noorusliku ja s\u00e4rava v\u00e4limuse.<\/p>\n<\/div>\n<\/section>\n<section class=\"av_textblock_section \">\n<div class=\"avia_textblock \">\n<p><strong>Kasutusmeetod:<\/strong><\/p>\n<p>Kergelt masseerides kandke \u00f5hukese kihina hommikul ja \u00f5htul silmade \u00fcmber\u00a0 puhastatud nahale<\/p>\n<\/div>\n<\/section>\n<section class=\"av_textblock_section \">\n<div class=\"avia_textblock \">\n<p><strong>Koostis:<\/strong><\/p>\n<p>Deionized Water (Aqua), Glycerin&amp;, Acrylates Copolymer&amp;, VP Polycarbamyl Polyglycol Ester &amp;, Hydrolyzed sesame protein PG-Propyl methylsilanediol, Squalane, Glyceryl stearate, PEG-100 Stearate, Hexylene Glycol, Oxido reductases &amp;, Glycine Soja (Soybean) Oil&amp;, Hydrolyzed rice bran protein, Cyclomethicone, Sodium PCA&amp;, Sodium Lactate&amp;, Fructose&amp;, Glycine &amp;, Niacinamide&amp;, Urea&amp;, Inositol, Ruscus aculeatus root extract, PEG-40 Srearate, Sorbitan Stearate, Ethylhexylglycerin&amp;, Phenoxyethanol, Tocopheryl acetate, Allantoin, Camellia Sinensis Leaf Extract, Caprylyl Glycol, Hydrolyzed silk, Chlorphenesin<\/p>\n<\/div>\n<\/section>\n<\/div>\n<\/section>\n","protected":false},"excerpt":{"rendered":"<h4>Silmade \u00fcmbruse pinguldamise kreem<\/h4>\n","protected":false},"featured_media":5365,"template":"","meta":[],"product_brand":[],"product_cat":[149],"product_tag":[],"class_list":{"0":"post-2090","1":"product","2":"type-product","3":"status-publish","4":"has-post-thumbnail","6":"product_cat-kreem","7":"product_shipping_class-smart-itella-post","8":"pa_linii-kosmetiki-silk-et","9":"pa_reshenie-problem-ebauhtlane-nahatekstuur","10":"pa_reshenie-problem-suhost","11":"pa_reshenie-problem-tumedad-ringid","12":"pa_reshenie-problem-turse-silmade-all","13":"pa_reshenie-problem-vananemise-margid","14":"pa_tip-kozi-kuiv-et","15":"pa_tip-kozi-normaalne-et","16":"pa_tip-preparata-kreem","18":"first","19":"instock","20":"taxable","21":"shipping-taxable","22":"purchasable","23":"product-type-simple"},"yoast_head":"<!-- This site is optimized with the Yoast SEO plugin v27.5 - https:\/\/yoast.com\/product\/yoast-seo-wordpress\/ -->\n<title>CHRISTINA SILK Eye lift 30ml CHR733 - Christinakosmeetika<\/title>\n<meta name=\"description\" content=\"Toitev kreem, mis t\u00e4idab, noorendab ja silub koheselt \u00f5rna silma\u00fcmbruse nahka, muutes selle pehmeks ja siidiseks.\" \/>\n<meta name=\"robots\" content=\"index, follow, max-snippet:-1, max-image-preview:large, max-video-preview:-1\" \/>\n<link rel=\"canonical\" href=\"https:\/\/christinakosmeetika.ee\/et\/toode\/christina-silk-eye-lift-et\/\" \/>\n<meta property=\"og:locale\" content=\"et_EE\" \/>\n<meta property=\"og:type\" content=\"article\" \/>\n<meta property=\"og:title\" content=\"CHRISTINA SILK Eye lift 30ml CHR733 - Christinakosmeetika\" \/>\n<meta property=\"og:description\" content=\"Toitev kreem, mis t\u00e4idab, noorendab ja silub koheselt \u00f5rna silma\u00fcmbruse nahka, muutes selle pehmeks ja siidiseks.\" \/>\n<meta property=\"og:url\" content=\"https:\/\/christinakosmeetika.ee\/et\/toode\/christina-silk-eye-lift-et\/\" \/>\n<meta property=\"og:site_name\" content=\"Christinakosmeetika\" \/>\n<meta property=\"article:modified_time\" content=\"2026-04-15T16:49:38+00:00\" \/>\n<meta property=\"og:image\" content=\"https:\/\/christinakosmeetika.ee\/wp-content\/uploads\/2021\/05\/Eye-lift-Cream-450-1.jpg\" \/>\n\t<meta property=\"og:image:width\" content=\"450\" \/>\n\t<meta property=\"og:image:height\" content=\"450\" \/>\n\t<meta property=\"og:image:type\" content=\"image\/jpeg\" \/>\n<meta name=\"twitter:card\" content=\"summary_large_image\" \/>\n<meta name=\"twitter:label1\" content=\"Est. reading time\" \/>\n\t<meta name=\"twitter:data1\" content=\"1 minut\" \/>\n<script type=\"application\/ld+json\" class=\"yoast-schema-graph\">{\"@context\":\"https:\\\/\\\/schema.org\",\"@graph\":[{\"@type\":\"WebPage\",\"@id\":\"https:\\\/\\\/christinakosmeetika.ee\\\/et\\\/toode\\\/christina-silk-eye-lift-et\\\/\",\"url\":\"https:\\\/\\\/christinakosmeetika.ee\\\/et\\\/toode\\\/christina-silk-eye-lift-et\\\/\",\"name\":\"CHRISTINA SILK Eye lift 30ml CHR733 - Christinakosmeetika\",\"isPartOf\":{\"@id\":\"https:\\\/\\\/christinakosmeetika.ee\\\/#website\"},\"primaryImageOfPage\":{\"@id\":\"https:\\\/\\\/christinakosmeetika.ee\\\/et\\\/toode\\\/christina-silk-eye-lift-et\\\/#primaryimage\"},\"image\":{\"@id\":\"https:\\\/\\\/christinakosmeetika.ee\\\/et\\\/toode\\\/christina-silk-eye-lift-et\\\/#primaryimage\"},\"thumbnailUrl\":\"https:\\\/\\\/christinakosmeetika.ee\\\/wp-content\\\/uploads\\\/2021\\\/05\\\/Eye-lift-Cream-450-1.jpg\",\"datePublished\":\"2021-05-05T11:29:57+00:00\",\"dateModified\":\"2026-04-15T16:49:38+00:00\",\"description\":\"Toitev kreem, mis t\u00e4idab, noorendab ja silub koheselt \u00f5rna silma\u00fcmbruse nahka, muutes selle pehmeks ja siidiseks.\",\"breadcrumb\":{\"@id\":\"https:\\\/\\\/christinakosmeetika.ee\\\/et\\\/toode\\\/christina-silk-eye-lift-et\\\/#breadcrumb\"},\"inLanguage\":\"et\",\"potentialAction\":[{\"@type\":\"ReadAction\",\"target\":[\"https:\\\/\\\/christinakosmeetika.ee\\\/et\\\/toode\\\/christina-silk-eye-lift-et\\\/\"]}]},{\"@type\":\"ImageObject\",\"inLanguage\":\"et\",\"@id\":\"https:\\\/\\\/christinakosmeetika.ee\\\/et\\\/toode\\\/christina-silk-eye-lift-et\\\/#primaryimage\",\"url\":\"https:\\\/\\\/christinakosmeetika.ee\\\/wp-content\\\/uploads\\\/2021\\\/05\\\/Eye-lift-Cream-450-1.jpg\",\"contentUrl\":\"https:\\\/\\\/christinakosmeetika.ee\\\/wp-content\\\/uploads\\\/2021\\\/05\\\/Eye-lift-Cream-450-1.jpg\",\"width\":450,\"height\":450},{\"@type\":\"BreadcrumbList\",\"@id\":\"https:\\\/\\\/christinakosmeetika.ee\\\/et\\\/toode\\\/christina-silk-eye-lift-et\\\/#breadcrumb\",\"itemListElement\":[{\"@type\":\"ListItem\",\"position\":1,\"name\":\"\u0413\u043b\u0430\u0432\u043d\u0430\u044f \u0441\u0442\u0440\u0430\u043d\u0438\u0446\u0430\",\"item\":\"https:\\\/\\\/christinakosmeetika.ee\\\/et\\\/\"},{\"@type\":\"ListItem\",\"position\":2,\"name\":\"Pood\",\"item\":\"https:\\\/\\\/christinakosmeetika.ee\\\/et\\\/shop\\\/\"},{\"@type\":\"ListItem\",\"position\":3,\"name\":\"CHRISTINA SILK Eye lift 30ml CHR733\"}]},{\"@type\":\"WebSite\",\"@id\":\"https:\\\/\\\/christinakosmeetika.ee\\\/#website\",\"url\":\"https:\\\/\\\/christinakosmeetika.ee\\\/\",\"name\":\"Christinakosmeetika\",\"description\":\"Christina kosmeetika Eestis\",\"alternateName\":\"Christina kosmeetika Eestis\",\"potentialAction\":[{\"@type\":\"SearchAction\",\"target\":{\"@type\":\"EntryPoint\",\"urlTemplate\":\"https:\\\/\\\/christinakosmeetika.ee\\\/?s={search_term_string}\"},\"query-input\":{\"@type\":\"PropertyValueSpecification\",\"valueRequired\":true,\"valueName\":\"search_term_string\"}}],\"inLanguage\":\"et\"}]}<\/script>\n<!-- \/ Yoast SEO plugin. -->","yoast_head_json":{"title":"CHRISTINA SILK Eye lift 30ml CHR733 - Christinakosmeetika","description":"Toitev kreem, mis t\u00e4idab, noorendab ja silub koheselt \u00f5rna silma\u00fcmbruse nahka, muutes selle pehmeks ja siidiseks.","robots":{"index":"index","follow":"follow","max-snippet":"max-snippet:-1","max-image-preview":"max-image-preview:large","max-video-preview":"max-video-preview:-1"},"canonical":"https:\/\/christinakosmeetika.ee\/et\/toode\/christina-silk-eye-lift-et\/","og_locale":"et_EE","og_type":"article","og_title":"CHRISTINA SILK Eye lift 30ml CHR733 - Christinakosmeetika","og_description":"Toitev kreem, mis t\u00e4idab, noorendab ja silub koheselt \u00f5rna silma\u00fcmbruse nahka, muutes selle pehmeks ja siidiseks.","og_url":"https:\/\/christinakosmeetika.ee\/et\/toode\/christina-silk-eye-lift-et\/","og_site_name":"Christinakosmeetika","article_modified_time":"2026-04-15T16:49:38+00:00","og_image":[{"width":450,"height":450,"url":"https:\/\/christinakosmeetika.ee\/wp-content\/uploads\/2021\/05\/Eye-lift-Cream-450-1.jpg","type":"image\/jpeg"}],"twitter_card":"summary_large_image","twitter_misc":{"Est. reading time":"1 minut"},"schema":{"@context":"https:\/\/schema.org","@graph":[{"@type":"WebPage","@id":"https:\/\/christinakosmeetika.ee\/et\/toode\/christina-silk-eye-lift-et\/","url":"https:\/\/christinakosmeetika.ee\/et\/toode\/christina-silk-eye-lift-et\/","name":"CHRISTINA SILK Eye lift 30ml CHR733 - Christinakosmeetika","isPartOf":{"@id":"https:\/\/christinakosmeetika.ee\/#website"},"primaryImageOfPage":{"@id":"https:\/\/christinakosmeetika.ee\/et\/toode\/christina-silk-eye-lift-et\/#primaryimage"},"image":{"@id":"https:\/\/christinakosmeetika.ee\/et\/toode\/christina-silk-eye-lift-et\/#primaryimage"},"thumbnailUrl":"https:\/\/christinakosmeetika.ee\/wp-content\/uploads\/2021\/05\/Eye-lift-Cream-450-1.jpg","datePublished":"2021-05-05T11:29:57+00:00","dateModified":"2026-04-15T16:49:38+00:00","description":"Toitev kreem, mis t\u00e4idab, noorendab ja silub koheselt \u00f5rna silma\u00fcmbruse nahka, muutes selle pehmeks ja siidiseks.","breadcrumb":{"@id":"https:\/\/christinakosmeetika.ee\/et\/toode\/christina-silk-eye-lift-et\/#breadcrumb"},"inLanguage":"et","potentialAction":[{"@type":"ReadAction","target":["https:\/\/christinakosmeetika.ee\/et\/toode\/christina-silk-eye-lift-et\/"]}]},{"@type":"ImageObject","inLanguage":"et","@id":"https:\/\/christinakosmeetika.ee\/et\/toode\/christina-silk-eye-lift-et\/#primaryimage","url":"https:\/\/christinakosmeetika.ee\/wp-content\/uploads\/2021\/05\/Eye-lift-Cream-450-1.jpg","contentUrl":"https:\/\/christinakosmeetika.ee\/wp-content\/uploads\/2021\/05\/Eye-lift-Cream-450-1.jpg","width":450,"height":450},{"@type":"BreadcrumbList","@id":"https:\/\/christinakosmeetika.ee\/et\/toode\/christina-silk-eye-lift-et\/#breadcrumb","itemListElement":[{"@type":"ListItem","position":1,"name":"\u0413\u043b\u0430\u0432\u043d\u0430\u044f \u0441\u0442\u0440\u0430\u043d\u0438\u0446\u0430","item":"https:\/\/christinakosmeetika.ee\/et\/"},{"@type":"ListItem","position":2,"name":"Pood","item":"https:\/\/christinakosmeetika.ee\/et\/shop\/"},{"@type":"ListItem","position":3,"name":"CHRISTINA SILK Eye lift 30ml CHR733"}]},{"@type":"WebSite","@id":"https:\/\/christinakosmeetika.ee\/#website","url":"https:\/\/christinakosmeetika.ee\/","name":"Christinakosmeetika","description":"Christina kosmeetika Eestis","alternateName":"Christina kosmeetika Eestis","potentialAction":[{"@type":"SearchAction","target":{"@type":"EntryPoint","urlTemplate":"https:\/\/christinakosmeetika.ee\/?s={search_term_string}"},"query-input":{"@type":"PropertyValueSpecification","valueRequired":true,"valueName":"search_term_string"}}],"inLanguage":"et"}]}},"_links":{"self":[{"href":"https:\/\/christinakosmeetika.ee\/et\/wp-json\/wp\/v2\/product\/2090","targetHints":{"allow":["GET"]}}],"collection":[{"href":"https:\/\/christinakosmeetika.ee\/et\/wp-json\/wp\/v2\/product"}],"about":[{"href":"https:\/\/christinakosmeetika.ee\/et\/wp-json\/wp\/v2\/types\/product"}],"wp:featuredmedia":[{"embeddable":true,"href":"https:\/\/christinakosmeetika.ee\/et\/wp-json\/wp\/v2\/media\/5365"}],"wp:attachment":[{"href":"https:\/\/christinakosmeetika.ee\/et\/wp-json\/wp\/v2\/media?parent=2090"}],"wp:term":[{"taxonomy":"product_brand","embeddable":true,"href":"https:\/\/christinakosmeetika.ee\/et\/wp-json\/wp\/v2\/product_brand?post=2090"},{"taxonomy":"product_cat","embeddable":true,"href":"https:\/\/christinakosmeetika.ee\/et\/wp-json\/wp\/v2\/product_cat?post=2090"},{"taxonomy":"product_tag","embeddable":true,"href":"https:\/\/christinakosmeetika.ee\/et\/wp-json\/wp\/v2\/product_tag?post=2090"}],"curies":[{"name":"wp","href":"https:\/\/api.w.org\/{rel}","templated":true}]}}