{"id":2086,"date":"2021-05-05T11:37:28","date_gmt":"2021-05-05T11:37:28","guid":{"rendered":"http:\/\/christinakosmeetika.ee\/product\/christina-silk-uplift\/"},"modified":"2026-04-15T19:42:12","modified_gmt":"2026-04-15T16:42:12","slug":"christina-silk-uplift-et","status":"publish","type":"product","link":"https:\/\/christinakosmeetika.ee\/et\/toode\/christina-silk-uplift-et\/","title":{"rendered":"CHRISTINA SILK Uplift Cream 50ml CHR732"},"content":{"rendered":"<section class=\"av_textblock_section \">\n<div class=\"avia_textblock \">\n<section class=\"av_textblock_section \">\n<div class=\"avia_textblock \">\n<p>CHRISTINA SILK Uplift Cream on rikkalik lipiididega kreem, mis s\u00fcgavalt ja intensiivselt toidab nahka, taastab ja s\u00e4ilitab kaitsev h\u00fcdro-lipiidse kihi ning tugevdab naha immuunsust. Selle v\u00f5imsad antioks\u00fcdantsed omadused niisutavad t\u00f5husalt nahka, taastavad elastsuse ning leevendavad \u00e4rritust.<\/p>\n<p>Kreemi pinguldav toime, saavutatud h\u00fcdrol\u00fc\u00fcsitud seesamiseemne proteiini abil, muutub m\u00e4rgatavaks juba m\u00f5ne minuti jooksul p\u00e4rast pealekandmist. Nahk muutub m\u00e4rgatavalt pinguldatuks, siledaks ja siidiseks.<\/p>\n<p>CHRISTINA SILK Uplift Cream ei sisalda p\u00e4ikesekaitsefiltreid ning seda v\u00f5ib kasutada nii hommikul kui ka \u00f5htul. Selle t\u00e4iustatud koostis tagab intensiivse toitumise, noorendava toime ning n\u00e4htava t\u00f5stva efekti, muutes teie naha v\u00e4rskemaks, elastsemaks ja s\u00e4delevaks.<\/p>\n<p><strong>Kasutusjuhised:<\/strong><\/p>\n<p>Kandke kreem \u00f5hukese kihina n\u00e4o ja kaela nahale. V\u00f5ite seda kasutada igal \u00f5htul ning hommikul meigialusena.<\/p>\n<\/div>\n<\/section>\n<section class=\"av_textblock_section \">\n<div class=\"avia_textblock \"><\/div>\n<\/section>\n<section class=\"av_textblock_section \">\n<div class=\"avia_textblock \">\n<p><strong>Koostis:<\/strong><\/p>\n<p>Deionized Water (Aqua), Glycerin&amp;, Acrylates Copolymer&amp;, VP Polycarbamyl Polyglycol Ester &amp;, Hydrolyzed sesame protein PG-Propyl<br \/>\nmethylsilanediol, Squalane, Cetearyl ethylhexanoate, Sodium PCA&amp;, Sodium Lactate&amp;, Fructose&amp;, Glycine &amp;, Niacinamide&amp;, Urea&amp;, Inositol, Cyclomethicone, Petrolatum, Ceteth-20, Steareth-20, Phenoxyethanol&amp;, Ethylhexylglycerin, Tocopheryl Acertate, Allantoin, Ammonium Acryloyldimethyltaurate\/VP Copolymer, Cimicifuga racemosa root extractCamellia Sinensis Leaf Extract, Caprylyl Glycol, Fragrance, Citric acid, Tilia cordata flower extract, Hydrolyzed silk, Chlorphenesin<\/p>\n<\/div>\n<\/section>\n<\/div>\n<\/section>\n","protected":false},"excerpt":{"rendered":"<h4>N\u00e4onaha pinguldamise kreem<\/h4>\n","protected":false},"featured_media":5375,"template":"","meta":[],"product_brand":[],"product_cat":[149,488],"product_tag":[],"class_list":{"0":"post-2086","1":"product","2":"type-product","3":"status-publish","4":"has-post-thumbnail","6":"product_cat-kreem","7":"product_cat-silk-et","8":"product_shipping_class-smart-itella-post","9":"pa_linii-kosmetiki-silk-et","10":"pa_reshenie-problem-dehudratsioon","11":"pa_reshenie-problem-ebauhtlane-nahatekstuur","12":"pa_reshenie-problem-vahenenud-elastsus","13":"pa_reshenie-problem-vananemise-margid","14":"pa_tip-kozi-kombi-et","15":"pa_tip-kozi-kuiv-et","16":"pa_tip-kozi-normaalne-et","17":"pa_tip-preparata-kreem","18":"pa_vremja-primenenija-oine","19":"pa_vremja-primenenija-paevane","21":"first","22":"instock","23":"taxable","24":"shipping-taxable","25":"purchasable","26":"product-type-simple"},"yoast_head":"<!-- This site is optimized with the Yoast SEO plugin v27.5 - https:\/\/yoast.com\/product\/yoast-seo-wordpress\/ -->\n<title>CHRISTINA SILK Uplift Cream 50ml CHR732 - Christinakosmeetika<\/title>\n<meta name=\"description\" content=\"Selle kreemi pinguldav toime, mis saavutatakse h\u00fcdrol\u00fc\u00fcsitud seesamiproteiini abil, muutub m\u00e4rgatavaks juba m\u00f5ne minuti jooksul p\u00e4rast pealekandmist.\" \/>\n<meta name=\"robots\" content=\"index, follow, max-snippet:-1, max-image-preview:large, max-video-preview:-1\" \/>\n<link rel=\"canonical\" href=\"https:\/\/christinakosmeetika.ee\/et\/toode\/christina-silk-uplift-et\/\" \/>\n<meta property=\"og:locale\" content=\"et_EE\" \/>\n<meta property=\"og:type\" content=\"article\" \/>\n<meta property=\"og:title\" content=\"CHRISTINA SILK Uplift Cream 50ml CHR732 - Christinakosmeetika\" \/>\n<meta property=\"og:description\" content=\"Selle kreemi pinguldav toime, mis saavutatakse h\u00fcdrol\u00fc\u00fcsitud seesamiproteiini abil, muutub m\u00e4rgatavaks juba m\u00f5ne minuti jooksul p\u00e4rast pealekandmist.\" \/>\n<meta property=\"og:url\" content=\"https:\/\/christinakosmeetika.ee\/et\/toode\/christina-silk-uplift-et\/\" \/>\n<meta property=\"og:site_name\" content=\"Christinakosmeetika\" \/>\n<meta property=\"article:modified_time\" content=\"2026-04-15T16:42:12+00:00\" \/>\n<meta property=\"og:image\" content=\"https:\/\/christinakosmeetika.ee\/wp-content\/uploads\/2021\/05\/Uplift-450-2.jpg\" \/>\n\t<meta property=\"og:image:width\" content=\"450\" \/>\n\t<meta property=\"og:image:height\" content=\"450\" \/>\n\t<meta property=\"og:image:type\" content=\"image\/jpeg\" \/>\n<meta name=\"twitter:card\" content=\"summary_large_image\" \/>\n<meta name=\"twitter:label1\" content=\"Est. reading time\" \/>\n\t<meta name=\"twitter:data1\" content=\"1 minut\" \/>\n<script type=\"application\/ld+json\" class=\"yoast-schema-graph\">{\"@context\":\"https:\\\/\\\/schema.org\",\"@graph\":[{\"@type\":\"WebPage\",\"@id\":\"https:\\\/\\\/christinakosmeetika.ee\\\/et\\\/toode\\\/christina-silk-uplift-et\\\/\",\"url\":\"https:\\\/\\\/christinakosmeetika.ee\\\/et\\\/toode\\\/christina-silk-uplift-et\\\/\",\"name\":\"CHRISTINA SILK Uplift Cream 50ml CHR732 - Christinakosmeetika\",\"isPartOf\":{\"@id\":\"https:\\\/\\\/christinakosmeetika.ee\\\/#website\"},\"primaryImageOfPage\":{\"@id\":\"https:\\\/\\\/christinakosmeetika.ee\\\/et\\\/toode\\\/christina-silk-uplift-et\\\/#primaryimage\"},\"image\":{\"@id\":\"https:\\\/\\\/christinakosmeetika.ee\\\/et\\\/toode\\\/christina-silk-uplift-et\\\/#primaryimage\"},\"thumbnailUrl\":\"https:\\\/\\\/christinakosmeetika.ee\\\/wp-content\\\/uploads\\\/2021\\\/05\\\/Uplift-450-2.jpg\",\"datePublished\":\"2021-05-05T11:37:28+00:00\",\"dateModified\":\"2026-04-15T16:42:12+00:00\",\"description\":\"Selle kreemi pinguldav toime, mis saavutatakse h\u00fcdrol\u00fc\u00fcsitud seesamiproteiini abil, muutub m\u00e4rgatavaks juba m\u00f5ne minuti jooksul p\u00e4rast pealekandmist.\",\"breadcrumb\":{\"@id\":\"https:\\\/\\\/christinakosmeetika.ee\\\/et\\\/toode\\\/christina-silk-uplift-et\\\/#breadcrumb\"},\"inLanguage\":\"et\",\"potentialAction\":[{\"@type\":\"ReadAction\",\"target\":[\"https:\\\/\\\/christinakosmeetika.ee\\\/et\\\/toode\\\/christina-silk-uplift-et\\\/\"]}]},{\"@type\":\"ImageObject\",\"inLanguage\":\"et\",\"@id\":\"https:\\\/\\\/christinakosmeetika.ee\\\/et\\\/toode\\\/christina-silk-uplift-et\\\/#primaryimage\",\"url\":\"https:\\\/\\\/christinakosmeetika.ee\\\/wp-content\\\/uploads\\\/2021\\\/05\\\/Uplift-450-2.jpg\",\"contentUrl\":\"https:\\\/\\\/christinakosmeetika.ee\\\/wp-content\\\/uploads\\\/2021\\\/05\\\/Uplift-450-2.jpg\",\"width\":450,\"height\":450},{\"@type\":\"BreadcrumbList\",\"@id\":\"https:\\\/\\\/christinakosmeetika.ee\\\/et\\\/toode\\\/christina-silk-uplift-et\\\/#breadcrumb\",\"itemListElement\":[{\"@type\":\"ListItem\",\"position\":1,\"name\":\"\u0413\u043b\u0430\u0432\u043d\u0430\u044f \u0441\u0442\u0440\u0430\u043d\u0438\u0446\u0430\",\"item\":\"https:\\\/\\\/christinakosmeetika.ee\\\/et\\\/\"},{\"@type\":\"ListItem\",\"position\":2,\"name\":\"Pood\",\"item\":\"https:\\\/\\\/christinakosmeetika.ee\\\/et\\\/shop\\\/\"},{\"@type\":\"ListItem\",\"position\":3,\"name\":\"CHRISTINA SILK Uplift Cream 50ml CHR732\"}]},{\"@type\":\"WebSite\",\"@id\":\"https:\\\/\\\/christinakosmeetika.ee\\\/#website\",\"url\":\"https:\\\/\\\/christinakosmeetika.ee\\\/\",\"name\":\"Christinakosmeetika\",\"description\":\"Christina kosmeetika Eestis\",\"alternateName\":\"Christina kosmeetika Eestis\",\"potentialAction\":[{\"@type\":\"SearchAction\",\"target\":{\"@type\":\"EntryPoint\",\"urlTemplate\":\"https:\\\/\\\/christinakosmeetika.ee\\\/?s={search_term_string}\"},\"query-input\":{\"@type\":\"PropertyValueSpecification\",\"valueRequired\":true,\"valueName\":\"search_term_string\"}}],\"inLanguage\":\"et\"}]}<\/script>\n<!-- \/ Yoast SEO plugin. -->","yoast_head_json":{"title":"CHRISTINA SILK Uplift Cream 50ml CHR732 - Christinakosmeetika","description":"Selle kreemi pinguldav toime, mis saavutatakse h\u00fcdrol\u00fc\u00fcsitud seesamiproteiini abil, muutub m\u00e4rgatavaks juba m\u00f5ne minuti jooksul p\u00e4rast pealekandmist.","robots":{"index":"index","follow":"follow","max-snippet":"max-snippet:-1","max-image-preview":"max-image-preview:large","max-video-preview":"max-video-preview:-1"},"canonical":"https:\/\/christinakosmeetika.ee\/et\/toode\/christina-silk-uplift-et\/","og_locale":"et_EE","og_type":"article","og_title":"CHRISTINA SILK Uplift Cream 50ml CHR732 - Christinakosmeetika","og_description":"Selle kreemi pinguldav toime, mis saavutatakse h\u00fcdrol\u00fc\u00fcsitud seesamiproteiini abil, muutub m\u00e4rgatavaks juba m\u00f5ne minuti jooksul p\u00e4rast pealekandmist.","og_url":"https:\/\/christinakosmeetika.ee\/et\/toode\/christina-silk-uplift-et\/","og_site_name":"Christinakosmeetika","article_modified_time":"2026-04-15T16:42:12+00:00","og_image":[{"width":450,"height":450,"url":"https:\/\/christinakosmeetika.ee\/wp-content\/uploads\/2021\/05\/Uplift-450-2.jpg","type":"image\/jpeg"}],"twitter_card":"summary_large_image","twitter_misc":{"Est. reading time":"1 minut"},"schema":{"@context":"https:\/\/schema.org","@graph":[{"@type":"WebPage","@id":"https:\/\/christinakosmeetika.ee\/et\/toode\/christina-silk-uplift-et\/","url":"https:\/\/christinakosmeetika.ee\/et\/toode\/christina-silk-uplift-et\/","name":"CHRISTINA SILK Uplift Cream 50ml CHR732 - Christinakosmeetika","isPartOf":{"@id":"https:\/\/christinakosmeetika.ee\/#website"},"primaryImageOfPage":{"@id":"https:\/\/christinakosmeetika.ee\/et\/toode\/christina-silk-uplift-et\/#primaryimage"},"image":{"@id":"https:\/\/christinakosmeetika.ee\/et\/toode\/christina-silk-uplift-et\/#primaryimage"},"thumbnailUrl":"https:\/\/christinakosmeetika.ee\/wp-content\/uploads\/2021\/05\/Uplift-450-2.jpg","datePublished":"2021-05-05T11:37:28+00:00","dateModified":"2026-04-15T16:42:12+00:00","description":"Selle kreemi pinguldav toime, mis saavutatakse h\u00fcdrol\u00fc\u00fcsitud seesamiproteiini abil, muutub m\u00e4rgatavaks juba m\u00f5ne minuti jooksul p\u00e4rast pealekandmist.","breadcrumb":{"@id":"https:\/\/christinakosmeetika.ee\/et\/toode\/christina-silk-uplift-et\/#breadcrumb"},"inLanguage":"et","potentialAction":[{"@type":"ReadAction","target":["https:\/\/christinakosmeetika.ee\/et\/toode\/christina-silk-uplift-et\/"]}]},{"@type":"ImageObject","inLanguage":"et","@id":"https:\/\/christinakosmeetika.ee\/et\/toode\/christina-silk-uplift-et\/#primaryimage","url":"https:\/\/christinakosmeetika.ee\/wp-content\/uploads\/2021\/05\/Uplift-450-2.jpg","contentUrl":"https:\/\/christinakosmeetika.ee\/wp-content\/uploads\/2021\/05\/Uplift-450-2.jpg","width":450,"height":450},{"@type":"BreadcrumbList","@id":"https:\/\/christinakosmeetika.ee\/et\/toode\/christina-silk-uplift-et\/#breadcrumb","itemListElement":[{"@type":"ListItem","position":1,"name":"\u0413\u043b\u0430\u0432\u043d\u0430\u044f \u0441\u0442\u0440\u0430\u043d\u0438\u0446\u0430","item":"https:\/\/christinakosmeetika.ee\/et\/"},{"@type":"ListItem","position":2,"name":"Pood","item":"https:\/\/christinakosmeetika.ee\/et\/shop\/"},{"@type":"ListItem","position":3,"name":"CHRISTINA SILK Uplift Cream 50ml CHR732"}]},{"@type":"WebSite","@id":"https:\/\/christinakosmeetika.ee\/#website","url":"https:\/\/christinakosmeetika.ee\/","name":"Christinakosmeetika","description":"Christina kosmeetika Eestis","alternateName":"Christina kosmeetika Eestis","potentialAction":[{"@type":"SearchAction","target":{"@type":"EntryPoint","urlTemplate":"https:\/\/christinakosmeetika.ee\/?s={search_term_string}"},"query-input":{"@type":"PropertyValueSpecification","valueRequired":true,"valueName":"search_term_string"}}],"inLanguage":"et"}]}},"_links":{"self":[{"href":"https:\/\/christinakosmeetika.ee\/et\/wp-json\/wp\/v2\/product\/2086","targetHints":{"allow":["GET"]}}],"collection":[{"href":"https:\/\/christinakosmeetika.ee\/et\/wp-json\/wp\/v2\/product"}],"about":[{"href":"https:\/\/christinakosmeetika.ee\/et\/wp-json\/wp\/v2\/types\/product"}],"wp:featuredmedia":[{"embeddable":true,"href":"https:\/\/christinakosmeetika.ee\/et\/wp-json\/wp\/v2\/media\/5375"}],"wp:attachment":[{"href":"https:\/\/christinakosmeetika.ee\/et\/wp-json\/wp\/v2\/media?parent=2086"}],"wp:term":[{"taxonomy":"product_brand","embeddable":true,"href":"https:\/\/christinakosmeetika.ee\/et\/wp-json\/wp\/v2\/product_brand?post=2086"},{"taxonomy":"product_cat","embeddable":true,"href":"https:\/\/christinakosmeetika.ee\/et\/wp-json\/wp\/v2\/product_cat?post=2086"},{"taxonomy":"product_tag","embeddable":true,"href":"https:\/\/christinakosmeetika.ee\/et\/wp-json\/wp\/v2\/product_tag?post=2086"}],"curies":[{"name":"wp","href":"https:\/\/api.w.org\/{rel}","templated":true}]}}