{"id":2083,"date":"2021-05-05T11:45:30","date_gmt":"2021-05-05T11:45:30","guid":{"rendered":"http:\/\/christinakosmeetika.ee\/product\/christina-silkc-clean-up-cream-%d0%bd%d0%b5%d0%b6%d0%bd%d1%8b%d0%b9-%d0%be%d1%87%d0%b8%d1%89%d0%b0%d1%8e%d1%89%d0%b8%d0%b9-%d0%ba%d1%80%d0%b5%d0%bc-%d0%b4%d0%bb%d1%8f-%d0%bb%d0%b8%d1%86%d0%b0-120-ml\/"},"modified":"2026-04-15T19:46:28","modified_gmt":"2026-04-15T16:46:28","slug":"christina-silk-clean-up-cream-et","status":"publish","type":"product","link":"https:\/\/christinakosmeetika.ee\/et\/toode\/christina-silk-clean-up-cream-et\/","title":{"rendered":"CHRISTINA SILK Clean Up Cream 120ml CHR712"},"content":{"rendered":"<section class=\"av_textblock_section \">\n<div class=\"avia_textblock \">\n<section class=\"av_textblock_section \">\n<div class=\"avia_textblock \">\n<p>CHRISTINA SILK Clean Up Cream on geelitaolise tekstuuriga kreem, mis ei sisalda \u00f5lisid. See \u00f5rnalt, kuid t\u00f5husalt eemaldab mustuse, meigi ja liigse rasu naha pinnalt. Delikaatselt koorib surnud naharakud, muutes naha siledaks ja v\u00e4rskeks. See kreem sobib ideaalselt tundlikule nahale, kuna see ei kuivata, \u00e4rrita ega pinguta nahka.<\/p>\n<p>Lipiidideta koostis ei j\u00e4ta nahale kilet ega rasvaseid j\u00e4lgi. Seda saab kasutada ka silmameigi eemaldamiseks.<\/p>\n<\/div>\n<\/section>\n<section class=\"av_textblock_section \">\n<div class=\"avia_textblock \">\n<p><span lang=\"ET\"><strong>Kuidas kasutada:<\/strong> <\/span><\/p>\n<p><span lang=\"ET\">Niisutage n\u00e4gu ja kaela leige veega. Niisutatud s\u00f5rmeotstega kandke masseerides kreemi n\u00e4ole, puhastage nahk ja peske maha.<\/span><\/p>\n<\/div>\n<\/section>\n<section class=\"av_textblock_section \">\n<div class=\"avia_textblock \">\n<p><strong>Koostis:<\/strong><\/p>\n<p>Deionized Water, Disodium Cocoamphodiacetate, Glycerin, Stearic Acid, Xanthan Gum, PEG-7 Glyceryl Cocoate, Decyl Glucoside, C12-15 Alkyl Benzoate, Cocamide MEA, Sodium Lauroyl Sarcosinate, Cetyl Alcohol, Phenoxyethanol&amp;, Caprylyl Glycol, Glyceryl Stearate SE, Cera Alba(Beeswax), Fragrance, Cocamidopropyl Betaine, Chlorphenesin, Portulaca Oleracea Extract, Sericin, Centella Asiatica Extract, Panax Ginseng Root Extract, Sodium Hydroxide, Styrene\/Acrylates Copolymer<\/p>\n<\/div>\n<\/section>\n<\/div>\n<\/section>\n","protected":false},"excerpt":{"rendered":"<h4>\u00d5rna toimega n\u00e4onaha puhastuskreem<\/h4>\n","protected":false},"featured_media":5360,"template":"","meta":[],"product_brand":[],"product_cat":[149,488],"product_tag":[],"class_list":{"0":"post-2083","1":"product","2":"type-product","3":"status-publish","4":"has-post-thumbnail","6":"product_cat-kreem","7":"product_cat-silk-et","8":"product_shipping_class-smart-itella-post","9":"pa_linii-kosmetiki-silk-et","10":"pa_reshenie-problem-suhost","11":"pa_reshenie-problem-saastunud-nahk","12":"pa_reshenie-problem-chuvstvitelnaja-koza","13":"pa_tip-kozi-kuiv-et","14":"pa_tip-kozi-normaalne-et","15":"pa_tip-preparata-kreem","17":"first","18":"instock","19":"taxable","20":"shipping-taxable","21":"purchasable","22":"product-type-simple"},"yoast_head":"<!-- This site is optimized with the Yoast SEO plugin v27.4 - https:\/\/yoast.com\/product\/yoast-seo-wordpress\/ -->\n<title>CHRISTINA SILK Clean Up Cream 120ml CHR712 - Christinakosmeetika<\/title>\n<meta name=\"description\" content=\"Eemaldab \u00f5rnalt, kuid t\u00f5husalt mustuse, meigi ja liigse rasu naha pinnalt. Koorib delikaatselt sarvestunud naharakke.\" \/>\n<meta name=\"robots\" content=\"index, follow, max-snippet:-1, max-image-preview:large, max-video-preview:-1\" \/>\n<link rel=\"canonical\" href=\"https:\/\/christinakosmeetika.ee\/product\/christina-silk-clean-up-cream\/\" \/>\n<meta property=\"og:locale\" content=\"et_EE\" \/>\n<meta property=\"og:type\" content=\"article\" \/>\n<meta property=\"og:title\" content=\"CHRISTINA SILK Clean Up Cream 120ml CHR712 - Christinakosmeetika\" \/>\n<meta property=\"og:description\" content=\"Eemaldab \u00f5rnalt, kuid t\u00f5husalt mustuse, meigi ja liigse rasu naha pinnalt. Koorib delikaatselt sarvestunud naharakke.\" \/>\n<meta property=\"og:url\" content=\"https:\/\/christinakosmeetika.ee\/product\/christina-silk-clean-up-cream\/\" \/>\n<meta property=\"og:site_name\" content=\"Christinakosmeetika\" \/>\n<meta property=\"article:modified_time\" content=\"2026-04-15T16:46:28+00:00\" \/>\n<meta property=\"og:image\" content=\"https:\/\/christinakosmeetika.ee\/wp-content\/uploads\/2021\/05\/Clean-Up-Cream-450-1.jpg\" \/>\n\t<meta property=\"og:image:width\" content=\"450\" \/>\n\t<meta property=\"og:image:height\" content=\"450\" \/>\n\t<meta property=\"og:image:type\" content=\"image\/jpeg\" \/>\n<meta name=\"twitter:card\" content=\"summary_large_image\" \/>\n<meta name=\"twitter:label1\" content=\"Est. reading time\" \/>\n\t<meta name=\"twitter:data1\" content=\"1 minut\" \/>\n<script type=\"application\/ld+json\" class=\"yoast-schema-graph\">{\"@context\":\"https:\\\/\\\/schema.org\",\"@graph\":[{\"@type\":\"WebPage\",\"@id\":\"https:\\\/\\\/christinakosmeetika.ee\\\/product\\\/christina-silk-clean-up-cream\\\/\",\"url\":\"https:\\\/\\\/christinakosmeetika.ee\\\/product\\\/christina-silk-clean-up-cream\\\/\",\"name\":\"CHRISTINA SILK Clean Up Cream 120ml CHR712 - Christinakosmeetika\",\"isPartOf\":{\"@id\":\"https:\\\/\\\/christinakosmeetika.ee\\\/#website\"},\"primaryImageOfPage\":{\"@id\":\"https:\\\/\\\/christinakosmeetika.ee\\\/product\\\/christina-silk-clean-up-cream\\\/#primaryimage\"},\"image\":{\"@id\":\"https:\\\/\\\/christinakosmeetika.ee\\\/product\\\/christina-silk-clean-up-cream\\\/#primaryimage\"},\"thumbnailUrl\":\"https:\\\/\\\/christinakosmeetika.ee\\\/wp-content\\\/uploads\\\/2021\\\/05\\\/Clean-Up-Cream-450-1.jpg\",\"datePublished\":\"2021-05-05T11:45:30+00:00\",\"dateModified\":\"2026-04-15T16:46:28+00:00\",\"description\":\"Eemaldab \u00f5rnalt, kuid t\u00f5husalt mustuse, meigi ja liigse rasu naha pinnalt. Koorib delikaatselt sarvestunud naharakke.\",\"breadcrumb\":{\"@id\":\"https:\\\/\\\/christinakosmeetika.ee\\\/product\\\/christina-silk-clean-up-cream\\\/#breadcrumb\"},\"inLanguage\":\"et\",\"potentialAction\":[{\"@type\":\"ReadAction\",\"target\":[\"https:\\\/\\\/christinakosmeetika.ee\\\/product\\\/christina-silk-clean-up-cream\\\/\"]}]},{\"@type\":\"ImageObject\",\"inLanguage\":\"et\",\"@id\":\"https:\\\/\\\/christinakosmeetika.ee\\\/product\\\/christina-silk-clean-up-cream\\\/#primaryimage\",\"url\":\"https:\\\/\\\/christinakosmeetika.ee\\\/wp-content\\\/uploads\\\/2021\\\/05\\\/Clean-Up-Cream-450-1.jpg\",\"contentUrl\":\"https:\\\/\\\/christinakosmeetika.ee\\\/wp-content\\\/uploads\\\/2021\\\/05\\\/Clean-Up-Cream-450-1.jpg\",\"width\":450,\"height\":450},{\"@type\":\"BreadcrumbList\",\"@id\":\"https:\\\/\\\/christinakosmeetika.ee\\\/product\\\/christina-silk-clean-up-cream\\\/#breadcrumb\",\"itemListElement\":[{\"@type\":\"ListItem\",\"position\":1,\"name\":\"\u0413\u043b\u0430\u0432\u043d\u0430\u044f \u0441\u0442\u0440\u0430\u043d\u0438\u0446\u0430\",\"item\":\"https:\\\/\\\/christinakosmeetika.ee\\\/et\\\/\"},{\"@type\":\"ListItem\",\"position\":2,\"name\":\"Pood\",\"item\":\"https:\\\/\\\/christinakosmeetika.ee\\\/et\\\/shop\\\/\"},{\"@type\":\"ListItem\",\"position\":3,\"name\":\"CHRISTINA SILK Clean Up Cream 120ml CHR712\"}]},{\"@type\":\"WebSite\",\"@id\":\"https:\\\/\\\/christinakosmeetika.ee\\\/#website\",\"url\":\"https:\\\/\\\/christinakosmeetika.ee\\\/\",\"name\":\"Christinakosmeetika\",\"description\":\"Christina kosmeetika Eestis\",\"alternateName\":\"Christina kosmeetika Eestis\",\"potentialAction\":[{\"@type\":\"SearchAction\",\"target\":{\"@type\":\"EntryPoint\",\"urlTemplate\":\"https:\\\/\\\/christinakosmeetika.ee\\\/?s={search_term_string}\"},\"query-input\":{\"@type\":\"PropertyValueSpecification\",\"valueRequired\":true,\"valueName\":\"search_term_string\"}}],\"inLanguage\":\"et\"}]}<\/script>\n<!-- \/ Yoast SEO plugin. -->","yoast_head_json":{"title":"CHRISTINA SILK Clean Up Cream 120ml CHR712 - Christinakosmeetika","description":"Eemaldab \u00f5rnalt, kuid t\u00f5husalt mustuse, meigi ja liigse rasu naha pinnalt. Koorib delikaatselt sarvestunud naharakke.","robots":{"index":"index","follow":"follow","max-snippet":"max-snippet:-1","max-image-preview":"max-image-preview:large","max-video-preview":"max-video-preview:-1"},"canonical":"https:\/\/christinakosmeetika.ee\/product\/christina-silk-clean-up-cream\/","og_locale":"et_EE","og_type":"article","og_title":"CHRISTINA SILK Clean Up Cream 120ml CHR712 - Christinakosmeetika","og_description":"Eemaldab \u00f5rnalt, kuid t\u00f5husalt mustuse, meigi ja liigse rasu naha pinnalt. Koorib delikaatselt sarvestunud naharakke.","og_url":"https:\/\/christinakosmeetika.ee\/product\/christina-silk-clean-up-cream\/","og_site_name":"Christinakosmeetika","article_modified_time":"2026-04-15T16:46:28+00:00","og_image":[{"width":450,"height":450,"url":"https:\/\/christinakosmeetika.ee\/wp-content\/uploads\/2021\/05\/Clean-Up-Cream-450-1.jpg","type":"image\/jpeg"}],"twitter_card":"summary_large_image","twitter_misc":{"Est. reading time":"1 minut"},"schema":{"@context":"https:\/\/schema.org","@graph":[{"@type":"WebPage","@id":"https:\/\/christinakosmeetika.ee\/product\/christina-silk-clean-up-cream\/","url":"https:\/\/christinakosmeetika.ee\/product\/christina-silk-clean-up-cream\/","name":"CHRISTINA SILK Clean Up Cream 120ml CHR712 - Christinakosmeetika","isPartOf":{"@id":"https:\/\/christinakosmeetika.ee\/#website"},"primaryImageOfPage":{"@id":"https:\/\/christinakosmeetika.ee\/product\/christina-silk-clean-up-cream\/#primaryimage"},"image":{"@id":"https:\/\/christinakosmeetika.ee\/product\/christina-silk-clean-up-cream\/#primaryimage"},"thumbnailUrl":"https:\/\/christinakosmeetika.ee\/wp-content\/uploads\/2021\/05\/Clean-Up-Cream-450-1.jpg","datePublished":"2021-05-05T11:45:30+00:00","dateModified":"2026-04-15T16:46:28+00:00","description":"Eemaldab \u00f5rnalt, kuid t\u00f5husalt mustuse, meigi ja liigse rasu naha pinnalt. Koorib delikaatselt sarvestunud naharakke.","breadcrumb":{"@id":"https:\/\/christinakosmeetika.ee\/product\/christina-silk-clean-up-cream\/#breadcrumb"},"inLanguage":"et","potentialAction":[{"@type":"ReadAction","target":["https:\/\/christinakosmeetika.ee\/product\/christina-silk-clean-up-cream\/"]}]},{"@type":"ImageObject","inLanguage":"et","@id":"https:\/\/christinakosmeetika.ee\/product\/christina-silk-clean-up-cream\/#primaryimage","url":"https:\/\/christinakosmeetika.ee\/wp-content\/uploads\/2021\/05\/Clean-Up-Cream-450-1.jpg","contentUrl":"https:\/\/christinakosmeetika.ee\/wp-content\/uploads\/2021\/05\/Clean-Up-Cream-450-1.jpg","width":450,"height":450},{"@type":"BreadcrumbList","@id":"https:\/\/christinakosmeetika.ee\/product\/christina-silk-clean-up-cream\/#breadcrumb","itemListElement":[{"@type":"ListItem","position":1,"name":"\u0413\u043b\u0430\u0432\u043d\u0430\u044f \u0441\u0442\u0440\u0430\u043d\u0438\u0446\u0430","item":"https:\/\/christinakosmeetika.ee\/et\/"},{"@type":"ListItem","position":2,"name":"Pood","item":"https:\/\/christinakosmeetika.ee\/et\/shop\/"},{"@type":"ListItem","position":3,"name":"CHRISTINA SILK Clean Up Cream 120ml CHR712"}]},{"@type":"WebSite","@id":"https:\/\/christinakosmeetika.ee\/#website","url":"https:\/\/christinakosmeetika.ee\/","name":"Christinakosmeetika","description":"Christina kosmeetika Eestis","alternateName":"Christina kosmeetika Eestis","potentialAction":[{"@type":"SearchAction","target":{"@type":"EntryPoint","urlTemplate":"https:\/\/christinakosmeetika.ee\/?s={search_term_string}"},"query-input":{"@type":"PropertyValueSpecification","valueRequired":true,"valueName":"search_term_string"}}],"inLanguage":"et"}]}},"_links":{"self":[{"href":"https:\/\/christinakosmeetika.ee\/et\/wp-json\/wp\/v2\/product\/2083","targetHints":{"allow":["GET"]}}],"collection":[{"href":"https:\/\/christinakosmeetika.ee\/et\/wp-json\/wp\/v2\/product"}],"about":[{"href":"https:\/\/christinakosmeetika.ee\/et\/wp-json\/wp\/v2\/types\/product"}],"wp:featuredmedia":[{"embeddable":true,"href":"https:\/\/christinakosmeetika.ee\/et\/wp-json\/wp\/v2\/media\/5360"}],"wp:attachment":[{"href":"https:\/\/christinakosmeetika.ee\/et\/wp-json\/wp\/v2\/media?parent=2083"}],"wp:term":[{"taxonomy":"product_brand","embeddable":true,"href":"https:\/\/christinakosmeetika.ee\/et\/wp-json\/wp\/v2\/product_brand?post=2083"},{"taxonomy":"product_cat","embeddable":true,"href":"https:\/\/christinakosmeetika.ee\/et\/wp-json\/wp\/v2\/product_cat?post=2083"},{"taxonomy":"product_tag","embeddable":true,"href":"https:\/\/christinakosmeetika.ee\/et\/wp-json\/wp\/v2\/product_tag?post=2083"}],"curies":[{"name":"wp","href":"https:\/\/api.w.org\/{rel}","templated":true}]}}