{"id":2060,"date":"2021-05-09T09:47:19","date_gmt":"2021-05-09T09:47:19","guid":{"rendered":"http:\/\/christinakosmeetika.ee\/product\/muse-restoring-eye-cream\/"},"modified":"2026-04-07T14:30:12","modified_gmt":"2026-04-07T11:30:12","slug":"muse-restoring-eye-cream-et","status":"publish","type":"product","link":"https:\/\/christinakosmeetika.ee\/et\/toode\/muse-restoring-eye-cream-et\/","title":{"rendered":"Muse Silma\u00fcmbruse Taastav Kreem 30ml CHR337"},"content":{"rendered":"<section class=\"av_textblock_section \">\n<div class=\"avia_textblock \">\n<p data-start=\"101\" data-end=\"186\"><strong data-start=\"101\" data-end=\"186\">Taastav silmakreem, mis aitab v\u00e4hendada turseid, tumedaid silmaaluseid ja kortse.<\/strong><\/p>\n<p data-start=\"188\" data-end=\"421\">Kreem \u00f5rnale silma\u00fcmbruse nahale, mis parandab mikrotsirkulatsiooni, v\u00e4hendab turseid ja aitab heledamaks muuta tumedaid silmaaluseid. Valem on suunatud naha taastamisele, elastsuse parandamisele ja enneaegse vananemise ennetamisele.<\/p>\n<p data-start=\"423\" data-end=\"511\">Kerge tekstuur imendub kiiresti, silub nahka ning muudab pilgu v\u00e4rskemaks ja puhanumaks.<\/p>\n<hr data-start=\"513\" data-end=\"516\" \/>\n<p data-start=\"518\" data-end=\"536\"><strong data-start=\"518\" data-end=\"536\">Aktiivne toime<\/strong><\/p>\n<p data-start=\"538\" data-end=\"937\">\u2022 Alpi roosi t\u00fcvirakud tugevdavad naha kaitsefunktsioone ja suurendavad vastupidavust v\u00e4listele teguritele<br data-start=\"644\" data-end=\"647\" \/>\u2022 H\u00fcaluroonhape niisutab intensiivselt ja aitab siluda kortse<br data-start=\"708\" data-end=\"711\" \/>\u2022 Punase vetika Jania rubens ekstrakt toetab rakkude aktiivsust ja stimuleerib kollageeni s\u00fcnteesi<br data-start=\"809\" data-end=\"812\" \/>\u2022 Koens\u00fc\u00fcm Q10 tugevdab naha antioks\u00fcdantset kaitset<br data-start=\"864\" data-end=\"867\" \/>\u2022 Regu-age kompleks aitab v\u00e4hendada tumedaid silmaaluseid ja turseid<\/p>\n<hr data-start=\"939\" data-end=\"942\" \/>\n<p data-start=\"944\" data-end=\"958\"><strong data-start=\"944\" data-end=\"958\">Kasutamine<\/strong><\/p>\n<p data-start=\"960\" data-end=\"1082\">\u2022 Kanna v\u00e4ike kogus kreemi puhtale silma\u00fcmbruse nahale<br data-start=\"1014\" data-end=\"1017\" \/>\u2022 Jaota \u00f5rnade ringjate liigutustega kuni t\u00e4ieliku imendumiseni<\/p>\n<p data-start=\"1084\" data-end=\"1109\">Kasuta hommikul ja \u00f5htul.<\/p>\n<hr data-start=\"1111\" data-end=\"1114\" \/>\n<p data-start=\"1116\" data-end=\"1127\"><strong data-start=\"1116\" data-end=\"1127\">Tulemus<\/strong><\/p>\n<p data-start=\"1129\" data-end=\"1270\">\u2022 Silma\u00fcmbruse nahk on siledam, niisutatud ja hoolitsetud<br data-start=\"1186\" data-end=\"1189\" \/>\u2022 Tursed ja tumedad silmaalused on v\u00e4hem m\u00e4rgatavad, pilk on v\u00e4rskem ja puhanum<\/p>\n<\/div>\n<\/section>\n<section class=\"av_textblock_section \">\n<div class=\"avia_textblock \">\n<p><img loading=\"lazy\" decoding=\"async\" class=\"alignnone size-medium wp-image-14247\" src=\"https:\/\/christinakosmeetika.ee\/wp-content\/uploads\/2026\/03\/Muse-Restoring-Eye-Cream-200x300.png\" alt=\"Muse Restoring Eye Cream\" width=\"200\" height=\"300\" srcset=\"https:\/\/christinakosmeetika.ee\/wp-content\/uploads\/2026\/03\/Muse-Restoring-Eye-Cream-200x300.png 200w, https:\/\/christinakosmeetika.ee\/wp-content\/uploads\/2026\/03\/Muse-Restoring-Eye-Cream-687x1030.png 687w, https:\/\/christinakosmeetika.ee\/wp-content\/uploads\/2026\/03\/Muse-Restoring-Eye-Cream-768x1152.png 768w, https:\/\/christinakosmeetika.ee\/wp-content\/uploads\/2026\/03\/Muse-Restoring-Eye-Cream-1000x1500.png 1000w, https:\/\/christinakosmeetika.ee\/wp-content\/uploads\/2026\/03\/Muse-Restoring-Eye-Cream-470x705.png 470w, https:\/\/christinakosmeetika.ee\/wp-content\/uploads\/2026\/03\/Muse-Restoring-Eye-Cream-450x675.png 450w, https:\/\/christinakosmeetika.ee\/wp-content\/uploads\/2026\/03\/Muse-Restoring-Eye-Cream-600x900.png 600w, https:\/\/christinakosmeetika.ee\/wp-content\/uploads\/2026\/03\/Muse-Restoring-Eye-Cream.png 1024w\" sizes=\"auto, (max-width: 200px) 100vw, 200px\" \/><\/p>\n<h3 data-start=\"4526\" data-end=\"4572\"><a href=\"https:\/\/christinakosmeetika.ee\/et\/silmaaluse-tumedate-ringide-kreem\/\">Kreem tumedate silmaaluste ja tursete vastu<\/a><\/h3>\n<p>Kui silma\u00fcmbruse nahk n\u00e4eb v\u00e4lja v\u00e4sinud, tekivad tursed, tumedad silmaalused ja peened kortsud, on vaja hooldust, mis toimib mitmes suunas korraga.<\/p>\n<p>Muse Restoring Eye Cream aitab v\u00e4rskendada pilku, muuta silma\u00fcmbruse naha siledamaks ja v\u00e4hendada v\u00e4simuse m\u00e4rke.<\/p>\n<p data-start=\"4852\" data-end=\"4936\"><a href=\"https:\/\/christinakosmeetika.ee\/et\/silmaaluse-tumedate-ringide-kreem\/\">\ud83d\udc49 <strong data-start=\"4855\" data-end=\"4936\">Kuidas kreem aitab v\u00e4hendada turseid ja tumedaid silmaaluseid \u2014 loe edasi\u2026\u203a<\/strong><\/a><\/p>\n<p data-start=\"4852\" data-end=\"4936\">Water (Aqua), Isononyl Isononanoate, Propanediol, Cetyl Alcohol, Glyceryl Stearate, PEG-40 Stearate, Stearyl Dimethicone, Phenoxyethanol, Glycerin, Tocopheryl Acetate, Dimethicone, Caffeine, Sorbitan Tristearate, Caprylyl Glycol, Sucrose Palmitate, Octadecene, Hydrolyzed Rice Bran Protein, Allantoin, Sodium Phytate, Xanthan Gum, Isomalt, Ethylhexylglycerin, Glyceryl Linoleate, Sodium Benzoate, Glycine Soja (Soybean) Protein, Superoxide Dismutase, Potassium Sorbate, Citric Acid, Sodium Hyaluronate, Sodium Dextran Sulfate, Jania Rubens Extract, Lecithin, Rhododendron Ferrugineum Leaf Cell Culture Extract (Dry), Pentapeptide-34 Trifluoroacetate.<\/p>\n","protected":false},"excerpt":{"rendered":"<h2>Taastav silma\u00fcmbruskreem<\/h2>\n<p data-section-id=\"g380dk\" data-start=\"550\" data-end=\"566\"><span role=\"text\"><strong data-start=\"553\" data-end=\"566\">Aitab:<\/strong><\/span><\/p>\n<ul data-start=\"568\" data-end=\"727\">\n<li data-section-id=\"16scqf6\" data-start=\"568\" data-end=\"587\">v\u00e4hendada turseid<\/li>\n<li data-section-id=\"122cg8x\" data-start=\"588\" data-end=\"614\">heledamaks muuta tumedaid silmaaluseid ringe<\/li>\n<li data-section-id=\"lfjjnt\" data-start=\"615\" data-end=\"643\">parandada mikrotsirkulatsiooni<\/li>\n<li data-section-id=\"ifpu39\" data-start=\"644\" data-end=\"673\">siluda peeneid kortse<\/li>\n<li data-section-id=\"s4g574\" data-start=\"674\" data-end=\"727\">anda silma\u00fcmbruse nahale v\u00e4rskem ja puhanum ilme\n<\/li>\n<\/ul>\n","protected":false},"featured_media":14175,"template":"","meta":[],"product_brand":[],"product_cat":[149,518],"product_tag":[],"class_list":{"0":"post-2060","1":"product","2":"type-product","3":"status-publish","4":"has-post-thumbnail","6":"product_cat-kreem","7":"product_cat-muse-et-2","8":"product_shipping_class-smart-itella-post-et","9":"pa_efekt-niisutamine","10":"pa_efekt-noorendamine","11":"pa_efekt-tugevdamine","12":"pa_efekt-tursete-vastu","13":"pa_linii-kosmetiki-muse-et","14":"pa_reshenie-problem-tumedad-ringid","15":"pa_reshenie-problem-turse-silmade-all","16":"pa_reshenie-problem-vananemise-margid","17":"pa_tip-kozi-koik-nahatuubid-et","18":"pa_tip-kozi-kombi-et","19":"pa_tip-kozi-kuiv-et","20":"pa_tip-kozi-normaalne-et","21":"pa_tip-kozi-rasvane-et","22":"pa_tip-preparata-kreem","24":"first","25":"outofstock","26":"taxable","27":"shipping-taxable","28":"purchasable","29":"product-type-simple"},"yoast_head":"<!-- This site is optimized with the Yoast SEO plugin v27.3 - https:\/\/yoast.com\/product\/yoast-seo-wordpress\/ -->\n<title>Muse Restoring Eye Cream Christina silma\u00fcmbruskreem<\/title>\n<meta name=\"description\" content=\"Muse Restoring Eye Cream Christina \u2014 silma\u00fcmbruskreem, mis aitab v\u00e4hendada turseid, tumedaid silmaaluseid ringe ja kortse. Sobib igap\u00e4evaseks hoolduseks.\" \/>\n<meta name=\"robots\" content=\"index, follow, max-snippet:-1, max-image-preview:large, max-video-preview:-1\" \/>\n<link rel=\"canonical\" href=\"https:\/\/christinakosmeetika.ee\/et\/toode\/muse-restoring-eye-cream-et\/\" \/>\n<meta property=\"og:locale\" content=\"et_EE\" \/>\n<meta property=\"og:type\" content=\"article\" \/>\n<meta property=\"og:title\" content=\"Muse Restoring Eye Cream Christina silma\u00fcmbruskreem\" \/>\n<meta property=\"og:description\" content=\"Muse Restoring Eye Cream Christina \u2014 silma\u00fcmbruskreem, mis aitab v\u00e4hendada turseid, tumedaid silmaaluseid ringe ja kortse. Sobib igap\u00e4evaseks hoolduseks.\" \/>\n<meta property=\"og:url\" content=\"https:\/\/christinakosmeetika.ee\/et\/toode\/muse-restoring-eye-cream-et\/\" \/>\n<meta property=\"og:site_name\" content=\"Christinakosmeetika\" \/>\n<meta property=\"article:modified_time\" content=\"2026-04-07T11:30:12+00:00\" \/>\n<meta property=\"og:image\" content=\"https:\/\/christinakosmeetika.ee\/wp-content\/uploads\/2021\/05\/Restoring-Eye-Cream-.png\" \/>\n\t<meta property=\"og:image:width\" content=\"1080\" \/>\n\t<meta property=\"og:image:height\" content=\"1080\" \/>\n\t<meta property=\"og:image:type\" content=\"image\/png\" \/>\n<meta name=\"twitter:card\" content=\"summary_large_image\" \/>\n<meta name=\"twitter:label1\" content=\"Est. reading time\" \/>\n\t<meta name=\"twitter:data1\" content=\"2 minutit\" \/>\n<script type=\"application\/ld+json\" class=\"yoast-schema-graph\">{\"@context\":\"https:\\\/\\\/schema.org\",\"@graph\":[{\"@type\":\"WebPage\",\"@id\":\"https:\\\/\\\/christinakosmeetika.ee\\\/et\\\/toode\\\/muse-restoring-eye-cream-et\\\/\",\"url\":\"https:\\\/\\\/christinakosmeetika.ee\\\/et\\\/toode\\\/muse-restoring-eye-cream-et\\\/\",\"name\":\"Muse Restoring Eye Cream Christina silma\u00fcmbruskreem\",\"isPartOf\":{\"@id\":\"https:\\\/\\\/christinakosmeetika.ee\\\/#website\"},\"primaryImageOfPage\":{\"@id\":\"https:\\\/\\\/christinakosmeetika.ee\\\/et\\\/toode\\\/muse-restoring-eye-cream-et\\\/#primaryimage\"},\"image\":{\"@id\":\"https:\\\/\\\/christinakosmeetika.ee\\\/et\\\/toode\\\/muse-restoring-eye-cream-et\\\/#primaryimage\"},\"thumbnailUrl\":\"https:\\\/\\\/christinakosmeetika.ee\\\/wp-content\\\/uploads\\\/2021\\\/05\\\/Restoring-Eye-Cream-.png\",\"datePublished\":\"2021-05-09T09:47:19+00:00\",\"dateModified\":\"2026-04-07T11:30:12+00:00\",\"description\":\"Muse Restoring Eye Cream Christina \u2014 silma\u00fcmbruskreem, mis aitab v\u00e4hendada turseid, tumedaid silmaaluseid ringe ja kortse. Sobib igap\u00e4evaseks hoolduseks.\",\"breadcrumb\":{\"@id\":\"https:\\\/\\\/christinakosmeetika.ee\\\/et\\\/toode\\\/muse-restoring-eye-cream-et\\\/#breadcrumb\"},\"inLanguage\":\"et\",\"potentialAction\":[{\"@type\":\"ReadAction\",\"target\":[\"https:\\\/\\\/christinakosmeetika.ee\\\/et\\\/toode\\\/muse-restoring-eye-cream-et\\\/\"]}]},{\"@type\":\"ImageObject\",\"inLanguage\":\"et\",\"@id\":\"https:\\\/\\\/christinakosmeetika.ee\\\/et\\\/toode\\\/muse-restoring-eye-cream-et\\\/#primaryimage\",\"url\":\"https:\\\/\\\/christinakosmeetika.ee\\\/wp-content\\\/uploads\\\/2021\\\/05\\\/Restoring-Eye-Cream-.png\",\"contentUrl\":\"https:\\\/\\\/christinakosmeetika.ee\\\/wp-content\\\/uploads\\\/2021\\\/05\\\/Restoring-Eye-Cream-.png\",\"width\":1080,\"height\":1080,\"caption\":\"Restoring Eye Cream\"},{\"@type\":\"BreadcrumbList\",\"@id\":\"https:\\\/\\\/christinakosmeetika.ee\\\/et\\\/toode\\\/muse-restoring-eye-cream-et\\\/#breadcrumb\",\"itemListElement\":[{\"@type\":\"ListItem\",\"position\":1,\"name\":\"\u0413\u043b\u0430\u0432\u043d\u0430\u044f \u0441\u0442\u0440\u0430\u043d\u0438\u0446\u0430\",\"item\":\"https:\\\/\\\/christinakosmeetika.ee\\\/et\\\/\"},{\"@type\":\"ListItem\",\"position\":2,\"name\":\"Shop\",\"item\":\"https:\\\/\\\/christinakosmeetika.ee\\\/en\\\/shop\\\/\"},{\"@type\":\"ListItem\",\"position\":3,\"name\":\"Muse Silma\u00fcmbruse Taastav Kreem 30ml CHR337\"}]},{\"@type\":\"WebSite\",\"@id\":\"https:\\\/\\\/christinakosmeetika.ee\\\/#website\",\"url\":\"https:\\\/\\\/christinakosmeetika.ee\\\/\",\"name\":\"Christinakosmeetika\",\"description\":\"Christina kosmeetika Eestis\",\"alternateName\":\"Christina kosmeetika Eestis\",\"potentialAction\":[{\"@type\":\"SearchAction\",\"target\":{\"@type\":\"EntryPoint\",\"urlTemplate\":\"https:\\\/\\\/christinakosmeetika.ee\\\/?s={search_term_string}\"},\"query-input\":{\"@type\":\"PropertyValueSpecification\",\"valueRequired\":true,\"valueName\":\"search_term_string\"}}],\"inLanguage\":\"et\"}]}<\/script>\n<!-- \/ Yoast SEO plugin. -->","yoast_head_json":{"title":"Muse Restoring Eye Cream Christina silma\u00fcmbruskreem","description":"Muse Restoring Eye Cream Christina \u2014 silma\u00fcmbruskreem, mis aitab v\u00e4hendada turseid, tumedaid silmaaluseid ringe ja kortse. Sobib igap\u00e4evaseks hoolduseks.","robots":{"index":"index","follow":"follow","max-snippet":"max-snippet:-1","max-image-preview":"max-image-preview:large","max-video-preview":"max-video-preview:-1"},"canonical":"https:\/\/christinakosmeetika.ee\/et\/toode\/muse-restoring-eye-cream-et\/","og_locale":"et_EE","og_type":"article","og_title":"Muse Restoring Eye Cream Christina silma\u00fcmbruskreem","og_description":"Muse Restoring Eye Cream Christina \u2014 silma\u00fcmbruskreem, mis aitab v\u00e4hendada turseid, tumedaid silmaaluseid ringe ja kortse. Sobib igap\u00e4evaseks hoolduseks.","og_url":"https:\/\/christinakosmeetika.ee\/et\/toode\/muse-restoring-eye-cream-et\/","og_site_name":"Christinakosmeetika","article_modified_time":"2026-04-07T11:30:12+00:00","og_image":[{"width":1080,"height":1080,"url":"https:\/\/christinakosmeetika.ee\/wp-content\/uploads\/2021\/05\/Restoring-Eye-Cream-.png","type":"image\/png"}],"twitter_card":"summary_large_image","twitter_misc":{"Est. reading time":"2 minutit"},"schema":{"@context":"https:\/\/schema.org","@graph":[{"@type":"WebPage","@id":"https:\/\/christinakosmeetika.ee\/et\/toode\/muse-restoring-eye-cream-et\/","url":"https:\/\/christinakosmeetika.ee\/et\/toode\/muse-restoring-eye-cream-et\/","name":"Muse Restoring Eye Cream Christina silma\u00fcmbruskreem","isPartOf":{"@id":"https:\/\/christinakosmeetika.ee\/#website"},"primaryImageOfPage":{"@id":"https:\/\/christinakosmeetika.ee\/et\/toode\/muse-restoring-eye-cream-et\/#primaryimage"},"image":{"@id":"https:\/\/christinakosmeetika.ee\/et\/toode\/muse-restoring-eye-cream-et\/#primaryimage"},"thumbnailUrl":"https:\/\/christinakosmeetika.ee\/wp-content\/uploads\/2021\/05\/Restoring-Eye-Cream-.png","datePublished":"2021-05-09T09:47:19+00:00","dateModified":"2026-04-07T11:30:12+00:00","description":"Muse Restoring Eye Cream Christina \u2014 silma\u00fcmbruskreem, mis aitab v\u00e4hendada turseid, tumedaid silmaaluseid ringe ja kortse. Sobib igap\u00e4evaseks hoolduseks.","breadcrumb":{"@id":"https:\/\/christinakosmeetika.ee\/et\/toode\/muse-restoring-eye-cream-et\/#breadcrumb"},"inLanguage":"et","potentialAction":[{"@type":"ReadAction","target":["https:\/\/christinakosmeetika.ee\/et\/toode\/muse-restoring-eye-cream-et\/"]}]},{"@type":"ImageObject","inLanguage":"et","@id":"https:\/\/christinakosmeetika.ee\/et\/toode\/muse-restoring-eye-cream-et\/#primaryimage","url":"https:\/\/christinakosmeetika.ee\/wp-content\/uploads\/2021\/05\/Restoring-Eye-Cream-.png","contentUrl":"https:\/\/christinakosmeetika.ee\/wp-content\/uploads\/2021\/05\/Restoring-Eye-Cream-.png","width":1080,"height":1080,"caption":"Restoring Eye Cream"},{"@type":"BreadcrumbList","@id":"https:\/\/christinakosmeetika.ee\/et\/toode\/muse-restoring-eye-cream-et\/#breadcrumb","itemListElement":[{"@type":"ListItem","position":1,"name":"\u0413\u043b\u0430\u0432\u043d\u0430\u044f \u0441\u0442\u0440\u0430\u043d\u0438\u0446\u0430","item":"https:\/\/christinakosmeetika.ee\/et\/"},{"@type":"ListItem","position":2,"name":"Shop","item":"https:\/\/christinakosmeetika.ee\/en\/shop\/"},{"@type":"ListItem","position":3,"name":"Muse Silma\u00fcmbruse Taastav Kreem 30ml CHR337"}]},{"@type":"WebSite","@id":"https:\/\/christinakosmeetika.ee\/#website","url":"https:\/\/christinakosmeetika.ee\/","name":"Christinakosmeetika","description":"Christina kosmeetika Eestis","alternateName":"Christina kosmeetika Eestis","potentialAction":[{"@type":"SearchAction","target":{"@type":"EntryPoint","urlTemplate":"https:\/\/christinakosmeetika.ee\/?s={search_term_string}"},"query-input":{"@type":"PropertyValueSpecification","valueRequired":true,"valueName":"search_term_string"}}],"inLanguage":"et"}]}},"_links":{"self":[{"href":"https:\/\/christinakosmeetika.ee\/et\/wp-json\/wp\/v2\/product\/2060","targetHints":{"allow":["GET"]}}],"collection":[{"href":"https:\/\/christinakosmeetika.ee\/et\/wp-json\/wp\/v2\/product"}],"about":[{"href":"https:\/\/christinakosmeetika.ee\/et\/wp-json\/wp\/v2\/types\/product"}],"wp:featuredmedia":[{"embeddable":true,"href":"https:\/\/christinakosmeetika.ee\/et\/wp-json\/wp\/v2\/media\/14175"}],"wp:attachment":[{"href":"https:\/\/christinakosmeetika.ee\/et\/wp-json\/wp\/v2\/media?parent=2060"}],"wp:term":[{"taxonomy":"product_brand","embeddable":true,"href":"https:\/\/christinakosmeetika.ee\/et\/wp-json\/wp\/v2\/product_brand?post=2060"},{"taxonomy":"product_cat","embeddable":true,"href":"https:\/\/christinakosmeetika.ee\/et\/wp-json\/wp\/v2\/product_cat?post=2060"},{"taxonomy":"product_tag","embeddable":true,"href":"https:\/\/christinakosmeetika.ee\/et\/wp-json\/wp\/v2\/product_tag?post=2060"}],"curies":[{"name":"wp","href":"https:\/\/api.w.org\/{rel}","templated":true}]}}