{"id":2055,"date":"2021-05-09T10:19:01","date_gmt":"2021-05-09T10:19:01","guid":{"rendered":"http:\/\/christinakosmeetika.ee\/product\/rose-de-mer-peeling-soap\/"},"modified":"2026-04-10T11:25:31","modified_gmt":"2026-04-10T08:25:31","slug":"rose-de-mer-peeling-soap-et","status":"publish","type":"product","link":"https:\/\/christinakosmeetika.ee\/et\/toode\/rose-de-mer-peeling-soap-et\/","title":{"rendered":"Peeling Soap \u2013 kooriv seep naha uuendamiseks 30g CHR052"},"content":{"rendered":"<section class=\"av_textblock_section \">\n<div class=\"avia_textblock \">\n<section class=\"av_textblock_section \">\n<div class=\"avia_textblock \">\n<p data-start=\"78\" data-end=\"706\"><strong data-start=\"78\" data-end=\"116\">Christina Rose De Mer Peeling Soap<\/strong> \u2014 kooriv seep-n\u00e4opuhastusvahend n\u00e4ole ja kehale.<br data-start=\"165\" data-end=\"168\" \/><strong data-start=\"168\" data-end=\"184\">Peeling Soap<\/strong> helendab ja \u00fchtlustab naha tooni.<br data-start=\"218\" data-end=\"221\" \/>T\u00f5hus pigmentatsiooni, aknearmide ja kuiva ketenduse vastu.<br data-start=\"280\" data-end=\"283\" \/>Parandab naha tekstuuri ja stimuleerib vereringet.<br data-start=\"333\" data-end=\"336\" \/>Omab antibakteriaalset toimet.<br data-start=\"366\" data-end=\"369\" \/>Nahk muutub siledamaks ja pehmemaks.<br data-start=\"405\" data-end=\"408\" \/>Seep v\u00e4hendab m\u00e4rgatavalt arme ja pigmendilaike.<br data-start=\"456\" data-end=\"459\" \/>Eemaldab surnud naharakud, puhastab poore ja stimuleerib vereringet. Aitab parandada naha tekstuuri, suurendab aktiivainete imendumist ja avaldab antibakteriaalset m\u00f5ju. Seep muudab naha siledaks ja pehmeks, v\u00e4hendades armide ja laikude n\u00e4htavust.<\/p>\n<p data-start=\"708\" data-end=\"1032\"><strong data-start=\"708\" data-end=\"724\">Peeling Soap<\/strong> kasutab looduslikke koorivaid koostisosi.<br data-start=\"766\" data-end=\"769\" \/>Selle koostises on miljoneid mikroskoopilisi korallsilikaate.<br data-start=\"830\" data-end=\"833\" \/>Need helendavad \u00f5rnalt nahka ja k\u00e4ivitavad selle uuenemisprotsessi.<br data-start=\"900\" data-end=\"903\" \/>Silikaadid tungivad rakkudesse, viies sinna mineraale ja toitaineid.<br data-start=\"971\" data-end=\"974\" \/>Kooriv protseduur on ohutu ja sobib koduseks kasutamiseks.<\/p>\n<p data-start=\"1034\" data-end=\"1258\"><strong data-start=\"1034\" data-end=\"1073\">Kooriva seebi toime on n\u00e4htav kohe:<\/strong> nahk muutub siledaks ja pehmeks ning armid ja laigud muutuvad v\u00e4hem m\u00e4rgatavaks. Regulaarne sarvestunud rakkude eemaldamine \u00fchtlustab naha mikroreljeefi ja soodustab selle tervenemist.<\/p>\n<p data-start=\"1260\" data-end=\"1282\"><strong data-start=\"1260\" data-end=\"1280\">Kasutamisjuhend:<\/strong><\/p>\n<p data-start=\"1284\" data-end=\"1457\">Enne kasutamist vahusta seep veega. Kanna saadud vaht nahale ja masseeri 2\u20133 minutit, seej\u00e4rel loputa hoolikalt. Kasuta 1\u20132 korda n\u00e4dalas, akne \u00e4genemise korral \u2013 \u00fcle p\u00e4eva.<\/p>\n<p data-start=\"1459\" data-end=\"1580\" data-is-last-node=\"\" data-is-only-node=\"\">Enne kooriva seebi kasutamist kasuta Rose De Mer puhastusgeeli. P\u00e4rast koorimist kanna nahale sama sarja rahustav toonik.<\/p>\n<p><strong>Koostis:<\/strong><\/p>\n<p>Deionized water (Aqua), Propylene Glycol, Sodium Cocoate, Sodium Laureth Sulfate, Sucrose, Cellulose Acetate, Sodium Stearate, Glycerin, Coral Powder, Cocamidopropyl Betaine, Sodium Chloride, BHT, Sodium Caproyl\/Lauroyl Lactylate, Triethyl citrate, Disodium EDTA, Butylene Glycol, Sodium Hydroxide, Arnica Montana Flower Extract, Citrus Junos Peel Extract, Citrus Unshiu Peel Extract, Citrus Aurantium Amara Peel Extract, Sodium Benzoate, Potassium Sorbate, Citric Acid<\/p>\n<\/div>\n<\/section>\n<\/div>\n<\/section>\n","protected":false},"excerpt":{"rendered":"<h4>Taimne seep-piling<\/h4>\n","protected":false},"featured_media":1503,"template":"","meta":[],"product_brand":[],"product_cat":[181,487],"product_tag":[],"class_list":{"0":"post-2055","1":"product","2":"type-product","3":"status-publish","4":"has-post-thumbnail","6":"product_cat-koorimine","7":"product_cat-rose-de-mer-et","8":"product_shipping_class-smart-itella-post","9":"pa_linii-kosmetiki-rose-de-mer-et","10":"pa_reshenie-problem-ebauhtlane-nahatekstuur","11":"pa_reshenie-problem-laienenud-poorid","12":"pa_reshenie-problem-chernye-tochki","13":"pa_reshenie-problem-oline-laige","14":"pa_tip-kozi-koik-nahatuubid-et","15":"pa_tip-kozi-kombi-et","16":"pa_tip-kozi-kuiv-et","17":"pa_tip-kozi-normaalne-et","18":"pa_tip-kozi-rasvane-et","19":"pa_tip-preparata-koorija-et","20":"pa_tip-preparata-koorimine","22":"first","23":"instock","24":"taxable","25":"shipping-taxable","26":"purchasable","27":"product-type-simple"},"yoast_head":"<!-- This site is optimized with the Yoast SEO plugin v27.5 - https:\/\/yoast.com\/product\/yoast-seo-wordpress\/ -->\n<title>Peeling Soap \u2013 kooriv seep naha uuendamiseks 30g CHR052 - Christinakosmeetika<\/title>\n<meta name=\"description\" content=\"Peeling Soap aitab \u00fchtlustada n\u00e4o- ja kehanahka, v\u00e4hendada pigmendilaike, aknej\u00e4rgseid arme ja kuiva ketendust.\" \/>\n<meta name=\"robots\" content=\"index, follow, max-snippet:-1, max-image-preview:large, max-video-preview:-1\" \/>\n<link rel=\"canonical\" href=\"https:\/\/christinakosmeetika.ee\/et\/toode\/rose-de-mer-peeling-soap-et\/\" \/>\n<meta property=\"og:locale\" content=\"et_EE\" \/>\n<meta property=\"og:type\" content=\"article\" \/>\n<meta property=\"og:title\" content=\"Peeling Soap \u2013 kooriv seep naha uuendamiseks 30g CHR052 - Christinakosmeetika\" \/>\n<meta property=\"og:description\" content=\"Peeling Soap aitab \u00fchtlustada n\u00e4o- ja kehanahka, v\u00e4hendada pigmendilaike, aknej\u00e4rgseid arme ja kuiva ketendust.\" \/>\n<meta property=\"og:url\" content=\"https:\/\/christinakosmeetika.ee\/et\/toode\/rose-de-mer-peeling-soap-et\/\" \/>\n<meta property=\"og:site_name\" content=\"Christinakosmeetika\" \/>\n<meta property=\"article:modified_time\" content=\"2026-04-10T08:25:31+00:00\" \/>\n<meta property=\"og:image\" content=\"https:\/\/christinakosmeetika.ee\/wp-content\/uploads\/2021\/05\/soap-450.jpg\" \/>\n\t<meta property=\"og:image:width\" content=\"450\" \/>\n\t<meta property=\"og:image:height\" content=\"450\" \/>\n\t<meta property=\"og:image:type\" content=\"image\/jpeg\" \/>\n<meta name=\"twitter:card\" content=\"summary_large_image\" \/>\n<meta name=\"twitter:label1\" content=\"Est. reading time\" \/>\n\t<meta name=\"twitter:data1\" content=\"2 minutit\" \/>\n<script type=\"application\/ld+json\" class=\"yoast-schema-graph\">{\"@context\":\"https:\\\/\\\/schema.org\",\"@graph\":[{\"@type\":\"WebPage\",\"@id\":\"https:\\\/\\\/christinakosmeetika.ee\\\/et\\\/toode\\\/rose-de-mer-peeling-soap-et\\\/\",\"url\":\"https:\\\/\\\/christinakosmeetika.ee\\\/et\\\/toode\\\/rose-de-mer-peeling-soap-et\\\/\",\"name\":\"Peeling Soap \u2013 kooriv seep naha uuendamiseks 30g CHR052 - Christinakosmeetika\",\"isPartOf\":{\"@id\":\"https:\\\/\\\/christinakosmeetika.ee\\\/#website\"},\"primaryImageOfPage\":{\"@id\":\"https:\\\/\\\/christinakosmeetika.ee\\\/et\\\/toode\\\/rose-de-mer-peeling-soap-et\\\/#primaryimage\"},\"image\":{\"@id\":\"https:\\\/\\\/christinakosmeetika.ee\\\/et\\\/toode\\\/rose-de-mer-peeling-soap-et\\\/#primaryimage\"},\"thumbnailUrl\":\"https:\\\/\\\/christinakosmeetika.ee\\\/wp-content\\\/uploads\\\/2021\\\/05\\\/soap-450.jpg\",\"datePublished\":\"2021-05-09T10:19:01+00:00\",\"dateModified\":\"2026-04-10T08:25:31+00:00\",\"description\":\"Peeling Soap aitab \u00fchtlustada n\u00e4o- ja kehanahka, v\u00e4hendada pigmendilaike, aknej\u00e4rgseid arme ja kuiva ketendust.\",\"breadcrumb\":{\"@id\":\"https:\\\/\\\/christinakosmeetika.ee\\\/et\\\/toode\\\/rose-de-mer-peeling-soap-et\\\/#breadcrumb\"},\"inLanguage\":\"et\",\"potentialAction\":[{\"@type\":\"ReadAction\",\"target\":[\"https:\\\/\\\/christinakosmeetika.ee\\\/et\\\/toode\\\/rose-de-mer-peeling-soap-et\\\/\"]}]},{\"@type\":\"ImageObject\",\"inLanguage\":\"et\",\"@id\":\"https:\\\/\\\/christinakosmeetika.ee\\\/et\\\/toode\\\/rose-de-mer-peeling-soap-et\\\/#primaryimage\",\"url\":\"https:\\\/\\\/christinakosmeetika.ee\\\/wp-content\\\/uploads\\\/2021\\\/05\\\/soap-450.jpg\",\"contentUrl\":\"https:\\\/\\\/christinakosmeetika.ee\\\/wp-content\\\/uploads\\\/2021\\\/05\\\/soap-450.jpg\",\"width\":450,\"height\":450,\"caption\":\"PEELING SOAP ROSE DE MER\"},{\"@type\":\"BreadcrumbList\",\"@id\":\"https:\\\/\\\/christinakosmeetika.ee\\\/et\\\/toode\\\/rose-de-mer-peeling-soap-et\\\/#breadcrumb\",\"itemListElement\":[{\"@type\":\"ListItem\",\"position\":1,\"name\":\"\u0413\u043b\u0430\u0432\u043d\u0430\u044f \u0441\u0442\u0440\u0430\u043d\u0438\u0446\u0430\",\"item\":\"https:\\\/\\\/christinakosmeetika.ee\\\/et\\\/\"},{\"@type\":\"ListItem\",\"position\":2,\"name\":\"Pood\",\"item\":\"https:\\\/\\\/christinakosmeetika.ee\\\/et\\\/shop\\\/\"},{\"@type\":\"ListItem\",\"position\":3,\"name\":\"Peeling Soap \u2013 kooriv seep naha uuendamiseks 30g CHR052\"}]},{\"@type\":\"WebSite\",\"@id\":\"https:\\\/\\\/christinakosmeetika.ee\\\/#website\",\"url\":\"https:\\\/\\\/christinakosmeetika.ee\\\/\",\"name\":\"Christinakosmeetika\",\"description\":\"Christina kosmeetika Eestis\",\"alternateName\":\"Christina kosmeetika Eestis\",\"potentialAction\":[{\"@type\":\"SearchAction\",\"target\":{\"@type\":\"EntryPoint\",\"urlTemplate\":\"https:\\\/\\\/christinakosmeetika.ee\\\/?s={search_term_string}\"},\"query-input\":{\"@type\":\"PropertyValueSpecification\",\"valueRequired\":true,\"valueName\":\"search_term_string\"}}],\"inLanguage\":\"et\"}]}<\/script>\n<!-- \/ Yoast SEO plugin. -->","yoast_head_json":{"title":"Peeling Soap \u2013 kooriv seep naha uuendamiseks 30g CHR052 - Christinakosmeetika","description":"Peeling Soap aitab \u00fchtlustada n\u00e4o- ja kehanahka, v\u00e4hendada pigmendilaike, aknej\u00e4rgseid arme ja kuiva ketendust.","robots":{"index":"index","follow":"follow","max-snippet":"max-snippet:-1","max-image-preview":"max-image-preview:large","max-video-preview":"max-video-preview:-1"},"canonical":"https:\/\/christinakosmeetika.ee\/et\/toode\/rose-de-mer-peeling-soap-et\/","og_locale":"et_EE","og_type":"article","og_title":"Peeling Soap \u2013 kooriv seep naha uuendamiseks 30g CHR052 - Christinakosmeetika","og_description":"Peeling Soap aitab \u00fchtlustada n\u00e4o- ja kehanahka, v\u00e4hendada pigmendilaike, aknej\u00e4rgseid arme ja kuiva ketendust.","og_url":"https:\/\/christinakosmeetika.ee\/et\/toode\/rose-de-mer-peeling-soap-et\/","og_site_name":"Christinakosmeetika","article_modified_time":"2026-04-10T08:25:31+00:00","og_image":[{"width":450,"height":450,"url":"https:\/\/christinakosmeetika.ee\/wp-content\/uploads\/2021\/05\/soap-450.jpg","type":"image\/jpeg"}],"twitter_card":"summary_large_image","twitter_misc":{"Est. reading time":"2 minutit"},"schema":{"@context":"https:\/\/schema.org","@graph":[{"@type":"WebPage","@id":"https:\/\/christinakosmeetika.ee\/et\/toode\/rose-de-mer-peeling-soap-et\/","url":"https:\/\/christinakosmeetika.ee\/et\/toode\/rose-de-mer-peeling-soap-et\/","name":"Peeling Soap \u2013 kooriv seep naha uuendamiseks 30g CHR052 - Christinakosmeetika","isPartOf":{"@id":"https:\/\/christinakosmeetika.ee\/#website"},"primaryImageOfPage":{"@id":"https:\/\/christinakosmeetika.ee\/et\/toode\/rose-de-mer-peeling-soap-et\/#primaryimage"},"image":{"@id":"https:\/\/christinakosmeetika.ee\/et\/toode\/rose-de-mer-peeling-soap-et\/#primaryimage"},"thumbnailUrl":"https:\/\/christinakosmeetika.ee\/wp-content\/uploads\/2021\/05\/soap-450.jpg","datePublished":"2021-05-09T10:19:01+00:00","dateModified":"2026-04-10T08:25:31+00:00","description":"Peeling Soap aitab \u00fchtlustada n\u00e4o- ja kehanahka, v\u00e4hendada pigmendilaike, aknej\u00e4rgseid arme ja kuiva ketendust.","breadcrumb":{"@id":"https:\/\/christinakosmeetika.ee\/et\/toode\/rose-de-mer-peeling-soap-et\/#breadcrumb"},"inLanguage":"et","potentialAction":[{"@type":"ReadAction","target":["https:\/\/christinakosmeetika.ee\/et\/toode\/rose-de-mer-peeling-soap-et\/"]}]},{"@type":"ImageObject","inLanguage":"et","@id":"https:\/\/christinakosmeetika.ee\/et\/toode\/rose-de-mer-peeling-soap-et\/#primaryimage","url":"https:\/\/christinakosmeetika.ee\/wp-content\/uploads\/2021\/05\/soap-450.jpg","contentUrl":"https:\/\/christinakosmeetika.ee\/wp-content\/uploads\/2021\/05\/soap-450.jpg","width":450,"height":450,"caption":"PEELING SOAP ROSE DE MER"},{"@type":"BreadcrumbList","@id":"https:\/\/christinakosmeetika.ee\/et\/toode\/rose-de-mer-peeling-soap-et\/#breadcrumb","itemListElement":[{"@type":"ListItem","position":1,"name":"\u0413\u043b\u0430\u0432\u043d\u0430\u044f \u0441\u0442\u0440\u0430\u043d\u0438\u0446\u0430","item":"https:\/\/christinakosmeetika.ee\/et\/"},{"@type":"ListItem","position":2,"name":"Pood","item":"https:\/\/christinakosmeetika.ee\/et\/shop\/"},{"@type":"ListItem","position":3,"name":"Peeling Soap \u2013 kooriv seep naha uuendamiseks 30g CHR052"}]},{"@type":"WebSite","@id":"https:\/\/christinakosmeetika.ee\/#website","url":"https:\/\/christinakosmeetika.ee\/","name":"Christinakosmeetika","description":"Christina kosmeetika Eestis","alternateName":"Christina kosmeetika Eestis","potentialAction":[{"@type":"SearchAction","target":{"@type":"EntryPoint","urlTemplate":"https:\/\/christinakosmeetika.ee\/?s={search_term_string}"},"query-input":{"@type":"PropertyValueSpecification","valueRequired":true,"valueName":"search_term_string"}}],"inLanguage":"et"}]}},"_links":{"self":[{"href":"https:\/\/christinakosmeetika.ee\/et\/wp-json\/wp\/v2\/product\/2055","targetHints":{"allow":["GET"]}}],"collection":[{"href":"https:\/\/christinakosmeetika.ee\/et\/wp-json\/wp\/v2\/product"}],"about":[{"href":"https:\/\/christinakosmeetika.ee\/et\/wp-json\/wp\/v2\/types\/product"}],"wp:featuredmedia":[{"embeddable":true,"href":"https:\/\/christinakosmeetika.ee\/et\/wp-json\/wp\/v2\/media\/1503"}],"wp:attachment":[{"href":"https:\/\/christinakosmeetika.ee\/et\/wp-json\/wp\/v2\/media?parent=2055"}],"wp:term":[{"taxonomy":"product_brand","embeddable":true,"href":"https:\/\/christinakosmeetika.ee\/et\/wp-json\/wp\/v2\/product_brand?post=2055"},{"taxonomy":"product_cat","embeddable":true,"href":"https:\/\/christinakosmeetika.ee\/et\/wp-json\/wp\/v2\/product_cat?post=2055"},{"taxonomy":"product_tag","embeddable":true,"href":"https:\/\/christinakosmeetika.ee\/et\/wp-json\/wp\/v2\/product_tag?post=2055"}],"curies":[{"name":"wp","href":"https:\/\/api.w.org\/{rel}","templated":true}]}}