{"id":2052,"date":"2021-05-09T10:27:51","date_gmt":"2021-05-09T10:27:51","guid":{"rendered":"http:\/\/christinakosmeetika.ee\/product\/unstress-gentle-cleansing-milk\/"},"modified":"2026-04-10T11:23:14","modified_gmt":"2026-04-10T08:23:14","slug":"unstress-gentle-cleansing-milk-et","status":"publish","type":"product","link":"https:\/\/christinakosmeetika.ee\/et\/toode\/unstress-gentle-cleansing-milk-et\/","title":{"rendered":"UNSTRESS Gentle Cleansing Milk 300ml CHR768"},"content":{"rendered":"<section class=\"av_textblock_section \">\n<div class=\"avia_textblock \">\n<section class=\"av_textblock_section \">\n<div class=\"avia_textblock \">\n<p>UNSTRESS \u00d5rn puhastav piim eemaldab \u00f5rnalt meigi ja naha pinnalt mustuse, omades detoksifitseerivaid ja antioks\u00fcdantseid omadusi, rahustades ja leevendades \u00e4rritust. See sobib suure koguse kosmeetika eemaldamiseks, eriti tundliku naha puhul.<\/p>\n<p>P\u00e4rast \u00f5rna puhastava piima kasutamist muutub nahk sametiseks ja s\u00e4ravaks, valmis j\u00e4rgnevateks puhastus- ja hooldusetappideks.<\/p>\n<\/div>\n<\/section>\n<section class=\"av_textblock_section \">\n<div class=\"avia_textblock \">\n<p><strong>Kuidas kasutada:\u00a0<\/strong><\/p>\n<p>Kandke vatipadjakesega n\u00e4ole ja kaelale. Eemaldage tooniku-stabilisaatori abil.<\/p>\n<\/div>\n<\/section>\n<section class=\"av_textblock_section \">\n<div class=\"avia_textblock \">\n<p><strong>Koostis:<\/strong><\/p>\n<p>Deionized water (Aqua), Cetearyl Ethylhexanoate, Cetearyl Alcohol&amp;, Glyceryl Caprylate&amp;, Glyceryl Stearate Citrate, Glycerin, Cyclopentasiloxane, Cetyl Alcohol, Deionized water (Aqua)&amp;, Isohexadecane&amp;, Polysorbate 80&amp;, Sodium Acrylate\/Sodium Acryloyldimethyl Taurate Copolymer&amp;, Sorbitan Oleate, Ethylhexylglycerin&amp;, Phenoxyethanol, Deionized water (Aqua)&amp;, Disodium Cocoamphodiacetate&amp;, Sodium Chloride&amp;, Sodium Glycolate, Panthenol, Butylene Glycol&amp;, Cucumis Sativus (Cucumber) Fruit Extract&amp;, Deionized water (Aqua)&amp;, Glycerin, Cellulose&amp;, Deionized water (Aqua)&amp;, Hydroxyethylcellulose&amp;, Isopropyl Alcohol&amp;, Sodium acetate, Centella Asiatica Extract&amp;, Deionized water (Aqua)&amp;, Propanediol, Caprylyl Glycol, Tocopheryl Acetate, Deionized water (Aqua)&amp;, Glycerin&amp;, Plumeria Alba Flower Extract&amp;, Potassium Sorbate&amp;, Sorbic Acid, Butylene Glycol&amp;, Calendula Officinalis Flower Extract&amp;, Deionized water (Aqua)&amp;, <span class=\"fontstyle0\">Glycerin<\/span> , Allantoin, Chlorphenesin, Fragrance, Anise Alcohol, Benzyl Alcohol, Benzyl Benzoate, Benzyl Salicylate, Butylphenyl Methylpropional, Citral, Farnesol, Geraniol, Isoeugenol, Limonene, Linalool, Citric Acid<\/p>\n<\/div>\n<\/section>\n<\/div>\n<\/section>\n","protected":false},"excerpt":{"rendered":"<h4>\u00d5rn n\u00e4o puhastuspiim<\/h4>\n","protected":false},"featured_media":5385,"template":"","meta":[],"product_brand":[],"product_cat":[153],"product_tag":[],"class_list":{"0":"post-2052","1":"product","2":"type-product","3":"status-publish","4":"has-post-thumbnail","6":"product_cat-piim","7":"product_shipping_class-smart-itella-post","8":"pa_linii-kosmetiki-unstress-et","9":"pa_reshenie-problem-dehudratsioon","10":"pa_reshenie-problem-kuperoz","11":"pa_reshenie-problem-saastunud-nahk","12":"pa_reshenie-problem-chuvstvitelnaja-koza","13":"pa_tip-kozi-koik-nahatuubid-et","14":"pa_tip-kozi-kombi-et","15":"pa_tip-kozi-kuiv-et","16":"pa_tip-kozi-normaalne-et","17":"pa_tip-kozi-rasvane-et","18":"pa_tip-preparata-piim","20":"first","21":"instock","22":"taxable","23":"shipping-taxable","24":"purchasable","25":"product-type-simple"},"yoast_head":"<!-- This site is optimized with the Yoast SEO plugin v27.5 - https:\/\/yoast.com\/product\/yoast-seo-wordpress\/ -->\n<title>UNSTRESS Gentle Cleansing Milk 300ml CHR768 - Christinakosmeetika<\/title>\n<meta name=\"description\" content=\"Eemaldab \u00f5rnalt meigi ja mustuse naha pinnalt, omab detoksifitseerivaid ja antioks\u00fcdantseid omadusi ning rahustab ja leevendab \u00e4rritust.\" \/>\n<meta name=\"robots\" content=\"index, follow, max-snippet:-1, max-image-preview:large, max-video-preview:-1\" \/>\n<link rel=\"canonical\" href=\"https:\/\/christinakosmeetika.ee\/product\/unstress-gentle-cleansing-milk\/\" \/>\n<meta property=\"og:locale\" content=\"et_EE\" \/>\n<meta property=\"og:type\" content=\"article\" \/>\n<meta property=\"og:title\" content=\"UNSTRESS Gentle Cleansing Milk 300ml CHR768 - Christinakosmeetika\" \/>\n<meta property=\"og:description\" content=\"Eemaldab \u00f5rnalt meigi ja mustuse naha pinnalt, omab detoksifitseerivaid ja antioks\u00fcdantseid omadusi ning rahustab ja leevendab \u00e4rritust.\" \/>\n<meta property=\"og:url\" content=\"https:\/\/christinakosmeetika.ee\/product\/unstress-gentle-cleansing-milk\/\" \/>\n<meta property=\"og:site_name\" content=\"Christinakosmeetika\" \/>\n<meta property=\"article:modified_time\" content=\"2026-04-10T08:23:14+00:00\" \/>\n<meta property=\"og:image\" content=\"https:\/\/christinakosmeetika.ee\/wp-content\/uploads\/2021\/05\/Gentle-Cleansing-Milk-450-2.jpg\" \/>\n\t<meta property=\"og:image:width\" content=\"450\" \/>\n\t<meta property=\"og:image:height\" content=\"450\" \/>\n\t<meta property=\"og:image:type\" content=\"image\/jpeg\" \/>\n<meta name=\"twitter:card\" content=\"summary_large_image\" \/>\n<meta name=\"twitter:label1\" content=\"Est. reading time\" \/>\n\t<meta name=\"twitter:data1\" content=\"1 minut\" \/>\n<script type=\"application\/ld+json\" class=\"yoast-schema-graph\">{\"@context\":\"https:\\\/\\\/schema.org\",\"@graph\":[{\"@type\":\"WebPage\",\"@id\":\"https:\\\/\\\/christinakosmeetika.ee\\\/product\\\/unstress-gentle-cleansing-milk\\\/\",\"url\":\"https:\\\/\\\/christinakosmeetika.ee\\\/product\\\/unstress-gentle-cleansing-milk\\\/\",\"name\":\"UNSTRESS Gentle Cleansing Milk 300ml CHR768 - Christinakosmeetika\",\"isPartOf\":{\"@id\":\"https:\\\/\\\/christinakosmeetika.ee\\\/#website\"},\"primaryImageOfPage\":{\"@id\":\"https:\\\/\\\/christinakosmeetika.ee\\\/product\\\/unstress-gentle-cleansing-milk\\\/#primaryimage\"},\"image\":{\"@id\":\"https:\\\/\\\/christinakosmeetika.ee\\\/product\\\/unstress-gentle-cleansing-milk\\\/#primaryimage\"},\"thumbnailUrl\":\"https:\\\/\\\/christinakosmeetika.ee\\\/wp-content\\\/uploads\\\/2021\\\/05\\\/Gentle-Cleansing-Milk-450-2.jpg\",\"datePublished\":\"2021-05-09T10:27:51+00:00\",\"dateModified\":\"2026-04-10T08:23:14+00:00\",\"description\":\"Eemaldab \u00f5rnalt meigi ja mustuse naha pinnalt, omab detoksifitseerivaid ja antioks\u00fcdantseid omadusi ning rahustab ja leevendab \u00e4rritust.\",\"breadcrumb\":{\"@id\":\"https:\\\/\\\/christinakosmeetika.ee\\\/product\\\/unstress-gentle-cleansing-milk\\\/#breadcrumb\"},\"inLanguage\":\"et\",\"potentialAction\":[{\"@type\":\"ReadAction\",\"target\":[\"https:\\\/\\\/christinakosmeetika.ee\\\/product\\\/unstress-gentle-cleansing-milk\\\/\"]}]},{\"@type\":\"ImageObject\",\"inLanguage\":\"et\",\"@id\":\"https:\\\/\\\/christinakosmeetika.ee\\\/product\\\/unstress-gentle-cleansing-milk\\\/#primaryimage\",\"url\":\"https:\\\/\\\/christinakosmeetika.ee\\\/wp-content\\\/uploads\\\/2021\\\/05\\\/Gentle-Cleansing-Milk-450-2.jpg\",\"contentUrl\":\"https:\\\/\\\/christinakosmeetika.ee\\\/wp-content\\\/uploads\\\/2021\\\/05\\\/Gentle-Cleansing-Milk-450-2.jpg\",\"width\":450,\"height\":450},{\"@type\":\"BreadcrumbList\",\"@id\":\"https:\\\/\\\/christinakosmeetika.ee\\\/product\\\/unstress-gentle-cleansing-milk\\\/#breadcrumb\",\"itemListElement\":[{\"@type\":\"ListItem\",\"position\":1,\"name\":\"\u0413\u043b\u0430\u0432\u043d\u0430\u044f \u0441\u0442\u0440\u0430\u043d\u0438\u0446\u0430\",\"item\":\"https:\\\/\\\/christinakosmeetika.ee\\\/et\\\/\"},{\"@type\":\"ListItem\",\"position\":2,\"name\":\"Pood\",\"item\":\"https:\\\/\\\/christinakosmeetika.ee\\\/et\\\/shop\\\/\"},{\"@type\":\"ListItem\",\"position\":3,\"name\":\"UNSTRESS Gentle Cleansing Milk 300ml CHR768\"}]},{\"@type\":\"WebSite\",\"@id\":\"https:\\\/\\\/christinakosmeetika.ee\\\/#website\",\"url\":\"https:\\\/\\\/christinakosmeetika.ee\\\/\",\"name\":\"Christinakosmeetika\",\"description\":\"Christina kosmeetika Eestis\",\"alternateName\":\"Christina kosmeetika Eestis\",\"potentialAction\":[{\"@type\":\"SearchAction\",\"target\":{\"@type\":\"EntryPoint\",\"urlTemplate\":\"https:\\\/\\\/christinakosmeetika.ee\\\/?s={search_term_string}\"},\"query-input\":{\"@type\":\"PropertyValueSpecification\",\"valueRequired\":true,\"valueName\":\"search_term_string\"}}],\"inLanguage\":\"et\"}]}<\/script>\n<!-- \/ Yoast SEO plugin. -->","yoast_head_json":{"title":"UNSTRESS Gentle Cleansing Milk 300ml CHR768 - Christinakosmeetika","description":"Eemaldab \u00f5rnalt meigi ja mustuse naha pinnalt, omab detoksifitseerivaid ja antioks\u00fcdantseid omadusi ning rahustab ja leevendab \u00e4rritust.","robots":{"index":"index","follow":"follow","max-snippet":"max-snippet:-1","max-image-preview":"max-image-preview:large","max-video-preview":"max-video-preview:-1"},"canonical":"https:\/\/christinakosmeetika.ee\/product\/unstress-gentle-cleansing-milk\/","og_locale":"et_EE","og_type":"article","og_title":"UNSTRESS Gentle Cleansing Milk 300ml CHR768 - Christinakosmeetika","og_description":"Eemaldab \u00f5rnalt meigi ja mustuse naha pinnalt, omab detoksifitseerivaid ja antioks\u00fcdantseid omadusi ning rahustab ja leevendab \u00e4rritust.","og_url":"https:\/\/christinakosmeetika.ee\/product\/unstress-gentle-cleansing-milk\/","og_site_name":"Christinakosmeetika","article_modified_time":"2026-04-10T08:23:14+00:00","og_image":[{"width":450,"height":450,"url":"https:\/\/christinakosmeetika.ee\/wp-content\/uploads\/2021\/05\/Gentle-Cleansing-Milk-450-2.jpg","type":"image\/jpeg"}],"twitter_card":"summary_large_image","twitter_misc":{"Est. reading time":"1 minut"},"schema":{"@context":"https:\/\/schema.org","@graph":[{"@type":"WebPage","@id":"https:\/\/christinakosmeetika.ee\/product\/unstress-gentle-cleansing-milk\/","url":"https:\/\/christinakosmeetika.ee\/product\/unstress-gentle-cleansing-milk\/","name":"UNSTRESS Gentle Cleansing Milk 300ml CHR768 - Christinakosmeetika","isPartOf":{"@id":"https:\/\/christinakosmeetika.ee\/#website"},"primaryImageOfPage":{"@id":"https:\/\/christinakosmeetika.ee\/product\/unstress-gentle-cleansing-milk\/#primaryimage"},"image":{"@id":"https:\/\/christinakosmeetika.ee\/product\/unstress-gentle-cleansing-milk\/#primaryimage"},"thumbnailUrl":"https:\/\/christinakosmeetika.ee\/wp-content\/uploads\/2021\/05\/Gentle-Cleansing-Milk-450-2.jpg","datePublished":"2021-05-09T10:27:51+00:00","dateModified":"2026-04-10T08:23:14+00:00","description":"Eemaldab \u00f5rnalt meigi ja mustuse naha pinnalt, omab detoksifitseerivaid ja antioks\u00fcdantseid omadusi ning rahustab ja leevendab \u00e4rritust.","breadcrumb":{"@id":"https:\/\/christinakosmeetika.ee\/product\/unstress-gentle-cleansing-milk\/#breadcrumb"},"inLanguage":"et","potentialAction":[{"@type":"ReadAction","target":["https:\/\/christinakosmeetika.ee\/product\/unstress-gentle-cleansing-milk\/"]}]},{"@type":"ImageObject","inLanguage":"et","@id":"https:\/\/christinakosmeetika.ee\/product\/unstress-gentle-cleansing-milk\/#primaryimage","url":"https:\/\/christinakosmeetika.ee\/wp-content\/uploads\/2021\/05\/Gentle-Cleansing-Milk-450-2.jpg","contentUrl":"https:\/\/christinakosmeetika.ee\/wp-content\/uploads\/2021\/05\/Gentle-Cleansing-Milk-450-2.jpg","width":450,"height":450},{"@type":"BreadcrumbList","@id":"https:\/\/christinakosmeetika.ee\/product\/unstress-gentle-cleansing-milk\/#breadcrumb","itemListElement":[{"@type":"ListItem","position":1,"name":"\u0413\u043b\u0430\u0432\u043d\u0430\u044f \u0441\u0442\u0440\u0430\u043d\u0438\u0446\u0430","item":"https:\/\/christinakosmeetika.ee\/et\/"},{"@type":"ListItem","position":2,"name":"Pood","item":"https:\/\/christinakosmeetika.ee\/et\/shop\/"},{"@type":"ListItem","position":3,"name":"UNSTRESS Gentle Cleansing Milk 300ml CHR768"}]},{"@type":"WebSite","@id":"https:\/\/christinakosmeetika.ee\/#website","url":"https:\/\/christinakosmeetika.ee\/","name":"Christinakosmeetika","description":"Christina kosmeetika Eestis","alternateName":"Christina kosmeetika Eestis","potentialAction":[{"@type":"SearchAction","target":{"@type":"EntryPoint","urlTemplate":"https:\/\/christinakosmeetika.ee\/?s={search_term_string}"},"query-input":{"@type":"PropertyValueSpecification","valueRequired":true,"valueName":"search_term_string"}}],"inLanguage":"et"}]}},"_links":{"self":[{"href":"https:\/\/christinakosmeetika.ee\/et\/wp-json\/wp\/v2\/product\/2052","targetHints":{"allow":["GET"]}}],"collection":[{"href":"https:\/\/christinakosmeetika.ee\/et\/wp-json\/wp\/v2\/product"}],"about":[{"href":"https:\/\/christinakosmeetika.ee\/et\/wp-json\/wp\/v2\/types\/product"}],"wp:featuredmedia":[{"embeddable":true,"href":"https:\/\/christinakosmeetika.ee\/et\/wp-json\/wp\/v2\/media\/5385"}],"wp:attachment":[{"href":"https:\/\/christinakosmeetika.ee\/et\/wp-json\/wp\/v2\/media?parent=2052"}],"wp:term":[{"taxonomy":"product_brand","embeddable":true,"href":"https:\/\/christinakosmeetika.ee\/et\/wp-json\/wp\/v2\/product_brand?post=2052"},{"taxonomy":"product_cat","embeddable":true,"href":"https:\/\/christinakosmeetika.ee\/et\/wp-json\/wp\/v2\/product_cat?post=2052"},{"taxonomy":"product_tag","embeddable":true,"href":"https:\/\/christinakosmeetika.ee\/et\/wp-json\/wp\/v2\/product_tag?post=2052"}],"curies":[{"name":"wp","href":"https:\/\/api.w.org\/{rel}","templated":true}]}}