{"id":2049,"date":"2021-05-09T10:33:12","date_gmt":"2021-05-09T10:33:12","guid":{"rendered":"http:\/\/christinakosmeetika.ee\/product\/unstress-stabilizing-toner\/"},"modified":"2026-04-14T21:51:30","modified_gmt":"2026-04-14T18:51:30","slug":"unstress-stabilizing-toner-et","status":"publish","type":"product","link":"https:\/\/christinakosmeetika.ee\/et\/toode\/unstress-stabilizing-toner-et\/","title":{"rendered":"UNSTRESS Stabilizing Toner 300ml CHR767"},"content":{"rendered":"<section class=\"av_textblock_section \">\n<div class=\"avia_textblock \">\n<section class=\"av_textblock_section \">\n<div class=\"avia_textblock \">\n<p>Tasakaalustav toonik Christina Unstress Stabilizing Toner on m\u00f5eldud n\u00e4onaha t\u00e4iendavaks puhastamiseks ja aitab mitte ainult eemaldada pinnal olevaid mustuseosakesi ja liigset naharasu, vaid ka tasakaalustada naha pH taset.<\/p>\n<p>See tasakaalustab naha pinnal olevat happelisust ja stimuleerib rakkude regenereerimist. Toonikul on rahustav toime, see soodustab naha taastumisprotsesse, v\u00e4hendab s\u00fcgelust, p\u00f5letustunnet, turset ja punetust. See puhastab \u00f5rnalt, tasakaalustab pH taset ja stimuleerib rakkude uuenemist. Lisaks omab see vananemisvastaseid omadusi ja noorendab nahka. Kasutatakse p\u00e4rast meigi eemaldamist. pH tase 4,0-4,5.<\/p>\n<\/div>\n<\/section>\n<section class=\"av_textblock_section \">\n<div class=\"avia_textblock \">\n<p><strong>Kasutusmeetod:<\/strong><\/p>\n<p>Kandke vatipadjakesele, puhastage n\u00e4gu, kaela ja dekoltee piirkonda.<b><br \/>\n<\/b><\/p>\n<\/div>\n<\/section>\n<section class=\"av_textblock_section \">\n<div class=\"avia_textblock \">\n<p><strong>Koostis:<\/strong><\/p>\n<p>Deionized water (Aqua), Propanediol, Decyl Glucoside&amp;, Deionized water (Aqua), Triethanolamine, Glycolic Acid, Lactic Acid, Polysorbate 20, Ethylhexylglycerin&amp;, Phenoxyethanol, Aloe Barbadensis Leaf Extract&amp;, Bioflavonoids&amp;, Brassica Oleracea Italica (Broccoli) Extract&amp;, Propanediol, Centella Asiatica Extract&amp;, Deionized water (Aqua)&amp;, Propanediol, Panthenol, Butylene Glycol&amp;, Cucumis Sativus (Cucumber) Fruit Extract&amp;, Deionized water (Aqua)&amp;, Glycerin, Chlorphenesin, Fragrance, Anise Alcohol, Benzyl Alcohol, Benzyl Benzoate, Benzyl Salicylate, Butylphenyl Methylpropional, Citral, Farnesol, Geraniol, Isoeugenol, Limonene, Linalool, Deionized water (Aqua)&amp;, FD&amp;C Blue NO. 1 (CI42090)&amp;, FD&amp;C Yellow NO. 5 (CI19140)<\/p>\n<\/div>\n<\/section>\n<\/div>\n<\/section>\n","protected":false},"excerpt":{"rendered":"<p>Tasakaalustav taastav n\u00e4otoonik<\/p>\n","protected":false},"featured_media":5410,"template":"","meta":[],"product_brand":[],"product_cat":[185,489],"product_tag":[],"class_list":{"0":"post-2049","1":"product","2":"type-product","3":"status-publish","4":"has-post-thumbnail","6":"product_cat-toonik","7":"product_cat-unstress-et","8":"product_shipping_class-smart-itella-post","9":"pa_linii-kosmetiki-unstress-et","10":"pa_reshenie-problem-dehudratsioon","11":"pa_reshenie-problem-ebauhtlane-nahatekstuur","12":"pa_reshenie-problem-kuperoz","13":"pa_reshenie-problem-saastunud-nahk","14":"pa_reshenie-problem-chuvstvitelnaja-koza","15":"pa_tip-kozi-kombi-et","16":"pa_tip-kozi-kuiv-et","17":"pa_tip-kozi-normaalne-et","18":"pa_tip-preparata-toonik","20":"first","21":"instock","22":"taxable","23":"shipping-taxable","24":"purchasable","25":"product-type-simple"},"yoast_head":"<!-- This site is optimized with the Yoast SEO plugin v27.5 - https:\/\/yoast.com\/product\/yoast-seo-wordpress\/ -->\n<title>UNSTRESS Stabilizing Toner 300ml CHR767 - Christinakosmeetika<\/title>\n<meta name=\"description\" content=\"See on \u00f5rn, kergelt happeline toonik, mis l\u00f5petab puhastusprotsessi, eemaldades naha pinnalt mustuse ja liigse rasu. Tasakaalustab naha pH-taset.\" \/>\n<meta name=\"robots\" content=\"index, follow, max-snippet:-1, max-image-preview:large, max-video-preview:-1\" \/>\n<link rel=\"canonical\" href=\"https:\/\/christinakosmeetika.ee\/et\/toode\/unstress-stabilizing-toner-et\/\" \/>\n<meta property=\"og:locale\" content=\"et_EE\" \/>\n<meta property=\"og:type\" content=\"article\" \/>\n<meta property=\"og:title\" content=\"UNSTRESS Stabilizing Toner 300ml CHR767 - Christinakosmeetika\" \/>\n<meta property=\"og:description\" content=\"See on \u00f5rn, kergelt happeline toonik, mis l\u00f5petab puhastusprotsessi, eemaldades naha pinnalt mustuse ja liigse rasu. Tasakaalustab naha pH-taset.\" \/>\n<meta property=\"og:url\" content=\"https:\/\/christinakosmeetika.ee\/et\/toode\/unstress-stabilizing-toner-et\/\" \/>\n<meta property=\"og:site_name\" content=\"Christinakosmeetika\" \/>\n<meta property=\"article:modified_time\" content=\"2026-04-14T18:51:30+00:00\" \/>\n<meta property=\"og:image\" content=\"https:\/\/christinakosmeetika.ee\/wp-content\/uploads\/2021\/05\/Stabilizing-Toner-450-1.jpg\" \/>\n\t<meta property=\"og:image:width\" content=\"450\" \/>\n\t<meta property=\"og:image:height\" content=\"450\" \/>\n\t<meta property=\"og:image:type\" content=\"image\/jpeg\" \/>\n<meta name=\"twitter:card\" content=\"summary_large_image\" \/>\n<meta name=\"twitter:label1\" content=\"Est. reading time\" \/>\n\t<meta name=\"twitter:data1\" content=\"1 minut\" \/>\n<script type=\"application\/ld+json\" class=\"yoast-schema-graph\">{\"@context\":\"https:\\\/\\\/schema.org\",\"@graph\":[{\"@type\":\"WebPage\",\"@id\":\"https:\\\/\\\/christinakosmeetika.ee\\\/et\\\/toode\\\/unstress-stabilizing-toner-et\\\/\",\"url\":\"https:\\\/\\\/christinakosmeetika.ee\\\/et\\\/toode\\\/unstress-stabilizing-toner-et\\\/\",\"name\":\"UNSTRESS Stabilizing Toner 300ml CHR767 - Christinakosmeetika\",\"isPartOf\":{\"@id\":\"https:\\\/\\\/christinakosmeetika.ee\\\/#website\"},\"primaryImageOfPage\":{\"@id\":\"https:\\\/\\\/christinakosmeetika.ee\\\/et\\\/toode\\\/unstress-stabilizing-toner-et\\\/#primaryimage\"},\"image\":{\"@id\":\"https:\\\/\\\/christinakosmeetika.ee\\\/et\\\/toode\\\/unstress-stabilizing-toner-et\\\/#primaryimage\"},\"thumbnailUrl\":\"https:\\\/\\\/christinakosmeetika.ee\\\/wp-content\\\/uploads\\\/2021\\\/05\\\/Stabilizing-Toner-450-1.jpg\",\"datePublished\":\"2021-05-09T10:33:12+00:00\",\"dateModified\":\"2026-04-14T18:51:30+00:00\",\"description\":\"See on \u00f5rn, kergelt happeline toonik, mis l\u00f5petab puhastusprotsessi, eemaldades naha pinnalt mustuse ja liigse rasu. Tasakaalustab naha pH-taset.\",\"breadcrumb\":{\"@id\":\"https:\\\/\\\/christinakosmeetika.ee\\\/et\\\/toode\\\/unstress-stabilizing-toner-et\\\/#breadcrumb\"},\"inLanguage\":\"et\",\"potentialAction\":[{\"@type\":\"ReadAction\",\"target\":[\"https:\\\/\\\/christinakosmeetika.ee\\\/et\\\/toode\\\/unstress-stabilizing-toner-et\\\/\"]}]},{\"@type\":\"ImageObject\",\"inLanguage\":\"et\",\"@id\":\"https:\\\/\\\/christinakosmeetika.ee\\\/et\\\/toode\\\/unstress-stabilizing-toner-et\\\/#primaryimage\",\"url\":\"https:\\\/\\\/christinakosmeetika.ee\\\/wp-content\\\/uploads\\\/2021\\\/05\\\/Stabilizing-Toner-450-1.jpg\",\"contentUrl\":\"https:\\\/\\\/christinakosmeetika.ee\\\/wp-content\\\/uploads\\\/2021\\\/05\\\/Stabilizing-Toner-450-1.jpg\",\"width\":450,\"height\":450},{\"@type\":\"BreadcrumbList\",\"@id\":\"https:\\\/\\\/christinakosmeetika.ee\\\/et\\\/toode\\\/unstress-stabilizing-toner-et\\\/#breadcrumb\",\"itemListElement\":[{\"@type\":\"ListItem\",\"position\":1,\"name\":\"\u0413\u043b\u0430\u0432\u043d\u0430\u044f \u0441\u0442\u0440\u0430\u043d\u0438\u0446\u0430\",\"item\":\"https:\\\/\\\/christinakosmeetika.ee\\\/et\\\/\"},{\"@type\":\"ListItem\",\"position\":2,\"name\":\"Pood\",\"item\":\"https:\\\/\\\/christinakosmeetika.ee\\\/et\\\/shop\\\/\"},{\"@type\":\"ListItem\",\"position\":3,\"name\":\"UNSTRESS Stabilizing Toner 300ml CHR767\"}]},{\"@type\":\"WebSite\",\"@id\":\"https:\\\/\\\/christinakosmeetika.ee\\\/#website\",\"url\":\"https:\\\/\\\/christinakosmeetika.ee\\\/\",\"name\":\"Christinakosmeetika\",\"description\":\"Christina kosmeetika Eestis\",\"alternateName\":\"Christina kosmeetika Eestis\",\"potentialAction\":[{\"@type\":\"SearchAction\",\"target\":{\"@type\":\"EntryPoint\",\"urlTemplate\":\"https:\\\/\\\/christinakosmeetika.ee\\\/?s={search_term_string}\"},\"query-input\":{\"@type\":\"PropertyValueSpecification\",\"valueRequired\":true,\"valueName\":\"search_term_string\"}}],\"inLanguage\":\"et\"}]}<\/script>\n<!-- \/ Yoast SEO plugin. -->","yoast_head_json":{"title":"UNSTRESS Stabilizing Toner 300ml CHR767 - Christinakosmeetika","description":"See on \u00f5rn, kergelt happeline toonik, mis l\u00f5petab puhastusprotsessi, eemaldades naha pinnalt mustuse ja liigse rasu. Tasakaalustab naha pH-taset.","robots":{"index":"index","follow":"follow","max-snippet":"max-snippet:-1","max-image-preview":"max-image-preview:large","max-video-preview":"max-video-preview:-1"},"canonical":"https:\/\/christinakosmeetika.ee\/et\/toode\/unstress-stabilizing-toner-et\/","og_locale":"et_EE","og_type":"article","og_title":"UNSTRESS Stabilizing Toner 300ml CHR767 - Christinakosmeetika","og_description":"See on \u00f5rn, kergelt happeline toonik, mis l\u00f5petab puhastusprotsessi, eemaldades naha pinnalt mustuse ja liigse rasu. Tasakaalustab naha pH-taset.","og_url":"https:\/\/christinakosmeetika.ee\/et\/toode\/unstress-stabilizing-toner-et\/","og_site_name":"Christinakosmeetika","article_modified_time":"2026-04-14T18:51:30+00:00","og_image":[{"width":450,"height":450,"url":"https:\/\/christinakosmeetika.ee\/wp-content\/uploads\/2021\/05\/Stabilizing-Toner-450-1.jpg","type":"image\/jpeg"}],"twitter_card":"summary_large_image","twitter_misc":{"Est. reading time":"1 minut"},"schema":{"@context":"https:\/\/schema.org","@graph":[{"@type":"WebPage","@id":"https:\/\/christinakosmeetika.ee\/et\/toode\/unstress-stabilizing-toner-et\/","url":"https:\/\/christinakosmeetika.ee\/et\/toode\/unstress-stabilizing-toner-et\/","name":"UNSTRESS Stabilizing Toner 300ml CHR767 - Christinakosmeetika","isPartOf":{"@id":"https:\/\/christinakosmeetika.ee\/#website"},"primaryImageOfPage":{"@id":"https:\/\/christinakosmeetika.ee\/et\/toode\/unstress-stabilizing-toner-et\/#primaryimage"},"image":{"@id":"https:\/\/christinakosmeetika.ee\/et\/toode\/unstress-stabilizing-toner-et\/#primaryimage"},"thumbnailUrl":"https:\/\/christinakosmeetika.ee\/wp-content\/uploads\/2021\/05\/Stabilizing-Toner-450-1.jpg","datePublished":"2021-05-09T10:33:12+00:00","dateModified":"2026-04-14T18:51:30+00:00","description":"See on \u00f5rn, kergelt happeline toonik, mis l\u00f5petab puhastusprotsessi, eemaldades naha pinnalt mustuse ja liigse rasu. Tasakaalustab naha pH-taset.","breadcrumb":{"@id":"https:\/\/christinakosmeetika.ee\/et\/toode\/unstress-stabilizing-toner-et\/#breadcrumb"},"inLanguage":"et","potentialAction":[{"@type":"ReadAction","target":["https:\/\/christinakosmeetika.ee\/et\/toode\/unstress-stabilizing-toner-et\/"]}]},{"@type":"ImageObject","inLanguage":"et","@id":"https:\/\/christinakosmeetika.ee\/et\/toode\/unstress-stabilizing-toner-et\/#primaryimage","url":"https:\/\/christinakosmeetika.ee\/wp-content\/uploads\/2021\/05\/Stabilizing-Toner-450-1.jpg","contentUrl":"https:\/\/christinakosmeetika.ee\/wp-content\/uploads\/2021\/05\/Stabilizing-Toner-450-1.jpg","width":450,"height":450},{"@type":"BreadcrumbList","@id":"https:\/\/christinakosmeetika.ee\/et\/toode\/unstress-stabilizing-toner-et\/#breadcrumb","itemListElement":[{"@type":"ListItem","position":1,"name":"\u0413\u043b\u0430\u0432\u043d\u0430\u044f \u0441\u0442\u0440\u0430\u043d\u0438\u0446\u0430","item":"https:\/\/christinakosmeetika.ee\/et\/"},{"@type":"ListItem","position":2,"name":"Pood","item":"https:\/\/christinakosmeetika.ee\/et\/shop\/"},{"@type":"ListItem","position":3,"name":"UNSTRESS Stabilizing Toner 300ml CHR767"}]},{"@type":"WebSite","@id":"https:\/\/christinakosmeetika.ee\/#website","url":"https:\/\/christinakosmeetika.ee\/","name":"Christinakosmeetika","description":"Christina kosmeetika Eestis","alternateName":"Christina kosmeetika Eestis","potentialAction":[{"@type":"SearchAction","target":{"@type":"EntryPoint","urlTemplate":"https:\/\/christinakosmeetika.ee\/?s={search_term_string}"},"query-input":{"@type":"PropertyValueSpecification","valueRequired":true,"valueName":"search_term_string"}}],"inLanguage":"et"}]}},"_links":{"self":[{"href":"https:\/\/christinakosmeetika.ee\/et\/wp-json\/wp\/v2\/product\/2049","targetHints":{"allow":["GET"]}}],"collection":[{"href":"https:\/\/christinakosmeetika.ee\/et\/wp-json\/wp\/v2\/product"}],"about":[{"href":"https:\/\/christinakosmeetika.ee\/et\/wp-json\/wp\/v2\/types\/product"}],"wp:featuredmedia":[{"embeddable":true,"href":"https:\/\/christinakosmeetika.ee\/et\/wp-json\/wp\/v2\/media\/5410"}],"wp:attachment":[{"href":"https:\/\/christinakosmeetika.ee\/et\/wp-json\/wp\/v2\/media?parent=2049"}],"wp:term":[{"taxonomy":"product_brand","embeddable":true,"href":"https:\/\/christinakosmeetika.ee\/et\/wp-json\/wp\/v2\/product_brand?post=2049"},{"taxonomy":"product_cat","embeddable":true,"href":"https:\/\/christinakosmeetika.ee\/et\/wp-json\/wp\/v2\/product_cat?post=2049"},{"taxonomy":"product_tag","embeddable":true,"href":"https:\/\/christinakosmeetika.ee\/et\/wp-json\/wp\/v2\/product_tag?post=2049"}],"curies":[{"name":"wp","href":"https:\/\/api.w.org\/{rel}","templated":true}]}}