{"id":2046,"date":"2021-05-09T10:40:57","date_gmt":"2021-05-09T10:40:57","guid":{"rendered":"http:\/\/christinakosmeetika.ee\/product\/unstress-comfort-cleansing-mousse\/"},"modified":"2026-04-10T11:22:06","modified_gmt":"2026-04-10T08:22:06","slug":"unstress-comfort-cleansing-mousse-et","status":"publish","type":"product","link":"https:\/\/christinakosmeetika.ee\/et\/toode\/unstress-comfort-cleansing-mousse-et\/","title":{"rendered":"UNSTRESS Comfort Cleansing Mousse 200ml CHR766"},"content":{"rendered":"<section class=\"av_textblock_section \">\n<div class=\"avia_textblock \">\n<section class=\"av_textblock_section \">\n<div class=\"avia_textblock \">\n<p>\u00d5rnalt puhastab nahka, \u00f5rnalt eemaldades pinnal olevad mustuse ja meigij\u00e4\u00e4gid. Omab p\u00f5letikuvastaseid omadusi, rahustab \u00e4rritunud nahka. S\u00e4ilitab naha loomuliku niiskustaseme, muutes selle pehmeks ja elastseks. Sobib tundlikule nahale.<\/p>\n<p>Moussi aktiivsed komponendid aitavad s\u00e4ilitada naha loomulikku niiskustaset, muutes selle pehmeks ja elastseks.<\/p>\n<p>See puhastav mousse tagab puhtuse ja mugavuse. Omab meeldivat aroomi. Aitab s\u00e4ilitada naha loomulikku niiskustasakaalu, pehmendab nahka, normaliseerib pH-taset. Sobib tundlikule nahale.<\/p>\n<\/div>\n<\/section>\n<section class=\"av_textblock_section \">\n<div class=\"avia_textblock \">\n<p><strong>Kasutamine:<\/strong><\/p>\n<p>Kanda ja levitada \u00fcle niisutatud sooja veega n\u00e4o, kaela ja dekoltee piirkonna kergete massaa\u017ei liigutustega, seej\u00e4rel loputage sooja veega.<\/p>\n<\/div>\n<\/section>\n<section class=\"av_textblock_section \">\n<div class=\"avia_textblock \">\n<p><strong>Koostis:<\/strong><\/p>\n<p>Deionized water (Aqua), Glycerin, Deionized water (Aqua)&amp;, Disodium Cocoamphodiacetate&amp;, Sodium Chloride&amp;, Sodium Glycolate, Cocamidopropyl Betaine, Deionized water (Aqua)&amp;, Fructose&amp;, Glycine&amp;, Inositol&amp;, Niacinamide&amp;, Sodium Lactate&amp;, Sodium PCA&amp;, Urea, Centella Asiatica Extract&amp;, Deionized water (Aqua)&amp;, Propanediol, Panthenol, Ethylhexylglycerin&amp;, Phenoxyethanol, Aloe Barbadensis Leaf Extract&amp;, Bioflavonoids&amp;, Brassica Oleracea Italica (Broccoli) Extract&amp;, Propanediol, Butylene Glycol&amp;, Camellia Sinensis Leaf Extract&amp;, Glycerin&amp;, Water, Polysorbate 20, Lactic Acid, Chlorphenesin, Allantoin, Fragrance, Anise Alcohol, Benzyl Alcohol, Benzyl Benzoate, Benzyl Salicylate, Butylphenyl Methylpropional, Citral, Farnesol, Geraniol, Isoeugenol, Limonene, Linalool<\/p>\n<\/div>\n<\/section>\n<\/div>\n<\/section>\n","protected":false},"excerpt":{"rendered":"<h4>Comfort Cleansing Mousse<\/h4>\n","protected":false},"featured_media":5381,"template":"","meta":[],"product_brand":[],"product_cat":[154],"product_tag":[],"class_list":{"0":"post-2046","1":"product","2":"type-product","3":"status-publish","4":"has-post-thumbnail","6":"product_cat-mousse","7":"product_shipping_class-smart-itella-post","8":"pa_linii-kosmetiki-unstress-et","9":"pa_reshenie-problem-dehudratsioon","10":"pa_reshenie-problem-kuperoz","11":"pa_reshenie-problem-saastunud-nahk","12":"pa_reshenie-problem-chuvstvitelnaja-koza","13":"pa_tip-kozi-koik-nahatuubid-et","14":"pa_tip-kozi-kombi-et","15":"pa_tip-kozi-kuiv-et","16":"pa_tip-kozi-normaalne-et","17":"pa_tip-kozi-rasvane-et","18":"pa_tip-preparata-mousse","20":"first","21":"instock","22":"taxable","23":"shipping-taxable","24":"purchasable","25":"product-type-simple"},"yoast_head":"<!-- This site is optimized with the Yoast SEO plugin v27.5 - https:\/\/yoast.com\/product\/yoast-seo-wordpress\/ -->\n<title>UNSTRESS Comfort Cleansing Mousse 200ml CHR766 - Christinakosmeetika<\/title>\n<meta name=\"description\" content=\"Puhastab nahka \u00f5rnalt, eemaldades delikaatselt pindmised mustused ja meigij\u00e4\u00e4gid. Omab p\u00f5letikuvastaseid omadusi ja rahustab \u00e4rritunud nahka.\" \/>\n<meta name=\"robots\" content=\"index, follow, max-snippet:-1, max-image-preview:large, max-video-preview:-1\" \/>\n<link rel=\"canonical\" href=\"https:\/\/christinakosmeetika.ee\/product\/unstress-comfort-cleansing-mousse\/\" \/>\n<meta property=\"og:locale\" content=\"et_EE\" \/>\n<meta property=\"og:type\" content=\"article\" \/>\n<meta property=\"og:title\" content=\"UNSTRESS Comfort Cleansing Mousse 200ml CHR766 - Christinakosmeetika\" \/>\n<meta property=\"og:description\" content=\"Puhastab nahka \u00f5rnalt, eemaldades delikaatselt pindmised mustused ja meigij\u00e4\u00e4gid. Omab p\u00f5letikuvastaseid omadusi ja rahustab \u00e4rritunud nahka.\" \/>\n<meta property=\"og:url\" content=\"https:\/\/christinakosmeetika.ee\/product\/unstress-comfort-cleansing-mousse\/\" \/>\n<meta property=\"og:site_name\" content=\"Christinakosmeetika\" \/>\n<meta property=\"article:modified_time\" content=\"2026-04-10T08:22:06+00:00\" \/>\n<meta property=\"og:image\" content=\"https:\/\/christinakosmeetika.ee\/wp-content\/uploads\/2021\/05\/Comfort-Cleansing-Mousse-450-1.jpg\" \/>\n\t<meta property=\"og:image:width\" content=\"450\" \/>\n\t<meta property=\"og:image:height\" content=\"450\" \/>\n\t<meta property=\"og:image:type\" content=\"image\/jpeg\" \/>\n<meta name=\"twitter:card\" content=\"summary_large_image\" \/>\n<meta name=\"twitter:label1\" content=\"Est. reading time\" \/>\n\t<meta name=\"twitter:data1\" content=\"1 minut\" \/>\n<script type=\"application\/ld+json\" class=\"yoast-schema-graph\">{\"@context\":\"https:\\\/\\\/schema.org\",\"@graph\":[{\"@type\":\"WebPage\",\"@id\":\"https:\\\/\\\/christinakosmeetika.ee\\\/product\\\/unstress-comfort-cleansing-mousse\\\/\",\"url\":\"https:\\\/\\\/christinakosmeetika.ee\\\/product\\\/unstress-comfort-cleansing-mousse\\\/\",\"name\":\"UNSTRESS Comfort Cleansing Mousse 200ml CHR766 - Christinakosmeetika\",\"isPartOf\":{\"@id\":\"https:\\\/\\\/christinakosmeetika.ee\\\/#website\"},\"primaryImageOfPage\":{\"@id\":\"https:\\\/\\\/christinakosmeetika.ee\\\/product\\\/unstress-comfort-cleansing-mousse\\\/#primaryimage\"},\"image\":{\"@id\":\"https:\\\/\\\/christinakosmeetika.ee\\\/product\\\/unstress-comfort-cleansing-mousse\\\/#primaryimage\"},\"thumbnailUrl\":\"https:\\\/\\\/christinakosmeetika.ee\\\/wp-content\\\/uploads\\\/2021\\\/05\\\/Comfort-Cleansing-Mousse-450-1.jpg\",\"datePublished\":\"2021-05-09T10:40:57+00:00\",\"dateModified\":\"2026-04-10T08:22:06+00:00\",\"description\":\"Puhastab nahka \u00f5rnalt, eemaldades delikaatselt pindmised mustused ja meigij\u00e4\u00e4gid. Omab p\u00f5letikuvastaseid omadusi ja rahustab \u00e4rritunud nahka.\",\"breadcrumb\":{\"@id\":\"https:\\\/\\\/christinakosmeetika.ee\\\/product\\\/unstress-comfort-cleansing-mousse\\\/#breadcrumb\"},\"inLanguage\":\"et\",\"potentialAction\":[{\"@type\":\"ReadAction\",\"target\":[\"https:\\\/\\\/christinakosmeetika.ee\\\/product\\\/unstress-comfort-cleansing-mousse\\\/\"]}]},{\"@type\":\"ImageObject\",\"inLanguage\":\"et\",\"@id\":\"https:\\\/\\\/christinakosmeetika.ee\\\/product\\\/unstress-comfort-cleansing-mousse\\\/#primaryimage\",\"url\":\"https:\\\/\\\/christinakosmeetika.ee\\\/wp-content\\\/uploads\\\/2021\\\/05\\\/Comfort-Cleansing-Mousse-450-1.jpg\",\"contentUrl\":\"https:\\\/\\\/christinakosmeetika.ee\\\/wp-content\\\/uploads\\\/2021\\\/05\\\/Comfort-Cleansing-Mousse-450-1.jpg\",\"width\":450,\"height\":450},{\"@type\":\"BreadcrumbList\",\"@id\":\"https:\\\/\\\/christinakosmeetika.ee\\\/product\\\/unstress-comfort-cleansing-mousse\\\/#breadcrumb\",\"itemListElement\":[{\"@type\":\"ListItem\",\"position\":1,\"name\":\"\u0413\u043b\u0430\u0432\u043d\u0430\u044f \u0441\u0442\u0440\u0430\u043d\u0438\u0446\u0430\",\"item\":\"https:\\\/\\\/christinakosmeetika.ee\\\/et\\\/\"},{\"@type\":\"ListItem\",\"position\":2,\"name\":\"Pood\",\"item\":\"https:\\\/\\\/christinakosmeetika.ee\\\/et\\\/shop\\\/\"},{\"@type\":\"ListItem\",\"position\":3,\"name\":\"UNSTRESS Comfort Cleansing Mousse 200ml CHR766\"}]},{\"@type\":\"WebSite\",\"@id\":\"https:\\\/\\\/christinakosmeetika.ee\\\/#website\",\"url\":\"https:\\\/\\\/christinakosmeetika.ee\\\/\",\"name\":\"Christinakosmeetika\",\"description\":\"Christina kosmeetika Eestis\",\"alternateName\":\"Christina kosmeetika Eestis\",\"potentialAction\":[{\"@type\":\"SearchAction\",\"target\":{\"@type\":\"EntryPoint\",\"urlTemplate\":\"https:\\\/\\\/christinakosmeetika.ee\\\/?s={search_term_string}\"},\"query-input\":{\"@type\":\"PropertyValueSpecification\",\"valueRequired\":true,\"valueName\":\"search_term_string\"}}],\"inLanguage\":\"et\"}]}<\/script>\n<!-- \/ Yoast SEO plugin. -->","yoast_head_json":{"title":"UNSTRESS Comfort Cleansing Mousse 200ml CHR766 - Christinakosmeetika","description":"Puhastab nahka \u00f5rnalt, eemaldades delikaatselt pindmised mustused ja meigij\u00e4\u00e4gid. Omab p\u00f5letikuvastaseid omadusi ja rahustab \u00e4rritunud nahka.","robots":{"index":"index","follow":"follow","max-snippet":"max-snippet:-1","max-image-preview":"max-image-preview:large","max-video-preview":"max-video-preview:-1"},"canonical":"https:\/\/christinakosmeetika.ee\/product\/unstress-comfort-cleansing-mousse\/","og_locale":"et_EE","og_type":"article","og_title":"UNSTRESS Comfort Cleansing Mousse 200ml CHR766 - Christinakosmeetika","og_description":"Puhastab nahka \u00f5rnalt, eemaldades delikaatselt pindmised mustused ja meigij\u00e4\u00e4gid. Omab p\u00f5letikuvastaseid omadusi ja rahustab \u00e4rritunud nahka.","og_url":"https:\/\/christinakosmeetika.ee\/product\/unstress-comfort-cleansing-mousse\/","og_site_name":"Christinakosmeetika","article_modified_time":"2026-04-10T08:22:06+00:00","og_image":[{"width":450,"height":450,"url":"https:\/\/christinakosmeetika.ee\/wp-content\/uploads\/2021\/05\/Comfort-Cleansing-Mousse-450-1.jpg","type":"image\/jpeg"}],"twitter_card":"summary_large_image","twitter_misc":{"Est. reading time":"1 minut"},"schema":{"@context":"https:\/\/schema.org","@graph":[{"@type":"WebPage","@id":"https:\/\/christinakosmeetika.ee\/product\/unstress-comfort-cleansing-mousse\/","url":"https:\/\/christinakosmeetika.ee\/product\/unstress-comfort-cleansing-mousse\/","name":"UNSTRESS Comfort Cleansing Mousse 200ml CHR766 - Christinakosmeetika","isPartOf":{"@id":"https:\/\/christinakosmeetika.ee\/#website"},"primaryImageOfPage":{"@id":"https:\/\/christinakosmeetika.ee\/product\/unstress-comfort-cleansing-mousse\/#primaryimage"},"image":{"@id":"https:\/\/christinakosmeetika.ee\/product\/unstress-comfort-cleansing-mousse\/#primaryimage"},"thumbnailUrl":"https:\/\/christinakosmeetika.ee\/wp-content\/uploads\/2021\/05\/Comfort-Cleansing-Mousse-450-1.jpg","datePublished":"2021-05-09T10:40:57+00:00","dateModified":"2026-04-10T08:22:06+00:00","description":"Puhastab nahka \u00f5rnalt, eemaldades delikaatselt pindmised mustused ja meigij\u00e4\u00e4gid. Omab p\u00f5letikuvastaseid omadusi ja rahustab \u00e4rritunud nahka.","breadcrumb":{"@id":"https:\/\/christinakosmeetika.ee\/product\/unstress-comfort-cleansing-mousse\/#breadcrumb"},"inLanguage":"et","potentialAction":[{"@type":"ReadAction","target":["https:\/\/christinakosmeetika.ee\/product\/unstress-comfort-cleansing-mousse\/"]}]},{"@type":"ImageObject","inLanguage":"et","@id":"https:\/\/christinakosmeetika.ee\/product\/unstress-comfort-cleansing-mousse\/#primaryimage","url":"https:\/\/christinakosmeetika.ee\/wp-content\/uploads\/2021\/05\/Comfort-Cleansing-Mousse-450-1.jpg","contentUrl":"https:\/\/christinakosmeetika.ee\/wp-content\/uploads\/2021\/05\/Comfort-Cleansing-Mousse-450-1.jpg","width":450,"height":450},{"@type":"BreadcrumbList","@id":"https:\/\/christinakosmeetika.ee\/product\/unstress-comfort-cleansing-mousse\/#breadcrumb","itemListElement":[{"@type":"ListItem","position":1,"name":"\u0413\u043b\u0430\u0432\u043d\u0430\u044f \u0441\u0442\u0440\u0430\u043d\u0438\u0446\u0430","item":"https:\/\/christinakosmeetika.ee\/et\/"},{"@type":"ListItem","position":2,"name":"Pood","item":"https:\/\/christinakosmeetika.ee\/et\/shop\/"},{"@type":"ListItem","position":3,"name":"UNSTRESS Comfort Cleansing Mousse 200ml CHR766"}]},{"@type":"WebSite","@id":"https:\/\/christinakosmeetika.ee\/#website","url":"https:\/\/christinakosmeetika.ee\/","name":"Christinakosmeetika","description":"Christina kosmeetika Eestis","alternateName":"Christina kosmeetika Eestis","potentialAction":[{"@type":"SearchAction","target":{"@type":"EntryPoint","urlTemplate":"https:\/\/christinakosmeetika.ee\/?s={search_term_string}"},"query-input":{"@type":"PropertyValueSpecification","valueRequired":true,"valueName":"search_term_string"}}],"inLanguage":"et"}]}},"_links":{"self":[{"href":"https:\/\/christinakosmeetika.ee\/et\/wp-json\/wp\/v2\/product\/2046","targetHints":{"allow":["GET"]}}],"collection":[{"href":"https:\/\/christinakosmeetika.ee\/et\/wp-json\/wp\/v2\/product"}],"about":[{"href":"https:\/\/christinakosmeetika.ee\/et\/wp-json\/wp\/v2\/types\/product"}],"wp:featuredmedia":[{"embeddable":true,"href":"https:\/\/christinakosmeetika.ee\/et\/wp-json\/wp\/v2\/media\/5381"}],"wp:attachment":[{"href":"https:\/\/christinakosmeetika.ee\/et\/wp-json\/wp\/v2\/media?parent=2046"}],"wp:term":[{"taxonomy":"product_brand","embeddable":true,"href":"https:\/\/christinakosmeetika.ee\/et\/wp-json\/wp\/v2\/product_brand?post=2046"},{"taxonomy":"product_cat","embeddable":true,"href":"https:\/\/christinakosmeetika.ee\/et\/wp-json\/wp\/v2\/product_cat?post=2046"},{"taxonomy":"product_tag","embeddable":true,"href":"https:\/\/christinakosmeetika.ee\/et\/wp-json\/wp\/v2\/product_tag?post=2046"}],"curies":[{"name":"wp","href":"https:\/\/api.w.org\/{rel}","templated":true}]}}