{"id":2042,"date":"2021-05-09T10:46:59","date_gmt":"2021-05-09T10:46:59","guid":{"rendered":"http:\/\/christinakosmeetika.ee\/product\/unstress-harmonizing-eye-and-neck-night-cream\/"},"modified":"2026-04-14T22:00:44","modified_gmt":"2026-04-14T19:00:44","slug":"unstress-harmonizing-eye-and-neck-night-cream-et","status":"publish","type":"product","link":"https:\/\/christinakosmeetika.ee\/et\/toode\/unstress-harmonizing-eye-and-neck-night-cream-et\/","title":{"rendered":"UNSTRESS Harmonizing Eye and Neck Night Cream 30ml CHR762"},"content":{"rendered":"<section class=\"av_textblock_section \">\n<div class=\"avia_textblock \">\n<section class=\"av_textblock_section \">\n<div class=\"avia_textblock \">\n<p>UNSTRESS Harmonizing Eye and Neck Night Cream on toitev ja taastav nahahooldustoode, mis on spetsiaalselt loodud \u00f5rna silma\u00fcmbruse ja kaela piirkonna jaoks. Kreem rahustab \u00e4rritunud nahka, v\u00e4hendab punetust ning suurendab naha elastsust ja tihedust, ennetades kollageeni kahjustusi. See v\u00e4hendab kortsude teket ja n\u00e4htavust ning leevendab kuivust ja pingulolekut, v\u00e4hendades tumedaid silmaaluseid ringe.<\/p>\n<p>Vitamiinidega rikastatud ja kudede regenereerimist ning rakulist \u00fchendust parandava koostisega aitab see taastada v\u00e4sinud ja vananeva naha energia ja eluj\u00f5u, muutes selle nooruslikuks ja tervislikuks. Retinooli lisamine tagab t\u00e4iendava toitumise ja niisutuse, tugevdab naha lipiidbarj\u00e4\u00e4ri ning aitab nahal taastuda keskkonnam\u00f5judest tingitud stressiolukordadest.<\/p>\n<\/div>\n<\/section>\n<section class=\"av_textblock_section \">\n<div class=\"avia_textblock \">\n<p><strong>Kasutusjuhend:<\/strong><\/p>\n<p>Kanda \u00f5htul \u00f5hukese kihina puhastatud nahale silmade \u00fcmbrusele ja kaelale.<\/p>\n<\/div>\n<\/section>\n<section class=\"av_textblock_section \">\n<div class=\"avia_textblock \">\n<p><strong>Koostis:<\/strong><\/p>\n<div class=\"row\">\n<div class=\"col-lg-7 hidden-mob\">\n<div class=\"tab-content-detale\">\n<div id=\"tabs-detale__link_2\" class=\"tab-content-detale__pane active\">\n<div class=\"text\">Deionized water (Aqua), Cetearyl Ethylhexanoate, Cetearyl Alcohol&amp;, Glyceryl Caprylate&amp;, Glyceryl Stearate Citrate, Glycerin, 1,2-Hexanediol&amp;, Caprylyl Glycol&amp;, Deionized water (Aqua)&amp;, Sodium hyaluronate, Deionized water (Aqua)&amp;, Glycerin&amp;, Glyceryl Polyacrylate, Butyrospermum Parkii (Shea) Butter, Persea Gratissima (Avocado) Oil&amp;, Olea Europaea (Olive) Fruit Oil&amp;, Phytosterols, Beeswax (Cera Alba), Butylene Glycol&amp;, Cucumis Sativus (Cucumber) Fruit Extract&amp;, Deionized water (Aqua)&amp;, Glycerin, Ceramide 3&amp;, Deionized water (Aqua)&amp;, Glycerin&amp;, Olive Glycerides&amp;, Plukenetia Volubilis Seed Oil&amp;, Polyglyceryl-5 Oleate&amp;, Tocopherol, Stearyl Alcohol, Ethylhexylglycerin&amp;, Phenoxyethanol, Dimethicone, Butylene Glycol&amp;, Deionized water (Aqua)&amp;, Dipeptide-4, Glycerin&amp;, Phenoxyethanol&amp;, Potassium Sorbate&amp;, Thermus Thermophillus Ferment, Tocopheryl Acetate, Ammonium Acryloyldimethyltaurate\/VP Copolymer, Chlorphenesin, Deionized water (Aqua)&amp;, Glycerin&amp;, Plumeria Alba Flower Extract&amp;, Potassium Sorbate&amp;, Sorbic Acid, Allantoin, Butylene Glycol&amp;, Deionized water (Aqua)&amp;, Hexapeptide-9, Tetrasodium EDTA<\/div>\n<\/div>\n<\/div>\n<\/div>\n<\/div>\n<\/div>\n<\/section>\n<\/div>\n<\/section>\n","protected":false},"excerpt":{"rendered":"<h3>Harmoniseeriv \u00f6\u00f6kreem silma- ja kaelapiirkonnale<\/p>\n<h3>\n","protected":false},"featured_media":5389,"template":"","meta":[],"product_brand":[],"product_cat":[149],"product_tag":[],"class_list":{"0":"post-2042","1":"product","2":"type-product","3":"status-publish","4":"has-post-thumbnail","6":"product_cat-kreem","7":"product_shipping_class-smart-itella-post","8":"pa_linii-kosmetiki-unstress-et","9":"pa_reshenie-problem-dehudratsioon","10":"pa_reshenie-problem-vahenenud-elastsus","11":"pa_reshenie-problem-suhost","12":"pa_reshenie-problem-vananemise-margid","13":"pa_tip-kozi-koik-nahatuubid-et","14":"pa_tip-kozi-kombi-et","15":"pa_tip-kozi-kuiv-et","16":"pa_tip-kozi-normaalne-et","17":"pa_tip-kozi-rasvane-et","18":"pa_tip-preparata-kreem","19":"pa_vremja-primenenija-oine","21":"first","22":"outofstock","23":"taxable","24":"shipping-taxable","25":"purchasable","26":"product-type-simple"},"yoast_head":"<!-- This site is optimized with the Yoast SEO plugin v27.5 - https:\/\/yoast.com\/product\/yoast-seo-wordpress\/ -->\n<title>UNSTRESS Harmonizing Eye and Neck Night Cream 30ml CHR762 - Christinakosmeetika<\/title>\n<meta name=\"description\" content=\"Kreem rahustab ka \u00e4rritunud nahka, v\u00e4hendab punetust ning parandab naha elastsust ja tihedust, aidates ennetada kollageeni kahjustumist.\" \/>\n<meta name=\"robots\" content=\"index, follow, max-snippet:-1, max-image-preview:large, max-video-preview:-1\" \/>\n<link rel=\"canonical\" href=\"https:\/\/christinakosmeetika.ee\/product\/unstress-harmonizing-eye-and-neck-night-cream\/\" \/>\n<meta property=\"og:locale\" content=\"et_EE\" \/>\n<meta property=\"og:type\" content=\"article\" \/>\n<meta property=\"og:title\" content=\"UNSTRESS Harmonizing Eye and Neck Night Cream 30ml CHR762 - Christinakosmeetika\" \/>\n<meta property=\"og:description\" content=\"Kreem rahustab ka \u00e4rritunud nahka, v\u00e4hendab punetust ning parandab naha elastsust ja tihedust, aidates ennetada kollageeni kahjustumist.\" \/>\n<meta property=\"og:url\" content=\"https:\/\/christinakosmeetika.ee\/product\/unstress-harmonizing-eye-and-neck-night-cream\/\" \/>\n<meta property=\"og:site_name\" content=\"Christinakosmeetika\" \/>\n<meta property=\"article:modified_time\" content=\"2026-04-14T19:00:44+00:00\" \/>\n<meta property=\"og:image\" content=\"https:\/\/christinakosmeetika.ee\/wp-content\/uploads\/2021\/05\/Harmonizing-Eye-and-Neck-Night-Cream-450-1.jpg\" \/>\n\t<meta property=\"og:image:width\" content=\"450\" \/>\n\t<meta property=\"og:image:height\" content=\"450\" \/>\n\t<meta property=\"og:image:type\" content=\"image\/jpeg\" \/>\n<meta name=\"twitter:card\" content=\"summary_large_image\" \/>\n<meta name=\"twitter:label1\" content=\"Est. reading time\" \/>\n\t<meta name=\"twitter:data1\" content=\"2 minutit\" \/>\n<script type=\"application\/ld+json\" class=\"yoast-schema-graph\">{\"@context\":\"https:\\\/\\\/schema.org\",\"@graph\":[{\"@type\":\"WebPage\",\"@id\":\"https:\\\/\\\/christinakosmeetika.ee\\\/product\\\/unstress-harmonizing-eye-and-neck-night-cream\\\/\",\"url\":\"https:\\\/\\\/christinakosmeetika.ee\\\/product\\\/unstress-harmonizing-eye-and-neck-night-cream\\\/\",\"name\":\"UNSTRESS Harmonizing Eye and Neck Night Cream 30ml CHR762 - Christinakosmeetika\",\"isPartOf\":{\"@id\":\"https:\\\/\\\/christinakosmeetika.ee\\\/#website\"},\"primaryImageOfPage\":{\"@id\":\"https:\\\/\\\/christinakosmeetika.ee\\\/product\\\/unstress-harmonizing-eye-and-neck-night-cream\\\/#primaryimage\"},\"image\":{\"@id\":\"https:\\\/\\\/christinakosmeetika.ee\\\/product\\\/unstress-harmonizing-eye-and-neck-night-cream\\\/#primaryimage\"},\"thumbnailUrl\":\"https:\\\/\\\/christinakosmeetika.ee\\\/wp-content\\\/uploads\\\/2021\\\/05\\\/Harmonizing-Eye-and-Neck-Night-Cream-450-1.jpg\",\"datePublished\":\"2021-05-09T10:46:59+00:00\",\"dateModified\":\"2026-04-14T19:00:44+00:00\",\"description\":\"Kreem rahustab ka \u00e4rritunud nahka, v\u00e4hendab punetust ning parandab naha elastsust ja tihedust, aidates ennetada kollageeni kahjustumist.\",\"breadcrumb\":{\"@id\":\"https:\\\/\\\/christinakosmeetika.ee\\\/product\\\/unstress-harmonizing-eye-and-neck-night-cream\\\/#breadcrumb\"},\"inLanguage\":\"et\",\"potentialAction\":[{\"@type\":\"ReadAction\",\"target\":[\"https:\\\/\\\/christinakosmeetika.ee\\\/product\\\/unstress-harmonizing-eye-and-neck-night-cream\\\/\"]}]},{\"@type\":\"ImageObject\",\"inLanguage\":\"et\",\"@id\":\"https:\\\/\\\/christinakosmeetika.ee\\\/product\\\/unstress-harmonizing-eye-and-neck-night-cream\\\/#primaryimage\",\"url\":\"https:\\\/\\\/christinakosmeetika.ee\\\/wp-content\\\/uploads\\\/2021\\\/05\\\/Harmonizing-Eye-and-Neck-Night-Cream-450-1.jpg\",\"contentUrl\":\"https:\\\/\\\/christinakosmeetika.ee\\\/wp-content\\\/uploads\\\/2021\\\/05\\\/Harmonizing-Eye-and-Neck-Night-Cream-450-1.jpg\",\"width\":450,\"height\":450},{\"@type\":\"BreadcrumbList\",\"@id\":\"https:\\\/\\\/christinakosmeetika.ee\\\/product\\\/unstress-harmonizing-eye-and-neck-night-cream\\\/#breadcrumb\",\"itemListElement\":[{\"@type\":\"ListItem\",\"position\":1,\"name\":\"\u0413\u043b\u0430\u0432\u043d\u0430\u044f \u0441\u0442\u0440\u0430\u043d\u0438\u0446\u0430\",\"item\":\"https:\\\/\\\/christinakosmeetika.ee\\\/et\\\/\"},{\"@type\":\"ListItem\",\"position\":2,\"name\":\"Pood\",\"item\":\"https:\\\/\\\/christinakosmeetika.ee\\\/et\\\/shop\\\/\"},{\"@type\":\"ListItem\",\"position\":3,\"name\":\"UNSTRESS Harmonizing Eye and Neck Night Cream 30ml CHR762\"}]},{\"@type\":\"WebSite\",\"@id\":\"https:\\\/\\\/christinakosmeetika.ee\\\/#website\",\"url\":\"https:\\\/\\\/christinakosmeetika.ee\\\/\",\"name\":\"Christinakosmeetika\",\"description\":\"Christina kosmeetika Eestis\",\"alternateName\":\"Christina kosmeetika Eestis\",\"potentialAction\":[{\"@type\":\"SearchAction\",\"target\":{\"@type\":\"EntryPoint\",\"urlTemplate\":\"https:\\\/\\\/christinakosmeetika.ee\\\/?s={search_term_string}\"},\"query-input\":{\"@type\":\"PropertyValueSpecification\",\"valueRequired\":true,\"valueName\":\"search_term_string\"}}],\"inLanguage\":\"et\"}]}<\/script>\n<!-- \/ Yoast SEO plugin. -->","yoast_head_json":{"title":"UNSTRESS Harmonizing Eye and Neck Night Cream 30ml CHR762 - Christinakosmeetika","description":"Kreem rahustab ka \u00e4rritunud nahka, v\u00e4hendab punetust ning parandab naha elastsust ja tihedust, aidates ennetada kollageeni kahjustumist.","robots":{"index":"index","follow":"follow","max-snippet":"max-snippet:-1","max-image-preview":"max-image-preview:large","max-video-preview":"max-video-preview:-1"},"canonical":"https:\/\/christinakosmeetika.ee\/product\/unstress-harmonizing-eye-and-neck-night-cream\/","og_locale":"et_EE","og_type":"article","og_title":"UNSTRESS Harmonizing Eye and Neck Night Cream 30ml CHR762 - Christinakosmeetika","og_description":"Kreem rahustab ka \u00e4rritunud nahka, v\u00e4hendab punetust ning parandab naha elastsust ja tihedust, aidates ennetada kollageeni kahjustumist.","og_url":"https:\/\/christinakosmeetika.ee\/product\/unstress-harmonizing-eye-and-neck-night-cream\/","og_site_name":"Christinakosmeetika","article_modified_time":"2026-04-14T19:00:44+00:00","og_image":[{"width":450,"height":450,"url":"https:\/\/christinakosmeetika.ee\/wp-content\/uploads\/2021\/05\/Harmonizing-Eye-and-Neck-Night-Cream-450-1.jpg","type":"image\/jpeg"}],"twitter_card":"summary_large_image","twitter_misc":{"Est. reading time":"2 minutit"},"schema":{"@context":"https:\/\/schema.org","@graph":[{"@type":"WebPage","@id":"https:\/\/christinakosmeetika.ee\/product\/unstress-harmonizing-eye-and-neck-night-cream\/","url":"https:\/\/christinakosmeetika.ee\/product\/unstress-harmonizing-eye-and-neck-night-cream\/","name":"UNSTRESS Harmonizing Eye and Neck Night Cream 30ml CHR762 - Christinakosmeetika","isPartOf":{"@id":"https:\/\/christinakosmeetika.ee\/#website"},"primaryImageOfPage":{"@id":"https:\/\/christinakosmeetika.ee\/product\/unstress-harmonizing-eye-and-neck-night-cream\/#primaryimage"},"image":{"@id":"https:\/\/christinakosmeetika.ee\/product\/unstress-harmonizing-eye-and-neck-night-cream\/#primaryimage"},"thumbnailUrl":"https:\/\/christinakosmeetika.ee\/wp-content\/uploads\/2021\/05\/Harmonizing-Eye-and-Neck-Night-Cream-450-1.jpg","datePublished":"2021-05-09T10:46:59+00:00","dateModified":"2026-04-14T19:00:44+00:00","description":"Kreem rahustab ka \u00e4rritunud nahka, v\u00e4hendab punetust ning parandab naha elastsust ja tihedust, aidates ennetada kollageeni kahjustumist.","breadcrumb":{"@id":"https:\/\/christinakosmeetika.ee\/product\/unstress-harmonizing-eye-and-neck-night-cream\/#breadcrumb"},"inLanguage":"et","potentialAction":[{"@type":"ReadAction","target":["https:\/\/christinakosmeetika.ee\/product\/unstress-harmonizing-eye-and-neck-night-cream\/"]}]},{"@type":"ImageObject","inLanguage":"et","@id":"https:\/\/christinakosmeetika.ee\/product\/unstress-harmonizing-eye-and-neck-night-cream\/#primaryimage","url":"https:\/\/christinakosmeetika.ee\/wp-content\/uploads\/2021\/05\/Harmonizing-Eye-and-Neck-Night-Cream-450-1.jpg","contentUrl":"https:\/\/christinakosmeetika.ee\/wp-content\/uploads\/2021\/05\/Harmonizing-Eye-and-Neck-Night-Cream-450-1.jpg","width":450,"height":450},{"@type":"BreadcrumbList","@id":"https:\/\/christinakosmeetika.ee\/product\/unstress-harmonizing-eye-and-neck-night-cream\/#breadcrumb","itemListElement":[{"@type":"ListItem","position":1,"name":"\u0413\u043b\u0430\u0432\u043d\u0430\u044f \u0441\u0442\u0440\u0430\u043d\u0438\u0446\u0430","item":"https:\/\/christinakosmeetika.ee\/et\/"},{"@type":"ListItem","position":2,"name":"Pood","item":"https:\/\/christinakosmeetika.ee\/et\/shop\/"},{"@type":"ListItem","position":3,"name":"UNSTRESS Harmonizing Eye and Neck Night Cream 30ml CHR762"}]},{"@type":"WebSite","@id":"https:\/\/christinakosmeetika.ee\/#website","url":"https:\/\/christinakosmeetika.ee\/","name":"Christinakosmeetika","description":"Christina kosmeetika Eestis","alternateName":"Christina kosmeetika Eestis","potentialAction":[{"@type":"SearchAction","target":{"@type":"EntryPoint","urlTemplate":"https:\/\/christinakosmeetika.ee\/?s={search_term_string}"},"query-input":{"@type":"PropertyValueSpecification","valueRequired":true,"valueName":"search_term_string"}}],"inLanguage":"et"}]}},"_links":{"self":[{"href":"https:\/\/christinakosmeetika.ee\/et\/wp-json\/wp\/v2\/product\/2042","targetHints":{"allow":["GET"]}}],"collection":[{"href":"https:\/\/christinakosmeetika.ee\/et\/wp-json\/wp\/v2\/product"}],"about":[{"href":"https:\/\/christinakosmeetika.ee\/et\/wp-json\/wp\/v2\/types\/product"}],"wp:featuredmedia":[{"embeddable":true,"href":"https:\/\/christinakosmeetika.ee\/et\/wp-json\/wp\/v2\/media\/5389"}],"wp:attachment":[{"href":"https:\/\/christinakosmeetika.ee\/et\/wp-json\/wp\/v2\/media?parent=2042"}],"wp:term":[{"taxonomy":"product_brand","embeddable":true,"href":"https:\/\/christinakosmeetika.ee\/et\/wp-json\/wp\/v2\/product_brand?post=2042"},{"taxonomy":"product_cat","embeddable":true,"href":"https:\/\/christinakosmeetika.ee\/et\/wp-json\/wp\/v2\/product_cat?post=2042"},{"taxonomy":"product_tag","embeddable":true,"href":"https:\/\/christinakosmeetika.ee\/et\/wp-json\/wp\/v2\/product_tag?post=2042"}],"curies":[{"name":"wp","href":"https:\/\/api.w.org\/{rel}","templated":true}]}}