{"id":2039,"date":"2021-05-09T10:53:10","date_gmt":"2021-05-09T10:53:10","guid":{"rendered":"http:\/\/christinakosmeetika.ee\/product\/unstress-replenishing-mask\/"},"modified":"2026-04-14T22:06:20","modified_gmt":"2026-04-14T19:06:20","slug":"unstress-replenishing-mask-et","status":"publish","type":"product","link":"https:\/\/christinakosmeetika.ee\/et\/toode\/unstress-replenishing-mask-et\/","title":{"rendered":"UNSTRESS Replenishing mask 50ml CHR765"},"content":{"rendered":"<section class=\"av_textblock_section \">\n<div class=\"avia_textblock \">\n<section class=\"av_textblock_section \">\n<div class=\"avia_textblock \">\n<p>Taastav mask UNSTRESS on m\u00f5eldud t\u00f5husaks hoolitsuseks kahjustatud, liiga tundliku ja kuiva naha eest. Mask pehmendab nahka, eemaldab t\u00f5husalt \u00e4rrituse, koorumise, punetuse ja s\u00fcgeluse. Tagab pikaajalise niisutuse, soodustab naha regenereerimist ja aitab selle taastumisele kaasa. Suurendab naha elastsust ja tugevdab selle struktuuri epidermaalsel ja rakulisel tasemel.<\/p>\n<p>See on spetsiaalselt v\u00e4lja t\u00f6\u00f6tatud juhtudel, kui nahk on olnud agressiivsete tegurite m\u00f5ju all. Soovitatav on kasutada olukordades, kus nahk on kahjustatud liigse p\u00e4ikese, tuule v\u00f5i kosmeetiliste protseduuride nagu koorimine ja laserlihvimine t\u00f5ttu.<\/p>\n<p>T\u00e4nu kergele kreemjale tekstile imendub mask kiiresti nahka, pakkudes mugavustunnet. Maski soovitatakse kanda puhastatud nahale mitu korda n\u00e4dalas, samuti v\u00f5ib seda \u00f6\u00f6seks j\u00e4tta t\u00e4iendava efekti saavutamiseks.<\/p>\n<p><strong>Kasutusjuhend:<\/strong><\/p>\n<p>Kandke puhastatud nahale 2 korda n\u00e4dalas 10-15 minutiks, seej\u00e4rel loputage sooja veega ja kandke seerumit ja\/v\u00f5i kreemi. V\u00f5ib j\u00e4tta \u00f6\u00f6seks m\u00f5juma.<\/p>\n<\/div>\n<\/section>\n<section class=\"av_textblock_section \">\n<div class=\"avia_textblock \">\n<p><strong>Koostis:<\/strong><\/p>\n<p>Deionized water (Aqua), Cetearyl Alcohol&amp;, Cetearyl Glucoside&amp;, Deionized water (Aqua)&amp;, Glucose, Cetearyl Ethylhexanoate, 1,2-Hexanediol&amp;, Caprylyl Glycol&amp;, Deionized water (Aqua)&amp;, Sodium hyaluronate, Glycerin, Iron Oxide (CI 77492)&amp;, Zinc carbonate (CI 77950), Ammonium Polyacryloyldimethyl Taurate&amp;, Cyclopentasiloxane&amp;, Dimethicone&amp;, Isohexadecane&amp;, Polysilicone-11&amp;, Polysorbate 20&amp;, Polysorbate 80&amp;, Tocopheryl Acetate, Citric Acid&amp;, Deionized water (Aqua)&amp;, Saccharide Isomerate&amp;, Sodium Citrate, Cetearyl Alcohol, Butylene Glycol&amp;, Cucumis Sativus (Cucumber) Fruit Extract&amp;, Deionized water (Aqua)&amp;, Glycerin, Butyrospermum Parkii (Shea) Butter, Glycerin&amp;, Phenoxyethanol&amp;, Potassium Sorbate&amp;, Thermus Thermophillus Ferment, Cyclopentasiloxane, Caprylyl Glycol&amp;, Phenoxyethanol, Deionized water (Aqua)&amp;, Glycerin&amp;, Plumeria Alba Flower Extract&amp;, Potassium Sorbate&amp;, Sorbic Acid, Deionized water (Aqua)&amp;, Glycerin&amp;, Magnesium Ascorbyl Phosphate&amp;, Phenoxyethanol&amp;, Sodium Benzoate&amp;, Sodium Metabisulfite&amp;, Arbutin, Acrylates\/C10-30 Alkyl Acrylate Crosspolymer, Caprylyl Glycol, Deionized water (Aqua)&amp;, Isohexadecane&amp;, Polysorbate 80&amp;, Sodium Acrylate\/Sodium Acryloyldimethyl Taurate Copolymer&amp;, Sorbitan Oleate, Triethanolamine, Allantoin, Chlorphenesin, Tocopheryl Acetate, Linoleic Acid&amp;, Linolenic Acid, Oleic Acid&amp;, Tocopherol, Fragrance, Anise Alcohol, Benzyl Alcohol, Benzyl Benzoate, Benzyl Salicylate, Butylphenyl Methylpropional, Citral, Farnesol, Geraniol, Isoeugenol, Limonene, Linalool<\/p>\n<\/div>\n<\/section>\n<\/div>\n<\/section>\n","protected":false},"excerpt":{"rendered":"<p>Taastav mask<\/p>\n","protected":false},"featured_media":5406,"template":"","meta":[],"product_brand":[],"product_cat":[150],"product_tag":[],"class_list":{"0":"post-2039","1":"product","2":"type-product","3":"status-publish","4":"has-post-thumbnail","6":"product_cat-mask-et","7":"product_shipping_class-smart-itella-post","8":"pa_linii-kosmetiki-unstress-et","9":"pa_reshenie-problem-ebauhtlane-nahatoon","10":"pa_reshenie-problem-suhost","11":"pa_reshenie-problem-kuperoz","12":"pa_reshenie-problem-naha-taastamine","13":"pa_tip-kozi-koik-nahatuubid-et","14":"pa_tip-kozi-kombi-et","15":"pa_tip-kozi-kuiv-et","16":"pa_tip-kozi-normaalne-et","17":"pa_tip-kozi-rasvane-et","18":"pa_tip-preparata-mask-et","20":"first","21":"instock","22":"taxable","23":"shipping-taxable","24":"purchasable","25":"product-type-simple"},"yoast_head":"<!-- This site is optimized with the Yoast SEO plugin v27.5 - https:\/\/yoast.com\/product\/yoast-seo-wordpress\/ -->\n<title>UNSTRESS Replenishing mask 50ml CHR765 - Christinakosmeetika<\/title>\n<meta name=\"description\" content=\"see on nahahooldustoode, mis suurendab naha elastsust ja tugevdab naha struktuuri epidermise ja rakutasandil. Mask pehmendab nahka,\" \/>\n<meta name=\"robots\" content=\"index, follow, max-snippet:-1, max-image-preview:large, max-video-preview:-1\" \/>\n<link rel=\"canonical\" href=\"https:\/\/christinakosmeetika.ee\/et\/toode\/unstress-replenishing-mask-et\/\" \/>\n<meta property=\"og:locale\" content=\"et_EE\" \/>\n<meta property=\"og:type\" content=\"article\" \/>\n<meta property=\"og:title\" content=\"UNSTRESS Replenishing mask 50ml CHR765 - Christinakosmeetika\" \/>\n<meta property=\"og:description\" content=\"see on nahahooldustoode, mis suurendab naha elastsust ja tugevdab naha struktuuri epidermise ja rakutasandil. Mask pehmendab nahka,\" \/>\n<meta property=\"og:url\" content=\"https:\/\/christinakosmeetika.ee\/et\/toode\/unstress-replenishing-mask-et\/\" \/>\n<meta property=\"og:site_name\" content=\"Christinakosmeetika\" \/>\n<meta property=\"article:modified_time\" content=\"2026-04-14T19:06:20+00:00\" \/>\n<meta property=\"og:image\" content=\"https:\/\/christinakosmeetika.ee\/wp-content\/uploads\/2021\/05\/Replenishing-mask-450-1.jpg\" \/>\n\t<meta property=\"og:image:width\" content=\"450\" \/>\n\t<meta property=\"og:image:height\" content=\"450\" \/>\n\t<meta property=\"og:image:type\" content=\"image\/jpeg\" \/>\n<meta name=\"twitter:card\" content=\"summary_large_image\" \/>\n<meta name=\"twitter:label1\" content=\"Est. reading time\" \/>\n\t<meta name=\"twitter:data1\" content=\"2 minutit\" \/>\n<script type=\"application\/ld+json\" class=\"yoast-schema-graph\">{\"@context\":\"https:\\\/\\\/schema.org\",\"@graph\":[{\"@type\":\"WebPage\",\"@id\":\"https:\\\/\\\/christinakosmeetika.ee\\\/et\\\/toode\\\/unstress-replenishing-mask-et\\\/\",\"url\":\"https:\\\/\\\/christinakosmeetika.ee\\\/et\\\/toode\\\/unstress-replenishing-mask-et\\\/\",\"name\":\"UNSTRESS Replenishing mask 50ml CHR765 - Christinakosmeetika\",\"isPartOf\":{\"@id\":\"https:\\\/\\\/christinakosmeetika.ee\\\/#website\"},\"primaryImageOfPage\":{\"@id\":\"https:\\\/\\\/christinakosmeetika.ee\\\/et\\\/toode\\\/unstress-replenishing-mask-et\\\/#primaryimage\"},\"image\":{\"@id\":\"https:\\\/\\\/christinakosmeetika.ee\\\/et\\\/toode\\\/unstress-replenishing-mask-et\\\/#primaryimage\"},\"thumbnailUrl\":\"https:\\\/\\\/christinakosmeetika.ee\\\/wp-content\\\/uploads\\\/2021\\\/05\\\/Replenishing-mask-450-1.jpg\",\"datePublished\":\"2021-05-09T10:53:10+00:00\",\"dateModified\":\"2026-04-14T19:06:20+00:00\",\"description\":\"see on nahahooldustoode, mis suurendab naha elastsust ja tugevdab naha struktuuri epidermise ja rakutasandil. Mask pehmendab nahka,\",\"breadcrumb\":{\"@id\":\"https:\\\/\\\/christinakosmeetika.ee\\\/et\\\/toode\\\/unstress-replenishing-mask-et\\\/#breadcrumb\"},\"inLanguage\":\"et\",\"potentialAction\":[{\"@type\":\"ReadAction\",\"target\":[\"https:\\\/\\\/christinakosmeetika.ee\\\/et\\\/toode\\\/unstress-replenishing-mask-et\\\/\"]}]},{\"@type\":\"ImageObject\",\"inLanguage\":\"et\",\"@id\":\"https:\\\/\\\/christinakosmeetika.ee\\\/et\\\/toode\\\/unstress-replenishing-mask-et\\\/#primaryimage\",\"url\":\"https:\\\/\\\/christinakosmeetika.ee\\\/wp-content\\\/uploads\\\/2021\\\/05\\\/Replenishing-mask-450-1.jpg\",\"contentUrl\":\"https:\\\/\\\/christinakosmeetika.ee\\\/wp-content\\\/uploads\\\/2021\\\/05\\\/Replenishing-mask-450-1.jpg\",\"width\":450,\"height\":450},{\"@type\":\"BreadcrumbList\",\"@id\":\"https:\\\/\\\/christinakosmeetika.ee\\\/et\\\/toode\\\/unstress-replenishing-mask-et\\\/#breadcrumb\",\"itemListElement\":[{\"@type\":\"ListItem\",\"position\":1,\"name\":\"\u0413\u043b\u0430\u0432\u043d\u0430\u044f \u0441\u0442\u0440\u0430\u043d\u0438\u0446\u0430\",\"item\":\"https:\\\/\\\/christinakosmeetika.ee\\\/et\\\/\"},{\"@type\":\"ListItem\",\"position\":2,\"name\":\"Pood\",\"item\":\"https:\\\/\\\/christinakosmeetika.ee\\\/et\\\/shop\\\/\"},{\"@type\":\"ListItem\",\"position\":3,\"name\":\"UNSTRESS Replenishing mask 50ml CHR765\"}]},{\"@type\":\"WebSite\",\"@id\":\"https:\\\/\\\/christinakosmeetika.ee\\\/#website\",\"url\":\"https:\\\/\\\/christinakosmeetika.ee\\\/\",\"name\":\"Christinakosmeetika\",\"description\":\"Christina kosmeetika Eestis\",\"alternateName\":\"Christina kosmeetika Eestis\",\"potentialAction\":[{\"@type\":\"SearchAction\",\"target\":{\"@type\":\"EntryPoint\",\"urlTemplate\":\"https:\\\/\\\/christinakosmeetika.ee\\\/?s={search_term_string}\"},\"query-input\":{\"@type\":\"PropertyValueSpecification\",\"valueRequired\":true,\"valueName\":\"search_term_string\"}}],\"inLanguage\":\"et\"}]}<\/script>\n<!-- \/ Yoast SEO plugin. -->","yoast_head_json":{"title":"UNSTRESS Replenishing mask 50ml CHR765 - Christinakosmeetika","description":"see on nahahooldustoode, mis suurendab naha elastsust ja tugevdab naha struktuuri epidermise ja rakutasandil. Mask pehmendab nahka,","robots":{"index":"index","follow":"follow","max-snippet":"max-snippet:-1","max-image-preview":"max-image-preview:large","max-video-preview":"max-video-preview:-1"},"canonical":"https:\/\/christinakosmeetika.ee\/et\/toode\/unstress-replenishing-mask-et\/","og_locale":"et_EE","og_type":"article","og_title":"UNSTRESS Replenishing mask 50ml CHR765 - Christinakosmeetika","og_description":"see on nahahooldustoode, mis suurendab naha elastsust ja tugevdab naha struktuuri epidermise ja rakutasandil. Mask pehmendab nahka,","og_url":"https:\/\/christinakosmeetika.ee\/et\/toode\/unstress-replenishing-mask-et\/","og_site_name":"Christinakosmeetika","article_modified_time":"2026-04-14T19:06:20+00:00","og_image":[{"width":450,"height":450,"url":"https:\/\/christinakosmeetika.ee\/wp-content\/uploads\/2021\/05\/Replenishing-mask-450-1.jpg","type":"image\/jpeg"}],"twitter_card":"summary_large_image","twitter_misc":{"Est. reading time":"2 minutit"},"schema":{"@context":"https:\/\/schema.org","@graph":[{"@type":"WebPage","@id":"https:\/\/christinakosmeetika.ee\/et\/toode\/unstress-replenishing-mask-et\/","url":"https:\/\/christinakosmeetika.ee\/et\/toode\/unstress-replenishing-mask-et\/","name":"UNSTRESS Replenishing mask 50ml CHR765 - Christinakosmeetika","isPartOf":{"@id":"https:\/\/christinakosmeetika.ee\/#website"},"primaryImageOfPage":{"@id":"https:\/\/christinakosmeetika.ee\/et\/toode\/unstress-replenishing-mask-et\/#primaryimage"},"image":{"@id":"https:\/\/christinakosmeetika.ee\/et\/toode\/unstress-replenishing-mask-et\/#primaryimage"},"thumbnailUrl":"https:\/\/christinakosmeetika.ee\/wp-content\/uploads\/2021\/05\/Replenishing-mask-450-1.jpg","datePublished":"2021-05-09T10:53:10+00:00","dateModified":"2026-04-14T19:06:20+00:00","description":"see on nahahooldustoode, mis suurendab naha elastsust ja tugevdab naha struktuuri epidermise ja rakutasandil. Mask pehmendab nahka,","breadcrumb":{"@id":"https:\/\/christinakosmeetika.ee\/et\/toode\/unstress-replenishing-mask-et\/#breadcrumb"},"inLanguage":"et","potentialAction":[{"@type":"ReadAction","target":["https:\/\/christinakosmeetika.ee\/et\/toode\/unstress-replenishing-mask-et\/"]}]},{"@type":"ImageObject","inLanguage":"et","@id":"https:\/\/christinakosmeetika.ee\/et\/toode\/unstress-replenishing-mask-et\/#primaryimage","url":"https:\/\/christinakosmeetika.ee\/wp-content\/uploads\/2021\/05\/Replenishing-mask-450-1.jpg","contentUrl":"https:\/\/christinakosmeetika.ee\/wp-content\/uploads\/2021\/05\/Replenishing-mask-450-1.jpg","width":450,"height":450},{"@type":"BreadcrumbList","@id":"https:\/\/christinakosmeetika.ee\/et\/toode\/unstress-replenishing-mask-et\/#breadcrumb","itemListElement":[{"@type":"ListItem","position":1,"name":"\u0413\u043b\u0430\u0432\u043d\u0430\u044f \u0441\u0442\u0440\u0430\u043d\u0438\u0446\u0430","item":"https:\/\/christinakosmeetika.ee\/et\/"},{"@type":"ListItem","position":2,"name":"Pood","item":"https:\/\/christinakosmeetika.ee\/et\/shop\/"},{"@type":"ListItem","position":3,"name":"UNSTRESS Replenishing mask 50ml CHR765"}]},{"@type":"WebSite","@id":"https:\/\/christinakosmeetika.ee\/#website","url":"https:\/\/christinakosmeetika.ee\/","name":"Christinakosmeetika","description":"Christina kosmeetika Eestis","alternateName":"Christina kosmeetika Eestis","potentialAction":[{"@type":"SearchAction","target":{"@type":"EntryPoint","urlTemplate":"https:\/\/christinakosmeetika.ee\/?s={search_term_string}"},"query-input":{"@type":"PropertyValueSpecification","valueRequired":true,"valueName":"search_term_string"}}],"inLanguage":"et"}]}},"_links":{"self":[{"href":"https:\/\/christinakosmeetika.ee\/et\/wp-json\/wp\/v2\/product\/2039","targetHints":{"allow":["GET"]}}],"collection":[{"href":"https:\/\/christinakosmeetika.ee\/et\/wp-json\/wp\/v2\/product"}],"about":[{"href":"https:\/\/christinakosmeetika.ee\/et\/wp-json\/wp\/v2\/types\/product"}],"wp:featuredmedia":[{"embeddable":true,"href":"https:\/\/christinakosmeetika.ee\/et\/wp-json\/wp\/v2\/media\/5406"}],"wp:attachment":[{"href":"https:\/\/christinakosmeetika.ee\/et\/wp-json\/wp\/v2\/media?parent=2039"}],"wp:term":[{"taxonomy":"product_brand","embeddable":true,"href":"https:\/\/christinakosmeetika.ee\/et\/wp-json\/wp\/v2\/product_brand?post=2039"},{"taxonomy":"product_cat","embeddable":true,"href":"https:\/\/christinakosmeetika.ee\/et\/wp-json\/wp\/v2\/product_cat?post=2039"},{"taxonomy":"product_tag","embeddable":true,"href":"https:\/\/christinakosmeetika.ee\/et\/wp-json\/wp\/v2\/product_tag?post=2039"}],"curies":[{"name":"wp","href":"https:\/\/api.w.org\/{rel}","templated":true}]}}