{"id":2035,"date":"2021-05-09T10:59:49","date_gmt":"2021-05-09T10:59:49","guid":{"rendered":"http:\/\/christinakosmeetika.ee\/product\/unstress-harmonizing-night-cream\/"},"modified":"2026-04-14T22:12:04","modified_gmt":"2026-04-14T19:12:04","slug":"unstress-harmonizing-night-cream","status":"publish","type":"product","link":"https:\/\/christinakosmeetika.ee\/et\/toode\/unstress-harmonizing-night-cream\/","title":{"rendered":"UNSTRESS Harmonizing Night Cream 50ml CHR760"},"content":{"rendered":"<section class=\"av_textblock_section \">\n<div class=\"avia_textblock \">\n<section class=\"av_textblock_section \">\n<div class=\"avia_textblock \">\n<p>Intensiivselt toidab nahka, tugevdab naha sarvkihti ja lipiidide vahev\u00f6\u00f6d. Niisutab nahka ja optimeerib niiskuse s\u00e4ilivust. Trimmib, parandab naha elastsust, aeglustab kortsude teket ja aitab neil siluda. V\u00e4rskendab nahka, t\u00f5stab selle regeneratsiooni. Kreemil on rahustav toime, leevendab \u00e4rritust ja punetust.<\/p>\n<\/div>\n<\/section>\n<section class=\"av_textblock_section \">\n<div class=\"avia_textblock \">\n<p><strong>Kasutamisjuhend:<\/strong><\/p>\n<p>kanda kergelt tupsutades puhtale n\u00e4ole ja kaela piirkonnale kuni t\u00e4ieliku imendumiseni.<\/p>\n<\/div>\n<\/section>\n<section class=\"av_textblock_section \">\n<div class=\"avia_textblock \">\n<p><strong>Koostis:<\/strong><\/p>\n<p>Deionized water (Aqua), Squalane,Ceteth-20&amp;, Cetyl Alcohol&amp;, Glyceryl Stearate&amp;, PEG-75 Stearate&amp;, Steareth-20, Glycerin, Cetearyl Ethylhexanoate, Cetyl Alcohol, 1,2-Hexanediol&amp;, Caprylyl Glycol&amp;, Deionized water (Aqua)&amp;, Sodium hyaluronate, Ethoxydiglycol, Cetyl Palmitate, Ceramide 3&amp;, Deionized water (Aqua)&amp;, Glycerin&amp;, Olive Glycerides&amp;, Plukenetia Volubilis Seed Oil&amp;, Polyglyceryl-5 Oleate&amp;, Tocopherol, Glycerin&amp;, Phenoxyethanol&amp;, Potassium Sorbate&amp;, Thermus Thermophillus Ferment, Caprylyl Glycol&amp;, Phenoxyethanol, Dimethicone, Butylene Glycol&amp;, Deionized water (Aqua)&amp;, Dipeptide-4, Deionized water (Aqua)&amp;, Glycerin&amp;, Plumeria Alba Flower Extract&amp;, Potassium Sorbate&amp;, Sorbic Acid, Caprylyl Glycol, Hydroxyethylcellulose, Camellia Sinensis Leaf Extract&amp;, Centella Asiatica Extract&amp;, Chamomilla Recutita (Matricaria) Flower&amp;, Deionized water (Aqua)&amp;, Glycyrrhiza Glabra (Licorice) Root Extract&amp;, Propanediol&amp;, Rosmarinus Officinalis (Rosemary) Leaf Extract&amp;, Scutellaria Baicalensis Root Extract&amp;, Polygonum Cuspidatum Root Extract, Chlorphenesin, Tetrasodium EDTA, Fragrance, Anise Alcohol, Benzyl Alcohol, Benzyl Benzoate, Benzyl Salicylate, Butylphenyl Methylpropional, Citral, Farnesol, Geraniol, Isoeugenol, Limonene, Linalool, Lactic Acid, BHT&amp;, Polysorbate 20&amp;, Retinol&amp;, BHA<\/p>\n<\/div>\n<\/section>\n<\/div>\n<\/section>\n","protected":false},"excerpt":{"rendered":"<p>Taastav \u00f6\u00f6kreem<\/p>\n","protected":false},"featured_media":5393,"template":"","meta":[],"product_brand":[],"product_cat":[149,489],"product_tag":[],"class_list":{"0":"post-2035","1":"product","2":"type-product","3":"status-publish","4":"has-post-thumbnail","6":"product_cat-kreem","7":"product_cat-unstress-et","8":"product_shipping_class-smart-itella-post","9":"pa_linii-kosmetiki-unstress-et","10":"pa_reshenie-problem-dehudratsioon","11":"pa_reshenie-problem-suhost","12":"pa_reshenie-problem-kuperoz","13":"pa_reshenie-problem-naha-taastamine","14":"pa_reshenie-problem-chuvstvitelnaja-koza","15":"pa_reshenie-problem-vananemise-margid","16":"pa_tip-kozi-kuiv-et","17":"pa_tip-kozi-normaalne-et","18":"pa_tip-preparata-kreem","19":"pa_vremja-primenenija-oine","21":"first","22":"instock","23":"taxable","24":"shipping-taxable","25":"purchasable","26":"product-type-simple"},"yoast_head":"<!-- This site is optimized with the Yoast SEO plugin v27.5 - https:\/\/yoast.com\/product\/yoast-seo-wordpress\/ -->\n<title>UNSTRESS Harmonizing Night Cream 50ml CHR760 - Christinakosmeetika<\/title>\n<meta name=\"description\" content=\"tugevdab nahka, parandab elastsust, aeglustab kortsude teket ja aitab siluda juba olemasolevaid kortse. Rahustab \u00e4rritust ja punetust.\" \/>\n<meta name=\"robots\" content=\"index, follow, max-snippet:-1, max-image-preview:large, max-video-preview:-1\" \/>\n<link rel=\"canonical\" href=\"https:\/\/christinakosmeetika.ee\/et\/toode\/unstress-harmonizing-night-cream\/\" \/>\n<meta property=\"og:locale\" content=\"et_EE\" \/>\n<meta property=\"og:type\" content=\"article\" \/>\n<meta property=\"og:title\" content=\"UNSTRESS Harmonizing Night Cream 50ml CHR760 - Christinakosmeetika\" \/>\n<meta property=\"og:description\" content=\"tugevdab nahka, parandab elastsust, aeglustab kortsude teket ja aitab siluda juba olemasolevaid kortse. Rahustab \u00e4rritust ja punetust.\" \/>\n<meta property=\"og:url\" content=\"https:\/\/christinakosmeetika.ee\/et\/toode\/unstress-harmonizing-night-cream\/\" \/>\n<meta property=\"og:site_name\" content=\"Christinakosmeetika\" \/>\n<meta property=\"article:modified_time\" content=\"2026-04-14T19:12:04+00:00\" \/>\n<meta property=\"og:image\" content=\"https:\/\/christinakosmeetika.ee\/wp-content\/uploads\/2021\/05\/Harmonizing-Night-Cream-450-1.jpg\" \/>\n\t<meta property=\"og:image:width\" content=\"450\" \/>\n\t<meta property=\"og:image:height\" content=\"450\" \/>\n\t<meta property=\"og:image:type\" content=\"image\/jpeg\" \/>\n<meta name=\"twitter:card\" content=\"summary_large_image\" \/>\n<meta name=\"twitter:label1\" content=\"Est. reading time\" \/>\n\t<meta name=\"twitter:data1\" content=\"2 minutit\" \/>\n<script type=\"application\/ld+json\" class=\"yoast-schema-graph\">{\"@context\":\"https:\\\/\\\/schema.org\",\"@graph\":[{\"@type\":\"WebPage\",\"@id\":\"https:\\\/\\\/christinakosmeetika.ee\\\/et\\\/toode\\\/unstress-harmonizing-night-cream\\\/\",\"url\":\"https:\\\/\\\/christinakosmeetika.ee\\\/et\\\/toode\\\/unstress-harmonizing-night-cream\\\/\",\"name\":\"UNSTRESS Harmonizing Night Cream 50ml CHR760 - Christinakosmeetika\",\"isPartOf\":{\"@id\":\"https:\\\/\\\/christinakosmeetika.ee\\\/#website\"},\"primaryImageOfPage\":{\"@id\":\"https:\\\/\\\/christinakosmeetika.ee\\\/et\\\/toode\\\/unstress-harmonizing-night-cream\\\/#primaryimage\"},\"image\":{\"@id\":\"https:\\\/\\\/christinakosmeetika.ee\\\/et\\\/toode\\\/unstress-harmonizing-night-cream\\\/#primaryimage\"},\"thumbnailUrl\":\"https:\\\/\\\/christinakosmeetika.ee\\\/wp-content\\\/uploads\\\/2021\\\/05\\\/Harmonizing-Night-Cream-450-1.jpg\",\"datePublished\":\"2021-05-09T10:59:49+00:00\",\"dateModified\":\"2026-04-14T19:12:04+00:00\",\"description\":\"tugevdab nahka, parandab elastsust, aeglustab kortsude teket ja aitab siluda juba olemasolevaid kortse. Rahustab \u00e4rritust ja punetust.\",\"breadcrumb\":{\"@id\":\"https:\\\/\\\/christinakosmeetika.ee\\\/et\\\/toode\\\/unstress-harmonizing-night-cream\\\/#breadcrumb\"},\"inLanguage\":\"et\",\"potentialAction\":[{\"@type\":\"ReadAction\",\"target\":[\"https:\\\/\\\/christinakosmeetika.ee\\\/et\\\/toode\\\/unstress-harmonizing-night-cream\\\/\"]}]},{\"@type\":\"ImageObject\",\"inLanguage\":\"et\",\"@id\":\"https:\\\/\\\/christinakosmeetika.ee\\\/et\\\/toode\\\/unstress-harmonizing-night-cream\\\/#primaryimage\",\"url\":\"https:\\\/\\\/christinakosmeetika.ee\\\/wp-content\\\/uploads\\\/2021\\\/05\\\/Harmonizing-Night-Cream-450-1.jpg\",\"contentUrl\":\"https:\\\/\\\/christinakosmeetika.ee\\\/wp-content\\\/uploads\\\/2021\\\/05\\\/Harmonizing-Night-Cream-450-1.jpg\",\"width\":450,\"height\":450},{\"@type\":\"BreadcrumbList\",\"@id\":\"https:\\\/\\\/christinakosmeetika.ee\\\/et\\\/toode\\\/unstress-harmonizing-night-cream\\\/#breadcrumb\",\"itemListElement\":[{\"@type\":\"ListItem\",\"position\":1,\"name\":\"\u0413\u043b\u0430\u0432\u043d\u0430\u044f \u0441\u0442\u0440\u0430\u043d\u0438\u0446\u0430\",\"item\":\"https:\\\/\\\/christinakosmeetika.ee\\\/et\\\/\"},{\"@type\":\"ListItem\",\"position\":2,\"name\":\"Pood\",\"item\":\"https:\\\/\\\/christinakosmeetika.ee\\\/et\\\/shop\\\/\"},{\"@type\":\"ListItem\",\"position\":3,\"name\":\"UNSTRESS Harmonizing Night Cream 50ml CHR760\"}]},{\"@type\":\"WebSite\",\"@id\":\"https:\\\/\\\/christinakosmeetika.ee\\\/#website\",\"url\":\"https:\\\/\\\/christinakosmeetika.ee\\\/\",\"name\":\"Christinakosmeetika\",\"description\":\"Christina kosmeetika Eestis\",\"alternateName\":\"Christina kosmeetika Eestis\",\"potentialAction\":[{\"@type\":\"SearchAction\",\"target\":{\"@type\":\"EntryPoint\",\"urlTemplate\":\"https:\\\/\\\/christinakosmeetika.ee\\\/?s={search_term_string}\"},\"query-input\":{\"@type\":\"PropertyValueSpecification\",\"valueRequired\":true,\"valueName\":\"search_term_string\"}}],\"inLanguage\":\"et\"}]}<\/script>\n<!-- \/ Yoast SEO plugin. -->","yoast_head_json":{"title":"UNSTRESS Harmonizing Night Cream 50ml CHR760 - Christinakosmeetika","description":"tugevdab nahka, parandab elastsust, aeglustab kortsude teket ja aitab siluda juba olemasolevaid kortse. Rahustab \u00e4rritust ja punetust.","robots":{"index":"index","follow":"follow","max-snippet":"max-snippet:-1","max-image-preview":"max-image-preview:large","max-video-preview":"max-video-preview:-1"},"canonical":"https:\/\/christinakosmeetika.ee\/et\/toode\/unstress-harmonizing-night-cream\/","og_locale":"et_EE","og_type":"article","og_title":"UNSTRESS Harmonizing Night Cream 50ml CHR760 - Christinakosmeetika","og_description":"tugevdab nahka, parandab elastsust, aeglustab kortsude teket ja aitab siluda juba olemasolevaid kortse. Rahustab \u00e4rritust ja punetust.","og_url":"https:\/\/christinakosmeetika.ee\/et\/toode\/unstress-harmonizing-night-cream\/","og_site_name":"Christinakosmeetika","article_modified_time":"2026-04-14T19:12:04+00:00","og_image":[{"width":450,"height":450,"url":"https:\/\/christinakosmeetika.ee\/wp-content\/uploads\/2021\/05\/Harmonizing-Night-Cream-450-1.jpg","type":"image\/jpeg"}],"twitter_card":"summary_large_image","twitter_misc":{"Est. reading time":"2 minutit"},"schema":{"@context":"https:\/\/schema.org","@graph":[{"@type":"WebPage","@id":"https:\/\/christinakosmeetika.ee\/et\/toode\/unstress-harmonizing-night-cream\/","url":"https:\/\/christinakosmeetika.ee\/et\/toode\/unstress-harmonizing-night-cream\/","name":"UNSTRESS Harmonizing Night Cream 50ml CHR760 - Christinakosmeetika","isPartOf":{"@id":"https:\/\/christinakosmeetika.ee\/#website"},"primaryImageOfPage":{"@id":"https:\/\/christinakosmeetika.ee\/et\/toode\/unstress-harmonizing-night-cream\/#primaryimage"},"image":{"@id":"https:\/\/christinakosmeetika.ee\/et\/toode\/unstress-harmonizing-night-cream\/#primaryimage"},"thumbnailUrl":"https:\/\/christinakosmeetika.ee\/wp-content\/uploads\/2021\/05\/Harmonizing-Night-Cream-450-1.jpg","datePublished":"2021-05-09T10:59:49+00:00","dateModified":"2026-04-14T19:12:04+00:00","description":"tugevdab nahka, parandab elastsust, aeglustab kortsude teket ja aitab siluda juba olemasolevaid kortse. Rahustab \u00e4rritust ja punetust.","breadcrumb":{"@id":"https:\/\/christinakosmeetika.ee\/et\/toode\/unstress-harmonizing-night-cream\/#breadcrumb"},"inLanguage":"et","potentialAction":[{"@type":"ReadAction","target":["https:\/\/christinakosmeetika.ee\/et\/toode\/unstress-harmonizing-night-cream\/"]}]},{"@type":"ImageObject","inLanguage":"et","@id":"https:\/\/christinakosmeetika.ee\/et\/toode\/unstress-harmonizing-night-cream\/#primaryimage","url":"https:\/\/christinakosmeetika.ee\/wp-content\/uploads\/2021\/05\/Harmonizing-Night-Cream-450-1.jpg","contentUrl":"https:\/\/christinakosmeetika.ee\/wp-content\/uploads\/2021\/05\/Harmonizing-Night-Cream-450-1.jpg","width":450,"height":450},{"@type":"BreadcrumbList","@id":"https:\/\/christinakosmeetika.ee\/et\/toode\/unstress-harmonizing-night-cream\/#breadcrumb","itemListElement":[{"@type":"ListItem","position":1,"name":"\u0413\u043b\u0430\u0432\u043d\u0430\u044f \u0441\u0442\u0440\u0430\u043d\u0438\u0446\u0430","item":"https:\/\/christinakosmeetika.ee\/et\/"},{"@type":"ListItem","position":2,"name":"Pood","item":"https:\/\/christinakosmeetika.ee\/et\/shop\/"},{"@type":"ListItem","position":3,"name":"UNSTRESS Harmonizing Night Cream 50ml CHR760"}]},{"@type":"WebSite","@id":"https:\/\/christinakosmeetika.ee\/#website","url":"https:\/\/christinakosmeetika.ee\/","name":"Christinakosmeetika","description":"Christina kosmeetika Eestis","alternateName":"Christina kosmeetika Eestis","potentialAction":[{"@type":"SearchAction","target":{"@type":"EntryPoint","urlTemplate":"https:\/\/christinakosmeetika.ee\/?s={search_term_string}"},"query-input":{"@type":"PropertyValueSpecification","valueRequired":true,"valueName":"search_term_string"}}],"inLanguage":"et"}]}},"_links":{"self":[{"href":"https:\/\/christinakosmeetika.ee\/et\/wp-json\/wp\/v2\/product\/2035","targetHints":{"allow":["GET"]}}],"collection":[{"href":"https:\/\/christinakosmeetika.ee\/et\/wp-json\/wp\/v2\/product"}],"about":[{"href":"https:\/\/christinakosmeetika.ee\/et\/wp-json\/wp\/v2\/types\/product"}],"wp:featuredmedia":[{"embeddable":true,"href":"https:\/\/christinakosmeetika.ee\/et\/wp-json\/wp\/v2\/media\/5393"}],"wp:attachment":[{"href":"https:\/\/christinakosmeetika.ee\/et\/wp-json\/wp\/v2\/media?parent=2035"}],"wp:term":[{"taxonomy":"product_brand","embeddable":true,"href":"https:\/\/christinakosmeetika.ee\/et\/wp-json\/wp\/v2\/product_brand?post=2035"},{"taxonomy":"product_cat","embeddable":true,"href":"https:\/\/christinakosmeetika.ee\/et\/wp-json\/wp\/v2\/product_cat?post=2035"},{"taxonomy":"product_tag","embeddable":true,"href":"https:\/\/christinakosmeetika.ee\/et\/wp-json\/wp\/v2\/product_tag?post=2035"}],"curies":[{"name":"wp","href":"https:\/\/api.w.org\/{rel}","templated":true}]}}