{"id":2032,"date":"2021-05-09T11:05:03","date_gmt":"2021-05-09T11:05:03","guid":{"rendered":"http:\/\/christinakosmeetika.ee\/product\/unstress-probiotic-day-cream-spf12\/"},"modified":"2026-04-14T22:15:44","modified_gmt":"2026-04-14T19:15:44","slug":"unstress-probiotic-day-cream-spf12-et","status":"publish","type":"product","link":"https:\/\/christinakosmeetika.ee\/et\/toode\/unstress-probiotic-day-cream-spf12-et\/","title":{"rendered":"UNSTRESS ProBiotic Day Cream SPF15 50ml CHR759"},"content":{"rendered":"<section class=\"av_textblock_section \">\n<div class=\"avia_textblock \">\n<section class=\"av_textblock_section \">\n<div class=\"avia_textblock \">\n<p>Christina Unstress ProBiotic Day Cream SPF 15 on p\u00e4evakreem probiootilise toimega, mis tagab pikaajalise niisutuse ja nahka pehmendava toime, k\u00f5rvaldades kuivuse ja \u00e4rrituse tunnused. Tugevdab epidermise sarvkihti ja h\u00fcdrolipiidmantlit, kaitseb nahka fotokahjustuste ja keskkonna saaste eest.<\/p>\n<p>UNSTRESS ProBiotic Day Cream SPF15 on keskmise tekstuuriga kreem unikaalse kaitse s\u00fcsteemiga, mis kaitseb nahka mitte ainult UV-kiirguse, vaid ka elektrooniliste seadmete poolt kiirgatava sinise valguse eest, mis on teadaolevalt seotud &#8220;digitaalse vananemisega&#8221;.<\/p>\n<p>See sisaldab keemilisi ja f\u00fc\u00fcsilisi filtreid, et tagada terviklik kaitse. Kreem sisaldab lakto- ja termofiilseid baktereid, ens\u00fc\u00fcme, peptiide, vitamiine ja h\u00fcaluroonhapet, et toetada naha loomulikku immuunsust ja tervist, pakkudes pikaajalist niisutust, pehmendust ja rahustavat toimet. Helendavad osakesed annavad nahale kerge s\u00e4ra.<\/p>\n<p>Kreem imendub kergesti ja tundub nahal praktiliselt kaalutu. Omab \u00f5rna ja meeldivat l\u00f5hna.<\/p>\n<\/div>\n<\/section>\n<section class=\"av_textblock_section \">\n<div class=\"avia_textblock \">\n<p><strong>Kasutamine:<\/strong><\/p>\n<p>Kanda kergelt tupsutades puhta n\u00e4ole kuni t\u00e4ieliku imendumiseni.<\/p>\n<\/div>\n<\/section>\n<section class=\"av_textblock_section \">\n<div class=\"avia_textblock \">\n<p><strong>Koostis:<\/strong><\/p>\n<p>Deionized water (Aqua), Cetearyl Alcohol&amp;, Glyceryl Caprylate&amp;, Glyceryl Stearate Citrate, Isopropyl Myristate, Ethylhexyl Methoxycinnamate, 1,2-Hexanediol&amp;, Caprylyl Glycol&amp;, Deionized water (Aqua)&amp;, Sodium hyaluronate, Glycerin, Butyl Methoxydibenzoylmethane, Cetyl Alcohol, Bis-Ethylhexyloxyphenol Methoxyphenyl Triazine, Glycerin&amp;, Phenoxyethanol&amp;, Potassium Sorbate&amp;, Thermus Thermophillus Ferment, Butylene Glycol&amp;, Deionized water (Aqua)&amp;, Theobroma Cacao Seed Extract, Ethylhexylglycerin&amp;, Phenoxyethanol, Apricot Kernel Oil Polyglyceryl-6 Esters&amp;, Deionized water (Aqua)&amp;, Dicetyl Phosphate&amp;, Kaempferol&amp;, Polyglyceryl-10 Oleate&amp;, Polyglyceryl-6 Oleate&amp;, Sorbitan Palmitate&amp;, Magnolol\/honokiol (Magnolia Oficinalis Bark<br \/>\nExtract), Dimethicone, Butylene Glycol&amp;, Deionized water (Aqua)&amp;, Dipeptide-4, Tocopheryl Acetate, Maltodextrin&amp;, Polymnia Sonchifolia Root Juice&amp;, Alpha-Glucan Oligosaccharide&amp;, Lactobacillus, Camellia Sinensis Leaf Extract&amp;, Centella Asiatica Extract&amp;, Chamomilla Recutita (Matricaria) Flower&amp;, Deionized water (Aqua)&amp;, Glycyrrhiza Glabra (Licorice) Root Extract&amp;, Propanediol&amp;, Rosmarinus Officinalis (Rosemary) Leaf Extract&amp;, Scutellaria Baicalensis Root Extract&amp;, Polygonum Cuspidatum Root Extract, Ammonium Acryloyldimethyltaurate\/VP Copolymer, Chlorphenesin, Allantoin, Fragrance, Anise Alcohol, Benzyl Alcohol, Benzyl Benzoate, Benzyl Salicylate, Butylphenyl Methylpropional, Citral, Farnesol, Geraniol, Isoeugenol, Limonene, Linalool<\/p>\n<\/div>\n<\/section>\n<\/div>\n<\/section>\n","protected":false},"excerpt":{"rendered":"<h4>Probiootikumiga p\u00e4evakreem n\u00e4ole<\/h4>\n","protected":false},"featured_media":5396,"template":"","meta":[],"product_brand":[],"product_cat":[149,489],"product_tag":[],"class_list":{"0":"post-2032","1":"product","2":"type-product","3":"status-publish","4":"has-post-thumbnail","6":"product_cat-kreem","7":"product_cat-unstress-et","8":"product_shipping_class-smart-itella-post","9":"pa_krem-spf-spf-kreemid","10":"pa_linii-kosmetiki-unstress-et","11":"pa_reshenie-problem-dehudratsioon","12":"pa_reshenie-problem-suhost","13":"pa_reshenie-problem-kuperoz","14":"pa_reshenie-problem-naha-taastamine","15":"pa_reshenie-problem-chuvstvitelnaja-koza","16":"pa_reshenie-problem-vananemise-margid","17":"pa_tip-kozi-kombi-et","18":"pa_tip-kozi-kuiv-et","19":"pa_tip-kozi-normaalne-et","20":"pa_tip-preparata-kreem","21":"pa_vremja-primenenija-paevane","23":"first","24":"instock","25":"taxable","26":"shipping-taxable","27":"purchasable","28":"product-type-simple"},"yoast_head":"<!-- This site is optimized with the Yoast SEO plugin v27.5 - https:\/\/yoast.com\/product\/yoast-seo-wordpress\/ -->\n<title>UNSTRESS ProBiotic Day Cream SPF15 50ml CHR759 - Christinakosmeetika<\/title>\n<meta name=\"description\" content=\"P\u00e4evakreem keemilise ja f\u00fc\u00fcsikalise UV-kaitsega kaitseb nahka fotokahjustuste eest. Tugevdab epidermise sarvkihti.\" \/>\n<meta name=\"robots\" content=\"index, follow, max-snippet:-1, max-image-preview:large, max-video-preview:-1\" \/>\n<link rel=\"canonical\" href=\"https:\/\/christinakosmeetika.ee\/et\/toode\/unstress-probiotic-day-cream-spf12-et\/\" \/>\n<meta property=\"og:locale\" content=\"et_EE\" \/>\n<meta property=\"og:type\" content=\"article\" \/>\n<meta property=\"og:title\" content=\"UNSTRESS ProBiotic Day Cream SPF15 50ml CHR759 - Christinakosmeetika\" \/>\n<meta property=\"og:description\" content=\"P\u00e4evakreem keemilise ja f\u00fc\u00fcsikalise UV-kaitsega kaitseb nahka fotokahjustuste eest. Tugevdab epidermise sarvkihti.\" \/>\n<meta property=\"og:url\" content=\"https:\/\/christinakosmeetika.ee\/et\/toode\/unstress-probiotic-day-cream-spf12-et\/\" \/>\n<meta property=\"og:site_name\" content=\"Christinakosmeetika\" \/>\n<meta property=\"article:modified_time\" content=\"2026-04-14T19:15:44+00:00\" \/>\n<meta property=\"og:image\" content=\"https:\/\/christinakosmeetika.ee\/wp-content\/uploads\/2021\/05\/ProBiotic-Day-Cream-SPF12-450-1.jpg\" \/>\n\t<meta property=\"og:image:width\" content=\"450\" \/>\n\t<meta property=\"og:image:height\" content=\"450\" \/>\n\t<meta property=\"og:image:type\" content=\"image\/jpeg\" \/>\n<meta name=\"twitter:card\" content=\"summary_large_image\" \/>\n<meta name=\"twitter:label1\" content=\"Est. reading time\" \/>\n\t<meta name=\"twitter:data1\" content=\"2 minutit\" \/>\n<script type=\"application\/ld+json\" class=\"yoast-schema-graph\">{\"@context\":\"https:\\\/\\\/schema.org\",\"@graph\":[{\"@type\":\"WebPage\",\"@id\":\"https:\\\/\\\/christinakosmeetika.ee\\\/et\\\/toode\\\/unstress-probiotic-day-cream-spf12-et\\\/\",\"url\":\"https:\\\/\\\/christinakosmeetika.ee\\\/et\\\/toode\\\/unstress-probiotic-day-cream-spf12-et\\\/\",\"name\":\"UNSTRESS ProBiotic Day Cream SPF15 50ml CHR759 - Christinakosmeetika\",\"isPartOf\":{\"@id\":\"https:\\\/\\\/christinakosmeetika.ee\\\/#website\"},\"primaryImageOfPage\":{\"@id\":\"https:\\\/\\\/christinakosmeetika.ee\\\/et\\\/toode\\\/unstress-probiotic-day-cream-spf12-et\\\/#primaryimage\"},\"image\":{\"@id\":\"https:\\\/\\\/christinakosmeetika.ee\\\/et\\\/toode\\\/unstress-probiotic-day-cream-spf12-et\\\/#primaryimage\"},\"thumbnailUrl\":\"https:\\\/\\\/christinakosmeetika.ee\\\/wp-content\\\/uploads\\\/2021\\\/05\\\/ProBiotic-Day-Cream-SPF12-450-1.jpg\",\"datePublished\":\"2021-05-09T11:05:03+00:00\",\"dateModified\":\"2026-04-14T19:15:44+00:00\",\"description\":\"P\u00e4evakreem keemilise ja f\u00fc\u00fcsikalise UV-kaitsega kaitseb nahka fotokahjustuste eest. Tugevdab epidermise sarvkihti.\",\"breadcrumb\":{\"@id\":\"https:\\\/\\\/christinakosmeetika.ee\\\/et\\\/toode\\\/unstress-probiotic-day-cream-spf12-et\\\/#breadcrumb\"},\"inLanguage\":\"et\",\"potentialAction\":[{\"@type\":\"ReadAction\",\"target\":[\"https:\\\/\\\/christinakosmeetika.ee\\\/et\\\/toode\\\/unstress-probiotic-day-cream-spf12-et\\\/\"]}]},{\"@type\":\"ImageObject\",\"inLanguage\":\"et\",\"@id\":\"https:\\\/\\\/christinakosmeetika.ee\\\/et\\\/toode\\\/unstress-probiotic-day-cream-spf12-et\\\/#primaryimage\",\"url\":\"https:\\\/\\\/christinakosmeetika.ee\\\/wp-content\\\/uploads\\\/2021\\\/05\\\/ProBiotic-Day-Cream-SPF12-450-1.jpg\",\"contentUrl\":\"https:\\\/\\\/christinakosmeetika.ee\\\/wp-content\\\/uploads\\\/2021\\\/05\\\/ProBiotic-Day-Cream-SPF12-450-1.jpg\",\"width\":450,\"height\":450},{\"@type\":\"BreadcrumbList\",\"@id\":\"https:\\\/\\\/christinakosmeetika.ee\\\/et\\\/toode\\\/unstress-probiotic-day-cream-spf12-et\\\/#breadcrumb\",\"itemListElement\":[{\"@type\":\"ListItem\",\"position\":1,\"name\":\"\u0413\u043b\u0430\u0432\u043d\u0430\u044f \u0441\u0442\u0440\u0430\u043d\u0438\u0446\u0430\",\"item\":\"https:\\\/\\\/christinakosmeetika.ee\\\/et\\\/\"},{\"@type\":\"ListItem\",\"position\":2,\"name\":\"Pood\",\"item\":\"https:\\\/\\\/christinakosmeetika.ee\\\/et\\\/shop\\\/\"},{\"@type\":\"ListItem\",\"position\":3,\"name\":\"UNSTRESS ProBiotic Day Cream SPF15 50ml CHR759\"}]},{\"@type\":\"WebSite\",\"@id\":\"https:\\\/\\\/christinakosmeetika.ee\\\/#website\",\"url\":\"https:\\\/\\\/christinakosmeetika.ee\\\/\",\"name\":\"Christinakosmeetika\",\"description\":\"Christina kosmeetika Eestis\",\"alternateName\":\"Christina kosmeetika Eestis\",\"potentialAction\":[{\"@type\":\"SearchAction\",\"target\":{\"@type\":\"EntryPoint\",\"urlTemplate\":\"https:\\\/\\\/christinakosmeetika.ee\\\/?s={search_term_string}\"},\"query-input\":{\"@type\":\"PropertyValueSpecification\",\"valueRequired\":true,\"valueName\":\"search_term_string\"}}],\"inLanguage\":\"et\"}]}<\/script>\n<!-- \/ Yoast SEO plugin. -->","yoast_head_json":{"title":"UNSTRESS ProBiotic Day Cream SPF15 50ml CHR759 - Christinakosmeetika","description":"P\u00e4evakreem keemilise ja f\u00fc\u00fcsikalise UV-kaitsega kaitseb nahka fotokahjustuste eest. Tugevdab epidermise sarvkihti.","robots":{"index":"index","follow":"follow","max-snippet":"max-snippet:-1","max-image-preview":"max-image-preview:large","max-video-preview":"max-video-preview:-1"},"canonical":"https:\/\/christinakosmeetika.ee\/et\/toode\/unstress-probiotic-day-cream-spf12-et\/","og_locale":"et_EE","og_type":"article","og_title":"UNSTRESS ProBiotic Day Cream SPF15 50ml CHR759 - Christinakosmeetika","og_description":"P\u00e4evakreem keemilise ja f\u00fc\u00fcsikalise UV-kaitsega kaitseb nahka fotokahjustuste eest. Tugevdab epidermise sarvkihti.","og_url":"https:\/\/christinakosmeetika.ee\/et\/toode\/unstress-probiotic-day-cream-spf12-et\/","og_site_name":"Christinakosmeetika","article_modified_time":"2026-04-14T19:15:44+00:00","og_image":[{"width":450,"height":450,"url":"https:\/\/christinakosmeetika.ee\/wp-content\/uploads\/2021\/05\/ProBiotic-Day-Cream-SPF12-450-1.jpg","type":"image\/jpeg"}],"twitter_card":"summary_large_image","twitter_misc":{"Est. reading time":"2 minutit"},"schema":{"@context":"https:\/\/schema.org","@graph":[{"@type":"WebPage","@id":"https:\/\/christinakosmeetika.ee\/et\/toode\/unstress-probiotic-day-cream-spf12-et\/","url":"https:\/\/christinakosmeetika.ee\/et\/toode\/unstress-probiotic-day-cream-spf12-et\/","name":"UNSTRESS ProBiotic Day Cream SPF15 50ml CHR759 - Christinakosmeetika","isPartOf":{"@id":"https:\/\/christinakosmeetika.ee\/#website"},"primaryImageOfPage":{"@id":"https:\/\/christinakosmeetika.ee\/et\/toode\/unstress-probiotic-day-cream-spf12-et\/#primaryimage"},"image":{"@id":"https:\/\/christinakosmeetika.ee\/et\/toode\/unstress-probiotic-day-cream-spf12-et\/#primaryimage"},"thumbnailUrl":"https:\/\/christinakosmeetika.ee\/wp-content\/uploads\/2021\/05\/ProBiotic-Day-Cream-SPF12-450-1.jpg","datePublished":"2021-05-09T11:05:03+00:00","dateModified":"2026-04-14T19:15:44+00:00","description":"P\u00e4evakreem keemilise ja f\u00fc\u00fcsikalise UV-kaitsega kaitseb nahka fotokahjustuste eest. Tugevdab epidermise sarvkihti.","breadcrumb":{"@id":"https:\/\/christinakosmeetika.ee\/et\/toode\/unstress-probiotic-day-cream-spf12-et\/#breadcrumb"},"inLanguage":"et","potentialAction":[{"@type":"ReadAction","target":["https:\/\/christinakosmeetika.ee\/et\/toode\/unstress-probiotic-day-cream-spf12-et\/"]}]},{"@type":"ImageObject","inLanguage":"et","@id":"https:\/\/christinakosmeetika.ee\/et\/toode\/unstress-probiotic-day-cream-spf12-et\/#primaryimage","url":"https:\/\/christinakosmeetika.ee\/wp-content\/uploads\/2021\/05\/ProBiotic-Day-Cream-SPF12-450-1.jpg","contentUrl":"https:\/\/christinakosmeetika.ee\/wp-content\/uploads\/2021\/05\/ProBiotic-Day-Cream-SPF12-450-1.jpg","width":450,"height":450},{"@type":"BreadcrumbList","@id":"https:\/\/christinakosmeetika.ee\/et\/toode\/unstress-probiotic-day-cream-spf12-et\/#breadcrumb","itemListElement":[{"@type":"ListItem","position":1,"name":"\u0413\u043b\u0430\u0432\u043d\u0430\u044f \u0441\u0442\u0440\u0430\u043d\u0438\u0446\u0430","item":"https:\/\/christinakosmeetika.ee\/et\/"},{"@type":"ListItem","position":2,"name":"Pood","item":"https:\/\/christinakosmeetika.ee\/et\/shop\/"},{"@type":"ListItem","position":3,"name":"UNSTRESS ProBiotic Day Cream SPF15 50ml CHR759"}]},{"@type":"WebSite","@id":"https:\/\/christinakosmeetika.ee\/#website","url":"https:\/\/christinakosmeetika.ee\/","name":"Christinakosmeetika","description":"Christina kosmeetika Eestis","alternateName":"Christina kosmeetika Eestis","potentialAction":[{"@type":"SearchAction","target":{"@type":"EntryPoint","urlTemplate":"https:\/\/christinakosmeetika.ee\/?s={search_term_string}"},"query-input":{"@type":"PropertyValueSpecification","valueRequired":true,"valueName":"search_term_string"}}],"inLanguage":"et"}]}},"_links":{"self":[{"href":"https:\/\/christinakosmeetika.ee\/et\/wp-json\/wp\/v2\/product\/2032","targetHints":{"allow":["GET"]}}],"collection":[{"href":"https:\/\/christinakosmeetika.ee\/et\/wp-json\/wp\/v2\/product"}],"about":[{"href":"https:\/\/christinakosmeetika.ee\/et\/wp-json\/wp\/v2\/types\/product"}],"wp:featuredmedia":[{"embeddable":true,"href":"https:\/\/christinakosmeetika.ee\/et\/wp-json\/wp\/v2\/media\/5396"}],"wp:attachment":[{"href":"https:\/\/christinakosmeetika.ee\/et\/wp-json\/wp\/v2\/media?parent=2032"}],"wp:term":[{"taxonomy":"product_brand","embeddable":true,"href":"https:\/\/christinakosmeetika.ee\/et\/wp-json\/wp\/v2\/product_brand?post=2032"},{"taxonomy":"product_cat","embeddable":true,"href":"https:\/\/christinakosmeetika.ee\/et\/wp-json\/wp\/v2\/product_cat?post=2032"},{"taxonomy":"product_tag","embeddable":true,"href":"https:\/\/christinakosmeetika.ee\/et\/wp-json\/wp\/v2\/product_tag?post=2032"}],"curies":[{"name":"wp","href":"https:\/\/api.w.org\/{rel}","templated":true}]}}