{"id":2026,"date":"2021-05-09T11:16:03","date_gmt":"2021-05-09T11:16:03","guid":{"rendered":"http:\/\/christinakosmeetika.ee\/product\/unstress-quick-performance-calming-cream\/"},"modified":"2026-04-14T22:17:30","modified_gmt":"2026-04-14T19:17:30","slug":"unstress-quick-performance-calming-cream-et","status":"publish","type":"product","link":"https:\/\/christinakosmeetika.ee\/et\/toode\/unstress-quick-performance-calming-cream-et\/","title":{"rendered":"UNSTRESS Quick Performance Calming Cream 30ml CHR763"},"content":{"rendered":"<section class=\"av_textblock_section \">\n<div class=\"avia_textblock \">\n<section class=\"av_textblock_section \">\n<div class=\"avia_textblock \">\n<p>UNSTRESS Quick Performance Calming Cream on kiiretoimeline toode, mis leevendab koheselt igasugust ebamugavustunnet nahal, ennetab p\u00f5letikulisi protsesse ja niiskuse kadu. See sisaldab pantenooli, roosipuu\u00f5li ja tervendavaid taimseid ekstrakte, mis soodustavad kiiret paranemist, v\u00e4hendavad punetust, s\u00fcgelust, p\u00f5letustunnet ning leevendavad turset. Nahka kaitsevad linoolhape, linoleenhape, keramiidid, mesilasvaha ja \u00f5lid. Thermus Thermophillus ja E-vitamiin pakuvad antioks\u00fcdantset toimet.<\/p>\n<p>See kreem sobib regulaarseks kasutamiseks tundliku naha igap\u00e4evases hoolduses v\u00f5i SOS-vahendina l\u00fchikestel perioodidel.<\/p>\n<\/div>\n<\/section>\n<section class=\"av_textblock_section \">\n<div class=\"avia_textblock \">\n<p><strong>Kasutusjuhend:<\/strong><\/p>\n<p>Kandke \u00f5huke kiht \u00e4rritunud nahale, kuni seisund paraneb.<\/p>\n<\/div>\n<\/section>\n<section class=\"av_textblock_section \">\n<div class=\"avia_textblock \">\n<p><strong>Koostis:<\/strong><\/p>\n<p>Deionized water (Aqua), Cetearyl Ethylhexanoate, Octyldodecanol&amp;, Octyldodecyl Xyloside&amp;, PEG-30 Dipolyhydroxystearate, Glycerin, Deionized water (Aqua)&amp;, Polyacrylate-13&amp;, Polyisobutene&amp;, Polysorbate 20&amp;, Sorbitan Isostearate, Beeswax (Cera Alba), Centella Asiatica Extract&amp;, Deionized water (Aqua)&amp;, Propanediol, Citric Acid&amp;, Deionized water (Aqua)&amp;, Saccharide Isomerate&amp;, Sodium Citrate, Ethylhexylglycerin&amp;, Phenoxyethanol, Hydrogenated Castor Oil, Magnesium Sulfate, Dimethicone, Panthenol, Butylene Glycol&amp;, Cucumis Sativus (Cucumber) Fruit Extract&amp;, Deionized water (Aqua)&amp;, Glycerin, Ceramide 3&amp;, Deionized water (Aqua)&amp;, Glycerin&amp;, Olive Glycerides&amp;, Plukenetia Volubilis Seed Oil&amp;, Polyglyceryl-5 Oleate&amp;, Tocopherol, Glycerin&amp;, Phenoxyethanol&amp;, Potassium Sorbate&amp;, Thermus Thermophillus Ferment, Tocopheryl Acetate, Centella Asiatica Extract&amp;, Deionized water (Aqua)&amp;, Glycyrrhiza Glabra (Licorice) Root Extract&amp;, Propanediol&amp;, Vaccinium Corymbosum (Blueberry) Fruit&amp;, Rosa Canina Fruit Oil&amp;, Ginkgo Biloba Leaf Extract&amp;, Artemisia Mongolia Leaf Extract, Chlorphenesin, Linoleic Acid&amp;, Linolenic Acid&amp;, Oleic Acid&amp;, Tocopherol, Bisabolol, Deionized water (Aqua)&amp;, FD&amp;C Blue NO. 1 (CI42090)&amp;, FD&amp;C Yellow NO. 5 (CI19140)<\/p>\n<\/div>\n<\/section>\n<\/div>\n<\/section>\n","protected":false},"excerpt":{"rendered":"<h4>Kiire toimega rahustav kreem n\u00e4ole<\/h4>\n","protected":false},"featured_media":5402,"template":"","meta":[],"product_brand":[],"product_cat":[149],"product_tag":[],"class_list":{"0":"post-2026","1":"product","2":"type-product","3":"status-publish","4":"has-post-thumbnail","6":"product_cat-kreem","7":"product_shipping_class-smart-itella-post","8":"pa_linii-kosmetiki-unstress-et","9":"pa_reshenie-problem-dehudratsioon","10":"pa_reshenie-problem-kuperoz","11":"pa_reshenie-problem-naha-taastamine","12":"pa_reshenie-problem-chuvstvitelnaja-koza","13":"pa_tip-kozi-koik-nahatuubid-et","14":"pa_tip-kozi-kombi-et","15":"pa_tip-kozi-kuiv-et","16":"pa_tip-kozi-normaalne-et","17":"pa_tip-kozi-rasvane-et","18":"pa_tip-preparata-kreem","19":"pa_vremja-primenenija-oine","20":"pa_vremja-primenenija-paevane","22":"first","23":"instock","24":"taxable","25":"shipping-taxable","26":"purchasable","27":"product-type-simple"},"yoast_head":"<!-- This site is optimized with the Yoast SEO plugin v27.5 - https:\/\/yoast.com\/product\/yoast-seo-wordpress\/ -->\n<title>UNSTRESS Quick Performance Calming Cream 30ml CHR763 - Christinakosmeetika<\/title>\n<meta name=\"description\" content=\"See on kiiretoimeline vahend, mis leevendab koheselt k\u00f5ik ebamugavustunded nahal, aitab ennetada p\u00f5letikulisi protsesse ja niiskusekadu.\" \/>\n<meta name=\"robots\" content=\"index, follow, max-snippet:-1, max-image-preview:large, max-video-preview:-1\" \/>\n<link rel=\"canonical\" href=\"https:\/\/christinakosmeetika.ee\/et\/toode\/unstress-quick-performance-calming-cream-et\/\" \/>\n<meta property=\"og:locale\" content=\"et_EE\" \/>\n<meta property=\"og:type\" content=\"article\" \/>\n<meta property=\"og:title\" content=\"UNSTRESS Quick Performance Calming Cream 30ml CHR763 - Christinakosmeetika\" \/>\n<meta property=\"og:description\" content=\"See on kiiretoimeline vahend, mis leevendab koheselt k\u00f5ik ebamugavustunded nahal, aitab ennetada p\u00f5letikulisi protsesse ja niiskusekadu.\" \/>\n<meta property=\"og:url\" content=\"https:\/\/christinakosmeetika.ee\/et\/toode\/unstress-quick-performance-calming-cream-et\/\" \/>\n<meta property=\"og:site_name\" content=\"Christinakosmeetika\" \/>\n<meta property=\"article:modified_time\" content=\"2026-04-14T19:17:30+00:00\" \/>\n<meta property=\"og:image\" content=\"https:\/\/christinakosmeetika.ee\/wp-content\/uploads\/2021\/05\/Quick-Performance-Calming-Cream-450-2.jpg\" \/>\n\t<meta property=\"og:image:width\" content=\"450\" \/>\n\t<meta property=\"og:image:height\" content=\"450\" \/>\n\t<meta property=\"og:image:type\" content=\"image\/jpeg\" \/>\n<meta name=\"twitter:card\" content=\"summary_large_image\" \/>\n<meta name=\"twitter:label1\" content=\"Est. reading time\" \/>\n\t<meta name=\"twitter:data1\" content=\"2 minutit\" \/>\n<script type=\"application\/ld+json\" class=\"yoast-schema-graph\">{\"@context\":\"https:\\\/\\\/schema.org\",\"@graph\":[{\"@type\":\"WebPage\",\"@id\":\"https:\\\/\\\/christinakosmeetika.ee\\\/et\\\/toode\\\/unstress-quick-performance-calming-cream-et\\\/\",\"url\":\"https:\\\/\\\/christinakosmeetika.ee\\\/et\\\/toode\\\/unstress-quick-performance-calming-cream-et\\\/\",\"name\":\"UNSTRESS Quick Performance Calming Cream 30ml CHR763 - Christinakosmeetika\",\"isPartOf\":{\"@id\":\"https:\\\/\\\/christinakosmeetika.ee\\\/#website\"},\"primaryImageOfPage\":{\"@id\":\"https:\\\/\\\/christinakosmeetika.ee\\\/et\\\/toode\\\/unstress-quick-performance-calming-cream-et\\\/#primaryimage\"},\"image\":{\"@id\":\"https:\\\/\\\/christinakosmeetika.ee\\\/et\\\/toode\\\/unstress-quick-performance-calming-cream-et\\\/#primaryimage\"},\"thumbnailUrl\":\"https:\\\/\\\/christinakosmeetika.ee\\\/wp-content\\\/uploads\\\/2021\\\/05\\\/Quick-Performance-Calming-Cream-450-2.jpg\",\"datePublished\":\"2021-05-09T11:16:03+00:00\",\"dateModified\":\"2026-04-14T19:17:30+00:00\",\"description\":\"See on kiiretoimeline vahend, mis leevendab koheselt k\u00f5ik ebamugavustunded nahal, aitab ennetada p\u00f5letikulisi protsesse ja niiskusekadu.\",\"breadcrumb\":{\"@id\":\"https:\\\/\\\/christinakosmeetika.ee\\\/et\\\/toode\\\/unstress-quick-performance-calming-cream-et\\\/#breadcrumb\"},\"inLanguage\":\"et\",\"potentialAction\":[{\"@type\":\"ReadAction\",\"target\":[\"https:\\\/\\\/christinakosmeetika.ee\\\/et\\\/toode\\\/unstress-quick-performance-calming-cream-et\\\/\"]}]},{\"@type\":\"ImageObject\",\"inLanguage\":\"et\",\"@id\":\"https:\\\/\\\/christinakosmeetika.ee\\\/et\\\/toode\\\/unstress-quick-performance-calming-cream-et\\\/#primaryimage\",\"url\":\"https:\\\/\\\/christinakosmeetika.ee\\\/wp-content\\\/uploads\\\/2021\\\/05\\\/Quick-Performance-Calming-Cream-450-2.jpg\",\"contentUrl\":\"https:\\\/\\\/christinakosmeetika.ee\\\/wp-content\\\/uploads\\\/2021\\\/05\\\/Quick-Performance-Calming-Cream-450-2.jpg\",\"width\":450,\"height\":450},{\"@type\":\"BreadcrumbList\",\"@id\":\"https:\\\/\\\/christinakosmeetika.ee\\\/et\\\/toode\\\/unstress-quick-performance-calming-cream-et\\\/#breadcrumb\",\"itemListElement\":[{\"@type\":\"ListItem\",\"position\":1,\"name\":\"\u0413\u043b\u0430\u0432\u043d\u0430\u044f \u0441\u0442\u0440\u0430\u043d\u0438\u0446\u0430\",\"item\":\"https:\\\/\\\/christinakosmeetika.ee\\\/et\\\/\"},{\"@type\":\"ListItem\",\"position\":2,\"name\":\"Pood\",\"item\":\"https:\\\/\\\/christinakosmeetika.ee\\\/et\\\/shop\\\/\"},{\"@type\":\"ListItem\",\"position\":3,\"name\":\"UNSTRESS Quick Performance Calming Cream 30ml CHR763\"}]},{\"@type\":\"WebSite\",\"@id\":\"https:\\\/\\\/christinakosmeetika.ee\\\/#website\",\"url\":\"https:\\\/\\\/christinakosmeetika.ee\\\/\",\"name\":\"Christinakosmeetika\",\"description\":\"Christina kosmeetika Eestis\",\"alternateName\":\"Christina kosmeetika Eestis\",\"potentialAction\":[{\"@type\":\"SearchAction\",\"target\":{\"@type\":\"EntryPoint\",\"urlTemplate\":\"https:\\\/\\\/christinakosmeetika.ee\\\/?s={search_term_string}\"},\"query-input\":{\"@type\":\"PropertyValueSpecification\",\"valueRequired\":true,\"valueName\":\"search_term_string\"}}],\"inLanguage\":\"et\"}]}<\/script>\n<!-- \/ Yoast SEO plugin. -->","yoast_head_json":{"title":"UNSTRESS Quick Performance Calming Cream 30ml CHR763 - Christinakosmeetika","description":"See on kiiretoimeline vahend, mis leevendab koheselt k\u00f5ik ebamugavustunded nahal, aitab ennetada p\u00f5letikulisi protsesse ja niiskusekadu.","robots":{"index":"index","follow":"follow","max-snippet":"max-snippet:-1","max-image-preview":"max-image-preview:large","max-video-preview":"max-video-preview:-1"},"canonical":"https:\/\/christinakosmeetika.ee\/et\/toode\/unstress-quick-performance-calming-cream-et\/","og_locale":"et_EE","og_type":"article","og_title":"UNSTRESS Quick Performance Calming Cream 30ml CHR763 - Christinakosmeetika","og_description":"See on kiiretoimeline vahend, mis leevendab koheselt k\u00f5ik ebamugavustunded nahal, aitab ennetada p\u00f5letikulisi protsesse ja niiskusekadu.","og_url":"https:\/\/christinakosmeetika.ee\/et\/toode\/unstress-quick-performance-calming-cream-et\/","og_site_name":"Christinakosmeetika","article_modified_time":"2026-04-14T19:17:30+00:00","og_image":[{"width":450,"height":450,"url":"https:\/\/christinakosmeetika.ee\/wp-content\/uploads\/2021\/05\/Quick-Performance-Calming-Cream-450-2.jpg","type":"image\/jpeg"}],"twitter_card":"summary_large_image","twitter_misc":{"Est. reading time":"2 minutit"},"schema":{"@context":"https:\/\/schema.org","@graph":[{"@type":"WebPage","@id":"https:\/\/christinakosmeetika.ee\/et\/toode\/unstress-quick-performance-calming-cream-et\/","url":"https:\/\/christinakosmeetika.ee\/et\/toode\/unstress-quick-performance-calming-cream-et\/","name":"UNSTRESS Quick Performance Calming Cream 30ml CHR763 - Christinakosmeetika","isPartOf":{"@id":"https:\/\/christinakosmeetika.ee\/#website"},"primaryImageOfPage":{"@id":"https:\/\/christinakosmeetika.ee\/et\/toode\/unstress-quick-performance-calming-cream-et\/#primaryimage"},"image":{"@id":"https:\/\/christinakosmeetika.ee\/et\/toode\/unstress-quick-performance-calming-cream-et\/#primaryimage"},"thumbnailUrl":"https:\/\/christinakosmeetika.ee\/wp-content\/uploads\/2021\/05\/Quick-Performance-Calming-Cream-450-2.jpg","datePublished":"2021-05-09T11:16:03+00:00","dateModified":"2026-04-14T19:17:30+00:00","description":"See on kiiretoimeline vahend, mis leevendab koheselt k\u00f5ik ebamugavustunded nahal, aitab ennetada p\u00f5letikulisi protsesse ja niiskusekadu.","breadcrumb":{"@id":"https:\/\/christinakosmeetika.ee\/et\/toode\/unstress-quick-performance-calming-cream-et\/#breadcrumb"},"inLanguage":"et","potentialAction":[{"@type":"ReadAction","target":["https:\/\/christinakosmeetika.ee\/et\/toode\/unstress-quick-performance-calming-cream-et\/"]}]},{"@type":"ImageObject","inLanguage":"et","@id":"https:\/\/christinakosmeetika.ee\/et\/toode\/unstress-quick-performance-calming-cream-et\/#primaryimage","url":"https:\/\/christinakosmeetika.ee\/wp-content\/uploads\/2021\/05\/Quick-Performance-Calming-Cream-450-2.jpg","contentUrl":"https:\/\/christinakosmeetika.ee\/wp-content\/uploads\/2021\/05\/Quick-Performance-Calming-Cream-450-2.jpg","width":450,"height":450},{"@type":"BreadcrumbList","@id":"https:\/\/christinakosmeetika.ee\/et\/toode\/unstress-quick-performance-calming-cream-et\/#breadcrumb","itemListElement":[{"@type":"ListItem","position":1,"name":"\u0413\u043b\u0430\u0432\u043d\u0430\u044f \u0441\u0442\u0440\u0430\u043d\u0438\u0446\u0430","item":"https:\/\/christinakosmeetika.ee\/et\/"},{"@type":"ListItem","position":2,"name":"Pood","item":"https:\/\/christinakosmeetika.ee\/et\/shop\/"},{"@type":"ListItem","position":3,"name":"UNSTRESS Quick Performance Calming Cream 30ml CHR763"}]},{"@type":"WebSite","@id":"https:\/\/christinakosmeetika.ee\/#website","url":"https:\/\/christinakosmeetika.ee\/","name":"Christinakosmeetika","description":"Christina kosmeetika Eestis","alternateName":"Christina kosmeetika Eestis","potentialAction":[{"@type":"SearchAction","target":{"@type":"EntryPoint","urlTemplate":"https:\/\/christinakosmeetika.ee\/?s={search_term_string}"},"query-input":{"@type":"PropertyValueSpecification","valueRequired":true,"valueName":"search_term_string"}}],"inLanguage":"et"}]}},"_links":{"self":[{"href":"https:\/\/christinakosmeetika.ee\/et\/wp-json\/wp\/v2\/product\/2026","targetHints":{"allow":["GET"]}}],"collection":[{"href":"https:\/\/christinakosmeetika.ee\/et\/wp-json\/wp\/v2\/product"}],"about":[{"href":"https:\/\/christinakosmeetika.ee\/et\/wp-json\/wp\/v2\/types\/product"}],"wp:featuredmedia":[{"embeddable":true,"href":"https:\/\/christinakosmeetika.ee\/et\/wp-json\/wp\/v2\/media\/5402"}],"wp:attachment":[{"href":"https:\/\/christinakosmeetika.ee\/et\/wp-json\/wp\/v2\/media?parent=2026"}],"wp:term":[{"taxonomy":"product_brand","embeddable":true,"href":"https:\/\/christinakosmeetika.ee\/et\/wp-json\/wp\/v2\/product_brand?post=2026"},{"taxonomy":"product_cat","embeddable":true,"href":"https:\/\/christinakosmeetika.ee\/et\/wp-json\/wp\/v2\/product_cat?post=2026"},{"taxonomy":"product_tag","embeddable":true,"href":"https:\/\/christinakosmeetika.ee\/et\/wp-json\/wp\/v2\/product_tag?post=2026"}],"curies":[{"name":"wp","href":"https:\/\/api.w.org\/{rel}","templated":true}]}}