{"id":2015,"date":"2021-05-12T19:16:11","date_gmt":"2021-05-12T19:16:11","guid":{"rendered":"http:\/\/christinakosmeetika.ee\/product\/fresh-milk-cleansing-gel-for-dry-and-normal-skin\/"},"modified":"2026-04-14T22:26:15","modified_gmt":"2026-04-14T19:26:15","slug":"firm-aha-resveratrol-peel-et","status":"publish","type":"product","link":"https:\/\/christinakosmeetika.ee\/et\/toode\/firm-aha-resveratrol-peel-et\/","title":{"rendered":"LINE REPAIR Firm AHA &#038; Resveratrol Peel 50ml CHR877"},"content":{"rendered":"<section class=\"av_textblock_section \">\n<div class=\"avia_textblock \">\n<section class=\"av_textblock_section \">\n<div class=\"avia_textblock \">\n<p>Puhastav ja silendav koorija. AHA-happed aitavad surnud naharakke koorida, avades tee uutele rakkudele. Resveratrool tagab kaitse ja kiirendab rakkude paljunemist. Peened jooned, kortsud ja muud vananemise m\u00e4rgid kaovad.<\/p>\n<p>P\u00e4rast koorija kasutamist muutuvad vananemise tunnused v\u00e4hem m\u00e4rgatavaks ja nahk n\u00e4eb v\u00e4lja tervislik ja s\u00e4rav.<\/p>\n<p><strong>Kasutusviis: <\/strong><\/p>\n<p>Kandke \u00fchtlase kihina puhastatud nahale \u00fcks-kaks korda n\u00e4dalas. J\u00e4tke 5-7 minutiks. Loputage hoolikalt.<\/p>\n<p><strong>\u00a0Koostis:<\/strong><\/p>\n<\/div>\n<\/section>\n<section class=\"av_textblock_section \">\n<div class=\"avia_textblock \">\n<p>Deionized Water (Aqua), Glycolic Acid, Propanediol, Sodium Hydroxide, Phenoxyethanol, Hydroxyethylcellulose, Butylene Glycol, Glycerin, Caprylyl Glycol, Sodium Lactate, Sodium Pca, Ethylhexylglycerin, Sodium Acetate, Sodium Phytate, Centella Asiatica Extract, Globularia Alypum Leaf Extract, Isopropyl Alcohol, Cellulose, Fructose, Urea, Niacinamide, Resveratrol, Glycine, Sodium Benzoate, Alcohol, Inositol.<\/p>\n<\/div>\n<\/section>\n<\/div>\n<\/section>\n","protected":false},"excerpt":{"rendered":"<h4>Happekoorimine koos resveratrooliga<\/h4>\n","protected":false},"featured_media":5025,"template":"","meta":[],"product_brand":[],"product_cat":[181],"product_tag":[],"class_list":{"0":"post-2015","1":"product","2":"type-product","3":"status-publish","4":"has-post-thumbnail","6":"product_cat-koorimine","7":"product_shipping_class-smart-itella-post","8":"pa_akcii-skidki-allahindlused","9":"pa_linii-kosmetiki-line-repair-et","10":"pa_reshenie-problem-ebauhtlane-nahatekstuur","11":"pa_reshenie-problem-ebauhtlane-nahatoon","12":"pa_reshenie-problem-vananemise-margid","13":"pa_tip-kozi-kombi-et","14":"pa_tip-kozi-kuiv-et","15":"pa_tip-kozi-normaalne-et","16":"pa_tip-preparata-koorimine","17":"pa_vremja-primenenija-oine","18":"pa_vremja-primenenija-paevane","20":"first","21":"instock","22":"sale","23":"taxable","24":"shipping-taxable","25":"purchasable","26":"product-type-simple"},"yoast_head":"<!-- This site is optimized with the Yoast SEO plugin v27.5 - https:\/\/yoast.com\/product\/yoast-seo-wordpress\/ -->\n<title>LINE REPAIR Firm AHA &amp; Resveratrol Peel 50ml CHR877 - Christinakosmeetika<\/title>\n<meta name=\"description\" content=\"Puhastav ja siluv kooriv hooldus. Peened jooned, kortsud ja muud n\u00e4htavad vananemism\u00e4rgid v\u00e4henevad. Nahk n\u00e4eb v\u00e4lja nooruslik, s\u00e4rav ja terve.\" \/>\n<meta name=\"robots\" content=\"index, follow, max-snippet:-1, max-image-preview:large, max-video-preview:-1\" \/>\n<link rel=\"canonical\" href=\"https:\/\/christinakosmeetika.ee\/et\/toode\/firm-aha-resveratrol-peel-et\/\" \/>\n<meta property=\"og:locale\" content=\"et_EE\" \/>\n<meta property=\"og:type\" content=\"article\" \/>\n<meta property=\"og:title\" content=\"LINE REPAIR Firm AHA &amp; Resveratrol Peel 50ml CHR877 - Christinakosmeetika\" \/>\n<meta property=\"og:description\" content=\"Puhastav ja siluv kooriv hooldus. Peened jooned, kortsud ja muud n\u00e4htavad vananemism\u00e4rgid v\u00e4henevad. Nahk n\u00e4eb v\u00e4lja nooruslik, s\u00e4rav ja terve.\" \/>\n<meta property=\"og:url\" content=\"https:\/\/christinakosmeetika.ee\/et\/toode\/firm-aha-resveratrol-peel-et\/\" \/>\n<meta property=\"og:site_name\" content=\"Christinakosmeetika\" \/>\n<meta property=\"article:modified_time\" content=\"2026-04-14T19:26:15+00:00\" \/>\n<meta property=\"og:image\" content=\"https:\/\/christinakosmeetika.ee\/wp-content\/uploads\/2021\/05\/LR_FIRM_AHA-RESVERATROL-450.jpg\" \/>\n\t<meta property=\"og:image:width\" content=\"450\" \/>\n\t<meta property=\"og:image:height\" content=\"450\" \/>\n\t<meta property=\"og:image:type\" content=\"image\/jpeg\" \/>\n<meta name=\"twitter:card\" content=\"summary_large_image\" \/>\n<meta name=\"twitter:label1\" content=\"Est. reading time\" \/>\n\t<meta name=\"twitter:data1\" content=\"1 minut\" \/>\n<script type=\"application\/ld+json\" class=\"yoast-schema-graph\">{\"@context\":\"https:\\\/\\\/schema.org\",\"@graph\":[{\"@type\":\"WebPage\",\"@id\":\"https:\\\/\\\/christinakosmeetika.ee\\\/et\\\/toode\\\/firm-aha-resveratrol-peel-et\\\/\",\"url\":\"https:\\\/\\\/christinakosmeetika.ee\\\/et\\\/toode\\\/firm-aha-resveratrol-peel-et\\\/\",\"name\":\"LINE REPAIR Firm AHA & Resveratrol Peel 50ml CHR877 - Christinakosmeetika\",\"isPartOf\":{\"@id\":\"https:\\\/\\\/christinakosmeetika.ee\\\/#website\"},\"primaryImageOfPage\":{\"@id\":\"https:\\\/\\\/christinakosmeetika.ee\\\/et\\\/toode\\\/firm-aha-resveratrol-peel-et\\\/#primaryimage\"},\"image\":{\"@id\":\"https:\\\/\\\/christinakosmeetika.ee\\\/et\\\/toode\\\/firm-aha-resveratrol-peel-et\\\/#primaryimage\"},\"thumbnailUrl\":\"https:\\\/\\\/christinakosmeetika.ee\\\/wp-content\\\/uploads\\\/2021\\\/05\\\/LR_FIRM_AHA-RESVERATROL-450.jpg\",\"datePublished\":\"2021-05-12T19:16:11+00:00\",\"dateModified\":\"2026-04-14T19:26:15+00:00\",\"description\":\"Puhastav ja siluv kooriv hooldus. Peened jooned, kortsud ja muud n\u00e4htavad vananemism\u00e4rgid v\u00e4henevad. Nahk n\u00e4eb v\u00e4lja nooruslik, s\u00e4rav ja terve.\",\"breadcrumb\":{\"@id\":\"https:\\\/\\\/christinakosmeetika.ee\\\/et\\\/toode\\\/firm-aha-resveratrol-peel-et\\\/#breadcrumb\"},\"inLanguage\":\"et\",\"potentialAction\":[{\"@type\":\"ReadAction\",\"target\":[\"https:\\\/\\\/christinakosmeetika.ee\\\/et\\\/toode\\\/firm-aha-resveratrol-peel-et\\\/\"]}]},{\"@type\":\"ImageObject\",\"inLanguage\":\"et\",\"@id\":\"https:\\\/\\\/christinakosmeetika.ee\\\/et\\\/toode\\\/firm-aha-resveratrol-peel-et\\\/#primaryimage\",\"url\":\"https:\\\/\\\/christinakosmeetika.ee\\\/wp-content\\\/uploads\\\/2021\\\/05\\\/LR_FIRM_AHA-RESVERATROL-450.jpg\",\"contentUrl\":\"https:\\\/\\\/christinakosmeetika.ee\\\/wp-content\\\/uploads\\\/2021\\\/05\\\/LR_FIRM_AHA-RESVERATROL-450.jpg\",\"width\":450,\"height\":450},{\"@type\":\"BreadcrumbList\",\"@id\":\"https:\\\/\\\/christinakosmeetika.ee\\\/et\\\/toode\\\/firm-aha-resveratrol-peel-et\\\/#breadcrumb\",\"itemListElement\":[{\"@type\":\"ListItem\",\"position\":1,\"name\":\"\u0413\u043b\u0430\u0432\u043d\u0430\u044f \u0441\u0442\u0440\u0430\u043d\u0438\u0446\u0430\",\"item\":\"https:\\\/\\\/christinakosmeetika.ee\\\/et\\\/\"},{\"@type\":\"ListItem\",\"position\":2,\"name\":\"Pood\",\"item\":\"https:\\\/\\\/christinakosmeetika.ee\\\/et\\\/shop\\\/\"},{\"@type\":\"ListItem\",\"position\":3,\"name\":\"LINE REPAIR Firm AHA &#038; Resveratrol Peel 50ml CHR877\"}]},{\"@type\":\"WebSite\",\"@id\":\"https:\\\/\\\/christinakosmeetika.ee\\\/#website\",\"url\":\"https:\\\/\\\/christinakosmeetika.ee\\\/\",\"name\":\"Christinakosmeetika\",\"description\":\"Christina kosmeetika Eestis\",\"alternateName\":\"Christina kosmeetika Eestis\",\"potentialAction\":[{\"@type\":\"SearchAction\",\"target\":{\"@type\":\"EntryPoint\",\"urlTemplate\":\"https:\\\/\\\/christinakosmeetika.ee\\\/?s={search_term_string}\"},\"query-input\":{\"@type\":\"PropertyValueSpecification\",\"valueRequired\":true,\"valueName\":\"search_term_string\"}}],\"inLanguage\":\"et\"}]}<\/script>\n<!-- \/ Yoast SEO plugin. -->","yoast_head_json":{"title":"LINE REPAIR Firm AHA & Resveratrol Peel 50ml CHR877 - Christinakosmeetika","description":"Puhastav ja siluv kooriv hooldus. Peened jooned, kortsud ja muud n\u00e4htavad vananemism\u00e4rgid v\u00e4henevad. Nahk n\u00e4eb v\u00e4lja nooruslik, s\u00e4rav ja terve.","robots":{"index":"index","follow":"follow","max-snippet":"max-snippet:-1","max-image-preview":"max-image-preview:large","max-video-preview":"max-video-preview:-1"},"canonical":"https:\/\/christinakosmeetika.ee\/et\/toode\/firm-aha-resveratrol-peel-et\/","og_locale":"et_EE","og_type":"article","og_title":"LINE REPAIR Firm AHA & Resveratrol Peel 50ml CHR877 - Christinakosmeetika","og_description":"Puhastav ja siluv kooriv hooldus. Peened jooned, kortsud ja muud n\u00e4htavad vananemism\u00e4rgid v\u00e4henevad. Nahk n\u00e4eb v\u00e4lja nooruslik, s\u00e4rav ja terve.","og_url":"https:\/\/christinakosmeetika.ee\/et\/toode\/firm-aha-resveratrol-peel-et\/","og_site_name":"Christinakosmeetika","article_modified_time":"2026-04-14T19:26:15+00:00","og_image":[{"width":450,"height":450,"url":"https:\/\/christinakosmeetika.ee\/wp-content\/uploads\/2021\/05\/LR_FIRM_AHA-RESVERATROL-450.jpg","type":"image\/jpeg"}],"twitter_card":"summary_large_image","twitter_misc":{"Est. reading time":"1 minut"},"schema":{"@context":"https:\/\/schema.org","@graph":[{"@type":"WebPage","@id":"https:\/\/christinakosmeetika.ee\/et\/toode\/firm-aha-resveratrol-peel-et\/","url":"https:\/\/christinakosmeetika.ee\/et\/toode\/firm-aha-resveratrol-peel-et\/","name":"LINE REPAIR Firm AHA & Resveratrol Peel 50ml CHR877 - Christinakosmeetika","isPartOf":{"@id":"https:\/\/christinakosmeetika.ee\/#website"},"primaryImageOfPage":{"@id":"https:\/\/christinakosmeetika.ee\/et\/toode\/firm-aha-resveratrol-peel-et\/#primaryimage"},"image":{"@id":"https:\/\/christinakosmeetika.ee\/et\/toode\/firm-aha-resveratrol-peel-et\/#primaryimage"},"thumbnailUrl":"https:\/\/christinakosmeetika.ee\/wp-content\/uploads\/2021\/05\/LR_FIRM_AHA-RESVERATROL-450.jpg","datePublished":"2021-05-12T19:16:11+00:00","dateModified":"2026-04-14T19:26:15+00:00","description":"Puhastav ja siluv kooriv hooldus. Peened jooned, kortsud ja muud n\u00e4htavad vananemism\u00e4rgid v\u00e4henevad. Nahk n\u00e4eb v\u00e4lja nooruslik, s\u00e4rav ja terve.","breadcrumb":{"@id":"https:\/\/christinakosmeetika.ee\/et\/toode\/firm-aha-resveratrol-peel-et\/#breadcrumb"},"inLanguage":"et","potentialAction":[{"@type":"ReadAction","target":["https:\/\/christinakosmeetika.ee\/et\/toode\/firm-aha-resveratrol-peel-et\/"]}]},{"@type":"ImageObject","inLanguage":"et","@id":"https:\/\/christinakosmeetika.ee\/et\/toode\/firm-aha-resveratrol-peel-et\/#primaryimage","url":"https:\/\/christinakosmeetika.ee\/wp-content\/uploads\/2021\/05\/LR_FIRM_AHA-RESVERATROL-450.jpg","contentUrl":"https:\/\/christinakosmeetika.ee\/wp-content\/uploads\/2021\/05\/LR_FIRM_AHA-RESVERATROL-450.jpg","width":450,"height":450},{"@type":"BreadcrumbList","@id":"https:\/\/christinakosmeetika.ee\/et\/toode\/firm-aha-resveratrol-peel-et\/#breadcrumb","itemListElement":[{"@type":"ListItem","position":1,"name":"\u0413\u043b\u0430\u0432\u043d\u0430\u044f \u0441\u0442\u0440\u0430\u043d\u0438\u0446\u0430","item":"https:\/\/christinakosmeetika.ee\/et\/"},{"@type":"ListItem","position":2,"name":"Pood","item":"https:\/\/christinakosmeetika.ee\/et\/shop\/"},{"@type":"ListItem","position":3,"name":"LINE REPAIR Firm AHA &#038; Resveratrol Peel 50ml CHR877"}]},{"@type":"WebSite","@id":"https:\/\/christinakosmeetika.ee\/#website","url":"https:\/\/christinakosmeetika.ee\/","name":"Christinakosmeetika","description":"Christina kosmeetika Eestis","alternateName":"Christina kosmeetika Eestis","potentialAction":[{"@type":"SearchAction","target":{"@type":"EntryPoint","urlTemplate":"https:\/\/christinakosmeetika.ee\/?s={search_term_string}"},"query-input":{"@type":"PropertyValueSpecification","valueRequired":true,"valueName":"search_term_string"}}],"inLanguage":"et"}]}},"_links":{"self":[{"href":"https:\/\/christinakosmeetika.ee\/et\/wp-json\/wp\/v2\/product\/2015","targetHints":{"allow":["GET"]}}],"collection":[{"href":"https:\/\/christinakosmeetika.ee\/et\/wp-json\/wp\/v2\/product"}],"about":[{"href":"https:\/\/christinakosmeetika.ee\/et\/wp-json\/wp\/v2\/types\/product"}],"wp:featuredmedia":[{"embeddable":true,"href":"https:\/\/christinakosmeetika.ee\/et\/wp-json\/wp\/v2\/media\/5025"}],"wp:attachment":[{"href":"https:\/\/christinakosmeetika.ee\/et\/wp-json\/wp\/v2\/media?parent=2015"}],"wp:term":[{"taxonomy":"product_brand","embeddable":true,"href":"https:\/\/christinakosmeetika.ee\/et\/wp-json\/wp\/v2\/product_brand?post=2015"},{"taxonomy":"product_cat","embeddable":true,"href":"https:\/\/christinakosmeetika.ee\/et\/wp-json\/wp\/v2\/product_cat?post=2015"},{"taxonomy":"product_tag","embeddable":true,"href":"https:\/\/christinakosmeetika.ee\/et\/wp-json\/wp\/v2\/product_tag?post=2015"}],"curies":[{"name":"wp","href":"https:\/\/api.w.org\/{rel}","templated":true}]}}