{"id":1972,"date":"2021-05-13T04:42:09","date_gmt":"2021-05-13T04:42:09","guid":{"rendered":"http:\/\/christinakosmeetika.ee\/product\/forever-young-moisture-fusion-cream\/"},"modified":"2026-04-14T22:27:38","modified_gmt":"2026-04-14T19:27:38","slug":"forever-young-moisture-fusion-cream-et","status":"publish","type":"product","link":"https:\/\/christinakosmeetika.ee\/et\/toode\/forever-young-moisture-fusion-cream-et\/","title":{"rendered":"FOREVER YOUNG Moisture Fusion Cream 50ml CHR813"},"content":{"rendered":"<section class=\"av_textblock_section \">\n<div class=\"avia_textblock \">\n<section class=\"av_textblock_section \">\n<div class=\"avia_textblock \">\n<p>Christina &#8211; Forever Young Moisture Fusion Cream on loodud naha s\u00fcgavaks niisutamiseks, elastsuse suurendamiseks ja noorendava t\u00f5stmise jaoks. Selle koostis on suunatud transepidermaalse niiskuse kaotuse ennetamisele, muutes naha elastseks, pinguldatuks ja s\u00e4delevaks.<\/p>\n<p>See kerge ja \u00f5hulise tekstuuriga kreem on rikastatud h\u00fcaluroonhappe, looduslike niisutavate faktorite, noorendavate peptiidide, aminohapete ja ens\u00fc\u00fcmide seguga. See rahuldab naha niiskusevajaduse koheselt, suurendades selle elastsust ja tugevust. Mitte-rasvane valem imendub kiiresti, j\u00e4tmata rasvaseid j\u00e4lgi.<\/p>\n<p>Parimate tulemuste saavutamiseks kasutage seda koos Forever Young Moisture Fusion Serumiga, mis pakub intensiivset niisutust.<\/p>\n<p><strong>Kasutamine:<\/strong><\/p>\n<p>Kanda kreemi iga p\u00e4ev hommikul ja \u00f5htul \u00f5hukese kihina puhtale n\u00e4ole, kaelale ja rinnale, v\u00e4ltides silmade \u00fcmbritseva piirkonda.<\/p>\n<\/div>\n<\/section>\n<section class=\"av_textblock_section \">\n<div class=\"avia_textblock \">\n<p><strong>Koostis:<\/strong><\/p>\n<p>Deionized Water, C12-15 alkyl benzoate, Dimethicone\/Vinyl dimethicone crosspolymer&amp;, C12-14 pareth-12, Glycerin, Pseudoalteromonas ferment extract&amp;, DextranFragrance &amp;, Proline &amp;, Alanine &amp;, Serine, Hydrolyzed elastin, Xanthan gum, Sodium phosphate, Sodium hydroxide, Hyaluronic Acid, Ethylhexylglycerin, Caprylyl glycol, Alteromonas ferment filtrate, Alteromonas ferment extract, Dipeptide-4, Acetyl pentapeptide-1, Fragrance<\/p>\n<p><img loading=\"lazy\" decoding=\"async\" class=\"alignnone size-medium wp-image-13633\" src=\"https:\/\/christinakosmeetika.ee\/wp-content\/uploads\/2021\/05\/Forever-Young-Moisture-Fusion-Cream--200x300.webp\" alt=\"Forever Young Moisture Fusion Cream\" width=\"200\" height=\"300\" srcset=\"https:\/\/christinakosmeetika.ee\/wp-content\/uploads\/2021\/05\/Forever-Young-Moisture-Fusion-Cream--200x300.webp 200w, https:\/\/christinakosmeetika.ee\/wp-content\/uploads\/2021\/05\/Forever-Young-Moisture-Fusion-Cream--687x1030.webp 687w, https:\/\/christinakosmeetika.ee\/wp-content\/uploads\/2021\/05\/Forever-Young-Moisture-Fusion-Cream--768x1152.webp 768w, https:\/\/christinakosmeetika.ee\/wp-content\/uploads\/2021\/05\/Forever-Young-Moisture-Fusion-Cream--1000x1500.webp 1000w, https:\/\/christinakosmeetika.ee\/wp-content\/uploads\/2021\/05\/Forever-Young-Moisture-Fusion-Cream--470x705.webp 470w, https:\/\/christinakosmeetika.ee\/wp-content\/uploads\/2021\/05\/Forever-Young-Moisture-Fusion-Cream--450x675.webp 450w, https:\/\/christinakosmeetika.ee\/wp-content\/uploads\/2021\/05\/Forever-Young-Moisture-Fusion-Cream--600x900.webp 600w, https:\/\/christinakosmeetika.ee\/wp-content\/uploads\/2021\/05\/Forever-Young-Moisture-Fusion-Cream-.webp 1024w\" sizes=\"auto, (max-width: 200px) 100vw, 200px\" \/><\/p>\n<article class=\"text-token-text-primary w-full focus:outline-none [--shadow-height:45px] has-data-writing-block:pointer-events-none has-data-writing-block:-mt-(--shadow-height) has-data-writing-block:pt-(--shadow-height) [&amp;:has([data-writing-block])&gt;*]:pointer-events-auto scroll-mt-(--header-height)\" dir=\"auto\" tabindex=\"-1\" data-turn-id=\"6b439db1-454d-4c7c-8ca3-b46db513301a\" data-testid=\"conversation-turn-3\" data-scroll-anchor=\"false\" data-turn=\"user\"><\/article>\n<article class=\"text-token-text-primary w-full focus:outline-none [--shadow-height:45px] has-data-writing-block:pointer-events-none has-data-writing-block:-mt-(--shadow-height) has-data-writing-block:pt-(--shadow-height) [&amp;:has([data-writing-block])&gt;*]:pointer-events-auto scroll-mt-[calc(var(--header-height)+min(200px,max(70px,20svh)))]\" dir=\"auto\" tabindex=\"-1\" data-turn-id=\"request-WEB:698ca4eb-b701-4d9f-a252-3e8a5b92ae17-11\" data-testid=\"conversation-turn-4\" data-scroll-anchor=\"true\" data-turn=\"assistant\">\n<div class=\"text-base my-auto mx-auto pb-10 [--thread-content-margin:--spacing(4)] @w-sm\/main:[--thread-content-margin:--spacing(6)] @w-lg\/main:[--thread-content-margin:--spacing(16)] px-(--thread-content-margin)\">\n<div class=\"[--thread-content-max-width:40rem] @w-lg\/main:[--thread-content-max-width:48rem] mx-auto max-w-(--thread-content-max-width) flex-1 group\/turn-messages focus-visible:outline-hidden relative flex w-full min-w-0 flex-col agent-turn\" tabindex=\"-1\">\n<div class=\"flex max-w-full flex-col grow\">\n<div class=\"min-h-8 text-message relative flex w-full flex-col items-end gap-2 text-start break-words whitespace-normal [.text-message+&amp;]:mt-1\" dir=\"auto\" data-message-author-role=\"assistant\" data-message-id=\"21a29a64-2b50-4651-a2b7-0cc60fea031b\" data-message-model-slug=\"gpt-5-2\">\n<div class=\"flex w-full flex-col gap-1 empty:hidden first:pt-[1px]\">\n<div class=\"markdown prose dark:prose-invert w-full wrap-break-word light markdown-new-styling\">\n<h3 data-start=\"0\" data-end=\"37\"><a href=\"https:\/\/christinakosmeetika.ee\/et\/uvlazhnyayushchiy-krem-dlya-litsa\/\">Forever Young Moisture Fusion Cream<\/a><\/h3>\n<p data-start=\"39\" data-end=\"250\">Nahk v\u00f5ib hommikul n\u00e4ida hoolitsetud \u2013 kuid juba m\u00f5ne tunni p\u00e4rast hakata kaotama mugavustunnet. Tekib kuivus, kerge pingulolek, meik ei j\u00e4\u00e4 enam nii \u00fchtlane ning v\u00e4rskus justkui \u201ekaob\u201c kiiremini, kui sooviks.<\/p>\n<p data-start=\"252\" data-end=\"428\">Kui nahal puudub s\u00fcgav ja p\u00fcsiv niisutus, ei pruugi tavalisest kreemist piisata. Oluline on toode, mis aitab niiskust naha sees hoida ja s\u00e4ilitada sileduse kogu p\u00e4eva v\u00e4ltel.<\/p>\n<p data-start=\"430\" data-end=\"564\">\ud83d\udc49 Kuidas toimib intensiivne niisutus naha h\u00fcdrotasakaalu tasandil ja miks just see kreem sobib ka kombineeritud nahale \u2013 loe edasi.<\/p>\n<p data-start=\"566\" data-end=\"580\" data-is-last-node=\"\" data-is-only-node=\"\"><a href=\"https:\/\/christinakosmeetika.ee\/et\/uvlazhnyayushchiy-krem-dlya-litsa\/\"><strong>vaata edasi\u2026 \u203a<\/strong><\/a><\/p>\n<\/div>\n<\/div>\n<\/div>\n<\/div>\n<\/div>\n<\/div>\n<\/article>\n<p>&nbsp;<\/p>\n<\/div>\n<\/section>\n<\/div>\n<\/section>\n","protected":false},"excerpt":{"rendered":"<h4>Intensiivse niisutamise jaoks n\u00e4okreem<\/h4>\n","protected":false},"featured_media":1545,"template":"","meta":[],"product_brand":[],"product_cat":[149],"product_tag":[],"class_list":{"0":"post-1972","1":"product","2":"type-product","3":"status-publish","4":"has-post-thumbnail","6":"product_cat-kreem","7":"product_shipping_class-smart-itella-post","8":"pa_linii-kosmetiki-forever-young-et","9":"pa_reshenie-problem-dehudratsioon","10":"pa_reshenie-problem-vahenenud-elastsus","11":"pa_reshenie-problem-suhost","12":"pa_reshenie-problem-vananemise-margid","13":"pa_tip-kozi-kombi-et","14":"pa_tip-kozi-kuiv-et","15":"pa_tip-kozi-normaalne-et","16":"pa_tip-preparata-kreem","17":"pa_vremja-primenenija-oine","18":"pa_vremja-primenenija-paevane","20":"first","21":"outofstock","22":"taxable","23":"shipping-taxable","24":"purchasable","25":"product-type-simple"},"yoast_head":"<!-- This site is optimized with the Yoast SEO plugin v27.5 - https:\/\/yoast.com\/product\/yoast-seo-wordpress\/ -->\n<title>FOREVER YOUNG Moisture Fusion Cream 50ml CHR813 - Christinakosmeetika<\/title>\n<meta name=\"description\" content=\"Moisture Fusion Cream on loodud naha s\u00fcgavaks niisutamiseks, elastsuse suurendamiseks ja noorendava pinguldava efekti saavutamiseks. Niisutab nahka intensiivselt.\" \/>\n<meta name=\"robots\" content=\"index, follow, max-snippet:-1, max-image-preview:large, max-video-preview:-1\" \/>\n<link rel=\"canonical\" href=\"https:\/\/christinakosmeetika.ee\/product\/forever-young-moisture-fusion-cream\/\" \/>\n<meta property=\"og:locale\" content=\"et_EE\" \/>\n<meta property=\"og:type\" content=\"article\" \/>\n<meta property=\"og:title\" content=\"FOREVER YOUNG Moisture Fusion Cream 50ml CHR813 - Christinakosmeetika\" \/>\n<meta property=\"og:description\" content=\"Moisture Fusion Cream on loodud naha s\u00fcgavaks niisutamiseks, elastsuse suurendamiseks ja noorendava pinguldava efekti saavutamiseks. Niisutab nahka intensiivselt.\" \/>\n<meta property=\"og:url\" content=\"https:\/\/christinakosmeetika.ee\/product\/forever-young-moisture-fusion-cream\/\" \/>\n<meta property=\"og:site_name\" content=\"Christinakosmeetika\" \/>\n<meta property=\"article:modified_time\" content=\"2026-04-14T19:27:38+00:00\" \/>\n<meta property=\"og:image\" content=\"https:\/\/christinakosmeetika.ee\/wp-content\/uploads\/2021\/05\/Moisture-Fusion-Cream-450.jpg\" \/>\n\t<meta property=\"og:image:width\" content=\"450\" \/>\n\t<meta property=\"og:image:height\" content=\"450\" \/>\n\t<meta property=\"og:image:type\" content=\"image\/jpeg\" \/>\n<meta name=\"twitter:card\" content=\"summary_large_image\" \/>\n<meta name=\"twitter:label1\" content=\"Est. reading time\" \/>\n\t<meta name=\"twitter:data1\" content=\"2 minutit\" \/>\n<script type=\"application\/ld+json\" class=\"yoast-schema-graph\">{\"@context\":\"https:\\\/\\\/schema.org\",\"@graph\":[{\"@type\":\"WebPage\",\"@id\":\"https:\\\/\\\/christinakosmeetika.ee\\\/product\\\/forever-young-moisture-fusion-cream\\\/\",\"url\":\"https:\\\/\\\/christinakosmeetika.ee\\\/product\\\/forever-young-moisture-fusion-cream\\\/\",\"name\":\"FOREVER YOUNG Moisture Fusion Cream 50ml CHR813 - Christinakosmeetika\",\"isPartOf\":{\"@id\":\"https:\\\/\\\/christinakosmeetika.ee\\\/#website\"},\"primaryImageOfPage\":{\"@id\":\"https:\\\/\\\/christinakosmeetika.ee\\\/product\\\/forever-young-moisture-fusion-cream\\\/#primaryimage\"},\"image\":{\"@id\":\"https:\\\/\\\/christinakosmeetika.ee\\\/product\\\/forever-young-moisture-fusion-cream\\\/#primaryimage\"},\"thumbnailUrl\":\"https:\\\/\\\/christinakosmeetika.ee\\\/wp-content\\\/uploads\\\/2021\\\/05\\\/Moisture-Fusion-Cream-450.jpg\",\"datePublished\":\"2021-05-13T04:42:09+00:00\",\"dateModified\":\"2026-04-14T19:27:38+00:00\",\"description\":\"Moisture Fusion Cream on loodud naha s\u00fcgavaks niisutamiseks, elastsuse suurendamiseks ja noorendava pinguldava efekti saavutamiseks. Niisutab nahka intensiivselt.\",\"breadcrumb\":{\"@id\":\"https:\\\/\\\/christinakosmeetika.ee\\\/product\\\/forever-young-moisture-fusion-cream\\\/#breadcrumb\"},\"inLanguage\":\"et\",\"potentialAction\":[{\"@type\":\"ReadAction\",\"target\":[\"https:\\\/\\\/christinakosmeetika.ee\\\/product\\\/forever-young-moisture-fusion-cream\\\/\"]}]},{\"@type\":\"ImageObject\",\"inLanguage\":\"et\",\"@id\":\"https:\\\/\\\/christinakosmeetika.ee\\\/product\\\/forever-young-moisture-fusion-cream\\\/#primaryimage\",\"url\":\"https:\\\/\\\/christinakosmeetika.ee\\\/wp-content\\\/uploads\\\/2021\\\/05\\\/Moisture-Fusion-Cream-450.jpg\",\"contentUrl\":\"https:\\\/\\\/christinakosmeetika.ee\\\/wp-content\\\/uploads\\\/2021\\\/05\\\/Moisture-Fusion-Cream-450.jpg\",\"width\":450,\"height\":450},{\"@type\":\"BreadcrumbList\",\"@id\":\"https:\\\/\\\/christinakosmeetika.ee\\\/product\\\/forever-young-moisture-fusion-cream\\\/#breadcrumb\",\"itemListElement\":[{\"@type\":\"ListItem\",\"position\":1,\"name\":\"\u0413\u043b\u0430\u0432\u043d\u0430\u044f \u0441\u0442\u0440\u0430\u043d\u0438\u0446\u0430\",\"item\":\"https:\\\/\\\/christinakosmeetika.ee\\\/et\\\/\"},{\"@type\":\"ListItem\",\"position\":2,\"name\":\"Pood\",\"item\":\"https:\\\/\\\/christinakosmeetika.ee\\\/et\\\/shop\\\/\"},{\"@type\":\"ListItem\",\"position\":3,\"name\":\"FOREVER YOUNG Moisture Fusion Cream 50ml CHR813\"}]},{\"@type\":\"WebSite\",\"@id\":\"https:\\\/\\\/christinakosmeetika.ee\\\/#website\",\"url\":\"https:\\\/\\\/christinakosmeetika.ee\\\/\",\"name\":\"Christinakosmeetika\",\"description\":\"Christina kosmeetika Eestis\",\"alternateName\":\"Christina kosmeetika Eestis\",\"potentialAction\":[{\"@type\":\"SearchAction\",\"target\":{\"@type\":\"EntryPoint\",\"urlTemplate\":\"https:\\\/\\\/christinakosmeetika.ee\\\/?s={search_term_string}\"},\"query-input\":{\"@type\":\"PropertyValueSpecification\",\"valueRequired\":true,\"valueName\":\"search_term_string\"}}],\"inLanguage\":\"et\"}]}<\/script>\n<!-- \/ Yoast SEO plugin. -->","yoast_head_json":{"title":"FOREVER YOUNG Moisture Fusion Cream 50ml CHR813 - Christinakosmeetika","description":"Moisture Fusion Cream on loodud naha s\u00fcgavaks niisutamiseks, elastsuse suurendamiseks ja noorendava pinguldava efekti saavutamiseks. Niisutab nahka intensiivselt.","robots":{"index":"index","follow":"follow","max-snippet":"max-snippet:-1","max-image-preview":"max-image-preview:large","max-video-preview":"max-video-preview:-1"},"canonical":"https:\/\/christinakosmeetika.ee\/product\/forever-young-moisture-fusion-cream\/","og_locale":"et_EE","og_type":"article","og_title":"FOREVER YOUNG Moisture Fusion Cream 50ml CHR813 - Christinakosmeetika","og_description":"Moisture Fusion Cream on loodud naha s\u00fcgavaks niisutamiseks, elastsuse suurendamiseks ja noorendava pinguldava efekti saavutamiseks. Niisutab nahka intensiivselt.","og_url":"https:\/\/christinakosmeetika.ee\/product\/forever-young-moisture-fusion-cream\/","og_site_name":"Christinakosmeetika","article_modified_time":"2026-04-14T19:27:38+00:00","og_image":[{"width":450,"height":450,"url":"https:\/\/christinakosmeetika.ee\/wp-content\/uploads\/2021\/05\/Moisture-Fusion-Cream-450.jpg","type":"image\/jpeg"}],"twitter_card":"summary_large_image","twitter_misc":{"Est. reading time":"2 minutit"},"schema":{"@context":"https:\/\/schema.org","@graph":[{"@type":"WebPage","@id":"https:\/\/christinakosmeetika.ee\/product\/forever-young-moisture-fusion-cream\/","url":"https:\/\/christinakosmeetika.ee\/product\/forever-young-moisture-fusion-cream\/","name":"FOREVER YOUNG Moisture Fusion Cream 50ml CHR813 - Christinakosmeetika","isPartOf":{"@id":"https:\/\/christinakosmeetika.ee\/#website"},"primaryImageOfPage":{"@id":"https:\/\/christinakosmeetika.ee\/product\/forever-young-moisture-fusion-cream\/#primaryimage"},"image":{"@id":"https:\/\/christinakosmeetika.ee\/product\/forever-young-moisture-fusion-cream\/#primaryimage"},"thumbnailUrl":"https:\/\/christinakosmeetika.ee\/wp-content\/uploads\/2021\/05\/Moisture-Fusion-Cream-450.jpg","datePublished":"2021-05-13T04:42:09+00:00","dateModified":"2026-04-14T19:27:38+00:00","description":"Moisture Fusion Cream on loodud naha s\u00fcgavaks niisutamiseks, elastsuse suurendamiseks ja noorendava pinguldava efekti saavutamiseks. Niisutab nahka intensiivselt.","breadcrumb":{"@id":"https:\/\/christinakosmeetika.ee\/product\/forever-young-moisture-fusion-cream\/#breadcrumb"},"inLanguage":"et","potentialAction":[{"@type":"ReadAction","target":["https:\/\/christinakosmeetika.ee\/product\/forever-young-moisture-fusion-cream\/"]}]},{"@type":"ImageObject","inLanguage":"et","@id":"https:\/\/christinakosmeetika.ee\/product\/forever-young-moisture-fusion-cream\/#primaryimage","url":"https:\/\/christinakosmeetika.ee\/wp-content\/uploads\/2021\/05\/Moisture-Fusion-Cream-450.jpg","contentUrl":"https:\/\/christinakosmeetika.ee\/wp-content\/uploads\/2021\/05\/Moisture-Fusion-Cream-450.jpg","width":450,"height":450},{"@type":"BreadcrumbList","@id":"https:\/\/christinakosmeetika.ee\/product\/forever-young-moisture-fusion-cream\/#breadcrumb","itemListElement":[{"@type":"ListItem","position":1,"name":"\u0413\u043b\u0430\u0432\u043d\u0430\u044f \u0441\u0442\u0440\u0430\u043d\u0438\u0446\u0430","item":"https:\/\/christinakosmeetika.ee\/et\/"},{"@type":"ListItem","position":2,"name":"Pood","item":"https:\/\/christinakosmeetika.ee\/et\/shop\/"},{"@type":"ListItem","position":3,"name":"FOREVER YOUNG Moisture Fusion Cream 50ml CHR813"}]},{"@type":"WebSite","@id":"https:\/\/christinakosmeetika.ee\/#website","url":"https:\/\/christinakosmeetika.ee\/","name":"Christinakosmeetika","description":"Christina kosmeetika Eestis","alternateName":"Christina kosmeetika Eestis","potentialAction":[{"@type":"SearchAction","target":{"@type":"EntryPoint","urlTemplate":"https:\/\/christinakosmeetika.ee\/?s={search_term_string}"},"query-input":{"@type":"PropertyValueSpecification","valueRequired":true,"valueName":"search_term_string"}}],"inLanguage":"et"}]}},"_links":{"self":[{"href":"https:\/\/christinakosmeetika.ee\/et\/wp-json\/wp\/v2\/product\/1972","targetHints":{"allow":["GET"]}}],"collection":[{"href":"https:\/\/christinakosmeetika.ee\/et\/wp-json\/wp\/v2\/product"}],"about":[{"href":"https:\/\/christinakosmeetika.ee\/et\/wp-json\/wp\/v2\/types\/product"}],"wp:featuredmedia":[{"embeddable":true,"href":"https:\/\/christinakosmeetika.ee\/et\/wp-json\/wp\/v2\/media\/1545"}],"wp:attachment":[{"href":"https:\/\/christinakosmeetika.ee\/et\/wp-json\/wp\/v2\/media?parent=1972"}],"wp:term":[{"taxonomy":"product_brand","embeddable":true,"href":"https:\/\/christinakosmeetika.ee\/et\/wp-json\/wp\/v2\/product_brand?post=1972"},{"taxonomy":"product_cat","embeddable":true,"href":"https:\/\/christinakosmeetika.ee\/et\/wp-json\/wp\/v2\/product_cat?post=1972"},{"taxonomy":"product_tag","embeddable":true,"href":"https:\/\/christinakosmeetika.ee\/et\/wp-json\/wp\/v2\/product_tag?post=1972"}],"curies":[{"name":"wp","href":"https:\/\/api.w.org\/{rel}","templated":true}]}}