{"id":1969,"date":"2021-05-13T09:42:47","date_gmt":"2021-05-13T09:42:47","guid":{"rendered":"http:\/\/christinakosmeetika.ee\/product\/forever-young-moisture-fusion-serum\/"},"modified":"2026-04-14T22:28:53","modified_gmt":"2026-04-14T19:28:53","slug":"forever-young-moisture-fusion-serum-et","status":"publish","type":"product","link":"https:\/\/christinakosmeetika.ee\/et\/toode\/forever-young-moisture-fusion-serum-et\/","title":{"rendered":"FOREVER YOUNG Moisture Fusion Serum 30ml CHR326"},"content":{"rendered":"<section class=\"av_textblock_section \">\n<div class=\"avia_textblock \">\n<section class=\"av_textblock_section \">\n<div class=\"avia_textblock \">\n<p>Christina Forever Young Moisture Fusion seerum niisutab intensiivselt nahka, k\u00f5rvaldades hetkega kuivuse, pinguloleku, koorumise ja ebamugavustunde.<\/p>\n<p>See on v\u00f5imas vahend, mis k\u00f5rvaldab naha kuivuse ja deh\u00fcdratsiooni. Seerum sisaldab k\u00f5rge kontsentratsiooniga h\u00fcaluroonhapet madala molekulmassiga. Selle tulemusena taastatakse kiiresti naha v\u00e4liskihi niiskus. Lisaks sellele stimuleerib seerumi innovatiivne peptiidikompleks h\u00fcaluroonhappe, kollageeni ja elastiini tootmist, mis suurendab naha niiskustaseme t\u00f5usu. Moisture Fusion Serum soodustab ka regenereerimist ja silub peeneid jooni ja kortse. See seerum on ideaalne valik naha taastumisperioodil p\u00e4rast koorimist, aidates kaasa naha taastumisprotsessile.<\/p>\n<\/div>\n<\/section>\n<section class=\"av_textblock_section \">\n<div class=\"avia_textblock \">\n<p><strong>Kasutamine:<\/strong><\/p>\n<p>Kanda seerumi \u00f5hukese kihina n\u00e4ole, kaelale ja dekolteele. Soovitatav kasutada kaks korda p\u00e4evas, seej\u00e4rel kanda kreemi vastavalt nahat\u00fc\u00fcbile.<\/p>\n<\/div>\n<\/section>\n<section class=\"av_textblock_section \">\n<div class=\"avia_textblock \">\n<p><strong>Koostis:<\/strong><\/p>\n<p>Deionized Water (Aqua), Glycerin, Glyceryl polymethacrylate, Butylene glycol, Oryza sativa (rice) extract, Pseudoalteromonas ferment extract, Dextran, Proline, Alanine, Serine, Sodium phosphate, Sodium hydroxide, Ethylhexylglycerin, Caprylyl glycol, Alteromonas ferment extract, Dipeptide-4, Tetradecyl Aminobutyroylvalylaminobutyric urea trifluoroacetate, Acetyl dipeptide-1 cetyl ester, Magnesium chloride, Hyaluronic Acid, Fragrance<\/p>\n<p><img loading=\"lazy\" decoding=\"async\" class=\"alignnone size-medium wp-image-13664\" src=\"https:\/\/christinakosmeetika.ee\/wp-content\/uploads\/2021\/05\/Forever-Young-Moisture-Fusion-Serum-200x300.webp\" alt=\"\" width=\"200\" height=\"300\" \/><\/p>\n<h3 data-start=\"29\" data-end=\"68\"><strong data-start=\"29\" data-end=\"68\">Forever Young Moisture Fusion Serum<\/strong><\/h3>\n<p data-start=\"70\" data-end=\"187\">Nahk kaotab niiskust kiiremini, kui m\u00e4rkame. Kuivus, pingulolek ja tuhm jume on m\u00e4rgid h\u00e4irunud niiskustasakaalust.<\/p>\n<p data-start=\"189\" data-end=\"421\">Moisture Fusion Serum pakub kontsentreeritud niisutust madalmolekulaarse h\u00fcaluroonhappe ja peptiididega \u2013 see ei pehmenda vaid pinda, vaid aitab nahka s\u00fcgavuti taastada, muutes selle siledamaks, pringimaks ja seestpoolt t\u00e4idetuks.<\/p>\n<p data-start=\"423\" data-end=\"591\">Kerge, mittekleepuv tekstuur, v\u00f5imas peptiidikompleks ja naha uuenemise tugi teevad sellest ideaalse valiku deh\u00fcdreeritud, tundlikule ning protseduurij\u00e4rgsele nahale.<\/p>\n<p data-start=\"593\" data-end=\"703\">\ud83d\udc49 Kuidas see innovaatiline koostis toimib ja miks seerum annab p\u00fcsiva tulemuse \u2013 loe l\u00e4hemalt toote lehelt.<\/p>\n<p data-start=\"705\" data-end=\"728\"><strong data-start=\"705\" data-end=\"726\">Vaata l\u00e4hemalt\u2026 \u203a<\/strong><\/p>\n<\/div>\n<\/section>\n<\/div>\n<\/section>\n","protected":false},"excerpt":{"rendered":"<h4>Seerum naha intensiivseks niisutamiseks<\/h4>\n","protected":false},"featured_media":1546,"template":"","meta":[],"product_brand":[],"product_cat":[182],"product_tag":[],"class_list":{"0":"post-1969","1":"product","2":"type-product","3":"status-publish","4":"has-post-thumbnail","6":"product_cat-seerum","7":"product_shipping_class-smart-itella-post","8":"pa_linii-kosmetiki-forever-young-et","9":"pa_reshenie-problem-dehudratsioon","10":"pa_reshenie-problem-vahenenud-elastsus","11":"pa_reshenie-problem-suhost","12":"pa_reshenie-problem-vananemise-margid","13":"pa_tip-kozi-kombi-et","14":"pa_tip-kozi-kuiv-et","15":"pa_tip-kozi-normaalne-et","16":"pa_tip-preparata-seerum","17":"pa_vremja-primenenija-oine","18":"pa_vremja-primenenija-paevane","20":"first","21":"instock","22":"taxable","23":"shipping-taxable","24":"purchasable","25":"product-type-simple"},"yoast_head":"<!-- This site is optimized with the Yoast SEO plugin v27.5 - https:\/\/yoast.com\/product\/yoast-seo-wordpress\/ -->\n<title>FOREVER YOUNG Moisture Fusion Serum 30ml CHR326 - Christinakosmeetika<\/title>\n<meta name=\"robots\" content=\"index, follow, max-snippet:-1, max-image-preview:large, max-video-preview:-1\" \/>\n<link rel=\"canonical\" href=\"https:\/\/christinakosmeetika.ee\/product\/forever-young-moisture-fusion-serum\/\" \/>\n<meta property=\"og:locale\" content=\"et_EE\" \/>\n<meta property=\"og:type\" content=\"article\" \/>\n<meta property=\"og:title\" content=\"FOREVER YOUNG Moisture Fusion Serum 30ml CHR326 - Christinakosmeetika\" \/>\n<meta property=\"og:description\" content=\"Seerum naha intensiivseks niisutamiseks\" \/>\n<meta property=\"og:url\" content=\"https:\/\/christinakosmeetika.ee\/product\/forever-young-moisture-fusion-serum\/\" \/>\n<meta property=\"og:site_name\" content=\"Christinakosmeetika\" \/>\n<meta property=\"article:modified_time\" content=\"2026-04-14T19:28:53+00:00\" \/>\n<meta property=\"og:image\" content=\"https:\/\/christinakosmeetika.ee\/wp-content\/uploads\/2021\/05\/Moisture-Fusion-Serum-450.jpg\" \/>\n\t<meta property=\"og:image:width\" content=\"450\" \/>\n\t<meta property=\"og:image:height\" content=\"450\" \/>\n\t<meta property=\"og:image:type\" content=\"image\/jpeg\" \/>\n<meta name=\"twitter:card\" content=\"summary_large_image\" \/>\n<meta name=\"twitter:label1\" content=\"Est. reading time\" \/>\n\t<meta name=\"twitter:data1\" content=\"2 minutit\" \/>\n<script type=\"application\/ld+json\" class=\"yoast-schema-graph\">{\"@context\":\"https:\\\/\\\/schema.org\",\"@graph\":[{\"@type\":\"WebPage\",\"@id\":\"https:\\\/\\\/christinakosmeetika.ee\\\/product\\\/forever-young-moisture-fusion-serum\\\/\",\"url\":\"https:\\\/\\\/christinakosmeetika.ee\\\/product\\\/forever-young-moisture-fusion-serum\\\/\",\"name\":\"FOREVER YOUNG Moisture Fusion Serum 30ml CHR326 - Christinakosmeetika\",\"isPartOf\":{\"@id\":\"https:\\\/\\\/christinakosmeetika.ee\\\/#website\"},\"primaryImageOfPage\":{\"@id\":\"https:\\\/\\\/christinakosmeetika.ee\\\/product\\\/forever-young-moisture-fusion-serum\\\/#primaryimage\"},\"image\":{\"@id\":\"https:\\\/\\\/christinakosmeetika.ee\\\/product\\\/forever-young-moisture-fusion-serum\\\/#primaryimage\"},\"thumbnailUrl\":\"https:\\\/\\\/christinakosmeetika.ee\\\/wp-content\\\/uploads\\\/2021\\\/05\\\/Moisture-Fusion-Serum-450.jpg\",\"datePublished\":\"2021-05-13T09:42:47+00:00\",\"dateModified\":\"2026-04-14T19:28:53+00:00\",\"breadcrumb\":{\"@id\":\"https:\\\/\\\/christinakosmeetika.ee\\\/product\\\/forever-young-moisture-fusion-serum\\\/#breadcrumb\"},\"inLanguage\":\"et\",\"potentialAction\":[{\"@type\":\"ReadAction\",\"target\":[\"https:\\\/\\\/christinakosmeetika.ee\\\/product\\\/forever-young-moisture-fusion-serum\\\/\"]}]},{\"@type\":\"ImageObject\",\"inLanguage\":\"et\",\"@id\":\"https:\\\/\\\/christinakosmeetika.ee\\\/product\\\/forever-young-moisture-fusion-serum\\\/#primaryimage\",\"url\":\"https:\\\/\\\/christinakosmeetika.ee\\\/wp-content\\\/uploads\\\/2021\\\/05\\\/Moisture-Fusion-Serum-450.jpg\",\"contentUrl\":\"https:\\\/\\\/christinakosmeetika.ee\\\/wp-content\\\/uploads\\\/2021\\\/05\\\/Moisture-Fusion-Serum-450.jpg\",\"width\":450,\"height\":450},{\"@type\":\"BreadcrumbList\",\"@id\":\"https:\\\/\\\/christinakosmeetika.ee\\\/product\\\/forever-young-moisture-fusion-serum\\\/#breadcrumb\",\"itemListElement\":[{\"@type\":\"ListItem\",\"position\":1,\"name\":\"\u0413\u043b\u0430\u0432\u043d\u0430\u044f \u0441\u0442\u0440\u0430\u043d\u0438\u0446\u0430\",\"item\":\"https:\\\/\\\/christinakosmeetika.ee\\\/et\\\/\"},{\"@type\":\"ListItem\",\"position\":2,\"name\":\"Pood\",\"item\":\"https:\\\/\\\/christinakosmeetika.ee\\\/et\\\/shop\\\/\"},{\"@type\":\"ListItem\",\"position\":3,\"name\":\"FOREVER YOUNG Moisture Fusion Serum 30ml CHR326\"}]},{\"@type\":\"WebSite\",\"@id\":\"https:\\\/\\\/christinakosmeetika.ee\\\/#website\",\"url\":\"https:\\\/\\\/christinakosmeetika.ee\\\/\",\"name\":\"Christinakosmeetika\",\"description\":\"Christina kosmeetika Eestis\",\"alternateName\":\"Christina kosmeetika Eestis\",\"potentialAction\":[{\"@type\":\"SearchAction\",\"target\":{\"@type\":\"EntryPoint\",\"urlTemplate\":\"https:\\\/\\\/christinakosmeetika.ee\\\/?s={search_term_string}\"},\"query-input\":{\"@type\":\"PropertyValueSpecification\",\"valueRequired\":true,\"valueName\":\"search_term_string\"}}],\"inLanguage\":\"et\"}]}<\/script>\n<!-- \/ Yoast SEO plugin. -->","yoast_head_json":{"title":"FOREVER YOUNG Moisture Fusion Serum 30ml CHR326 - Christinakosmeetika","robots":{"index":"index","follow":"follow","max-snippet":"max-snippet:-1","max-image-preview":"max-image-preview:large","max-video-preview":"max-video-preview:-1"},"canonical":"https:\/\/christinakosmeetika.ee\/product\/forever-young-moisture-fusion-serum\/","og_locale":"et_EE","og_type":"article","og_title":"FOREVER YOUNG Moisture Fusion Serum 30ml CHR326 - Christinakosmeetika","og_description":"Seerum naha intensiivseks niisutamiseks","og_url":"https:\/\/christinakosmeetika.ee\/product\/forever-young-moisture-fusion-serum\/","og_site_name":"Christinakosmeetika","article_modified_time":"2026-04-14T19:28:53+00:00","og_image":[{"width":450,"height":450,"url":"https:\/\/christinakosmeetika.ee\/wp-content\/uploads\/2021\/05\/Moisture-Fusion-Serum-450.jpg","type":"image\/jpeg"}],"twitter_card":"summary_large_image","twitter_misc":{"Est. reading time":"2 minutit"},"schema":{"@context":"https:\/\/schema.org","@graph":[{"@type":"WebPage","@id":"https:\/\/christinakosmeetika.ee\/product\/forever-young-moisture-fusion-serum\/","url":"https:\/\/christinakosmeetika.ee\/product\/forever-young-moisture-fusion-serum\/","name":"FOREVER YOUNG Moisture Fusion Serum 30ml CHR326 - Christinakosmeetika","isPartOf":{"@id":"https:\/\/christinakosmeetika.ee\/#website"},"primaryImageOfPage":{"@id":"https:\/\/christinakosmeetika.ee\/product\/forever-young-moisture-fusion-serum\/#primaryimage"},"image":{"@id":"https:\/\/christinakosmeetika.ee\/product\/forever-young-moisture-fusion-serum\/#primaryimage"},"thumbnailUrl":"https:\/\/christinakosmeetika.ee\/wp-content\/uploads\/2021\/05\/Moisture-Fusion-Serum-450.jpg","datePublished":"2021-05-13T09:42:47+00:00","dateModified":"2026-04-14T19:28:53+00:00","breadcrumb":{"@id":"https:\/\/christinakosmeetika.ee\/product\/forever-young-moisture-fusion-serum\/#breadcrumb"},"inLanguage":"et","potentialAction":[{"@type":"ReadAction","target":["https:\/\/christinakosmeetika.ee\/product\/forever-young-moisture-fusion-serum\/"]}]},{"@type":"ImageObject","inLanguage":"et","@id":"https:\/\/christinakosmeetika.ee\/product\/forever-young-moisture-fusion-serum\/#primaryimage","url":"https:\/\/christinakosmeetika.ee\/wp-content\/uploads\/2021\/05\/Moisture-Fusion-Serum-450.jpg","contentUrl":"https:\/\/christinakosmeetika.ee\/wp-content\/uploads\/2021\/05\/Moisture-Fusion-Serum-450.jpg","width":450,"height":450},{"@type":"BreadcrumbList","@id":"https:\/\/christinakosmeetika.ee\/product\/forever-young-moisture-fusion-serum\/#breadcrumb","itemListElement":[{"@type":"ListItem","position":1,"name":"\u0413\u043b\u0430\u0432\u043d\u0430\u044f \u0441\u0442\u0440\u0430\u043d\u0438\u0446\u0430","item":"https:\/\/christinakosmeetika.ee\/et\/"},{"@type":"ListItem","position":2,"name":"Pood","item":"https:\/\/christinakosmeetika.ee\/et\/shop\/"},{"@type":"ListItem","position":3,"name":"FOREVER YOUNG Moisture Fusion Serum 30ml CHR326"}]},{"@type":"WebSite","@id":"https:\/\/christinakosmeetika.ee\/#website","url":"https:\/\/christinakosmeetika.ee\/","name":"Christinakosmeetika","description":"Christina kosmeetika Eestis","alternateName":"Christina kosmeetika Eestis","potentialAction":[{"@type":"SearchAction","target":{"@type":"EntryPoint","urlTemplate":"https:\/\/christinakosmeetika.ee\/?s={search_term_string}"},"query-input":{"@type":"PropertyValueSpecification","valueRequired":true,"valueName":"search_term_string"}}],"inLanguage":"et"}]}},"_links":{"self":[{"href":"https:\/\/christinakosmeetika.ee\/et\/wp-json\/wp\/v2\/product\/1969","targetHints":{"allow":["GET"]}}],"collection":[{"href":"https:\/\/christinakosmeetika.ee\/et\/wp-json\/wp\/v2\/product"}],"about":[{"href":"https:\/\/christinakosmeetika.ee\/et\/wp-json\/wp\/v2\/types\/product"}],"wp:featuredmedia":[{"embeddable":true,"href":"https:\/\/christinakosmeetika.ee\/et\/wp-json\/wp\/v2\/media\/1546"}],"wp:attachment":[{"href":"https:\/\/christinakosmeetika.ee\/et\/wp-json\/wp\/v2\/media?parent=1969"}],"wp:term":[{"taxonomy":"product_brand","embeddable":true,"href":"https:\/\/christinakosmeetika.ee\/et\/wp-json\/wp\/v2\/product_brand?post=1969"},{"taxonomy":"product_cat","embeddable":true,"href":"https:\/\/christinakosmeetika.ee\/et\/wp-json\/wp\/v2\/product_cat?post=1969"},{"taxonomy":"product_tag","embeddable":true,"href":"https:\/\/christinakosmeetika.ee\/et\/wp-json\/wp\/v2\/product_tag?post=1969"}],"curies":[{"name":"wp","href":"https:\/\/api.w.org\/{rel}","templated":true}]}}