{"id":1960,"date":"2021-05-13T10:22:10","date_gmt":"2021-05-13T10:22:10","guid":{"rendered":"http:\/\/christinakosmeetika.ee\/product\/forever-young-smooth-eyes-mask\/"},"modified":"2026-04-14T22:31:08","modified_gmt":"2026-04-14T19:31:08","slug":"forever-young-smooth-eyes-mask-et","status":"publish","type":"product","link":"https:\/\/christinakosmeetika.ee\/et\/toode\/forever-young-smooth-eyes-mask-et\/","title":{"rendered":"FOREVER YOUNG Smooth Eyes Mask 50ml CHR172"},"content":{"rendered":"<section class=\"av_textblock_section \">\n<div class=\"avia_textblock \">\n<section class=\"av_textblock_section \">\n<div class=\"avia_textblock \">\n<p>CHRISTINA Forever Young Smooth Eyes Mask &#8211; kiirhooldus, mille eesm\u00e4rk on intensiivselt niisutada ja noorendada \u00f5rna silma\u00fcmbruse nahka. Selle maski rikkalik koostis k\u00f5rge vitamiinide ja noorendavate peptiidide kontsentratsiooniga aktiivselt stimuleerib naharakkude uuendamise protsesse, v\u00e4hendab kortsude n\u00e4htavust ja takistab nende teket.<\/p>\n<p>Mask tugevdab naha lipiidbarj\u00e4\u00e4ri, aidates sellel paremini vastu seista v\u00e4listele stressiteguritele. See tagab kohest helendavat efekti, muutes naha elastsemaks, siledamaks ja s\u00e4raandvaks. Mask soodustab rakkude uuenemist ja tagab aktiivse niisutamise, v\u00e4hendades efektiivselt kortsude ilmnemist. Samuti parandab see naha toonust, suurendab niiskustaset ja tugevdab selle kaitsefunktsioone. Omades t\u00f5stvat toimet, aitab see v\u00f5idelda vananemise tunnuste vastu ja kaitseb nahka p\u00e4ikesekahjustuste eest.<\/p>\n<\/div>\n<\/section>\n<section class=\"av_textblock_section \">\n<div class=\"avia_textblock \">\n<p><strong>Kasutamine:<\/strong><\/p>\n<p>Kanda \u00fchtlaselt silmade \u00fcmbritsevale piirkonnale 10 minutiks, seej\u00e4rel loputade.<\/p>\n<\/div>\n<\/section>\n<section class=\"av_textblock_section \">\n<div class=\"avia_textblock \">\n<p><strong>Koostis:<\/strong><\/p>\n<p>Deionized Water (Aqua), Propylene Glycol, Glycerin, Titanium Dioxode, Cetyl Alcohol, Isopropyl Palmitate, Squalane, Lanolin Alcohol, PEG-40 Srearate, Sorbitan Stearate, Dipalmitoyl Hydroxyproline, Phenoxyethanol&amp;, Caprylyl Glycol, Sodium Beta-Sitosteryl Sulfure, Dextran &amp;, Acetyl Pentapeptide &#8211; 1, Hexapeptide-3, Dextran&amp;, Tripeptide-1, Chlorphenesin, Retinyl Palmitate, Ascorbic Acid, Linolenic Acid, Biotin, Tocopheryl Acetate<\/p>\n<\/div>\n<\/section>\n<\/div>\n<\/section>\n","protected":false},"excerpt":{"rendered":"<h4>Mask silma kortsude silutamiseks<\/h4>\n","protected":false},"featured_media":4944,"template":"","meta":[],"product_brand":[],"product_cat":[150],"product_tag":[],"class_list":{"0":"post-1960","1":"product","2":"type-product","3":"status-publish","4":"has-post-thumbnail","6":"product_cat-mask-et","7":"product_shipping_class-smart-itella-post","8":"pa_linii-kosmetiki-forever-young-et","9":"pa_reshenie-problem-suhost","10":"pa_reshenie-problem-turse-silmade-all","11":"pa_reshenie-problem-vananemise-margid","12":"pa_tip-kozi-koik-nahatuubid-et","13":"pa_tip-kozi-kombi-et","14":"pa_tip-kozi-kuiv-et","15":"pa_tip-kozi-normaalne-et","16":"pa_tip-kozi-rasvane-et","17":"pa_tip-preparata-mask-et","18":"pa_vremja-primenenija-oine","19":"pa_vremja-primenenija-paevane","21":"first","22":"outofstock","23":"taxable","24":"shipping-taxable","25":"purchasable","26":"product-type-simple"},"yoast_head":"<!-- This site is optimized with the Yoast SEO plugin v27.5 - https:\/\/yoast.com\/product\/yoast-seo-wordpress\/ -->\n<title>FOREVER YOUNG Smooth Eyes Mask 50ml CHR172 - Christinakosmeetika<\/title>\n<meta name=\"description\" content=\"K\u00f5rge vitamiinide ja noorendavate peptiidide kontsentratsiooniga rikastatud mask stimuleerib aktiivselt naha uuenemisprotsesse,\" \/>\n<meta name=\"robots\" content=\"index, follow, max-snippet:-1, max-image-preview:large, max-video-preview:-1\" \/>\n<link rel=\"canonical\" href=\"https:\/\/christinakosmeetika.ee\/product\/forever-young-smooth-eyes-mask\/\" \/>\n<meta property=\"og:locale\" content=\"et_EE\" \/>\n<meta property=\"og:type\" content=\"article\" \/>\n<meta property=\"og:title\" content=\"FOREVER YOUNG Smooth Eyes Mask 50ml CHR172 - Christinakosmeetika\" \/>\n<meta property=\"og:description\" content=\"K\u00f5rge vitamiinide ja noorendavate peptiidide kontsentratsiooniga rikastatud mask stimuleerib aktiivselt naha uuenemisprotsesse,\" \/>\n<meta property=\"og:url\" content=\"https:\/\/christinakosmeetika.ee\/product\/forever-young-smooth-eyes-mask\/\" \/>\n<meta property=\"og:site_name\" content=\"Christinakosmeetika\" \/>\n<meta property=\"article:modified_time\" content=\"2026-04-14T19:31:08+00:00\" \/>\n<meta property=\"og:image\" content=\"https:\/\/christinakosmeetika.ee\/wp-content\/uploads\/2021\/05\/Smooth-Eye-Mask-450.jpg\" \/>\n\t<meta property=\"og:image:width\" content=\"450\" \/>\n\t<meta property=\"og:image:height\" content=\"450\" \/>\n\t<meta property=\"og:image:type\" content=\"image\/jpeg\" \/>\n<meta name=\"twitter:card\" content=\"summary_large_image\" \/>\n<meta name=\"twitter:label1\" content=\"Est. reading time\" \/>\n\t<meta name=\"twitter:data1\" content=\"1 minut\" \/>\n<script type=\"application\/ld+json\" class=\"yoast-schema-graph\">{\"@context\":\"https:\\\/\\\/schema.org\",\"@graph\":[{\"@type\":\"WebPage\",\"@id\":\"https:\\\/\\\/christinakosmeetika.ee\\\/product\\\/forever-young-smooth-eyes-mask\\\/\",\"url\":\"https:\\\/\\\/christinakosmeetika.ee\\\/product\\\/forever-young-smooth-eyes-mask\\\/\",\"name\":\"FOREVER YOUNG Smooth Eyes Mask 50ml CHR172 - Christinakosmeetika\",\"isPartOf\":{\"@id\":\"https:\\\/\\\/christinakosmeetika.ee\\\/#website\"},\"primaryImageOfPage\":{\"@id\":\"https:\\\/\\\/christinakosmeetika.ee\\\/product\\\/forever-young-smooth-eyes-mask\\\/#primaryimage\"},\"image\":{\"@id\":\"https:\\\/\\\/christinakosmeetika.ee\\\/product\\\/forever-young-smooth-eyes-mask\\\/#primaryimage\"},\"thumbnailUrl\":\"https:\\\/\\\/christinakosmeetika.ee\\\/wp-content\\\/uploads\\\/2021\\\/05\\\/Smooth-Eye-Mask-450.jpg\",\"datePublished\":\"2021-05-13T10:22:10+00:00\",\"dateModified\":\"2026-04-14T19:31:08+00:00\",\"description\":\"K\u00f5rge vitamiinide ja noorendavate peptiidide kontsentratsiooniga rikastatud mask stimuleerib aktiivselt naha uuenemisprotsesse,\",\"breadcrumb\":{\"@id\":\"https:\\\/\\\/christinakosmeetika.ee\\\/product\\\/forever-young-smooth-eyes-mask\\\/#breadcrumb\"},\"inLanguage\":\"et\",\"potentialAction\":[{\"@type\":\"ReadAction\",\"target\":[\"https:\\\/\\\/christinakosmeetika.ee\\\/product\\\/forever-young-smooth-eyes-mask\\\/\"]}]},{\"@type\":\"ImageObject\",\"inLanguage\":\"et\",\"@id\":\"https:\\\/\\\/christinakosmeetika.ee\\\/product\\\/forever-young-smooth-eyes-mask\\\/#primaryimage\",\"url\":\"https:\\\/\\\/christinakosmeetika.ee\\\/wp-content\\\/uploads\\\/2021\\\/05\\\/Smooth-Eye-Mask-450.jpg\",\"contentUrl\":\"https:\\\/\\\/christinakosmeetika.ee\\\/wp-content\\\/uploads\\\/2021\\\/05\\\/Smooth-Eye-Mask-450.jpg\",\"width\":450,\"height\":450},{\"@type\":\"BreadcrumbList\",\"@id\":\"https:\\\/\\\/christinakosmeetika.ee\\\/product\\\/forever-young-smooth-eyes-mask\\\/#breadcrumb\",\"itemListElement\":[{\"@type\":\"ListItem\",\"position\":1,\"name\":\"\u0413\u043b\u0430\u0432\u043d\u0430\u044f \u0441\u0442\u0440\u0430\u043d\u0438\u0446\u0430\",\"item\":\"https:\\\/\\\/christinakosmeetika.ee\\\/et\\\/\"},{\"@type\":\"ListItem\",\"position\":2,\"name\":\"Pood\",\"item\":\"https:\\\/\\\/christinakosmeetika.ee\\\/et\\\/shop\\\/\"},{\"@type\":\"ListItem\",\"position\":3,\"name\":\"FOREVER YOUNG Smooth Eyes Mask 50ml CHR172\"}]},{\"@type\":\"WebSite\",\"@id\":\"https:\\\/\\\/christinakosmeetika.ee\\\/#website\",\"url\":\"https:\\\/\\\/christinakosmeetika.ee\\\/\",\"name\":\"Christinakosmeetika\",\"description\":\"Christina kosmeetika Eestis\",\"alternateName\":\"Christina kosmeetika Eestis\",\"potentialAction\":[{\"@type\":\"SearchAction\",\"target\":{\"@type\":\"EntryPoint\",\"urlTemplate\":\"https:\\\/\\\/christinakosmeetika.ee\\\/?s={search_term_string}\"},\"query-input\":{\"@type\":\"PropertyValueSpecification\",\"valueRequired\":true,\"valueName\":\"search_term_string\"}}],\"inLanguage\":\"et\"}]}<\/script>\n<!-- \/ Yoast SEO plugin. -->","yoast_head_json":{"title":"FOREVER YOUNG Smooth Eyes Mask 50ml CHR172 - Christinakosmeetika","description":"K\u00f5rge vitamiinide ja noorendavate peptiidide kontsentratsiooniga rikastatud mask stimuleerib aktiivselt naha uuenemisprotsesse,","robots":{"index":"index","follow":"follow","max-snippet":"max-snippet:-1","max-image-preview":"max-image-preview:large","max-video-preview":"max-video-preview:-1"},"canonical":"https:\/\/christinakosmeetika.ee\/product\/forever-young-smooth-eyes-mask\/","og_locale":"et_EE","og_type":"article","og_title":"FOREVER YOUNG Smooth Eyes Mask 50ml CHR172 - Christinakosmeetika","og_description":"K\u00f5rge vitamiinide ja noorendavate peptiidide kontsentratsiooniga rikastatud mask stimuleerib aktiivselt naha uuenemisprotsesse,","og_url":"https:\/\/christinakosmeetika.ee\/product\/forever-young-smooth-eyes-mask\/","og_site_name":"Christinakosmeetika","article_modified_time":"2026-04-14T19:31:08+00:00","og_image":[{"width":450,"height":450,"url":"https:\/\/christinakosmeetika.ee\/wp-content\/uploads\/2021\/05\/Smooth-Eye-Mask-450.jpg","type":"image\/jpeg"}],"twitter_card":"summary_large_image","twitter_misc":{"Est. reading time":"1 minut"},"schema":{"@context":"https:\/\/schema.org","@graph":[{"@type":"WebPage","@id":"https:\/\/christinakosmeetika.ee\/product\/forever-young-smooth-eyes-mask\/","url":"https:\/\/christinakosmeetika.ee\/product\/forever-young-smooth-eyes-mask\/","name":"FOREVER YOUNG Smooth Eyes Mask 50ml CHR172 - Christinakosmeetika","isPartOf":{"@id":"https:\/\/christinakosmeetika.ee\/#website"},"primaryImageOfPage":{"@id":"https:\/\/christinakosmeetika.ee\/product\/forever-young-smooth-eyes-mask\/#primaryimage"},"image":{"@id":"https:\/\/christinakosmeetika.ee\/product\/forever-young-smooth-eyes-mask\/#primaryimage"},"thumbnailUrl":"https:\/\/christinakosmeetika.ee\/wp-content\/uploads\/2021\/05\/Smooth-Eye-Mask-450.jpg","datePublished":"2021-05-13T10:22:10+00:00","dateModified":"2026-04-14T19:31:08+00:00","description":"K\u00f5rge vitamiinide ja noorendavate peptiidide kontsentratsiooniga rikastatud mask stimuleerib aktiivselt naha uuenemisprotsesse,","breadcrumb":{"@id":"https:\/\/christinakosmeetika.ee\/product\/forever-young-smooth-eyes-mask\/#breadcrumb"},"inLanguage":"et","potentialAction":[{"@type":"ReadAction","target":["https:\/\/christinakosmeetika.ee\/product\/forever-young-smooth-eyes-mask\/"]}]},{"@type":"ImageObject","inLanguage":"et","@id":"https:\/\/christinakosmeetika.ee\/product\/forever-young-smooth-eyes-mask\/#primaryimage","url":"https:\/\/christinakosmeetika.ee\/wp-content\/uploads\/2021\/05\/Smooth-Eye-Mask-450.jpg","contentUrl":"https:\/\/christinakosmeetika.ee\/wp-content\/uploads\/2021\/05\/Smooth-Eye-Mask-450.jpg","width":450,"height":450},{"@type":"BreadcrumbList","@id":"https:\/\/christinakosmeetika.ee\/product\/forever-young-smooth-eyes-mask\/#breadcrumb","itemListElement":[{"@type":"ListItem","position":1,"name":"\u0413\u043b\u0430\u0432\u043d\u0430\u044f \u0441\u0442\u0440\u0430\u043d\u0438\u0446\u0430","item":"https:\/\/christinakosmeetika.ee\/et\/"},{"@type":"ListItem","position":2,"name":"Pood","item":"https:\/\/christinakosmeetika.ee\/et\/shop\/"},{"@type":"ListItem","position":3,"name":"FOREVER YOUNG Smooth Eyes Mask 50ml CHR172"}]},{"@type":"WebSite","@id":"https:\/\/christinakosmeetika.ee\/#website","url":"https:\/\/christinakosmeetika.ee\/","name":"Christinakosmeetika","description":"Christina kosmeetika Eestis","alternateName":"Christina kosmeetika Eestis","potentialAction":[{"@type":"SearchAction","target":{"@type":"EntryPoint","urlTemplate":"https:\/\/christinakosmeetika.ee\/?s={search_term_string}"},"query-input":{"@type":"PropertyValueSpecification","valueRequired":true,"valueName":"search_term_string"}}],"inLanguage":"et"}]}},"_links":{"self":[{"href":"https:\/\/christinakosmeetika.ee\/et\/wp-json\/wp\/v2\/product\/1960","targetHints":{"allow":["GET"]}}],"collection":[{"href":"https:\/\/christinakosmeetika.ee\/et\/wp-json\/wp\/v2\/product"}],"about":[{"href":"https:\/\/christinakosmeetika.ee\/et\/wp-json\/wp\/v2\/types\/product"}],"wp:featuredmedia":[{"embeddable":true,"href":"https:\/\/christinakosmeetika.ee\/et\/wp-json\/wp\/v2\/media\/4944"}],"wp:attachment":[{"href":"https:\/\/christinakosmeetika.ee\/et\/wp-json\/wp\/v2\/media?parent=1960"}],"wp:term":[{"taxonomy":"product_brand","embeddable":true,"href":"https:\/\/christinakosmeetika.ee\/et\/wp-json\/wp\/v2\/product_brand?post=1960"},{"taxonomy":"product_cat","embeddable":true,"href":"https:\/\/christinakosmeetika.ee\/et\/wp-json\/wp\/v2\/product_cat?post=1960"},{"taxonomy":"product_tag","embeddable":true,"href":"https:\/\/christinakosmeetika.ee\/et\/wp-json\/wp\/v2\/product_tag?post=1960"}],"curies":[{"name":"wp","href":"https:\/\/api.w.org\/{rel}","templated":true}]}}