{"id":1957,"date":"2021-05-13T10:43:03","date_gmt":"2021-05-13T10:43:03","guid":{"rendered":"http:\/\/christinakosmeetika.ee\/product\/forever-young-eye-zone-treatment\/"},"modified":"2026-04-15T12:00:16","modified_gmt":"2026-04-15T09:00:16","slug":"gel-dlya-zony-vokrug-glaz-christina-forever-young-eye-zone-treatment-et","status":"publish","type":"product","link":"https:\/\/christinakosmeetika.ee\/et\/toode\/gel-dlya-zony-vokrug-glaz-christina-forever-young-eye-zone-treatment-et\/","title":{"rendered":"FOREVER YOUNG Eye Zone Treatment 30ml CHR171"},"content":{"rendered":"<section class=\"av_textblock_section \">\n<div class=\"avia_textblock \">\n<section class=\"av_textblock_section \">\n<div class=\"avia_textblock \">\n<p>Geel koos vitamiinidega tugevdab kapillaare, ergutab mikrotsirkulatsiooni, ennetab naha vananemist, v\u00e4hendab kortsude ja tumedate ringide ilmingut ning leevendab turset. Niisutab ja kaitseb \u00f5rna silma\u00fcmbruse nahka negatiivsete keskkonnam\u00f5jude eest.<\/p>\n<p>See on kerge geel, mis on rikastatud vitamiinide, antioks\u00fcdantide, taimsete ekstraktide ja niisutavate koostisosadega. See v\u00f5itleb efektiivselt esimeste vananemise tunnustega silmade \u00fcmbruses, s\u00fcgavalt niisutades nahka, v\u00e4hendades turset ning m\u00e4rgatavalt v\u00e4hendades kortsude ja tumedate ringide ilmnemist. Kaitseb \u00f5rna silma\u00fcmbruse nahka negatiivsete keskkonnam\u00f5jude eest. P\u00e4eva jooksul soovitatakse geeli t\u00e4iendada p\u00e4ikesekaitsekreemiga.<\/p>\n<\/div>\n<\/section>\n<section class=\"av_textblock_section \">\n<div class=\"avia_textblock \">\n<p><strong>Kasutamine:<\/strong><\/p>\n<p>Kanda \u00f5hukese kihina \u00a0puhastatud nahale silmade \u00fcmber. Soovitatav kasutada 2 korda p\u00e4evas,see j\u00e4rel kanda silmade \u00fcmbritsevale nahale vastavalt p\u00e4eva- v\u00f5i \u00f6\u00f6kreemi.<b><br \/>\n<\/b><\/p>\n<\/div>\n<\/section>\n<section class=\"av_textblock_section \">\n<div class=\"avia_textblock \">\n<p><strong>Koostis:<\/strong><\/p>\n<p>Deionized water (Aqua), Glycerin, Deionized water (Aqua)&amp;, Glycerin&amp;, SD Alcohol 40&amp;, Rosa Gallica Flower Extract, Citric Acid&amp;, Deionized water (Aqua)&amp;, Glycerin&amp;, Potassium Sorbate&amp;, Sodium Benzoate&amp;, Solanum Lycopersicum (Tomato) Fruit\/Leaf\/Stem<br \/>\nExtract, Deionized water (Aqua)&amp;, Fructose&amp;, Glycine&amp;, Inositol&amp;, Niacinamide&amp;, Sodium Lactate&amp;, Sodium PCA&amp;, Urea, Albizia Julibrissin Bark Extract&amp;, Darutoside&amp;, Glycerin, Carbomer, Caprylyl Glycol&amp;, Phenoxyethanol, Centella Asiatica Extract&amp;, Deionized water (Aqua)&amp;, Propanediol, 1,2-Hexanediol&amp;, Caprylyl Glycol&amp;, Deionized water (Aqua)&amp;, Sodium hyaluronate, Urea, Chlorphenesin, Allantoin<\/p>\n<p><img loading=\"lazy\" decoding=\"async\" class=\"alignnone size-medium wp-image-13383\" src=\"https:\/\/christinakosmeetika.ee\/wp-content\/uploads\/2021\/05\/Forever-Young-Eye-Zone-Treatment--200x300.webp\" alt=\"\" width=\"200\" height=\"300\" srcset=\"https:\/\/christinakosmeetika.ee\/wp-content\/uploads\/2021\/05\/Forever-Young-Eye-Zone-Treatment--200x300.webp 200w, https:\/\/christinakosmeetika.ee\/wp-content\/uploads\/2021\/05\/Forever-Young-Eye-Zone-Treatment--687x1030.webp 687w, https:\/\/christinakosmeetika.ee\/wp-content\/uploads\/2021\/05\/Forever-Young-Eye-Zone-Treatment--768x1152.webp 768w, https:\/\/christinakosmeetika.ee\/wp-content\/uploads\/2021\/05\/Forever-Young-Eye-Zone-Treatment--1000x1500.webp 1000w, https:\/\/christinakosmeetika.ee\/wp-content\/uploads\/2021\/05\/Forever-Young-Eye-Zone-Treatment--470x705.webp 470w, https:\/\/christinakosmeetika.ee\/wp-content\/uploads\/2021\/05\/Forever-Young-Eye-Zone-Treatment--450x675.webp 450w, https:\/\/christinakosmeetika.ee\/wp-content\/uploads\/2021\/05\/Forever-Young-Eye-Zone-Treatment--600x900.webp 600w, https:\/\/christinakosmeetika.ee\/wp-content\/uploads\/2021\/05\/Forever-Young-Eye-Zone-Treatment-.webp 1024w\" sizes=\"auto, (max-width: 200px) 100vw, 200px\" \/><\/p>\n<h3 data-start=\"189\" data-end=\"229\"><a href=\"https:\/\/christinakosmeetika.ee\/et\/geel-silmaumbruse-nahale-forever-young\/\"><strong data-start=\"189\" data-end=\"229\">FOREVER YOUNG Eye Zone Treatment Gel<\/strong><\/a><\/h3>\n<p data-start=\"231\" data-end=\"412\">Isegi hea nahahoolduse korral v\u00f5ib silma\u00fcmbruse nahk n\u00e4ida kuiv, pingul ja v\u00e4sinud. Just see piirkond reageerib esimesena vanusele ja stressile ning vajab eraldi, t\u00e4psemat hooldust.<\/p>\n<p data-start=\"414\" data-end=\"516\">See kerge silmageel aitab niisutada, siluda ja hoida silma\u00fcmbruse naha v\u00e4rske ning hoolitsetud ilmena.<\/p>\n<p data-start=\"518\" data-end=\"583\">\ud83d\udc49 <strong data-start=\"521\" data-end=\"583\">Miks silma\u00fcmbruse hooldus vajab eraldi toodet \u2014 loe edasi.<\/strong><\/p>\n<p data-start=\"585\" data-end=\"598\"><a href=\"https:\/\/christinakosmeetika.ee\/et\/geel-silmaumbruse-nahale-forever-young\/\"><strong><em data-start=\"585\" data-end=\"598\">loe edasi\u2026\u203a<\/em><\/strong><\/a><\/p>\n<\/div>\n<\/section>\n<\/div>\n<\/section>\n<p>&nbsp;<\/p>\n","protected":false},"excerpt":{"rendered":"<h4>K vitamiiniga geel silmadele<\/h4>\n","protected":false},"featured_media":5265,"template":"","meta":[],"product_brand":[],"product_cat":[147],"product_tag":[],"class_list":{"0":"post-1957","1":"product","2":"type-product","3":"status-publish","4":"has-post-thumbnail","6":"product_cat-geel-et","7":"product_shipping_class-smart-itella-post","8":"pa_linii-kosmetiki-forever-young-et","9":"pa_reshenie-problem-suhost","10":"pa_reshenie-problem-tumedad-ringid","11":"pa_reshenie-problem-turse-silmade-all","12":"pa_reshenie-problem-vananemise-margid","13":"pa_tip-kozi-koik-nahatuubid-et","14":"pa_tip-kozi-kombi-et","15":"pa_tip-kozi-kuiv-et","16":"pa_tip-kozi-normaalne-et","17":"pa_tip-kozi-rasvane-et","18":"pa_tip-preparata-geel","19":"pa_vremja-primenenija-oine","20":"pa_vremja-primenenija-paevane","22":"first","23":"instock","24":"taxable","25":"shipping-taxable","26":"purchasable","27":"product-type-simple"},"yoast_head":"<!-- This site is optimized with the Yoast SEO plugin v27.5 - https:\/\/yoast.com\/product\/yoast-seo-wordpress\/ -->\n<title>FOREVER YOUNG Eye Zone Treatment 30ml CHR171 - Christinakosmeetika<\/title>\n<meta name=\"description\" content=\"Eye Zone Treatment tugevdab kapillaare, stimuleerib mikrotsirkulatsiooni, ennetab naha vananemist ja v\u00e4hendab kortsude v\u00e4ljendatust.\" \/>\n<meta name=\"robots\" content=\"index, follow, max-snippet:-1, max-image-preview:large, max-video-preview:-1\" \/>\n<link rel=\"canonical\" href=\"https:\/\/christinakosmeetika.ee\/product\/gel-dlya-zony-vokrug-glaz-christina-forever-young-eye-zone-treatment\/\" \/>\n<meta property=\"og:locale\" content=\"et_EE\" \/>\n<meta property=\"og:type\" content=\"article\" \/>\n<meta property=\"og:title\" content=\"FOREVER YOUNG Eye Zone Treatment 30ml CHR171 - Christinakosmeetika\" \/>\n<meta property=\"og:description\" content=\"Eye Zone Treatment tugevdab kapillaare, stimuleerib mikrotsirkulatsiooni, ennetab naha vananemist ja v\u00e4hendab kortsude v\u00e4ljendatust.\" \/>\n<meta property=\"og:url\" content=\"https:\/\/christinakosmeetika.ee\/product\/gel-dlya-zony-vokrug-glaz-christina-forever-young-eye-zone-treatment\/\" \/>\n<meta property=\"og:site_name\" content=\"Christinakosmeetika\" \/>\n<meta property=\"article:modified_time\" content=\"2026-04-15T09:00:16+00:00\" \/>\n<meta property=\"og:image\" content=\"https:\/\/christinakosmeetika.ee\/wp-content\/uploads\/2021\/05\/Eye-Zone-Treatment-450-2.jpg\" \/>\n\t<meta property=\"og:image:width\" content=\"450\" \/>\n\t<meta property=\"og:image:height\" content=\"450\" \/>\n\t<meta property=\"og:image:type\" content=\"image\/jpeg\" \/>\n<meta name=\"twitter:card\" content=\"summary_large_image\" \/>\n<meta name=\"twitter:label1\" content=\"Est. reading time\" \/>\n\t<meta name=\"twitter:data1\" content=\"2 minutit\" \/>\n<script type=\"application\/ld+json\" class=\"yoast-schema-graph\">{\"@context\":\"https:\\\/\\\/schema.org\",\"@graph\":[{\"@type\":\"WebPage\",\"@id\":\"https:\\\/\\\/christinakosmeetika.ee\\\/product\\\/gel-dlya-zony-vokrug-glaz-christina-forever-young-eye-zone-treatment\\\/\",\"url\":\"https:\\\/\\\/christinakosmeetika.ee\\\/product\\\/gel-dlya-zony-vokrug-glaz-christina-forever-young-eye-zone-treatment\\\/\",\"name\":\"FOREVER YOUNG Eye Zone Treatment 30ml CHR171 - Christinakosmeetika\",\"isPartOf\":{\"@id\":\"https:\\\/\\\/christinakosmeetika.ee\\\/#website\"},\"primaryImageOfPage\":{\"@id\":\"https:\\\/\\\/christinakosmeetika.ee\\\/product\\\/gel-dlya-zony-vokrug-glaz-christina-forever-young-eye-zone-treatment\\\/#primaryimage\"},\"image\":{\"@id\":\"https:\\\/\\\/christinakosmeetika.ee\\\/product\\\/gel-dlya-zony-vokrug-glaz-christina-forever-young-eye-zone-treatment\\\/#primaryimage\"},\"thumbnailUrl\":\"https:\\\/\\\/christinakosmeetika.ee\\\/wp-content\\\/uploads\\\/2021\\\/05\\\/Eye-Zone-Treatment-450-2.jpg\",\"datePublished\":\"2021-05-13T10:43:03+00:00\",\"dateModified\":\"2026-04-15T09:00:16+00:00\",\"description\":\"Eye Zone Treatment tugevdab kapillaare, stimuleerib mikrotsirkulatsiooni, ennetab naha vananemist ja v\u00e4hendab kortsude v\u00e4ljendatust.\",\"breadcrumb\":{\"@id\":\"https:\\\/\\\/christinakosmeetika.ee\\\/product\\\/gel-dlya-zony-vokrug-glaz-christina-forever-young-eye-zone-treatment\\\/#breadcrumb\"},\"inLanguage\":\"et\",\"potentialAction\":[{\"@type\":\"ReadAction\",\"target\":[\"https:\\\/\\\/christinakosmeetika.ee\\\/product\\\/gel-dlya-zony-vokrug-glaz-christina-forever-young-eye-zone-treatment\\\/\"]}]},{\"@type\":\"ImageObject\",\"inLanguage\":\"et\",\"@id\":\"https:\\\/\\\/christinakosmeetika.ee\\\/product\\\/gel-dlya-zony-vokrug-glaz-christina-forever-young-eye-zone-treatment\\\/#primaryimage\",\"url\":\"https:\\\/\\\/christinakosmeetika.ee\\\/wp-content\\\/uploads\\\/2021\\\/05\\\/Eye-Zone-Treatment-450-2.jpg\",\"contentUrl\":\"https:\\\/\\\/christinakosmeetika.ee\\\/wp-content\\\/uploads\\\/2021\\\/05\\\/Eye-Zone-Treatment-450-2.jpg\",\"width\":450,\"height\":450},{\"@type\":\"BreadcrumbList\",\"@id\":\"https:\\\/\\\/christinakosmeetika.ee\\\/product\\\/gel-dlya-zony-vokrug-glaz-christina-forever-young-eye-zone-treatment\\\/#breadcrumb\",\"itemListElement\":[{\"@type\":\"ListItem\",\"position\":1,\"name\":\"\u0413\u043b\u0430\u0432\u043d\u0430\u044f \u0441\u0442\u0440\u0430\u043d\u0438\u0446\u0430\",\"item\":\"https:\\\/\\\/christinakosmeetika.ee\\\/et\\\/\"},{\"@type\":\"ListItem\",\"position\":2,\"name\":\"Pood\",\"item\":\"https:\\\/\\\/christinakosmeetika.ee\\\/et\\\/shop\\\/\"},{\"@type\":\"ListItem\",\"position\":3,\"name\":\"FOREVER YOUNG Eye Zone Treatment 30ml CHR171\"}]},{\"@type\":\"WebSite\",\"@id\":\"https:\\\/\\\/christinakosmeetika.ee\\\/#website\",\"url\":\"https:\\\/\\\/christinakosmeetika.ee\\\/\",\"name\":\"Christinakosmeetika\",\"description\":\"Christina kosmeetika Eestis\",\"alternateName\":\"Christina kosmeetika Eestis\",\"potentialAction\":[{\"@type\":\"SearchAction\",\"target\":{\"@type\":\"EntryPoint\",\"urlTemplate\":\"https:\\\/\\\/christinakosmeetika.ee\\\/?s={search_term_string}\"},\"query-input\":{\"@type\":\"PropertyValueSpecification\",\"valueRequired\":true,\"valueName\":\"search_term_string\"}}],\"inLanguage\":\"et\"}]}<\/script>\n<!-- \/ Yoast SEO plugin. -->","yoast_head_json":{"title":"FOREVER YOUNG Eye Zone Treatment 30ml CHR171 - Christinakosmeetika","description":"Eye Zone Treatment tugevdab kapillaare, stimuleerib mikrotsirkulatsiooni, ennetab naha vananemist ja v\u00e4hendab kortsude v\u00e4ljendatust.","robots":{"index":"index","follow":"follow","max-snippet":"max-snippet:-1","max-image-preview":"max-image-preview:large","max-video-preview":"max-video-preview:-1"},"canonical":"https:\/\/christinakosmeetika.ee\/product\/gel-dlya-zony-vokrug-glaz-christina-forever-young-eye-zone-treatment\/","og_locale":"et_EE","og_type":"article","og_title":"FOREVER YOUNG Eye Zone Treatment 30ml CHR171 - Christinakosmeetika","og_description":"Eye Zone Treatment tugevdab kapillaare, stimuleerib mikrotsirkulatsiooni, ennetab naha vananemist ja v\u00e4hendab kortsude v\u00e4ljendatust.","og_url":"https:\/\/christinakosmeetika.ee\/product\/gel-dlya-zony-vokrug-glaz-christina-forever-young-eye-zone-treatment\/","og_site_name":"Christinakosmeetika","article_modified_time":"2026-04-15T09:00:16+00:00","og_image":[{"width":450,"height":450,"url":"https:\/\/christinakosmeetika.ee\/wp-content\/uploads\/2021\/05\/Eye-Zone-Treatment-450-2.jpg","type":"image\/jpeg"}],"twitter_card":"summary_large_image","twitter_misc":{"Est. reading time":"2 minutit"},"schema":{"@context":"https:\/\/schema.org","@graph":[{"@type":"WebPage","@id":"https:\/\/christinakosmeetika.ee\/product\/gel-dlya-zony-vokrug-glaz-christina-forever-young-eye-zone-treatment\/","url":"https:\/\/christinakosmeetika.ee\/product\/gel-dlya-zony-vokrug-glaz-christina-forever-young-eye-zone-treatment\/","name":"FOREVER YOUNG Eye Zone Treatment 30ml CHR171 - Christinakosmeetika","isPartOf":{"@id":"https:\/\/christinakosmeetika.ee\/#website"},"primaryImageOfPage":{"@id":"https:\/\/christinakosmeetika.ee\/product\/gel-dlya-zony-vokrug-glaz-christina-forever-young-eye-zone-treatment\/#primaryimage"},"image":{"@id":"https:\/\/christinakosmeetika.ee\/product\/gel-dlya-zony-vokrug-glaz-christina-forever-young-eye-zone-treatment\/#primaryimage"},"thumbnailUrl":"https:\/\/christinakosmeetika.ee\/wp-content\/uploads\/2021\/05\/Eye-Zone-Treatment-450-2.jpg","datePublished":"2021-05-13T10:43:03+00:00","dateModified":"2026-04-15T09:00:16+00:00","description":"Eye Zone Treatment tugevdab kapillaare, stimuleerib mikrotsirkulatsiooni, ennetab naha vananemist ja v\u00e4hendab kortsude v\u00e4ljendatust.","breadcrumb":{"@id":"https:\/\/christinakosmeetika.ee\/product\/gel-dlya-zony-vokrug-glaz-christina-forever-young-eye-zone-treatment\/#breadcrumb"},"inLanguage":"et","potentialAction":[{"@type":"ReadAction","target":["https:\/\/christinakosmeetika.ee\/product\/gel-dlya-zony-vokrug-glaz-christina-forever-young-eye-zone-treatment\/"]}]},{"@type":"ImageObject","inLanguage":"et","@id":"https:\/\/christinakosmeetika.ee\/product\/gel-dlya-zony-vokrug-glaz-christina-forever-young-eye-zone-treatment\/#primaryimage","url":"https:\/\/christinakosmeetika.ee\/wp-content\/uploads\/2021\/05\/Eye-Zone-Treatment-450-2.jpg","contentUrl":"https:\/\/christinakosmeetika.ee\/wp-content\/uploads\/2021\/05\/Eye-Zone-Treatment-450-2.jpg","width":450,"height":450},{"@type":"BreadcrumbList","@id":"https:\/\/christinakosmeetika.ee\/product\/gel-dlya-zony-vokrug-glaz-christina-forever-young-eye-zone-treatment\/#breadcrumb","itemListElement":[{"@type":"ListItem","position":1,"name":"\u0413\u043b\u0430\u0432\u043d\u0430\u044f \u0441\u0442\u0440\u0430\u043d\u0438\u0446\u0430","item":"https:\/\/christinakosmeetika.ee\/et\/"},{"@type":"ListItem","position":2,"name":"Pood","item":"https:\/\/christinakosmeetika.ee\/et\/shop\/"},{"@type":"ListItem","position":3,"name":"FOREVER YOUNG Eye Zone Treatment 30ml CHR171"}]},{"@type":"WebSite","@id":"https:\/\/christinakosmeetika.ee\/#website","url":"https:\/\/christinakosmeetika.ee\/","name":"Christinakosmeetika","description":"Christina kosmeetika Eestis","alternateName":"Christina kosmeetika Eestis","potentialAction":[{"@type":"SearchAction","target":{"@type":"EntryPoint","urlTemplate":"https:\/\/christinakosmeetika.ee\/?s={search_term_string}"},"query-input":{"@type":"PropertyValueSpecification","valueRequired":true,"valueName":"search_term_string"}}],"inLanguage":"et"}]}},"_links":{"self":[{"href":"https:\/\/christinakosmeetika.ee\/et\/wp-json\/wp\/v2\/product\/1957","targetHints":{"allow":["GET"]}}],"collection":[{"href":"https:\/\/christinakosmeetika.ee\/et\/wp-json\/wp\/v2\/product"}],"about":[{"href":"https:\/\/christinakosmeetika.ee\/et\/wp-json\/wp\/v2\/types\/product"}],"wp:featuredmedia":[{"embeddable":true,"href":"https:\/\/christinakosmeetika.ee\/et\/wp-json\/wp\/v2\/media\/5265"}],"wp:attachment":[{"href":"https:\/\/christinakosmeetika.ee\/et\/wp-json\/wp\/v2\/media?parent=1957"}],"wp:term":[{"taxonomy":"product_brand","embeddable":true,"href":"https:\/\/christinakosmeetika.ee\/et\/wp-json\/wp\/v2\/product_brand?post=1957"},{"taxonomy":"product_cat","embeddable":true,"href":"https:\/\/christinakosmeetika.ee\/et\/wp-json\/wp\/v2\/product_cat?post=1957"},{"taxonomy":"product_tag","embeddable":true,"href":"https:\/\/christinakosmeetika.ee\/et\/wp-json\/wp\/v2\/product_tag?post=1957"}],"curies":[{"name":"wp","href":"https:\/\/api.w.org\/{rel}","templated":true}]}}