{"id":1954,"date":"2021-05-13T10:53:23","date_gmt":"2021-05-13T10:53:23","guid":{"rendered":"http:\/\/christinakosmeetika.ee\/product\/forever-young-absolute-fix-expression-line-reducing-serum\/"},"modified":"2026-04-15T12:01:12","modified_gmt":"2026-04-15T09:01:12","slug":"forever-young-absolute-fix-serum-et","status":"publish","type":"product","link":"https:\/\/christinakosmeetika.ee\/et\/toode\/forever-young-absolute-fix-serum-et\/","title":{"rendered":"FOREVER YOUNG Absolute Fix Serum 30ml CHR369"},"content":{"rendered":"<section class=\"av_textblock_section \">\n<div class=\"avia_textblock \">\n<p>Mimiliste kortsudevastane seerum &#8220;Absolute Fix&#8221; Christina Forever Young Absolute Fix seerum tagab naha niisutamise, suurendab selle elastsust ja tugevust. See silub ja taastab naha, parandab selle tekstuuri ja suurendab pehmust.<\/p>\n<p>M\u00f5eldud naha noorendamiseks, mimiliste kortsude v\u00e4hendamiseks ja n\u00e4ole noorema ja s\u00e4delevama jume andmiseks. Kontsentreeritud seerum p\u00f5hineb innovaatilisel C-vitamiini stabiliseerimisel, mis silub naha tooni, parandab elastsust, v\u00e4hendab ja ennetab tumedate laikude teket, tugevdab kapillaare ning suurendab naha kohalikku immuunsust.<\/p>\n<p>Absolute Fix seerum sisaldab ka v\u00e4ga efektiivset miorelaksanti peptiidi, mis imiteerib Botoxi toimet. See v\u00e4hendab n\u00e4olihaste aktiivsust ja oluliselt v\u00e4hendab kortsude n\u00e4htavust. Seda saab kasutada toetava ravina koos Botoxi s\u00fcstidega.<\/p>\n<p><strong>Kasutamine:<\/strong><\/p>\n<\/div>\n<\/section>\n<section class=\"av_textblock_section \">\n<div class=\"avia_textblock \">\n<p>Kanda \u00f5hukese kihina puhastatud nahale 2 korda p\u00e4evas. P\u00e4rast seerumi imendumist on soovitatav kanda p\u00e4eva- v\u00f5i \u00f6\u00f6kreem. Seda saab kasutada meigialusena.<\/p>\n<\/div>\n<\/section>\n<section class=\"av_textblock_section \">\n<div class=\"avia_textblock \">\n<p><strong>Koostis:<\/strong><\/p>\n<p>Deionized Water (Aqua), Cetearyl Ethylhexanoate, Cyclopentasiloxane, Glycerin&amp;, Glyceryl Polyacrylate &amp;, Cyclomethicone&amp;, Dimethiconol, Glyceryl Stearate&amp;, PEG-100 Stearate, Butyl PABA, &amp;Acmella Oleracea Extract, Propandiol, Cetyl Alcohol, Cera Alba, Palmitoyl Pentapeptide-3, Butyrospermum Parkii (Shea Butter), Polysilicone 11, Phenoxyethanol&amp;, Caprylyl Glycol, Carbomer, Tromethamine, Chlorphenesin, Acetyl Hexapeptide-3, Disodium EDTA, Tocopheryl Acertate, Retinyl Palmitate, Sodium Ascorbyl Phosphate, Riboflavin&amp;, Niacinamide&amp;, Adenine &amp;, Pyridoxine &amp;, Biotin &amp;, Cyanocobalamin (vitamin B Complex), Hyaluronic Acid<\/p>\n<p><img loading=\"lazy\" decoding=\"async\" class=\"alignnone size-medium wp-image-13264\" src=\"https:\/\/christinakosmeetika.ee\/wp-content\/uploads\/2021\/05\/absolute-200x300.webp\" alt=\"\" width=\"200\" height=\"300\" \/><\/p>\n<h3 data-start=\"148\" data-end=\"194\"><a href=\"https:\/\/christinakosmeetika.ee\/et\/seerum-miimiliste-kortsude-vastu\/\"><strong data-start=\"148\" data-end=\"194\">Christina Forever Young Absolute Fix Serum<\/strong><\/a><\/h3>\n<p data-start=\"196\" data-end=\"323\">Kui miimilised kortsud muutuvad m\u00e4rgatavamaks<br data-start=\"241\" data-end=\"244\" \/>ja nahk kaotab sileduse ning elastsuse, ei piisa enam tavalisest niisutamisest.<\/p>\n<p data-start=\"325\" data-end=\"467\">Sellisel juhul vajab nahk mitte lihtsalt hooldust,<br data-start=\"375\" data-end=\"378\" \/>vaid tuge, mis aitab l\u00f5dvestada pinges piirkondi ja muuta n\u00e4oilmet visuaalselt pehmemaks.<\/p>\n<p data-start=\"469\" data-end=\"518\">\ud83d\udc49 <strong data-start=\"472\" data-end=\"518\">Just selleks on loodud Absolute Fix Serum.<\/strong><\/p>\n<p data-start=\"520\" data-end=\"533\"><a href=\"https:\/\/christinakosmeetika.ee\/et\/seerum-miimiliste-kortsude-vastu\/\"><strong><em data-start=\"520\" data-end=\"533\">loe edasi\u2026\u203a<\/em><\/strong><\/a><\/p>\n<\/div>\n<\/section>\n","protected":false},"excerpt":{"rendered":"<h4>Seerum miimiliste kortsude vastu &#8220;Absolute Fix&#8221;<\/h4>\n","protected":false},"featured_media":1550,"template":"","meta":[],"product_brand":[],"product_cat":[182],"product_tag":[],"class_list":{"0":"post-1954","1":"product","2":"type-product","3":"status-publish","4":"has-post-thumbnail","6":"product_cat-seerum","7":"product_shipping_class-smart-itella-post","8":"pa_linii-kosmetiki-forever-young-et","9":"pa_reshenie-problem-dehudratsioon","10":"pa_reshenie-problem-suhost","11":"pa_reshenie-problem-vananemise-margid","12":"pa_tip-kozi-koik-nahatuubid-et","13":"pa_tip-kozi-kombi-et","14":"pa_tip-kozi-kuiv-et","15":"pa_tip-kozi-normaalne-et","16":"pa_tip-kozi-rasvane-et","17":"pa_tip-preparata-seerum","18":"pa_vremja-primenenija-oine","19":"pa_vremja-primenenija-paevane","21":"first","22":"instock","23":"taxable","24":"shipping-taxable","25":"purchasable","26":"product-type-simple"},"yoast_head":"<!-- This site is optimized with the Yoast SEO plugin v27.5 - https:\/\/yoast.com\/product\/yoast-seo-wordpress\/ -->\n<title>FOREVER YOUNG Absolute Fix Serum 30ml CHR369 - Christinakosmeetika<\/title>\n<meta name=\"description\" content=\"FOREVER YOUNG Absolute Fix seerum \u00fchtlustab nahatooni, parandab elastsust, v\u00e4hendab ja ennetab tumedate laikude teket ning tugevdab kapillaare.\" \/>\n<meta name=\"robots\" content=\"index, follow, max-snippet:-1, max-image-preview:large, max-video-preview:-1\" \/>\n<link rel=\"canonical\" href=\"https:\/\/christinakosmeetika.ee\/product\/forever-young-absolute-fix-serum\/\" \/>\n<meta property=\"og:locale\" content=\"et_EE\" \/>\n<meta property=\"og:type\" content=\"article\" \/>\n<meta property=\"og:title\" content=\"FOREVER YOUNG Absolute Fix Serum 30ml CHR369 - Christinakosmeetika\" \/>\n<meta property=\"og:description\" content=\"FOREVER YOUNG Absolute Fix seerum \u00fchtlustab nahatooni, parandab elastsust, v\u00e4hendab ja ennetab tumedate laikude teket ning tugevdab kapillaare.\" \/>\n<meta property=\"og:url\" content=\"https:\/\/christinakosmeetika.ee\/product\/forever-young-absolute-fix-serum\/\" \/>\n<meta property=\"og:site_name\" content=\"Christinakosmeetika\" \/>\n<meta property=\"article:modified_time\" content=\"2026-04-15T09:01:12+00:00\" \/>\n<meta property=\"og:image\" content=\"https:\/\/christinakosmeetika.ee\/wp-content\/uploads\/2021\/05\/Absolute-Fix-450.jpg\" \/>\n\t<meta property=\"og:image:width\" content=\"450\" \/>\n\t<meta property=\"og:image:height\" content=\"450\" \/>\n\t<meta property=\"og:image:type\" content=\"image\/jpeg\" \/>\n<meta name=\"twitter:card\" content=\"summary_large_image\" \/>\n<meta name=\"twitter:label1\" content=\"Est. reading time\" \/>\n\t<meta name=\"twitter:data1\" content=\"2 minutit\" \/>\n<script type=\"application\/ld+json\" class=\"yoast-schema-graph\">{\"@context\":\"https:\\\/\\\/schema.org\",\"@graph\":[{\"@type\":\"WebPage\",\"@id\":\"https:\\\/\\\/christinakosmeetika.ee\\\/product\\\/forever-young-absolute-fix-serum\\\/\",\"url\":\"https:\\\/\\\/christinakosmeetika.ee\\\/product\\\/forever-young-absolute-fix-serum\\\/\",\"name\":\"FOREVER YOUNG Absolute Fix Serum 30ml CHR369 - Christinakosmeetika\",\"isPartOf\":{\"@id\":\"https:\\\/\\\/christinakosmeetika.ee\\\/#website\"},\"primaryImageOfPage\":{\"@id\":\"https:\\\/\\\/christinakosmeetika.ee\\\/product\\\/forever-young-absolute-fix-serum\\\/#primaryimage\"},\"image\":{\"@id\":\"https:\\\/\\\/christinakosmeetika.ee\\\/product\\\/forever-young-absolute-fix-serum\\\/#primaryimage\"},\"thumbnailUrl\":\"https:\\\/\\\/christinakosmeetika.ee\\\/wp-content\\\/uploads\\\/2021\\\/05\\\/Absolute-Fix-450.jpg\",\"datePublished\":\"2021-05-13T10:53:23+00:00\",\"dateModified\":\"2026-04-15T09:01:12+00:00\",\"description\":\"FOREVER YOUNG Absolute Fix seerum \u00fchtlustab nahatooni, parandab elastsust, v\u00e4hendab ja ennetab tumedate laikude teket ning tugevdab kapillaare.\",\"breadcrumb\":{\"@id\":\"https:\\\/\\\/christinakosmeetika.ee\\\/product\\\/forever-young-absolute-fix-serum\\\/#breadcrumb\"},\"inLanguage\":\"et\",\"potentialAction\":[{\"@type\":\"ReadAction\",\"target\":[\"https:\\\/\\\/christinakosmeetika.ee\\\/product\\\/forever-young-absolute-fix-serum\\\/\"]}]},{\"@type\":\"ImageObject\",\"inLanguage\":\"et\",\"@id\":\"https:\\\/\\\/christinakosmeetika.ee\\\/product\\\/forever-young-absolute-fix-serum\\\/#primaryimage\",\"url\":\"https:\\\/\\\/christinakosmeetika.ee\\\/wp-content\\\/uploads\\\/2021\\\/05\\\/Absolute-Fix-450.jpg\",\"contentUrl\":\"https:\\\/\\\/christinakosmeetika.ee\\\/wp-content\\\/uploads\\\/2021\\\/05\\\/Absolute-Fix-450.jpg\",\"width\":450,\"height\":450},{\"@type\":\"BreadcrumbList\",\"@id\":\"https:\\\/\\\/christinakosmeetika.ee\\\/product\\\/forever-young-absolute-fix-serum\\\/#breadcrumb\",\"itemListElement\":[{\"@type\":\"ListItem\",\"position\":1,\"name\":\"\u0413\u043b\u0430\u0432\u043d\u0430\u044f \u0441\u0442\u0440\u0430\u043d\u0438\u0446\u0430\",\"item\":\"https:\\\/\\\/christinakosmeetika.ee\\\/et\\\/\"},{\"@type\":\"ListItem\",\"position\":2,\"name\":\"Pood\",\"item\":\"https:\\\/\\\/christinakosmeetika.ee\\\/et\\\/shop\\\/\"},{\"@type\":\"ListItem\",\"position\":3,\"name\":\"FOREVER YOUNG Absolute Fix Serum 30ml CHR369\"}]},{\"@type\":\"WebSite\",\"@id\":\"https:\\\/\\\/christinakosmeetika.ee\\\/#website\",\"url\":\"https:\\\/\\\/christinakosmeetika.ee\\\/\",\"name\":\"Christinakosmeetika\",\"description\":\"Christina kosmeetika Eestis\",\"alternateName\":\"Christina kosmeetika Eestis\",\"potentialAction\":[{\"@type\":\"SearchAction\",\"target\":{\"@type\":\"EntryPoint\",\"urlTemplate\":\"https:\\\/\\\/christinakosmeetika.ee\\\/?s={search_term_string}\"},\"query-input\":{\"@type\":\"PropertyValueSpecification\",\"valueRequired\":true,\"valueName\":\"search_term_string\"}}],\"inLanguage\":\"et\"}]}<\/script>\n<!-- \/ Yoast SEO plugin. -->","yoast_head_json":{"title":"FOREVER YOUNG Absolute Fix Serum 30ml CHR369 - Christinakosmeetika","description":"FOREVER YOUNG Absolute Fix seerum \u00fchtlustab nahatooni, parandab elastsust, v\u00e4hendab ja ennetab tumedate laikude teket ning tugevdab kapillaare.","robots":{"index":"index","follow":"follow","max-snippet":"max-snippet:-1","max-image-preview":"max-image-preview:large","max-video-preview":"max-video-preview:-1"},"canonical":"https:\/\/christinakosmeetika.ee\/product\/forever-young-absolute-fix-serum\/","og_locale":"et_EE","og_type":"article","og_title":"FOREVER YOUNG Absolute Fix Serum 30ml CHR369 - Christinakosmeetika","og_description":"FOREVER YOUNG Absolute Fix seerum \u00fchtlustab nahatooni, parandab elastsust, v\u00e4hendab ja ennetab tumedate laikude teket ning tugevdab kapillaare.","og_url":"https:\/\/christinakosmeetika.ee\/product\/forever-young-absolute-fix-serum\/","og_site_name":"Christinakosmeetika","article_modified_time":"2026-04-15T09:01:12+00:00","og_image":[{"width":450,"height":450,"url":"https:\/\/christinakosmeetika.ee\/wp-content\/uploads\/2021\/05\/Absolute-Fix-450.jpg","type":"image\/jpeg"}],"twitter_card":"summary_large_image","twitter_misc":{"Est. reading time":"2 minutit"},"schema":{"@context":"https:\/\/schema.org","@graph":[{"@type":"WebPage","@id":"https:\/\/christinakosmeetika.ee\/product\/forever-young-absolute-fix-serum\/","url":"https:\/\/christinakosmeetika.ee\/product\/forever-young-absolute-fix-serum\/","name":"FOREVER YOUNG Absolute Fix Serum 30ml CHR369 - Christinakosmeetika","isPartOf":{"@id":"https:\/\/christinakosmeetika.ee\/#website"},"primaryImageOfPage":{"@id":"https:\/\/christinakosmeetika.ee\/product\/forever-young-absolute-fix-serum\/#primaryimage"},"image":{"@id":"https:\/\/christinakosmeetika.ee\/product\/forever-young-absolute-fix-serum\/#primaryimage"},"thumbnailUrl":"https:\/\/christinakosmeetika.ee\/wp-content\/uploads\/2021\/05\/Absolute-Fix-450.jpg","datePublished":"2021-05-13T10:53:23+00:00","dateModified":"2026-04-15T09:01:12+00:00","description":"FOREVER YOUNG Absolute Fix seerum \u00fchtlustab nahatooni, parandab elastsust, v\u00e4hendab ja ennetab tumedate laikude teket ning tugevdab kapillaare.","breadcrumb":{"@id":"https:\/\/christinakosmeetika.ee\/product\/forever-young-absolute-fix-serum\/#breadcrumb"},"inLanguage":"et","potentialAction":[{"@type":"ReadAction","target":["https:\/\/christinakosmeetika.ee\/product\/forever-young-absolute-fix-serum\/"]}]},{"@type":"ImageObject","inLanguage":"et","@id":"https:\/\/christinakosmeetika.ee\/product\/forever-young-absolute-fix-serum\/#primaryimage","url":"https:\/\/christinakosmeetika.ee\/wp-content\/uploads\/2021\/05\/Absolute-Fix-450.jpg","contentUrl":"https:\/\/christinakosmeetika.ee\/wp-content\/uploads\/2021\/05\/Absolute-Fix-450.jpg","width":450,"height":450},{"@type":"BreadcrumbList","@id":"https:\/\/christinakosmeetika.ee\/product\/forever-young-absolute-fix-serum\/#breadcrumb","itemListElement":[{"@type":"ListItem","position":1,"name":"\u0413\u043b\u0430\u0432\u043d\u0430\u044f \u0441\u0442\u0440\u0430\u043d\u0438\u0446\u0430","item":"https:\/\/christinakosmeetika.ee\/et\/"},{"@type":"ListItem","position":2,"name":"Pood","item":"https:\/\/christinakosmeetika.ee\/et\/shop\/"},{"@type":"ListItem","position":3,"name":"FOREVER YOUNG Absolute Fix Serum 30ml CHR369"}]},{"@type":"WebSite","@id":"https:\/\/christinakosmeetika.ee\/#website","url":"https:\/\/christinakosmeetika.ee\/","name":"Christinakosmeetika","description":"Christina kosmeetika Eestis","alternateName":"Christina kosmeetika Eestis","potentialAction":[{"@type":"SearchAction","target":{"@type":"EntryPoint","urlTemplate":"https:\/\/christinakosmeetika.ee\/?s={search_term_string}"},"query-input":{"@type":"PropertyValueSpecification","valueRequired":true,"valueName":"search_term_string"}}],"inLanguage":"et"}]}},"_links":{"self":[{"href":"https:\/\/christinakosmeetika.ee\/et\/wp-json\/wp\/v2\/product\/1954","targetHints":{"allow":["GET"]}}],"collection":[{"href":"https:\/\/christinakosmeetika.ee\/et\/wp-json\/wp\/v2\/product"}],"about":[{"href":"https:\/\/christinakosmeetika.ee\/et\/wp-json\/wp\/v2\/types\/product"}],"wp:featuredmedia":[{"embeddable":true,"href":"https:\/\/christinakosmeetika.ee\/et\/wp-json\/wp\/v2\/media\/1550"}],"wp:attachment":[{"href":"https:\/\/christinakosmeetika.ee\/et\/wp-json\/wp\/v2\/media?parent=1954"}],"wp:term":[{"taxonomy":"product_brand","embeddable":true,"href":"https:\/\/christinakosmeetika.ee\/et\/wp-json\/wp\/v2\/product_brand?post=1954"},{"taxonomy":"product_cat","embeddable":true,"href":"https:\/\/christinakosmeetika.ee\/et\/wp-json\/wp\/v2\/product_cat?post=1954"},{"taxonomy":"product_tag","embeddable":true,"href":"https:\/\/christinakosmeetika.ee\/et\/wp-json\/wp\/v2\/product_tag?post=1954"}],"curies":[{"name":"wp","href":"https:\/\/api.w.org\/{rel}","templated":true}]}}