{"id":1952,"date":"2021-05-13T11:24:08","date_gmt":"2021-05-13T11:24:08","guid":{"rendered":"http:\/\/christinakosmeetika.ee\/product\/forever-young-balancing-toner\/"},"modified":"2026-04-15T12:05:38","modified_gmt":"2026-04-15T09:05:38","slug":"forever-young-balancing-toner-et","status":"publish","type":"product","link":"https:\/\/christinakosmeetika.ee\/et\/toode\/forever-young-balancing-toner-et\/","title":{"rendered":"FOREVER YOUNG Balancing Toner 300ml CHR208"},"content":{"rendered":"<section class=\"av_textblock_section \">\n<div class=\"avia_textblock \">\n<section class=\"av_textblock_section \">\n<div class=\"avia_textblock \">\n<p>CHRISTINA Forever Young Balancing Toner (pH 3,2-3,7), mis sisaldab puuviljahappeid, toimib nahapH taseme alandamise teel ning on efektiivne h\u00fcperkeratoosi ja pigmendiprobleemide lahendamisel. Toonik koorib \u00f5rnalt nahapinnalt kerget kihti, aidates eemaldada \u00fclem\u00e4\u00e4rast melaniini ladestumist ning parandades sarvkihi l\u00e4bitavust.<\/p>\n<p>Balancing Toner pehmendab ja uuendab nahka, stimuleerib mikrotsirkulatsiooni ning aitab \u00fchtlustada jumet. See tagab v\u00e4rskuse ja tasakaalustatud v\u00e4limuse, muutes selle ideaalseks t\u00e4ienduseks k\u00fcpsele kombineeritud v\u00f5i poorsele nahale m\u00f5eldud hooldusprotseduurile.<\/p>\n<\/div>\n<\/section>\n<section class=\"av_textblock_section \">\n<div class=\"avia_textblock \">\n<p><strong>Kasutamine:<\/strong><\/p>\n<p>Kanda toonik vattipadjakesele ja puhastada n\u00e4onahka. Soovitav kasutada \u00fcks kord p\u00e4evas, \u00f5htul. \u00c4rge kasutage silma\u00fcmbritseval piirkonnal.<\/p>\n<\/div>\n<\/section>\n<section class=\"av_textblock_section \">\n<div class=\"avia_textblock \">\n<p><strong>Koostis:<\/strong><\/p>\n<p>Deionized Water(Aqua), Glycolic Acid, Lactic Acid, Quillaja Saponaria Bark Extract, Saponaria Officinalis Leaf Extract, Propylene Glycol, Hexylene Glycol, Hamamelis Virginiana Water, Polysorbate-20, Decyl Glucoside, Fragrance, Sodium Hydroxide, Caprylyl Glycol&amp;, Phenoxyethanol, Chlorphenesin, Blue-1 (CI 42090), D&amp;C Yellow No. 10 (CI 47005), D&amp;C Red No. 33 (CI 17200)<\/p>\n<p><img loading=\"lazy\" decoding=\"async\" class=\"alignnone size-medium wp-image-13354\" src=\"https:\/\/christinakosmeetika.ee\/wp-content\/uploads\/2021\/05\/balancing-toner-200x300.webp\" alt=\"\" width=\"200\" height=\"300\" srcset=\"https:\/\/christinakosmeetika.ee\/wp-content\/uploads\/2021\/05\/balancing-toner-200x300.webp 200w, https:\/\/christinakosmeetika.ee\/wp-content\/uploads\/2021\/05\/balancing-toner-687x1030.webp 687w, https:\/\/christinakosmeetika.ee\/wp-content\/uploads\/2021\/05\/balancing-toner-768x1152.webp 768w, https:\/\/christinakosmeetika.ee\/wp-content\/uploads\/2021\/05\/balancing-toner-1000x1500.webp 1000w, https:\/\/christinakosmeetika.ee\/wp-content\/uploads\/2021\/05\/balancing-toner-470x705.webp 470w, https:\/\/christinakosmeetika.ee\/wp-content\/uploads\/2021\/05\/balancing-toner-450x675.webp 450w, https:\/\/christinakosmeetika.ee\/wp-content\/uploads\/2021\/05\/balancing-toner-600x900.webp 600w, https:\/\/christinakosmeetika.ee\/wp-content\/uploads\/2021\/05\/balancing-toner.webp 1024w\" sizes=\"auto, (max-width: 200px) 100vw, 200px\" \/><\/p>\n<h3 data-start=\"206\" data-end=\"239\"><a href=\"https:\/\/christinakosmeetika.ee\/et\/naotoonik-hapetega-forever-young\/\"><strong data-start=\"206\" data-end=\"239\">FOREVER YOUNG Balancing Toner<\/strong><\/a><\/h3>\n<p data-start=\"241\" data-end=\"381\">M\u00f5nikord n\u00e4eb nahk hooldatud v\u00e4lja, kuid tundub siiski tuhm ja eba\u00fchtlane,<br data-start=\"315\" data-end=\"318\" \/>ning seerumid ja kreemid ei anna enam sama tulemust nagu varem.<\/p>\n<p data-start=\"383\" data-end=\"603\">Sageli ei ole probleem hoolduses, vaid naha aeglustunud uuenemises.<br data-start=\"450\" data-end=\"453\" \/>Gl\u00fckool- ja piimhapetega toonik aitab nahapinda \u00f5rnalt uuendada, \u00fchtlustada tekstuuri ja parandada naha vastuv\u00f5tlikkust vananemisvastasele hooldusele.<\/p>\n<p data-start=\"605\" data-end=\"682\">\ud83d\udc49 <strong data-start=\"608\" data-end=\"682\">Miks see toonik v\u00f5ib naha seisundit m\u00e4rgatavalt parandada \u2014 loe edasi.<\/strong><\/p>\n<p data-start=\"684\" data-end=\"702\"><a href=\"https:\/\/christinakosmeetika.ee\/et\/naotoonik-hapetega-forever-young\/\"><strong><em data-start=\"684\" data-end=\"702\">vaata l\u00e4hemalt\u2026\u203a<\/em><\/strong><\/a><\/p>\n<\/div>\n<\/section>\n<\/div>\n<\/section>\n","protected":false},"excerpt":{"rendered":"<h4>N\u00e4otonic koos hapetega tasakaalustamiseks<\/h4>\n","protected":false},"featured_media":5257,"template":"","meta":[],"product_brand":[],"product_cat":[185],"product_tag":[],"class_list":{"0":"post-1952","1":"product","2":"type-product","3":"status-publish","4":"has-post-thumbnail","6":"product_cat-toonik","7":"product_shipping_class-smart-itella-post","8":"pa_linii-kosmetiki-forever-young-et","9":"pa_reshenie-problem-laienenud-poorid","10":"pa_reshenie-problem-saastunud-nahk","11":"pa_reshenie-problem-vananemise-margid","12":"pa_tip-kozi-kombi-et","13":"pa_tip-kozi-rasvane-et","14":"pa_tip-preparata-toonik","15":"pa_vremja-primenenija-oine","16":"pa_vremja-primenenija-paevane","18":"first","19":"instock","20":"taxable","21":"shipping-taxable","22":"purchasable","23":"product-type-simple"},"yoast_head":"<!-- This site is optimized with the Yoast SEO plugin v27.5 - https:\/\/yoast.com\/product\/yoast-seo-wordpress\/ -->\n<title>FOREVER YOUNG Balancing Toner 300ml CHR208 - Christinakosmeetika<\/title>\n<meta name=\"description\" content=\"toimib naha pH-taseme alandamise kaudu ning on t\u00f5hus h\u00fcperkeratoosi ja pigmentatsiooniprobleemide lahendamisel. Toonik koorib \u00f5rnalt naha pindmist kihti.\" \/>\n<meta name=\"robots\" content=\"index, follow, max-snippet:-1, max-image-preview:large, max-video-preview:-1\" \/>\n<link rel=\"canonical\" href=\"https:\/\/christinakosmeetika.ee\/product\/forever-young-balancing-toner\/\" \/>\n<meta property=\"og:locale\" content=\"et_EE\" \/>\n<meta property=\"og:type\" content=\"article\" \/>\n<meta property=\"og:title\" content=\"FOREVER YOUNG Balancing Toner 300ml CHR208 - Christinakosmeetika\" \/>\n<meta property=\"og:description\" content=\"toimib naha pH-taseme alandamise kaudu ning on t\u00f5hus h\u00fcperkeratoosi ja pigmentatsiooniprobleemide lahendamisel. Toonik koorib \u00f5rnalt naha pindmist kihti.\" \/>\n<meta property=\"og:url\" content=\"https:\/\/christinakosmeetika.ee\/product\/forever-young-balancing-toner\/\" \/>\n<meta property=\"og:site_name\" content=\"Christinakosmeetika\" \/>\n<meta property=\"article:modified_time\" content=\"2026-04-15T09:05:38+00:00\" \/>\n<meta property=\"og:image\" content=\"https:\/\/christinakosmeetika.ee\/wp-content\/uploads\/2021\/05\/Balancing-Toner-450-1.jpg\" \/>\n\t<meta property=\"og:image:width\" content=\"450\" \/>\n\t<meta property=\"og:image:height\" content=\"450\" \/>\n\t<meta property=\"og:image:type\" content=\"image\/jpeg\" \/>\n<meta name=\"twitter:card\" content=\"summary_large_image\" \/>\n<meta name=\"twitter:label1\" content=\"Est. reading time\" \/>\n\t<meta name=\"twitter:data1\" content=\"2 minutit\" \/>\n<script type=\"application\/ld+json\" class=\"yoast-schema-graph\">{\"@context\":\"https:\\\/\\\/schema.org\",\"@graph\":[{\"@type\":\"WebPage\",\"@id\":\"https:\\\/\\\/christinakosmeetika.ee\\\/product\\\/forever-young-balancing-toner\\\/\",\"url\":\"https:\\\/\\\/christinakosmeetika.ee\\\/product\\\/forever-young-balancing-toner\\\/\",\"name\":\"FOREVER YOUNG Balancing Toner 300ml CHR208 - Christinakosmeetika\",\"isPartOf\":{\"@id\":\"https:\\\/\\\/christinakosmeetika.ee\\\/#website\"},\"primaryImageOfPage\":{\"@id\":\"https:\\\/\\\/christinakosmeetika.ee\\\/product\\\/forever-young-balancing-toner\\\/#primaryimage\"},\"image\":{\"@id\":\"https:\\\/\\\/christinakosmeetika.ee\\\/product\\\/forever-young-balancing-toner\\\/#primaryimage\"},\"thumbnailUrl\":\"https:\\\/\\\/christinakosmeetika.ee\\\/wp-content\\\/uploads\\\/2021\\\/05\\\/Balancing-Toner-450-1.jpg\",\"datePublished\":\"2021-05-13T11:24:08+00:00\",\"dateModified\":\"2026-04-15T09:05:38+00:00\",\"description\":\"toimib naha pH-taseme alandamise kaudu ning on t\u00f5hus h\u00fcperkeratoosi ja pigmentatsiooniprobleemide lahendamisel. Toonik koorib \u00f5rnalt naha pindmist kihti.\",\"breadcrumb\":{\"@id\":\"https:\\\/\\\/christinakosmeetika.ee\\\/product\\\/forever-young-balancing-toner\\\/#breadcrumb\"},\"inLanguage\":\"et\",\"potentialAction\":[{\"@type\":\"ReadAction\",\"target\":[\"https:\\\/\\\/christinakosmeetika.ee\\\/product\\\/forever-young-balancing-toner\\\/\"]}]},{\"@type\":\"ImageObject\",\"inLanguage\":\"et\",\"@id\":\"https:\\\/\\\/christinakosmeetika.ee\\\/product\\\/forever-young-balancing-toner\\\/#primaryimage\",\"url\":\"https:\\\/\\\/christinakosmeetika.ee\\\/wp-content\\\/uploads\\\/2021\\\/05\\\/Balancing-Toner-450-1.jpg\",\"contentUrl\":\"https:\\\/\\\/christinakosmeetika.ee\\\/wp-content\\\/uploads\\\/2021\\\/05\\\/Balancing-Toner-450-1.jpg\",\"width\":450,\"height\":450},{\"@type\":\"BreadcrumbList\",\"@id\":\"https:\\\/\\\/christinakosmeetika.ee\\\/product\\\/forever-young-balancing-toner\\\/#breadcrumb\",\"itemListElement\":[{\"@type\":\"ListItem\",\"position\":1,\"name\":\"\u0413\u043b\u0430\u0432\u043d\u0430\u044f \u0441\u0442\u0440\u0430\u043d\u0438\u0446\u0430\",\"item\":\"https:\\\/\\\/christinakosmeetika.ee\\\/et\\\/\"},{\"@type\":\"ListItem\",\"position\":2,\"name\":\"Pood\",\"item\":\"https:\\\/\\\/christinakosmeetika.ee\\\/et\\\/shop\\\/\"},{\"@type\":\"ListItem\",\"position\":3,\"name\":\"FOREVER YOUNG Balancing Toner 300ml CHR208\"}]},{\"@type\":\"WebSite\",\"@id\":\"https:\\\/\\\/christinakosmeetika.ee\\\/#website\",\"url\":\"https:\\\/\\\/christinakosmeetika.ee\\\/\",\"name\":\"Christinakosmeetika\",\"description\":\"Christina kosmeetika Eestis\",\"alternateName\":\"Christina kosmeetika Eestis\",\"potentialAction\":[{\"@type\":\"SearchAction\",\"target\":{\"@type\":\"EntryPoint\",\"urlTemplate\":\"https:\\\/\\\/christinakosmeetika.ee\\\/?s={search_term_string}\"},\"query-input\":{\"@type\":\"PropertyValueSpecification\",\"valueRequired\":true,\"valueName\":\"search_term_string\"}}],\"inLanguage\":\"et\"}]}<\/script>\n<!-- \/ Yoast SEO plugin. -->","yoast_head_json":{"title":"FOREVER YOUNG Balancing Toner 300ml CHR208 - Christinakosmeetika","description":"toimib naha pH-taseme alandamise kaudu ning on t\u00f5hus h\u00fcperkeratoosi ja pigmentatsiooniprobleemide lahendamisel. Toonik koorib \u00f5rnalt naha pindmist kihti.","robots":{"index":"index","follow":"follow","max-snippet":"max-snippet:-1","max-image-preview":"max-image-preview:large","max-video-preview":"max-video-preview:-1"},"canonical":"https:\/\/christinakosmeetika.ee\/product\/forever-young-balancing-toner\/","og_locale":"et_EE","og_type":"article","og_title":"FOREVER YOUNG Balancing Toner 300ml CHR208 - Christinakosmeetika","og_description":"toimib naha pH-taseme alandamise kaudu ning on t\u00f5hus h\u00fcperkeratoosi ja pigmentatsiooniprobleemide lahendamisel. Toonik koorib \u00f5rnalt naha pindmist kihti.","og_url":"https:\/\/christinakosmeetika.ee\/product\/forever-young-balancing-toner\/","og_site_name":"Christinakosmeetika","article_modified_time":"2026-04-15T09:05:38+00:00","og_image":[{"width":450,"height":450,"url":"https:\/\/christinakosmeetika.ee\/wp-content\/uploads\/2021\/05\/Balancing-Toner-450-1.jpg","type":"image\/jpeg"}],"twitter_card":"summary_large_image","twitter_misc":{"Est. reading time":"2 minutit"},"schema":{"@context":"https:\/\/schema.org","@graph":[{"@type":"WebPage","@id":"https:\/\/christinakosmeetika.ee\/product\/forever-young-balancing-toner\/","url":"https:\/\/christinakosmeetika.ee\/product\/forever-young-balancing-toner\/","name":"FOREVER YOUNG Balancing Toner 300ml CHR208 - Christinakosmeetika","isPartOf":{"@id":"https:\/\/christinakosmeetika.ee\/#website"},"primaryImageOfPage":{"@id":"https:\/\/christinakosmeetika.ee\/product\/forever-young-balancing-toner\/#primaryimage"},"image":{"@id":"https:\/\/christinakosmeetika.ee\/product\/forever-young-balancing-toner\/#primaryimage"},"thumbnailUrl":"https:\/\/christinakosmeetika.ee\/wp-content\/uploads\/2021\/05\/Balancing-Toner-450-1.jpg","datePublished":"2021-05-13T11:24:08+00:00","dateModified":"2026-04-15T09:05:38+00:00","description":"toimib naha pH-taseme alandamise kaudu ning on t\u00f5hus h\u00fcperkeratoosi ja pigmentatsiooniprobleemide lahendamisel. Toonik koorib \u00f5rnalt naha pindmist kihti.","breadcrumb":{"@id":"https:\/\/christinakosmeetika.ee\/product\/forever-young-balancing-toner\/#breadcrumb"},"inLanguage":"et","potentialAction":[{"@type":"ReadAction","target":["https:\/\/christinakosmeetika.ee\/product\/forever-young-balancing-toner\/"]}]},{"@type":"ImageObject","inLanguage":"et","@id":"https:\/\/christinakosmeetika.ee\/product\/forever-young-balancing-toner\/#primaryimage","url":"https:\/\/christinakosmeetika.ee\/wp-content\/uploads\/2021\/05\/Balancing-Toner-450-1.jpg","contentUrl":"https:\/\/christinakosmeetika.ee\/wp-content\/uploads\/2021\/05\/Balancing-Toner-450-1.jpg","width":450,"height":450},{"@type":"BreadcrumbList","@id":"https:\/\/christinakosmeetika.ee\/product\/forever-young-balancing-toner\/#breadcrumb","itemListElement":[{"@type":"ListItem","position":1,"name":"\u0413\u043b\u0430\u0432\u043d\u0430\u044f \u0441\u0442\u0440\u0430\u043d\u0438\u0446\u0430","item":"https:\/\/christinakosmeetika.ee\/et\/"},{"@type":"ListItem","position":2,"name":"Pood","item":"https:\/\/christinakosmeetika.ee\/et\/shop\/"},{"@type":"ListItem","position":3,"name":"FOREVER YOUNG Balancing Toner 300ml CHR208"}]},{"@type":"WebSite","@id":"https:\/\/christinakosmeetika.ee\/#website","url":"https:\/\/christinakosmeetika.ee\/","name":"Christinakosmeetika","description":"Christina kosmeetika Eestis","alternateName":"Christina kosmeetika Eestis","potentialAction":[{"@type":"SearchAction","target":{"@type":"EntryPoint","urlTemplate":"https:\/\/christinakosmeetika.ee\/?s={search_term_string}"},"query-input":{"@type":"PropertyValueSpecification","valueRequired":true,"valueName":"search_term_string"}}],"inLanguage":"et"}]}},"_links":{"self":[{"href":"https:\/\/christinakosmeetika.ee\/et\/wp-json\/wp\/v2\/product\/1952","targetHints":{"allow":["GET"]}}],"collection":[{"href":"https:\/\/christinakosmeetika.ee\/et\/wp-json\/wp\/v2\/product"}],"about":[{"href":"https:\/\/christinakosmeetika.ee\/et\/wp-json\/wp\/v2\/types\/product"}],"wp:featuredmedia":[{"embeddable":true,"href":"https:\/\/christinakosmeetika.ee\/et\/wp-json\/wp\/v2\/media\/5257"}],"wp:attachment":[{"href":"https:\/\/christinakosmeetika.ee\/et\/wp-json\/wp\/v2\/media?parent=1952"}],"wp:term":[{"taxonomy":"product_brand","embeddable":true,"href":"https:\/\/christinakosmeetika.ee\/et\/wp-json\/wp\/v2\/product_brand?post=1952"},{"taxonomy":"product_cat","embeddable":true,"href":"https:\/\/christinakosmeetika.ee\/et\/wp-json\/wp\/v2\/product_cat?post=1952"},{"taxonomy":"product_tag","embeddable":true,"href":"https:\/\/christinakosmeetika.ee\/et\/wp-json\/wp\/v2\/product_tag?post=1952"}],"curies":[{"name":"wp","href":"https:\/\/api.w.org\/{rel}","templated":true}]}}